{"id":6725,"date":"2026-05-11T03:55:42","date_gmt":"2026-05-11T03:55:42","guid":{"rendered":"https:\/\/vapehosale.com\/?post_type=product&#038;p=6725"},"modified":"2026-05-11T09:36:42","modified_gmt":"2026-05-11T09:36:42","slug":"vapme-digital-box-50000-puffs-disposable-vape","status":"publish","type":"product","link":"https:\/\/vapehosale.com\/sv\/product\/vapme-digital-box-50000-puffs-disposable-vape\/","title":{"rendered":"Vapme Digital Box 50K Puffar Eng\u00e5ngs Vape"},"content":{"rendered":"<h2>Pressa gr\u00e4nserna: Upp till 50000 puffar av o\u00f6vertr\u00e4ffad prestanda<\/h2>\n<p data-start=\"117\" data-end=\"386\">Vapme Digital Box 50K Puffs \u00e4r mer \u00e4n bara en eng\u00e5ngs vape. Den representerar en ny standard f\u00f6r ultra-l\u00e5ngvarig vapingprestanda. Utrustad med ett avancerat e-v\u00e4tskekontrollsystem levererar denna h\u00f6gkapacitetsenhet upp till 50 000 j\u00e4mna och smakrika puffar.<\/p>\n<p data-start=\"388\" data-end=\"584\">Oavsett om du reser, pendlar eller anv\u00e4nder Vapme Digital Box 50K Vape under hela dagen, \u00e4r Vapme Digital Box 50K designad f\u00f6r att h\u00e5lla i veckor eller till och med m\u00e5nader, vilket eliminerar behovet av frekventa byten.<br \/>\n<img decoding=\"async\" class=\"alignnone size-full wp-image-6723\" src=\"https:\/\/vapehosale.com\/wp-content\/uploads\/2026\/05\/Best-Vapme-Digital-Box-50k-flavors-list.webp\" alt=\"B\u00e4sta Vapme Digital Box 50k smaker lista\" width=\"1000\" height=\"666\" srcset=\"https:\/\/vapehosale.com\/wp-content\/uploads\/2026\/05\/Best-Vapme-Digital-Box-50k-flavors-list.webp 1000w, https:\/\/vapehosale.com\/wp-content\/uploads\/2026\/05\/Best-Vapme-Digital-Box-50k-flavors-list-300x200.webp 300w, https:\/\/vapehosale.com\/wp-content\/uploads\/2026\/05\/Best-Vapme-Digital-Box-50k-flavors-list-768x511.webp 768w, https:\/\/vapehosale.com\/wp-content\/uploads\/2026\/05\/Best-Vapme-Digital-Box-50k-flavors-list-18x12.webp 18w, https:\/\/vapehosale.com\/wp-content\/uploads\/2026\/05\/Best-Vapme-Digital-Box-50k-flavors-list-600x400.webp 600w\" sizes=\"(max-width: 1000px) 100vw, 1000px\" \/><\/p>\n<h3 data-start=\"388\" data-end=\"584\">vapme digital box 50k Tekniska Specifikationer<\/h3>\n<table>\n<thead>\n<tr>\n<th>Specifikation<\/th>\n<th>Detaljer<\/th>\n<\/tr>\n<\/thead>\n<tbody>\n<tr>\n<td>M\u00e4rke<\/td>\n<td>Vapme<\/td>\n<\/tr>\n<tr>\n<td>Modell<\/td>\n<td>Digital Box 50000<\/td>\n<\/tr>\n<tr>\n<td>Antal Puffar<\/td>\n<td>Upp till 50 000 puffar<\/td>\n<\/tr>\n<tr>\n<td>Nikotinstyrka<\/td>\n<td>\u00a02%, 5% nikotinsalt<\/td>\n<\/tr>\n<tr>\n<td>E-v\u00e4tskekapacitet<\/td>\n<td>Stor f\u00f6rfylld e-v\u00e4tskebeh\u00e5llare<\/td>\n<\/tr>\n<tr>\n<td>Batterikapacitet<\/td>\n<td>650mAh ren kobolt uppladdningsbart batteri<\/td>\n<\/tr>\n<tr>\n<td>Laddningsport<\/td>\n<td>USB Type-C snabbladdning<\/td>\n<\/tr>\n<tr>\n<td>Spoltyp<\/td>\n<td>1.0\u03a9 dubbel mesh coil<\/td>\n<\/tr>\n<tr>\n<td>Display<\/td>\n<td>LED digital sk\u00e4rm<\/td>\n<\/tr>\n<tr>\n<td>Vejpstil<\/td>\n<td>MTL (Munstycke till Lung)<\/td>\n<\/tr>\n<\/tbody>\n<\/table>\n<h3>Vapme Digital Box 50K Puffs Smaklista<\/h3>\n<p>1. Bl\u00e5b\u00e4r Hallon Is<br \/>\n2. K\u00f6rsb\u00e4r Is<br \/>\n3. Kiwi passionsfrukt guava<br \/>\n4. Jordgubbsglass<br \/>\n5. Jordgubb &amp; Kiwi<br \/>\n6. Jordgubbs Red Bull<br \/>\n7.Jordgubb, vattenmelon<br \/>\n8.Vattenmelon Is<br \/>\n9. Saftig persika is<br \/>\n10. K\u00e4rlek 66<br \/>\n11. Persika mango ananas<br \/>\n12. Bl\u00e5 hallon lemonad<br \/>\n13.K\u00f6rsb\u00e4r cola<br \/>\n14. Tropisk fruktpunsch<br \/>\n15. Trippel melon is<br \/>\n16. Jordgubb banan milkshake<br \/>\n17. Herr bl\u00e5<br \/>\n18. Jordgubbs-hallon godis<br \/>\n19. Vattenmelon kiwi is<br \/>\n20. Bl\u00e5b\u00e4r tranb\u00e4r k\u00f6rsb\u00e4r<\/p>\n<h3><a href=\"https:\/\/vapehosale.com\/sv\/product-category\/vapme-vape\/\"><strong class=\"Yjhzub\" data-sfc-root=\"c\" data-sfc-cb=\"\" data-complete=\"true\">Vapme eng\u00e5ngs vape grossist <\/strong><\/a>Grossistkontakt<\/h3>\n<p>\u2709\ufe0f E-post: vicky@essenvape.com<br \/>\n\ud83d\udcde Whatsapp\/Telefonnummer: <a href=\"https:\/\/wa.me\/8618077105750\">+8618077105750<\/a><br \/>\n\ud83d\udd58 Arbetstid: 09:00 \u2013 18:00<br \/>\n\ud83d\udccd Plats: Shenzhen<\/p>\n<p>\u2705Grossister och \u00e5terf\u00f6rs\u00e4ljare \u00e4r v\u00e4lkomna att anpassa best\u00e4llningar<br \/>\n\u2705Tillhandah\u00e5ller produkter av h\u00f6gsta kvalitet och den mest professionella servicen.<\/p>\n<p><img decoding=\"async\" class=\"alignnone size-full wp-image-2638\" src=\"https:\/\/vapehosale.com\/wp-content\/uploads\/2023\/09\/885301ea6f5e0b91f5ab2b1c85e665c.png\" alt=\"RandM Fabrik\" width=\"670\" height=\"658\" srcset=\"https:\/\/vapehosale.com\/wp-content\/uploads\/2023\/09\/885301ea6f5e0b91f5ab2b1c85e665c.png 670w, https:\/\/vapehosale.com\/wp-content\/uploads\/2023\/09\/885301ea6f5e0b91f5ab2b1c85e665c-300x295.png 300w, https:\/\/vapehosale.com\/wp-content\/uploads\/2023\/09\/885301ea6f5e0b91f5ab2b1c85e665c-600x589.png 600w\" sizes=\"(max-width: 670px) 100vw, 670px\" \/><\/p>\n<h2 data-start=\"2346\" data-end=\"2384\">Varf\u00f6r v\u00e4lja Vapme 50K Smart Display Vape?<\/h2>\n<ol data-start=\"2386\" data-end=\"2653\">\n<li data-start=\"2386\" data-end=\"2423\">Upp till 50 000 bloss f\u00f6r l\u00e5ngvarig anv\u00e4ndning<\/li>\n<li data-start=\"2424\" data-end=\"2478\">Smart LED-sk\u00e4rm f\u00f6r \u00f6vervakning av batteri och e-v\u00e4tska<\/li>\n<li data-start=\"2479\" data-end=\"2524\">Dubbel mesh-spole f\u00f6r \u00f6verl\u00e4gsen smakupplevelse<\/li>\n<li data-start=\"2525\" data-end=\"2575\">Uppladdningsbart 650mAh batteri med Type-C laddning<\/li>\n<li data-start=\"2576\" data-end=\"2612\">Flera alternativ f\u00f6r nikotinstyrka<\/li>\n<li data-start=\"2613\" data-end=\"2653\">Kompakt design med premiumergonomi<\/li>\n<\/ol>\n<h3><strong>Paketets inneh\u00e5ll:<\/strong><\/h3>\n<p>1 x Solaris 30k puffar eng\u00e5ngsvape Don Leon 1942<\/p>\n<h2 data-start=\"591\" data-end=\"649\">Smart Digital Display: \u00d6vervakning i realtid med en blick<\/h2>\n<p data-start=\"651\" data-end=\"762\">Vapme Box Style 50000 Puffar har en integrerad h\u00f6guppl\u00f6st digital sk\u00e4rm som ger dig full kontroll \u00f6ver din vapeupplevelse genom att visa:<\/p>\n<ol data-start=\"764\" data-end=\"818\">\n<li data-start=\"764\" data-end=\"791\">Procentandel av e-v\u00e4tskeniv\u00e5<\/li>\n<li data-start=\"792\" data-end=\"818\">Procentandel av batteriniv\u00e5<\/li>\n<\/ol>\n<p data-start=\"820\" data-end=\"916\">Med exakt realtidsdata vet du alltid n\u00e4r det \u00e4r dags att ladda eller byta ut din enhet.<\/p>\n<h2 data-start=\"923\" data-end=\"980\">Dual Mesh Coil-teknologi: F\u00f6rb\u00e4ttrad smak-konsistens<\/h2>\n<p data-start=\"982\" data-end=\"1086\">Vapme Dual Mesh 50000 Puffar Vape har ett 1,0\u03a9 dual mesh coil-system som \u00e4r konstruerat f\u00f6r snabb och j\u00e4mn uppv\u00e4rmning.<\/p>\n<p data-start=\"1088\" data-end=\"1219\">J\u00e4mf\u00f6rt med traditionella enkelspoliga konstruktioner \u00f6kar dual mesh-strukturen f\u00f6r\u00e5ngningseffektiviteten med upp till 50\u202f%, vilket resulterar i:<\/p>\n<ol data-start=\"1221\" data-end=\"1358\">\n<li data-start=\"1221\" data-end=\"1248\">Starkare smakintensitet<\/li>\n<li data-start=\"1249\" data-end=\"1276\">Mjukare \u00e5ngproduktion<\/li>\n<li data-start=\"1277\" data-end=\"1306\">Mer konsekvent prestanda<\/li>\n<li data-start=\"1307\" data-end=\"1358\">F\u00f6rb\u00e4ttrad smakbevarande fr\u00e5n f\u00f6rsta till sista puffen<\/li>\n<\/ol>\n<p data-start=\"1360\" data-end=\"1448\">Fr\u00e5n s\u00f6ta fruktblandningar till isiga mentholprofiler f\u00f6rblir varje inandning rik och balanserad.<\/p>\n<h2 data-start=\"1455\" data-end=\"1491\">Ergonomisk och portabel boxdesign<\/h2>\n<p data-start=\"1493\" data-end=\"1598\">Trots sin enorma puffkapacitet beh\u00e5ller Vapme Box Style 50000 Puffar en kompakt och bekv\u00e4m formfaktor.<\/p>\n<p data-start=\"1600\" data-end=\"1628\">Viktiga designf\u00f6rdelar inkluderar:<\/p>\n<ul data-start=\"1630\" data-end=\"1759\">\n<li data-start=\"1630\" data-end=\"1658\">Halkfri texturerad yta<\/li>\n<li data-start=\"1659\" data-end=\"1688\">Bekv\u00e4mt platt munstycke<\/li>\n<li data-start=\"1689\" data-end=\"1716\">Fickv\u00e4nlig boxform<\/li>\n<li data-start=\"1717\" data-end=\"1759\">Optimerad f\u00f6r mun-till-lunga (MTL) vaping<\/li>\n<\/ul>\n<p data-start=\"1761\" data-end=\"1833\">Vapme Smart Display eng\u00e5ngs vape k\u00e4nns s\u00e4ker i handen och bekv\u00e4m vid l\u00e4ngre anv\u00e4ndning.<\/p>\n<p>Kontakta f\u00f6r produktkatalog:<a href=\"https:\/\/wa.me\/8618077105750\">handla nu, kolla in alla grossistpriser<\/a><br \/>\nAndra b\u00e4st s\u00e4ljande vapes du kanske beh\u00f6ver<\/p>\n<p><a href=\"https:\/\/vapehosale.com\/sv\/product-category\/vapme-vape\/\">Vapme vape n\u00e4ra mig\ud83d\udc48\ud83c\udffb<\/a><br \/>\n<a href=\"https:\/\/vapehosale.com\/sv\/product-category\/wholesale-50k-puffs-disposable-vape\/\"><strong class=\"Yjhzub\" data-sfc-root=\"c\" data-sfc-cb=\"\" data-complete=\"true\">Eng\u00e5ngs vape 50000 bloss<\/strong><\/a><\/p>\n<p><a href=\"https:\/\/vapehosale.com\/sv\/product-category\/disposable-vape-in-european-warehouse\/\">F\u00e5 katalog \u00f6ver eng\u00e5ngsvapes fr\u00e5n svenskt lager h\u00e4r\ud83d\udc48\ud83c\udffb<\/a><\/p>\n<h4>leveranstid:<\/h4>\n<p>skickas fr\u00e5n lager i Kina<\/p>\n<p>1.Produktionstid: skickas inom 5 arbetsdagar (efter mottagen betalning)<\/p>\n<p>2.Leveranstid: 10\u201314 dagar (Vid helgdagar och tullkontroll kan leveranstiden f\u00f6rsenas.)<\/p>\n<h4>Betalningsmetoder:<\/h4>\n<p>1.bank\u00f6verf\u00f6ring\/western union\/wise\/revolut\/postepay \u2705<span style=\"color: #ff0000\"><span class=\"x1rg5ohu x16dsc37 x19la9d6 x1fc57z9 x6ikm8r x10wlt62 x19co3pv x11tp94h xw4jnvo x1qx5ct2 xfibh0p xiy17q3 x1xsqp64 x1lkfr7t xexx8yu xyri2b x18d9i69 x1c1uobl\"><span class=\"xrtxmta x1bhl96m\"><br \/>\n<\/span><\/span><\/span><span class=\"x1rg5ohu x16dsc37 x19la9d6 x1fc57z9 x6ikm8r x10wlt62 x19co3pv x11tp94h xw4jnvo x1qx5ct2 xfibh0p xiy17q3 x1xsqp64 x1lkfr7t xexx8yu xyri2b x18d9i69 x1c1uobl\"><span class=\"xrtxmta x1bhl96m\">2.<\/span><\/span><span class=\"x1rg5ohu x16dsc37 x19la9d6 x1fc57z9 x6ikm8r x10wlt62 x19co3pv x11tp94h xw4jnvo x1qx5ct2 xfibh0p xiy17q3 x1xsqp64 x1lkfr7t xexx8yu xyri2b x18d9i69 x1c1uobl\"><span class=\"xrtxmta x1bhl96m\">faktura tillhandah\u00e5lls<br \/>\nproformafaktura\u27a1\ufe0ff\u00f6retagsbankkonto\u27a1\ufe0ffaktureringsuppgifter<br \/>\n3. st\u00f6djer inte <span style=\"color: #ff0000\">kontant vid leverans<\/span> \u00e4n\u274c<br \/>\n<\/span><\/span><\/p>\n<p>Alla produkter i v\u00e5r butik \u00e4r 100% original och autentiska, s\u00e5 tio g\u00e5nger kompensation f\u00f6r falska varor \u00e4r v\u00e5r butikspolicy.<\/p>\n<h5><span style=\"color: #ff0000\">Min best\u00e4llning 50 st<\/span><\/h5>","protected":false},"excerpt":{"rendered":"<p data-start=\"2414\" data-end=\"2672\">Vapme Digital Box 50000 Puffs \u00e4r en eng\u00e5ngs vape med h\u00f6g kapacitet, designad f\u00f6r anv\u00e4ndare som vill ha maximal livsl\u00e4ngd och premiumprestanda. Den har en smart LED-display som visar batteri- och e-v\u00e4tskeniv\u00e5er i realtid, en 1.0\u03a9 dubbel mesh-spole f\u00f6r f\u00f6rb\u00e4ttrad smak och en 650mAh uppladdningsbart batteri med Type-C snabbladdning. Finns tillg\u00e4nglig i 2% och 5% nikotinstyrkor, denna enhet levererar upp till 50 000 puffar i en kompakt och ergonomisk boxdesign.<br \/>\n<span style=\"color: #ff0000\">(webbplatspris inkluderar inte fraktkostnad)<\/span><\/p>\n<p><span style=\"color: #ff0000\">MOQ:50st , kontakta Vicky f\u00f6r vozol grosskatalog nu<\/span><\/p>\n<p><img decoding=\"async\" class=\"alignnone size-medium wp-image-2638\" src=\"https:\/\/vapehosale.com\/wp-content\/uploads\/2023\/09\/885301ea6f5e0b91f5ab2b1c85e665c-300x295.png\" alt=\"RandM Fabrik\" width=\"300\" height=\"295\" srcset=\"https:\/\/vapehosale.com\/wp-content\/uploads\/2023\/09\/885301ea6f5e0b91f5ab2b1c85e665c-300x295.png 300w, https:\/\/vapehosale.com\/wp-content\/uploads\/2023\/09\/885301ea6f5e0b91f5ab2b1c85e665c-600x589.png 600w, https:\/\/vapehosale.com\/wp-content\/uploads\/2023\/09\/885301ea6f5e0b91f5ab2b1c85e665c.png 670w\" sizes=\"(max-width: 300px) 100vw, 300px\" \/><\/p>\n<p>&nbsp;<\/p>","protected":false},"featured_media":6719,"comment_status":"open","ping_status":"closed","template":"","meta":{"_uag_custom_page_level_css":"","_lmt_disableupdate":"no","_lmt_disable":"","site-sidebar-layout":"default","site-content-layout":"","ast-site-content-layout":"default","site-content-style":"default","site-sidebar-style":"default","ast-global-header-display":"","ast-banner-title-visibility":"","ast-main-header-display":"","ast-hfb-above-header-display":"","ast-hfb-below-header-display":"","ast-hfb-mobile-header-display":"","site-post-title":"","ast-breadcrumbs-content":"","ast-featured-img":"","footer-sml-layout":"","theme-transparent-header-meta":"default","adv-header-id-meta":"","stick-header-meta":"","header-above-stick-meta":"","header-main-stick-meta":"","header-below-stick-meta":"","astra-migrate-meta-layouts":"set","_joinchat":[]},"product_cat":[98,41,55,15,137],"product_tag":[35,53],"class_list":["post-6725","product","type-product","status-publish","has-post-thumbnail","hentry","product_cat-wholesale-50k-puffs-disposable-vape","product_cat-europe-hot-sale-vape","product_cat-minimum-order-quantity-50pcs","product_cat-vape-shop-wholesale","product_cat-vapme-vape","product_tag-rechargeable-disposable-device","product_tag-vapme-vape","desktop-align-left","tablet-align-left","mobile-align-left"],"yoast_head":"<!-- This site is optimized with the Yoast SEO plugin v21.1 - https:\/\/yoast.com\/wordpress\/plugins\/seo\/ -->\n<title>Vapme Digital Box 50K Puffs Disposable Vape - Vape Wholesale<\/title>\n<meta name=\"description\" content=\"Buy Vapme Digital Box 50000 Puffs with a smart LED display, dual mesh coil, 650mAh rechargeable battery, and Type-C charging for long-lasting flavor.\" \/>\n<meta name=\"robots\" content=\"index, follow, max-snippet:-1, max-image-preview:large, max-video-preview:-1\" \/>\n<link rel=\"canonical\" href=\"https:\/\/vapehosale.com\/sv\/product\/vapme-digital-box-50000-puffs-disposable-vape\/\" \/>\n<meta property=\"og:locale\" content=\"sv_SE\" \/>\n<meta property=\"og:type\" content=\"article\" \/>\n<meta property=\"og:title\" content=\"Vapme Digital Box 50K Puffs Disposable Vape - Vape Wholesale\" \/>\n<meta property=\"og:description\" content=\"Buy Vapme Digital Box 50000 Puffs with a smart LED display, dual mesh coil, 650mAh rechargeable battery, and Type-C charging for long-lasting flavor.\" \/>\n<meta property=\"og:url\" content=\"https:\/\/vapehosale.com\/sv\/product\/vapme-digital-box-50000-puffs-disposable-vape\/\" \/>\n<meta property=\"og:site_name\" content=\"Vape Wholesale\" \/>\n<meta property=\"article:modified_time\" content=\"2026-05-11T09:36:42+00:00\" \/>\n<meta property=\"og:image\" content=\"https:\/\/vapehosale.com\/wp-content\/uploads\/2026\/05\/Vapme-Digital-Box-50k-bulk-buy-discounts.webp\" \/>\n\t<meta property=\"og:image:width\" content=\"1000\" \/>\n\t<meta property=\"og:image:height\" content=\"1000\" \/>\n\t<meta property=\"og:image:type\" content=\"image\/webp\" \/>\n<meta name=\"twitter:card\" content=\"summary_large_image\" \/>\n<meta name=\"twitter:label1\" content=\"Ber\u00e4knad l\u00e4stid\" \/>\n\t<meta name=\"twitter:data1\" content=\"3 minuter\" \/>\n<script type=\"application\/ld+json\" class=\"yoast-schema-graph\">{\"@context\":\"https:\/\/schema.org\",\"@graph\":[{\"@type\":\"WebPage\",\"@id\":\"https:\/\/vapehosale.com\/product\/vapme-digital-box-50000-puffs-disposable-vape\/\",\"url\":\"https:\/\/vapehosale.com\/product\/vapme-digital-box-50000-puffs-disposable-vape\/\",\"name\":\"Vapme Digital Box 50K Puffs Disposable Vape - Vape Wholesale\",\"isPartOf\":{\"@id\":\"https:\/\/vapehosale.com\/#website\"},\"datePublished\":\"2026-05-11T03:55:42+00:00\",\"dateModified\":\"2026-05-11T09:36:42+00:00\",\"description\":\"Buy Vapme Digital Box 50000 Puffs with a smart LED display, dual mesh coil, 650mAh rechargeable battery, and Type-C charging for long-lasting flavor.\",\"breadcrumb\":{\"@id\":\"https:\/\/vapehosale.com\/product\/vapme-digital-box-50000-puffs-disposable-vape\/#breadcrumb\"},\"inLanguage\":\"sv-SE\",\"potentialAction\":[{\"@type\":\"ReadAction\",\"target\":[\"https:\/\/vapehosale.com\/product\/vapme-digital-box-50000-puffs-disposable-vape\/\"]}]},{\"@type\":\"BreadcrumbList\",\"@id\":\"https:\/\/vapehosale.com\/product\/vapme-digital-box-50000-puffs-disposable-vape\/#breadcrumb\",\"itemListElement\":[{\"@type\":\"ListItem\",\"position\":1,\"name\":\"Home\",\"item\":\"https:\/\/vapehosale.com\/\"},{\"@type\":\"ListItem\",\"position\":2,\"name\":\"Best Sell Vapes\",\"item\":\"https:\/\/vapehosale.com\/vape-shop\/\"},{\"@type\":\"ListItem\",\"position\":3,\"name\":\"Vapme Digital Box 50K Puffs Disposable Vape\"}]},{\"@type\":\"WebSite\",\"@id\":\"https:\/\/vapehosale.com\/#website\",\"url\":\"https:\/\/vapehosale.com\/\",\"name\":\"Vape Wholesale\",\"description\":\"Buy Vape Wholesale Price Near you\",\"potentialAction\":[{\"@type\":\"SearchAction\",\"target\":{\"@type\":\"EntryPoint\",\"urlTemplate\":\"https:\/\/vapehosale.com\/?s={search_term_string}\"},\"query-input\":\"required name=search_term_string\"}],\"inLanguage\":\"sv-SE\"}]}<\/script>\n<!-- \/ Yoast SEO plugin. -->","yoast_head_json":{"title":"Vapme Digital Box 50K Puffs Disposable Vape - Vape Wholesale","description":"Buy Vapme Digital Box 50000 Puffs with a smart LED display, dual mesh coil, 650mAh rechargeable battery, and Type-C charging for long-lasting flavor.","robots":{"index":"index","follow":"follow","max-snippet":"max-snippet:-1","max-image-preview":"max-image-preview:large","max-video-preview":"max-video-preview:-1"},"canonical":"https:\/\/vapehosale.com\/sv\/product\/vapme-digital-box-50000-puffs-disposable-vape\/","og_locale":"sv_SE","og_type":"article","og_title":"Vapme Digital Box 50K Puffs Disposable Vape - Vape Wholesale","og_description":"Buy Vapme Digital Box 50000 Puffs with a smart LED display, dual mesh coil, 650mAh rechargeable battery, and Type-C charging for long-lasting flavor.","og_url":"https:\/\/vapehosale.com\/sv\/product\/vapme-digital-box-50000-puffs-disposable-vape\/","og_site_name":"Vape Wholesale","article_modified_time":"2026-05-11T09:36:42+00:00","og_image":[{"width":1000,"height":1000,"url":"https:\/\/vapehosale.com\/wp-content\/uploads\/2026\/05\/Vapme-Digital-Box-50k-bulk-buy-discounts.webp","type":"image\/webp"}],"twitter_card":"summary_large_image","twitter_misc":{"Ber\u00e4knad l\u00e4stid":"3 minuter"},"schema":{"@context":"https:\/\/schema.org","@graph":[{"@type":"WebPage","@id":"https:\/\/vapehosale.com\/product\/vapme-digital-box-50000-puffs-disposable-vape\/","url":"https:\/\/vapehosale.com\/product\/vapme-digital-box-50000-puffs-disposable-vape\/","name":"Vapme Digital Box 50K Puffs Disposable Vape - Vape Wholesale","isPartOf":{"@id":"https:\/\/vapehosale.com\/#website"},"datePublished":"2026-05-11T03:55:42+00:00","dateModified":"2026-05-11T09:36:42+00:00","description":"Buy Vapme Digital Box 50000 Puffs with a smart LED display, dual mesh coil, 650mAh rechargeable battery, and Type-C charging for long-lasting flavor.","breadcrumb":{"@id":"https:\/\/vapehosale.com\/product\/vapme-digital-box-50000-puffs-disposable-vape\/#breadcrumb"},"inLanguage":"sv-SE","potentialAction":[{"@type":"ReadAction","target":["https:\/\/vapehosale.com\/product\/vapme-digital-box-50000-puffs-disposable-vape\/"]}]},{"@type":"BreadcrumbList","@id":"https:\/\/vapehosale.com\/product\/vapme-digital-box-50000-puffs-disposable-vape\/#breadcrumb","itemListElement":[{"@type":"ListItem","position":1,"name":"Home","item":"https:\/\/vapehosale.com\/"},{"@type":"ListItem","position":2,"name":"Best Sell Vapes","item":"https:\/\/vapehosale.com\/vape-shop\/"},{"@type":"ListItem","position":3,"name":"Vapme Digital Box 50K Puffs Disposable Vape"}]},{"@type":"WebSite","@id":"https:\/\/vapehosale.com\/#website","url":"https:\/\/vapehosale.com\/","name":"Vape Wholesale","description":"Buy Vape Wholesale Price Near you","potentialAction":[{"@type":"SearchAction","target":{"@type":"EntryPoint","urlTemplate":"https:\/\/vapehosale.com\/?s={search_term_string}"},"query-input":"required name=search_term_string"}],"inLanguage":"sv-SE"}]}},"uagb_featured_image_src":{"full":["https:\/\/vapehosale.com\/wp-content\/uploads\/2026\/05\/Vapme-Digital-Box-50k-bulk-buy-discounts.webp",1000,1000,false],"thumbnail":["https:\/\/vapehosale.com\/wp-content\/uploads\/2026\/05\/Vapme-Digital-Box-50k-bulk-buy-discounts-150x150.webp",150,150,true],"medium":["https:\/\/vapehosale.com\/wp-content\/uploads\/2026\/05\/Vapme-Digital-Box-50k-bulk-buy-discounts-300x300.webp",300,300,true],"medium_large":["https:\/\/vapehosale.com\/wp-content\/uploads\/2026\/05\/Vapme-Digital-Box-50k-bulk-buy-discounts-768x768.webp",768,768,true],"large":["https:\/\/vapehosale.com\/wp-content\/uploads\/2026\/05\/Vapme-Digital-Box-50k-bulk-buy-discounts.webp",1000,1000,false],"1536x1536":["https:\/\/vapehosale.com\/wp-content\/uploads\/2026\/05\/Vapme-Digital-Box-50k-bulk-buy-discounts.webp",1000,1000,false],"2048x2048":["https:\/\/vapehosale.com\/wp-content\/uploads\/2026\/05\/Vapme-Digital-Box-50k-bulk-buy-discounts.webp",1000,1000,false],"trp-custom-language-flag":["https:\/\/vapehosale.com\/wp-content\/uploads\/2026\/05\/Vapme-Digital-Box-50k-bulk-buy-discounts-12x12.webp",12,12,true],"woocommerce_thumbnail":["https:\/\/vapehosale.com\/wp-content\/uploads\/2026\/05\/Vapme-Digital-Box-50k-bulk-buy-discounts-300x300.webp",300,300,true],"woocommerce_single":["https:\/\/vapehosale.com\/wp-content\/uploads\/2026\/05\/Vapme-Digital-Box-50k-bulk-buy-discounts-600x600.webp",600,600,true],"woocommerce_gallery_thumbnail":["https:\/\/vapehosale.com\/wp-content\/uploads\/2026\/05\/Vapme-Digital-Box-50k-bulk-buy-discounts-100x100.webp",100,100,true],"wcpr-photo-reviews":["https:\/\/vapehosale.com\/wp-content\/uploads\/2026\/05\/Vapme-Digital-Box-50k-bulk-buy-discounts.webp",500,500,false]},"uagb_author_info":{"display_name":"Vicky hosale","author_link":"https:\/\/vapehosale.com\/sv\/author\/"},"uagb_comment_info":0,"uagb_excerpt":"Vapme Digital Box 50000 Puffs is a high-capacity disposable vape designed for users who want maximum longevity and premium performance. It features a smart LED display that shows battery and e-liquid levels in real time, a 1.0\u03a9 dual mesh coil for enhanced flavor consistency, and a 650mAh rechargeable battery with Type-C fast charging. Available in\u00a0&hellip;","_links":{"self":[{"href":"https:\/\/vapehosale.com\/sv\/wp-json\/wp\/v2\/product\/6725","targetHints":{"allow":["GET"]}}],"collection":[{"href":"https:\/\/vapehosale.com\/sv\/wp-json\/wp\/v2\/product"}],"about":[{"href":"https:\/\/vapehosale.com\/sv\/wp-json\/wp\/v2\/types\/product"}],"replies":[{"embeddable":true,"href":"https:\/\/vapehosale.com\/sv\/wp-json\/wp\/v2\/comments?post=6725"}],"wp:featuredmedia":[{"embeddable":true,"href":"https:\/\/vapehosale.com\/sv\/wp-json\/wp\/v2\/media\/6719"}],"wp:attachment":[{"href":"https:\/\/vapehosale.com\/sv\/wp-json\/wp\/v2\/media?parent=6725"}],"wp:term":[{"taxonomy":"product_cat","embeddable":true,"href":"https:\/\/vapehosale.com\/sv\/wp-json\/wp\/v2\/product_cat?post=6725"},{"taxonomy":"product_tag","embeddable":true,"href":"https:\/\/vapehosale.com\/sv\/wp-json\/wp\/v2\/product_tag?post=6725"}],"curies":[{"name":"wp","href":"https:\/\/api.w.org\/{rel}","templated":true}]}}