{"id":6725,"date":"2026-05-11T03:55:42","date_gmt":"2026-05-11T03:55:42","guid":{"rendered":"https:\/\/vapehosale.com\/?post_type=product&#038;p=6725"},"modified":"2026-05-11T09:36:42","modified_gmt":"2026-05-11T09:36:42","slug":"vapme-digital-box-50000-puffs-disposable-vape","status":"publish","type":"product","link":"https:\/\/vapehosale.com\/sl\/product\/vapme-digital-box-50000-puffs-disposable-vape\/","title":{"rendered":"Vapme Digital Box 50K potegov za enkratno uporabo"},"content":{"rendered":"<h2>Presezite meje: do 50.000 vdihov neprimerljive zmogljivosti<\/h2>\n<p data-start=\"117\" data-end=\"386\">Vapme Digital Box 50K Puffs je ve\u010d kot le vape za enkratno uporabo. Predstavlja novo merilo v ultra dolgotrajni zmogljivosti vejpanja. Opremljen z naprednim sistemom za nadzor teko\u010dine, ta visokokapaciteta naprava omogo\u010da do 50.000 gladkih in okusnih vdihov.<\/p>\n<p data-start=\"388\" data-end=\"584\">Ne glede na to, ali potujete, se vozite v slu\u017ebo ali uporabljate Vapme Digital Box 50K Vape \u010dez dan, je Vapme Digital Box 50K zasnovan tako, da zdr\u017ei tedne ali celo mesece, kar odpravlja potrebo po pogostih zamenjavah.<br \/>\n<img decoding=\"async\" class=\"alignnone size-full wp-image-6723\" src=\"https:\/\/vapehosale.com\/wp-content\/uploads\/2026\/05\/Best-Vapme-Digital-Box-50k-flavors-list.webp\" alt=\"Najbolj\u0161i okusi Vapme Digital Box 50k - seznam\" width=\"1000\" height=\"666\" srcset=\"https:\/\/vapehosale.com\/wp-content\/uploads\/2026\/05\/Best-Vapme-Digital-Box-50k-flavors-list.webp 1000w, https:\/\/vapehosale.com\/wp-content\/uploads\/2026\/05\/Best-Vapme-Digital-Box-50k-flavors-list-300x200.webp 300w, https:\/\/vapehosale.com\/wp-content\/uploads\/2026\/05\/Best-Vapme-Digital-Box-50k-flavors-list-768x511.webp 768w, https:\/\/vapehosale.com\/wp-content\/uploads\/2026\/05\/Best-Vapme-Digital-Box-50k-flavors-list-18x12.webp 18w, https:\/\/vapehosale.com\/wp-content\/uploads\/2026\/05\/Best-Vapme-Digital-Box-50k-flavors-list-600x400.webp 600w\" sizes=\"(max-width: 1000px) 100vw, 1000px\" \/><\/p>\n<h3 data-start=\"388\" data-end=\"584\">vapme digital box 50k Tehni\u010dne specifikacije<\/h3>\n<table>\n<thead>\n<tr>\n<th>Specifikacija<\/th>\n<th>Podrobnosti<\/th>\n<\/tr>\n<\/thead>\n<tbody>\n<tr>\n<td>Blagovna znamka<\/td>\n<td>Vapme<\/td>\n<\/tr>\n<tr>\n<td>Model<\/td>\n<td>Digital Box 50000<\/td>\n<\/tr>\n<tr>\n<td>\u0160tevilo vpihov<\/td>\n<td>Do 50.000 vdihov<\/td>\n<\/tr>\n<tr>\n<td>Jakost nikotina<\/td>\n<td>\u00a02%, 5% nikotinska sol<\/td>\n<\/tr>\n<tr>\n<td>Kapaciteta e-teko\u010dine<\/td>\n<td>Velik vnaprej napolnjen rezervoar za teko\u010dino<\/td>\n<\/tr>\n<tr>\n<td>Kapaciteta baterije<\/td>\n<td>650mAh polnilna baterija iz \u010distega kobalta<\/td>\n<\/tr>\n<tr>\n<td>Vhod za polnjenje<\/td>\n<td>USB Type-C hitro polnjenje<\/td>\n<\/tr>\n<tr>\n<td>Tip tuljave<\/td>\n<td>1.0\u03a9 dvojna mre\u017easta tuljava<\/td>\n<\/tr>\n<tr>\n<td>Zaslon<\/td>\n<td>LED digitalni zaslon<\/td>\n<\/tr>\n<tr>\n<td>Slog vejpanje<\/td>\n<td>MTL (usta v plju\u010da)<\/td>\n<\/tr>\n<\/tbody>\n<\/table>\n<h3>Seznam okusov Vapme Digital Box 50K Puffs<\/h3>\n<p>1. Borovnica malina led<br \/>\n2. \u010ce\u0161nja led<br \/>\n3. Kivi pasijonka guava<br \/>\n4. Jagodna ledena<br \/>\n5. Jagoda kivi<br \/>\n6. Jagoda Red Bull<br \/>\n7.Jagoda Lubenica<br \/>\n8. Ledena lubenica<br \/>\n9. So\u010dna breskev ledena<br \/>\n10. Ljubezen 66<br \/>\n11. Breskev mango ananas<br \/>\n12. Modra razz limonada<br \/>\n13.\u010ce\u0161njeva kola<br \/>\n14. Tropski sadni udarec<br \/>\n15. Trojna melona ledena<br \/>\n16. Jagodna banana mle\u010dni napitek<br \/>\n17. Gospod modri<br \/>\n18.Sladkarije z jagodami in malinami<br \/>\n19. Lubenica kivi ledena<br \/>\n20. Borovnica brusnica \u010de\u0161nja<\/p>\n<h3><a href=\"https:\/\/vapehosale.com\/sl\/product-category\/vapme-vape\/\"><strong class=\"Yjhzub\" data-sfc-root=\"c\" data-sfc-cb=\"\" data-complete=\"true\">Vapme za enkratno uporabo Vape veleprodaja <\/strong><\/a>Kontakt za veleprodajo<\/h3>\n<p>\u2709\ufe0f E-po\u0161ta: vicky@essenvape.com<br \/>\n\ud83d\udcde Whatsapp\/Telefonska \u0161tevilka: <a href=\"https:\/\/wa.me\/8618077105750\">+8618077105750<\/a><br \/>\n\ud83d\udd58 Delovni \u010das: 9:00 \u2013 18:00<br \/>\n\ud83d\udccd Lokacija: Ljubljana<\/p>\n<p>\u2705 Veletrgovci in trgovci so dobrodo\u0161li pri prilagajanju naro\u010dil<br \/>\n\u2705Zagotavljamo najkakovostnej\u0161e izdelke in najbolj strokovne storitve.<\/p>\n<p><img decoding=\"async\" class=\"alignnone size-full wp-image-2638\" src=\"https:\/\/vapehosale.com\/wp-content\/uploads\/2023\/09\/885301ea6f5e0b91f5ab2b1c85e665c.png\" alt=\"Tovarna RandM\" width=\"670\" height=\"658\" srcset=\"https:\/\/vapehosale.com\/wp-content\/uploads\/2023\/09\/885301ea6f5e0b91f5ab2b1c85e665c.png 670w, https:\/\/vapehosale.com\/wp-content\/uploads\/2023\/09\/885301ea6f5e0b91f5ab2b1c85e665c-300x295.png 300w, https:\/\/vapehosale.com\/wp-content\/uploads\/2023\/09\/885301ea6f5e0b91f5ab2b1c85e665c-600x589.png 600w\" sizes=\"(max-width: 670px) 100vw, 670px\" \/><\/p>\n<h2 data-start=\"2346\" data-end=\"2384\">Zakaj izbrati Vapme 50K pametni zaslon Vape?<\/h2>\n<ol data-start=\"2386\" data-end=\"2653\">\n<li data-start=\"2386\" data-end=\"2423\">Do 50.000 vdihov za podalj\u0161ano uporabo<\/li>\n<li data-start=\"2424\" data-end=\"2478\">Pametni LED zaslon za spremljanje baterije in e-teko\u010dine<\/li>\n<li data-start=\"2479\" data-end=\"2524\">Dvojna mre\u017easta tuljava za vrhunsko dostavo okusa<\/li>\n<li data-start=\"2525\" data-end=\"2575\">Polnilna baterija 650mAh s polnjenjem Type-C<\/li>\n<li data-start=\"2576\" data-end=\"2612\">Ve\u010d mo\u017enosti jakosti nikotina<\/li>\n<li data-start=\"2613\" data-end=\"2653\">Kompaktna oblika s premium ergonomijo<\/li>\n<\/ol>\n<h3><strong>Vsebina paketa:<\/strong><\/h3>\n<p>1 x Solaris 30k potov enkratna vape Don Leon 1942<\/p>\n<h2 data-start=\"591\" data-end=\"649\">Pametni digitalni zaslon: Pregled nadzora v realnem \u010dasu<\/h2>\n<p data-start=\"651\" data-end=\"762\">Vapme Box Style 50000 Puffs z vgrajenim visokolo\u010dljivostnim digitalnim zaslonom vam omogo\u010da popoln nadzor nad va\u0161o izku\u0161njo vejpanja z prikazom:<\/p>\n<ol data-start=\"764\" data-end=\"818\">\n<li data-start=\"764\" data-end=\"791\">Odstotek ravni e-teko\u010dine<\/li>\n<li data-start=\"792\" data-end=\"818\">Odstotek ravni baterije<\/li>\n<\/ol>\n<p data-start=\"820\" data-end=\"916\">S to\u010dnimi podatki v realnem \u010dasu vedno veste, kdaj je \u010das za polnjenje ali zamenjavo naprave.<\/p>\n<h2 data-start=\"923\" data-end=\"980\">Tehnologija dvojne mre\u017easte tuljave: Izbolj\u0161ana doslednost okusa<\/h2>\n<p data-start=\"982\" data-end=\"1086\">Vapme Dual Mesh 50000 Puffs Vape ima sistem dvojne mre\u017easte tuljave 1,0\u03a9, zasnovan za hitro in enakomerno segrevanje.<\/p>\n<p data-start=\"1088\" data-end=\"1219\">V primerjavi s tradicionalnimi enojnimi tuljavami dvojna mre\u017easta struktura pove\u010da u\u010dinkovitost atomizacije do 50 %, kar prina\u0161a:<\/p>\n<ol data-start=\"1221\" data-end=\"1358\">\n<li data-start=\"1221\" data-end=\"1248\">Intenzivnej\u0161i okus<\/li>\n<li data-start=\"1249\" data-end=\"1276\">Bolj gladko tvorjenje pare<\/li>\n<li data-start=\"1277\" data-end=\"1306\">Bolj dosledno delovanje<\/li>\n<li data-start=\"1307\" data-end=\"1358\">Izbolj\u0161ano ohranjanje okusa od prvega do zadnjega vdiha<\/li>\n<\/ol>\n<p data-start=\"1360\" data-end=\"1448\">Od sladkih sadnih me\u0161anic do ledenih mentol profilov, vsak vdih ostaja bogat in uravnote\u017een.<\/p>\n<h2 data-start=\"1455\" data-end=\"1491\">Ergonomska in prenosna oblika \u0161katle<\/h2>\n<p data-start=\"1493\" data-end=\"1598\">Kljub ogromni kapaciteti pufov Vapme Box Style 50000 Puffs ohranja kompaktno in udobno obliko.<\/p>\n<p data-start=\"1600\" data-end=\"1628\">Klju\u010dne prednosti dizajna vklju\u010dujejo:<\/p>\n<ul data-start=\"1630\" data-end=\"1759\">\n<li data-start=\"1630\" data-end=\"1658\">Nedrse\u010da teksturirana zunanjost<\/li>\n<li data-start=\"1659\" data-end=\"1688\">Udoben raven ustnik<\/li>\n<li data-start=\"1689\" data-end=\"1716\">\u017depu prijazna oblika \u0161katle<\/li>\n<li data-start=\"1717\" data-end=\"1759\">Optimizirano za uparjanje od ust do plju\u010d (MTL)<\/li>\n<\/ul>\n<p data-start=\"1761\" data-end=\"1833\">Vapme Smart Display enkratna elektronska cigareta je varna v roki in udobna za dolgotrajno uporabo.<\/p>\n<p>Kontakt za katalog izdelkov:<a href=\"https:\/\/wa.me\/8618077105750\">Nakupujte zdaj, preverite vse veleprodajne cene<\/a><br \/>\nDrugi najbolje prodajani vape, ki jih morda potrebujete<\/p>\n<p><a href=\"https:\/\/vapehosale.com\/sl\/product-category\/vapme-vape\/\">Vapme elektronska cigareta v moji bli\u017eini\ud83d\udc48\ud83c\udffb<\/a><br \/>\n<a href=\"https:\/\/vapehosale.com\/sl\/product-category\/wholesale-50k-puffs-disposable-vape\/\"><strong class=\"Yjhzub\" data-sfc-root=\"c\" data-sfc-cb=\"\" data-complete=\"true\">Enkratna elektronska cigareta 50000 potegov<\/strong><\/a><\/p>\n<p><a href=\"https:\/\/vapehosale.com\/sl\/product-category\/disposable-vape-in-european-warehouse\/\">Tukaj dobite katalog vapeov za enkratno uporabo za skladi\u0161\u010de EU\ud83d\udc48\ud83c\udffb<\/a><\/p>\n<h4>\u010das dostave:<\/h4>\n<p>po\u0161iljanje iz skladi\u0161\u010da v Kitajski<\/p>\n<p>1. \u010cas izdelave: v 5 delovnih dneh po prejemu pla\u010dila po\u0161ljemo<\/p>\n<p>2. \u010cas dostave: 10-14 dni (V primeru praznikov in carinske kontrole bo \u010das dostave podalj\u0161an.)<\/p>\n<h4>Na\u010dini pla\u010dila:<\/h4>\n<p>1. ban\u010dno nakazilo\/western union\/wise\/revolut\/postepay \u2705<span style=\"color: #ff0000\"><span class=\"x1rg5ohu x16dsc37 x19la9d6 x1fc57z9 x6ikm8r x10wlt62 x19co3pv x11tp94h xw4jnvo x1qx5ct2 xfibh0p xiy17q3 x1xsqp64 x1lkfr7t xexx8yu xyri2b x18d9i69 x1c1uobl\"><span class=\"xrtxmta x1bhl96m\"><br \/>\n<\/span><\/span><\/span><span class=\"x1rg5ohu x16dsc37 x19la9d6 x1fc57z9 x6ikm8r x10wlt62 x19co3pv x11tp94h xw4jnvo x1qx5ct2 xfibh0p xiy17q3 x1xsqp64 x1lkfr7t xexx8yu xyri2b x18d9i69 x1c1uobl\"><span class=\"xrtxmta x1bhl96m\">2.<\/span><\/span><span class=\"x1rg5ohu x16dsc37 x19la9d6 x1fc57z9 x6ikm8r x10wlt62 x19co3pv x11tp94h xw4jnvo x1qx5ct2 xfibh0p xiy17q3 x1xsqp64 x1lkfr7t xexx8yu xyri2b x18d9i69 x1c1uobl\"><span class=\"xrtxmta x1bhl96m\">ra\u010dun je zagotovljen<br \/>\nproforma ra\u010dun\u27a1\ufe0fban\u010dni ra\u010dun podjetja\u27a1\ufe0fra\u010dunovodske informacije<br \/>\n3. ne podpira <span style=\"color: #ff0000\">pla\u010dilo po povzetju<\/span> \u0161e\u274c<br \/>\n<\/span><\/span><\/p>\n<p>Vsi izdelki v na\u0161i trgovini so 100% izvirni in pristni, zato je na\u0161e pravilo trgovine Desetkratno nadomestilo za ponarejeno blago.<\/p>\n<h5><span style=\"color: #ff0000\">Minimalno naro\u010dilo 50 kosov<\/span><\/h5>","protected":false},"excerpt":{"rendered":"<p data-start=\"2414\" data-end=\"2672\">Vapme Digital Box 50000 Puffs je visokokapaciteta naprava za enkratno uporabo, zasnovana za uporabnike, ki \u017eelijo najve\u010djo vzdr\u017eljivost in vrhunsko zmogljivost. Opremljena je s pametnim LED zaslonom, ki v realnem \u010dasu prikazuje stanje baterije in nivo teko\u010dine, 1,0\u03a9 dvojno mre\u017easto tuljavo za izbolj\u0161ano konsistenco okusa ter 650mAh polnilno baterijo s hitrim polnjenjem prek Type-C. Na voljo v jakostih nikotina 2% in 5%, ta naprava omogo\u010da do 50.000 vdihov v kompaktni in ergonomski \u0161katlasti zasnovi.<br \/>\n<span style=\"color: #ff0000\">(spletna cena ne vklju\u010duje stro\u0161kov po\u0161iljanja)<\/span><\/p>\n<p><span style=\"color: #ff0000\">MOQ: 50 kosov, kontaktirajte Vicky za veleprodajni katalog Vozol zdaj<\/span><\/p>\n<p><img decoding=\"async\" class=\"alignnone size-medium wp-image-2638\" src=\"https:\/\/vapehosale.com\/wp-content\/uploads\/2023\/09\/885301ea6f5e0b91f5ab2b1c85e665c-300x295.png\" alt=\"Tovarna RandM\" width=\"300\" height=\"295\" srcset=\"https:\/\/vapehosale.com\/wp-content\/uploads\/2023\/09\/885301ea6f5e0b91f5ab2b1c85e665c-300x295.png 300w, https:\/\/vapehosale.com\/wp-content\/uploads\/2023\/09\/885301ea6f5e0b91f5ab2b1c85e665c-600x589.png 600w, https:\/\/vapehosale.com\/wp-content\/uploads\/2023\/09\/885301ea6f5e0b91f5ab2b1c85e665c.png 670w\" sizes=\"(max-width: 300px) 100vw, 300px\" \/><\/p>\n<p>&nbsp;<\/p>","protected":false},"featured_media":6719,"comment_status":"open","ping_status":"closed","template":"","meta":{"_uag_custom_page_level_css":"","_lmt_disableupdate":"no","_lmt_disable":"","site-sidebar-layout":"default","site-content-layout":"","ast-site-content-layout":"default","site-content-style":"default","site-sidebar-style":"default","ast-global-header-display":"","ast-banner-title-visibility":"","ast-main-header-display":"","ast-hfb-above-header-display":"","ast-hfb-below-header-display":"","ast-hfb-mobile-header-display":"","site-post-title":"","ast-breadcrumbs-content":"","ast-featured-img":"","footer-sml-layout":"","theme-transparent-header-meta":"default","adv-header-id-meta":"","stick-header-meta":"","header-above-stick-meta":"","header-main-stick-meta":"","header-below-stick-meta":"","astra-migrate-meta-layouts":"set","_joinchat":[]},"product_cat":[98,41,55,15,137],"product_tag":[35,53],"class_list":["post-6725","product","type-product","status-publish","has-post-thumbnail","hentry","product_cat-wholesale-50k-puffs-disposable-vape","product_cat-europe-hot-sale-vape","product_cat-minimum-order-quantity-50pcs","product_cat-vape-shop-wholesale","product_cat-vapme-vape","product_tag-rechargeable-disposable-device","product_tag-vapme-vape","desktop-align-left","tablet-align-left","mobile-align-left"],"yoast_head":"<!-- This site is optimized with the Yoast SEO plugin v21.1 - https:\/\/yoast.com\/wordpress\/plugins\/seo\/ -->\n<title>Vapme Digital Box 50K Puffs Disposable Vape - Vape Wholesale<\/title>\n<meta name=\"description\" content=\"Buy Vapme Digital Box 50000 Puffs with a smart LED display, dual mesh coil, 650mAh rechargeable battery, and Type-C charging for long-lasting flavor.\" \/>\n<meta name=\"robots\" content=\"index, follow, max-snippet:-1, max-image-preview:large, max-video-preview:-1\" \/>\n<link rel=\"canonical\" href=\"https:\/\/vapehosale.com\/sl\/product\/vapme-digital-box-50000-puffs-disposable-vape\/\" \/>\n<meta property=\"og:locale\" content=\"sl_SI\" \/>\n<meta property=\"og:type\" content=\"article\" \/>\n<meta property=\"og:title\" content=\"Vapme Digital Box 50K Puffs Disposable Vape - Vape Wholesale\" \/>\n<meta property=\"og:description\" content=\"Buy Vapme Digital Box 50000 Puffs with a smart LED display, dual mesh coil, 650mAh rechargeable battery, and Type-C charging for long-lasting flavor.\" \/>\n<meta property=\"og:url\" content=\"https:\/\/vapehosale.com\/sl\/product\/vapme-digital-box-50000-puffs-disposable-vape\/\" \/>\n<meta property=\"og:site_name\" content=\"Vape Wholesale\" \/>\n<meta property=\"article:modified_time\" content=\"2026-05-11T09:36:42+00:00\" \/>\n<meta property=\"og:image\" content=\"https:\/\/vapehosale.com\/wp-content\/uploads\/2026\/05\/Vapme-Digital-Box-50k-bulk-buy-discounts.webp\" \/>\n\t<meta property=\"og:image:width\" content=\"1000\" \/>\n\t<meta property=\"og:image:height\" content=\"1000\" \/>\n\t<meta property=\"og:image:type\" content=\"image\/webp\" \/>\n<meta name=\"twitter:card\" content=\"summary_large_image\" \/>\n<meta name=\"twitter:label1\" content=\"Est. reading time\" \/>\n\t<meta name=\"twitter:data1\" content=\"3 minute\" \/>\n<script type=\"application\/ld+json\" class=\"yoast-schema-graph\">{\"@context\":\"https:\/\/schema.org\",\"@graph\":[{\"@type\":\"WebPage\",\"@id\":\"https:\/\/vapehosale.com\/product\/vapme-digital-box-50000-puffs-disposable-vape\/\",\"url\":\"https:\/\/vapehosale.com\/product\/vapme-digital-box-50000-puffs-disposable-vape\/\",\"name\":\"Vapme Digital Box 50K Puffs Disposable Vape - Vape Wholesale\",\"isPartOf\":{\"@id\":\"https:\/\/vapehosale.com\/#website\"},\"datePublished\":\"2026-05-11T03:55:42+00:00\",\"dateModified\":\"2026-05-11T09:36:42+00:00\",\"description\":\"Buy Vapme Digital Box 50000 Puffs with a smart LED display, dual mesh coil, 650mAh rechargeable battery, and Type-C charging for long-lasting flavor.\",\"breadcrumb\":{\"@id\":\"https:\/\/vapehosale.com\/product\/vapme-digital-box-50000-puffs-disposable-vape\/#breadcrumb\"},\"inLanguage\":\"sl-SI\",\"potentialAction\":[{\"@type\":\"ReadAction\",\"target\":[\"https:\/\/vapehosale.com\/product\/vapme-digital-box-50000-puffs-disposable-vape\/\"]}]},{\"@type\":\"BreadcrumbList\",\"@id\":\"https:\/\/vapehosale.com\/product\/vapme-digital-box-50000-puffs-disposable-vape\/#breadcrumb\",\"itemListElement\":[{\"@type\":\"ListItem\",\"position\":1,\"name\":\"Home\",\"item\":\"https:\/\/vapehosale.com\/\"},{\"@type\":\"ListItem\",\"position\":2,\"name\":\"Best Sell Vapes\",\"item\":\"https:\/\/vapehosale.com\/vape-shop\/\"},{\"@type\":\"ListItem\",\"position\":3,\"name\":\"Vapme Digital Box 50K Puffs Disposable Vape\"}]},{\"@type\":\"WebSite\",\"@id\":\"https:\/\/vapehosale.com\/#website\",\"url\":\"https:\/\/vapehosale.com\/\",\"name\":\"Vape Wholesale\",\"description\":\"Buy Vape Wholesale Price Near you\",\"potentialAction\":[{\"@type\":\"SearchAction\",\"target\":{\"@type\":\"EntryPoint\",\"urlTemplate\":\"https:\/\/vapehosale.com\/?s={search_term_string}\"},\"query-input\":\"required name=search_term_string\"}],\"inLanguage\":\"sl-SI\"}]}<\/script>\n<!-- \/ Yoast SEO plugin. -->","yoast_head_json":{"title":"Vapme Digital Box 50K Puffs Disposable Vape - Vape Wholesale","description":"Buy Vapme Digital Box 50000 Puffs with a smart LED display, dual mesh coil, 650mAh rechargeable battery, and Type-C charging for long-lasting flavor.","robots":{"index":"index","follow":"follow","max-snippet":"max-snippet:-1","max-image-preview":"max-image-preview:large","max-video-preview":"max-video-preview:-1"},"canonical":"https:\/\/vapehosale.com\/sl\/product\/vapme-digital-box-50000-puffs-disposable-vape\/","og_locale":"sl_SI","og_type":"article","og_title":"Vapme Digital Box 50K Puffs Disposable Vape - Vape Wholesale","og_description":"Buy Vapme Digital Box 50000 Puffs with a smart LED display, dual mesh coil, 650mAh rechargeable battery, and Type-C charging for long-lasting flavor.","og_url":"https:\/\/vapehosale.com\/sl\/product\/vapme-digital-box-50000-puffs-disposable-vape\/","og_site_name":"Vape Wholesale","article_modified_time":"2026-05-11T09:36:42+00:00","og_image":[{"width":1000,"height":1000,"url":"https:\/\/vapehosale.com\/wp-content\/uploads\/2026\/05\/Vapme-Digital-Box-50k-bulk-buy-discounts.webp","type":"image\/webp"}],"twitter_card":"summary_large_image","twitter_misc":{"Est. reading time":"3 minute"},"schema":{"@context":"https:\/\/schema.org","@graph":[{"@type":"WebPage","@id":"https:\/\/vapehosale.com\/product\/vapme-digital-box-50000-puffs-disposable-vape\/","url":"https:\/\/vapehosale.com\/product\/vapme-digital-box-50000-puffs-disposable-vape\/","name":"Vapme Digital Box 50K Puffs Disposable Vape - Vape Wholesale","isPartOf":{"@id":"https:\/\/vapehosale.com\/#website"},"datePublished":"2026-05-11T03:55:42+00:00","dateModified":"2026-05-11T09:36:42+00:00","description":"Buy Vapme Digital Box 50000 Puffs with a smart LED display, dual mesh coil, 650mAh rechargeable battery, and Type-C charging for long-lasting flavor.","breadcrumb":{"@id":"https:\/\/vapehosale.com\/product\/vapme-digital-box-50000-puffs-disposable-vape\/#breadcrumb"},"inLanguage":"sl-SI","potentialAction":[{"@type":"ReadAction","target":["https:\/\/vapehosale.com\/product\/vapme-digital-box-50000-puffs-disposable-vape\/"]}]},{"@type":"BreadcrumbList","@id":"https:\/\/vapehosale.com\/product\/vapme-digital-box-50000-puffs-disposable-vape\/#breadcrumb","itemListElement":[{"@type":"ListItem","position":1,"name":"Home","item":"https:\/\/vapehosale.com\/"},{"@type":"ListItem","position":2,"name":"Best Sell Vapes","item":"https:\/\/vapehosale.com\/vape-shop\/"},{"@type":"ListItem","position":3,"name":"Vapme Digital Box 50K Puffs Disposable Vape"}]},{"@type":"WebSite","@id":"https:\/\/vapehosale.com\/#website","url":"https:\/\/vapehosale.com\/","name":"Vape Wholesale","description":"Buy Vape Wholesale Price Near you","potentialAction":[{"@type":"SearchAction","target":{"@type":"EntryPoint","urlTemplate":"https:\/\/vapehosale.com\/?s={search_term_string}"},"query-input":"required name=search_term_string"}],"inLanguage":"sl-SI"}]}},"uagb_featured_image_src":{"full":["https:\/\/vapehosale.com\/wp-content\/uploads\/2026\/05\/Vapme-Digital-Box-50k-bulk-buy-discounts.webp",1000,1000,false],"thumbnail":["https:\/\/vapehosale.com\/wp-content\/uploads\/2026\/05\/Vapme-Digital-Box-50k-bulk-buy-discounts-150x150.webp",150,150,true],"medium":["https:\/\/vapehosale.com\/wp-content\/uploads\/2026\/05\/Vapme-Digital-Box-50k-bulk-buy-discounts-300x300.webp",300,300,true],"medium_large":["https:\/\/vapehosale.com\/wp-content\/uploads\/2026\/05\/Vapme-Digital-Box-50k-bulk-buy-discounts-768x768.webp",768,768,true],"large":["https:\/\/vapehosale.com\/wp-content\/uploads\/2026\/05\/Vapme-Digital-Box-50k-bulk-buy-discounts.webp",1000,1000,false],"1536x1536":["https:\/\/vapehosale.com\/wp-content\/uploads\/2026\/05\/Vapme-Digital-Box-50k-bulk-buy-discounts.webp",1000,1000,false],"2048x2048":["https:\/\/vapehosale.com\/wp-content\/uploads\/2026\/05\/Vapme-Digital-Box-50k-bulk-buy-discounts.webp",1000,1000,false],"trp-custom-language-flag":["https:\/\/vapehosale.com\/wp-content\/uploads\/2026\/05\/Vapme-Digital-Box-50k-bulk-buy-discounts-12x12.webp",12,12,true],"woocommerce_thumbnail":["https:\/\/vapehosale.com\/wp-content\/uploads\/2026\/05\/Vapme-Digital-Box-50k-bulk-buy-discounts-300x300.webp",300,300,true],"woocommerce_single":["https:\/\/vapehosale.com\/wp-content\/uploads\/2026\/05\/Vapme-Digital-Box-50k-bulk-buy-discounts-600x600.webp",600,600,true],"woocommerce_gallery_thumbnail":["https:\/\/vapehosale.com\/wp-content\/uploads\/2026\/05\/Vapme-Digital-Box-50k-bulk-buy-discounts-100x100.webp",100,100,true],"wcpr-photo-reviews":["https:\/\/vapehosale.com\/wp-content\/uploads\/2026\/05\/Vapme-Digital-Box-50k-bulk-buy-discounts.webp",500,500,false]},"uagb_author_info":{"display_name":"Vicky hosale","author_link":"https:\/\/vapehosale.com\/sl\/author\/"},"uagb_comment_info":0,"uagb_excerpt":"Vapme Digital Box 50000 Puffs is a high-capacity disposable vape designed for users who want maximum longevity and premium performance. It features a smart LED display that shows battery and e-liquid levels in real time, a 1.0\u03a9 dual mesh coil for enhanced flavor consistency, and a 650mAh rechargeable battery with Type-C fast charging. Available in\u00a0&hellip;","_links":{"self":[{"href":"https:\/\/vapehosale.com\/sl\/wp-json\/wp\/v2\/product\/6725","targetHints":{"allow":["GET"]}}],"collection":[{"href":"https:\/\/vapehosale.com\/sl\/wp-json\/wp\/v2\/product"}],"about":[{"href":"https:\/\/vapehosale.com\/sl\/wp-json\/wp\/v2\/types\/product"}],"replies":[{"embeddable":true,"href":"https:\/\/vapehosale.com\/sl\/wp-json\/wp\/v2\/comments?post=6725"}],"wp:featuredmedia":[{"embeddable":true,"href":"https:\/\/vapehosale.com\/sl\/wp-json\/wp\/v2\/media\/6719"}],"wp:attachment":[{"href":"https:\/\/vapehosale.com\/sl\/wp-json\/wp\/v2\/media?parent=6725"}],"wp:term":[{"taxonomy":"product_cat","embeddable":true,"href":"https:\/\/vapehosale.com\/sl\/wp-json\/wp\/v2\/product_cat?post=6725"},{"taxonomy":"product_tag","embeddable":true,"href":"https:\/\/vapehosale.com\/sl\/wp-json\/wp\/v2\/product_tag?post=6725"}],"curies":[{"name":"wp","href":"https:\/\/api.w.org\/{rel}","templated":true}]}}