{"id":6709,"date":"2026-05-11T03:08:23","date_gmt":"2026-05-11T03:08:23","guid":{"rendered":"https:\/\/vapehosale.com\/?post_type=product&#038;p=6709"},"modified":"2026-05-11T03:17:58","modified_gmt":"2026-05-11T03:17:58","slug":"wga-crystal-bar-600-puffs-pre-filled-pod-kit","status":"publish","type":"product","link":"https:\/\/vapehosale.com\/sl\/product\/wga-crystal-bar-600-puffs-pre-filled-pod-kit\/","title":{"rendered":"WGA Crystal Bar 600 vdihov vnaprej napolnjen komplet kartu\u0161"},"content":{"rendered":"<h2>Veleprodaja WGA Crystal Bar Pod Kit 600 Vdihov<\/h2>\n<p>WGA Crystal Bar 600 Puffs Prednapolnjen Pod Kit zdru\u017euje preprostost enkratne vape naprave z ugodnostmi polnilnega pod sistema. Vsak prednapolnjen pod vsebuje 2 ml 20 mg nikotinske soli e-teko\u010dine in omogo\u010da do 600 vdihov. Napaja ga polnilna baterija 500 mAh in je opremljen z 1,2\u03a9 mesh tuljavo, ta kompaktna naprava je zasnovana za dosledno aromo, gladek udarec v grlo in zanesljivo celodnevno delovanje.<br \/>\n<img decoding=\"async\" class=\"alignnone size-full wp-image-6708\" src=\"https:\/\/vapehosale.com\/wp-content\/uploads\/2026\/05\/WGA-Crystal-Bar-replacement-pods-2ml.webp\" alt=\"WGA Crystal Bar nadomestni podi 2ml\" width=\"1000\" height=\"518\" srcset=\"https:\/\/vapehosale.com\/wp-content\/uploads\/2026\/05\/WGA-Crystal-Bar-replacement-pods-2ml.webp 1000w, https:\/\/vapehosale.com\/wp-content\/uploads\/2026\/05\/WGA-Crystal-Bar-replacement-pods-2ml-300x155.webp 300w, https:\/\/vapehosale.com\/wp-content\/uploads\/2026\/05\/WGA-Crystal-Bar-replacement-pods-2ml-768x398.webp 768w, https:\/\/vapehosale.com\/wp-content\/uploads\/2026\/05\/WGA-Crystal-Bar-replacement-pods-2ml-18x9.webp 18w, https:\/\/vapehosale.com\/wp-content\/uploads\/2026\/05\/WGA-Crystal-Bar-replacement-pods-2ml-600x311.webp 600w\" sizes=\"(max-width: 1000px) 100vw, 1000px\" \/><\/p>\n<h3 class=\"ds-markdown-paragraph\">TPD razli\u010dica WGA Crystal Bar Klju\u010dne specifikacije in lastnosti<\/h3>\n<ol>\n<li data-section-id=\"we9q0o\" data-start=\"523\" data-end=\"535\">Znamka: WGA<\/li>\n<li data-section-id=\"1623b06\" data-start=\"536\" data-end=\"573\">\u0160tevilo vdihov: do 600 vdihov na pod<\/li>\n<li data-section-id=\"leaw6m\" data-start=\"574\" data-end=\"613\">Kapaciteta e-teko\u010dine: 2 ml prednapolnjen pod<\/li>\n<li data-section-id=\"1c7rzfn\" data-start=\"614\" data-end=\"658\">Jakost nikotina: 20 mg (2%) nikotinska sol<\/li>\n<li data-section-id=\"1ccbwfw\" data-start=\"659\" data-end=\"715\">Kapaciteta baterije: 500 mAh vgrajena polnilna baterija<\/li>\n<li data-section-id=\"7c7fae\" data-start=\"716\" data-end=\"743\">Polnilni priklju\u010dek: USB Type-C<\/li>\n<li data-section-id=\"gt0jza\" data-start=\"744\" data-end=\"777\">Upornost tuljave: 1,2\u03a9 mesh tuljava<\/li>\n<li data-section-id=\"1x81lyf\" data-start=\"778\" data-end=\"810\">Oblika poda: zgornja polnilna struktura<\/li>\n<li data-section-id=\"1kov0kd\" data-start=\"811\" data-end=\"852\">Pozicija polnjenja: spodnji polnilni priklju\u010dek<\/li>\n<li data-section-id=\"1t66sfd\" data-start=\"853\" data-end=\"888\">Na\u010din aktivacije: aktivacija z vdihom<\/li>\n<li data-section-id=\"1vb152u\" data-start=\"889\" data-end=\"924\">Slog vejpanja: Usta do plju\u010d (MTL)<\/li>\n<\/ol>\n<h3>WGA Zamenljiv Pod Kit Poudarki zmogljivosti<\/h3>\n<ol>\n<li data-section-id=\"75oife\" data-start=\"953\" data-end=\"1059\">1,2\u03a9 mesh tuljava se enakomerno segreva in proizvaja \u010dist, dobro definiran okus od prvega do zadnjega vdihanja.<\/li>\n<li data-section-id=\"16bht8\" data-start=\"1060\" data-end=\"1145\">Vsak 2 ml pod zagotavlja pribli\u017eno 600 vdihov, kar ga naredi primernega za vsakodnevno uporabo.<\/li>\n<li data-section-id=\"1435fhg\" data-start=\"1146\" data-end=\"1239\">Formulacija nikotinske soli 20 mg zagotavlja gladek vdih in hitro zadovoljitev nikotina.<\/li>\n<li data-section-id=\"vpwi0t\" data-start=\"1240\" data-end=\"1337\">Polnilna baterija 500mAh ponuja stabilen izhod mo\u010di in jo je mogo\u010de ve\u010dkrat napolniti.<\/li>\n<li data-section-id=\"ufnvho\" data-start=\"1338\" data-end=\"1419\">Delovanje na poteg odpravlja gumbe in nastavitve ter omogo\u010da takoj\u0161njo uporabo.<\/li>\n<li data-section-id=\"4o9jx3\" data-start=\"1420\" data-end=\"1521\">Kristalno \u010dist zunanji videz daje napravi sodoben izgled in pomaga, da izstopa na prodajnih policah.<\/li>\n<\/ol>\n<h3>WGA Polnilni Crystal Vape 600 Puff Seznam okusov<\/h3>\n<p>1. Kisli ananas z ledom<br \/>\n2. Jagodni led<br \/>\n3. Trojni mango<br \/>\n4. Borovnica kisla malina<br \/>\n5. Roza limonada<br \/>\n6. Skitz<br \/>\n7. \u0160ume\u010da \u010de\u0161nja<br \/>\n8. Jagoda \u010de\u0161nja malina<br \/>\n9. Ananas z ledom<br \/>\n10. Gospod Modri<br \/>\n11. Led jagoda<br \/>\n12. Mix Bear<br \/>\n13. \u010ce\u0161nja z ledom<br \/>\n14. Lubenica z ledom<br \/>\n15. Borovnica malina<br \/>\n16. Jagoda Kiwi<br \/>\n17. Borovnica Vi\u0161nja Ribizla<br \/>\n18. Limona Limeta<br \/>\n19. Mentol<br \/>\n20. Sve\u017e Meta<br \/>\n21. Cola Led<br \/>\n22. Modra Razz Limona<br \/>\n23. Modna Fuzija<br \/>\n24. Jagodna Eksplozija<br \/>\n25. Kiwi Pasijonov Sadni Guava<br \/>\n26. Melona Jagoda<br \/>\n27. VMT Led<br \/>\n28. Banana Led<br \/>\n29. Jagoda Melona Bgum<br \/>\n30. Sve\u017e Mentol Mojito<\/p>\n<h3><strong class=\"Yjhzub\" data-sfc-root=\"c\" data-sfc-cb=\"\" data-complete=\"true\">Kupi airmez xbeats z Bluetooth slu\u0161alkami za vapenje<\/strong>\u00a0kontakt<\/h3>\n<p>\u2709\ufe0f E-po\u0161ta: vicky@essenvape.com<br \/>\n\ud83d\udcde Whatsapp\/Telefonska \u0161tevilka: <a href=\"https:\/\/wa.me\/8618077105750\">+8618077105750<\/a><br \/>\n\ud83d\udd58 Delovni \u010das: 9:00 \u2013 18:00<br \/>\n\ud83d\udccd Lokacija: Ljubljana<\/p>\n<p>\u2705 Veletrgovci in trgovci so dobrodo\u0161li pri prilagajanju naro\u010dil<br \/>\n\u2705Zagotavljamo najkakovostnej\u0161e izdelke in najbolj strokovne storitve.<\/p>\n<p><img decoding=\"async\" class=\"alignnone size-full wp-image-2638\" src=\"https:\/\/vapehosale.com\/wp-content\/uploads\/2023\/09\/885301ea6f5e0b91f5ab2b1c85e665c.png\" alt=\"Tovarna RandM\" width=\"670\" height=\"658\" srcset=\"https:\/\/vapehosale.com\/wp-content\/uploads\/2023\/09\/885301ea6f5e0b91f5ab2b1c85e665c.png 670w, https:\/\/vapehosale.com\/wp-content\/uploads\/2023\/09\/885301ea6f5e0b91f5ab2b1c85e665c-300x295.png 300w, https:\/\/vapehosale.com\/wp-content\/uploads\/2023\/09\/885301ea6f5e0b91f5ab2b1c85e665c-600x589.png 600w\" sizes=\"(max-width: 670px) 100vw, 670px\" \/><\/p>\n<h2 data-section-id=\"19r9o0a\" data-start=\"1993\" data-end=\"2052\">Zakaj izbrati WGA Crystal Bar 600 Pufov Predpolnjeni Pokalni Set?<\/h2>\n<p data-start=\"2054\" data-end=\"2401\" data-is-last-node=\"\" data-is-only-node=\"\">WGA Crystal Bar 600 Pufov Predpolnjeni Pokalni Set je zasnovan za uporabnike, ki \u017eelijo udobje enkratne vape naprave brez potrebe po zamenjavi celotne naprave po vsaki uporabi. Z 2 ml pokalom, 20 mg nikotinske soli, mre\u017eno tuljavo 1.2\u03a9 in polnljivo baterijo 500mAh ponuja prakti\u010dno in stro\u0161kovno u\u010dinkovito re\u0161itev za vaping tako za prodajalce kot za kon\u010dne uporabnike.<\/p>\n<h2 data-section-id=\"16umb23\" data-start=\"1523\" data-end=\"1545\">Uporaba in vzdr\u017eevanje<\/h2>\n<ol data-start=\"1547\" data-end=\"1859\">\n<li data-section-id=\"1jv8p5t\" data-start=\"1547\" data-end=\"1594\">Odstranite napravo in pokal iz embala\u017ee.<\/li>\n<li data-section-id=\"wthaxz\" data-start=\"1595\" data-end=\"1647\">Vstavite \u017ee napolnjen pod v baterijsko napravo.<\/li>\n<li data-section-id=\"14d1vdg\" data-start=\"1648\" data-end=\"1717\">Vdihnite skozi ustnik, da se naprava samodejno aktivira.<\/li>\n<li data-section-id=\"1jr51nj\" data-start=\"1718\" data-end=\"1788\">Ko je baterija prazna, jo napolnite s kablom USB Type-C.<\/li>\n<li data-section-id=\"15yak6q\" data-start=\"1789\" data-end=\"1859\">Zamenjajte pod, ko je e-teko\u010dina porabljena ali se okus oslabi.<\/li>\n<\/ol>\n<h3><strong>Vsebina paketa:<\/strong><\/h3>\n<ol>\n<li data-section-id=\"j7oozn\" data-start=\"1882\" data-end=\"1932\">1 \u00d7 WGA Crystal Bar polnilna naprava (500mAh)<\/li>\n<li data-section-id=\"12mvu74\" data-start=\"1933\" data-end=\"1973\">1 \u00d7 WGA Crystal Bar 2ml \u017ee napolnjen pod<\/li>\n<li data-section-id=\"1e455xh\" data-start=\"1974\" data-end=\"1991\">1 \u00d7 uporabni\u0161ki priro\u010dnik<\/li>\n<\/ol>\n<p>Kontakt za katalog izdelkov:<a href=\"https:\/\/wa.me\/8618077105750\">Nakupujte zdaj, preverite vse veleprodajne cene<\/a><br \/>\nDrugi najbolje prodajani vape, ki jih morda potrebujete<\/p>\n<p><a href=\"https:\/\/vapehosale.com\/sl\/product-category\/wga-vape\/\">veleprodaja WGA vape v bli\u017eini mene \ud83d\udc48\ud83c\udffb<\/a><br \/>\n<a href=\"https:\/\/vapehosale.com\/sl\/product-category\/wholesale-600-puffs-disposable-vape\/\"><strong class=\"Yjhzub\" data-sfc-root=\"c\" data-sfc-cb=\"\" data-complete=\"true\">Enkratna vape naprava 600 vdihov majhni vdihi veleprodaja vape<\/strong><\/a><\/p>\n<p><a href=\"https:\/\/vapehosale.com\/sl\/product-category\/disposable-vape-in-european-warehouse\/\">Tukaj dobite katalog vapeov za enkratno uporabo za skladi\u0161\u010de EU\ud83d\udc48\ud83c\udffb<\/a><\/p>\n<h4>\u010das dostave:<\/h4>\n<p>po\u0161iljanje iz skladi\u0161\u010da v Kitajski<\/p>\n<p>1. \u010cas izdelave: v 5 delovnih dneh po prejemu pla\u010dila po\u0161ljemo<\/p>\n<p>2. \u010cas dostave: 10-14 dni (V primeru praznikov in carinske kontrole bo \u010das dostave podalj\u0161an.)<\/p>\n<h4>Na\u010dini pla\u010dila:<\/h4>\n<p>1. ban\u010dno nakazilo\/western union\/wise\/revolut\/postepay \u2705<span style=\"color: #ff0000\"><span class=\"x1rg5ohu x16dsc37 x19la9d6 x1fc57z9 x6ikm8r x10wlt62 x19co3pv x11tp94h xw4jnvo x1qx5ct2 xfibh0p xiy17q3 x1xsqp64 x1lkfr7t xexx8yu xyri2b x18d9i69 x1c1uobl\"><span class=\"xrtxmta x1bhl96m\"><br \/>\n<\/span><\/span><\/span><span class=\"x1rg5ohu x16dsc37 x19la9d6 x1fc57z9 x6ikm8r x10wlt62 x19co3pv x11tp94h xw4jnvo x1qx5ct2 xfibh0p xiy17q3 x1xsqp64 x1lkfr7t xexx8yu xyri2b x18d9i69 x1c1uobl\"><span class=\"xrtxmta x1bhl96m\">2.<\/span><\/span><span class=\"x1rg5ohu x16dsc37 x19la9d6 x1fc57z9 x6ikm8r x10wlt62 x19co3pv x11tp94h xw4jnvo x1qx5ct2 xfibh0p xiy17q3 x1xsqp64 x1lkfr7t xexx8yu xyri2b x18d9i69 x1c1uobl\"><span class=\"xrtxmta x1bhl96m\">ra\u010dun je zagotovljen<br \/>\nproforma ra\u010dun\u27a1\ufe0fban\u010dni ra\u010dun podjetja\u27a1\ufe0fra\u010dunovodske informacije<br \/>\n3. ne podpira <span style=\"color: #ff0000\">pla\u010dilo po povzetju<\/span> \u0161e\u274c<br \/>\n<\/span><\/span><\/p>\n<p>Vsi izdelki v na\u0161i trgovini so 100% izvirni in pristni, zato je na\u0161e pravilo trgovine Desetkratno nadomestilo za ponarejeno blago.<\/p>\n<h5><span style=\"color: #ff0000\">Minimalno naro\u010dilo 50 kosov<\/span><\/h5>","protected":false},"excerpt":{"rendered":"<p data-start=\"2414\" data-end=\"2672\">WGA Crystal Bar 600 Puffs Prednapolnjen Pod Kit je namenjen strankam, ki \u017eelijo preprost pod sistem z udobjem za enkratno uporabo. Zdru\u017euje 2 ml prednapolnjen pod, 20 mg nikotinske soli, 600 vdihov in polnilno baterijo 500 mAh v eni kompaktni napravi. Za veletrgovce in trgovce je ta format la\u017eje predstaviti, la\u017eje uporabljati in bolj primeren za ponovne prodaje podov kot popolnoma enkratni model.<br \/>\n<span style=\"color: #ff0000\">(spletna cena ne vklju\u010duje stro\u0161kov po\u0161iljanja)<\/span><\/p>\n<p><span style=\"color: #ff0000\">MOQ: 100 kosov, kontaktirajte Vicky za veleprodajni katalog vozol<\/span><\/p>\n<p><img decoding=\"async\" class=\"alignnone size-medium wp-image-2638\" src=\"https:\/\/vapehosale.com\/wp-content\/uploads\/2023\/09\/885301ea6f5e0b91f5ab2b1c85e665c-300x295.png\" alt=\"Tovarna RandM\" width=\"300\" height=\"295\" srcset=\"https:\/\/vapehosale.com\/wp-content\/uploads\/2023\/09\/885301ea6f5e0b91f5ab2b1c85e665c-300x295.png 300w, https:\/\/vapehosale.com\/wp-content\/uploads\/2023\/09\/885301ea6f5e0b91f5ab2b1c85e665c-600x589.png 600w, https:\/\/vapehosale.com\/wp-content\/uploads\/2023\/09\/885301ea6f5e0b91f5ab2b1c85e665c.png 670w\" sizes=\"(max-width: 300px) 100vw, 300px\" \/><\/p>\n<p>&nbsp;<\/p>","protected":false},"featured_media":6704,"comment_status":"open","ping_status":"closed","template":"","meta":{"_uag_custom_page_level_css":"","_lmt_disableupdate":"no","_lmt_disable":"","site-sidebar-layout":"default","site-content-layout":"","ast-site-content-layout":"default","site-content-style":"default","site-sidebar-style":"default","ast-global-header-display":"","ast-banner-title-visibility":"","ast-main-header-display":"","ast-hfb-above-header-display":"","ast-hfb-below-header-display":"","ast-hfb-mobile-header-display":"","site-post-title":"","ast-breadcrumbs-content":"","ast-featured-img":"","footer-sml-layout":"","theme-transparent-header-meta":"default","adv-header-id-meta":"","stick-header-meta":"","header-above-stick-meta":"","header-main-stick-meta":"","header-below-stick-meta":"","astra-migrate-meta-layouts":"set","_joinchat":[]},"product_cat":[15,101,41,143],"product_tag":[42,35],"class_list":["post-6709","product","type-product","status-publish","has-post-thumbnail","hentry","product_cat-vape-shop-wholesale","product_cat-wholesale-600-puffs-disposable-vape","product_cat-europe-hot-sale-vape","product_cat-wga-vape","product_tag-crystal-bar-vape","product_tag-rechargeable-disposable-device","desktop-align-left","tablet-align-left","mobile-align-left"],"yoast_head":"<!-- This site is optimized with the Yoast SEO plugin v21.1 - https:\/\/yoast.com\/wordpress\/plugins\/seo\/ -->\n<title>WGA Crystal Bar 600 Puffs Pre-Filled Pod Kit - Vape Wholesale<\/title>\n<meta name=\"description\" content=\"Buy the WGA Crystal Bar 600 Puffs with a 500mAh rechargeable battery, 2ml pre-filled pod, 20mg nicotine salt, and 1.2\u03a9 mesh coil for smooth MTL vaping.\" \/>\n<meta name=\"robots\" content=\"index, follow, max-snippet:-1, max-image-preview:large, max-video-preview:-1\" \/>\n<link rel=\"canonical\" href=\"https:\/\/vapehosale.com\/sl\/product\/wga-crystal-bar-600-puffs-pre-filled-pod-kit\/\" \/>\n<meta property=\"og:locale\" content=\"sl_SI\" \/>\n<meta property=\"og:type\" content=\"article\" \/>\n<meta property=\"og:title\" content=\"WGA Crystal Bar 600 Puffs Pre-Filled Pod Kit - Vape Wholesale\" \/>\n<meta property=\"og:description\" content=\"Buy the WGA Crystal Bar 600 Puffs with a 500mAh rechargeable battery, 2ml pre-filled pod, 20mg nicotine salt, and 1.2\u03a9 mesh coil for smooth MTL vaping.\" \/>\n<meta property=\"og:url\" content=\"https:\/\/vapehosale.com\/sl\/product\/wga-crystal-bar-600-puffs-pre-filled-pod-kit\/\" \/>\n<meta property=\"og:site_name\" content=\"Vape Wholesale\" \/>\n<meta property=\"article:modified_time\" content=\"2026-05-11T03:17:58+00:00\" \/>\n<meta property=\"og:image\" content=\"https:\/\/vapehosale.com\/wp-content\/uploads\/2026\/05\/rechargeable-crystal-bar-600-puffs-WGA-vape.webp\" \/>\n\t<meta property=\"og:image:width\" content=\"1000\" \/>\n\t<meta property=\"og:image:height\" content=\"1301\" \/>\n\t<meta property=\"og:image:type\" content=\"image\/webp\" \/>\n<meta name=\"twitter:card\" content=\"summary_large_image\" \/>\n<meta name=\"twitter:label1\" content=\"Est. reading time\" \/>\n\t<meta name=\"twitter:data1\" content=\"4 minute\" \/>\n<script type=\"application\/ld+json\" class=\"yoast-schema-graph\">{\"@context\":\"https:\/\/schema.org\",\"@graph\":[{\"@type\":\"WebPage\",\"@id\":\"https:\/\/vapehosale.com\/product\/wga-crystal-bar-600-puffs-pre-filled-pod-kit\/\",\"url\":\"https:\/\/vapehosale.com\/product\/wga-crystal-bar-600-puffs-pre-filled-pod-kit\/\",\"name\":\"WGA Crystal Bar 600 Puffs Pre-Filled Pod Kit - Vape Wholesale\",\"isPartOf\":{\"@id\":\"https:\/\/vapehosale.com\/#website\"},\"datePublished\":\"2026-05-11T03:08:23+00:00\",\"dateModified\":\"2026-05-11T03:17:58+00:00\",\"description\":\"Buy the WGA Crystal Bar 600 Puffs with a 500mAh rechargeable battery, 2ml pre-filled pod, 20mg nicotine salt, and 1.2\u03a9 mesh coil for smooth MTL vaping.\",\"breadcrumb\":{\"@id\":\"https:\/\/vapehosale.com\/product\/wga-crystal-bar-600-puffs-pre-filled-pod-kit\/#breadcrumb\"},\"inLanguage\":\"sl-SI\",\"potentialAction\":[{\"@type\":\"ReadAction\",\"target\":[\"https:\/\/vapehosale.com\/product\/wga-crystal-bar-600-puffs-pre-filled-pod-kit\/\"]}]},{\"@type\":\"BreadcrumbList\",\"@id\":\"https:\/\/vapehosale.com\/product\/wga-crystal-bar-600-puffs-pre-filled-pod-kit\/#breadcrumb\",\"itemListElement\":[{\"@type\":\"ListItem\",\"position\":1,\"name\":\"Home\",\"item\":\"https:\/\/vapehosale.com\/\"},{\"@type\":\"ListItem\",\"position\":2,\"name\":\"Best Sell Vapes\",\"item\":\"https:\/\/vapehosale.com\/vape-shop\/\"},{\"@type\":\"ListItem\",\"position\":3,\"name\":\"WGA Crystal Bar 600 Puffs Pre-Filled Pod Kit\"}]},{\"@type\":\"WebSite\",\"@id\":\"https:\/\/vapehosale.com\/#website\",\"url\":\"https:\/\/vapehosale.com\/\",\"name\":\"Vape Wholesale\",\"description\":\"Buy Vape Wholesale Price Near you\",\"potentialAction\":[{\"@type\":\"SearchAction\",\"target\":{\"@type\":\"EntryPoint\",\"urlTemplate\":\"https:\/\/vapehosale.com\/?s={search_term_string}\"},\"query-input\":\"required name=search_term_string\"}],\"inLanguage\":\"sl-SI\"}]}<\/script>\n<!-- \/ Yoast SEO plugin. -->","yoast_head_json":{"title":"WGA Crystal Bar 600 Puffs Pre-Filled Pod Kit - Vape Wholesale","description":"Buy the WGA Crystal Bar 600 Puffs with a 500mAh rechargeable battery, 2ml pre-filled pod, 20mg nicotine salt, and 1.2\u03a9 mesh coil for smooth MTL vaping.","robots":{"index":"index","follow":"follow","max-snippet":"max-snippet:-1","max-image-preview":"max-image-preview:large","max-video-preview":"max-video-preview:-1"},"canonical":"https:\/\/vapehosale.com\/sl\/product\/wga-crystal-bar-600-puffs-pre-filled-pod-kit\/","og_locale":"sl_SI","og_type":"article","og_title":"WGA Crystal Bar 600 Puffs Pre-Filled Pod Kit - Vape Wholesale","og_description":"Buy the WGA Crystal Bar 600 Puffs with a 500mAh rechargeable battery, 2ml pre-filled pod, 20mg nicotine salt, and 1.2\u03a9 mesh coil for smooth MTL vaping.","og_url":"https:\/\/vapehosale.com\/sl\/product\/wga-crystal-bar-600-puffs-pre-filled-pod-kit\/","og_site_name":"Vape Wholesale","article_modified_time":"2026-05-11T03:17:58+00:00","og_image":[{"width":1000,"height":1301,"url":"https:\/\/vapehosale.com\/wp-content\/uploads\/2026\/05\/rechargeable-crystal-bar-600-puffs-WGA-vape.webp","type":"image\/webp"}],"twitter_card":"summary_large_image","twitter_misc":{"Est. reading time":"4 minute"},"schema":{"@context":"https:\/\/schema.org","@graph":[{"@type":"WebPage","@id":"https:\/\/vapehosale.com\/product\/wga-crystal-bar-600-puffs-pre-filled-pod-kit\/","url":"https:\/\/vapehosale.com\/product\/wga-crystal-bar-600-puffs-pre-filled-pod-kit\/","name":"WGA Crystal Bar 600 Puffs Pre-Filled Pod Kit - Vape Wholesale","isPartOf":{"@id":"https:\/\/vapehosale.com\/#website"},"datePublished":"2026-05-11T03:08:23+00:00","dateModified":"2026-05-11T03:17:58+00:00","description":"Buy the WGA Crystal Bar 600 Puffs with a 500mAh rechargeable battery, 2ml pre-filled pod, 20mg nicotine salt, and 1.2\u03a9 mesh coil for smooth MTL vaping.","breadcrumb":{"@id":"https:\/\/vapehosale.com\/product\/wga-crystal-bar-600-puffs-pre-filled-pod-kit\/#breadcrumb"},"inLanguage":"sl-SI","potentialAction":[{"@type":"ReadAction","target":["https:\/\/vapehosale.com\/product\/wga-crystal-bar-600-puffs-pre-filled-pod-kit\/"]}]},{"@type":"BreadcrumbList","@id":"https:\/\/vapehosale.com\/product\/wga-crystal-bar-600-puffs-pre-filled-pod-kit\/#breadcrumb","itemListElement":[{"@type":"ListItem","position":1,"name":"Home","item":"https:\/\/vapehosale.com\/"},{"@type":"ListItem","position":2,"name":"Best Sell Vapes","item":"https:\/\/vapehosale.com\/vape-shop\/"},{"@type":"ListItem","position":3,"name":"WGA Crystal Bar 600 Puffs Pre-Filled Pod Kit"}]},{"@type":"WebSite","@id":"https:\/\/vapehosale.com\/#website","url":"https:\/\/vapehosale.com\/","name":"Vape Wholesale","description":"Buy Vape Wholesale Price Near you","potentialAction":[{"@type":"SearchAction","target":{"@type":"EntryPoint","urlTemplate":"https:\/\/vapehosale.com\/?s={search_term_string}"},"query-input":"required name=search_term_string"}],"inLanguage":"sl-SI"}]}},"uagb_featured_image_src":{"full":["https:\/\/vapehosale.com\/wp-content\/uploads\/2026\/05\/rechargeable-crystal-bar-600-puffs-WGA-vape.webp",1000,1301,false],"thumbnail":["https:\/\/vapehosale.com\/wp-content\/uploads\/2026\/05\/rechargeable-crystal-bar-600-puffs-WGA-vape-150x150.webp",150,150,true],"medium":["https:\/\/vapehosale.com\/wp-content\/uploads\/2026\/05\/rechargeable-crystal-bar-600-puffs-WGA-vape-231x300.webp",231,300,true],"medium_large":["https:\/\/vapehosale.com\/wp-content\/uploads\/2026\/05\/rechargeable-crystal-bar-600-puffs-WGA-vape-768x999.webp",768,999,true],"large":["https:\/\/vapehosale.com\/wp-content\/uploads\/2026\/05\/rechargeable-crystal-bar-600-puffs-WGA-vape-787x1024.webp",787,1024,true],"1536x1536":["https:\/\/vapehosale.com\/wp-content\/uploads\/2026\/05\/rechargeable-crystal-bar-600-puffs-WGA-vape.webp",1000,1301,false],"2048x2048":["https:\/\/vapehosale.com\/wp-content\/uploads\/2026\/05\/rechargeable-crystal-bar-600-puffs-WGA-vape.webp",1000,1301,false],"trp-custom-language-flag":["https:\/\/vapehosale.com\/wp-content\/uploads\/2026\/05\/rechargeable-crystal-bar-600-puffs-WGA-vape-9x12.webp",9,12,true],"woocommerce_thumbnail":["https:\/\/vapehosale.com\/wp-content\/uploads\/2026\/05\/rechargeable-crystal-bar-600-puffs-WGA-vape-300x300.webp",300,300,true],"woocommerce_single":["https:\/\/vapehosale.com\/wp-content\/uploads\/2026\/05\/rechargeable-crystal-bar-600-puffs-WGA-vape-600x781.webp",600,781,true],"woocommerce_gallery_thumbnail":["https:\/\/vapehosale.com\/wp-content\/uploads\/2026\/05\/rechargeable-crystal-bar-600-puffs-WGA-vape-100x100.webp",100,100,true],"wcpr-photo-reviews":["https:\/\/vapehosale.com\/wp-content\/uploads\/2026\/05\/rechargeable-crystal-bar-600-puffs-WGA-vape.webp",384,500,false]},"uagb_author_info":{"display_name":"Vicky hosale","author_link":"https:\/\/vapehosale.com\/sl\/author\/"},"uagb_comment_info":0,"uagb_excerpt":"WGA Crystal Bar 600 Puffs Pre-Filled Pod Kit is built for customers who want a simple pod system with disposable-style convenience. It combines a 2ml pre-filled pod, 20mg nicotine salt, 600-puff output, and a rechargeable 500mAh battery in one compact device. For wholesalers and retailers, this format is easier to present, easier to use, and&hellip;","_links":{"self":[{"href":"https:\/\/vapehosale.com\/sl\/wp-json\/wp\/v2\/product\/6709","targetHints":{"allow":["GET"]}}],"collection":[{"href":"https:\/\/vapehosale.com\/sl\/wp-json\/wp\/v2\/product"}],"about":[{"href":"https:\/\/vapehosale.com\/sl\/wp-json\/wp\/v2\/types\/product"}],"replies":[{"embeddable":true,"href":"https:\/\/vapehosale.com\/sl\/wp-json\/wp\/v2\/comments?post=6709"}],"wp:featuredmedia":[{"embeddable":true,"href":"https:\/\/vapehosale.com\/sl\/wp-json\/wp\/v2\/media\/6704"}],"wp:attachment":[{"href":"https:\/\/vapehosale.com\/sl\/wp-json\/wp\/v2\/media?parent=6709"}],"wp:term":[{"taxonomy":"product_cat","embeddable":true,"href":"https:\/\/vapehosale.com\/sl\/wp-json\/wp\/v2\/product_cat?post=6709"},{"taxonomy":"product_tag","embeddable":true,"href":"https:\/\/vapehosale.com\/sl\/wp-json\/wp\/v2\/product_tag?post=6709"}],"curies":[{"name":"wp","href":"https:\/\/api.w.org\/{rel}","templated":true}]}}