{"id":5756,"date":"2025-11-25T09:51:30","date_gmt":"2025-11-25T09:51:30","guid":{"rendered":"https:\/\/vapehosale.com\/?post_type=product&#038;p=5756"},"modified":"2025-11-26T06:51:18","modified_gmt":"2025-11-26T06:51:18","slug":"elf-bar-gh33000-pro-disposable-vape-eu-warehouse","status":"publish","type":"product","link":"https:\/\/vapehosale.com\/sl\/product\/elf-bar-gh33000-pro-disposable-vape-eu-warehouse\/","title":{"rendered":"ELF BAR GH33000 PRO Razgradljivi vape EU skladi\u0161\u010de"},"content":{"rendered":"<h1 style=\"text-align: center\">Na prodaj na debelo ELF BAR GH33000 PRO Disposable Vape<\/h1>\n<p>ELFBAR GH 33000 PRO je visokozmogljiv enkratni vape zasnovan za te\u017eko, dolgoro\u010dno uporabo, ki zagotavlja do 33.000 vdihov iz 23 ml vrhunske e-tekline. z vgrajeno baterijo 850mAh, mre\u017eno tuljavo in tri-stopenjsko nastavljivo mo\u010djo proizvaja stabilen paro in dosleden okus skozi tiso\u010de vdihov. ukrivljen zaslon prikazuje mo\u010d in ocenjen \u0161t. vdihov, medtem ko priklju\u010dek tip-c omogo\u010da hitro polnjenje. na voljo v 15 razli\u010dnih okusih z nikotinom 5%.<br \/>\n<img decoding=\"async\" class=\"alignnone size-full wp-image-5765\" src=\"https:\/\/vapehosale.com\/wp-content\/uploads\/2025\/11\/elfbar-gh33000-pro-price.webp\" alt=\"cena elfbar gh33000 pro\" width=\"800\" height=\"852\" srcset=\"https:\/\/vapehosale.com\/wp-content\/uploads\/2025\/11\/elfbar-gh33000-pro-price.webp 800w, https:\/\/vapehosale.com\/wp-content\/uploads\/2025\/11\/elfbar-gh33000-pro-price-282x300.webp 282w, https:\/\/vapehosale.com\/wp-content\/uploads\/2025\/11\/elfbar-gh33000-pro-price-768x818.webp 768w, https:\/\/vapehosale.com\/wp-content\/uploads\/2025\/11\/elfbar-gh33000-pro-price-11x12.webp 11w, https:\/\/vapehosale.com\/wp-content\/uploads\/2025\/11\/elfbar-gh33000-pro-price-600x639.webp 600w\" sizes=\"(max-width: 800px) 100vw, 800px\" \/><\/p>\n<h2 data-start=\"1511\" data-end=\"1526\">Klju\u010dne zna\u010dilnosti ELF BAR GH33000 PRO:<\/h2>\n<p>Znamka: ELFBAR<br \/>\nE-tekila: 23 ml<br \/>\nVdihi: do 33.000<br \/>\nTuljava: Mre\u017ena tuljava<br \/>\nBaterija: 850mAh<br \/>\nVrata: Type-C<br \/>\nNikotina: 5%<br \/>\nOkusi: 15<br \/>\nTri-stopenjska nastavljiva mo\u010d<br \/>\nUkrivljen zaslon<\/p>\n<h2 data-start=\"1511\" data-end=\"1526\">Seznam okusov ELF BAR GH33000 PRO<\/h2>\n<p>1 Rde\u010da malina, grenivka, limona<br \/>\n2 Grenivka, pasijonka, guava<br \/>\n3 \u010ce\u0161nja, granatno jabolko, ananas<br \/>\n4 Jabolko, kivij, led<br \/>\n5 Iglice smreke<br \/>\n6 Kivi, ananas, breskev<br \/>\n7 Limona Limon<br \/>\n8 Gorski mete<br \/>\n9 Melona Ice<br \/>\n10 Grozdna Ice<br \/>\n11 Kisla jagoda Dragonfruit<br \/>\n12 Granatno jabolko Burst<br \/>\n13 Hru\u0161ka Soda<br \/>\n14 Modri Razz Ice<br \/>\n15 Babica \u010de\u0161nja<\/p>\n<h3 data-start=\"2071\" data-end=\"2079\">Pogosta vpra\u0161anja o ELFBAR GH33000 Puffs Pro enkratni vape<\/h3>\n<p data-start=\"93\" data-end=\"405\"><strong data-start=\"93\" data-end=\"151\">koliko potegov lahko zagotovi ELFBAR GH 33000 PRO?<\/strong><br data-start=\"151\" data-end=\"154\" \/>naprava je zasnovana za do <strong data-start=\"189\" data-end=\"205\">33.000 potegov<\/strong> iz njenega <strong data-start=\"215\" data-end=\"223\">23 ml<\/strong> rezervoarja za e-tekilo. dejanska uporaba se rahlo razlikuje glede na trajanje potega in izbrano mo\u010d, vendar ve\u010dina te\u017ekih uporabnikov do\u017eivi <strong data-start=\"352\" data-end=\"375\">ve\u010dtedensko \u017eivljenjsko dobo<\/strong> preden se e-tekilo izprazni.<\/p>\n<p data-start=\"407\" data-end=\"682\"><strong data-start=\"407\" data-end=\"454\">2. ali je ELFBAR GH 33000 PRO polnjen?<\/strong><br data-start=\"454\" data-end=\"457\" \/>da. ima <strong data-start=\"477\" data-end=\"508\">850mAh polnilna baterija<\/strong> z <strong data-start=\"516\" data-end=\"540\">vrata za polnjenje tip-c<\/strong>, ki vam omogo\u010da ponovno polnjenje skozi celotno \u017eivljenjsko dobo. naprava ostaja enkratna in je namenjena dolgotrajni uporabi, dokler ni e-tekila konec.<\/p>\n<p data-start=\"684\" data-end=\"924\"><strong data-start=\"684\" data-end=\"747\">3. kak\u0161ne mo\u017enosti jakosti nikotina in okusa so na voljo pri ELF Bar GH33k puffs?<\/strong><br data-start=\"747\" data-end=\"750\" \/>ELFBAR GH 33000 PRO vsebuje <strong data-start=\"783\" data-end=\"798\">5-odstotno nikotinsko<\/strong> in ponuja <strong data-start=\"810\" data-end=\"824\">15 okusov<\/strong>, vklju\u010dno z okusi sadja, mentola in sladic, zagotavlja jasne izbire brez polnjenja ali me\u0161anja.<\/p>\n<p data-start=\"926\" data-end=\"1176\"><strong data-start=\"926\" data-end=\"979\">4. kaj po\u010dne tri-razredna nastavljiva mo\u010d ELF Bar vape GH33k pro puffs?<\/strong><br data-start=\"979\" data-end=\"982\" \/>the <strong data-start=\"986\" data-end=\"1004\">3 ravni mo\u010di<\/strong> vam omogo\u010dajo preklapljanje med nizko, srednjo in visoko izhodno mo\u010djo. to prilagaja zadetek v grlo, gostoto pare in porabo baterije \u2014 ni\u017eje za gladke vdihe, vi\u0161je za gostej\u0161e oblake.<\/p>\n<p data-start=\"1178\" data-end=\"1419\"><strong data-start=\"1178\" data-end=\"1230\">5. kako vam pomaga ukrivljen zaslon ELF Bar disposable vape GH33000 puffs pro med uporabo?<\/strong><br data-start=\"1230\" data-end=\"1233\" \/>ukrivljen zaslon prikazuje <strong data-start=\"1257\" data-end=\"1272\">raven mo\u010di<\/strong> in <strong data-start=\"1277\" data-end=\"1301\">ocenjen \u0161t. vdihov<\/strong>, kar vam pomaga spremljati preostalo \u017eivljenjsko dobo in natan\u010dno prilagoditi nastavitve, da vas ne preseneti nenadna izpraznitev.<\/p>\n<h3><strong>Vsebina paketa:<\/strong><\/h3>\n<p>1 x ELF BAR GH33000 PRO enkratna vape<\/p>\n<h3>Kontakt za veleprodajo<\/h3>\n<p>\u2705Originalna Tovarna ELFBAR Disposable vape veleprodaja Whatsapp:<a href=\"https:\/\/wa.me\/8618077105750\">+8618077105750<\/a><\/p>\n<p>\u2705 Veletrgovci in trgovci so dobrodo\u0161li pri prilagajanju naro\u010dil<br \/>\n\u2705Zagotavljamo najkakovostnej\u0161e izdelke in najbolj strokovne storitve.<\/p>\n<p><img decoding=\"async\" class=\"alignnone size-full wp-image-2638\" src=\"https:\/\/vapehosale.com\/wp-content\/uploads\/2023\/09\/885301ea6f5e0b91f5ab2b1c85e665c.png\" alt=\"Tovarna RandM\" width=\"670\" height=\"658\" srcset=\"https:\/\/vapehosale.com\/wp-content\/uploads\/2023\/09\/885301ea6f5e0b91f5ab2b1c85e665c.png 670w, https:\/\/vapehosale.com\/wp-content\/uploads\/2023\/09\/885301ea6f5e0b91f5ab2b1c85e665c-300x295.png 300w, https:\/\/vapehosale.com\/wp-content\/uploads\/2023\/09\/885301ea6f5e0b91f5ab2b1c85e665c-600x589.png 600w\" sizes=\"(max-width: 670px) 100vw, 670px\" \/><\/p>\n<p>Kontakt za katalog izdelkov:<a href=\"https:\/\/wa.me\/8618077105750\">Nakupujte zdaj, preverite vse veleprodajne cene<\/a><br \/>\nDrugi najbolje prodajani vape, ki jih morda potrebujete<\/p>\n<p><a href=\"https:\/\/vapehosale.com\/sl\/product-tag\/elfbar-vape\/\">ELFBAR Enkratne vape na debelo skladi\u0161\u010de v Evropi<\/a><br \/>\n<a href=\"https:\/\/vapehosale.com\/sl\/product-category\/puff-30k-disposable-vape\/\">30k vdihov enkratna vape Top Prodaja<\/a><\/p>\n<p>Vape model posebne oblike:<a href=\"https:\/\/vapehosale.com\/sl\/product\/bulk-buy-bang-king-12000\/\">oblika steklenice<\/a>\/Plo\u010devinka Koke\/<a href=\"https:\/\/vapehosale.com\/sl\/product\/sidia-12000-puffs-disposable-device\/\">RGB svetloba<\/a>\/Kristal<\/p>\n<h3>Podrobnosti o po\u0161iljanju:<\/h3>\n<p>DHL\/UPS\/DPD\/GLS, dostava v 3-5 delovnih dneh na va\u0161 naslov, po\u0161iljano iz skladi\u0161\u010da v Evropi<\/p>\n<h4>Podrobnosti o pla\u010dilu:<\/h4>\n<p>Podpiramo pla\u010dilo z ban\u010dnim nakazilom ali Western Unionom, smo tovarna vape naprav iz Kitajske, <span style=\"color: #ff0000\">ne podpiramo pla\u010dila po povzetju.<\/span><\/p>\n<p>Vsi izdelki v na\u0161i trgovini so 100% izvirni in pristni, zato je na\u0161e pravilo trgovine Desetkratno nadomestilo za ponarejeno blago.<\/p>\n<h5><span style=\"color: #ff0000\">Minimalno naro\u010dilo 50 kosov<\/span><\/h5>","protected":false},"excerpt":{"rendered":"<p data-start=\"2414\" data-end=\"2672\">elfbar gh 33000 pro zagotavlja do 33.000 vdihov iz 23 ml e-tekline. z baterijo 850mAh, mre\u017eno tuljavo, polnjenjem tip-c in tri-stopenjsko nastavljivo mo\u010djo v 15 okusih, zagotavlja dosledni okus in dolgo trajajo\u010do zmogljivost za te\u017eke uporabnike<span style=\"color: #ff0000\">(spletna cena ne vklju\u010duje stro\u0161kov po\u0161iljanja)<\/span><\/p>\n<p><span style=\"color: #ff0000\">kontaktirajte me za minimalno naro\u010dilo samo 50 kosov! ne prodaja se pod 50 kosov, <\/span>Samo veleprodaja!<\/p>\n<p><img decoding=\"async\" class=\"alignnone size-medium wp-image-2638\" src=\"https:\/\/vapehosale.com\/wp-content\/uploads\/2023\/09\/885301ea6f5e0b91f5ab2b1c85e665c-300x295.png\" alt=\"Tovarna RandM\" width=\"300\" height=\"295\" srcset=\"https:\/\/vapehosale.com\/wp-content\/uploads\/2023\/09\/885301ea6f5e0b91f5ab2b1c85e665c-300x295.png 300w, https:\/\/vapehosale.com\/wp-content\/uploads\/2023\/09\/885301ea6f5e0b91f5ab2b1c85e665c-600x589.png 600w, https:\/\/vapehosale.com\/wp-content\/uploads\/2023\/09\/885301ea6f5e0b91f5ab2b1c85e665c.png 670w\" sizes=\"(max-width: 300px) 100vw, 300px\" \/><\/p>\n<p>&nbsp;<\/p>","protected":false},"featured_media":5758,"comment_status":"open","ping_status":"closed","template":"","meta":{"_uag_custom_page_level_css":"","_lmt_disableupdate":"no","_lmt_disable":"","site-sidebar-layout":"default","site-content-layout":"","ast-site-content-layout":"default","site-content-style":"default","site-sidebar-style":"default","ast-global-header-display":"","ast-banner-title-visibility":"","ast-main-header-display":"","ast-hfb-above-header-display":"","ast-hfb-below-header-display":"","ast-hfb-mobile-header-display":"","site-post-title":"","ast-breadcrumbs-content":"","ast-featured-img":"","footer-sml-layout":"","theme-transparent-header-meta":"default","adv-header-id-meta":"","stick-header-meta":"","header-above-stick-meta":"","header-main-stick-meta":"","header-below-stick-meta":"","astra-migrate-meta-layouts":"set","_joinchat":[]},"product_cat":[15,41,79,55,87],"product_tag":[76,105,35,33],"class_list":["post-5756","product","type-product","status-publish","has-post-thumbnail","hentry","product_cat-vape-shop-wholesale","product_cat-europe-hot-sale-vape","product_cat-disposable-vape-in-european-warehouse","product_cat-minimum-order-quantity-50pcs","product_cat-puff-30k-disposable-vape","product_tag-airflow-control-vape","product_tag-elfbar-vape","product_tag-rechargeable-disposable-device","product_tag-rgb-light-disposable-vape","desktop-align-left","tablet-align-left","mobile-align-left"],"yoast_head":"<!-- This site is optimized with the Yoast SEO plugin v21.1 - https:\/\/yoast.com\/wordpress\/plugins\/seo\/ -->\n<title>ELF BAR GH33000 PRO Disposable Vape Eu Warehouse - Vape Wholesale<\/title>\n<meta name=\"description\" content=\"Wholesale ELFBAR GH 33000 PRO \u2014 33,000 puffs, 15 flavors, 850mAh battery; long-lasting disposable vape, fast shipping from Europe warehouse.\" \/>\n<meta name=\"robots\" content=\"index, follow, max-snippet:-1, max-image-preview:large, max-video-preview:-1\" \/>\n<link rel=\"canonical\" href=\"https:\/\/vapehosale.com\/sl\/product\/elf-bar-gh33000-pro-disposable-vape-eu-warehouse\/\" \/>\n<meta property=\"og:locale\" content=\"sl_SI\" \/>\n<meta property=\"og:type\" content=\"article\" \/>\n<meta property=\"og:title\" content=\"ELF BAR GH33000 PRO Disposable Vape Eu Warehouse - Vape Wholesale\" \/>\n<meta property=\"og:description\" content=\"Wholesale ELFBAR GH 33000 PRO \u2014 33,000 puffs, 15 flavors, 850mAh battery; long-lasting disposable vape, fast shipping from Europe warehouse.\" \/>\n<meta property=\"og:url\" content=\"https:\/\/vapehosale.com\/sl\/product\/elf-bar-gh33000-pro-disposable-vape-eu-warehouse\/\" \/>\n<meta property=\"og:site_name\" content=\"Vape Wholesale\" \/>\n<meta property=\"article:modified_time\" content=\"2025-11-26T06:51:18+00:00\" \/>\n<meta property=\"og:image\" content=\"https:\/\/vapehosale.com\/wp-content\/uploads\/2025\/11\/Wholesale-ELF-BAR-GH33000-PRO-Disposable-Vape.webp\" \/>\n\t<meta property=\"og:image:width\" content=\"800\" \/>\n\t<meta property=\"og:image:height\" content=\"800\" \/>\n\t<meta property=\"og:image:type\" content=\"image\/webp\" \/>\n<meta name=\"twitter:card\" content=\"summary_large_image\" \/>\n<meta name=\"twitter:label1\" content=\"Est. reading time\" \/>\n\t<meta name=\"twitter:data1\" content=\"3 minute\" \/>\n<script type=\"application\/ld+json\" class=\"yoast-schema-graph\">{\"@context\":\"https:\/\/schema.org\",\"@graph\":[{\"@type\":\"WebPage\",\"@id\":\"https:\/\/vapehosale.com\/product\/elf-bar-gh33000-pro-disposable-vape-eu-warehouse\/\",\"url\":\"https:\/\/vapehosale.com\/product\/elf-bar-gh33000-pro-disposable-vape-eu-warehouse\/\",\"name\":\"ELF BAR GH33000 PRO Disposable Vape Eu Warehouse - Vape Wholesale\",\"isPartOf\":{\"@id\":\"https:\/\/vapehosale.com\/#website\"},\"datePublished\":\"2025-11-25T09:51:30+00:00\",\"dateModified\":\"2025-11-26T06:51:18+00:00\",\"description\":\"Wholesale ELFBAR GH 33000 PRO \u2014 33,000 puffs, 15 flavors, 850mAh battery; long-lasting disposable vape, fast shipping from Europe warehouse.\",\"breadcrumb\":{\"@id\":\"https:\/\/vapehosale.com\/product\/elf-bar-gh33000-pro-disposable-vape-eu-warehouse\/#breadcrumb\"},\"inLanguage\":\"sl-SI\",\"potentialAction\":[{\"@type\":\"ReadAction\",\"target\":[\"https:\/\/vapehosale.com\/product\/elf-bar-gh33000-pro-disposable-vape-eu-warehouse\/\"]}]},{\"@type\":\"BreadcrumbList\",\"@id\":\"https:\/\/vapehosale.com\/product\/elf-bar-gh33000-pro-disposable-vape-eu-warehouse\/#breadcrumb\",\"itemListElement\":[{\"@type\":\"ListItem\",\"position\":1,\"name\":\"Home\",\"item\":\"https:\/\/vapehosale.com\/\"},{\"@type\":\"ListItem\",\"position\":2,\"name\":\"Best Sell Vapes\",\"item\":\"https:\/\/vapehosale.com\/vape-shop\/\"},{\"@type\":\"ListItem\",\"position\":3,\"name\":\"ELF BAR GH33000 PRO Disposable Vape Eu Warehouse\"}]},{\"@type\":\"WebSite\",\"@id\":\"https:\/\/vapehosale.com\/#website\",\"url\":\"https:\/\/vapehosale.com\/\",\"name\":\"Vape Wholesale\",\"description\":\"Buy Vape Wholesale Price Near you\",\"potentialAction\":[{\"@type\":\"SearchAction\",\"target\":{\"@type\":\"EntryPoint\",\"urlTemplate\":\"https:\/\/vapehosale.com\/?s={search_term_string}\"},\"query-input\":\"required name=search_term_string\"}],\"inLanguage\":\"sl-SI\"}]}<\/script>\n<!-- \/ Yoast SEO plugin. -->","yoast_head_json":{"title":"ELF BAR GH33000 PRO Disposable Vape Eu Warehouse - Vape Wholesale","description":"Wholesale ELFBAR GH 33000 PRO \u2014 33,000 puffs, 15 flavors, 850mAh battery; long-lasting disposable vape, fast shipping from Europe warehouse.","robots":{"index":"index","follow":"follow","max-snippet":"max-snippet:-1","max-image-preview":"max-image-preview:large","max-video-preview":"max-video-preview:-1"},"canonical":"https:\/\/vapehosale.com\/sl\/product\/elf-bar-gh33000-pro-disposable-vape-eu-warehouse\/","og_locale":"sl_SI","og_type":"article","og_title":"ELF BAR GH33000 PRO Disposable Vape Eu Warehouse - Vape Wholesale","og_description":"Wholesale ELFBAR GH 33000 PRO \u2014 33,000 puffs, 15 flavors, 850mAh battery; long-lasting disposable vape, fast shipping from Europe warehouse.","og_url":"https:\/\/vapehosale.com\/sl\/product\/elf-bar-gh33000-pro-disposable-vape-eu-warehouse\/","og_site_name":"Vape Wholesale","article_modified_time":"2025-11-26T06:51:18+00:00","og_image":[{"width":800,"height":800,"url":"https:\/\/vapehosale.com\/wp-content\/uploads\/2025\/11\/Wholesale-ELF-BAR-GH33000-PRO-Disposable-Vape.webp","type":"image\/webp"}],"twitter_card":"summary_large_image","twitter_misc":{"Est. reading time":"3 minute"},"schema":{"@context":"https:\/\/schema.org","@graph":[{"@type":"WebPage","@id":"https:\/\/vapehosale.com\/product\/elf-bar-gh33000-pro-disposable-vape-eu-warehouse\/","url":"https:\/\/vapehosale.com\/product\/elf-bar-gh33000-pro-disposable-vape-eu-warehouse\/","name":"ELF BAR GH33000 PRO Disposable Vape Eu Warehouse - Vape Wholesale","isPartOf":{"@id":"https:\/\/vapehosale.com\/#website"},"datePublished":"2025-11-25T09:51:30+00:00","dateModified":"2025-11-26T06:51:18+00:00","description":"Wholesale ELFBAR GH 33000 PRO \u2014 33,000 puffs, 15 flavors, 850mAh battery; long-lasting disposable vape, fast shipping from Europe warehouse.","breadcrumb":{"@id":"https:\/\/vapehosale.com\/product\/elf-bar-gh33000-pro-disposable-vape-eu-warehouse\/#breadcrumb"},"inLanguage":"sl-SI","potentialAction":[{"@type":"ReadAction","target":["https:\/\/vapehosale.com\/product\/elf-bar-gh33000-pro-disposable-vape-eu-warehouse\/"]}]},{"@type":"BreadcrumbList","@id":"https:\/\/vapehosale.com\/product\/elf-bar-gh33000-pro-disposable-vape-eu-warehouse\/#breadcrumb","itemListElement":[{"@type":"ListItem","position":1,"name":"Home","item":"https:\/\/vapehosale.com\/"},{"@type":"ListItem","position":2,"name":"Best Sell Vapes","item":"https:\/\/vapehosale.com\/vape-shop\/"},{"@type":"ListItem","position":3,"name":"ELF BAR GH33000 PRO Disposable Vape Eu Warehouse"}]},{"@type":"WebSite","@id":"https:\/\/vapehosale.com\/#website","url":"https:\/\/vapehosale.com\/","name":"Vape Wholesale","description":"Buy Vape Wholesale Price Near you","potentialAction":[{"@type":"SearchAction","target":{"@type":"EntryPoint","urlTemplate":"https:\/\/vapehosale.com\/?s={search_term_string}"},"query-input":"required name=search_term_string"}],"inLanguage":"sl-SI"}]}},"uagb_featured_image_src":{"full":["https:\/\/vapehosale.com\/wp-content\/uploads\/2025\/11\/Wholesale-ELF-BAR-GH33000-PRO-Disposable-Vape.webp",800,800,false],"thumbnail":["https:\/\/vapehosale.com\/wp-content\/uploads\/2025\/11\/Wholesale-ELF-BAR-GH33000-PRO-Disposable-Vape-150x150.webp",150,150,true],"medium":["https:\/\/vapehosale.com\/wp-content\/uploads\/2025\/11\/Wholesale-ELF-BAR-GH33000-PRO-Disposable-Vape-300x300.webp",300,300,true],"medium_large":["https:\/\/vapehosale.com\/wp-content\/uploads\/2025\/11\/Wholesale-ELF-BAR-GH33000-PRO-Disposable-Vape-768x768.webp",768,768,true],"large":["https:\/\/vapehosale.com\/wp-content\/uploads\/2025\/11\/Wholesale-ELF-BAR-GH33000-PRO-Disposable-Vape.webp",800,800,false],"1536x1536":["https:\/\/vapehosale.com\/wp-content\/uploads\/2025\/11\/Wholesale-ELF-BAR-GH33000-PRO-Disposable-Vape.webp",800,800,false],"2048x2048":["https:\/\/vapehosale.com\/wp-content\/uploads\/2025\/11\/Wholesale-ELF-BAR-GH33000-PRO-Disposable-Vape.webp",800,800,false],"trp-custom-language-flag":["https:\/\/vapehosale.com\/wp-content\/uploads\/2025\/11\/Wholesale-ELF-BAR-GH33000-PRO-Disposable-Vape-12x12.webp",12,12,true],"woocommerce_thumbnail":["https:\/\/vapehosale.com\/wp-content\/uploads\/2025\/11\/Wholesale-ELF-BAR-GH33000-PRO-Disposable-Vape-300x300.webp",300,300,true],"woocommerce_single":["https:\/\/vapehosale.com\/wp-content\/uploads\/2025\/11\/Wholesale-ELF-BAR-GH33000-PRO-Disposable-Vape-600x600.webp",600,600,true],"woocommerce_gallery_thumbnail":["https:\/\/vapehosale.com\/wp-content\/uploads\/2025\/11\/Wholesale-ELF-BAR-GH33000-PRO-Disposable-Vape-100x100.webp",100,100,true],"wcpr-photo-reviews":["https:\/\/vapehosale.com\/wp-content\/uploads\/2025\/11\/Wholesale-ELF-BAR-GH33000-PRO-Disposable-Vape.webp",500,500,false]},"uagb_author_info":{"display_name":"Vicky hosale","author_link":"https:\/\/vapehosale.com\/sl\/author\/"},"uagb_comment_info":0,"uagb_excerpt":"elfbar gh 33000 pro delivers up to 33,000 puffs from 23ml e-liquid. with an 850mAh battery, mesh coil, type-c recharge and three-level adjustable power across 15 flavors, it provides consistent flavor and long-lasting performance for heavy vapers(website price not include shipping cost) contact me for min order only 50 pcs! not sale under 50pcs, Wholesale&hellip;","_links":{"self":[{"href":"https:\/\/vapehosale.com\/sl\/wp-json\/wp\/v2\/product\/5756","targetHints":{"allow":["GET"]}}],"collection":[{"href":"https:\/\/vapehosale.com\/sl\/wp-json\/wp\/v2\/product"}],"about":[{"href":"https:\/\/vapehosale.com\/sl\/wp-json\/wp\/v2\/types\/product"}],"replies":[{"embeddable":true,"href":"https:\/\/vapehosale.com\/sl\/wp-json\/wp\/v2\/comments?post=5756"}],"wp:featuredmedia":[{"embeddable":true,"href":"https:\/\/vapehosale.com\/sl\/wp-json\/wp\/v2\/media\/5758"}],"wp:attachment":[{"href":"https:\/\/vapehosale.com\/sl\/wp-json\/wp\/v2\/media?parent=5756"}],"wp:term":[{"taxonomy":"product_cat","embeddable":true,"href":"https:\/\/vapehosale.com\/sl\/wp-json\/wp\/v2\/product_cat?post=5756"},{"taxonomy":"product_tag","embeddable":true,"href":"https:\/\/vapehosale.com\/sl\/wp-json\/wp\/v2\/product_tag?post=5756"}],"curies":[{"name":"wp","href":"https:\/\/api.w.org\/{rel}","templated":true}]}}