{"id":2667,"date":"2024-08-24T08:56:17","date_gmt":"2024-08-24T08:56:17","guid":{"rendered":"https:\/\/vapehosale.com\/?post_type=product&#038;p=2667"},"modified":"2025-08-09T08:00:38","modified_gmt":"2025-08-09T08:00:38","slug":"bang-beach-20000-puffs-digital-box-disposable-vape","status":"publish","type":"product","link":"https:\/\/vapehosale.com\/sl\/product\/bang-beach-20000-puffs-digital-box-disposable-vape\/","title":{"rendered":"Bang Beach 20000 vdihov Digitalna \u0161katlica Enkratna vape naprava"},"content":{"rendered":"<h1 style=\"text-align: center\">Bang Beach 20000 Puffs E-cigareta za enkratno uporabo<\/h1>\n<p>Bang Beach 20000 Puffs E-cigareta za enkratno uporabo uporablja najnovej\u0161o nastavljivo tehnologijo pretoka zraka, ki vam pomaga prilagoditi velikost vpiha kadarkoli. Vgrajen LCD elektronski zaslon bang 20k vapes je tudi ena izmed njegovih zna\u010dilnosti, vklju\u010dno s prikazom baterije in kapacitete e-teko\u010dine, kar je preprosto. Eleganten dizajn \u0161katle je zelo primeren za vsakodnevno no\u0161enje. Opremljen je z 650mah (102030 \u010disti kobalt) in 35 ml e-teko\u010dine, tako da vam ni treba pogosto polniti, in vsak vpih resni\u010dno pripada va\u0161emu lastnemu \u017eivljenju na pla\u017ei.<\/p>\n<p>Bang Beach 20000 Puffs Vapes Predlagana maloprodajna cena: 17-18\u20ac\/kos<\/p>\n<p><img decoding=\"async\" class=\"alignnone size-full wp-image-2671\" src=\"https:\/\/vapehosale.com\/wp-content\/uploads\/2024\/08\/Bang-Vape-Beach-20000-Puffs-Disposable-Device.jpg\" alt=\"Naprava za enkratno uporabo Bang Vape Beach z 20000 vpihi\" width=\"1000\" height=\"562\" srcset=\"https:\/\/vapehosale.com\/wp-content\/uploads\/2024\/08\/Bang-Vape-Beach-20000-Puffs-Disposable-Device.jpg 1000w, https:\/\/vapehosale.com\/wp-content\/uploads\/2024\/08\/Bang-Vape-Beach-20000-Puffs-Disposable-Device-300x169.jpg 300w, https:\/\/vapehosale.com\/wp-content\/uploads\/2024\/08\/Bang-Vape-Beach-20000-Puffs-Disposable-Device-768x432.jpg 768w, https:\/\/vapehosale.com\/wp-content\/uploads\/2024\/08\/Bang-Vape-Beach-20000-Puffs-Disposable-Device-600x337.jpg 600w\" sizes=\"(max-width: 1000px) 100vw, 1000px\" \/><\/p>\n<h2>Bang Beach 20000 Puffs Seznam okusov:<\/h2>\n<p>1.Trojne gozdne sade\u017ee z ledom<br \/>\n2.Roza limonada<br \/>\n3.Borovnica Malina<br \/>\n4.Me\u0161ane gozdne sade\u017ee<br \/>\n5. Jagoda lubenica<br \/>\n6. Jagodni led<br \/>\n7. Grozdni led<br \/>\n8. Breskev mango<br \/>\n9. Modri raz led<br \/>\n10.Kislo jabolko<br \/>\n11. Ledena lubenica<br \/>\n12. Breskov led<\/p>\n<h2>Bang Beach 20k Puffs Podrobnosti:<\/h2>\n<p>1: Kapaciteta baterije: 650mah (102030 \u010disti kobalt)<br \/>\n2: Kapaciteta: 35 ml<br \/>\n3: Nikotinska sol: 2mg\/5mg<br \/>\n4: \u0160tevilo vpihov: 20000<br \/>\n5: Nastavljiv pretok zraka<br \/>\n6: Upor 1.0\u03a9 (mre\u017easto jedro)<br \/>\n7: TYPC hitro polnjenje<br \/>\n1: Neto te\u017ea izdelka: 98g<br \/>\n2: Velikost izdelka: 47*26*103mm<br \/>\n3: Velikost majhne \u0161katle: 55*30*120mm (1 kos)<br \/>\n4: Velikost srednje \u0161katle: 115*157*123mm (10 kosov)<br \/>\n5: Velikost zunanje \u0161katle: 370*360*51mm<br \/>\n6: Te\u017ea: 20,33KG (200 kosov)<\/p>\n<h3><strong>Vsebina paketa:<\/strong><\/h3>\n<p>1 x bang vapes beach 20000 Puffs Vape Box<\/p>\n<h3>Kak\u0161na je funkcija prilagajanja pretoka zraka pri Bang Beach 20k \u0161katlici za enkratno uporabo?<\/h3>\n<h6>1. Bang Beach 20k vape Nadzor upora pri sesanju<\/h6>\n<p>Ve\u010dji upor pri vle\u010denju: Vrtljivo Bang Beach za enkratno uporabo 20000 vdihi zmanj\u0161anje pretoka zraka lahko pove\u010da upor pri vle\u010denju in zagotovi izku\u0161njo, podobno kajenju tradicionalne cigarete. Ta ve\u010dji upor pri vdihovanju je primeren za uporabnike, ki imajo radi metodo kajenja \u00bbod ust do plju\u010d\u00ab (MTL), torej vdihovanje najprej v usta in nato v plju\u010da.<br \/>\nOdprt upor pri vdihovanju: Prilagoditev pretoka zraka bo zmanj\u0161ala upor pri vdihovanju in zagotovila bolj odprto izku\u0161njo vdihavanja, kar je primerno za uporabnike metode kajenja \u00bbneposredno v plju\u010da\u00ab (DTL), torej vdihovanje pare neposredno v plju\u010da. Ta pristop obi\u010dajno spremlja ve\u010dja koli\u010dina dima.<\/p>\n<h6>2. Prilagodite koli\u010dino dima<\/h6>\n<p>Ve\u010dja koli\u010dina dima: Bang Beach 20000 Puffs vape za enkratno uporabo pove\u010dan pretok zraka omogo\u010da vstop ve\u010d zraka v tuljavo, kar povzro\u010di ve\u010djo koli\u010dino pare, kar je primerno za tiste, ki imajo radi \u00bbvelik dim\u00ab.<br \/>\nManj\u0161a koli\u010dina dima: Zmanj\u0161anje pretoka zraka bo zmanj\u0161alo proizvodnjo pare, kar je primerno za tiste, ki imajo raje manj\u0161o koli\u010dino dima ali \u017eelijo bolj diskretno izku\u0161njo kajenja.<\/p>\n<h6>3. Optimizirajte izku\u0161njo okusa<\/h6>\n<p>Izbolj\u0161ajte okus: Bang Beach vape 20000 Puffs navzdol pretok zraka omogo\u010da, da je para bolj koncentrirana, kar lahko izbolj\u0161a koncentracijo okusa. Za tiste, ki imajo raje mo\u010dan okus, je morda primernej\u0161a nastavitev manj\u0161ega pretoka zraka.<br \/>\nNe\u017een okus: Pove\u010danje pretoka zraka bo bolj razred\u010dilo paro, kar bo povzro\u010dilo bla\u017eji okus, primeren za uporabnike, ki imajo radi ne\u017een okus.<\/p>\n<h6>4. Prilagodite temperaturo in udobje<\/h6>\n<p>Hladnej\u0161a para: Bang Beach vape za enkratno uporabo 20000 Puffs zvi\u0161anje pretoka zraka omogo\u010da, da gre skozi ve\u010d zraka, kar zni\u017ea temperaturo okoli tuljave in tako proizvede hladnej\u0161o paro, ki je primerna za dolgotrajno kajenje ali ko je vro\u010de vreme.<br \/>\nBolj vro\u010da para: Zmanj\u0161anje pretoka zraka bo upo\u010dasnilo pretok zraka in pove\u010dalo temperaturo tuljave, kar bo povzro\u010dilo bolj vro\u010do paro, ki je primerna za uporabo v hladnih okoljih ali za uporabnike, ki imajo radi toplo paro.<\/p>\n<p><a href=\"https:\/\/vapehosale.com\/sl\/product\/randm-tornado-7000-puffs-disposable-vape\/\">Vro\u010de prodajana vape<br \/>\n<\/a><a href=\"https:\/\/vapehosale.com\/sl\/product\/al-fahker-evappe-crown-bar-18000-puffs-pro-max\/\">Al Fahker 18000 Puffs veleprodaja<\/a><br \/>\n<a href=\"https:\/\/vapehosale.com\/sl\/product\/original-shisha-hookah-15000-puffs-jnr-disposable-vape\/\">\u0160i\u0161a Hookah 15000 Puffs<\/a><br \/>\n<a href=\"https:\/\/vapehosale.com\/sl\/product\/wga-crystal-plus-20k-disposable-vapes\/\">WGA CryStal Plus 20k Razpolo\u017eljiva \u0161katla<\/a><br \/>\n<a href=\"https:\/\/vapehosale.com\/sl\/product\/original-crystal-bar-600-puffs-disposable-vape\/\">Crystal Bar 600 Puffs Razpolo\u017eljiva palica<\/a><br \/>\nKontakt za katalog izdelkov:<a href=\"https:\/\/wa.me\/8618077105750\">Kupite zdaj<\/a><\/p>\n<p>Vape model posebne oblike:<a href=\"https:\/\/vapehosale.com\/sl\/product\/bulk-buy-bang-king-12000\/\">oblika steklenice<\/a>\/Plo\u010devinka Koke\/<a href=\"https:\/\/vapehosale.com\/sl\/product\/sidia-12000-puffs-disposable-device\/\">RGB svetloba<\/a>\/Kristal<\/p>\n<h4>Podrobnosti o po\u0161iljanju:<br \/>\nsmo tovarna vape iz Kitajske, ne podpiramo pla\u010dila po povzetju.<\/h4>\n<p><img decoding=\"async\" class=\"alignnone size-full wp-image-2636\" src=\"https:\/\/vapehosale.com\/wp-content\/uploads\/2024\/08\/08cd586e84373c021e8ec9b990d8dae.png\" alt=\"Vape za enkratno uporabo hitra dostava\" width=\"726\" height=\"265\" srcset=\"https:\/\/vapehosale.com\/wp-content\/uploads\/2024\/08\/08cd586e84373c021e8ec9b990d8dae.png 726w, https:\/\/vapehosale.com\/wp-content\/uploads\/2024\/08\/08cd586e84373c021e8ec9b990d8dae-300x110.png 300w, https:\/\/vapehosale.com\/wp-content\/uploads\/2024\/08\/08cd586e84373c021e8ec9b990d8dae-600x219.png 600w\" sizes=\"(max-width: 726px) 100vw, 726px\" \/><\/p>\n<h4>Podrobnosti o pla\u010dilu:<\/h4>\n<p>Podpiramo pla\u010dilo z ban\u010dnim nakazilom ali Western Unionom, smo tovarna vape naprav iz Kitajske, <span style=\"color: #ff0000\">ne podpiramo pla\u010dila po povzetju.<\/span><\/p>\n<p>Vsi izdelki v na\u0161i trgovini so 100% izvirni in pristni, zato je na\u0161e pravilo trgovine Desetkratno nadomestilo za ponarejeno blago.<\/p>\n<h5><span style=\"color: #ff0000\">Lahko najprej dobim vzorec? Minimalno naro\u010dilo 50 kosov, brezpla\u010dnega vzorca nimamo.<\/span><\/h5>\n<h3>Poprodajne storitve:<\/h3>\n<p><span style=\"color: #ff0000\">Opomba: Brez vra\u010dila ali zamenjave za ne-kakovostne te\u017eave<br \/>\n<\/span><\/p>\n<h4>Kontaktirajte me za veleprodajo zdaj!<\/h4>\n<p>\u2705Originalna tovarna Bang Vapes Veleprodaja Whatsapp:<a href=\"https:\/\/wa.me\/8618077105750\">+8618077105750<\/a><\/p>\n<p>\u2705 Veletrgovci in trgovci so dobrodo\u0161li pri prilagajanju naro\u010dil<br \/>\n\u2705Zagotavljamo najkakovostnej\u0161e izdelke in najbolj strokovne storitve.<\/p>\n<p><img decoding=\"async\" class=\"alignnone size-full wp-image-2638\" src=\"https:\/\/vapehosale.com\/wp-content\/uploads\/2023\/09\/885301ea6f5e0b91f5ab2b1c85e665c.png\" alt=\"Tovarna RandM\" width=\"670\" height=\"658\" srcset=\"https:\/\/vapehosale.com\/wp-content\/uploads\/2023\/09\/885301ea6f5e0b91f5ab2b1c85e665c.png 670w, https:\/\/vapehosale.com\/wp-content\/uploads\/2023\/09\/885301ea6f5e0b91f5ab2b1c85e665c-300x295.png 300w, https:\/\/vapehosale.com\/wp-content\/uploads\/2023\/09\/885301ea6f5e0b91f5ab2b1c85e665c-600x589.png 600w\" sizes=\"(max-width: 670px) 100vw, 670px\" \/><\/p>\n<p>&nbsp;<\/p>","protected":false},"excerpt":{"rendered":"<p>Bang Beach E-cigareta za enkratno uporabo 20000 Puffs z zaslonom, 100% originalno nastavitvijo pretoka zraka vape bang beach 20k puffs in vsebuje 35 ml teko\u010dine in 650mah baterijo, vam lahko zagotovi velikih 20000 vpihov.<\/p>\n<p><span style=\"color: #ff0000\">kontaktirajte me za minimalno naro\u010dilo samo 50 kosov! ne prodaja se pod 50 kosov, <\/span>Samo veleprodaja!<\/p>\n<p><img decoding=\"async\" class=\"alignnone size-medium wp-image-2638\" src=\"https:\/\/vapehosale.com\/wp-content\/uploads\/2023\/09\/885301ea6f5e0b91f5ab2b1c85e665c-300x295.png\" alt=\"Tovarna RandM\" width=\"300\" height=\"295\" srcset=\"https:\/\/vapehosale.com\/wp-content\/uploads\/2023\/09\/885301ea6f5e0b91f5ab2b1c85e665c-300x295.png 300w, https:\/\/vapehosale.com\/wp-content\/uploads\/2023\/09\/885301ea6f5e0b91f5ab2b1c85e665c-600x589.png 600w, https:\/\/vapehosale.com\/wp-content\/uploads\/2023\/09\/885301ea6f5e0b91f5ab2b1c85e665c.png 670w\" sizes=\"(max-width: 300px) 100vw, 300px\" \/><\/p>\n<p><span style=\"color: #ff0000\">OPOMBA: Cena na spletnem mestu ne vklju\u010duje stro\u0161kov po\u0161iljanja. Prosimo, navedite svojo po\u0161tno \u0161tevilko, da preverite stro\u0161ke po\u0161iljanja.<\/span><\/p>\n<p>&nbsp;<\/p>","protected":false},"featured_media":2673,"comment_status":"open","ping_status":"closed","template":"","meta":{"_uag_custom_page_level_css":"","_lmt_disableupdate":"no","_lmt_disable":"","site-sidebar-layout":"default","site-content-layout":"","ast-site-content-layout":"default","site-content-style":"default","site-sidebar-style":"default","ast-global-header-display":"","ast-banner-title-visibility":"","ast-main-header-display":"","ast-hfb-above-header-display":"","ast-hfb-below-header-display":"","ast-hfb-mobile-header-display":"","site-post-title":"","ast-breadcrumbs-content":"","ast-featured-img":"","footer-sml-layout":"","theme-transparent-header-meta":"default","adv-header-id-meta":"","stick-header-meta":"","header-above-stick-meta":"","header-main-stick-meta":"","header-below-stick-meta":"","astra-migrate-meta-layouts":"set","_joinchat":[]},"product_cat":[15,90,140,39,41,55],"product_tag":[76,38,50,35,33],"class_list":["post-2667","product","type-product","status-publish","has-post-thumbnail","hentry","product_cat-vape-shop-wholesale","product_cat-20k-vape","product_cat-bang-king-vape","product_cat-bang-vape-kit","product_cat-europe-hot-sale-vape","product_cat-minimum-order-quantity-50pcs","product_tag-airflow-control-vape","product_tag-bang-king-vape","product_tag-bang-vape","product_tag-rechargeable-disposable-device","product_tag-rgb-light-disposable-vape","desktop-align-left","tablet-align-left","mobile-align-left"],"yoast_head":"<!-- This site is optimized with the Yoast SEO plugin v21.1 - https:\/\/yoast.com\/wordpress\/plugins\/seo\/ -->\n<title>Bang Beach 20000 Puffs Digital box Disposable Vape - Vape Wholesale<\/title>\n<meta name=\"description\" content=\"Whoelsale Bang Beach 20000 Puffs Disposable Vape purchases. Direct supply, low costs, and efficient service to help you grow your business\" \/>\n<meta name=\"robots\" content=\"index, follow, max-snippet:-1, max-image-preview:large, max-video-preview:-1\" \/>\n<link rel=\"canonical\" href=\"https:\/\/vapehosale.com\/sl\/product\/bang-beach-20000-puffs-digital-box-disposable-vape\/\" \/>\n<meta property=\"og:locale\" content=\"sl_SI\" \/>\n<meta property=\"og:type\" content=\"article\" \/>\n<meta property=\"og:title\" content=\"Bang Beach 20000 Puffs Digital box Disposable Vape - Vape Wholesale\" \/>\n<meta property=\"og:description\" content=\"Whoelsale Bang Beach 20000 Puffs Disposable Vape purchases. Direct supply, low costs, and efficient service to help you grow your business\" \/>\n<meta property=\"og:url\" content=\"https:\/\/vapehosale.com\/sl\/product\/bang-beach-20000-puffs-digital-box-disposable-vape\/\" \/>\n<meta property=\"og:site_name\" content=\"Vape Wholesale\" \/>\n<meta property=\"article:modified_time\" content=\"2025-08-09T08:00:38+00:00\" \/>\n<meta property=\"og:image\" content=\"https:\/\/vapehosale.com\/wp-content\/uploads\/2024\/08\/Original-Bang-Disposable-Vape-20000-Puffs-Whith-Digital-.png\" \/>\n\t<meta property=\"og:image:width\" content=\"1000\" \/>\n\t<meta property=\"og:image:height\" content=\"821\" \/>\n\t<meta property=\"og:image:type\" content=\"image\/png\" \/>\n<meta name=\"twitter:card\" content=\"summary_large_image\" \/>\n<meta name=\"twitter:label1\" content=\"Est. reading time\" \/>\n\t<meta name=\"twitter:data1\" content=\"4 minute\" \/>\n<script type=\"application\/ld+json\" class=\"yoast-schema-graph\">{\"@context\":\"https:\/\/schema.org\",\"@graph\":[{\"@type\":\"WebPage\",\"@id\":\"https:\/\/vapehosale.com\/product\/bang-beach-20000-puffs-digital-box-disposable-vape\/\",\"url\":\"https:\/\/vapehosale.com\/product\/bang-beach-20000-puffs-digital-box-disposable-vape\/\",\"name\":\"Bang Beach 20000 Puffs Digital box Disposable Vape - Vape Wholesale\",\"isPartOf\":{\"@id\":\"https:\/\/vapehosale.com\/#website\"},\"datePublished\":\"2024-08-24T08:56:17+00:00\",\"dateModified\":\"2025-08-09T08:00:38+00:00\",\"description\":\"Whoelsale Bang Beach 20000 Puffs Disposable Vape purchases. Direct supply, low costs, and efficient service to help you grow your business\",\"breadcrumb\":{\"@id\":\"https:\/\/vapehosale.com\/product\/bang-beach-20000-puffs-digital-box-disposable-vape\/#breadcrumb\"},\"inLanguage\":\"sl-SI\",\"potentialAction\":[{\"@type\":\"ReadAction\",\"target\":[\"https:\/\/vapehosale.com\/product\/bang-beach-20000-puffs-digital-box-disposable-vape\/\"]}]},{\"@type\":\"BreadcrumbList\",\"@id\":\"https:\/\/vapehosale.com\/product\/bang-beach-20000-puffs-digital-box-disposable-vape\/#breadcrumb\",\"itemListElement\":[{\"@type\":\"ListItem\",\"position\":1,\"name\":\"Home\",\"item\":\"https:\/\/vapehosale.com\/\"},{\"@type\":\"ListItem\",\"position\":2,\"name\":\"Best Sell Vapes\",\"item\":\"https:\/\/vapehosale.com\/vape-shop\/\"},{\"@type\":\"ListItem\",\"position\":3,\"name\":\"Bang Beach 20000 Puffs Digital box Disposable Vape\"}]},{\"@type\":\"WebSite\",\"@id\":\"https:\/\/vapehosale.com\/#website\",\"url\":\"https:\/\/vapehosale.com\/\",\"name\":\"Vape Wholesale\",\"description\":\"Buy Vape Wholesale Price Near you\",\"potentialAction\":[{\"@type\":\"SearchAction\",\"target\":{\"@type\":\"EntryPoint\",\"urlTemplate\":\"https:\/\/vapehosale.com\/?s={search_term_string}\"},\"query-input\":\"required name=search_term_string\"}],\"inLanguage\":\"sl-SI\"}]}<\/script>\n<!-- \/ Yoast SEO plugin. -->","yoast_head_json":{"title":"Bang Beach 20000 Puffs Digital box Disposable Vape - Vape Wholesale","description":"Whoelsale Bang Beach 20000 Puffs Disposable Vape purchases. Direct supply, low costs, and efficient service to help you grow your business","robots":{"index":"index","follow":"follow","max-snippet":"max-snippet:-1","max-image-preview":"max-image-preview:large","max-video-preview":"max-video-preview:-1"},"canonical":"https:\/\/vapehosale.com\/sl\/product\/bang-beach-20000-puffs-digital-box-disposable-vape\/","og_locale":"sl_SI","og_type":"article","og_title":"Bang Beach 20000 Puffs Digital box Disposable Vape - Vape Wholesale","og_description":"Whoelsale Bang Beach 20000 Puffs Disposable Vape purchases. Direct supply, low costs, and efficient service to help you grow your business","og_url":"https:\/\/vapehosale.com\/sl\/product\/bang-beach-20000-puffs-digital-box-disposable-vape\/","og_site_name":"Vape Wholesale","article_modified_time":"2025-08-09T08:00:38+00:00","og_image":[{"width":1000,"height":821,"url":"https:\/\/vapehosale.com\/wp-content\/uploads\/2024\/08\/Original-Bang-Disposable-Vape-20000-Puffs-Whith-Digital-.png","type":"image\/png"}],"twitter_card":"summary_large_image","twitter_misc":{"Est. reading time":"4 minute"},"schema":{"@context":"https:\/\/schema.org","@graph":[{"@type":"WebPage","@id":"https:\/\/vapehosale.com\/product\/bang-beach-20000-puffs-digital-box-disposable-vape\/","url":"https:\/\/vapehosale.com\/product\/bang-beach-20000-puffs-digital-box-disposable-vape\/","name":"Bang Beach 20000 Puffs Digital box Disposable Vape - Vape Wholesale","isPartOf":{"@id":"https:\/\/vapehosale.com\/#website"},"datePublished":"2024-08-24T08:56:17+00:00","dateModified":"2025-08-09T08:00:38+00:00","description":"Whoelsale Bang Beach 20000 Puffs Disposable Vape purchases. Direct supply, low costs, and efficient service to help you grow your business","breadcrumb":{"@id":"https:\/\/vapehosale.com\/product\/bang-beach-20000-puffs-digital-box-disposable-vape\/#breadcrumb"},"inLanguage":"sl-SI","potentialAction":[{"@type":"ReadAction","target":["https:\/\/vapehosale.com\/product\/bang-beach-20000-puffs-digital-box-disposable-vape\/"]}]},{"@type":"BreadcrumbList","@id":"https:\/\/vapehosale.com\/product\/bang-beach-20000-puffs-digital-box-disposable-vape\/#breadcrumb","itemListElement":[{"@type":"ListItem","position":1,"name":"Home","item":"https:\/\/vapehosale.com\/"},{"@type":"ListItem","position":2,"name":"Best Sell Vapes","item":"https:\/\/vapehosale.com\/vape-shop\/"},{"@type":"ListItem","position":3,"name":"Bang Beach 20000 Puffs Digital box Disposable Vape"}]},{"@type":"WebSite","@id":"https:\/\/vapehosale.com\/#website","url":"https:\/\/vapehosale.com\/","name":"Vape Wholesale","description":"Buy Vape Wholesale Price Near you","potentialAction":[{"@type":"SearchAction","target":{"@type":"EntryPoint","urlTemplate":"https:\/\/vapehosale.com\/?s={search_term_string}"},"query-input":"required name=search_term_string"}],"inLanguage":"sl-SI"}]}},"uagb_featured_image_src":{"full":["https:\/\/vapehosale.com\/wp-content\/uploads\/2024\/08\/Original-Bang-Disposable-Vape-20000-Puffs-Whith-Digital-.png",1000,821,false],"thumbnail":["https:\/\/vapehosale.com\/wp-content\/uploads\/2024\/08\/Original-Bang-Disposable-Vape-20000-Puffs-Whith-Digital--150x150.png",150,150,true],"medium":["https:\/\/vapehosale.com\/wp-content\/uploads\/2024\/08\/Original-Bang-Disposable-Vape-20000-Puffs-Whith-Digital--300x246.png",300,246,true],"medium_large":["https:\/\/vapehosale.com\/wp-content\/uploads\/2024\/08\/Original-Bang-Disposable-Vape-20000-Puffs-Whith-Digital--768x631.png",768,631,true],"large":["https:\/\/vapehosale.com\/wp-content\/uploads\/2024\/08\/Original-Bang-Disposable-Vape-20000-Puffs-Whith-Digital-.png",1000,821,false],"1536x1536":["https:\/\/vapehosale.com\/wp-content\/uploads\/2024\/08\/Original-Bang-Disposable-Vape-20000-Puffs-Whith-Digital-.png",1000,821,false],"2048x2048":["https:\/\/vapehosale.com\/wp-content\/uploads\/2024\/08\/Original-Bang-Disposable-Vape-20000-Puffs-Whith-Digital-.png",1000,821,false],"trp-custom-language-flag":["https:\/\/vapehosale.com\/wp-content\/uploads\/2024\/08\/Original-Bang-Disposable-Vape-20000-Puffs-Whith-Digital-.png",15,12,false],"woocommerce_thumbnail":["https:\/\/vapehosale.com\/wp-content\/uploads\/2024\/08\/Original-Bang-Disposable-Vape-20000-Puffs-Whith-Digital--300x300.png",300,300,true],"woocommerce_single":["https:\/\/vapehosale.com\/wp-content\/uploads\/2024\/08\/Original-Bang-Disposable-Vape-20000-Puffs-Whith-Digital--600x493.png",600,493,true],"woocommerce_gallery_thumbnail":["https:\/\/vapehosale.com\/wp-content\/uploads\/2024\/08\/Original-Bang-Disposable-Vape-20000-Puffs-Whith-Digital--100x100.png",100,100,true],"wcpr-photo-reviews":["https:\/\/vapehosale.com\/wp-content\/uploads\/2024\/08\/Original-Bang-Disposable-Vape-20000-Puffs-Whith-Digital-.png",500,411,false]},"uagb_author_info":{"display_name":"Vicky hosale","author_link":"https:\/\/vapehosale.com\/sl\/author\/"},"uagb_comment_info":0,"uagb_excerpt":"Bang Beach Disposable Vape 20000 Puffs with Screen, 100% original airflow adjustment\u00a0 vape bang beach 20k puffs, and contain 35ml and 650mah battery, can provide you large 20000 puffs. contact me for min order only 50 pcs! not sale under 50pcs, Wholesale only! NOTE:The website price does not include shipping costs. Please provide your postcode&hellip;","_links":{"self":[{"href":"https:\/\/vapehosale.com\/sl\/wp-json\/wp\/v2\/product\/2667","targetHints":{"allow":["GET"]}}],"collection":[{"href":"https:\/\/vapehosale.com\/sl\/wp-json\/wp\/v2\/product"}],"about":[{"href":"https:\/\/vapehosale.com\/sl\/wp-json\/wp\/v2\/types\/product"}],"replies":[{"embeddable":true,"href":"https:\/\/vapehosale.com\/sl\/wp-json\/wp\/v2\/comments?post=2667"}],"wp:featuredmedia":[{"embeddable":true,"href":"https:\/\/vapehosale.com\/sl\/wp-json\/wp\/v2\/media\/2673"}],"wp:attachment":[{"href":"https:\/\/vapehosale.com\/sl\/wp-json\/wp\/v2\/media?parent=2667"}],"wp:term":[{"taxonomy":"product_cat","embeddable":true,"href":"https:\/\/vapehosale.com\/sl\/wp-json\/wp\/v2\/product_cat?post=2667"},{"taxonomy":"product_tag","embeddable":true,"href":"https:\/\/vapehosale.com\/sl\/wp-json\/wp\/v2\/product_tag?post=2667"}],"curies":[{"name":"wp","href":"https:\/\/api.w.org\/{rel}","templated":true}]}}