{"id":1572,"date":"2023-09-27T08:09:18","date_gmt":"2023-09-27T08:09:18","guid":{"rendered":"https:\/\/vapehosale.com\/?post_type=product&#038;p=1572"},"modified":"2024-10-16T09:20:58","modified_gmt":"2024-10-16T09:20:58","slug":"vbon-9000-puffs-disposable-vape","status":"publish","type":"product","link":"https:\/\/vapehosale.com\/sl\/product\/vbon-9000-puffs-disposable-vape\/","title":{"rendered":"Veleprodaja VBON 9000 Puffs e-cigareta za enkratno uporabo 20mg"},"content":{"rendered":"<h2 style=\"text-align: center\">Kaj je VBON 9000 Puffs Disposable Vape?<\/h2>\n<p>Elektronska cigareta za enkratno uporabo VBON 9000 puffs je ena izmed najbolj priljubljenih elektronskih cigaret za enkratno uporabo v Italiji. Opremljena je z RGB lu\u010dko na dnu, ki bo oddajala hladno RGB svetlobo vsaki\u010d, ko potegnete. Vape vsebuje 18 ml e-teko\u010dine in 600mah polnilno baterijo, zato polnjenje s tipom C lahko zagotovi 9000 potegov.<\/p>\n<p><img decoding=\"async\" class=\"alignnone size-full wp-image-1573\" src=\"https:\/\/vapehosale.com\/wp-content\/uploads\/2023\/09\/France-hot-sale-VBON-9000-Puffs-Disposable-vape-wholesale-.png\" alt=\"Francija vro\u010da prodaja VBON 9000 Puffs Veleprodaja vapov za enkratno uporabo\" width=\"809\" height=\"834\" srcset=\"https:\/\/vapehosale.com\/wp-content\/uploads\/2023\/09\/France-hot-sale-VBON-9000-Puffs-Disposable-vape-wholesale-.png 809w, https:\/\/vapehosale.com\/wp-content\/uploads\/2023\/09\/France-hot-sale-VBON-9000-Puffs-Disposable-vape-wholesale--291x300.png 291w, https:\/\/vapehosale.com\/wp-content\/uploads\/2023\/09\/France-hot-sale-VBON-9000-Puffs-Disposable-vape-wholesale--768x792.png 768w, https:\/\/vapehosale.com\/wp-content\/uploads\/2023\/09\/France-hot-sale-VBON-9000-Puffs-Disposable-vape-wholesale--600x619.png 600w\" sizes=\"(max-width: 809px) 100vw, 809px\" \/><\/p>\n<p>&nbsp;<\/p>\n<h4>Morda \u017eelite vedeti o VBON 9000 Puffs<\/h4>\n<p>&nbsp;<\/p>\n<h6>1. Ali lahko ugasnem RGB lu\u010dko?<\/h6>\n<p>RGB lu\u010dke VBon ne morete izklopiti, saj je hladna RGB lu\u010dka zna\u010dilnost elektronske cigarete za enkratno uporabo VBon 9000 puffs, spro\u017ei se z vsakim potegom, dokler se baterija ne izprazni.<\/p>\n<h5>2. Kateri je najbolj\u0161i okus?<\/h5>\n<p>Osebno priporo\u010dam naslednje 3 okuse ljudem, ki prvi\u010d uporabljajo e-cigarete in jih \u017eelijo opustiti<br \/>\nTop 1: Red Bull<\/p>\n<p>Top 2: Watermelon Ice<\/p>\n<p>Top 3: Mamba<\/p>\n<p>\uf06cAli se lahko polni? Da, polnjenje tipa C<br \/>\n\uf06cKak\u0161na je priporo\u010dena maloprodajna cena? 12-15\u20ac<br \/>\n\uf06cKoliko potegov lahko dobim iz ene naprave za enkratno uporabo VBON 9000 Puffs?<br \/>\n\uf06cAli lahko ponovno napolnim Vbon 9000 Kit?<\/p>\n<h4>Specifikacije:<\/h4>\n<p>1. 2% ali 5% nivo nikotina<br \/>\n2. \u0160tevilo potegov: 9000 potegov, dolgo obstojna e-cigareta za enkratno uporabo<br \/>\n3. Kapaciteta: 18 ml<br \/>\n4. Na voljo je 30 okusov<br \/>\n5.Vgrajen 600Mah<br \/>\n6.Polnjenje prek Type-C<br \/>\n7. Proizvedeno na Kitajskem<\/p>\n<h4>Seznam okusov:<\/h4>\n<p>1.Kivi pasijonka guave<\/p>\n<p>2. Me\u0161ano jagodi\u010devje<\/p>\n<p>3. Modri razz led<\/p>\n<p>4.Borovnica granatno jabolko<\/p>\n<p>5.Borovnica \u010de\u0161nja brusnica<\/p>\n<p>6.Red Bull<\/p>\n<p>7.ledena lubenica<\/p>\n<p>8.Lubenica Brazz led<\/p>\n<p>9.Jagoda lubenica<\/p>\n<p>10.Jagodna limonada<\/p>\n<p>11.Jagodna krema<\/p>\n<p>12.Jagodni led<\/p>\n<p>13.Jagoda Kivi<\/p>\n<p>14.Jagoda lubenica limonada<\/p>\n<p>15.Mango Na ledu<\/p>\n<p>16.Breskov led<\/p>\n<p>17.Breskev mango<\/p>\n<p>18.Borovni\u010dev led<\/p>\n<p>19.Breskev Mango Ananas<\/p>\n<p>20.Breskov borovni\u010dev bonbon<\/p>\n<p>21.Gumi medvedek<\/p>\n<p>22.Mango breskev guave<\/p>\n<p>23.Pasijonka pomaran\u010da guave<\/p>\n<p>24.Rde\u010de jabolko led<\/p>\n<p>25.Breskev limona<\/p>\n<p>26. limona meta limeta<\/p>\n<p>27. jagoda ananas pomaran\u010da<\/p>\n<p>28. Jabolko breskev<\/p>\n<p>29. pretresite pretresite led<\/p>\n<p>30. manba<\/p>\n<p><a href=\"https:\/\/vapehosale.com\/sl\/product\/randm-tornado-7000-puffs-disposable-vape\/\">Vro\u010da prodaja vape RandM Tornado 7000<\/a> in <a href=\"https:\/\/vapehosale.com\/sl\/product\/bulk-buy-randm-tornado-9000\/\">RandM Tornado 9000 Vpihov<\/a> Veleprodaja <a href=\"https:\/\/vapehosale.com\/sl\/product\/fumot-digital-box-12000-puffs\/\">Fumot Digital Box 12000 Vpihov<\/a><br \/>\nKontakt za katalog izdelkov:<a href=\"https:\/\/wa.me\/8618077105750\">Kupite zdaj<\/a><\/p>\n<p>Morda vam bodo v\u0161e\u010d tudi drugi vape-i za enkratno uporabo:<a href=\"https:\/\/vapehosale.com\/sl\/product\/bulk-buy-bang-king-12000\/\">Bang king 12000 vpihov<\/a>\/<a href=\"https:\/\/vapehosale.com\/sl\/product\/sidia-12000-puffs-disposable-device\/\">Vapme 12000 vpihov<\/a>\/Vapme 7000 Vpihov\/Bang 8000 vpihov\/ELFBAR bc5000 Vpihov<\/p>\n<p>Vape model posebne oblike:<a href=\"https:\/\/vapehosale.com\/sl\/product\/bulk-buy-bang-king-12000\/\">oblika steklenice<\/a>\/Plo\u010devinka Koke\/<a href=\"https:\/\/vapehosale.com\/sl\/product\/sidia-12000-puffs-disposable-device\/\">RGB svetloba<\/a>\/Kristal<\/p>\n<h4>Podrobnosti o po\u0161iljanju:<\/h4>\n<p>\u010cas proizvodnje: 3-10 delovnih dni<br \/>\n\u010cas po\u0161iljanja: 8-14 delovnih dni<\/p>\n<p>Vsi izdelki v na\u0161i trgovini so 100% izvirni in pristni, zato je na\u0161e pravilo trgovine Desetkratno nadomestilo za ponarejeno blago.<\/p>\n<h3>Poprodajne storitve:<\/h3>\n<p><span style=\"color: #ff0000\">Opomba: Brez vra\u010dila ali zamenjave za ne-kakovostne te\u017eave<\/span><br \/>\n1. Stranke lahko izberejo \u017eeleni okus, vendar \u010de okus ni na zalogi, bo proizvodni oddelek izbral priljubljen okus, ki ga bo nadomestil. Stranke ne smejo zahtevati vra\u010dila ali zamenjave na podlagi okusov.<\/p>\n<p>2. Ko pride do te\u017eav s kakovostjo, prosimo, prilo\u017eite video in slikovni opis.<br \/>\n\u010ce ne morete predlo\u017eiti dokazov, kot so videoposnetki in fotografije, blaga ni mogo\u010de zamenjati.<\/p>\n<p>Za podrobnej\u0161e veleprodajne cene, MOQ, razpolo\u017eljive okuse, se obrnite na na\u0161o vodjo prodaje vicky <a href=\"https:\/\/wa.me\/8618077105750\">whatsapp:+386180771050<\/a><\/p>\n<p>&nbsp;<\/p>\n<p>&nbsp;<\/p>\n<h4 style=\"text-align: center\">Po\u0161iljka in prikaz tovarne:<\/h4>\n<p><img decoding=\"async\" class=\"alignnone size-medium wp-image-1422\" src=\"https:\/\/vapehosale.com\/wp-content\/uploads\/2023\/09\/factory-2-300x200.jpg\" alt=\"Tovarna vape (2)\" width=\"300\" height=\"200\" srcset=\"https:\/\/vapehosale.com\/wp-content\/uploads\/2023\/09\/factory-2-300x200.jpg 300w, https:\/\/vapehosale.com\/wp-content\/uploads\/2023\/09\/factory-2-1024x682.jpg 1024w, https:\/\/vapehosale.com\/wp-content\/uploads\/2023\/09\/factory-2-768x512.jpg 768w, https:\/\/vapehosale.com\/wp-content\/uploads\/2023\/09\/factory-2-600x400.jpg 600w, https:\/\/vapehosale.com\/wp-content\/uploads\/2023\/09\/factory-2.jpg 1280w\" sizes=\"(max-width: 300px) 100vw, 300px\" \/><img decoding=\"async\" class=\"alignnone size-medium wp-image-1423\" src=\"https:\/\/vapehosale.com\/wp-content\/uploads\/2023\/09\/RANDM-TORNADO-12000-VAEP-FACTORY-300x225.jpg\" alt=\"RANDM TORNADO 12000 VAEP TOVARNA\" width=\"300\" height=\"225\" srcset=\"https:\/\/vapehosale.com\/wp-content\/uploads\/2023\/09\/RANDM-TORNADO-12000-VAEP-FACTORY-300x225.jpg 300w, https:\/\/vapehosale.com\/wp-content\/uploads\/2023\/09\/RANDM-TORNADO-12000-VAEP-FACTORY-1024x768.jpg 1024w, https:\/\/vapehosale.com\/wp-content\/uploads\/2023\/09\/RANDM-TORNADO-12000-VAEP-FACTORY-768x576.jpg 768w, https:\/\/vapehosale.com\/wp-content\/uploads\/2023\/09\/RANDM-TORNADO-12000-VAEP-FACTORY-1536x1152.jpg 1536w, https:\/\/vapehosale.com\/wp-content\/uploads\/2023\/09\/RANDM-TORNADO-12000-VAEP-FACTORY-600x450.jpg 600w, https:\/\/vapehosale.com\/wp-content\/uploads\/2023\/09\/RANDM-TORNADO-12000-VAEP-FACTORY.jpg 1702w\" sizes=\"(max-width: 300px) 100vw, 300px\" \/><img decoding=\"async\" class=\"alignnone size-medium wp-image-1425\" src=\"https:\/\/vapehosale.com\/wp-content\/uploads\/2023\/09\/WAREHOUSE-300x193.jpg\" alt=\"SKLADI\u0160\u010cE\" width=\"300\" height=\"193\" srcset=\"https:\/\/vapehosale.com\/wp-content\/uploads\/2023\/09\/WAREHOUSE-300x193.jpg 300w, https:\/\/vapehosale.com\/wp-content\/uploads\/2023\/09\/WAREHOUSE.jpg 557w\" sizes=\"(max-width: 300px) 100vw, 300px\" \/><img decoding=\"async\" class=\"alignnone size-medium wp-image-1564\" src=\"https:\/\/vapehosale.com\/wp-content\/uploads\/2023\/09\/f9454add9518c005b999699bbc181d1-169x300.jpg\" alt=\"Po\u0161iljka iz tovarne vape\" width=\"169\" height=\"300\" srcset=\"https:\/\/vapehosale.com\/wp-content\/uploads\/2023\/09\/f9454add9518c005b999699bbc181d1-169x300.jpg 169w, https:\/\/vapehosale.com\/wp-content\/uploads\/2023\/09\/f9454add9518c005b999699bbc181d1-576x1024.jpg 576w, https:\/\/vapehosale.com\/wp-content\/uploads\/2023\/09\/f9454add9518c005b999699bbc181d1-768x1365.jpg 768w, https:\/\/vapehosale.com\/wp-content\/uploads\/2023\/09\/f9454add9518c005b999699bbc181d1-864x1536.jpg 864w, https:\/\/vapehosale.com\/wp-content\/uploads\/2023\/09\/f9454add9518c005b999699bbc181d1-600x1067.jpg 600w, https:\/\/vapehosale.com\/wp-content\/uploads\/2023\/09\/f9454add9518c005b999699bbc181d1.jpg 1080w\" sizes=\"(max-width: 169px) 100vw, 169px\" \/><\/p>","protected":false},"excerpt":{"rendered":"<p>Komplet za enkratno uporabo VBON 9000 Puffs uporablja polnjenje tipa C, vsaka naprava vsebuje 600mah baterijo in 18ml olja, lahko ga uporabljate kjer koli, vendar ne na javnih mestih. Za veleprodajno naro\u010dilo se obrnite na Vicky, minimalno naro\u010dilo je samo 100 kosov.<\/p>\n<p><img decoding=\"async\" class=\"alignnone size-medium wp-image-2638\" src=\"https:\/\/vapehosale.com\/wp-content\/uploads\/2023\/09\/885301ea6f5e0b91f5ab2b1c85e665c-300x295.png\" alt=\"Tovarna RandM\" width=\"300\" height=\"295\" srcset=\"https:\/\/vapehosale.com\/wp-content\/uploads\/2023\/09\/885301ea6f5e0b91f5ab2b1c85e665c-300x295.png 300w, https:\/\/vapehosale.com\/wp-content\/uploads\/2023\/09\/885301ea6f5e0b91f5ab2b1c85e665c-600x589.png 600w, https:\/\/vapehosale.com\/wp-content\/uploads\/2023\/09\/885301ea6f5e0b91f5ab2b1c85e665c.png 670w\" sizes=\"(max-width: 300px) 100vw, 300px\" \/><\/p>\n<p><span style=\"color: #ff0000\">OPOMBA: Cena na spletni strani ne vklju\u010duje stro\u0161kov po\u0161iljanja. Prosimo, navedite va\u0161o po\u0161tno \u0161tevilko za preverbo stro\u0161kov po\u0161iljanja.<\/span><\/p>\n<p>&nbsp;<\/p>","protected":false},"featured_media":1578,"comment_status":"open","ping_status":"closed","template":"","meta":{"_uag_custom_page_level_css":"","_lmt_disableupdate":"","_lmt_disable":"","site-sidebar-layout":"default","site-content-layout":"","ast-site-content-layout":"default","site-content-style":"default","site-sidebar-style":"default","ast-global-header-display":"","ast-banner-title-visibility":"","ast-main-header-display":"","ast-hfb-above-header-display":"","ast-hfb-below-header-display":"","ast-hfb-mobile-header-display":"","site-post-title":"","ast-breadcrumbs-content":"","ast-featured-img":"","footer-sml-layout":"","theme-transparent-header-meta":"default","adv-header-id-meta":"","stick-header-meta":"","header-above-stick-meta":"","header-main-stick-meta":"","header-below-stick-meta":"","astra-migrate-meta-layouts":"set","_joinchat":[]},"product_cat":[15,86],"product_tag":[35,33,40],"class_list":["post-1572","product","type-product","status-publish","has-post-thumbnail","hentry","product_cat-vape-shop-wholesale","product_cat-9000-vape","product_tag-rechargeable-disposable-device","product_tag-rgb-light-disposable-vape","product_tag-sidia-vape","desktop-align-left","tablet-align-left","mobile-align-left"],"yoast_head":"<!-- This site is optimized with the Yoast SEO plugin v21.1 - https:\/\/yoast.com\/wordpress\/plugins\/seo\/ -->\n<title>Wholesale VBON 9000 Puffs Disposable Vape 20mg - Vape Wholesale<\/title>\n<meta name=\"description\" content=\"VBON 9000 Puffs is a rechargeable disposable device that contains 18ml e-liquid and an 600mah rechargeble battery\uff0ceach device provide 9000 puffs.\" \/>\n<meta name=\"robots\" content=\"index, follow, max-snippet:-1, max-image-preview:large, max-video-preview:-1\" \/>\n<link rel=\"canonical\" href=\"https:\/\/vapehosale.com\/sl\/product\/vbon-9000-puffs-disposable-vape\/\" \/>\n<meta property=\"og:locale\" content=\"sl_SI\" \/>\n<meta property=\"og:type\" content=\"article\" \/>\n<meta property=\"og:title\" content=\"Wholesale VBON 9000 Puffs Disposable Vape 20mg - Vape Wholesale\" \/>\n<meta property=\"og:description\" content=\"VBON 9000 Puffs is a rechargeable disposable device that contains 18ml e-liquid and an 600mah rechargeble battery\uff0ceach device provide 9000 puffs.\" \/>\n<meta property=\"og:url\" content=\"https:\/\/vapehosale.com\/sl\/product\/vbon-9000-puffs-disposable-vape\/\" \/>\n<meta property=\"og:site_name\" content=\"Vape Wholesale\" \/>\n<meta property=\"article:modified_time\" content=\"2024-10-16T09:20:58+00:00\" \/>\n<meta property=\"og:image\" content=\"https:\/\/vapehosale.com\/wp-content\/uploads\/2023\/09\/Best-sale-VBON-9000-Puffs-Disposable-vape-wholesale-.jpg\" \/>\n\t<meta property=\"og:image:width\" content=\"800\" \/>\n\t<meta property=\"og:image:height\" content=\"800\" \/>\n\t<meta property=\"og:image:type\" content=\"image\/jpeg\" \/>\n<meta name=\"twitter:card\" content=\"summary_large_image\" \/>\n<meta name=\"twitter:label1\" content=\"Est. reading time\" \/>\n\t<meta name=\"twitter:data1\" content=\"4 minute\" \/>\n<script type=\"application\/ld+json\" class=\"yoast-schema-graph\">{\"@context\":\"https:\/\/schema.org\",\"@graph\":[{\"@type\":\"WebPage\",\"@id\":\"https:\/\/vapehosale.com\/product\/vbon-9000-puffs-disposable-vape\/\",\"url\":\"https:\/\/vapehosale.com\/product\/vbon-9000-puffs-disposable-vape\/\",\"name\":\"Wholesale VBON 9000 Puffs Disposable Vape 20mg - Vape Wholesale\",\"isPartOf\":{\"@id\":\"https:\/\/vapehosale.com\/#website\"},\"datePublished\":\"2023-09-27T08:09:18+00:00\",\"dateModified\":\"2024-10-16T09:20:58+00:00\",\"description\":\"VBON 9000 Puffs is a rechargeable disposable device that contains 18ml e-liquid and an 600mah rechargeble battery\uff0ceach device provide 9000 puffs.\",\"breadcrumb\":{\"@id\":\"https:\/\/vapehosale.com\/product\/vbon-9000-puffs-disposable-vape\/#breadcrumb\"},\"inLanguage\":\"sl-SI\",\"potentialAction\":[{\"@type\":\"ReadAction\",\"target\":[\"https:\/\/vapehosale.com\/product\/vbon-9000-puffs-disposable-vape\/\"]}]},{\"@type\":\"BreadcrumbList\",\"@id\":\"https:\/\/vapehosale.com\/product\/vbon-9000-puffs-disposable-vape\/#breadcrumb\",\"itemListElement\":[{\"@type\":\"ListItem\",\"position\":1,\"name\":\"Home\",\"item\":\"https:\/\/vapehosale.com\/\"},{\"@type\":\"ListItem\",\"position\":2,\"name\":\"Best Sell Vapes\",\"item\":\"https:\/\/vapehosale.com\/vape-shop\/\"},{\"@type\":\"ListItem\",\"position\":3,\"name\":\"Wholesale VBON 9000 Puffs Disposable Vape 20mg\"}]},{\"@type\":\"WebSite\",\"@id\":\"https:\/\/vapehosale.com\/#website\",\"url\":\"https:\/\/vapehosale.com\/\",\"name\":\"Vape Wholesale\",\"description\":\"Buy Vape Wholesale Price Near you\",\"potentialAction\":[{\"@type\":\"SearchAction\",\"target\":{\"@type\":\"EntryPoint\",\"urlTemplate\":\"https:\/\/vapehosale.com\/?s={search_term_string}\"},\"query-input\":\"required name=search_term_string\"}],\"inLanguage\":\"sl-SI\"}]}<\/script>\n<!-- \/ Yoast SEO plugin. -->","yoast_head_json":{"title":"Wholesale VBON 9000 Puffs Disposable Vape 20mg - Vape Wholesale","description":"VBON 9000 Puffs is a rechargeable disposable device that contains 18ml e-liquid and an 600mah rechargeble battery\uff0ceach device provide 9000 puffs.","robots":{"index":"index","follow":"follow","max-snippet":"max-snippet:-1","max-image-preview":"max-image-preview:large","max-video-preview":"max-video-preview:-1"},"canonical":"https:\/\/vapehosale.com\/sl\/product\/vbon-9000-puffs-disposable-vape\/","og_locale":"sl_SI","og_type":"article","og_title":"Wholesale VBON 9000 Puffs Disposable Vape 20mg - Vape Wholesale","og_description":"VBON 9000 Puffs is a rechargeable disposable device that contains 18ml e-liquid and an 600mah rechargeble battery\uff0ceach device provide 9000 puffs.","og_url":"https:\/\/vapehosale.com\/sl\/product\/vbon-9000-puffs-disposable-vape\/","og_site_name":"Vape Wholesale","article_modified_time":"2024-10-16T09:20:58+00:00","og_image":[{"width":800,"height":800,"url":"https:\/\/vapehosale.com\/wp-content\/uploads\/2023\/09\/Best-sale-VBON-9000-Puffs-Disposable-vape-wholesale-.jpg","type":"image\/jpeg"}],"twitter_card":"summary_large_image","twitter_misc":{"Est. reading time":"4 minute"},"schema":{"@context":"https:\/\/schema.org","@graph":[{"@type":"WebPage","@id":"https:\/\/vapehosale.com\/product\/vbon-9000-puffs-disposable-vape\/","url":"https:\/\/vapehosale.com\/product\/vbon-9000-puffs-disposable-vape\/","name":"Wholesale VBON 9000 Puffs Disposable Vape 20mg - Vape Wholesale","isPartOf":{"@id":"https:\/\/vapehosale.com\/#website"},"datePublished":"2023-09-27T08:09:18+00:00","dateModified":"2024-10-16T09:20:58+00:00","description":"VBON 9000 Puffs is a rechargeable disposable device that contains 18ml e-liquid and an 600mah rechargeble battery\uff0ceach device provide 9000 puffs.","breadcrumb":{"@id":"https:\/\/vapehosale.com\/product\/vbon-9000-puffs-disposable-vape\/#breadcrumb"},"inLanguage":"sl-SI","potentialAction":[{"@type":"ReadAction","target":["https:\/\/vapehosale.com\/product\/vbon-9000-puffs-disposable-vape\/"]}]},{"@type":"BreadcrumbList","@id":"https:\/\/vapehosale.com\/product\/vbon-9000-puffs-disposable-vape\/#breadcrumb","itemListElement":[{"@type":"ListItem","position":1,"name":"Home","item":"https:\/\/vapehosale.com\/"},{"@type":"ListItem","position":2,"name":"Best Sell Vapes","item":"https:\/\/vapehosale.com\/vape-shop\/"},{"@type":"ListItem","position":3,"name":"Wholesale VBON 9000 Puffs Disposable Vape 20mg"}]},{"@type":"WebSite","@id":"https:\/\/vapehosale.com\/#website","url":"https:\/\/vapehosale.com\/","name":"Vape Wholesale","description":"Buy Vape Wholesale Price Near you","potentialAction":[{"@type":"SearchAction","target":{"@type":"EntryPoint","urlTemplate":"https:\/\/vapehosale.com\/?s={search_term_string}"},"query-input":"required name=search_term_string"}],"inLanguage":"sl-SI"}]}},"uagb_featured_image_src":{"full":["https:\/\/vapehosale.com\/wp-content\/uploads\/2023\/09\/Best-sale-VBON-9000-Puffs-Disposable-vape-wholesale-.jpg",800,800,false],"thumbnail":["https:\/\/vapehosale.com\/wp-content\/uploads\/2023\/09\/Best-sale-VBON-9000-Puffs-Disposable-vape-wholesale--150x150.jpg",150,150,true],"medium":["https:\/\/vapehosale.com\/wp-content\/uploads\/2023\/09\/Best-sale-VBON-9000-Puffs-Disposable-vape-wholesale--300x300.jpg",300,300,true],"medium_large":["https:\/\/vapehosale.com\/wp-content\/uploads\/2023\/09\/Best-sale-VBON-9000-Puffs-Disposable-vape-wholesale--768x768.jpg",768,768,true],"large":["https:\/\/vapehosale.com\/wp-content\/uploads\/2023\/09\/Best-sale-VBON-9000-Puffs-Disposable-vape-wholesale-.jpg",800,800,false],"1536x1536":["https:\/\/vapehosale.com\/wp-content\/uploads\/2023\/09\/Best-sale-VBON-9000-Puffs-Disposable-vape-wholesale-.jpg",800,800,false],"2048x2048":["https:\/\/vapehosale.com\/wp-content\/uploads\/2023\/09\/Best-sale-VBON-9000-Puffs-Disposable-vape-wholesale-.jpg",800,800,false],"trp-custom-language-flag":["https:\/\/vapehosale.com\/wp-content\/uploads\/2023\/09\/Best-sale-VBON-9000-Puffs-Disposable-vape-wholesale-.jpg",12,12,false],"woocommerce_thumbnail":["https:\/\/vapehosale.com\/wp-content\/uploads\/2023\/09\/Best-sale-VBON-9000-Puffs-Disposable-vape-wholesale--300x300.jpg",300,300,true],"woocommerce_single":["https:\/\/vapehosale.com\/wp-content\/uploads\/2023\/09\/Best-sale-VBON-9000-Puffs-Disposable-vape-wholesale--600x600.jpg",600,600,true],"woocommerce_gallery_thumbnail":["https:\/\/vapehosale.com\/wp-content\/uploads\/2023\/09\/Best-sale-VBON-9000-Puffs-Disposable-vape-wholesale--100x100.jpg",100,100,true],"wcpr-photo-reviews":["https:\/\/vapehosale.com\/wp-content\/uploads\/2023\/09\/Best-sale-VBON-9000-Puffs-Disposable-vape-wholesale-.jpg",500,500,false]},"uagb_author_info":{"display_name":"Vicky hosale","author_link":"https:\/\/vapehosale.com\/sl\/author\/"},"uagb_comment_info":0,"uagb_excerpt":"VBON 9000 Puffs Disposable Kit use type-c to recharge,each device contain 600mah battery and 18ml oil, you can use it any where, but not public places, contact vicky for wholesale order, min order only need 100pcs NOTE: The website price does not include shipping costs. Please provide your postcode to check about shipping costs. &nbsp;","_links":{"self":[{"href":"https:\/\/vapehosale.com\/sl\/wp-json\/wp\/v2\/product\/1572","targetHints":{"allow":["GET"]}}],"collection":[{"href":"https:\/\/vapehosale.com\/sl\/wp-json\/wp\/v2\/product"}],"about":[{"href":"https:\/\/vapehosale.com\/sl\/wp-json\/wp\/v2\/types\/product"}],"replies":[{"embeddable":true,"href":"https:\/\/vapehosale.com\/sl\/wp-json\/wp\/v2\/comments?post=1572"}],"wp:featuredmedia":[{"embeddable":true,"href":"https:\/\/vapehosale.com\/sl\/wp-json\/wp\/v2\/media\/1578"}],"wp:attachment":[{"href":"https:\/\/vapehosale.com\/sl\/wp-json\/wp\/v2\/media?parent=1572"}],"wp:term":[{"taxonomy":"product_cat","embeddable":true,"href":"https:\/\/vapehosale.com\/sl\/wp-json\/wp\/v2\/product_cat?post=1572"},{"taxonomy":"product_tag","embeddable":true,"href":"https:\/\/vapehosale.com\/sl\/wp-json\/wp\/v2\/product_tag?post=1572"}],"curies":[{"name":"wp","href":"https:\/\/api.w.org\/{rel}","templated":true}]}}