{"id":1453,"date":"2023-09-19T10:02:58","date_gmt":"2023-09-19T10:02:58","guid":{"rendered":"https:\/\/vapehosale.com\/?post_type=product&#038;p=1453"},"modified":"2025-08-29T08:33:33","modified_gmt":"2025-08-29T08:33:33","slug":"randm-tornado-7000-puffs-disposable-vape","status":"publish","type":"product","link":"https:\/\/vapehosale.com\/sl\/product\/randm-tornado-7000-puffs-disposable-vape\/","title":{"rendered":"Veleprodaja RandM Tornado 7000 Puffs Vape za enkratno uporabo"},"content":{"rendered":"<h1 style=\"text-align: center\">Veleprodaja RandM Tornado 7000 Puffs Disposable Vape?<\/h1>\n<p>RandM Tornado 7000 puffs je vape za enkratno uporabo, ki lahko prilagodi pretok zraka, potrebuje le <span style=\"font-size: 16px\">ne\u017eno zavrtite spodnji gumb za nastavitev pretoka zraka, da dobite velikost vdihov, ki vam ustreza, in tornado 7000 je eden izmed najbolje prodajanih vape za enkratno uporabo v seriji Tornado. <span class=\"___SText_anxqe-ko_\" data-ui-name=\"Link.Text\">randm vapes 7k z <\/span>edinstvenim dizajnom, uporaba vizualnega dizajna posodice za olje in spro\u017eilec lu\u010di RGB se razlikujeta od vseh vapov za enkratno uporabo.<\/span><\/p>\n<p><img decoding=\"async\" class=\"alignnone size-full wp-image-3105\" src=\"https:\/\/vapehosale.com\/wp-content\/uploads\/2023\/09\/RandM-Tornado-7000-Puffs-Rechargeable-Disposable-Vape.jpg\" alt=\"RandM Tornado 7000 Puffs Vape za ponovno polnjenje za enkratno uporabo\" width=\"1920\" height=\"1100\" srcset=\"https:\/\/vapehosale.com\/wp-content\/uploads\/2023\/09\/RandM-Tornado-7000-Puffs-Rechargeable-Disposable-Vape.jpg 1920w, https:\/\/vapehosale.com\/wp-content\/uploads\/2023\/09\/RandM-Tornado-7000-Puffs-Rechargeable-Disposable-Vape-300x172.jpg 300w, https:\/\/vapehosale.com\/wp-content\/uploads\/2023\/09\/RandM-Tornado-7000-Puffs-Rechargeable-Disposable-Vape-1024x587.jpg 1024w, https:\/\/vapehosale.com\/wp-content\/uploads\/2023\/09\/RandM-Tornado-7000-Puffs-Rechargeable-Disposable-Vape-768x440.jpg 768w, https:\/\/vapehosale.com\/wp-content\/uploads\/2023\/09\/RandM-Tornado-7000-Puffs-Rechargeable-Disposable-Vape-1536x880.jpg 1536w, https:\/\/vapehosale.com\/wp-content\/uploads\/2023\/09\/RandM-Tornado-7000-Puffs-Rechargeable-Disposable-Vape-600x344.jpg 600w\" sizes=\"(max-width: 1920px) 100vw, 1920px\" \/><\/p>\n<p>&nbsp;<\/p>\n<h2>Specifikacije za Rick and Morty Vape 7k (RandM) za enkratno uporabo:<\/h2>\n<p>1. 850 mAh baterija za ponovno polnjenje Type-c<br \/>\n2. 14 ml napolnjene e-teko\u010dine<br \/>\n3. 2% in 5% nikotin<br \/>\n4. Zagotavlja skoraj 7000 vdihov<br \/>\n5. Nastavljiv pretok zraka<br \/>\n6. RGB lu\u010dka<\/p>\n<h2>RandM Tornado 7000 seznam okusov:<\/h2>\n<p>1. HLADNA MENTA<br \/>\n2. SO\u010cNI LED<br \/>\n3. LED MANDARINA<br \/>\n4. JAGODNI DONUT<br \/>\n5. GUMIJASTI MEDVED<br \/>\n6.BOROVNICA NA LEDU<br \/>\n7.MANGO NA LEDU<br \/>\n8.BRESKEV LED<br \/>\n9.BANANA LED<br \/>\n10.GROZDJE LED<br \/>\n11.ROZA LIMONADA<br \/>\n12.PINA COLADA RUM<br \/>\n13.ME\u0160ANO JAGODI\u010cJE<br \/>\n14.BANANIN MILKSHAKE<br \/>\n15.JAGODA LUBENICA<br \/>\n16.RDE\u010cE JABOLKO LIMONA<br \/>\n17.ANANAS LED<br \/>\n18.BOMBA\u017dNI SLADKOR<br \/>\n19.JAGODA BANANA<br \/>\n20.JAGODA LED<br \/>\n21.JAGODA KIVI<br \/>\n22.RDE\u010cA ENERGIJA LED<br \/>\n23.MODRA RAZZ LIMONADA<br \/>\n24.Jabolko ledeno<br \/>\n25.Jagodna limonada<br \/>\n26.Borovni\u010dev \u017eve\u010dilni gumi<br \/>\n27.Kisla malina<br \/>\n28.Modra energijska pija\u010da<br \/>\n29.Jabolko breskev hru\u0161ka<br \/>\n30.Borovni\u010dev granatno jabolko<br \/>\n31. VIMTO<br \/>\n32.Kivi pasijonka guava<br \/>\n33.Kola ledeno<br \/>\n34.KISLO JABOLKO<br \/>\n35.\u010cRNI RIBEZ MENTOL<br \/>\n36.TIGROVA KRI<br \/>\n37.BRESKEV BOROVNICA SLADKARIJA<br \/>\n38.BRESKEV MANGO<br \/>\n39.JAGODA RED BULL<br \/>\n40.LED \u010cRNI RIBEZ<br \/>\n41.JAGODA LUBENICA LIMONADA<br \/>\n42.\u010cE\u0160NJA<br \/>\n43.MODRA MALINA \u010cE\u0160NJA<br \/>\n44. SKITTLES<br \/>\n45.BOROVNICA MALINA<br \/>\n46.JAGODA GROZDJE<br \/>\n47.BOROVNICA \u010cE\u0160NJA BRUSNICA<br \/>\n48.JABOL\u010cNA JAGODA EKSPLOZIJA<br \/>\n49.\u010cE\u0160NJA KOLA<br \/>\n50.LIMONA<br \/>\n51.ROZA IZBRUH<br \/>\n52.PACIFI\u0160KI HLADILNIK<br \/>\n53.LEDENA POPSIKLA<br \/>\n54. BINGO ZRU\u0160ENJE<br \/>\n55. VIMTO ZRU\u0160ENJE<br \/>\n56. TABAK<\/p>\n<h3>Kako uporabljati Randm Tornado 7000 Vape?<\/h3>\n<p>1. korak: Odprite zaprto vre\u010dko<br \/>\n2. korak: Odlepite nalepko<br \/>\nZadnji korak: Izvlecite silikonski \u010dep in pustite stati 3 minute, nato ga lahko uporabite<\/p>\n<p>Prosimo, da natan\u010dno preberete navodila za uporabo RandM Tornado 7000 Puffs, da se izognete te\u017eavam z izdelkom, ki so posledica nepravilnega delovanja.<\/p>\n<h3>Navodila za polnjenje Randm Tornado Vapes 7000:<\/h3>\n<p>1. Fumot RandM vape 7k ni mogo\u010de polniti s polnilnikom za hitro polnjenje, standardna varna mo\u010d razpolo\u017eljivih vejperjev je 5V 1A, \u010de uporabljate polnilnik za hitro polnjenje, bo neposredno po\u0161kodoval baterijo.<\/p>\n<p>2. Ko bo baterija skoraj prazna, bo na dnu kompleta utripala lu\u010dka, \u010de menite, da koli\u010dina dima ni velika, je to tudi zato, ker je mo\u010d baterije nezadostna, in jo morate napolniti pravo\u010dasno, preden se mo\u010d Fumot vape Tornados 7000 iz\u010drpa, sicer bo to povzro\u010dilo po\u0161kodbe baterije, zaradi \u010desar elektronska cigareta ne bo mogla delovati.<\/p>\n<h3>Fumot Vape Tornado 7000 Puffs klju\u010dne lastnosti in prednosti<\/h3>\n<ol>\n<li><strong>Tehnologija mre\u017easte tuljave \u2013 ve\u010d pare, bolj\u0161i okus<\/strong>: RandM vapes 7000 Puffs uporablja napredno tehnologijo mre\u017easte tuljave, ki zagotavlja gostej\u0161o paro in bogatej\u0161i okus. Mre\u017easte tuljave se segrejejo enakomerneje kot tradicionalne tuljave, kar zagotavlja, da je vsak vdih gladek in poln okusa.<\/li>\n<li><strong>Zasnova proti pu\u0161\u010danju z lo\u010devanjem oljne tuljave<\/strong>: Z inovativno zasnovo lo\u010devanja oljne tuljave je ta vape zelo odporen na pu\u0161\u010danje, lo\u010dena struktura pa pove\u010duje stabilnost naprave, kar zagotavlja \u010disto in dosledno izku\u0161njo vapinga.<\/li>\n<li><strong>8-sekundna samodejna klju\u010davnica za prepre\u010devanje za\u017eganih tuljav<\/strong>: Z vgrajeno 8-sekundno funkcijo samodejnega zaklepanja RandM Tornado prepre\u010duje izgorevanje tuljave tako, da se samodejno ustavi po 8 sekundah neprekinjenega vdihavanja. Ta funkcija podalj\u0161uje \u017eivljenjsko dobo naprave in zagotavlja varno uporabo.<\/li>\n<li><strong>Nastavljiv nadzor pretoka zraka<\/strong>: Pretok zraka lahko enostavno prilagodite, da prilagodite izku\u0161njo vapinga. Ne glede na to, ali imate raje tesnej\u0161e ali ohlapnej\u0161e vdihe, vam ta funkcija omogo\u010da nadzor gostote pare in odpornosti vdihovanja za osebno izku\u0161njo.<\/li>\n<li><strong>RGB lu\u010di ob vapingu<\/strong>: Vsak vdih aktivira dinami\u010dne RGB lu\u010di, kar dodaja zabaven in eleganten vizualni u\u010dinek. Popolno za uporabnike, ki \u017eelijo, da njihov vape izstopa z modernim, barvitim pridihom.<\/li>\n<\/ol>\n<p>S temi funkcijami se Vape <strong>RandM Tornado 7k vdihov, ponovno polnjenje<\/strong>\u00a0izka\u017ee kot visoko zmogljiva naprava, ki ponuja odli\u010den okus, nastavljiv pretok zraka, zasnovo, ki prepre\u010duje pu\u0161\u010danje, in privla\u010dno RGB osvetlitev. Idealno za vaperje, ki i\u0161\u010dejo udobje, slog in vrhunsko funkcionalnost.<\/p>\n<p><strong>Dodajte vodjo prodaje vicky na WhatsApp +8618077105750 za ve\u010dji popust!<\/strong><\/p>\n<p><img decoding=\"async\" class=\"alignnone size-full wp-image-2638\" src=\"https:\/\/vapehosale.com\/wp-content\/uploads\/2023\/09\/885301ea6f5e0b91f5ab2b1c85e665c.png\" alt=\"Tovarna RandM\" width=\"670\" height=\"658\" srcset=\"https:\/\/vapehosale.com\/wp-content\/uploads\/2023\/09\/885301ea6f5e0b91f5ab2b1c85e665c.png 670w, https:\/\/vapehosale.com\/wp-content\/uploads\/2023\/09\/885301ea6f5e0b91f5ab2b1c85e665c-300x295.png 300w, https:\/\/vapehosale.com\/wp-content\/uploads\/2023\/09\/885301ea6f5e0b91f5ab2b1c85e665c-600x589.png 600w\" sizes=\"(max-width: 670px) 100vw, 670px\" \/><\/p>\n<p>Ve\u010d vro\u010dih prodajnih vape naprav, ki jih morda potrebujete<\/p>\n<div class=\"sm-table-layout__cell sm-table-layout__cell_align_left sm-table-layout__cell_fixed-cell_phrase\" role=\"cell\" data-testid=\"table-cell-keyword\">\n<div class=\"sm-cell-phrase\">\n<p><a href=\"https:\/\/vapehosale.com\/sl\/product-category\/9000-vape\/\">Veleprodaja RandM vape naprav za enkratno uporabo tukaj<span class=\"x19la9d6 x1fc57z9 x6ikm8r x10wlt62 x19co3pv x1g5zs5t xfibh0p xiy17q3 x1xsqp64 x1lkfr7t xexx8yu xyri2b x18d9i69 x1c1uobl\"><span class=\"xrtxmta x1bhl96m\">\ud83d\udc48<\/span><\/span><\/a><\/p>\n<div class=\"sm-cell-phrase__addons-container\"><a href=\"https:\/\/vapehosale.com\/sl\/product\/randm-fumot-tornado-30k-music-disposable-vape\/\">Fumot Vape RandM Vape <\/a><span class=\"___SText_anxqe-kmt_\" data-ui-name=\"Link.Text\">tornado 30k glasba<br \/>\n<a href=\"https:\/\/vapehosale.com\/sl\/product-category\/7000-puffs-disposable-vape\/\">7000 Puffs Disposable Vape Vro\u010da razprodaja zdaj!<\/a><\/span><\/div>\n<\/div>\n<\/div>\n<p>Kontakt za katalog izdelkov:<a href=\"https:\/\/wa.me\/8618077105750\">Kupite zdaj<\/a><\/p>","protected":false},"excerpt":{"rendered":"<p>Randm tornados 7k vape za enkratno uporabo, ki ga je mogo\u010de polniti, vsebuje 14 ml e-teko\u010dine in 850 mah baterijo, ki jo je mogo\u010de polniti. Vsak fumot 7k vape lahko zagotovi 7000 vdihov, 40+ okusov na zalogi, ki \u010dakajo, da jih izberete \u0161e danes!<span style=\"color: #ff0000\">(spletna cena ne vklju\u010duje stro\u0161kov po\u0161iljanja)<\/span><br \/>\n<span style=\"color: #000000\">Kontaktirajte Vicky za ve\u010dji popust, RandM vape veleprodaja, minimalno naro\u010dilo samo 50 kosov!<\/span><\/p>\n<p><img decoding=\"async\" class=\"alignnone size-medium wp-image-2638\" src=\"https:\/\/vapehosale.com\/wp-content\/uploads\/2023\/09\/885301ea6f5e0b91f5ab2b1c85e665c-300x295.png\" alt=\"Tovarna RandM\" width=\"300\" height=\"295\" srcset=\"https:\/\/vapehosale.com\/wp-content\/uploads\/2023\/09\/885301ea6f5e0b91f5ab2b1c85e665c-300x295.png 300w, https:\/\/vapehosale.com\/wp-content\/uploads\/2023\/09\/885301ea6f5e0b91f5ab2b1c85e665c-600x589.png 600w, https:\/\/vapehosale.com\/wp-content\/uploads\/2023\/09\/885301ea6f5e0b91f5ab2b1c85e665c.png 670w\" sizes=\"(max-width: 300px) 100vw, 300px\" \/><\/p>\n<p><span style=\"color: #ff0000\">OPOMBA: Cena na spletni strani ne vklju\u010duje stro\u0161kov po\u0161iljanja. Prosimo, navedite va\u0161o po\u0161tno \u0161tevilko za preverbo stro\u0161kov po\u0161iljanja.<\/span><\/p>","protected":false},"featured_media":3104,"comment_status":"closed","ping_status":"closed","template":"","meta":{"_uag_custom_page_level_css":"","_lmt_disableupdate":"no","_lmt_disable":"","site-sidebar-layout":"default","site-content-layout":"","ast-site-content-layout":"default","site-content-style":"default","site-sidebar-style":"default","ast-global-header-display":"","ast-banner-title-visibility":"","ast-main-header-display":"","ast-hfb-above-header-display":"","ast-hfb-below-header-display":"","ast-hfb-mobile-header-display":"","site-post-title":"","ast-breadcrumbs-content":"","ast-featured-img":"","footer-sml-layout":"","theme-transparent-header-meta":"default","adv-header-id-meta":"","stick-header-meta":"","header-above-stick-meta":"","header-main-stick-meta":"","header-below-stick-meta":"","astra-migrate-meta-layouts":"set","_joinchat":[]},"product_cat":[15,41,55,89,91],"product_tag":[32,114,31,33],"class_list":["post-1453","product","type-product","status-publish","has-post-thumbnail","hentry","product_cat-vape-shop-wholesale","product_cat-europe-hot-sale-vape","product_cat-minimum-order-quantity-50pcs","product_cat-randm-fumot-vape","product_cat-7000-puffs-disposable-vape","product_tag-7000-puffs-disposable-vape","product_tag-fumot-vape","product_tag-randm-tornado-vape","product_tag-rgb-light-disposable-vape","desktop-align-left","tablet-align-left","mobile-align-left"],"yoast_head":"<!-- This site is optimized with the Yoast SEO plugin v21.1 - https:\/\/yoast.com\/wordpress\/plugins\/seo\/ -->\n<title>Wholesale RandM Tornado 7000 Puffs Disposable Vape - Vape Wholesale<\/title>\n<meta name=\"description\" content=\"RandM Tornado 7000 Puffs Rechargeable Vape with mesh coil, leak-proof design, RGB lights, and adjustable airflow for the ultimate vaping experience\" \/>\n<meta name=\"robots\" content=\"index, follow, max-snippet:-1, max-image-preview:large, max-video-preview:-1\" \/>\n<link rel=\"canonical\" href=\"https:\/\/vapehosale.com\/sl\/product\/randm-tornado-7000-puffs-disposable-vape\/\" \/>\n<meta property=\"og:locale\" content=\"sl_SI\" \/>\n<meta property=\"og:type\" content=\"article\" \/>\n<meta property=\"og:title\" content=\"Wholesale RandM Tornado 7000 Puffs Disposable Vape - Vape Wholesale\" \/>\n<meta property=\"og:description\" content=\"RandM Tornado 7000 Puffs Rechargeable Vape with mesh coil, leak-proof design, RGB lights, and adjustable airflow for the ultimate vaping experience\" \/>\n<meta property=\"og:url\" content=\"https:\/\/vapehosale.com\/sl\/product\/randm-tornado-7000-puffs-disposable-vape\/\" \/>\n<meta property=\"og:site_name\" content=\"Vape Wholesale\" \/>\n<meta property=\"article:modified_time\" content=\"2025-08-29T08:33:33+00:00\" \/>\n<meta property=\"og:image\" content=\"https:\/\/vapehosale.com\/wp-content\/uploads\/2023\/09\/RandM-Factory-Direct-7000-Puffs-RGB-Vape.jpg\" \/>\n\t<meta property=\"og:image:width\" content=\"1440\" \/>\n\t<meta property=\"og:image:height\" content=\"1800\" \/>\n\t<meta property=\"og:image:type\" content=\"image\/jpeg\" \/>\n<meta name=\"twitter:card\" content=\"summary_large_image\" \/>\n<meta name=\"twitter:label1\" content=\"Est. reading time\" \/>\n\t<meta name=\"twitter:data1\" content=\"4 minute\" \/>\n<script type=\"application\/ld+json\" class=\"yoast-schema-graph\">{\"@context\":\"https:\/\/schema.org\",\"@graph\":[{\"@type\":\"WebPage\",\"@id\":\"https:\/\/vapehosale.com\/product\/randm-tornado-7000-puffs-disposable-vape\/\",\"url\":\"https:\/\/vapehosale.com\/product\/randm-tornado-7000-puffs-disposable-vape\/\",\"name\":\"Wholesale RandM Tornado 7000 Puffs Disposable Vape - Vape Wholesale\",\"isPartOf\":{\"@id\":\"https:\/\/vapehosale.com\/#website\"},\"datePublished\":\"2023-09-19T10:02:58+00:00\",\"dateModified\":\"2025-08-29T08:33:33+00:00\",\"description\":\"RandM Tornado 7000 Puffs Rechargeable Vape with mesh coil, leak-proof design, RGB lights, and adjustable airflow for the ultimate vaping experience\",\"breadcrumb\":{\"@id\":\"https:\/\/vapehosale.com\/product\/randm-tornado-7000-puffs-disposable-vape\/#breadcrumb\"},\"inLanguage\":\"sl-SI\",\"potentialAction\":[{\"@type\":\"ReadAction\",\"target\":[\"https:\/\/vapehosale.com\/product\/randm-tornado-7000-puffs-disposable-vape\/\"]}]},{\"@type\":\"BreadcrumbList\",\"@id\":\"https:\/\/vapehosale.com\/product\/randm-tornado-7000-puffs-disposable-vape\/#breadcrumb\",\"itemListElement\":[{\"@type\":\"ListItem\",\"position\":1,\"name\":\"Home\",\"item\":\"https:\/\/vapehosale.com\/\"},{\"@type\":\"ListItem\",\"position\":2,\"name\":\"Best Sell Vapes\",\"item\":\"https:\/\/vapehosale.com\/vape-shop\/\"},{\"@type\":\"ListItem\",\"position\":3,\"name\":\"Wholesale RandM Tornado 7000 Puffs Disposable Vape\"}]},{\"@type\":\"WebSite\",\"@id\":\"https:\/\/vapehosale.com\/#website\",\"url\":\"https:\/\/vapehosale.com\/\",\"name\":\"Vape Wholesale\",\"description\":\"Buy Vape Wholesale Price Near you\",\"potentialAction\":[{\"@type\":\"SearchAction\",\"target\":{\"@type\":\"EntryPoint\",\"urlTemplate\":\"https:\/\/vapehosale.com\/?s={search_term_string}\"},\"query-input\":\"required name=search_term_string\"}],\"inLanguage\":\"sl-SI\"}]}<\/script>\n<!-- \/ Yoast SEO plugin. -->","yoast_head_json":{"title":"Wholesale RandM Tornado 7000 Puffs Disposable Vape - Vape Wholesale","description":"RandM Tornado 7000 Puffs Rechargeable Vape with mesh coil, leak-proof design, RGB lights, and adjustable airflow for the ultimate vaping experience","robots":{"index":"index","follow":"follow","max-snippet":"max-snippet:-1","max-image-preview":"max-image-preview:large","max-video-preview":"max-video-preview:-1"},"canonical":"https:\/\/vapehosale.com\/sl\/product\/randm-tornado-7000-puffs-disposable-vape\/","og_locale":"sl_SI","og_type":"article","og_title":"Wholesale RandM Tornado 7000 Puffs Disposable Vape - Vape Wholesale","og_description":"RandM Tornado 7000 Puffs Rechargeable Vape with mesh coil, leak-proof design, RGB lights, and adjustable airflow for the ultimate vaping experience","og_url":"https:\/\/vapehosale.com\/sl\/product\/randm-tornado-7000-puffs-disposable-vape\/","og_site_name":"Vape Wholesale","article_modified_time":"2025-08-29T08:33:33+00:00","og_image":[{"width":1440,"height":1800,"url":"https:\/\/vapehosale.com\/wp-content\/uploads\/2023\/09\/RandM-Factory-Direct-7000-Puffs-RGB-Vape.jpg","type":"image\/jpeg"}],"twitter_card":"summary_large_image","twitter_misc":{"Est. reading time":"4 minute"},"schema":{"@context":"https:\/\/schema.org","@graph":[{"@type":"WebPage","@id":"https:\/\/vapehosale.com\/product\/randm-tornado-7000-puffs-disposable-vape\/","url":"https:\/\/vapehosale.com\/product\/randm-tornado-7000-puffs-disposable-vape\/","name":"Wholesale RandM Tornado 7000 Puffs Disposable Vape - Vape Wholesale","isPartOf":{"@id":"https:\/\/vapehosale.com\/#website"},"datePublished":"2023-09-19T10:02:58+00:00","dateModified":"2025-08-29T08:33:33+00:00","description":"RandM Tornado 7000 Puffs Rechargeable Vape with mesh coil, leak-proof design, RGB lights, and adjustable airflow for the ultimate vaping experience","breadcrumb":{"@id":"https:\/\/vapehosale.com\/product\/randm-tornado-7000-puffs-disposable-vape\/#breadcrumb"},"inLanguage":"sl-SI","potentialAction":[{"@type":"ReadAction","target":["https:\/\/vapehosale.com\/product\/randm-tornado-7000-puffs-disposable-vape\/"]}]},{"@type":"BreadcrumbList","@id":"https:\/\/vapehosale.com\/product\/randm-tornado-7000-puffs-disposable-vape\/#breadcrumb","itemListElement":[{"@type":"ListItem","position":1,"name":"Home","item":"https:\/\/vapehosale.com\/"},{"@type":"ListItem","position":2,"name":"Best Sell Vapes","item":"https:\/\/vapehosale.com\/vape-shop\/"},{"@type":"ListItem","position":3,"name":"Wholesale RandM Tornado 7000 Puffs Disposable Vape"}]},{"@type":"WebSite","@id":"https:\/\/vapehosale.com\/#website","url":"https:\/\/vapehosale.com\/","name":"Vape Wholesale","description":"Buy Vape Wholesale Price Near you","potentialAction":[{"@type":"SearchAction","target":{"@type":"EntryPoint","urlTemplate":"https:\/\/vapehosale.com\/?s={search_term_string}"},"query-input":"required name=search_term_string"}],"inLanguage":"sl-SI"}]}},"uagb_featured_image_src":{"full":["https:\/\/vapehosale.com\/wp-content\/uploads\/2023\/09\/RandM-Factory-Direct-7000-Puffs-RGB-Vape.jpg",1440,1800,false],"thumbnail":["https:\/\/vapehosale.com\/wp-content\/uploads\/2023\/09\/RandM-Factory-Direct-7000-Puffs-RGB-Vape-150x150.jpg",150,150,true],"medium":["https:\/\/vapehosale.com\/wp-content\/uploads\/2023\/09\/RandM-Factory-Direct-7000-Puffs-RGB-Vape-240x300.jpg",240,300,true],"medium_large":["https:\/\/vapehosale.com\/wp-content\/uploads\/2023\/09\/RandM-Factory-Direct-7000-Puffs-RGB-Vape-768x960.jpg",768,960,true],"large":["https:\/\/vapehosale.com\/wp-content\/uploads\/2023\/09\/RandM-Factory-Direct-7000-Puffs-RGB-Vape-819x1024.jpg",819,1024,true],"1536x1536":["https:\/\/vapehosale.com\/wp-content\/uploads\/2023\/09\/RandM-Factory-Direct-7000-Puffs-RGB-Vape-1229x1536.jpg",1229,1536,true],"2048x2048":["https:\/\/vapehosale.com\/wp-content\/uploads\/2023\/09\/RandM-Factory-Direct-7000-Puffs-RGB-Vape.jpg",1440,1800,false],"trp-custom-language-flag":["https:\/\/vapehosale.com\/wp-content\/uploads\/2023\/09\/RandM-Factory-Direct-7000-Puffs-RGB-Vape.jpg",10,12,false],"woocommerce_thumbnail":["https:\/\/vapehosale.com\/wp-content\/uploads\/2023\/09\/RandM-Factory-Direct-7000-Puffs-RGB-Vape-300x300.jpg",300,300,true],"woocommerce_single":["https:\/\/vapehosale.com\/wp-content\/uploads\/2023\/09\/RandM-Factory-Direct-7000-Puffs-RGB-Vape-600x750.jpg",600,750,true],"woocommerce_gallery_thumbnail":["https:\/\/vapehosale.com\/wp-content\/uploads\/2023\/09\/RandM-Factory-Direct-7000-Puffs-RGB-Vape-100x100.jpg",100,100,true],"wcpr-photo-reviews":["https:\/\/vapehosale.com\/wp-content\/uploads\/2023\/09\/RandM-Factory-Direct-7000-Puffs-RGB-Vape.jpg",400,500,false]},"uagb_author_info":{"display_name":"Vicky hosale","author_link":"https:\/\/vapehosale.com\/sl\/author\/"},"uagb_comment_info":8,"uagb_excerpt":"Randm tornados 7k rechargeable disposable vape that contains 14ml of e-liquid and an 850mah rechargeable battery,\u00a0 each fumot 7k vapes can provide 7000 puffs, 40+ flavor instock, waittinig for you to choose today!(website price not include shipping cost) Contact vikcy for more disscount,RandM vape wholesale min order only need 50pcs! NOTE: The website price does&hellip;","_links":{"self":[{"href":"https:\/\/vapehosale.com\/sl\/wp-json\/wp\/v2\/product\/1453","targetHints":{"allow":["GET"]}}],"collection":[{"href":"https:\/\/vapehosale.com\/sl\/wp-json\/wp\/v2\/product"}],"about":[{"href":"https:\/\/vapehosale.com\/sl\/wp-json\/wp\/v2\/types\/product"}],"replies":[{"embeddable":true,"href":"https:\/\/vapehosale.com\/sl\/wp-json\/wp\/v2\/comments?post=1453"}],"wp:featuredmedia":[{"embeddable":true,"href":"https:\/\/vapehosale.com\/sl\/wp-json\/wp\/v2\/media\/3104"}],"wp:attachment":[{"href":"https:\/\/vapehosale.com\/sl\/wp-json\/wp\/v2\/media?parent=1453"}],"wp:term":[{"taxonomy":"product_cat","embeddable":true,"href":"https:\/\/vapehosale.com\/sl\/wp-json\/wp\/v2\/product_cat?post=1453"},{"taxonomy":"product_tag","embeddable":true,"href":"https:\/\/vapehosale.com\/sl\/wp-json\/wp\/v2\/product_tag?post=1453"}],"curies":[{"name":"wp","href":"https:\/\/api.w.org\/{rel}","templated":true}]}}