{"id":6725,"date":"2026-05-11T03:55:42","date_gmt":"2026-05-11T03:55:42","guid":{"rendered":"https:\/\/vapehosale.com\/?post_type=product&#038;p=6725"},"modified":"2026-05-11T09:36:42","modified_gmt":"2026-05-11T09:36:42","slug":"vapme-digital-box-50000-puffs-disposable-vape","status":"publish","type":"product","link":"https:\/\/vapehosale.com\/sk\/product\/vapme-digital-box-50000-puffs-disposable-vape\/","title":{"rendered":"Vapme Digital Box 50K Puffs jednorazov\u00fd vape"},"content":{"rendered":"<h2>Prekro\u010dte hranice: a\u017e 50 000 potiahnut\u00ed bezkonkuren\u010dn\u00e9ho v\u00fdkonu<\/h2>\n<p data-start=\"117\" data-end=\"386\">Vapme Digital Box 50K Puffs je viac ne\u017e len jednorazov\u00e1 elektronick\u00e1 cigareta. Predstavuje nov\u00fd \u0161tandard v mimoriadne dlhej v\u00fddr\u017ei vapovania. Vybaven\u00e1 pokro\u010dil\u00fdm syst\u00e9mom kontroly e-liquidu, toto zariadenie s vysokou kapacitou poskytuje a\u017e 50 000 jemn\u00fdch a chutn\u00fdch potiahnut\u00ed.<\/p>\n<p data-start=\"388\" data-end=\"584\">\u010ci u\u017e cestujete, doch\u00e1dzate alebo pou\u017e\u00edvate Vapme Digital Box 50K Vape po\u010das cel\u00e9ho d\u0148a, Vapme Digital Box 50K je navrhnut\u00fd tak, aby vydr\u017eal t\u00fd\u017edne alebo dokonca mesiace, \u010d\u00edm eliminuje potrebu \u010dast\u00fdch v\u00fdmen.<br \/>\n<img decoding=\"async\" class=\"alignnone size-full wp-image-6723\" src=\"https:\/\/vapehosale.com\/wp-content\/uploads\/2026\/05\/Best-Vapme-Digital-Box-50k-flavors-list.webp\" alt=\"Najlep\u0161\u00ed zoznam pr\u00edchut\u00ed Vapme Digital Box 50k\" width=\"1000\" height=\"666\" srcset=\"https:\/\/vapehosale.com\/wp-content\/uploads\/2026\/05\/Best-Vapme-Digital-Box-50k-flavors-list.webp 1000w, https:\/\/vapehosale.com\/wp-content\/uploads\/2026\/05\/Best-Vapme-Digital-Box-50k-flavors-list-300x200.webp 300w, https:\/\/vapehosale.com\/wp-content\/uploads\/2026\/05\/Best-Vapme-Digital-Box-50k-flavors-list-768x511.webp 768w, https:\/\/vapehosale.com\/wp-content\/uploads\/2026\/05\/Best-Vapme-Digital-Box-50k-flavors-list-18x12.webp 18w, https:\/\/vapehosale.com\/wp-content\/uploads\/2026\/05\/Best-Vapme-Digital-Box-50k-flavors-list-600x400.webp 600w\" sizes=\"(max-width: 1000px) 100vw, 1000px\" \/><\/p>\n<h3 data-start=\"388\" data-end=\"584\">vapme digital box 50k Technick\u00e9 \u0161pecifik\u00e1cie<\/h3>\n<table>\n<thead>\n<tr>\n<th>\u0160pecifik\u00e1cia<\/th>\n<th>Podrobnosti<\/th>\n<\/tr>\n<\/thead>\n<tbody>\n<tr>\n<td>Zna\u010dka<\/td>\n<td>Vapme<\/td>\n<\/tr>\n<tr>\n<td>Model<\/td>\n<td>Digit\u00e1lny Box 50000<\/td>\n<\/tr>\n<tr>\n<td>Po\u010det \u0164ahov<\/td>\n<td>A\u017e 50 000 potiahnut\u00ed<\/td>\n<\/tr>\n<tr>\n<td>Sila nikot\u00ednu<\/td>\n<td>\u00a02%, 5% nikot\u00ednov\u00e1 so\u013e<\/td>\n<\/tr>\n<tr>\n<td>Kapacita E-liquidu<\/td>\n<td>Ve\u013ek\u00e1 predplnen\u00e1 n\u00e1dr\u017e na e-liquid<\/td>\n<\/tr>\n<tr>\n<td>Kapacita bat\u00e9rie<\/td>\n<td>650mAh dob\u00edjate\u013en\u00e1 bat\u00e9ria z \u010dist\u00e9ho kobaltu<\/td>\n<\/tr>\n<tr>\n<td>Nab\u00edjac\u00ed port<\/td>\n<td>R\u00fdchle nab\u00edjanie USB Type-C<\/td>\n<\/tr>\n<tr>\n<td>Typ \u0161pir\u00e1lky<\/td>\n<td>1.0\u03a9 du\u00e1lna sie\u0165ov\u00e1 cievka<\/td>\n<\/tr>\n<tr>\n<td>Displej<\/td>\n<td>LED digit\u00e1lna obrazovka<\/td>\n<\/tr>\n<tr>\n<td>\u0160t\u00fdl vapovania<\/td>\n<td>MTL (\u00dasta-do-p\u013e\u00fac)<\/td>\n<\/tr>\n<\/tbody>\n<\/table>\n<h3>Zoznam pr\u00edchut\u00ed Vapme Digital Box 50K Puffs<\/h3>\n<p>1. \u010cu\u010doriedka Malina \u013dad<br \/>\n2. \u010cere\u0161\u0148a \u013dad<br \/>\n3. Kiwi Mu\u010denka Guava<br \/>\n4. Jahoda \u013dad<br \/>\n5. Jahoda Kiwi<br \/>\n6. Jahoda Red Bull<br \/>\n7.Jahoda Mel\u00f3n<br \/>\n8.Vodn\u00fd Mel\u00f3n \u013eadov\u00fd<br \/>\n9. \u0160\u0165avnat\u00e1 brosky\u0148a \u013dad<br \/>\n10.L\u00e1ska 66<br \/>\n11.Brosky\u0148a mango anan\u00e1s<br \/>\n12.Modr\u00e1 malina limon\u00e1da<br \/>\n13.\u010cere\u0161\u0148a cola<br \/>\n14.Tropick\u00fd ovocn\u00fd pun\u010d<br \/>\n15.Trojit\u00fd mel\u00f3n \u013ead<br \/>\n16.Jahodovo-ban\u00e1nov\u00fd milkshake<br \/>\n17.P\u00e1n modr\u00fd<br \/>\n18.Jahodovo-malinov\u00fd cukr\u00edk<br \/>\n19.Mel\u00f3n kivi \u013ead<br \/>\n20.\u010cu\u010doriedka brusnica \u010dere\u0161\u0148a<\/p>\n<h3><a href=\"https:\/\/vapehosale.com\/sk\/product-category\/vapme-vape\/\"><strong class=\"Yjhzub\" data-sfc-root=\"c\" data-sfc-cb=\"\" data-complete=\"true\">Vapme jednorazov\u00e1 elektronick\u00e1 cigareta ve\u013ekoobchod <\/strong><\/a>Kontakt pre ve\u013ekoobchodn\u00edkov<\/h3>\n<p>\u2709\ufe0f E-mail: vicky@essenvape.com<br \/>\n\ud83d\udcde Whatsapp\/Telef\u00f3nne \u010d\u00edslo: <a href=\"https:\/\/wa.me\/8618077105750\">+8618077105750<\/a><br \/>\n\ud83d\udd58 Prev\u00e1dzkov\u00e1 doba: 9:00 \u2013 18:00<br \/>\n\ud83d\udccd Miesto: Shenzhen<\/p>\n<p>\u2705 Ve\u013ekoobchodn\u00edci a predajcovia s\u00fa v\u00edtan\u00ed na prisp\u00f4sobenie objedn\u00e1vok<br \/>\n\u2705 Poskytujeme produkty najvy\u0161\u0161ej kvality a najprofesion\u00e1lnej\u0161ie slu\u017eby.<\/p>\n<p><img decoding=\"async\" class=\"alignnone size-full wp-image-2638\" src=\"https:\/\/vapehosale.com\/wp-content\/uploads\/2023\/09\/885301ea6f5e0b91f5ab2b1c85e665c.png\" alt=\"RandM Tov\u00e1re\u0148\" width=\"670\" height=\"658\" srcset=\"https:\/\/vapehosale.com\/wp-content\/uploads\/2023\/09\/885301ea6f5e0b91f5ab2b1c85e665c.png 670w, https:\/\/vapehosale.com\/wp-content\/uploads\/2023\/09\/885301ea6f5e0b91f5ab2b1c85e665c-300x295.png 300w, https:\/\/vapehosale.com\/wp-content\/uploads\/2023\/09\/885301ea6f5e0b91f5ab2b1c85e665c-600x589.png 600w\" sizes=\"(max-width: 670px) 100vw, 670px\" \/><\/p>\n<h2 data-start=\"2346\" data-end=\"2384\">Pre\u010do si vybra\u0165 Vapme 50K Smart Display Vape?<\/h2>\n<ol data-start=\"2386\" data-end=\"2653\">\n<li data-start=\"2386\" data-end=\"2423\">A\u017e 50 000 potiahnut\u00ed pre dlhodob\u00e9 pou\u017e\u00edvanie<\/li>\n<li data-start=\"2424\" data-end=\"2478\">Inteligentn\u00e1 LED obrazovka na sledovanie bat\u00e9rie a e-liquidu<\/li>\n<li data-start=\"2479\" data-end=\"2524\">Dvojit\u00e1 sie\u0165kov\u00e1 \u0161pir\u00e1la pre vynikaj\u00facu chu\u0165<\/li>\n<li data-start=\"2525\" data-end=\"2575\">Nab\u00edjate\u013en\u00e1 bat\u00e9ria 650mAh s nab\u00edjan\u00edm cez Type-C<\/li>\n<li data-start=\"2576\" data-end=\"2612\">Viacero mo\u017enost\u00ed sily nikot\u00ednu<\/li>\n<li data-start=\"2613\" data-end=\"2653\">Kompaktn\u00fd dizajn s pr\u00e9miovou ergon\u00f3miou<\/li>\n<\/ol>\n<h3><strong>Obsah balenia:<\/strong><\/h3>\n<p>1 x Solaris 30k potiahnut\u00ed jednorazov\u00fd vape Don Leon 1942<\/p>\n<h2 data-start=\"591\" data-end=\"649\">Inteligentn\u00fd digit\u00e1lny displej: Sledovanie v re\u00e1lnom \u010dase na prv\u00fd poh\u013ead<\/h2>\n<p data-start=\"651\" data-end=\"762\">Vapme Box Style 50000 potiahnut\u00ed s integrovanou vysokokvalitnou digit\u00e1lnou obrazovkou v\u00e1m poskytuje \u00fapln\u00fa kontrolu nad va\u0161\u00edm z\u00e1\u017eitkom z vapovania zobrazen\u00edm:<\/p>\n<ol data-start=\"764\" data-end=\"818\">\n<li data-start=\"764\" data-end=\"791\">Percento \u00farovne e-liquidu<\/li>\n<li data-start=\"792\" data-end=\"818\">Percento \u00farovne bat\u00e9rie<\/li>\n<\/ol>\n<p data-start=\"820\" data-end=\"916\">V\u010faka presn\u00fdm \u00fadajom v re\u00e1lnom \u010dase v\u017edy viete, kedy je \u010das nabi\u0165 alebo vymeni\u0165 zariadenie.<\/p>\n<h2 data-start=\"923\" data-end=\"980\">Technol\u00f3gia dvojitej sie\u0165kovej \u0161pir\u00e1ly: Vylep\u0161en\u00e1 konzistentnos\u0165 chuti<\/h2>\n<p data-start=\"982\" data-end=\"1086\">Vapme Dual Mesh 50000 Puffs Vape disponuje syst\u00e9mom dvojitej sie\u0165kovej \u0161pir\u00e1ly 1,0\u03a9 navrhnut\u00fdm pre r\u00fdchle a rovnomern\u00e9 zahrievanie.<\/p>\n<p data-start=\"1088\" data-end=\"1219\">V porovnan\u00ed s tradi\u010dn\u00fdmi dizajnmi s jednou \u0161pir\u00e1lou zvy\u0161uje dvojit\u00e1 sie\u0165kov\u00e1 \u0161trukt\u00fara \u00fa\u010dinnos\u0165 atomiz\u00e1cie a\u017e o 50 %, \u010do vedie k:<\/p>\n<ol data-start=\"1221\" data-end=\"1358\">\n<li data-start=\"1221\" data-end=\"1248\">Intenz\u00edvnej\u0161ia chu\u0165<\/li>\n<li data-start=\"1249\" data-end=\"1276\">Hlad\u0161ia produkcia pary<\/li>\n<li data-start=\"1277\" data-end=\"1306\">Konzistentnej\u0161\u00ed v\u00fdkon<\/li>\n<li data-start=\"1307\" data-end=\"1358\">Lep\u0161ie zachovanie chuti od prv\u00e9ho po posledn\u00fd potiahnutie<\/li>\n<\/ol>\n<p data-start=\"1360\" data-end=\"1448\">Od sladk\u00fdch ovocn\u00fdch zmes\u00ed po \u013eadov\u00e9 mentolov\u00e9 profily, ka\u017ed\u00fd n\u00e1dych zost\u00e1va bohat\u00fd a vyv\u00e1\u017een\u00fd.<\/p>\n<h2 data-start=\"1455\" data-end=\"1491\">Ergonomick\u00fd a prenosn\u00fd box dizajn<\/h2>\n<p data-start=\"1493\" data-end=\"1598\">Napriek svojej obrovskej kapacite potiahnut\u00ed si Vapme Box Style 50000 Puffs zachov\u00e1va kompaktn\u00fd a pohodln\u00fd tvar.<\/p>\n<p data-start=\"1600\" data-end=\"1628\">K\u013e\u00fa\u010dov\u00e9 v\u00fdhody dizajnu zah\u0155\u0148aj\u00fa:<\/p>\n<ul data-start=\"1630\" data-end=\"1759\">\n<li data-start=\"1630\" data-end=\"1658\">Proti\u0161mykov\u00fd text\u00farovan\u00fd povrch<\/li>\n<li data-start=\"1659\" data-end=\"1688\">Pohodln\u00fd ploch\u00fd n\u00e1ustok<\/li>\n<li data-start=\"1689\" data-end=\"1716\">Vreckov\u00fd tvar boxu<\/li>\n<li data-start=\"1717\" data-end=\"1759\">Optimalizovan\u00e9 pre vapovanie \u00fasta-p\u013e\u00faca (MTL)<\/li>\n<\/ul>\n<p data-start=\"1761\" data-end=\"1833\">Vapme Smart Display jednorazov\u00e1 e-cigareta sa dr\u017e\u00ed bezpe\u010dne v ruke a je pohodln\u00e1 aj pri dlhodobom pou\u017e\u00edvan\u00ed.<\/p>\n<p>Kontakt pre katal\u00f3g produktov:<a href=\"https:\/\/wa.me\/8618077105750\">nak\u00fapte teraz, pozrite si v\u0161etky ve\u013ekoobchodn\u00e9 ceny<\/a><br \/>\nIn\u00fd top v\u00fdpredaj vape, ktor\u00fd mo\u017eno budete potrebova\u0165<\/p>\n<p><a href=\"https:\/\/vapehosale.com\/sk\/product-category\/vapme-vape\/\">Vapme Vape v mojom okol\u00ed\ud83d\udc48\ud83c\udffb<\/a><br \/>\n<a href=\"https:\/\/vapehosale.com\/sk\/product-category\/wholesale-50k-puffs-disposable-vape\/\"><strong class=\"Yjhzub\" data-sfc-root=\"c\" data-sfc-cb=\"\" data-complete=\"true\">Jednorazov\u00e1 e-cigareta 50000 potiahnut\u00ed<\/strong><\/a><\/p>\n<p><a href=\"https:\/\/vapehosale.com\/sk\/product-category\/disposable-vape-in-european-warehouse\/\">z\u00edskajte katal\u00f3g jednorazov\u00fdch vape z E\u00da skladu tu\ud83d\udc48\ud83c\udffb<\/a><\/p>\n<h4>doba doru\u010denia:<\/h4>\n<p>odosielame zo skladu v \u010c\u00edne<\/p>\n<p>1.\u010cas v\u00fdroby: do 5 pracovn\u00fdch dn\u00ed odoslanie (po prijat\u00ed platby)<\/p>\n<p>2.\u010cas doru\u010denia: 10-14 dn\u00ed (V pr\u00edpade sviatkov a colnej kontroly sa \u010das doru\u010denia m\u00f4\u017ee oneskori\u0165.)<\/p>\n<h4>Sp\u00f4soby platby:<\/h4>\n<p>1. bankov\u00fd prevod\/western union\/wise\/revolut\/postepay \u2705<span style=\"color: #ff0000\"><span class=\"x1rg5ohu x16dsc37 x19la9d6 x1fc57z9 x6ikm8r x10wlt62 x19co3pv x11tp94h xw4jnvo x1qx5ct2 xfibh0p xiy17q3 x1xsqp64 x1lkfr7t xexx8yu xyri2b x18d9i69 x1c1uobl\"><span class=\"xrtxmta x1bhl96m\"><br \/>\n<\/span><\/span><\/span><span class=\"x1rg5ohu x16dsc37 x19la9d6 x1fc57z9 x6ikm8r x10wlt62 x19co3pv x11tp94h xw4jnvo x1qx5ct2 xfibh0p xiy17q3 x1xsqp64 x1lkfr7t xexx8yu xyri2b x18d9i69 x1c1uobl\"><span class=\"xrtxmta x1bhl96m\">2.<\/span><\/span><span class=\"x1rg5ohu x16dsc37 x19la9d6 x1fc57z9 x6ikm8r x10wlt62 x19co3pv x11tp94h xw4jnvo x1qx5ct2 xfibh0p xiy17q3 x1xsqp64 x1lkfr7t xexx8yu xyri2b x18d9i69 x1c1uobl\"><span class=\"xrtxmta x1bhl96m\">fakt\u00fara poskytnut\u00e1<br \/>\nproforma fakt\u00fara\u27a1\ufe0ffiremn\u00fd bankov\u00fd \u00fa\u010det\u27a1\ufe0ffaktura\u010dn\u00e9 \u00fadaje<br \/>\n3. nepodporuje <span style=\"color: #ff0000\">platba na dobierku<\/span> e\u0161te\u274c<br \/>\n<\/span><\/span><\/p>\n<p>V\u0161etky produkty v na\u0161om obchode s\u00fa 100% origin\u00e1lne a autentick\u00e9, tak\u017ee desa\u0165n\u00e1sobn\u00e1 kompenz\u00e1cia za falo\u0161n\u00fd tovar je na\u0161ou obchodnou politikou.<\/p>\n<h5><span style=\"color: #ff0000\">Minim\u00e1lna objedn\u00e1vka 50ks<\/span><\/h5>","protected":false},"excerpt":{"rendered":"<p data-start=\"2414\" data-end=\"2672\">Vapme Digital Box 50000 Puffs je jednorazov\u00e1 elektronick\u00e1 cigareta s vysokou kapacitou, navrhnut\u00e1 pre pou\u017e\u00edvate\u013eov, ktor\u00ed po\u017eaduj\u00fa maxim\u00e1lnu v\u00fddr\u017e a pr\u00e9miov\u00fd v\u00fdkon. Disponuje inteligentn\u00fdm LED displejom, ktor\u00fd v re\u00e1lnom \u010dase zobrazuje stav bat\u00e9rie a hladinu e-liquidu, 1,0\u03a9 dvojitou sie\u0165kovou \u0161pir\u00e1lkou pre lep\u0161iu konzistenciu chuti a 650mAh dob\u00edjate\u013enou bat\u00e9riou s r\u00fdchlym nab\u00edjan\u00edm cez Type-C. Dostupn\u00e1 v sil\u00e1ch nikot\u00ednu 2% a 5%, toto zariadenie poskytuje a\u017e 50 000 potiahnut\u00ed v kompaktnom a ergonomickom boxovom dizajne.<br \/>\n<span style=\"color: #ff0000\">(cena na webovej str\u00e1nke nezah\u0155\u0148a n\u00e1klady na dopravu)<\/span><\/p>\n<p><span style=\"color: #ff0000\">Minim\u00e1lne odberov\u00e9 mno\u017estvo: 50ks, kontaktujte Vickyho pre ve\u013ekoobchodn\u00fd katal\u00f3g Vozol teraz<\/span><\/p>\n<p><img decoding=\"async\" class=\"alignnone size-medium wp-image-2638\" src=\"https:\/\/vapehosale.com\/wp-content\/uploads\/2023\/09\/885301ea6f5e0b91f5ab2b1c85e665c-300x295.png\" alt=\"RandM Tov\u00e1re\u0148\" width=\"300\" height=\"295\" srcset=\"https:\/\/vapehosale.com\/wp-content\/uploads\/2023\/09\/885301ea6f5e0b91f5ab2b1c85e665c-300x295.png 300w, https:\/\/vapehosale.com\/wp-content\/uploads\/2023\/09\/885301ea6f5e0b91f5ab2b1c85e665c-600x589.png 600w, https:\/\/vapehosale.com\/wp-content\/uploads\/2023\/09\/885301ea6f5e0b91f5ab2b1c85e665c.png 670w\" sizes=\"(max-width: 300px) 100vw, 300px\" \/><\/p>\n<p>&nbsp;<\/p>","protected":false},"featured_media":6719,"comment_status":"open","ping_status":"closed","template":"","meta":{"_uag_custom_page_level_css":"","_lmt_disableupdate":"no","_lmt_disable":"","site-sidebar-layout":"default","site-content-layout":"","ast-site-content-layout":"default","site-content-style":"default","site-sidebar-style":"default","ast-global-header-display":"","ast-banner-title-visibility":"","ast-main-header-display":"","ast-hfb-above-header-display":"","ast-hfb-below-header-display":"","ast-hfb-mobile-header-display":"","site-post-title":"","ast-breadcrumbs-content":"","ast-featured-img":"","footer-sml-layout":"","theme-transparent-header-meta":"default","adv-header-id-meta":"","stick-header-meta":"","header-above-stick-meta":"","header-main-stick-meta":"","header-below-stick-meta":"","astra-migrate-meta-layouts":"set","_joinchat":[]},"product_cat":[98,41,55,15,137],"product_tag":[35,53],"class_list":["post-6725","product","type-product","status-publish","has-post-thumbnail","hentry","product_cat-wholesale-50k-puffs-disposable-vape","product_cat-europe-hot-sale-vape","product_cat-minimum-order-quantity-50pcs","product_cat-vape-shop-wholesale","product_cat-vapme-vape","product_tag-rechargeable-disposable-device","product_tag-vapme-vape","desktop-align-left","tablet-align-left","mobile-align-left"],"yoast_head":"<!-- This site is optimized with the Yoast SEO plugin v21.1 - https:\/\/yoast.com\/wordpress\/plugins\/seo\/ -->\n<title>Vapme Digital Box 50K Puffs Disposable Vape - Vape Wholesale<\/title>\n<meta name=\"description\" content=\"Buy Vapme Digital Box 50000 Puffs with a smart LED display, dual mesh coil, 650mAh rechargeable battery, and Type-C charging for long-lasting flavor.\" \/>\n<meta name=\"robots\" content=\"index, follow, max-snippet:-1, max-image-preview:large, max-video-preview:-1\" \/>\n<link rel=\"canonical\" href=\"https:\/\/vapehosale.com\/sk\/product\/vapme-digital-box-50000-puffs-disposable-vape\/\" \/>\n<meta property=\"og:locale\" content=\"sk_SK\" \/>\n<meta property=\"og:type\" content=\"article\" \/>\n<meta property=\"og:title\" content=\"Vapme Digital Box 50K Puffs Disposable Vape - Vape Wholesale\" \/>\n<meta property=\"og:description\" content=\"Buy Vapme Digital Box 50000 Puffs with a smart LED display, dual mesh coil, 650mAh rechargeable battery, and Type-C charging for long-lasting flavor.\" \/>\n<meta property=\"og:url\" content=\"https:\/\/vapehosale.com\/sk\/product\/vapme-digital-box-50000-puffs-disposable-vape\/\" \/>\n<meta property=\"og:site_name\" content=\"Vape Wholesale\" \/>\n<meta property=\"article:modified_time\" content=\"2026-05-11T09:36:42+00:00\" \/>\n<meta property=\"og:image\" content=\"https:\/\/vapehosale.com\/wp-content\/uploads\/2026\/05\/Vapme-Digital-Box-50k-bulk-buy-discounts.webp\" \/>\n\t<meta property=\"og:image:width\" content=\"1000\" \/>\n\t<meta property=\"og:image:height\" content=\"1000\" \/>\n\t<meta property=\"og:image:type\" content=\"image\/webp\" \/>\n<meta name=\"twitter:card\" content=\"summary_large_image\" \/>\n<meta name=\"twitter:label1\" content=\"Predpokladan\u00fd \u010das \u010d\u00edtania\" \/>\n\t<meta name=\"twitter:data1\" content=\"3 min\u00faty\" \/>\n<script type=\"application\/ld+json\" class=\"yoast-schema-graph\">{\"@context\":\"https:\/\/schema.org\",\"@graph\":[{\"@type\":\"WebPage\",\"@id\":\"https:\/\/vapehosale.com\/product\/vapme-digital-box-50000-puffs-disposable-vape\/\",\"url\":\"https:\/\/vapehosale.com\/product\/vapme-digital-box-50000-puffs-disposable-vape\/\",\"name\":\"Vapme Digital Box 50K Puffs Disposable Vape - Vape Wholesale\",\"isPartOf\":{\"@id\":\"https:\/\/vapehosale.com\/#website\"},\"datePublished\":\"2026-05-11T03:55:42+00:00\",\"dateModified\":\"2026-05-11T09:36:42+00:00\",\"description\":\"Buy Vapme Digital Box 50000 Puffs with a smart LED display, dual mesh coil, 650mAh rechargeable battery, and Type-C charging for long-lasting flavor.\",\"breadcrumb\":{\"@id\":\"https:\/\/vapehosale.com\/product\/vapme-digital-box-50000-puffs-disposable-vape\/#breadcrumb\"},\"inLanguage\":\"sk-SK\",\"potentialAction\":[{\"@type\":\"ReadAction\",\"target\":[\"https:\/\/vapehosale.com\/product\/vapme-digital-box-50000-puffs-disposable-vape\/\"]}]},{\"@type\":\"BreadcrumbList\",\"@id\":\"https:\/\/vapehosale.com\/product\/vapme-digital-box-50000-puffs-disposable-vape\/#breadcrumb\",\"itemListElement\":[{\"@type\":\"ListItem\",\"position\":1,\"name\":\"Home\",\"item\":\"https:\/\/vapehosale.com\/\"},{\"@type\":\"ListItem\",\"position\":2,\"name\":\"Best Sell Vapes\",\"item\":\"https:\/\/vapehosale.com\/vape-shop\/\"},{\"@type\":\"ListItem\",\"position\":3,\"name\":\"Vapme Digital Box 50K Puffs Disposable Vape\"}]},{\"@type\":\"WebSite\",\"@id\":\"https:\/\/vapehosale.com\/#website\",\"url\":\"https:\/\/vapehosale.com\/\",\"name\":\"Vape Wholesale\",\"description\":\"Buy Vape Wholesale Price Near you\",\"potentialAction\":[{\"@type\":\"SearchAction\",\"target\":{\"@type\":\"EntryPoint\",\"urlTemplate\":\"https:\/\/vapehosale.com\/?s={search_term_string}\"},\"query-input\":\"required name=search_term_string\"}],\"inLanguage\":\"sk-SK\"}]}<\/script>\n<!-- \/ Yoast SEO plugin. -->","yoast_head_json":{"title":"Vapme Digital Box 50K Puffs Disposable Vape - Vape Wholesale","description":"Buy Vapme Digital Box 50000 Puffs with a smart LED display, dual mesh coil, 650mAh rechargeable battery, and Type-C charging for long-lasting flavor.","robots":{"index":"index","follow":"follow","max-snippet":"max-snippet:-1","max-image-preview":"max-image-preview:large","max-video-preview":"max-video-preview:-1"},"canonical":"https:\/\/vapehosale.com\/sk\/product\/vapme-digital-box-50000-puffs-disposable-vape\/","og_locale":"sk_SK","og_type":"article","og_title":"Vapme Digital Box 50K Puffs Disposable Vape - Vape Wholesale","og_description":"Buy Vapme Digital Box 50000 Puffs with a smart LED display, dual mesh coil, 650mAh rechargeable battery, and Type-C charging for long-lasting flavor.","og_url":"https:\/\/vapehosale.com\/sk\/product\/vapme-digital-box-50000-puffs-disposable-vape\/","og_site_name":"Vape Wholesale","article_modified_time":"2026-05-11T09:36:42+00:00","og_image":[{"width":1000,"height":1000,"url":"https:\/\/vapehosale.com\/wp-content\/uploads\/2026\/05\/Vapme-Digital-Box-50k-bulk-buy-discounts.webp","type":"image\/webp"}],"twitter_card":"summary_large_image","twitter_misc":{"Predpokladan\u00fd \u010das \u010d\u00edtania":"3 min\u00faty"},"schema":{"@context":"https:\/\/schema.org","@graph":[{"@type":"WebPage","@id":"https:\/\/vapehosale.com\/product\/vapme-digital-box-50000-puffs-disposable-vape\/","url":"https:\/\/vapehosale.com\/product\/vapme-digital-box-50000-puffs-disposable-vape\/","name":"Vapme Digital Box 50K Puffs Disposable Vape - Vape Wholesale","isPartOf":{"@id":"https:\/\/vapehosale.com\/#website"},"datePublished":"2026-05-11T03:55:42+00:00","dateModified":"2026-05-11T09:36:42+00:00","description":"Buy Vapme Digital Box 50000 Puffs with a smart LED display, dual mesh coil, 650mAh rechargeable battery, and Type-C charging for long-lasting flavor.","breadcrumb":{"@id":"https:\/\/vapehosale.com\/product\/vapme-digital-box-50000-puffs-disposable-vape\/#breadcrumb"},"inLanguage":"sk-SK","potentialAction":[{"@type":"ReadAction","target":["https:\/\/vapehosale.com\/product\/vapme-digital-box-50000-puffs-disposable-vape\/"]}]},{"@type":"BreadcrumbList","@id":"https:\/\/vapehosale.com\/product\/vapme-digital-box-50000-puffs-disposable-vape\/#breadcrumb","itemListElement":[{"@type":"ListItem","position":1,"name":"Home","item":"https:\/\/vapehosale.com\/"},{"@type":"ListItem","position":2,"name":"Best Sell Vapes","item":"https:\/\/vapehosale.com\/vape-shop\/"},{"@type":"ListItem","position":3,"name":"Vapme Digital Box 50K Puffs Disposable Vape"}]},{"@type":"WebSite","@id":"https:\/\/vapehosale.com\/#website","url":"https:\/\/vapehosale.com\/","name":"Vape Wholesale","description":"Buy Vape Wholesale Price Near you","potentialAction":[{"@type":"SearchAction","target":{"@type":"EntryPoint","urlTemplate":"https:\/\/vapehosale.com\/?s={search_term_string}"},"query-input":"required name=search_term_string"}],"inLanguage":"sk-SK"}]}},"uagb_featured_image_src":{"full":["https:\/\/vapehosale.com\/wp-content\/uploads\/2026\/05\/Vapme-Digital-Box-50k-bulk-buy-discounts.webp",1000,1000,false],"thumbnail":["https:\/\/vapehosale.com\/wp-content\/uploads\/2026\/05\/Vapme-Digital-Box-50k-bulk-buy-discounts-150x150.webp",150,150,true],"medium":["https:\/\/vapehosale.com\/wp-content\/uploads\/2026\/05\/Vapme-Digital-Box-50k-bulk-buy-discounts-300x300.webp",300,300,true],"medium_large":["https:\/\/vapehosale.com\/wp-content\/uploads\/2026\/05\/Vapme-Digital-Box-50k-bulk-buy-discounts-768x768.webp",768,768,true],"large":["https:\/\/vapehosale.com\/wp-content\/uploads\/2026\/05\/Vapme-Digital-Box-50k-bulk-buy-discounts.webp",1000,1000,false],"1536x1536":["https:\/\/vapehosale.com\/wp-content\/uploads\/2026\/05\/Vapme-Digital-Box-50k-bulk-buy-discounts.webp",1000,1000,false],"2048x2048":["https:\/\/vapehosale.com\/wp-content\/uploads\/2026\/05\/Vapme-Digital-Box-50k-bulk-buy-discounts.webp",1000,1000,false],"trp-custom-language-flag":["https:\/\/vapehosale.com\/wp-content\/uploads\/2026\/05\/Vapme-Digital-Box-50k-bulk-buy-discounts-12x12.webp",12,12,true],"woocommerce_thumbnail":["https:\/\/vapehosale.com\/wp-content\/uploads\/2026\/05\/Vapme-Digital-Box-50k-bulk-buy-discounts-300x300.webp",300,300,true],"woocommerce_single":["https:\/\/vapehosale.com\/wp-content\/uploads\/2026\/05\/Vapme-Digital-Box-50k-bulk-buy-discounts-600x600.webp",600,600,true],"woocommerce_gallery_thumbnail":["https:\/\/vapehosale.com\/wp-content\/uploads\/2026\/05\/Vapme-Digital-Box-50k-bulk-buy-discounts-100x100.webp",100,100,true],"wcpr-photo-reviews":["https:\/\/vapehosale.com\/wp-content\/uploads\/2026\/05\/Vapme-Digital-Box-50k-bulk-buy-discounts.webp",500,500,false]},"uagb_author_info":{"display_name":"Vicky hosale","author_link":"https:\/\/vapehosale.com\/sk\/author\/"},"uagb_comment_info":0,"uagb_excerpt":"Vapme Digital Box 50000 Puffs is a high-capacity disposable vape designed for users who want maximum longevity and premium performance. It features a smart LED display that shows battery and e-liquid levels in real time, a 1.0\u03a9 dual mesh coil for enhanced flavor consistency, and a 650mAh rechargeable battery with Type-C fast charging. Available in\u00a0&hellip;","_links":{"self":[{"href":"https:\/\/vapehosale.com\/sk\/wp-json\/wp\/v2\/product\/6725","targetHints":{"allow":["GET"]}}],"collection":[{"href":"https:\/\/vapehosale.com\/sk\/wp-json\/wp\/v2\/product"}],"about":[{"href":"https:\/\/vapehosale.com\/sk\/wp-json\/wp\/v2\/types\/product"}],"replies":[{"embeddable":true,"href":"https:\/\/vapehosale.com\/sk\/wp-json\/wp\/v2\/comments?post=6725"}],"wp:featuredmedia":[{"embeddable":true,"href":"https:\/\/vapehosale.com\/sk\/wp-json\/wp\/v2\/media\/6719"}],"wp:attachment":[{"href":"https:\/\/vapehosale.com\/sk\/wp-json\/wp\/v2\/media?parent=6725"}],"wp:term":[{"taxonomy":"product_cat","embeddable":true,"href":"https:\/\/vapehosale.com\/sk\/wp-json\/wp\/v2\/product_cat?post=6725"},{"taxonomy":"product_tag","embeddable":true,"href":"https:\/\/vapehosale.com\/sk\/wp-json\/wp\/v2\/product_tag?post=6725"}],"curies":[{"name":"wp","href":"https:\/\/api.w.org\/{rel}","templated":true}]}}