{"id":6579,"date":"2026-03-31T08:51:10","date_gmt":"2026-03-31T08:51:10","guid":{"rendered":"https:\/\/vapehosale.com\/?post_type=product&#038;p=6579"},"modified":"2026-03-31T09:04:48","modified_gmt":"2026-03-31T09:04:48","slug":"vozol-star-click-50k-puffs-disposable-vape","status":"publish","type":"product","link":"https:\/\/vapehosale.com\/sk\/product\/vozol-star-click-50k-puffs-disposable-vape\/","title":{"rendered":"Vozol Star Click 50 000 potiahnut\u00ed Jednorazov\u00fd vaporiz\u00e9r 50 mg"},"content":{"rendered":"<h2>Ve\u013ekoobchod Vozol Star Click 50k Pufov Jednorazov\u00fd Vaporiz\u00e9r Eur\u00f3psky Sklad<\/h2>\n<p>Vozol Star Click 50k pufov je navrhnut\u00fd pre pou\u017e\u00edvate\u013eov, ktor\u00ed chc\u00fa dlhodob\u00fd a pohodln\u00fd z\u00e1\u017eitok z vapovania v jednom kompaktnom zariaden\u00ed. s a\u017e 50000 pufmi, kapacitou e-liquidu 50 ml a silou nikot\u00ednu 5%, je ur\u010den\u00fd na stabiln\u00fd v\u00fdkon a siln\u00fa spokojnos\u0165. Nab\u00edjate\u013en\u00e1 bat\u00e9ria 1000mAh s nab\u00edjan\u00edm cez typ-C podporuje dlh\u0161ie pou\u017e\u00edvanie, zatia\u013e \u010do plnofarebn\u00fd displej u\u013eah\u010duje kontrolu stavu. Jeho nastavite\u013en\u00e1 \u00farove\u0148 \u013eadu prid\u00e1va vlastn\u00fd chladiv\u00fd z\u00e1\u017eitok, \u010do rob\u00ed Vozol Star Click 50k pufov silnou vo\u013ebou pre kupuj\u00facich v sklade v E\u00da.<\/p>\n<h3>\u0160pecifik\u00e1cia Vozol Click 50k Pufov:<\/h3>\n<p>1. Zna\u010dka: Vozol<br \/>\n2. Pufy: 50000 Pufov<br \/>\n3. E-liquid: 50ml<br \/>\n4. Nikot\u00edn: 5%<br \/>\n5. Bat\u00e9ria: 1000mAh<br \/>\n6. Dob\u00edjate\u013en\u00e1: Typ-C<br \/>\n7. Digit\u00e1lny plnofarebn\u00fd displej<br \/>\nNastavite\u013en\u00e1 \u00farove\u0148 \u013eadu<\/p>\n<h3>Zoznam pr\u00edchut\u00ed Vozol Click 50k Pufov<\/h3>\n<p>1.Mel\u00f3n s \u013eadom<br \/>\n2. Modr\u00fd Razz Ice<br \/>\n3. Brosky\u0148ov\u00fd \u013ead<br \/>\n4.Hroznov\u00fd \u013ead<br \/>\n5. Mexick\u00fd Mango Ice<br \/>\n6. Anan\u00e1sov\u00e9 \u013eadov\u00e9<br \/>\n7. Spearmint<br \/>\n8. Jahodovo-citr\u00f3nov\u00e1<br \/>\n9.Jahoda s vodn\u00fdm mel\u00f3nom<br \/>\n10.Jahoda kivi<br \/>\n11.Jahoda ban\u00e1n<br \/>\n12. Zmie\u0161an\u00e9 bobule<br \/>\n13.Malinov\u00fd vodn\u00fd mel\u00f3n<br \/>\n14. Mel\u00f3nov\u00e1 vodn\u00e1 mel\u00f3n<br \/>\n15. Jahoda, malina, \u010dere\u0161\u0148a<br \/>\n16. Brosky\u0148a, mango, vodn\u00e1 mel\u00f3n<br \/>\n17. Drakovo ovocie, ban\u00e1n, \u010dere\u0161\u0148a<br \/>\n18.\u010cu\u010doriedka Gran\u00e1tov\u00e9 jablko \u010cere\u0161\u0148a<br \/>\n19.L\u00e1ska 777<br \/>\n20.Tiger Blood<br \/>\n21.Tropick\u00e1 ovocn\u00e1 b\u00farka<br \/>\n22.Pomaran\u010dov\u00fd melasa<br \/>\n23.D\u00e1tumov\u00fd shake s melasou<br \/>\n24.Mel\u00f3nov\u00e1 \u017euva\u010dka<br \/>\n25.Vodn\u00fd mel\u00f3nov\u00e1 \u017euva\u010dka<br \/>\n26.Jahodov\u00e1 \u017euva\u010dka<br \/>\n27.Arabsk\u00e1 k\u00e1va<br \/>\n28.Cappuccino<br \/>\n29.Cere\u0161\u0148ov\u00e1 cola<br \/>\n30.Bluebberry Energy<\/p>\n<h3>Kontakt pre ve\u013ekoobchodn\u00edkov<\/h3>\n<p>\u2709\ufe0f E-mail: vicky@essenvape.com<br \/>\n\ud83d\udcde Whatsapp\/Telef\u00f3nne \u010d\u00edslo: <a href=\"https:\/\/wa.me\/8618077105750\">+8618077105750<\/a><br \/>\n\ud83d\udd58 Prev\u00e1dzkov\u00e1 doba: 9:00 \u2013 18:00<br \/>\n\ud83d\udccd Miesto: Shenzhen<\/p>\n<p>\u2705 Ve\u013ekoobchodn\u00edci a predajcovia s\u00fa v\u00edtan\u00ed na prisp\u00f4sobenie objedn\u00e1vok<br \/>\n\u2705 Poskytujeme produkty najvy\u0161\u0161ej kvality a najprofesion\u00e1lnej\u0161ie slu\u017eby.<\/p>\n<p><img decoding=\"async\" class=\"alignnone size-full wp-image-2638\" src=\"https:\/\/vapehosale.com\/wp-content\/uploads\/2023\/09\/885301ea6f5e0b91f5ab2b1c85e665c.png\" alt=\"RandM Tov\u00e1re\u0148\" width=\"670\" height=\"658\" srcset=\"https:\/\/vapehosale.com\/wp-content\/uploads\/2023\/09\/885301ea6f5e0b91f5ab2b1c85e665c.png 670w, https:\/\/vapehosale.com\/wp-content\/uploads\/2023\/09\/885301ea6f5e0b91f5ab2b1c85e665c-300x295.png 300w, https:\/\/vapehosale.com\/wp-content\/uploads\/2023\/09\/885301ea6f5e0b91f5ab2b1c85e665c-600x589.png 600w\" sizes=\"(max-width: 670px) 100vw, 670px\" \/><\/p>\n<h4 data-start=\"2071\" data-end=\"2079\">\u010casto kladen\u00e9 ot\u00e1zky o <a href=\"https:\/\/vapehosale.com\/sk\/product-category\/vozol-vape\/\">Vozol Vape<\/a> Kliknite 50K Pufov<\/h4>\n<p data-start=\"602\" data-end=\"782\"><strong data-start=\"602\" data-end=\"666\">1. Ko\u013eko pufov pon\u00faka Vozol Star klik 50k pufov?<\/strong><br data-start=\"666\" data-end=\"669\" \/>vozol klik 50k vape dod\u00e1va a\u017e 50000 potiahnut\u00ed, \u010do ho rob\u00ed ide\u00e1lnym pre z\u00e1kazn\u00edkov, ktor\u00ed chc\u00fa dlhodob\u00e9 jednorazov\u00e9 zariadenie \u0161t\u00fdlu. \ud83d\ude0d<\/p>\n<p data-start=\"784\" data-end=\"928\"><strong data-start=\"784\" data-end=\"830\">2. ak\u00e1 je sila nikot\u00ednu vo vozol 50k klik?<\/strong><br data-start=\"830\" data-end=\"833\" \/>obsahuje 5% nikot\u00edn, ktor\u00fd poskytuje silnej\u0161\u00ed a uspokojivej\u0161\u00ed z\u00e1\u017eitok pre be\u017en\u00fdch pou\u017e\u00edvate\u013eov. \ud83d\udd25<\/p>\n<p data-start=\"930\" data-end=\"1093\"><strong data-start=\"930\" data-end=\"984\">3. je vozol star klik 50k potiahnut\u00ed dob\u00edjate\u013en\u00fd?<\/strong><br data-start=\"984\" data-end=\"987\" \/>\u00e1no, pou\u017e\u00edva dob\u00edjate\u013en\u00fa bat\u00e9riu 1000mAh a podporuje nab\u00edjanie cez typ-c pre r\u00fdchle a stabiln\u00e9 dob\u00edjanie. \u26a1<\/p>\n<p data-start=\"1095\" data-end=\"1236\"><strong data-start=\"1095\" data-end=\"1136\">4. m\u00e1 vozol klik vape 50k potiahnut\u00ed nejak\u00e9 displejov\u00e9 funkcie?<\/strong><br data-start=\"1136\" data-end=\"1139\" \/>\u00e1no, obsahuje farebn\u00fd displej, tak\u017ee pou\u017e\u00edvatelia m\u00f4\u017eu \u013eahko skontrolova\u0165 inform\u00e1cie o zariaden\u00ed. \ud83d\udcf1<\/p>\n<p data-start=\"1238\" data-end=\"1397\"><strong data-start=\"1238\" data-end=\"1279\">5. m\u00f4\u017ee sa \u00farove\u0148 chladenia vape klik 50k upravi\u0165?<\/strong><br data-start=\"1279\" data-end=\"1282\" \/>\u00e1no, \u00farove\u0148 \u013eadu je nastavite\u013en\u00e1, \u010do umo\u017e\u0148uje pou\u017e\u00edvate\u013eom vybra\u0165 si jemnej\u0161\u00ed alebo chladnej\u0161\u00ed pocit pri vapovan\u00ed pod\u013ea preferencie. \u2744\ufe0f<\/p>\n<h3><strong>Obsah balenia:<\/strong><\/h3>\n<p>1 ks <strong> Vozol Klik 50K Potiahnut\u00ed Jednorazov\u00fd Vape<\/strong><\/p>\n<h4><strong>Vozol Eur\u00f3psky sklad<br \/>\n<img decoding=\"async\" class=\"alignnone size-full wp-image-4716\" src=\"https:\/\/vapehosale.com\/wp-content\/uploads\/2025\/06\/Vozol-Star-40000-Puffs-Disposable-Box-Wholsale.webp\" alt=\"Ve\u013ekoobchodn\u00e9 balenie jednorazov\u00fdch boxov Vozol Star 40000 vdychov\" width=\"1000\" height=\"749\" srcset=\"https:\/\/vapehosale.com\/wp-content\/uploads\/2025\/06\/Vozol-Star-40000-Puffs-Disposable-Box-Wholsale.webp 1000w, https:\/\/vapehosale.com\/wp-content\/uploads\/2025\/06\/Vozol-Star-40000-Puffs-Disposable-Box-Wholsale-300x225.webp 300w, https:\/\/vapehosale.com\/wp-content\/uploads\/2025\/06\/Vozol-Star-40000-Puffs-Disposable-Box-Wholsale-768x575.webp 768w, https:\/\/vapehosale.com\/wp-content\/uploads\/2025\/06\/Vozol-Star-40000-Puffs-Disposable-Box-Wholsale-600x449.webp 600w\" sizes=\"(max-width: 1000px) 100vw, 1000px\" \/> <img decoding=\"async\" class=\"alignnone size-full wp-image-4724\" src=\"https:\/\/vapehosale.com\/wp-content\/uploads\/2024\/08\/Vozol-Gear-Power-20000-Disposable-Rechargeable-Vape.webp\" alt=\"Vozol Gear Power 20000 Jednorazov\u00e1 Nab\u00edjate\u013en\u00e1 Vape\" width=\"1000\" height=\"749\" srcset=\"https:\/\/vapehosale.com\/wp-content\/uploads\/2024\/08\/Vozol-Gear-Power-20000-Disposable-Rechargeable-Vape.webp 1000w, https:\/\/vapehosale.com\/wp-content\/uploads\/2024\/08\/Vozol-Gear-Power-20000-Disposable-Rechargeable-Vape-300x225.webp 300w, https:\/\/vapehosale.com\/wp-content\/uploads\/2024\/08\/Vozol-Gear-Power-20000-Disposable-Rechargeable-Vape-768x575.webp 768w, https:\/\/vapehosale.com\/wp-content\/uploads\/2024\/08\/Vozol-Gear-Power-20000-Disposable-Rechargeable-Vape-600x449.webp 600w\" sizes=\"(max-width: 1000px) 100vw, 1000px\" \/> <img decoding=\"async\" class=\"alignnone size-large wp-image-4720\" src=\"https:\/\/vapehosale.com\/wp-content\/uploads\/2024\/12\/Vozol-20000-Star-Vape-Price-768x1024.webp\" alt=\"Vozol 20000 Star Vape Cena\" width=\"768\" height=\"1024\" srcset=\"https:\/\/vapehosale.com\/wp-content\/uploads\/2024\/12\/Vozol-20000-Star-Vape-Price-768x1024.webp 768w, https:\/\/vapehosale.com\/wp-content\/uploads\/2024\/12\/Vozol-20000-Star-Vape-Price-225x300.webp 225w, https:\/\/vapehosale.com\/wp-content\/uploads\/2024\/12\/Vozol-20000-Star-Vape-Price-600x800.webp 600w, https:\/\/vapehosale.com\/wp-content\/uploads\/2024\/12\/Vozol-20000-Star-Vape-Price.webp 1000w\" sizes=\"(max-width: 768px) 100vw, 768px\" \/><br \/>\n<\/strong><\/h4>\n<p>Kontakt pre katal\u00f3g produktov:<a href=\"https:\/\/wa.me\/8618077105750\">nak\u00fapte teraz, pozrite si v\u0161etky ve\u013ekoobchodn\u00e9 ceny<\/a><br \/>\nIn\u00fd top v\u00fdpredaj vape, ktor\u00fd mo\u017eno budete potrebova\u0165<\/p>\n<p><a href=\"https:\/\/vapehosale.com\/sk\/product-category\/vozol-vape\/\">Vozol Ve\u013ekoobchod Vape Tu \ud83d\udc48\ud83c\udffb<\/a><br \/>\n<a href=\"https:\/\/vapehosale.com\/sk\/product-category\/wholesale-50k-puffs-disposable-vape\/\">Ve\u013ekoobchod 50k potiahnut\u00ed jednorazov\u00fdch puffov<\/a><\/p>\n<p><a href=\"https:\/\/vapehosale.com\/sk\/product-category\/disposable-vape-in-european-warehouse\/\">z\u00edskajte katal\u00f3g jednorazov\u00fdch vape z E\u00da skladu tu\ud83d\udc48\ud83c\udffb<\/a><\/p>\n<h4>doba doru\u010denia:<\/h4>\n<p>1. prepravn\u00e1 spolo\u010dnos\u0165: DHL<\/p>\n<p>2. Doba doru\u010denia: 3-5 pracovn\u00fdch dn\u00ed (V pr\u00edpade sviatkov a colnej kontroly m\u00f4\u017ee d\u00f4js\u0165 k oneskoreniu doru\u010denia.)<\/p>\n<h4>Sp\u00f4soby platby:<\/h4>\n<p>1. bankov\u00fd prevod\/western union\/wise\/revolut\/postepay \u2705<span style=\"color: #ff0000\"><span class=\"x1rg5ohu x16dsc37 x19la9d6 x1fc57z9 x6ikm8r x10wlt62 x19co3pv x11tp94h xw4jnvo x1qx5ct2 xfibh0p xiy17q3 x1xsqp64 x1lkfr7t xexx8yu xyri2b x18d9i69 x1c1uobl\"><span class=\"xrtxmta x1bhl96m\"><br \/>\n<\/span><\/span><\/span><span class=\"x1rg5ohu x16dsc37 x19la9d6 x1fc57z9 x6ikm8r x10wlt62 x19co3pv x11tp94h xw4jnvo x1qx5ct2 xfibh0p xiy17q3 x1xsqp64 x1lkfr7t xexx8yu xyri2b x18d9i69 x1c1uobl\"><span class=\"xrtxmta x1bhl96m\">2.<\/span><\/span><span class=\"x1rg5ohu x16dsc37 x19la9d6 x1fc57z9 x6ikm8r x10wlt62 x19co3pv x11tp94h xw4jnvo x1qx5ct2 xfibh0p xiy17q3 x1xsqp64 x1lkfr7t xexx8yu xyri2b x18d9i69 x1c1uobl\"><span class=\"xrtxmta x1bhl96m\">fakt\u00fara poskytnut\u00e1<br \/>\nproforma fakt\u00fara\u27a1\ufe0ffiremn\u00fd bankov\u00fd \u00fa\u010det\u27a1\ufe0ffaktura\u010dn\u00e9 \u00fadaje<br \/>\n3. nepodporuje <span style=\"color: #ff0000\">platba na dobierku<\/span> e\u0161te\u274c<br \/>\n<\/span><\/span><\/p>\n<p>V\u0161etky produkty v na\u0161om obchode s\u00fa 100% origin\u00e1lne a autentick\u00e9, tak\u017ee desa\u0165n\u00e1sobn\u00e1 kompenz\u00e1cia za falo\u0161n\u00fd tovar je na\u0161ou obchodnou politikou.<\/p>\n<h5><span style=\"color: #ff0000\">Minim\u00e1lna objedn\u00e1vka 50ks<\/span><\/h5>","protected":false},"excerpt":{"rendered":"<p data-start=\"2414\" data-end=\"2672\">vozol star click 50k pufov je vysokokapacitn\u00e9 zariadenie na vapovanie s 50ml e-liquidu, 5% nikot\u00ednom, 1000mah dob\u00edjate\u013enou bat\u00e9riou, nab\u00edjan\u00edm typu-c a plnofarebn\u00fdm displejom. jeho nastavite\u013en\u00e1 \u00farove\u0148 \u013eadu a z\u00e1sobovanie z eursk\u00e9ho skladu robia z neho siln\u00fa vo\u013ebu pre r\u00fdchlo pred\u00e1van\u00e9 trhy s vapormi.<br \/>\n<span style=\"color: #ff0000\">(cena na webovej str\u00e1nke nezah\u0155\u0148a n\u00e1klady na dopravu)<\/span><\/p>\n<p><span style=\"color: #ff0000\">Minim\u00e1lne odberov\u00e9 mno\u017estvo: 50ks, kontaktujte Vickyho pre ve\u013ekoobchodn\u00fd katal\u00f3g Vozol teraz<\/span><\/p>\n<p><img decoding=\"async\" class=\"alignnone size-medium wp-image-2638\" src=\"https:\/\/vapehosale.com\/wp-content\/uploads\/2023\/09\/885301ea6f5e0b91f5ab2b1c85e665c-300x295.png\" alt=\"RandM Tov\u00e1re\u0148\" width=\"300\" height=\"295\" srcset=\"https:\/\/vapehosale.com\/wp-content\/uploads\/2023\/09\/885301ea6f5e0b91f5ab2b1c85e665c-300x295.png 300w, https:\/\/vapehosale.com\/wp-content\/uploads\/2023\/09\/885301ea6f5e0b91f5ab2b1c85e665c-600x589.png 600w, https:\/\/vapehosale.com\/wp-content\/uploads\/2023\/09\/885301ea6f5e0b91f5ab2b1c85e665c.png 670w\" sizes=\"(max-width: 300px) 100vw, 300px\" \/><\/p>\n<p>&nbsp;<\/p>","protected":false},"featured_media":6577,"comment_status":"open","ping_status":"closed","template":"","meta":{"_uag_custom_page_level_css":"","_lmt_disableupdate":"no","_lmt_disable":"","site-sidebar-layout":"default","site-content-layout":"","ast-site-content-layout":"default","site-content-style":"default","site-sidebar-style":"default","ast-global-header-display":"","ast-banner-title-visibility":"","ast-main-header-display":"","ast-hfb-above-header-display":"","ast-hfb-below-header-display":"","ast-hfb-mobile-header-display":"","site-post-title":"","ast-breadcrumbs-content":"","ast-featured-img":"","footer-sml-layout":"","theme-transparent-header-meta":"default","adv-header-id-meta":"","stick-header-meta":"","header-above-stick-meta":"","header-main-stick-meta":"","header-below-stick-meta":"","astra-migrate-meta-layouts":"set","_joinchat":[]},"product_cat":[15,98,41,79,55,135],"product_tag":[76,35,77],"class_list":["post-6579","product","type-product","status-publish","has-post-thumbnail","hentry","product_cat-vape-shop-wholesale","product_cat-wholesale-50k-puffs-disposable-vape","product_cat-europe-hot-sale-vape","product_cat-disposable-vape-in-european-warehouse","product_cat-minimum-order-quantity-50pcs","product_cat-vozol-vape","product_tag-airflow-control-vape","product_tag-rechargeable-disposable-device","product_tag-vozol-vape","desktop-align-left","tablet-align-left","mobile-align-left"],"yoast_head":"<!-- This site is optimized with the Yoast SEO plugin v21.1 - https:\/\/yoast.com\/wordpress\/plugins\/seo\/ -->\n<title>Vozol Star Click 50k Puffs Disposable Vape 50mg - Vape Wholesale<\/title>\n<meta name=\"description\" content=\"Wholesale vozol neon 45000 puffs with 50ml e-liquid, 5% nicotine, type-c charging, full-color screen, and adjustable ice and nicotine levels.\" \/>\n<meta name=\"robots\" content=\"index, follow, max-snippet:-1, max-image-preview:large, max-video-preview:-1\" \/>\n<link rel=\"canonical\" href=\"https:\/\/vapehosale.com\/sk\/product\/vozol-star-click-50k-puffs-disposable-vape\/\" \/>\n<meta property=\"og:locale\" content=\"sk_SK\" \/>\n<meta property=\"og:type\" content=\"article\" \/>\n<meta property=\"og:title\" content=\"Vozol Star Click 50k Puffs Disposable Vape 50mg - Vape Wholesale\" \/>\n<meta property=\"og:description\" content=\"Wholesale vozol neon 45000 puffs with 50ml e-liquid, 5% nicotine, type-c charging, full-color screen, and adjustable ice and nicotine levels.\" \/>\n<meta property=\"og:url\" content=\"https:\/\/vapehosale.com\/sk\/product\/vozol-star-click-50k-puffs-disposable-vape\/\" \/>\n<meta property=\"og:site_name\" content=\"Vape Wholesale\" \/>\n<meta property=\"article:modified_time\" content=\"2026-03-31T09:04:48+00:00\" \/>\n<meta property=\"og:image\" content=\"https:\/\/vapehosale.com\/wp-content\/uploads\/2026\/03\/Vozol-Star-Click-50K-Puffs-Wholesale-Disposable-Vape.webp\" \/>\n\t<meta property=\"og:image:width\" content=\"1000\" \/>\n\t<meta property=\"og:image:height\" content=\"1000\" \/>\n\t<meta property=\"og:image:type\" content=\"image\/webp\" \/>\n<meta name=\"twitter:card\" content=\"summary_large_image\" \/>\n<meta name=\"twitter:label1\" content=\"Predpokladan\u00fd \u010das \u010d\u00edtania\" \/>\n\t<meta name=\"twitter:data1\" content=\"3 min\u00faty\" \/>\n<script type=\"application\/ld+json\" class=\"yoast-schema-graph\">{\"@context\":\"https:\/\/schema.org\",\"@graph\":[{\"@type\":\"WebPage\",\"@id\":\"https:\/\/vapehosale.com\/product\/vozol-star-click-50k-puffs-disposable-vape\/\",\"url\":\"https:\/\/vapehosale.com\/product\/vozol-star-click-50k-puffs-disposable-vape\/\",\"name\":\"Vozol Star Click 50k Puffs Disposable Vape 50mg - Vape Wholesale\",\"isPartOf\":{\"@id\":\"https:\/\/vapehosale.com\/#website\"},\"datePublished\":\"2026-03-31T08:51:10+00:00\",\"dateModified\":\"2026-03-31T09:04:48+00:00\",\"description\":\"Wholesale vozol neon 45000 puffs with 50ml e-liquid, 5% nicotine, type-c charging, full-color screen, and adjustable ice and nicotine levels.\",\"breadcrumb\":{\"@id\":\"https:\/\/vapehosale.com\/product\/vozol-star-click-50k-puffs-disposable-vape\/#breadcrumb\"},\"inLanguage\":\"sk-SK\",\"potentialAction\":[{\"@type\":\"ReadAction\",\"target\":[\"https:\/\/vapehosale.com\/product\/vozol-star-click-50k-puffs-disposable-vape\/\"]}]},{\"@type\":\"BreadcrumbList\",\"@id\":\"https:\/\/vapehosale.com\/product\/vozol-star-click-50k-puffs-disposable-vape\/#breadcrumb\",\"itemListElement\":[{\"@type\":\"ListItem\",\"position\":1,\"name\":\"Home\",\"item\":\"https:\/\/vapehosale.com\/\"},{\"@type\":\"ListItem\",\"position\":2,\"name\":\"Best Sell Vapes\",\"item\":\"https:\/\/vapehosale.com\/vape-shop\/\"},{\"@type\":\"ListItem\",\"position\":3,\"name\":\"Vozol Star Click 50k Puffs Disposable Vape 50mg\"}]},{\"@type\":\"WebSite\",\"@id\":\"https:\/\/vapehosale.com\/#website\",\"url\":\"https:\/\/vapehosale.com\/\",\"name\":\"Vape Wholesale\",\"description\":\"Buy Vape Wholesale Price Near you\",\"potentialAction\":[{\"@type\":\"SearchAction\",\"target\":{\"@type\":\"EntryPoint\",\"urlTemplate\":\"https:\/\/vapehosale.com\/?s={search_term_string}\"},\"query-input\":\"required name=search_term_string\"}],\"inLanguage\":\"sk-SK\"}]}<\/script>\n<!-- \/ Yoast SEO plugin. -->","yoast_head_json":{"title":"Vozol Star Click 50k Puffs Disposable Vape 50mg - Vape Wholesale","description":"Wholesale vozol neon 45000 puffs with 50ml e-liquid, 5% nicotine, type-c charging, full-color screen, and adjustable ice and nicotine levels.","robots":{"index":"index","follow":"follow","max-snippet":"max-snippet:-1","max-image-preview":"max-image-preview:large","max-video-preview":"max-video-preview:-1"},"canonical":"https:\/\/vapehosale.com\/sk\/product\/vozol-star-click-50k-puffs-disposable-vape\/","og_locale":"sk_SK","og_type":"article","og_title":"Vozol Star Click 50k Puffs Disposable Vape 50mg - Vape Wholesale","og_description":"Wholesale vozol neon 45000 puffs with 50ml e-liquid, 5% nicotine, type-c charging, full-color screen, and adjustable ice and nicotine levels.","og_url":"https:\/\/vapehosale.com\/sk\/product\/vozol-star-click-50k-puffs-disposable-vape\/","og_site_name":"Vape Wholesale","article_modified_time":"2026-03-31T09:04:48+00:00","og_image":[{"width":1000,"height":1000,"url":"https:\/\/vapehosale.com\/wp-content\/uploads\/2026\/03\/Vozol-Star-Click-50K-Puffs-Wholesale-Disposable-Vape.webp","type":"image\/webp"}],"twitter_card":"summary_large_image","twitter_misc":{"Predpokladan\u00fd \u010das \u010d\u00edtania":"3 min\u00faty"},"schema":{"@context":"https:\/\/schema.org","@graph":[{"@type":"WebPage","@id":"https:\/\/vapehosale.com\/product\/vozol-star-click-50k-puffs-disposable-vape\/","url":"https:\/\/vapehosale.com\/product\/vozol-star-click-50k-puffs-disposable-vape\/","name":"Vozol Star Click 50k Puffs Disposable Vape 50mg - Vape Wholesale","isPartOf":{"@id":"https:\/\/vapehosale.com\/#website"},"datePublished":"2026-03-31T08:51:10+00:00","dateModified":"2026-03-31T09:04:48+00:00","description":"Wholesale vozol neon 45000 puffs with 50ml e-liquid, 5% nicotine, type-c charging, full-color screen, and adjustable ice and nicotine levels.","breadcrumb":{"@id":"https:\/\/vapehosale.com\/product\/vozol-star-click-50k-puffs-disposable-vape\/#breadcrumb"},"inLanguage":"sk-SK","potentialAction":[{"@type":"ReadAction","target":["https:\/\/vapehosale.com\/product\/vozol-star-click-50k-puffs-disposable-vape\/"]}]},{"@type":"BreadcrumbList","@id":"https:\/\/vapehosale.com\/product\/vozol-star-click-50k-puffs-disposable-vape\/#breadcrumb","itemListElement":[{"@type":"ListItem","position":1,"name":"Home","item":"https:\/\/vapehosale.com\/"},{"@type":"ListItem","position":2,"name":"Best Sell Vapes","item":"https:\/\/vapehosale.com\/vape-shop\/"},{"@type":"ListItem","position":3,"name":"Vozol Star Click 50k Puffs Disposable Vape 50mg"}]},{"@type":"WebSite","@id":"https:\/\/vapehosale.com\/#website","url":"https:\/\/vapehosale.com\/","name":"Vape Wholesale","description":"Buy Vape Wholesale Price Near you","potentialAction":[{"@type":"SearchAction","target":{"@type":"EntryPoint","urlTemplate":"https:\/\/vapehosale.com\/?s={search_term_string}"},"query-input":"required name=search_term_string"}],"inLanguage":"sk-SK"}]}},"uagb_featured_image_src":{"full":["https:\/\/vapehosale.com\/wp-content\/uploads\/2026\/03\/Vozol-Star-Click-50K-Puffs-Wholesale-Disposable-Vape.webp",1000,1000,false],"thumbnail":["https:\/\/vapehosale.com\/wp-content\/uploads\/2026\/03\/Vozol-Star-Click-50K-Puffs-Wholesale-Disposable-Vape-150x150.webp",150,150,true],"medium":["https:\/\/vapehosale.com\/wp-content\/uploads\/2026\/03\/Vozol-Star-Click-50K-Puffs-Wholesale-Disposable-Vape-300x300.webp",300,300,true],"medium_large":["https:\/\/vapehosale.com\/wp-content\/uploads\/2026\/03\/Vozol-Star-Click-50K-Puffs-Wholesale-Disposable-Vape-768x768.webp",768,768,true],"large":["https:\/\/vapehosale.com\/wp-content\/uploads\/2026\/03\/Vozol-Star-Click-50K-Puffs-Wholesale-Disposable-Vape.webp",1000,1000,false],"1536x1536":["https:\/\/vapehosale.com\/wp-content\/uploads\/2026\/03\/Vozol-Star-Click-50K-Puffs-Wholesale-Disposable-Vape.webp",1000,1000,false],"2048x2048":["https:\/\/vapehosale.com\/wp-content\/uploads\/2026\/03\/Vozol-Star-Click-50K-Puffs-Wholesale-Disposable-Vape.webp",1000,1000,false],"trp-custom-language-flag":["https:\/\/vapehosale.com\/wp-content\/uploads\/2026\/03\/Vozol-Star-Click-50K-Puffs-Wholesale-Disposable-Vape-12x12.webp",12,12,true],"woocommerce_thumbnail":["https:\/\/vapehosale.com\/wp-content\/uploads\/2026\/03\/Vozol-Star-Click-50K-Puffs-Wholesale-Disposable-Vape-300x300.webp",300,300,true],"woocommerce_single":["https:\/\/vapehosale.com\/wp-content\/uploads\/2026\/03\/Vozol-Star-Click-50K-Puffs-Wholesale-Disposable-Vape-600x600.webp",600,600,true],"woocommerce_gallery_thumbnail":["https:\/\/vapehosale.com\/wp-content\/uploads\/2026\/03\/Vozol-Star-Click-50K-Puffs-Wholesale-Disposable-Vape-100x100.webp",100,100,true],"wcpr-photo-reviews":["https:\/\/vapehosale.com\/wp-content\/uploads\/2026\/03\/Vozol-Star-Click-50K-Puffs-Wholesale-Disposable-Vape.webp",500,500,false]},"uagb_author_info":{"display_name":"Vicky hosale","author_link":"https:\/\/vapehosale.com\/sk\/author\/"},"uagb_comment_info":0,"uagb_excerpt":"vozol star click 50k puffs is a high-capacity vape device with 50ml e-liquid, 5% nicotine, a 1000mah rechargeable battery, type-c charging, and a full color screen. its adjustable ice level and eu warehouse supply make it a strong option for fast-selling vape markets. (website price not include shipping cost) MOQ:50pcs , contact vicky for vozol&hellip;","_links":{"self":[{"href":"https:\/\/vapehosale.com\/sk\/wp-json\/wp\/v2\/product\/6579","targetHints":{"allow":["GET"]}}],"collection":[{"href":"https:\/\/vapehosale.com\/sk\/wp-json\/wp\/v2\/product"}],"about":[{"href":"https:\/\/vapehosale.com\/sk\/wp-json\/wp\/v2\/types\/product"}],"replies":[{"embeddable":true,"href":"https:\/\/vapehosale.com\/sk\/wp-json\/wp\/v2\/comments?post=6579"}],"wp:featuredmedia":[{"embeddable":true,"href":"https:\/\/vapehosale.com\/sk\/wp-json\/wp\/v2\/media\/6577"}],"wp:attachment":[{"href":"https:\/\/vapehosale.com\/sk\/wp-json\/wp\/v2\/media?parent=6579"}],"wp:term":[{"taxonomy":"product_cat","embeddable":true,"href":"https:\/\/vapehosale.com\/sk\/wp-json\/wp\/v2\/product_cat?post=6579"},{"taxonomy":"product_tag","embeddable":true,"href":"https:\/\/vapehosale.com\/sk\/wp-json\/wp\/v2\/product_tag?post=6579"}],"curies":[{"name":"wp","href":"https:\/\/api.w.org\/{rel}","templated":true}]}}