{"id":6543,"date":"2026-03-26T09:22:57","date_gmt":"2026-03-26T09:22:57","guid":{"rendered":"https:\/\/vapehosale.com\/?post_type=product&#038;p=6543"},"modified":"2026-03-27T03:28:43","modified_gmt":"2026-03-27T03:28:43","slug":"uor-twins-80k-puffs-dual-flavor-disposable-vape","status":"publish","type":"product","link":"https:\/\/vapehosale.com\/sk\/product\/uor-twins-80k-puffs-dual-flavor-disposable-vape\/","title":{"rendered":"UOR Twins 80K Potiahnut\u00ed Dvojit\u00e1 Chu\u0165 Jednorazov\u00fd Vaporiz\u00e9r"},"content":{"rendered":"<h2>Ve\u013ekoobchodn\u00fd UOR 2v1 80K Pufov Jednor\u00e1zov\u00fd Vaporiz\u00e9r<\/h2>\n<p><strong data-start=\"24\" data-end=\"47\">uor twins 80k pufov<\/strong> je jednor\u00e1zov\u00fd vaporiz\u00e9r s dvojitou pr\u00edchu\u0165ou ur\u010den\u00fd pre kupuj\u00facich, ktor\u00ed chc\u00fa viac rozmanitosti v jednom zariaden\u00ed a silnej\u0161\u00ed ve\u013ekoobchodn\u00fd predajn\u00fd bod. kombinuje <strong data-start=\"186\" data-end=\"210\">20ml + 20ml e-liquidu<\/strong>, <strong data-start=\"214\" data-end=\"245\">650mAh dob\u00edjate\u013en\u00fa bat\u00e9riu<\/strong>a <strong data-start=\"253\" data-end=\"281\">\u0161tyri sie\u0165ov\u00e9 cievky (0,9 ohmu)<\/strong> pre stabiln\u00fd v\u00fdstup pary a \u010distej\u0161iu chu\u0165. s <strong data-start=\"340\" data-end=\"359\">nab\u00edjan\u00edm cez typ-c<\/strong> a <strong data-start=\"367\" data-end=\"382\">LED displej<\/strong>, pou\u017e\u00edvatelia m\u00f4\u017eu \u013eahko skontrolova\u0165 stav zariadenia pri u\u017e\u00edvan\u00ed a\u017e do <strong data-start=\"442\" data-end=\"458\">80 000 \u0165ahov<\/strong>. <strong data-start=\"464\" data-end=\"494\">mo\u017enos\u0165ami nikot\u00ednu 2 % a 5 %<\/strong> umo\u017e\u0148uje flexibilitu pre r\u00f4zne trhov\u00e9 potreby.<br \/>\n<img decoding=\"async\" class=\"alignnone size-full wp-image-6533\" src=\"https:\/\/vapehosale.com\/wp-content\/uploads\/2026\/03\/UOR-80K-Puffs-Dual-Flavor-Disposable-Vape.webp\" alt=\"UOR 80K Puffs Dual pr\u00edchu\u0165 Jednorazov\u00fd vaporiz\u00e9r\" width=\"1000\" height=\"562\" srcset=\"https:\/\/vapehosale.com\/wp-content\/uploads\/2026\/03\/UOR-80K-Puffs-Dual-Flavor-Disposable-Vape.webp 1000w, https:\/\/vapehosale.com\/wp-content\/uploads\/2026\/03\/UOR-80K-Puffs-Dual-Flavor-Disposable-Vape-300x169.webp 300w, https:\/\/vapehosale.com\/wp-content\/uploads\/2026\/03\/UOR-80K-Puffs-Dual-Flavor-Disposable-Vape-768x432.webp 768w, https:\/\/vapehosale.com\/wp-content\/uploads\/2026\/03\/UOR-80K-Puffs-Dual-Flavor-Disposable-Vape-18x10.webp 18w, https:\/\/vapehosale.com\/wp-content\/uploads\/2026\/03\/UOR-80K-Puffs-Dual-Flavor-Disposable-Vape-600x337.webp 600w\" sizes=\"(max-width: 1000px) 100vw, 1000px\" \/><\/p>\n<h2 data-start=\"1511\" data-end=\"1526\">K\u013e\u00fa\u010dov\u00e9 vlastnosti Twins 80k Pufov:<\/h2>\n<p>1. Zna\u010dka: UOR<br \/>\n2. Pufy: 80K<br \/>\n3. E-liquid: 20ml*2<br \/>\n4. Nikot\u00edn: 2%5%<br \/>\n5. Bat\u00e9ria: 650 mAh<br \/>\n6. \u0160tyri sie\u0165ov\u00e9 cievky: 0,9 ohmu<br \/>\n7. Dob\u00edjate\u013en\u00e9: Typ-C<br \/>\n8. LED displej<\/p>\n<h2 data-start=\"1511\" data-end=\"1526\">UOR Twins 80k Pufov Zoznam Chut\u00ed<\/h2>\n<p class=\"\" data-start=\"37\" data-end=\"69\">1.Modr\u00e1 malina a R\u00edbez\u013ea &amp; L\u00c1SKA 66<br \/>\n2.Modr\u00fd Razz Ice &amp; Kivi Passion Fruit Guava<br \/>\n3.Modr\u00fd Malinov\u00fd \u013dad &amp; Lady Killa<br \/>\n4.Hroznov\u00fd \u013dad &amp; Trojzrnkov\u00fd Ovocn\u00fd \u013dad<br \/>\n5.Pomaran\u010dov\u00e1 Cola &amp; Tropick\u00e9 Ovocie<br \/>\n6.Pesca Mango &amp; Jahodov\u00fd \u013dad<br \/>\n7.Jahoda Kivi &amp; Zmie\u0161an\u00e9 Bobule<br \/>\n8.Jahoda Mel\u00f3n &amp; Red Bull<br \/>\n9.Jahoda Ban\u00e1n &amp; Jahodov\u00e9 Mango<br \/>\n10.Mel\u00f3nov\u00fd \u013dad &amp; Dvojit\u00e1 Jablko<\/p>\n<h3>Kontakt pre ve\u013ekoobchodn\u00edkov<\/h3>\n<h6>1.kde k\u00fapi\u0165 ve\u013ekoobchodne UOR Jednorazov\u00fd Vaporiz\u00e9r\uff1fWholesaler UOR Vape Whatsapp:<a href=\"https:\/\/wa.me\/8618077105750\">+8618077105750\u00a0<\/a><\/h6>\n<p>2. Ve\u013ekoobchodn\u00edci a predajcovia s\u00fa v\u00edtan\u00ed na prisp\u00f4sobenie objedn\u00e1vok<br \/>\n3.Poskytujeme najvy\u0161\u0161iu kvalitu produktov a najprofesion\u00e1lnej\u0161ie slu\u017eby.<\/p>\n<p><img decoding=\"async\" class=\"alignnone size-full wp-image-2638\" src=\"https:\/\/vapehosale.com\/wp-content\/uploads\/2023\/09\/885301ea6f5e0b91f5ab2b1c85e665c.png\" alt=\"RandM Tov\u00e1re\u0148\" width=\"670\" height=\"658\" srcset=\"https:\/\/vapehosale.com\/wp-content\/uploads\/2023\/09\/885301ea6f5e0b91f5ab2b1c85e665c.png 670w, https:\/\/vapehosale.com\/wp-content\/uploads\/2023\/09\/885301ea6f5e0b91f5ab2b1c85e665c-300x295.png 300w, https:\/\/vapehosale.com\/wp-content\/uploads\/2023\/09\/885301ea6f5e0b91f5ab2b1c85e665c-600x589.png 600w\" sizes=\"(max-width: 670px) 100vw, 670px\" \/><\/p>\n<h4 data-start=\"2071\" data-end=\"2079\">\u010casto kladen\u00e9 ot\u00e1zky o UOR 80k dvojfarebnom jednorazovom vaporiz\u00e9ri<\/h4>\n<p data-start=\"575\" data-end=\"767\"><strong data-start=\"575\" data-end=\"658\">q1: \u010co rob\u00ed UOR Twins 80k pufov odli\u0161n\u00fdm od be\u017en\u00e9ho jednorazov\u00e9ho vaporiz\u00e9ra?<\/strong><br data-start=\"658\" data-end=\"661\" \/>pon\u00faka dvojfarebn\u00fd dizajn, tak\u017ee pou\u017e\u00edvatelia si m\u00f4\u017eu vychutna\u0165 dva chute v jednom zariaden\u00ed bez prep\u00ednania produktov. \ud83d\ude0d<\/p>\n<p data-start=\"769\" data-end=\"922\"><strong data-start=\"769\" data-end=\"819\">q2: Ako dlho m\u00f4\u017ee UOR Twins 80k vaporiz\u00e9r vydr\u017ea\u0165?<\/strong><br data-start=\"819\" data-end=\"822\" \/>s kapacitou <strong data-start=\"833\" data-end=\"849\">80 000 \u0165ahov<\/strong> a <strong data-start=\"854\" data-end=\"866\">20ml * 2<\/strong> e-liquid, je navrhnut\u00fd na dlhodob\u00e9 pou\u017e\u00edvanie. \ud83d\udd0b<\/p>\n<p data-start=\"924\" data-end=\"1072\"><strong data-start=\"924\" data-end=\"960\">q3: je UOR vape Twins 80k puffov bat\u00e9ria dob\u00edjate\u013en\u00e1?<\/strong><br data-start=\"960\" data-end=\"963\" \/>\u00e1no, pou\u017e\u00edva <strong data-start=\"978\" data-end=\"1009\">650mAh dob\u00edjate\u013en\u00fa bat\u00e9riu<\/strong> s <strong data-start=\"1015\" data-end=\"1034\">nab\u00edjan\u00edm cez typ-c<\/strong>, \u010do je pohodln\u00e9 na ka\u017edodenn\u00e9 pou\u017eitie. \u26a1<\/p>\n<p data-start=\"1074\" data-end=\"1231\"><strong data-start=\"1074\" data-end=\"1127\">q4: ukazuje URO jednorazov\u00fd vape Twins 80k LED displej u\u017eito\u010dn\u00e9 inform\u00e1cie?<\/strong><br data-start=\"1127\" data-end=\"1130\" \/>\u00e1no, <strong data-start=\"1139\" data-end=\"1154\">LED displej<\/strong> pom\u00e1ha pou\u017e\u00edvate\u013eom \u013eah\u0161ie sledova\u0165 zariadenie a zosta\u0165 informovan\u00ed na prv\u00fd poh\u013ead. \ud83d\udcdf<\/p>\n<p data-start=\"1233\" data-end=\"1391\"><strong data-start=\"1233\" data-end=\"1279\">q5: ak\u00e9 \u00farovne nikot\u00ednu s\u00fa dostupn\u00e9 pre UOR vape Twins 80k puffov?<\/strong><br data-start=\"1279\" data-end=\"1282\" \/>UOR vape Twins 80k prich\u00e1dza v <strong data-start=\"1302\" data-end=\"1324\">2% a 5% nikot\u00ednov\u00fdch<\/strong> mo\u017enostiach, \u010do z\u00e1kazn\u00edkom poskytuje viac mo\u017enost\u00ed pre r\u00f4zne preferencie. \u2705<\/p>\n<h3><strong>Obsah balenia:<\/strong><\/h3>\n<p>1 ks <strong>\u00a0UOR Twins 80k puffov jednorazov\u00fd vape<\/strong><\/p>\n<p>Kontakt pre katal\u00f3g produktov:<a href=\"https:\/\/wa.me\/8618077105750\">nak\u00fapte teraz, pozrite si v\u0161etky ve\u013ekoobchodn\u00e9 ceny<\/a><br \/>\nIn\u00fd top v\u00fdpredaj vape, ktor\u00fd mo\u017eno budete potrebova\u0165<\/p>\n<p><a href=\"https:\/\/vapehosale.com\/sk\/product-category\/uor-vape\/\">Ve\u013ekoobchodn\u00e1 cena UOR jednorazov\u00e9ho vaporiz\u00e9ra\ud83d\udc48\ud83c\udffb<\/a><\/p>\n<p><a href=\"https:\/\/vapehosale.com\/sk\/product-category\/80k-vape-wholesale\/\">z\u00edskajte katal\u00f3g 80k potiahnut\u00ed jednorazovej vape tu\ud83d\udc48\ud83c\udffb<\/a><\/p>\n<h4>Detaily dopravy:<br \/>\nsme tov\u00e1re\u0148 z \u010c\u00edny, nepodporujeme platbu na dobierku.<\/h4>\n<h4>Detaily platby:<\/h4>\n<p>Podporujeme platbu bankov\u00fdm prevodom alebo Western Union, sme tov\u00e1re\u0148 na vape z \u010c\u00edny, <span style=\"color: #ff0000\">nepodporujeme platbu na dobierku.<\/span><\/p>\n<p>V\u0161etky produkty v na\u0161om obchode s\u00fa 100% origin\u00e1lne a autentick\u00e9, tak\u017ee desa\u0165n\u00e1sobn\u00e1 kompenz\u00e1cia za falo\u0161n\u00fd tovar je na\u0161ou obchodnou politikou.<\/p>\n<h5><span style=\"color: #ff0000\">Minim\u00e1lna objedn\u00e1vka 50ks<\/span><\/h5>","protected":false},"excerpt":{"rendered":"<p data-start=\"2414\" data-end=\"2672\">uor twins 80k pufov jednor\u00e1zov\u00fd vaporiz\u00e9r s dvojitou pr\u00edchu\u0165ou obsahuje dizajn s dvojitou pr\u00edchu\u0165ou, 20ml * 2 e-liquidu, 650mAh dob\u00edjate\u013en\u00fa bat\u00e9riu, \u0161tyri sie\u0165ov\u00e9 cievky 0,9 ohmu a LED displej. Navrhnut\u00fd pre ve\u013ekoobchodn\u00fdch kupuj\u00facich, pon\u00faka vysok\u00fa kapacitu pufov, siln\u00fa konzistenciu chuti a vynikaj\u00faci trhov\u00fd z\u00e1ujem.<span style=\"color: #ff0000\">(cena na webovej str\u00e1nke nezah\u0155\u0148a n\u00e1klady na dopravu)<\/span><\/p>\n<p><span style=\"color: #ff0000\">kontaktujte ma pre minim\u00e1lnu objedn\u00e1vku len 50 kusov! nepredajn\u00e9 pod 50 kusov, <\/span>Len ve\u013ekoobchod!<\/p>\n<p><img decoding=\"async\" class=\"alignnone size-medium wp-image-2638\" src=\"https:\/\/vapehosale.com\/wp-content\/uploads\/2023\/09\/885301ea6f5e0b91f5ab2b1c85e665c-300x295.png\" alt=\"RandM Tov\u00e1re\u0148\" width=\"300\" height=\"295\" srcset=\"https:\/\/vapehosale.com\/wp-content\/uploads\/2023\/09\/885301ea6f5e0b91f5ab2b1c85e665c-300x295.png 300w, https:\/\/vapehosale.com\/wp-content\/uploads\/2023\/09\/885301ea6f5e0b91f5ab2b1c85e665c-600x589.png 600w, https:\/\/vapehosale.com\/wp-content\/uploads\/2023\/09\/885301ea6f5e0b91f5ab2b1c85e665c.png 670w\" sizes=\"(max-width: 300px) 100vw, 300px\" \/><\/p>\n<p>&nbsp;<\/p>","protected":false},"featured_media":6531,"comment_status":"open","ping_status":"closed","template":"","meta":{"_uag_custom_page_level_css":"","_lmt_disableupdate":"no","_lmt_disable":"","site-sidebar-layout":"default","site-content-layout":"","ast-site-content-layout":"default","site-content-style":"default","site-sidebar-style":"default","ast-global-header-display":"","ast-banner-title-visibility":"","ast-main-header-display":"","ast-hfb-above-header-display":"","ast-hfb-below-header-display":"","ast-hfb-mobile-header-display":"","site-post-title":"","ast-breadcrumbs-content":"","ast-featured-img":"","footer-sml-layout":"","theme-transparent-header-meta":"default","adv-header-id-meta":"","stick-header-meta":"","header-above-stick-meta":"","header-main-stick-meta":"","header-below-stick-meta":"","astra-migrate-meta-layouts":"set","_joinchat":[]},"product_cat":[15,111,41,79,55,163],"product_tag":[35],"class_list":["post-6543","product","type-product","status-publish","has-post-thumbnail","hentry","product_cat-vape-shop-wholesale","product_cat-80k-vape-wholesale","product_cat-europe-hot-sale-vape","product_cat-disposable-vape-in-european-warehouse","product_cat-minimum-order-quantity-50pcs","product_cat-uor-vape","product_tag-rechargeable-disposable-device","desktop-align-left","tablet-align-left","mobile-align-left"],"yoast_head":"<!-- This site is optimized with the Yoast SEO plugin v21.1 - https:\/\/yoast.com\/wordpress\/plugins\/seo\/ -->\n<title>UOR Twins 80K Puffs Dual Flavor Disposable Vape - Vape Wholesale<\/title>\n<meta name=\"description\" content=\"uor twins 80k puffs dual-flavor disposable vape with 80,000 puffs, rechargeable battery, led display, and mesh coil performance for wholesale buyers.\" \/>\n<meta name=\"robots\" content=\"index, follow, max-snippet:-1, max-image-preview:large, max-video-preview:-1\" \/>\n<link rel=\"canonical\" href=\"https:\/\/vapehosale.com\/sk\/product\/uor-twins-80k-puffs-dual-flavor-disposable-vape\/\" \/>\n<meta property=\"og:locale\" content=\"sk_SK\" \/>\n<meta property=\"og:type\" content=\"article\" \/>\n<meta property=\"og:title\" content=\"UOR Twins 80K Puffs Dual Flavor Disposable Vape - Vape Wholesale\" \/>\n<meta property=\"og:description\" content=\"uor twins 80k puffs dual-flavor disposable vape with 80,000 puffs, rechargeable battery, led display, and mesh coil performance for wholesale buyers.\" \/>\n<meta property=\"og:url\" content=\"https:\/\/vapehosale.com\/sk\/product\/uor-twins-80k-puffs-dual-flavor-disposable-vape\/\" \/>\n<meta property=\"og:site_name\" content=\"Vape Wholesale\" \/>\n<meta property=\"article:modified_time\" content=\"2026-03-27T03:28:43+00:00\" \/>\n<meta property=\"og:image\" content=\"https:\/\/vapehosale.com\/wp-content\/uploads\/2026\/03\/UOR-2in1-80K-Puffs-Disposable-Vape.webp\" \/>\n\t<meta property=\"og:image:width\" content=\"1000\" \/>\n\t<meta property=\"og:image:height\" content=\"1004\" \/>\n\t<meta property=\"og:image:type\" content=\"image\/webp\" \/>\n<meta name=\"twitter:card\" content=\"summary_large_image\" \/>\n<meta name=\"twitter:label1\" content=\"Predpokladan\u00fd \u010das \u010d\u00edtania\" \/>\n\t<meta name=\"twitter:data1\" content=\"3 min\u00faty\" \/>\n<script type=\"application\/ld+json\" class=\"yoast-schema-graph\">{\"@context\":\"https:\/\/schema.org\",\"@graph\":[{\"@type\":\"WebPage\",\"@id\":\"https:\/\/vapehosale.com\/product\/uor-twins-80k-puffs-dual-flavor-disposable-vape\/\",\"url\":\"https:\/\/vapehosale.com\/product\/uor-twins-80k-puffs-dual-flavor-disposable-vape\/\",\"name\":\"UOR Twins 80K Puffs Dual Flavor Disposable Vape - Vape Wholesale\",\"isPartOf\":{\"@id\":\"https:\/\/vapehosale.com\/#website\"},\"datePublished\":\"2026-03-26T09:22:57+00:00\",\"dateModified\":\"2026-03-27T03:28:43+00:00\",\"description\":\"uor twins 80k puffs dual-flavor disposable vape with 80,000 puffs, rechargeable battery, led display, and mesh coil performance for wholesale buyers.\",\"breadcrumb\":{\"@id\":\"https:\/\/vapehosale.com\/product\/uor-twins-80k-puffs-dual-flavor-disposable-vape\/#breadcrumb\"},\"inLanguage\":\"sk-SK\",\"potentialAction\":[{\"@type\":\"ReadAction\",\"target\":[\"https:\/\/vapehosale.com\/product\/uor-twins-80k-puffs-dual-flavor-disposable-vape\/\"]}]},{\"@type\":\"BreadcrumbList\",\"@id\":\"https:\/\/vapehosale.com\/product\/uor-twins-80k-puffs-dual-flavor-disposable-vape\/#breadcrumb\",\"itemListElement\":[{\"@type\":\"ListItem\",\"position\":1,\"name\":\"Home\",\"item\":\"https:\/\/vapehosale.com\/\"},{\"@type\":\"ListItem\",\"position\":2,\"name\":\"Best Sell Vapes\",\"item\":\"https:\/\/vapehosale.com\/vape-shop\/\"},{\"@type\":\"ListItem\",\"position\":3,\"name\":\"UOR Twins 80K Puffs Dual Flavor Disposable Vape\"}]},{\"@type\":\"WebSite\",\"@id\":\"https:\/\/vapehosale.com\/#website\",\"url\":\"https:\/\/vapehosale.com\/\",\"name\":\"Vape Wholesale\",\"description\":\"Buy Vape Wholesale Price Near you\",\"potentialAction\":[{\"@type\":\"SearchAction\",\"target\":{\"@type\":\"EntryPoint\",\"urlTemplate\":\"https:\/\/vapehosale.com\/?s={search_term_string}\"},\"query-input\":\"required name=search_term_string\"}],\"inLanguage\":\"sk-SK\"}]}<\/script>\n<!-- \/ Yoast SEO plugin. -->","yoast_head_json":{"title":"UOR Twins 80K Puffs Dual Flavor Disposable Vape - Vape Wholesale","description":"uor twins 80k puffs dual-flavor disposable vape with 80,000 puffs, rechargeable battery, led display, and mesh coil performance for wholesale buyers.","robots":{"index":"index","follow":"follow","max-snippet":"max-snippet:-1","max-image-preview":"max-image-preview:large","max-video-preview":"max-video-preview:-1"},"canonical":"https:\/\/vapehosale.com\/sk\/product\/uor-twins-80k-puffs-dual-flavor-disposable-vape\/","og_locale":"sk_SK","og_type":"article","og_title":"UOR Twins 80K Puffs Dual Flavor Disposable Vape - Vape Wholesale","og_description":"uor twins 80k puffs dual-flavor disposable vape with 80,000 puffs, rechargeable battery, led display, and mesh coil performance for wholesale buyers.","og_url":"https:\/\/vapehosale.com\/sk\/product\/uor-twins-80k-puffs-dual-flavor-disposable-vape\/","og_site_name":"Vape Wholesale","article_modified_time":"2026-03-27T03:28:43+00:00","og_image":[{"width":1000,"height":1004,"url":"https:\/\/vapehosale.com\/wp-content\/uploads\/2026\/03\/UOR-2in1-80K-Puffs-Disposable-Vape.webp","type":"image\/webp"}],"twitter_card":"summary_large_image","twitter_misc":{"Predpokladan\u00fd \u010das \u010d\u00edtania":"3 min\u00faty"},"schema":{"@context":"https:\/\/schema.org","@graph":[{"@type":"WebPage","@id":"https:\/\/vapehosale.com\/product\/uor-twins-80k-puffs-dual-flavor-disposable-vape\/","url":"https:\/\/vapehosale.com\/product\/uor-twins-80k-puffs-dual-flavor-disposable-vape\/","name":"UOR Twins 80K Puffs Dual Flavor Disposable Vape - Vape Wholesale","isPartOf":{"@id":"https:\/\/vapehosale.com\/#website"},"datePublished":"2026-03-26T09:22:57+00:00","dateModified":"2026-03-27T03:28:43+00:00","description":"uor twins 80k puffs dual-flavor disposable vape with 80,000 puffs, rechargeable battery, led display, and mesh coil performance for wholesale buyers.","breadcrumb":{"@id":"https:\/\/vapehosale.com\/product\/uor-twins-80k-puffs-dual-flavor-disposable-vape\/#breadcrumb"},"inLanguage":"sk-SK","potentialAction":[{"@type":"ReadAction","target":["https:\/\/vapehosale.com\/product\/uor-twins-80k-puffs-dual-flavor-disposable-vape\/"]}]},{"@type":"BreadcrumbList","@id":"https:\/\/vapehosale.com\/product\/uor-twins-80k-puffs-dual-flavor-disposable-vape\/#breadcrumb","itemListElement":[{"@type":"ListItem","position":1,"name":"Home","item":"https:\/\/vapehosale.com\/"},{"@type":"ListItem","position":2,"name":"Best Sell Vapes","item":"https:\/\/vapehosale.com\/vape-shop\/"},{"@type":"ListItem","position":3,"name":"UOR Twins 80K Puffs Dual Flavor Disposable Vape"}]},{"@type":"WebSite","@id":"https:\/\/vapehosale.com\/#website","url":"https:\/\/vapehosale.com\/","name":"Vape Wholesale","description":"Buy Vape Wholesale Price Near you","potentialAction":[{"@type":"SearchAction","target":{"@type":"EntryPoint","urlTemplate":"https:\/\/vapehosale.com\/?s={search_term_string}"},"query-input":"required name=search_term_string"}],"inLanguage":"sk-SK"}]}},"uagb_featured_image_src":{"full":["https:\/\/vapehosale.com\/wp-content\/uploads\/2026\/03\/UOR-2in1-80K-Puffs-Disposable-Vape.webp",1000,1004,false],"thumbnail":["https:\/\/vapehosale.com\/wp-content\/uploads\/2026\/03\/UOR-2in1-80K-Puffs-Disposable-Vape-150x150.webp",150,150,true],"medium":["https:\/\/vapehosale.com\/wp-content\/uploads\/2026\/03\/UOR-2in1-80K-Puffs-Disposable-Vape-300x300.webp",300,300,true],"medium_large":["https:\/\/vapehosale.com\/wp-content\/uploads\/2026\/03\/UOR-2in1-80K-Puffs-Disposable-Vape-768x771.webp",768,771,true],"large":["https:\/\/vapehosale.com\/wp-content\/uploads\/2026\/03\/UOR-2in1-80K-Puffs-Disposable-Vape.webp",1000,1004,false],"1536x1536":["https:\/\/vapehosale.com\/wp-content\/uploads\/2026\/03\/UOR-2in1-80K-Puffs-Disposable-Vape.webp",1000,1004,false],"2048x2048":["https:\/\/vapehosale.com\/wp-content\/uploads\/2026\/03\/UOR-2in1-80K-Puffs-Disposable-Vape.webp",1000,1004,false],"trp-custom-language-flag":["https:\/\/vapehosale.com\/wp-content\/uploads\/2026\/03\/UOR-2in1-80K-Puffs-Disposable-Vape-12x12.webp",12,12,true],"woocommerce_thumbnail":["https:\/\/vapehosale.com\/wp-content\/uploads\/2026\/03\/UOR-2in1-80K-Puffs-Disposable-Vape-300x300.webp",300,300,true],"woocommerce_single":["https:\/\/vapehosale.com\/wp-content\/uploads\/2026\/03\/UOR-2in1-80K-Puffs-Disposable-Vape-600x602.webp",600,602,true],"woocommerce_gallery_thumbnail":["https:\/\/vapehosale.com\/wp-content\/uploads\/2026\/03\/UOR-2in1-80K-Puffs-Disposable-Vape-100x100.webp",100,100,true],"wcpr-photo-reviews":["https:\/\/vapehosale.com\/wp-content\/uploads\/2026\/03\/UOR-2in1-80K-Puffs-Disposable-Vape.webp",498,500,false]},"uagb_author_info":{"display_name":"Vicky hosale","author_link":"https:\/\/vapehosale.com\/sk\/author\/"},"uagb_comment_info":0,"uagb_excerpt":"uor twins 80k puffs disposable vape features dual-flavor design, 20ml * 2 e-liquid, 650mah rechargeable battery, four mesh coil 0.9 ohm, and led display. designed for wholesale buyers, it delivers high puff capacity, strong flavor consistency, and excellent market appeal.(website price not include shipping cost) contact me for min order only 50 pcs! not sale&hellip;","_links":{"self":[{"href":"https:\/\/vapehosale.com\/sk\/wp-json\/wp\/v2\/product\/6543","targetHints":{"allow":["GET"]}}],"collection":[{"href":"https:\/\/vapehosale.com\/sk\/wp-json\/wp\/v2\/product"}],"about":[{"href":"https:\/\/vapehosale.com\/sk\/wp-json\/wp\/v2\/types\/product"}],"replies":[{"embeddable":true,"href":"https:\/\/vapehosale.com\/sk\/wp-json\/wp\/v2\/comments?post=6543"}],"wp:featuredmedia":[{"embeddable":true,"href":"https:\/\/vapehosale.com\/sk\/wp-json\/wp\/v2\/media\/6531"}],"wp:attachment":[{"href":"https:\/\/vapehosale.com\/sk\/wp-json\/wp\/v2\/media?parent=6543"}],"wp:term":[{"taxonomy":"product_cat","embeddable":true,"href":"https:\/\/vapehosale.com\/sk\/wp-json\/wp\/v2\/product_cat?post=6543"},{"taxonomy":"product_tag","embeddable":true,"href":"https:\/\/vapehosale.com\/sk\/wp-json\/wp\/v2\/product_tag?post=6543"}],"curies":[{"name":"wp","href":"https:\/\/api.w.org\/{rel}","templated":true}]}}