{"id":6203,"date":"2025-12-27T08:49:07","date_gmt":"2025-12-27T08:49:07","guid":{"rendered":"https:\/\/vapehosale.com\/?post_type=product&#038;p=6203"},"modified":"2025-12-27T09:28:38","modified_gmt":"2025-12-27T09:28:38","slug":"fumot-eco-50000-puffs","status":"publish","type":"product","link":"https:\/\/vapehosale.com\/sk\/product\/fumot-eco-50000-puffs\/","title":{"rendered":"Fumot Eco 50000 Pufov Jednorazov\u00fd Vaporiz\u00e9r 2v1"},"content":{"rendered":"<h2 style=\"text-align: center\">Ve\u013ekoobchod Fumot Eco 50000 potiahnut\u00ed 2v1 Jednorazov\u00e1 vaporiz\u00e9r<\/h2>\n<p>Fumot eco 50000 potiahnut\u00ed 2v1 jednorazov\u00e1 vaporiz\u00e9r kombinuje dve volite\u013en\u00e9 10+10ml komory s pr\u00edchu\u0165ami a mo\u017enos\u0165ami nikot\u00ednu 2% alebo 5%, aby poskytla a\u017e 50 000 potiahnut\u00ed z jedn\u00e9ho zariadenia. vybaven\u00e1 bat\u00e9riou 950mAh, r\u00fdchlym nab\u00edjan\u00edm cez type-c, mesh cievkou 0,9\u03a9 a inteligentn\u00fdm displejom, pou\u017e\u00edvatelia m\u00f4\u017eu okam\u017eite vidie\u0165 v\u00fdber pr\u00edchute a zost\u00e1vaj\u00facu bat\u00e9riu\/potiahnutia.<br \/>\n<img decoding=\"async\" class=\"alignnone size-full wp-image-6189\" src=\"https:\/\/vapehosale.com\/wp-content\/uploads\/2025\/12\/Fumot-Crystal-50k-Disposable-Vape-Wholesale.webp\" alt=\"Fumot Crystal 50k Ve\u013ekoobchod s jednor\u00e1zov\u00fdmi vaporiz\u00e9rmi\" width=\"1000\" height=\"708\" srcset=\"https:\/\/vapehosale.com\/wp-content\/uploads\/2025\/12\/Fumot-Crystal-50k-Disposable-Vape-Wholesale.webp 1000w, https:\/\/vapehosale.com\/wp-content\/uploads\/2025\/12\/Fumot-Crystal-50k-Disposable-Vape-Wholesale-300x212.webp 300w, https:\/\/vapehosale.com\/wp-content\/uploads\/2025\/12\/Fumot-Crystal-50k-Disposable-Vape-Wholesale-768x544.webp 768w, https:\/\/vapehosale.com\/wp-content\/uploads\/2025\/12\/Fumot-Crystal-50k-Disposable-Vape-Wholesale-18x12.webp 18w, https:\/\/vapehosale.com\/wp-content\/uploads\/2025\/12\/Fumot-Crystal-50k-Disposable-Vape-Wholesale-600x425.webp 600w\" sizes=\"(max-width: 1000px) 100vw, 1000px\" \/><\/p>\n<h3 data-start=\"1185\" data-end=\"1205\">K\u013e\u00fa\u010dov\u00e9 vlastnosti Fumot 50k Vape:<\/h3>\n<p>2% 5% Nikot\u00edn<br \/>\nDvojit\u00e9 pr\u00edchute 10+10ml<br \/>\nNab\u00edjac\u00ed port typu C<br \/>\n0,9\u03a9 Mrie\u017ekov\u00e1 cievka<br \/>\nIridescentn\u00e9 svetlo<br \/>\nBat\u00e9ria 950mAh<br \/>\nInteligentn\u00fd displej<\/p>\n<h3 data-start=\"1185\" data-end=\"1205\">Zoznam pr\u00edchut\u00ed Fumot Eco 50000 potiahnut\u00ed:<\/h3>\n<p>1. \u010cierna Mamba &amp; Mr Blue<br \/>\n2. \u010cierny \u013ead &amp; Hroznov\u00fd \u013ead<br \/>\n3. Brosky\u0148ov\u00fd \u013ead &amp; Biela Mamba<br \/>\n4. Lady Killer &amp; Love 66<br \/>\n5. \u010cu\u010doriedkov\u00fd Hubba Bubba &amp; Mel\u00f3nov\u00fd Hubba Bubba<br \/>\n6. Hroznov\u00fd Gummy Bear &amp; Jahodov\u00fd Gummy Bear<br \/>\n7. Kysl\u00e9 jablko &amp; \u0160\u0165avnat\u00e1 brosky\u0148a<br \/>\n8. Fanta &amp; Cola \u013ead<br \/>\n9. Gummy Bear &amp; Skittles<br \/>\n10. Kaktusov\u00fd \u013ead &amp; Kaktus Kiwi<br \/>\n11. Brosky\u0148a Mango Mel\u00f3n &amp; Pina Colada<br \/>\n12. \u010cere\u0161\u0148a \u013dad &amp; Modr\u00fd Razz \u010cere\u0161\u0148a<br \/>\n13. Chladn\u00e1 M\u00e4ta &amp; Mel\u00f3nov\u00e9 \u013dad<br \/>\n14. Citr\u00f3n &amp; Limeta &amp; Jahodov\u00fd Mel\u00f3n<br \/>\n15. Ru\u017eov\u00e1 Limon\u00e1da &amp; Kysl\u00e9 Cukr\u00edky<br \/>\n16. Vimto &amp; Mel\u00f3nov\u00e1 \u017duva\u010dka<br \/>\n17. Ban\u00e1nov\u00e9 \u013dad &amp; \u010cierny Drak \u013dad<br \/>\n18. Modr\u00fd Razz Gumen\u00e9 Medved\u00edk &amp; Modr\u00fd Razz \u013dadov\u00e1 \u0160\u0165ava<br \/>\n19. \u013dadov\u00e1 \u0160\u0165ava &amp; Kiwi Marhu\u013eov\u00e9 Guava<br \/>\n20. Jahodov\u00e9 \u013dad &amp; \u010cu\u010doriedka<br \/>\n21. Zmie\u0161an\u00e9 Bobule &amp; Modr\u00fd Razz Limon\u00e1da<br \/>\n22. Redbull \u013dad &amp; \u010cu\u010doriedka Brosky\u0148a \u013dad<br \/>\n23. Jahodov\u00e9 Kiwi &amp; \u010cu\u010doriedka Kysl\u00e1 Malina<br \/>\n24. Cola Citr\u00f3n &amp; Anan\u00e1s Citr\u00f3n Zelen\u00e9 Jablko<\/p>\n<h3><strong>Obsah balenia:<\/strong><\/h3>\n<p>1 x fumot vape Eco 50000 Pufov<\/p>\n<h3 class=\"ds-markdown-paragraph\">\u010casto kladen\u00e9 ot\u00e1zky k Fumot Eco 50000 Pufov Jednorazov\u00e9mu Vapingu<\/h3>\n<ol>\n<li>ko\u013eko pufov poskytne jeden fumot 50k? \ud83d\udca8<br \/>\nka\u017ed\u00e1 jednotka je hodnoten\u00e1 na a\u017e 50000 pufov pri spr\u00e1vnom pou\u017eit\u00ed \u2014 dvojit\u00e9 komory 10+10 ml dohromady dosahuj\u00fa tento po\u010det.<\/li>\n<li>ak\u00e9 nikot\u00ednov\u00e9 sily s\u00fa dostupn\u00e9 pre fumot 50k vape? \ud83d\udd25<br \/>\nfumot eco pon\u00faka jasne vybran\u00e9 mo\u017enosti nikot\u00ednu: 2% (20 mg\/ml) a 5% (50 mg\/ml), aby vyhovovali preferenci\u00e1m z\u00e1kazn\u00edkov.<\/li>\n<li>ako funguj\u00fa Fumot 50k eco vape s dvojit\u00fdmi pr\u00edchu\u0165ami? \ud83c\udf53\ud83c\udf4d<br \/>\nza\u0159\u00edzen\u00ed obsahuje dve komory po 10 ml; stla\u010dte ovl\u00e1da\u010d na prep\u00ednanie medzi pr\u00edchu\u0165ami alebo si vychutnajte jednu, k\u00fdm sa nedokon\u010d\u00ed \u2014 displej zobrazuje akt\u00edvnu pr\u00edchu\u0165.<\/li>\n<li>ako dlho vydr\u017e\u00ed bat\u00e9ria a ako nab\u00edja\u0165 Fumot 50k pufov vape? \ud83d\udd0b<br \/>\nintegrovan\u00e1 bat\u00e9ria 950mAh s r\u00fdchlym nab\u00edjan\u00edm cez typ-c; \u010das nab\u00edjania sa l\u00ed\u0161i pod\u013ea nab\u00edja\u010da, be\u017en\u00e9 \u00fapln\u00e9 nabitie je mo\u017en\u00e9 s modern\u00fdmi USB-C adapt\u00e9rmi.<\/li>\n<li>je Fumot 50000 pufov jednorazov\u00e1 vape s vidite\u013en\u00fdm indik\u00e1torom pufov\/bat\u00e9rie? \u2705<br \/>\n\u00e1no \u2014 inteligentn\u00fd displej zobrazuje zost\u00e1vaj\u00facu bat\u00e9riu a odhadovan\u00fd po\u010det pufov, tak\u017ee predajcovia a pou\u017e\u00edvatelia m\u00f4\u017eu sledova\u0165 pou\u017e\u00edvanie presne.<\/li>\n<\/ol>\n<h3>Kontakt pre ve\u013ekoobchodn\u00edkov<\/h3>\n<p>Origin\u00e1l <a href=\"https:\/\/vapehosale.com\/sk\/product-category\/randm-fumot-vape\/\">Jednorazov\u00e1 elektronick\u00e1 cigareta Fumot<\/a> Ve\u013ekoobchodn\u00e1 tov\u00e1re\u0148 Whatsapp:<a href=\"https:\/\/wa.me\/8618077105750\">+8618077105750<\/a><\/p>\n<p>Ve\u013ekoobchodn\u00edci a predajcovia s\u00fa v\u00edtan\u00ed na prisp\u00f4sobenie objedn\u00e1vok<br \/>\nPoskytujeme najkvalitnej\u0161ie produkty a najprofesion\u00e1lnej\u0161ie slu\u017eby.<\/p>\n<p><img decoding=\"async\" class=\"alignnone size-full wp-image-2638\" src=\"https:\/\/vapehosale.com\/wp-content\/uploads\/2023\/09\/885301ea6f5e0b91f5ab2b1c85e665c.png\" alt=\"RandM Tov\u00e1re\u0148\" width=\"670\" height=\"658\" srcset=\"https:\/\/vapehosale.com\/wp-content\/uploads\/2023\/09\/885301ea6f5e0b91f5ab2b1c85e665c.png 670w, https:\/\/vapehosale.com\/wp-content\/uploads\/2023\/09\/885301ea6f5e0b91f5ab2b1c85e665c-300x295.png 300w, https:\/\/vapehosale.com\/wp-content\/uploads\/2023\/09\/885301ea6f5e0b91f5ab2b1c85e665c-600x589.png 600w\" sizes=\"(max-width: 670px) 100vw, 670px\" \/><\/p>\n<p>Kontakt pre katal\u00f3g produktov:<a href=\"https:\/\/wa.me\/8618077105750\">nakupova\u0165 teraz<\/a><br \/>\nIn\u00fd top v\u00fdpredaj vape, ktor\u00fd mo\u017eno budete potrebova\u0165<br \/>\n<a href=\"https:\/\/vapehosale.com\/sk\/product-category\/randm-fumot-vape\/\">Fumot Vape Top predaj v Eur\u00f3pe, z\u00edskajte ve\u013ekoobchodn\u00fa cenu tu<\/a><\/p>\n<p>In\u00e1 zna\u010dka vape, ktor\u00fa m\u00f4\u017eete h\u013eada\u0165\uff1a<a href=\"https:\/\/vapehosale.com\/sk\/product-category\/al-fakher-vape\/\">Al Fakher Vape<\/a><br \/>\n<a href=\"https:\/\/vapehosale.com\/sk\/product-category\/randm-fumot-vape\/\">RandM Fumot Vape<\/a>\u00a0 <a href=\"https:\/\/vapehosale.com\/sk\/product-category\/razz-bar-vape\/\">Razz Bar Vape<\/a><\/p>\n<h4>Detaily dopravy:<\/h4>\n<p>1. Doba v\u00fdroby: do 5 pracovn\u00fdch dn\u00ed od prijatia platby<\/p>\n<p>2. Doba doru\u010denia: 10-14 dn\u00ed \uff08V pr\u00edpade sviatkov a colnej kontroly m\u00f4\u017ee d\u00f4js\u0165 k oneskoreniu doru\u010denia.\uff09<\/p>\n<h4>Detaily platby:<\/h4>\n<p>V\u0161etky produkty v na\u0161om obchode s\u00fa 100% origin\u00e1lne a autentick\u00e9, tak\u017ee desa\u0165n\u00e1sobn\u00e1 kompenz\u00e1cia za falo\u0161n\u00fd tovar je na\u0161ou obchodnou politikou.<\/p>\n<h5><span style=\"color: #ff0000\">Minim\u00e1lna objedn\u00e1vka 50ks<\/span><\/h5>","protected":false},"excerpt":{"rendered":"<p>Fumot eco 50000 potiahnut\u00ed 2v1 jednorazov\u00e1 vaporiz\u00e9r dod\u00e1va dva volite\u013en\u00e9 10+10ml pr\u00edchute, nikot\u00edn 2% alebo 5%, bat\u00e9riu 950mAh, r\u00fdchle nab\u00edjanie cez type-c, mesh cievku 0,9\u03a9 a inteligentn\u00fd displej. s iridescentn\u00fdm povrchom a overenou dlhou \u017eivotnos\u0165ou po\u010dtu potiahnut\u00ed, zjednodu\u0161uje rot\u00e1ciu na policiach pre predajcov.<br \/>\n<span style=\"color: #ff0000\">(cena na webovej str\u00e1nke nezah\u0155\u0148a n\u00e1klady na dopravu)<\/span><\/p>\n<p><span style=\"color: #ff0000\">Kontaktujte ma pre minim\u00e1lnu objedn\u00e1vku iba 50 ks! Kontaktujte ma a z\u00edskajte z\u013eavu e\u0161te dnes!<\/span><\/p>\n<p><img decoding=\"async\" class=\"alignnone size-medium wp-image-2638\" src=\"https:\/\/vapehosale.com\/wp-content\/uploads\/2023\/09\/885301ea6f5e0b91f5ab2b1c85e665c-300x295.png\" alt=\"RandM Tov\u00e1re\u0148\" width=\"300\" height=\"295\" srcset=\"https:\/\/vapehosale.com\/wp-content\/uploads\/2023\/09\/885301ea6f5e0b91f5ab2b1c85e665c-300x295.png 300w, https:\/\/vapehosale.com\/wp-content\/uploads\/2023\/09\/885301ea6f5e0b91f5ab2b1c85e665c-600x589.png 600w, https:\/\/vapehosale.com\/wp-content\/uploads\/2023\/09\/885301ea6f5e0b91f5ab2b1c85e665c.png 670w\" sizes=\"(max-width: 300px) 100vw, 300px\" \/><\/p>\n<p>&nbsp;<\/p>","protected":false},"featured_media":6190,"comment_status":"open","ping_status":"closed","template":"","meta":{"_uag_custom_page_level_css":"","_lmt_disableupdate":"no","_lmt_disable":"","site-sidebar-layout":"default","site-content-layout":"","ast-site-content-layout":"default","site-content-style":"default","site-sidebar-style":"default","ast-global-header-display":"","ast-banner-title-visibility":"","ast-main-header-display":"","ast-hfb-above-header-display":"","ast-hfb-below-header-display":"","ast-hfb-mobile-header-display":"","site-post-title":"","ast-breadcrumbs-content":"","ast-featured-img":"","footer-sml-layout":"","theme-transparent-header-meta":"default","adv-header-id-meta":"","stick-header-meta":"","header-above-stick-meta":"","header-main-stick-meta":"","header-below-stick-meta":"","astra-migrate-meta-layouts":"set","_joinchat":[]},"product_cat":[15,98,41,55,89],"product_tag":[76,35,33,53],"class_list":["post-6203","product","type-product","status-publish","has-post-thumbnail","hentry","product_cat-vape-shop-wholesale","product_cat-wholesale-50k-puffs-disposable-vape","product_cat-europe-hot-sale-vape","product_cat-minimum-order-quantity-50pcs","product_cat-randm-fumot-vape","product_tag-airflow-control-vape","product_tag-rechargeable-disposable-device","product_tag-rgb-light-disposable-vape","product_tag-vapme-vape","desktop-align-left","tablet-align-left","mobile-align-left"],"yoast_head":"<!-- This site is optimized with the Yoast SEO plugin v21.1 - https:\/\/yoast.com\/wordpress\/plugins\/seo\/ -->\n<title>Fumot Eco 50000 Puffs 2in1 Disposable Vape - Vape Wholesale<\/title>\n<meta name=\"description\" content=\"Wholesale Fumot dual-flavor 50k puff disposable with 2%\/5% nicotine, type-c charging and smart display \u2014 fumot eco for lasting retail appeal.\" \/>\n<meta name=\"robots\" content=\"index, follow, max-snippet:-1, max-image-preview:large, max-video-preview:-1\" \/>\n<link rel=\"canonical\" href=\"https:\/\/vapehosale.com\/sk\/product\/fumot-eco-50000-puffs\/\" \/>\n<meta property=\"og:locale\" content=\"sk_SK\" \/>\n<meta property=\"og:type\" content=\"article\" \/>\n<meta property=\"og:title\" content=\"Fumot Eco 50000 Puffs 2in1 Disposable Vape - Vape Wholesale\" \/>\n<meta property=\"og:description\" content=\"Wholesale Fumot dual-flavor 50k puff disposable with 2%\/5% nicotine, type-c charging and smart display \u2014 fumot eco for lasting retail appeal.\" \/>\n<meta property=\"og:url\" content=\"https:\/\/vapehosale.com\/sk\/product\/fumot-eco-50000-puffs\/\" \/>\n<meta property=\"og:site_name\" content=\"Vape Wholesale\" \/>\n<meta property=\"article:modified_time\" content=\"2025-12-27T09:28:38+00:00\" \/>\n<meta property=\"og:image\" content=\"https:\/\/vapehosale.com\/wp-content\/uploads\/2025\/12\/Fumot-Disposable-Vape-50k-Puffs.webp\" \/>\n\t<meta property=\"og:image:width\" content=\"1000\" \/>\n\t<meta property=\"og:image:height\" content=\"1000\" \/>\n\t<meta property=\"og:image:type\" content=\"image\/webp\" \/>\n<meta name=\"twitter:card\" content=\"summary_large_image\" \/>\n<meta name=\"twitter:label1\" content=\"Predpokladan\u00fd \u010das \u010d\u00edtania\" \/>\n\t<meta name=\"twitter:data1\" content=\"3 min\u00faty\" \/>\n<script type=\"application\/ld+json\" class=\"yoast-schema-graph\">{\"@context\":\"https:\/\/schema.org\",\"@graph\":[{\"@type\":\"WebPage\",\"@id\":\"https:\/\/vapehosale.com\/product\/fumot-eco-50000-puffs\/\",\"url\":\"https:\/\/vapehosale.com\/product\/fumot-eco-50000-puffs\/\",\"name\":\"Fumot Eco 50000 Puffs 2in1 Disposable Vape - Vape Wholesale\",\"isPartOf\":{\"@id\":\"https:\/\/vapehosale.com\/#website\"},\"datePublished\":\"2025-12-27T08:49:07+00:00\",\"dateModified\":\"2025-12-27T09:28:38+00:00\",\"description\":\"Wholesale Fumot dual-flavor 50k puff disposable with 2%\/5% nicotine, type-c charging and smart display \u2014 fumot eco for lasting retail appeal.\",\"breadcrumb\":{\"@id\":\"https:\/\/vapehosale.com\/product\/fumot-eco-50000-puffs\/#breadcrumb\"},\"inLanguage\":\"sk-SK\",\"potentialAction\":[{\"@type\":\"ReadAction\",\"target\":[\"https:\/\/vapehosale.com\/product\/fumot-eco-50000-puffs\/\"]}]},{\"@type\":\"BreadcrumbList\",\"@id\":\"https:\/\/vapehosale.com\/product\/fumot-eco-50000-puffs\/#breadcrumb\",\"itemListElement\":[{\"@type\":\"ListItem\",\"position\":1,\"name\":\"Home\",\"item\":\"https:\/\/vapehosale.com\/\"},{\"@type\":\"ListItem\",\"position\":2,\"name\":\"Best Sell Vapes\",\"item\":\"https:\/\/vapehosale.com\/vape-shop\/\"},{\"@type\":\"ListItem\",\"position\":3,\"name\":\"Fumot Eco 50000 Puffs 2in1 Disposable Vape\"}]},{\"@type\":\"WebSite\",\"@id\":\"https:\/\/vapehosale.com\/#website\",\"url\":\"https:\/\/vapehosale.com\/\",\"name\":\"Vape Wholesale\",\"description\":\"Buy Vape Wholesale Price Near you\",\"potentialAction\":[{\"@type\":\"SearchAction\",\"target\":{\"@type\":\"EntryPoint\",\"urlTemplate\":\"https:\/\/vapehosale.com\/?s={search_term_string}\"},\"query-input\":\"required name=search_term_string\"}],\"inLanguage\":\"sk-SK\"}]}<\/script>\n<!-- \/ Yoast SEO plugin. -->","yoast_head_json":{"title":"Fumot Eco 50000 Puffs 2in1 Disposable Vape - Vape Wholesale","description":"Wholesale Fumot dual-flavor 50k puff disposable with 2%\/5% nicotine, type-c charging and smart display \u2014 fumot eco for lasting retail appeal.","robots":{"index":"index","follow":"follow","max-snippet":"max-snippet:-1","max-image-preview":"max-image-preview:large","max-video-preview":"max-video-preview:-1"},"canonical":"https:\/\/vapehosale.com\/sk\/product\/fumot-eco-50000-puffs\/","og_locale":"sk_SK","og_type":"article","og_title":"Fumot Eco 50000 Puffs 2in1 Disposable Vape - Vape Wholesale","og_description":"Wholesale Fumot dual-flavor 50k puff disposable with 2%\/5% nicotine, type-c charging and smart display \u2014 fumot eco for lasting retail appeal.","og_url":"https:\/\/vapehosale.com\/sk\/product\/fumot-eco-50000-puffs\/","og_site_name":"Vape Wholesale","article_modified_time":"2025-12-27T09:28:38+00:00","og_image":[{"width":1000,"height":1000,"url":"https:\/\/vapehosale.com\/wp-content\/uploads\/2025\/12\/Fumot-Disposable-Vape-50k-Puffs.webp","type":"image\/webp"}],"twitter_card":"summary_large_image","twitter_misc":{"Predpokladan\u00fd \u010das \u010d\u00edtania":"3 min\u00faty"},"schema":{"@context":"https:\/\/schema.org","@graph":[{"@type":"WebPage","@id":"https:\/\/vapehosale.com\/product\/fumot-eco-50000-puffs\/","url":"https:\/\/vapehosale.com\/product\/fumot-eco-50000-puffs\/","name":"Fumot Eco 50000 Puffs 2in1 Disposable Vape - Vape Wholesale","isPartOf":{"@id":"https:\/\/vapehosale.com\/#website"},"datePublished":"2025-12-27T08:49:07+00:00","dateModified":"2025-12-27T09:28:38+00:00","description":"Wholesale Fumot dual-flavor 50k puff disposable with 2%\/5% nicotine, type-c charging and smart display \u2014 fumot eco for lasting retail appeal.","breadcrumb":{"@id":"https:\/\/vapehosale.com\/product\/fumot-eco-50000-puffs\/#breadcrumb"},"inLanguage":"sk-SK","potentialAction":[{"@type":"ReadAction","target":["https:\/\/vapehosale.com\/product\/fumot-eco-50000-puffs\/"]}]},{"@type":"BreadcrumbList","@id":"https:\/\/vapehosale.com\/product\/fumot-eco-50000-puffs\/#breadcrumb","itemListElement":[{"@type":"ListItem","position":1,"name":"Home","item":"https:\/\/vapehosale.com\/"},{"@type":"ListItem","position":2,"name":"Best Sell Vapes","item":"https:\/\/vapehosale.com\/vape-shop\/"},{"@type":"ListItem","position":3,"name":"Fumot Eco 50000 Puffs 2in1 Disposable Vape"}]},{"@type":"WebSite","@id":"https:\/\/vapehosale.com\/#website","url":"https:\/\/vapehosale.com\/","name":"Vape Wholesale","description":"Buy Vape Wholesale Price Near you","potentialAction":[{"@type":"SearchAction","target":{"@type":"EntryPoint","urlTemplate":"https:\/\/vapehosale.com\/?s={search_term_string}"},"query-input":"required name=search_term_string"}],"inLanguage":"sk-SK"}]}},"uagb_featured_image_src":{"full":["https:\/\/vapehosale.com\/wp-content\/uploads\/2025\/12\/Fumot-Disposable-Vape-50k-Puffs.webp",1000,1000,false],"thumbnail":["https:\/\/vapehosale.com\/wp-content\/uploads\/2025\/12\/Fumot-Disposable-Vape-50k-Puffs-150x150.webp",150,150,true],"medium":["https:\/\/vapehosale.com\/wp-content\/uploads\/2025\/12\/Fumot-Disposable-Vape-50k-Puffs-300x300.webp",300,300,true],"medium_large":["https:\/\/vapehosale.com\/wp-content\/uploads\/2025\/12\/Fumot-Disposable-Vape-50k-Puffs-768x768.webp",768,768,true],"large":["https:\/\/vapehosale.com\/wp-content\/uploads\/2025\/12\/Fumot-Disposable-Vape-50k-Puffs.webp",1000,1000,false],"1536x1536":["https:\/\/vapehosale.com\/wp-content\/uploads\/2025\/12\/Fumot-Disposable-Vape-50k-Puffs.webp",1000,1000,false],"2048x2048":["https:\/\/vapehosale.com\/wp-content\/uploads\/2025\/12\/Fumot-Disposable-Vape-50k-Puffs.webp",1000,1000,false],"trp-custom-language-flag":["https:\/\/vapehosale.com\/wp-content\/uploads\/2025\/12\/Fumot-Disposable-Vape-50k-Puffs-12x12.webp",12,12,true],"woocommerce_thumbnail":["https:\/\/vapehosale.com\/wp-content\/uploads\/2025\/12\/Fumot-Disposable-Vape-50k-Puffs-300x300.webp",300,300,true],"woocommerce_single":["https:\/\/vapehosale.com\/wp-content\/uploads\/2025\/12\/Fumot-Disposable-Vape-50k-Puffs-600x600.webp",600,600,true],"woocommerce_gallery_thumbnail":["https:\/\/vapehosale.com\/wp-content\/uploads\/2025\/12\/Fumot-Disposable-Vape-50k-Puffs-100x100.webp",100,100,true],"wcpr-photo-reviews":["https:\/\/vapehosale.com\/wp-content\/uploads\/2025\/12\/Fumot-Disposable-Vape-50k-Puffs.webp",500,500,false]},"uagb_author_info":{"display_name":"Vicky hosale","author_link":"https:\/\/vapehosale.com\/sk\/author\/"},"uagb_comment_info":0,"uagb_excerpt":"Fumot eco 50000 puffs 2in1 disposable vape delivers two selectable 10+10ml flavors, 2% or 5% nicotine, 950mah battery, type-c fast charging, 0.9\u03a9 mesh coil and a smart display. with iridescent finish and verified puff-count longevity, it simplifies shelf rotation for retailers. (website price not include shipping cost) contact me for min order only 50 pcs!&hellip;","_links":{"self":[{"href":"https:\/\/vapehosale.com\/sk\/wp-json\/wp\/v2\/product\/6203","targetHints":{"allow":["GET"]}}],"collection":[{"href":"https:\/\/vapehosale.com\/sk\/wp-json\/wp\/v2\/product"}],"about":[{"href":"https:\/\/vapehosale.com\/sk\/wp-json\/wp\/v2\/types\/product"}],"replies":[{"embeddable":true,"href":"https:\/\/vapehosale.com\/sk\/wp-json\/wp\/v2\/comments?post=6203"}],"wp:featuredmedia":[{"embeddable":true,"href":"https:\/\/vapehosale.com\/sk\/wp-json\/wp\/v2\/media\/6190"}],"wp:attachment":[{"href":"https:\/\/vapehosale.com\/sk\/wp-json\/wp\/v2\/media?parent=6203"}],"wp:term":[{"taxonomy":"product_cat","embeddable":true,"href":"https:\/\/vapehosale.com\/sk\/wp-json\/wp\/v2\/product_cat?post=6203"},{"taxonomy":"product_tag","embeddable":true,"href":"https:\/\/vapehosale.com\/sk\/wp-json\/wp\/v2\/product_tag?post=6203"}],"curies":[{"name":"wp","href":"https:\/\/api.w.org\/{rel}","templated":true}]}}