{"id":6138,"date":"2025-12-25T08:46:06","date_gmt":"2025-12-25T08:46:06","guid":{"rendered":"https:\/\/vapehosale.com\/?post_type=product&#038;p=6138"},"modified":"2025-12-25T08:56:45","modified_gmt":"2025-12-25T08:56:45","slug":"humo-case-30k-puffs-disposable-vape","status":"publish","type":"product","link":"https:\/\/vapehosale.com\/sk\/product\/humo-case-30k-puffs-disposable-vape\/","title":{"rendered":"Humo Case 30k Puffs Jednorazov\u00e1 vaporiz\u00e9r"},"content":{"rendered":"<h2 style=\"text-align: center\">Ve\u013ekoobchod Humo telef\u00f3nny kryt 30k Puffs Jednorazov\u00e1 vaporiz\u00e9r<\/h2>\n<p>Humo case 30k puffs je elegantn\u00fd jednorazov\u00fd vaporiz\u00e9r v \u0161t\u00fdle iPhone pr\u00edvesku, ktor\u00fd poskytuje a\u017e 30 000 potiahnut\u00ed na jednotku. Navrhnut\u00fd tak, aby sl\u00fa\u017eil aj ako ochrann\u00fd kryt a kompaktn\u00fd vaporiz\u00e9r, obsahuje 20ml e tekutiny a 1.2\u03a9 sie\u0165ov\u00fa cievku pre stabiln\u00e9 dod\u00e1vanie chuti. Bat\u00e9ria s kapacitou 700mAh poh\u00e1\u0148a zariadenie, zatia\u013e \u010do inteligentn\u00fd displej a LED obrazovka ukazuj\u00fa percento bat\u00e9rie a tekutiny v re\u00e1lnom \u010dase. Dostupn\u00fd v nikot\u00ednov\u00fdch sil\u00e1ch 2% a 5%, tento tvar je ur\u010den\u00fd pou\u017e\u00edvate\u013eom, ktor\u00ed po\u017eaduj\u00fa merate\u013en\u00fa v\u00fddr\u017e a diskr\u00e9tnu nosite\u013enos\u0165 v vrecku.<\/p>\n<h3 data-start=\"1185\" data-end=\"1205\">Humo telef\u00f3nny kryt 30k Puffs K\u013e\u00fa\u010dov\u00e9 vlastnosti:<\/h3>\n<p>Zna\u010dka: HUMO<br \/>\nCievka: 1.2\u03a9 sie\u0165ov\u00e1 cievka<br \/>\n700mAh bat\u00e9ria<br \/>\nDisplej: Inteligentn\u00fd displej<br \/>\nNikot\u00edn: 2% a 5%<br \/>\n20ml tekutiny<br \/>\nModel iPhone pr\u00edvesku jednorazov\u00fd vaporiz\u00e9r<\/p>\n<h3 data-start=\"1185\" data-end=\"1205\">Typ Humo Case 30k Puffs:<\/h3>\n<p>1. iPHONE 14\/14 Pro\/15 PRO (ve\u013ekos\u0165 iPhone 12 &amp; 12 Pro)<br \/>\n2. iPHONE E 15 (ve\u013ekos\u0165 iPhone 13, iPhone 12 &amp; 12 Pro, iPhone 14)<br \/>\n3. iPHONE 16 (ve\u013ekos\u0165 iPhone 13)<br \/>\n4. iPHONE 16 PRO<\/p>\n<h3><strong>Obsah balenia:<\/strong><\/h3>\n<p>1 ks<a href=\"https:\/\/vapehosale.com\/sk\/product-category\/fihp-vape\/\">\u00a0<\/a>Humo vaporiz\u00e9r telef\u00f3nny kryt 300000 potiahnut\u00ed jednorazov\u00fd vaporiz\u00e9r<\/p>\n<h3 class=\"ds-markdown-paragraph\">\u010casto kladen\u00e9 ot\u00e1zky k humo case 30k puffs<\/h3>\n<ol>\n<li data-start=\"547\" data-end=\"719\"><strong>Ko\u013eko potiahnut\u00ed skuto\u010dne poskytne jeden humo vaporiz\u00e9r telef\u00f3nny kryt 30k puffs? \ud83d\udd22<\/strong><br data-start=\"598\" data-end=\"601\" \/>hodnoten\u00e9 na 30 000 potiahnut\u00ed s 20 ml z\u00e1sobn\u00edkom a efekt\u00edvnou 1,2\u03a9 mrie\u017ekovou cievkou \u2014 navrhnut\u00e9 pre dlhodob\u00e9 pou\u017e\u00edvanie na jednom zariaden\u00ed.<\/li>\n<li data-start=\"724\" data-end=\"885\"><strong>zobrazuje p\u00fazdro na jedno pou\u017eitie humo vape 30k potiahnut\u00ed stav bat\u00e9rie a hladiny kvapaliny? \ud83d\udd0b\ud83d\udca7<\/strong><br data-start=\"768\" data-end=\"771\" \/>\u00e1no \u2014 inteligentn\u00fd displej a LED obrazovka zobrazuj\u00fa aktu\u00e1lne percento bat\u00e9rie a e-kvapaliny pre jasn\u00e9 sledovanie.<\/li>\n<li data-start=\"890\" data-end=\"1068\"><strong>ak\u00e9 koncentr\u00e1cie nikot\u00ednu s\u00fa dostupn\u00e9 v humo p\u00fazdre 30000 potiahnut\u00ed a s\u00fa jasne ozna\u010den\u00e9? \u2696\ufe0f<\/strong><br data-start=\"951\" data-end=\"954\" \/>dve presn\u00e9 mo\u017enosti: 2% (20 mg\/ml) a 5% (50 mg\/ml) nikot\u00ednov\u00e9 soli, ozna\u010den\u00e9 pre jednoduch\u00fd v\u00fdber kupuj\u00faceho.<\/li>\n<li data-start=\"1073\" data-end=\"1266\"><strong>je p\u00fazdro humo dob\u00edjate\u013en\u00e9 a kompatibiln\u00e9 s telef\u00f3nom? \ud83d\udd0c\ud83d\udcf1<\/strong><br data-start=\"1129\" data-end=\"1132\" \/>za\u0159\u00edzen\u00ed pou\u017e\u00edv\u00e1 zabudovan\u00fa bat\u00e9riu 700mAh s mo\u017enos\u0165ou dob\u00edjania cez typ-c a je vhodn\u00e9 ako puzdro na iPhone pre nen\u00e1padn\u00e9 ka\u017edodenn\u00e9 nosenie.<\/li>\n<li data-start=\"1271\" data-end=\"1457\"><strong>ak\u00e9 vlastnosti cievky a pary by som mal o\u010dak\u00e1va\u0165 od Humo p\u00fazdra na telef\u00f3n 30000 potiahnut\u00ed? \ud83d\udd27<\/strong><br data-start=\"1326\" data-end=\"1329\" \/>mrie\u017ekov\u00e1 cievka 1,2\u03a9 poskytuje plynul\u00fd pr\u00fad vzduchu a konzistentn\u00fa chu\u0165 pri strednom v\u00fdkone, optimalizovan\u00e1 pre kapacitu e-kvapaliny 20 ml.<\/li>\n<\/ol>\n<h3>Kontakt pre ve\u013ekoobchodn\u00edkov<\/h3>\n<p>Origin\u00e1lny ve\u013ekoobchod Whatsapp:<a href=\"https:\/\/wa.me\/8618077105750\">+8618077105750<\/a><\/p>\n<p>Ve\u013ekoobchodn\u00edci a predajcovia s\u00fa v\u00edtan\u00ed na prisp\u00f4sobenie objedn\u00e1vok<br \/>\nPoskytujeme najkvalitnej\u0161ie produkty a najprofesion\u00e1lnej\u0161ie slu\u017eby.<\/p>\n<p><img decoding=\"async\" class=\"alignnone size-full wp-image-2638\" src=\"https:\/\/vapehosale.com\/wp-content\/uploads\/2023\/09\/885301ea6f5e0b91f5ab2b1c85e665c.png\" alt=\"RandM Tov\u00e1re\u0148\" width=\"670\" height=\"658\" srcset=\"https:\/\/vapehosale.com\/wp-content\/uploads\/2023\/09\/885301ea6f5e0b91f5ab2b1c85e665c.png 670w, https:\/\/vapehosale.com\/wp-content\/uploads\/2023\/09\/885301ea6f5e0b91f5ab2b1c85e665c-300x295.png 300w, https:\/\/vapehosale.com\/wp-content\/uploads\/2023\/09\/885301ea6f5e0b91f5ab2b1c85e665c-600x589.png 600w\" sizes=\"(max-width: 670px) 100vw, 670px\" \/><\/p>\n<p>Kontakt pre katal\u00f3g produktov:<a href=\"https:\/\/wa.me\/8618077105750\">nakupova\u0165 teraz<\/a><br \/>\nIn\u00fd top v\u00fdpredaj vape, ktor\u00fd mo\u017eno budete potrebova\u0165<\/p>\n<p><a href=\"https:\/\/wa.me\/8618077105750\">najlep\u0161ia ve\u013ekoobchodn\u00e1 cena za jednorazov\u00e9 vape<span class=\"x19la9d6 x1fc57z9 x6ikm8r x10wlt62 x19co3pv x1g5zs5t xfibh0p xiy17q3 x1xsqp64 x1lkfr7t xexx8yu xyri2b x18d9i69 x1c1uobl\"><span class=\"xrtxmta x1bhl96m\">\ud83d\udc48<\/span><\/span><\/a><br \/>\n<a href=\"https:\/\/vapehosale.com\/sk\/product-category\/wholesale-100k-puffs-disposable-vape\/\">Viac vape s 100k potiahnutiami, najpred\u00e1vanej\u0161ie v Eur\u00f3pe, z\u00edskajte ve\u013ekoobchodn\u00fa cenu tu<\/a><\/p>\n<p>In\u00e9 zna\u010dky vaporiz\u00e9rov, ktor\u00e9 m\u00f4\u017eete potrebova\u0165:<a href=\"https:\/\/vapehosale.com\/sk\/product-tag\/elfbar-vape\/\">Ve\u013ekoobchod ELFBAR Vaoe<\/a>\/<a href=\"https:\/\/vapehosale.com\/sk\/product-category\/vozol-vape\/\">Vozol Vape<\/a>\/<a href=\"https:\/\/vapehosale.com\/sk\/product-category\/bang-vape-kit\/\">Bang Vape Ve\u013ekoobchod<\/a>\/<a href=\"https:\/\/vapehosale.com\/sk\/product-category\/vapme-vape\/\">Vapme Vape<\/a><\/p>\n<h4>Detaily dopravy:<\/h4>\n<p>1. Doba v\u00fdroby: do 5 pracovn\u00fdch dn\u00ed od prijatia platby<\/p>\n<p>2. Doba doru\u010denia: 10-14 dn\u00ed \uff08V pr\u00edpade sviatkov a colnej kontroly m\u00f4\u017ee d\u00f4js\u0165 k oneskoreniu doru\u010denia.\uff09<\/p>\n<h4>Detaily platby:<\/h4>\n<p>V\u0161etky produkty v na\u0161om obchode s\u00fa 100% origin\u00e1lne a autentick\u00e9, tak\u017ee desa\u0165n\u00e1sobn\u00e1 kompenz\u00e1cia za falo\u0161n\u00fd tovar je na\u0161ou obchodnou politikou.<\/p>\n<h5><span style=\"color: #ff0000\">Minim\u00e1lna objedn\u00e1vka 50ks<\/span><\/h5>","protected":false},"excerpt":{"rendered":"<p>Humo Case 30k Puffs: humo case 30k puffs kombinuje pohodlie iPhone pr\u00edvesku s kapacitou 30000 potiahnut\u00ed, 20ml e tekutiny, 1.2\u03a9 sie\u0165ov\u00e1 cievka, 700mAh bat\u00e9ria a inteligentn\u00fd displej \u2014 nab\u00edjate\u013en\u00fd, diskr\u00e9tny a navrhnut\u00fd pre trv\u00e1cny, merate\u013en\u00fd v\u00fdkon.<br \/>\n<span style=\"color: #ff0000\">(cena na webovej str\u00e1nke nezah\u0155\u0148a n\u00e1klady na dopravu)<\/span><\/p>\n<p><span style=\"color: #ff0000\">Kontaktujte ma pre minim\u00e1lnu objedn\u00e1vku iba 50 ks! Kontaktujte ma a z\u00edskajte z\u013eavu e\u0161te dnes!<\/span><\/p>\n<p><img decoding=\"async\" class=\"alignnone size-medium wp-image-2638\" src=\"https:\/\/vapehosale.com\/wp-content\/uploads\/2023\/09\/885301ea6f5e0b91f5ab2b1c85e665c-300x295.png\" alt=\"RandM Tov\u00e1re\u0148\" width=\"300\" height=\"295\" srcset=\"https:\/\/vapehosale.com\/wp-content\/uploads\/2023\/09\/885301ea6f5e0b91f5ab2b1c85e665c-300x295.png 300w, https:\/\/vapehosale.com\/wp-content\/uploads\/2023\/09\/885301ea6f5e0b91f5ab2b1c85e665c-600x589.png 600w, https:\/\/vapehosale.com\/wp-content\/uploads\/2023\/09\/885301ea6f5e0b91f5ab2b1c85e665c.png 670w\" sizes=\"(max-width: 300px) 100vw, 300px\" \/><\/p>\n<p>&nbsp;<\/p>","protected":false},"featured_media":6137,"comment_status":"open","ping_status":"closed","template":"","meta":{"_uag_custom_page_level_css":"","_lmt_disableupdate":"no","_lmt_disable":"","site-sidebar-layout":"default","site-content-layout":"","ast-site-content-layout":"default","site-content-style":"default","site-sidebar-style":"default","ast-global-header-display":"","ast-banner-title-visibility":"","ast-main-header-display":"","ast-hfb-above-header-display":"","ast-hfb-below-header-display":"","ast-hfb-mobile-header-display":"","site-post-title":"","ast-breadcrumbs-content":"","ast-featured-img":"","footer-sml-layout":"","theme-transparent-header-meta":"default","adv-header-id-meta":"","stick-header-meta":"","header-above-stick-meta":"","header-main-stick-meta":"","header-below-stick-meta":"","astra-migrate-meta-layouts":"set","_joinchat":[]},"product_cat":[41,55,87,15],"product_tag":[76,35],"class_list":["post-6138","product","type-product","status-publish","has-post-thumbnail","hentry","product_cat-europe-hot-sale-vape","product_cat-minimum-order-quantity-50pcs","product_cat-puff-30k-disposable-vape","product_cat-vape-shop-wholesale","product_tag-airflow-control-vape","product_tag-rechargeable-disposable-device","desktop-align-left","tablet-align-left","mobile-align-left"],"yoast_head":"<!-- This site is optimized with the Yoast SEO plugin v21.1 - https:\/\/yoast.com\/wordpress\/plugins\/seo\/ -->\n<title>Humo Case 30k Puffs Disposable Vape - Vape Wholesale<\/title>\n<meta name=\"description\" content=\"Wholesale humo case 30k puffs \u2014 iphone-case disposable, 30,000 puffs, 20ml, 700mah smart display. shop lasting convenience.\" \/>\n<meta name=\"robots\" content=\"index, follow, max-snippet:-1, max-image-preview:large, max-video-preview:-1\" \/>\n<link rel=\"canonical\" href=\"https:\/\/vapehosale.com\/sk\/product\/humo-case-30k-puffs-disposable-vape\/\" \/>\n<meta property=\"og:locale\" content=\"sk_SK\" \/>\n<meta property=\"og:type\" content=\"article\" \/>\n<meta property=\"og:title\" content=\"Humo Case 30k Puffs Disposable Vape - Vape Wholesale\" \/>\n<meta property=\"og:description\" content=\"Wholesale humo case 30k puffs \u2014 iphone-case disposable, 30,000 puffs, 20ml, 700mah smart display. shop lasting convenience.\" \/>\n<meta property=\"og:url\" content=\"https:\/\/vapehosale.com\/sk\/product\/humo-case-30k-puffs-disposable-vape\/\" \/>\n<meta property=\"og:site_name\" content=\"Vape Wholesale\" \/>\n<meta property=\"article:modified_time\" content=\"2025-12-25T08:56:45+00:00\" \/>\n<meta property=\"og:image\" content=\"https:\/\/vapehosale.com\/wp-content\/uploads\/2025\/12\/Humo-Case-30000-Puffs-Suppliers-Factory.webp\" \/>\n\t<meta property=\"og:image:width\" content=\"1000\" \/>\n\t<meta property=\"og:image:height\" content=\"1266\" \/>\n\t<meta property=\"og:image:type\" content=\"image\/webp\" \/>\n<meta name=\"twitter:card\" content=\"summary_large_image\" \/>\n<meta name=\"twitter:label1\" content=\"Predpokladan\u00fd \u010das \u010d\u00edtania\" \/>\n\t<meta name=\"twitter:data1\" content=\"3 min\u00faty\" \/>\n<script type=\"application\/ld+json\" class=\"yoast-schema-graph\">{\"@context\":\"https:\/\/schema.org\",\"@graph\":[{\"@type\":\"WebPage\",\"@id\":\"https:\/\/vapehosale.com\/product\/humo-case-30k-puffs-disposable-vape\/\",\"url\":\"https:\/\/vapehosale.com\/product\/humo-case-30k-puffs-disposable-vape\/\",\"name\":\"Humo Case 30k Puffs Disposable Vape - Vape Wholesale\",\"isPartOf\":{\"@id\":\"https:\/\/vapehosale.com\/#website\"},\"datePublished\":\"2025-12-25T08:46:06+00:00\",\"dateModified\":\"2025-12-25T08:56:45+00:00\",\"description\":\"Wholesale humo case 30k puffs \u2014 iphone-case disposable, 30,000 puffs, 20ml, 700mah smart display. shop lasting convenience.\",\"breadcrumb\":{\"@id\":\"https:\/\/vapehosale.com\/product\/humo-case-30k-puffs-disposable-vape\/#breadcrumb\"},\"inLanguage\":\"sk-SK\",\"potentialAction\":[{\"@type\":\"ReadAction\",\"target\":[\"https:\/\/vapehosale.com\/product\/humo-case-30k-puffs-disposable-vape\/\"]}]},{\"@type\":\"BreadcrumbList\",\"@id\":\"https:\/\/vapehosale.com\/product\/humo-case-30k-puffs-disposable-vape\/#breadcrumb\",\"itemListElement\":[{\"@type\":\"ListItem\",\"position\":1,\"name\":\"Home\",\"item\":\"https:\/\/vapehosale.com\/\"},{\"@type\":\"ListItem\",\"position\":2,\"name\":\"Best Sell Vapes\",\"item\":\"https:\/\/vapehosale.com\/vape-shop\/\"},{\"@type\":\"ListItem\",\"position\":3,\"name\":\"Humo Case 30k Puffs Disposable Vape\"}]},{\"@type\":\"WebSite\",\"@id\":\"https:\/\/vapehosale.com\/#website\",\"url\":\"https:\/\/vapehosale.com\/\",\"name\":\"Vape Wholesale\",\"description\":\"Buy Vape Wholesale Price Near you\",\"potentialAction\":[{\"@type\":\"SearchAction\",\"target\":{\"@type\":\"EntryPoint\",\"urlTemplate\":\"https:\/\/vapehosale.com\/?s={search_term_string}\"},\"query-input\":\"required name=search_term_string\"}],\"inLanguage\":\"sk-SK\"}]}<\/script>\n<!-- \/ Yoast SEO plugin. -->","yoast_head_json":{"title":"Humo Case 30k Puffs Disposable Vape - Vape Wholesale","description":"Wholesale humo case 30k puffs \u2014 iphone-case disposable, 30,000 puffs, 20ml, 700mah smart display. shop lasting convenience.","robots":{"index":"index","follow":"follow","max-snippet":"max-snippet:-1","max-image-preview":"max-image-preview:large","max-video-preview":"max-video-preview:-1"},"canonical":"https:\/\/vapehosale.com\/sk\/product\/humo-case-30k-puffs-disposable-vape\/","og_locale":"sk_SK","og_type":"article","og_title":"Humo Case 30k Puffs Disposable Vape - Vape Wholesale","og_description":"Wholesale humo case 30k puffs \u2014 iphone-case disposable, 30,000 puffs, 20ml, 700mah smart display. shop lasting convenience.","og_url":"https:\/\/vapehosale.com\/sk\/product\/humo-case-30k-puffs-disposable-vape\/","og_site_name":"Vape Wholesale","article_modified_time":"2025-12-25T08:56:45+00:00","og_image":[{"width":1000,"height":1266,"url":"https:\/\/vapehosale.com\/wp-content\/uploads\/2025\/12\/Humo-Case-30000-Puffs-Suppliers-Factory.webp","type":"image\/webp"}],"twitter_card":"summary_large_image","twitter_misc":{"Predpokladan\u00fd \u010das \u010d\u00edtania":"3 min\u00faty"},"schema":{"@context":"https:\/\/schema.org","@graph":[{"@type":"WebPage","@id":"https:\/\/vapehosale.com\/product\/humo-case-30k-puffs-disposable-vape\/","url":"https:\/\/vapehosale.com\/product\/humo-case-30k-puffs-disposable-vape\/","name":"Humo Case 30k Puffs Disposable Vape - Vape Wholesale","isPartOf":{"@id":"https:\/\/vapehosale.com\/#website"},"datePublished":"2025-12-25T08:46:06+00:00","dateModified":"2025-12-25T08:56:45+00:00","description":"Wholesale humo case 30k puffs \u2014 iphone-case disposable, 30,000 puffs, 20ml, 700mah smart display. shop lasting convenience.","breadcrumb":{"@id":"https:\/\/vapehosale.com\/product\/humo-case-30k-puffs-disposable-vape\/#breadcrumb"},"inLanguage":"sk-SK","potentialAction":[{"@type":"ReadAction","target":["https:\/\/vapehosale.com\/product\/humo-case-30k-puffs-disposable-vape\/"]}]},{"@type":"BreadcrumbList","@id":"https:\/\/vapehosale.com\/product\/humo-case-30k-puffs-disposable-vape\/#breadcrumb","itemListElement":[{"@type":"ListItem","position":1,"name":"Home","item":"https:\/\/vapehosale.com\/"},{"@type":"ListItem","position":2,"name":"Best Sell Vapes","item":"https:\/\/vapehosale.com\/vape-shop\/"},{"@type":"ListItem","position":3,"name":"Humo Case 30k Puffs Disposable Vape"}]},{"@type":"WebSite","@id":"https:\/\/vapehosale.com\/#website","url":"https:\/\/vapehosale.com\/","name":"Vape Wholesale","description":"Buy Vape Wholesale Price Near you","potentialAction":[{"@type":"SearchAction","target":{"@type":"EntryPoint","urlTemplate":"https:\/\/vapehosale.com\/?s={search_term_string}"},"query-input":"required name=search_term_string"}],"inLanguage":"sk-SK"}]}},"uagb_featured_image_src":{"full":["https:\/\/vapehosale.com\/wp-content\/uploads\/2025\/12\/Humo-Case-30000-Puffs-Suppliers-Factory.webp",1000,1266,false],"thumbnail":["https:\/\/vapehosale.com\/wp-content\/uploads\/2025\/12\/Humo-Case-30000-Puffs-Suppliers-Factory-150x150.webp",150,150,true],"medium":["https:\/\/vapehosale.com\/wp-content\/uploads\/2025\/12\/Humo-Case-30000-Puffs-Suppliers-Factory-237x300.webp",237,300,true],"medium_large":["https:\/\/vapehosale.com\/wp-content\/uploads\/2025\/12\/Humo-Case-30000-Puffs-Suppliers-Factory-768x972.webp",768,972,true],"large":["https:\/\/vapehosale.com\/wp-content\/uploads\/2025\/12\/Humo-Case-30000-Puffs-Suppliers-Factory-809x1024.webp",809,1024,true],"1536x1536":["https:\/\/vapehosale.com\/wp-content\/uploads\/2025\/12\/Humo-Case-30000-Puffs-Suppliers-Factory.webp",1000,1266,false],"2048x2048":["https:\/\/vapehosale.com\/wp-content\/uploads\/2025\/12\/Humo-Case-30000-Puffs-Suppliers-Factory.webp",1000,1266,false],"trp-custom-language-flag":["https:\/\/vapehosale.com\/wp-content\/uploads\/2025\/12\/Humo-Case-30000-Puffs-Suppliers-Factory-9x12.webp",9,12,true],"woocommerce_thumbnail":["https:\/\/vapehosale.com\/wp-content\/uploads\/2025\/12\/Humo-Case-30000-Puffs-Suppliers-Factory-300x300.webp",300,300,true],"woocommerce_single":["https:\/\/vapehosale.com\/wp-content\/uploads\/2025\/12\/Humo-Case-30000-Puffs-Suppliers-Factory-600x760.webp",600,760,true],"woocommerce_gallery_thumbnail":["https:\/\/vapehosale.com\/wp-content\/uploads\/2025\/12\/Humo-Case-30000-Puffs-Suppliers-Factory-100x100.webp",100,100,true],"wcpr-photo-reviews":["https:\/\/vapehosale.com\/wp-content\/uploads\/2025\/12\/Humo-Case-30000-Puffs-Suppliers-Factory.webp",395,500,false]},"uagb_author_info":{"display_name":"Vicky hosale","author_link":"https:\/\/vapehosale.com\/sk\/author\/"},"uagb_comment_info":0,"uagb_excerpt":"Humo Case 30k Puffs: humo case 30k puffs combines iphone-case convenience with 30000-puff capacity, 20ml e-liquid, 1.2\u03a9 mesh coil, 700mah battery and a smart display \u2014 rechargeable, discreet, and built for lasting, measurable performance. (website price not include shipping cost) contact me for min order only 50 pcs! Contact me get disccount today! &nbsp;","_links":{"self":[{"href":"https:\/\/vapehosale.com\/sk\/wp-json\/wp\/v2\/product\/6138","targetHints":{"allow":["GET"]}}],"collection":[{"href":"https:\/\/vapehosale.com\/sk\/wp-json\/wp\/v2\/product"}],"about":[{"href":"https:\/\/vapehosale.com\/sk\/wp-json\/wp\/v2\/types\/product"}],"replies":[{"embeddable":true,"href":"https:\/\/vapehosale.com\/sk\/wp-json\/wp\/v2\/comments?post=6138"}],"wp:featuredmedia":[{"embeddable":true,"href":"https:\/\/vapehosale.com\/sk\/wp-json\/wp\/v2\/media\/6137"}],"wp:attachment":[{"href":"https:\/\/vapehosale.com\/sk\/wp-json\/wp\/v2\/media?parent=6138"}],"wp:term":[{"taxonomy":"product_cat","embeddable":true,"href":"https:\/\/vapehosale.com\/sk\/wp-json\/wp\/v2\/product_cat?post=6138"},{"taxonomy":"product_tag","embeddable":true,"href":"https:\/\/vapehosale.com\/sk\/wp-json\/wp\/v2\/product_tag?post=6138"}],"curies":[{"name":"wp","href":"https:\/\/api.w.org\/{rel}","templated":true}]}}