{"id":1490,"date":"2023-09-21T02:02:20","date_gmt":"2023-09-21T02:02:20","guid":{"rendered":"https:\/\/vapehosale.com\/?post_type=product&#038;p=1490"},"modified":"2025-11-28T09:11:35","modified_gmt":"2025-11-28T09:11:35","slug":"fumot-digital-box-12000-puffs","status":"publish","type":"product","link":"https:\/\/vapehosale.com\/sk\/product\/fumot-digital-box-12000-puffs\/","title":{"rendered":"Ve\u013ekoobchodn\u00e1 RandM Fumot Digital Box 12000 \u0164ahov Vape"},"content":{"rendered":"<h1 style=\"text-align: center\">Ve\u013ekoobchod Fumot Digital Box 12000 Pufov Dob\u00edjate\u013en\u00e1 Vape<\/h1>\n<p>Zariadenie Fumot Digital Box 12000 Puffs s v\u00fdnimo\u010dnou \u017eivotnos\u0165ou dod\u00e1va potvrden\u00fdch 12 000 po\u0165ahov v\u010faka svojej zna\u010dnej 20 ml predplnenej kapacite e-liquidu a 850 mAh integrovanej bat\u00e9rii, \u010do v\u00fdrazne zni\u017euje potrebu neust\u00e1leho nab\u00edjania alebo dop\u013a\u0148ania. Pokro\u010dil\u00e1 Mesh Coil zais\u0165uje efekt\u00edvnu vaporiz\u00e1ciu e-liquidu pre bohat\u0161iu chu\u0165 a hustej\u0161ie oblaky. Sledujte svoje pou\u017e\u00edvanie preh\u013eadne v\u010faka integrovan\u00e9mu digit\u00e1lnemu boxov\u00e9mu displeju, ktor\u00fd zobrazuje \u017eivotnos\u0165 bat\u00e9rie a hladinu e-liquidu. Vyberte si preferovan\u00fa silu nikot\u00ednu: 2% (20 mg\/ml) alebo 5% (50 mg\/ml). K dispoz\u00edcii je 52 odli\u0161n\u00fdch pr\u00edchut\u00ed fumot 12000 puffs. Objavte svojho dokonal\u00e9ho spolo\u010dn\u00edka na celodenn\u00e9 vapovanie, navrhnut\u00e9ho pre dlhotrvaj\u00faci v\u00fdkon.<\/p>\n<p><img decoding=\"async\" class=\"alignnone size-full wp-image-1498\" src=\"https:\/\/vapehosale.com\/wp-content\/uploads\/2023\/09\/Fumot-Digital-Box-12000-puffs-Disposable-Vape-Wholesale.jpg\" alt=\"Fumot digit\u00e1lny box 12000 \u0165ahov jednorazov\u00fd vape ve\u013ekoobchod\" width=\"842\" height=\"540\" srcset=\"https:\/\/vapehosale.com\/wp-content\/uploads\/2023\/09\/Fumot-Digital-Box-12000-puffs-Disposable-Vape-Wholesale.jpg 842w, https:\/\/vapehosale.com\/wp-content\/uploads\/2023\/09\/Fumot-Digital-Box-12000-puffs-Disposable-Vape-Wholesale-300x192.jpg 300w, https:\/\/vapehosale.com\/wp-content\/uploads\/2023\/09\/Fumot-Digital-Box-12000-puffs-Disposable-Vape-Wholesale-768x493.jpg 768w, https:\/\/vapehosale.com\/wp-content\/uploads\/2023\/09\/Fumot-Digital-Box-12000-puffs-Disposable-Vape-Wholesale-600x385.jpg 600w\" sizes=\"(max-width: 842px) 100vw, 842px\" \/><\/p>\n<h3>Kde si m\u00f4\u017eem k\u00fapi\u0165 fumot 12000 puffs za ve\u013ekoobchodn\u00fa cenu (cena za hromadn\u00fd n\u00e1kup)?<\/h3>\n<h4>Cena Fumot 12000: 18\u20ac-20\u20ac<\/h4>\n<p><a href=\"https:\/\/wa.me\/8618077105750\">Pre viac inform\u00e1ci\u00ed kontaktujte mana\u017e\u00e9ra predaja vicky, mana\u017e\u00e9r predaja v\u00e1m pom\u00f4\u017ee vyrie\u0161i\u0165 v\u0161etky probl\u00e9my s va\u0161ou objedn\u00e1vkou.<\/a><br \/>\n<img decoding=\"async\" class=\"alignnone size-medium wp-image-5650\" src=\"https:\/\/vapehosale.com\/wp-content\/uploads\/2025\/10\/8a420713276bf7cf308193b71e051aa3-300x274.jpg\" alt=\"Vicky\" width=\"300\" height=\"274\" srcset=\"https:\/\/vapehosale.com\/wp-content\/uploads\/2025\/10\/8a420713276bf7cf308193b71e051aa3-300x274.jpg 300w, https:\/\/vapehosale.com\/wp-content\/uploads\/2025\/10\/8a420713276bf7cf308193b71e051aa3-1024x937.jpg 1024w, https:\/\/vapehosale.com\/wp-content\/uploads\/2025\/10\/8a420713276bf7cf308193b71e051aa3-768x703.jpg 768w, https:\/\/vapehosale.com\/wp-content\/uploads\/2025\/10\/8a420713276bf7cf308193b71e051aa3-13x12.jpg 13w, https:\/\/vapehosale.com\/wp-content\/uploads\/2025\/10\/8a420713276bf7cf308193b71e051aa3-600x549.jpg 600w, https:\/\/vapehosale.com\/wp-content\/uploads\/2025\/10\/8a420713276bf7cf308193b71e051aa3.jpg 1080w\" sizes=\"(max-width: 300px) 100vw, 300px\" \/><\/p>\n<h2>Fumot Digital Box 12000 Vlastnosti:<\/h2>\n<p>Zna\u010dka: Fumot RandM<br \/>\nNikot\u00edn: 2% 5%<br \/>\nPo\u0165ahy: 12000<br \/>\nKapacita: 20 ml<br \/>\n52 pr\u00edchut\u00ed k dispoz\u00edcii<br \/>\n850mAh nab\u00edjate\u013en\u00e1 bat\u00e9ria<br \/>\nSie\u0165ov\u00e1 cievka<br \/>\ndigit\u00e1lny box displej<br \/>\nhmotnos\u0165:90g\/ks<br \/>\n200 ks v kart\u00f3ne<\/p>\n<h2>Zoznam pr\u00edchut\u00ed RandM Fumot 12000 Pufov:<\/h2>\n<p>1 Chladiv\u00e1 M\u00e4ta<br \/>\n2 Vodn\u00fd mel\u00f3n s \u013eadom<br \/>\n3 Hrozno s \u013eadom<br \/>\n4 \u010cu\u010doriedka Malina<br \/>\n5 Jahoda Vodn\u00fd mel\u00f3n<br \/>\n6 Jahoda Ban\u00e1n<br \/>\n7 Svie\u017ei \u013ead<br \/>\n8 \u010cere\u0161\u0148a<br \/>\n9 Jahoda s \u013eadom<br \/>\n10 \u013dadov\u00fd nanuk<br \/>\n11 Ru\u017eov\u00e1 limon\u00e1da<br \/>\n12 Mango s \u013eadom<br \/>\n13 Zmie\u0161an\u00e9 bobu\u013eov\u00e9 ovocie<br \/>\n14 Jahodov\u00e1 \u0161i\u0161ka<br \/>\n15 Jahoda Hrozno<br \/>\n16 \u010cere\u0161\u0148ov\u00e1 Cola<br \/>\n17 Dr. Blue<br \/>\n18 \u010cu\u010doriedka s \u013eadom<br \/>\n19 Kiwi Marakuja Guava<br \/>\n20 Jahoda Kiwi<br \/>\n21 Brosky\u0148a Mango<br \/>\n22 Brosky\u0148ov\u00e1 \u013dadov\u00e1<br \/>\n23 \u010cerven\u00e9 Jablko \u013dadov\u00e9<br \/>\n24 \u010cu\u010doriedkov\u00e1 \u017duva\u010dka<br \/>\n25 Bobu\u013eov\u00e1 Limon\u00e1da<br \/>\n26 Modr\u00e1 Razz Limon\u00e1da<br \/>\n27 Modr\u00e1 Kysl\u00e1 Malina<br \/>\n28 Jahodov\u00fd Red Bull<br \/>\n29 Jablko-lesn\u00e1 zmes<br \/>\n30 Mel\u00f3nov\u00e1 \u017euva\u010dka<br \/>\n31 Malina-mel\u00f3n<br \/>\n32 \u010cierny \u013ead<br \/>\n33 \u010cu\u010doriedka-\u010dere\u0161\u0148a-brusnica<br \/>\n34 Jahoda-gran\u00e1tov\u00e9 jablko<br \/>\n35 Vimto<br \/>\n36 \u010cere\u0161\u0148a-lesn\u00e1 zmes<br \/>\n37 Citr\u00f3n<br \/>\n38 Bingo Crush<br \/>\n39 \u010cu\u010doriedka-kiwi<br \/>\n41 Ban\u00e1nov\u00fd \u013ead<br \/>\n42 Dra\u010die ovocie-\u013ead<br \/>\n43 Ovocn\u00e1 zmes<br \/>\n44 Hrozno-m\u00e4ta<br \/>\n45 L\u00e1ska 66<br \/>\n46 Anan\u00e1sov\u00fd \u013ead<br \/>\n47 \u013dad z \u010derven\u00e9ho energetick\u00e9ho n\u00e1poja<br \/>\n48 Dve jablk\u00e1<br \/>\n50 Kolov\u00fd \u013ead<br \/>\n51 \u013dadov\u00fd \u010daj citr\u00f3nov\u00fd \u013ead<br \/>\n52 \u013dadov\u00fd \u010daj brosky\u0148ov\u00fd \u013ead<\/p>\n<h2>\u010cast\u00e9 ot\u00e1zky o n\u00e1kupe <span class=\"___SText_anxqe-ko_\" data-ui-name=\"Link.Text\">Fumot Vape 12000 \u0161lukov, nab\u00edjate\u013en\u00e9 vapy<\/span><\/h2>\n<h4>Ako zist\u00edte, \u017ee nab\u00edjate\u013en\u00fd vap Fumot 12000 \u0161lukov je vybit\u00fd?<\/h4>\n<p>Ke\u010f sa vap Fumot 12k vybije, zvy\u010dajne to prejavuje slab\u0161\u00edm dymom, slab\u0161ou pr\u00edchu\u0165ou alebo \u017eiadnym dymom. Digit\u00e1lna s\u00faprava 12k m\u00e1 indik\u00e1tor bat\u00e9rie, ktor\u00fd v\u00e1m pom\u00f4\u017ee sledova\u0165 stav energie.<\/p>\n<h4>Kde m\u00f4\u017eem ve\u013ekoobchodne k\u00fapi\u0165 nab\u00edjate\u013en\u00e9 jednorazov\u00e9 vapy Fumot digital box 12000?<\/h4>\n<p>Fumot vape 12k digital box je mo\u017en\u00e9 zak\u00fapi\u0165 v kamenn\u00fdch obchodoch a online obchodoch, najm\u00e4 na ve\u013ekoobchodn\u00fdch platform\u00e1ch ako vapehosale.com, kde m\u00f4\u017eu pou\u017e\u00edvatelia n\u00e1js\u0165 ve\u013ek\u00e9 mno\u017estvo r\u00f4znych zna\u010diek a modelov vapov a vyu\u017e\u00edva\u0165 z\u013eavy pri hromadnom n\u00e1kupe.<\/p>\n<h4>Ko\u013eko pr\u00edchut\u00ed je k dispoz\u00edcii pre vapy Fumot Vape digital box 12000 \u0161lukov?<\/h4>\n<p>Fumot 12000 \u0161lukov m\u00e1 celkovo k dispoz\u00edcii 52+ pr\u00edchut\u00ed.<\/p>\n<h4>\u010co znamen\u00e1 RandM Vape?<\/h4>\n<p>RandM Fumot Vape znamen\u00e1 Rick a Morty Vape<\/p>\n<h4>Cena Fumot Digital box 12000 \u0161lukov?<\/h4>\n<p>maloobchodn\u00e1 cena v sklade na Slovensku je 12\u20ac-15\u20ac\/ks<\/p>\n<h4>Fumot Digital box 12000 \u0161lukov Zobrazenie balenia:<\/h4>\n<p><img decoding=\"async\" class=\"alignnone size-full wp-image-1768\" src=\"https:\/\/vapehosale.com\/wp-content\/uploads\/2023\/09\/15ce3368342a167b2c874627795f4ee.png\" alt=\"Balenie vape Fumot 12000 \u0165ahov\" width=\"565\" height=\"594\" srcset=\"https:\/\/vapehosale.com\/wp-content\/uploads\/2023\/09\/15ce3368342a167b2c874627795f4ee.png 565w, https:\/\/vapehosale.com\/wp-content\/uploads\/2023\/09\/15ce3368342a167b2c874627795f4ee-285x300.png 285w\" sizes=\"(max-width: 565px) 100vw, 565px\" \/><\/p>\n<p>&nbsp;<\/p>\n<p><a href=\"https:\/\/vapehosale.com\/sk\/product-category\/randm-fumot-vape\/\">Hor\u00faci predaj vape Fumot Vape Ve\u013ekoobchod sklady na Slovensku<\/a><br \/>\n<a href=\"https:\/\/vapehosale.com\/sk\/product-category\/12000-puffs-disposable-vape\/\">Najlep\u0161ia 12000 Pufov Jednorazov\u00e1 Vape Hor\u00faci predaj\u00a0<\/a><br \/>\nKontakt pre katal\u00f3g produktov:<a href=\"https:\/\/wa.me\/8618077105750\">nakupova\u0165 teraz<\/a><\/p>\n<h4>Detaily dopravy:<\/h4>\n<p>\u010cas v\u00fdroby: 5 pracovn\u00fdch dn\u00ed<br \/>\nDoba dodania: 8-14 pracovn\u00fdch dn\u00ed<\/p>\n<p>V\u0161etky v\u00fdrobky v na\u0161om obchode s\u00fa 100% origin\u00e1lne a autentick\u00e9, desa\u0165n\u00e1sobn\u00e1 kompenz\u00e1cia za falo\u0161n\u00fd tovar.<\/p>\n<p>Pre podrobnej\u0161iu ve\u013ekoobchodn\u00fa cenu, MOQ a SKU, kontaktujte n\u00e1\u0161ho obchodn\u00e9ho mana\u017e\u00e9ra Vicky <a href=\"https:\/\/wa.me\/8618077105750\">whatsapp:+8618077105750<\/a><\/p>\n<p><img decoding=\"async\" class=\"alignnone size-full wp-image-2638\" src=\"https:\/\/vapehosale.com\/wp-content\/uploads\/2023\/09\/885301ea6f5e0b91f5ab2b1c85e665c.png\" alt=\"RandM Tov\u00e1re\u0148\" width=\"670\" height=\"658\" srcset=\"https:\/\/vapehosale.com\/wp-content\/uploads\/2023\/09\/885301ea6f5e0b91f5ab2b1c85e665c.png 670w, https:\/\/vapehosale.com\/wp-content\/uploads\/2023\/09\/885301ea6f5e0b91f5ab2b1c85e665c-300x295.png 300w, https:\/\/vapehosale.com\/wp-content\/uploads\/2023\/09\/885301ea6f5e0b91f5ab2b1c85e665c-600x589.png 600w\" sizes=\"(max-width: 670px) 100vw, 670px\" \/><\/p>","protected":false},"excerpt":{"rendered":"<p>RandM Fumot 12000 Puffs je jednorazov\u00fd vape s displejom bat\u00e9rie a e-liquidu, v\u010faka ktor\u00e9mu \u013eahko zist\u00edte, kedy je potrebn\u00e9 zariadenie nabi\u0165. K dispoz\u00edcii je 52 pr\u00edchut\u00ed.<span style=\"color: #ff0000\">Cena na webovej str\u00e1nke nezah\u0155\u0148a n\u00e1klady na dopravu<\/span><\/p>\n<p>Vitajte, pridajte si vicky whatsapp pre ve\u013ekoobchodn\u00fd odber fumot digital box 12000 puffs, minim\u00e1lna objedn\u00e1vka je iba 50ks!<\/p>\n<p><img decoding=\"async\" class=\"alignnone size-medium wp-image-5650\" src=\"https:\/\/vapehosale.com\/wp-content\/uploads\/2025\/10\/8a420713276bf7cf308193b71e051aa3-300x274.jpg\" alt=\"Vicky\" width=\"300\" height=\"274\" srcset=\"https:\/\/vapehosale.com\/wp-content\/uploads\/2025\/10\/8a420713276bf7cf308193b71e051aa3-300x274.jpg 300w, https:\/\/vapehosale.com\/wp-content\/uploads\/2025\/10\/8a420713276bf7cf308193b71e051aa3-1024x937.jpg 1024w, https:\/\/vapehosale.com\/wp-content\/uploads\/2025\/10\/8a420713276bf7cf308193b71e051aa3-768x703.jpg 768w, https:\/\/vapehosale.com\/wp-content\/uploads\/2025\/10\/8a420713276bf7cf308193b71e051aa3-13x12.jpg 13w, https:\/\/vapehosale.com\/wp-content\/uploads\/2025\/10\/8a420713276bf7cf308193b71e051aa3-600x549.jpg 600w, https:\/\/vapehosale.com\/wp-content\/uploads\/2025\/10\/8a420713276bf7cf308193b71e051aa3.jpg 1080w\" sizes=\"(max-width: 300px) 100vw, 300px\" \/><\/p>\n<p>&nbsp;<\/p>\n<p>&nbsp;<\/p>","protected":false},"featured_media":1497,"comment_status":"open","ping_status":"closed","template":"","meta":{"_uag_custom_page_level_css":"","_lmt_disableupdate":"no","_lmt_disable":"","site-sidebar-layout":"default","site-content-layout":"","ast-site-content-layout":"default","site-content-style":"default","site-sidebar-style":"default","ast-global-header-display":"","ast-banner-title-visibility":"","ast-main-header-display":"","ast-hfb-above-header-display":"","ast-hfb-below-header-display":"","ast-hfb-mobile-header-display":"","site-post-title":"","ast-breadcrumbs-content":"","ast-featured-img":"","footer-sml-layout":"","theme-transparent-header-meta":"default","adv-header-id-meta":"","stick-header-meta":"","header-above-stick-meta":"","header-main-stick-meta":"","header-below-stick-meta":"","astra-migrate-meta-layouts":"set","_joinchat":[]},"product_cat":[15,83,41,55,89],"product_tag":[43,72,46,52,36,114,63,31,35,33,59],"class_list":["post-1490","product","type-product","status-publish","has-post-thumbnail","hentry","product_cat-vape-shop-wholesale","product_cat-12000-puffs-disposable-vape","product_cat-europe-hot-sale-vape","product_cat-minimum-order-quantity-50pcs","product_cat-randm-fumot-vape","product_tag-12000-puffs-vape-12k-vape","product_tag-2-nicotine-vape","product_tag-double-mesh-coil-vape","product_tag-fumot-12000-puffs","product_tag-fumot-digital-box-12000-puffs","product_tag-fumot-vape","product_tag-led-screen-disposable-vape","product_tag-randm-tornado-vape","product_tag-rechargeable-disposable-device","product_tag-rgb-light-disposable-vape","product_tag-smart-screen-disposable-vape","desktop-align-left","tablet-align-left","mobile-align-left"],"yoast_head":"<!-- This site is optimized with the Yoast SEO plugin v21.1 - https:\/\/yoast.com\/wordpress\/plugins\/seo\/ -->\n<title>Wholesale RandM Fumot Digital Box 12000 Puffs Vape - Vape Wholesale<\/title>\n<meta name=\"description\" content=\"Wholesale RandM Fumot Digital Box 12000 Puffs is a rechargeable disposable device that contains 20ml of e-liquid and an 600mah rechargeable battery.\" \/>\n<meta name=\"robots\" content=\"index, follow, max-snippet:-1, max-image-preview:large, max-video-preview:-1\" \/>\n<link rel=\"canonical\" href=\"https:\/\/vapehosale.com\/sk\/product\/fumot-digital-box-12000-puffs\/\" \/>\n<meta property=\"og:locale\" content=\"sk_SK\" \/>\n<meta property=\"og:type\" content=\"article\" \/>\n<meta property=\"og:title\" content=\"Wholesale RandM Fumot Digital Box 12000 Puffs Vape - Vape Wholesale\" \/>\n<meta property=\"og:description\" content=\"Wholesale RandM Fumot Digital Box 12000 Puffs is a rechargeable disposable device that contains 20ml of e-liquid and an 600mah rechargeable battery.\" \/>\n<meta property=\"og:url\" content=\"https:\/\/vapehosale.com\/sk\/product\/fumot-digital-box-12000-puffs\/\" \/>\n<meta property=\"og:site_name\" content=\"Vape Wholesale\" \/>\n<meta property=\"article:modified_time\" content=\"2025-11-28T09:11:35+00:00\" \/>\n<meta property=\"og:image\" content=\"https:\/\/vapehosale.com\/wp-content\/uploads\/2023\/09\/Fumot-Digital-Box-12000-Digital-Box.jpg\" \/>\n\t<meta property=\"og:image:width\" content=\"474\" \/>\n\t<meta property=\"og:image:height\" content=\"600\" \/>\n\t<meta property=\"og:image:type\" content=\"image\/jpeg\" \/>\n<meta name=\"twitter:card\" content=\"summary_large_image\" \/>\n<meta name=\"twitter:label1\" content=\"Predpokladan\u00fd \u010das \u010d\u00edtania\" \/>\n\t<meta name=\"twitter:data1\" content=\"4 min\u00faty\" \/>\n<script type=\"application\/ld+json\" class=\"yoast-schema-graph\">{\"@context\":\"https:\/\/schema.org\",\"@graph\":[{\"@type\":\"WebPage\",\"@id\":\"https:\/\/vapehosale.com\/product\/fumot-digital-box-12000-puffs\/\",\"url\":\"https:\/\/vapehosale.com\/product\/fumot-digital-box-12000-puffs\/\",\"name\":\"Wholesale RandM Fumot Digital Box 12000 Puffs Vape - Vape Wholesale\",\"isPartOf\":{\"@id\":\"https:\/\/vapehosale.com\/#website\"},\"datePublished\":\"2023-09-21T02:02:20+00:00\",\"dateModified\":\"2025-11-28T09:11:35+00:00\",\"description\":\"Wholesale RandM Fumot Digital Box 12000 Puffs is a rechargeable disposable device that contains 20ml of e-liquid and an 600mah rechargeable battery.\",\"breadcrumb\":{\"@id\":\"https:\/\/vapehosale.com\/product\/fumot-digital-box-12000-puffs\/#breadcrumb\"},\"inLanguage\":\"sk-SK\",\"potentialAction\":[{\"@type\":\"ReadAction\",\"target\":[\"https:\/\/vapehosale.com\/product\/fumot-digital-box-12000-puffs\/\"]}]},{\"@type\":\"BreadcrumbList\",\"@id\":\"https:\/\/vapehosale.com\/product\/fumot-digital-box-12000-puffs\/#breadcrumb\",\"itemListElement\":[{\"@type\":\"ListItem\",\"position\":1,\"name\":\"Home\",\"item\":\"https:\/\/vapehosale.com\/\"},{\"@type\":\"ListItem\",\"position\":2,\"name\":\"Best Sell Vapes\",\"item\":\"https:\/\/vapehosale.com\/vape-shop\/\"},{\"@type\":\"ListItem\",\"position\":3,\"name\":\"Wholesale RandM Fumot Digital Box 12000 Puffs Vape\"}]},{\"@type\":\"WebSite\",\"@id\":\"https:\/\/vapehosale.com\/#website\",\"url\":\"https:\/\/vapehosale.com\/\",\"name\":\"Vape Wholesale\",\"description\":\"Buy Vape Wholesale Price Near you\",\"potentialAction\":[{\"@type\":\"SearchAction\",\"target\":{\"@type\":\"EntryPoint\",\"urlTemplate\":\"https:\/\/vapehosale.com\/?s={search_term_string}\"},\"query-input\":\"required name=search_term_string\"}],\"inLanguage\":\"sk-SK\"}]}<\/script>\n<!-- \/ Yoast SEO plugin. -->","yoast_head_json":{"title":"Wholesale RandM Fumot Digital Box 12000 Puffs Vape - Vape Wholesale","description":"Wholesale RandM Fumot Digital Box 12000 Puffs is a rechargeable disposable device that contains 20ml of e-liquid and an 600mah rechargeable battery.","robots":{"index":"index","follow":"follow","max-snippet":"max-snippet:-1","max-image-preview":"max-image-preview:large","max-video-preview":"max-video-preview:-1"},"canonical":"https:\/\/vapehosale.com\/sk\/product\/fumot-digital-box-12000-puffs\/","og_locale":"sk_SK","og_type":"article","og_title":"Wholesale RandM Fumot Digital Box 12000 Puffs Vape - Vape Wholesale","og_description":"Wholesale RandM Fumot Digital Box 12000 Puffs is a rechargeable disposable device that contains 20ml of e-liquid and an 600mah rechargeable battery.","og_url":"https:\/\/vapehosale.com\/sk\/product\/fumot-digital-box-12000-puffs\/","og_site_name":"Vape Wholesale","article_modified_time":"2025-11-28T09:11:35+00:00","og_image":[{"width":474,"height":600,"url":"https:\/\/vapehosale.com\/wp-content\/uploads\/2023\/09\/Fumot-Digital-Box-12000-Digital-Box.jpg","type":"image\/jpeg"}],"twitter_card":"summary_large_image","twitter_misc":{"Predpokladan\u00fd \u010das \u010d\u00edtania":"4 min\u00faty"},"schema":{"@context":"https:\/\/schema.org","@graph":[{"@type":"WebPage","@id":"https:\/\/vapehosale.com\/product\/fumot-digital-box-12000-puffs\/","url":"https:\/\/vapehosale.com\/product\/fumot-digital-box-12000-puffs\/","name":"Wholesale RandM Fumot Digital Box 12000 Puffs Vape - Vape Wholesale","isPartOf":{"@id":"https:\/\/vapehosale.com\/#website"},"datePublished":"2023-09-21T02:02:20+00:00","dateModified":"2025-11-28T09:11:35+00:00","description":"Wholesale RandM Fumot Digital Box 12000 Puffs is a rechargeable disposable device that contains 20ml of e-liquid and an 600mah rechargeable battery.","breadcrumb":{"@id":"https:\/\/vapehosale.com\/product\/fumot-digital-box-12000-puffs\/#breadcrumb"},"inLanguage":"sk-SK","potentialAction":[{"@type":"ReadAction","target":["https:\/\/vapehosale.com\/product\/fumot-digital-box-12000-puffs\/"]}]},{"@type":"BreadcrumbList","@id":"https:\/\/vapehosale.com\/product\/fumot-digital-box-12000-puffs\/#breadcrumb","itemListElement":[{"@type":"ListItem","position":1,"name":"Home","item":"https:\/\/vapehosale.com\/"},{"@type":"ListItem","position":2,"name":"Best Sell Vapes","item":"https:\/\/vapehosale.com\/vape-shop\/"},{"@type":"ListItem","position":3,"name":"Wholesale RandM Fumot Digital Box 12000 Puffs Vape"}]},{"@type":"WebSite","@id":"https:\/\/vapehosale.com\/#website","url":"https:\/\/vapehosale.com\/","name":"Vape Wholesale","description":"Buy Vape Wholesale Price Near you","potentialAction":[{"@type":"SearchAction","target":{"@type":"EntryPoint","urlTemplate":"https:\/\/vapehosale.com\/?s={search_term_string}"},"query-input":"required name=search_term_string"}],"inLanguage":"sk-SK"}]}},"uagb_featured_image_src":{"full":["https:\/\/vapehosale.com\/wp-content\/uploads\/2023\/09\/Fumot-Digital-Box-12000-Digital-Box.jpg",474,600,false],"thumbnail":["https:\/\/vapehosale.com\/wp-content\/uploads\/2023\/09\/Fumot-Digital-Box-12000-Digital-Box-150x150.jpg",150,150,true],"medium":["https:\/\/vapehosale.com\/wp-content\/uploads\/2023\/09\/Fumot-Digital-Box-12000-Digital-Box-237x300.jpg",237,300,true],"medium_large":["https:\/\/vapehosale.com\/wp-content\/uploads\/2023\/09\/Fumot-Digital-Box-12000-Digital-Box.jpg",474,600,false],"large":["https:\/\/vapehosale.com\/wp-content\/uploads\/2023\/09\/Fumot-Digital-Box-12000-Digital-Box.jpg",474,600,false],"1536x1536":["https:\/\/vapehosale.com\/wp-content\/uploads\/2023\/09\/Fumot-Digital-Box-12000-Digital-Box.jpg",474,600,false],"2048x2048":["https:\/\/vapehosale.com\/wp-content\/uploads\/2023\/09\/Fumot-Digital-Box-12000-Digital-Box.jpg",474,600,false],"trp-custom-language-flag":["https:\/\/vapehosale.com\/wp-content\/uploads\/2023\/09\/Fumot-Digital-Box-12000-Digital-Box.jpg",9,12,false],"woocommerce_thumbnail":["https:\/\/vapehosale.com\/wp-content\/uploads\/2023\/09\/Fumot-Digital-Box-12000-Digital-Box-300x300.jpg",300,300,true],"woocommerce_single":["https:\/\/vapehosale.com\/wp-content\/uploads\/2023\/09\/Fumot-Digital-Box-12000-Digital-Box.jpg",474,600,false],"woocommerce_gallery_thumbnail":["https:\/\/vapehosale.com\/wp-content\/uploads\/2023\/09\/Fumot-Digital-Box-12000-Digital-Box-100x100.jpg",100,100,true],"wcpr-photo-reviews":["https:\/\/vapehosale.com\/wp-content\/uploads\/2023\/09\/Fumot-Digital-Box-12000-Digital-Box.jpg",395,500,false]},"uagb_author_info":{"display_name":"Vicky hosale","author_link":"https:\/\/vapehosale.com\/sk\/author\/"},"uagb_comment_info":38,"uagb_excerpt":"RandM Fumot 12000 Puffs is a disposable vape with a battery and oil display, you can easy to know when your need recharge your device though the battery display screen,there is 52\u00a0 flavor available.The website price does not include shipping costs Welcome to add vicky whatsapp for wholesale fumot digital box 12000 puffs, min order&hellip;","_links":{"self":[{"href":"https:\/\/vapehosale.com\/sk\/wp-json\/wp\/v2\/product\/1490","targetHints":{"allow":["GET"]}}],"collection":[{"href":"https:\/\/vapehosale.com\/sk\/wp-json\/wp\/v2\/product"}],"about":[{"href":"https:\/\/vapehosale.com\/sk\/wp-json\/wp\/v2\/types\/product"}],"replies":[{"embeddable":true,"href":"https:\/\/vapehosale.com\/sk\/wp-json\/wp\/v2\/comments?post=1490"}],"wp:featuredmedia":[{"embeddable":true,"href":"https:\/\/vapehosale.com\/sk\/wp-json\/wp\/v2\/media\/1497"}],"wp:attachment":[{"href":"https:\/\/vapehosale.com\/sk\/wp-json\/wp\/v2\/media?parent=1490"}],"wp:term":[{"taxonomy":"product_cat","embeddable":true,"href":"https:\/\/vapehosale.com\/sk\/wp-json\/wp\/v2\/product_cat?post=1490"},{"taxonomy":"product_tag","embeddable":true,"href":"https:\/\/vapehosale.com\/sk\/wp-json\/wp\/v2\/product_tag?post=1490"}],"curies":[{"name":"wp","href":"https:\/\/api.w.org\/{rel}","templated":true}]}}