{"id":6121,"date":"2025-12-25T07:18:37","date_gmt":"2025-12-25T07:18:37","guid":{"rendered":"https:\/\/vapehosale.com\/?post_type=product&#038;p=6121"},"modified":"2025-12-25T07:30:36","modified_gmt":"2025-12-25T07:30:36","slug":"uwin-digital-box-68000-puffs-disposable-vape","status":"publish","type":"product","link":"https:\/\/vapehosale.com\/ro\/product\/uwin-digital-box-68000-puffs-disposable-vape\/","title":{"rendered":"Uwin Digital Box 68k Pufuri Vape de unic\u0103 folosin\u021b\u0103"},"content":{"rendered":"<h2 style=\"text-align: center\">V\u00e2nzare en gros Uwin Digital Box 68000 Puffs Vape de unic\u0103 folosin\u021b\u0103<\/h2>\n<p>Uwin digital box 68000 pufuri este un dispozitiv de unic\u0103 folosin\u021b\u0103 cu capacitate mare de la Uwin, oferind 68.000 de pufuri dintr-un singur dispozitiv re\u00eenc\u0103rcabil. \u00cenc\u0103rcat cu 20ml lichid e \u0219i disponibil \u00een s\u0103ruri de nicotin\u0103 2% (20 mg\/ml) sau 5% (50 mg\/ml), folose\u0219te o bobin\u0103 din plas\u0103 de 0.6\u03a9 pentru a maximiza consisten\u021ba aromei. O baterie re\u00eenc\u0103rcabil\u0103 \u00eencorporat\u0103 de 650mAh \u0219i indicatori vizibili pentru lichid \u0219i energie men\u021bin utilizatorii informa\u021bi. Disponibil \u00een 10 arome distincte, acest dispozitiv \u021binte\u0219te vaperii cu consum intens<br \/>\n<img decoding=\"async\" class=\"alignnone size-full wp-image-6114\" src=\"https:\/\/vapehosale.com\/wp-content\/uploads\/2025\/12\/Uwin-Digital-Box-68k-Puffs-Rechargeable-Vape.webp\" alt=\"Uwin Digital Box 68000 Pufuri Vape de unic\u0103 folosin\u021b\u0103 en gros\" width=\"1000\" height=\"749\" srcset=\"https:\/\/vapehosale.com\/wp-content\/uploads\/2025\/12\/Uwin-Digital-Box-68k-Puffs-Rechargeable-Vape.webp 1000w, https:\/\/vapehosale.com\/wp-content\/uploads\/2025\/12\/Uwin-Digital-Box-68k-Puffs-Rechargeable-Vape-300x225.webp 300w, https:\/\/vapehosale.com\/wp-content\/uploads\/2025\/12\/Uwin-Digital-Box-68k-Puffs-Rechargeable-Vape-768x575.webp 768w, https:\/\/vapehosale.com\/wp-content\/uploads\/2025\/12\/Uwin-Digital-Box-68k-Puffs-Rechargeable-Vape-16x12.webp 16w, https:\/\/vapehosale.com\/wp-content\/uploads\/2025\/12\/Uwin-Digital-Box-68k-Puffs-Rechargeable-Vape-600x449.webp 600w\" sizes=\"(max-width: 1000px) 100vw, 1000px\" \/><\/p>\n<h3 data-start=\"1185\" data-end=\"1205\">Caracteristici principale ale vape-ului Uwin 68k Puffs:<\/h3>\n<p>Brand: Uwin<br \/>\n2% 5% Nicotin\u0103<br \/>\nPufuri: 68K Pufuri<br \/>\n20ml lichid<br \/>\nBaterie re\u00eenc\u0103rcabil\u0103 de 650mAh<br \/>\n10 arome disponibile<br \/>\nBobin\u0103 din plas\u0103 de 0.6\u03a9<br \/>\nIndicator de lichid \u0219i energie<\/p>\n<h3 data-start=\"1185\" data-end=\"1205\">Lista de arome Uwin 68k Puffs:<\/h3>\n<p>1.Afine zmeur\u0103<br \/>\n2.C\u0103p\u0219uni Pepene verde<br \/>\n3.Ghea\u021b\u0103 de pepene ro\u0219u<br \/>\n4.Cirea\u0219\u0103 cu ghea\u021b\u0103<br \/>\n5. Kiwi, fruct de pasiune, guava<br \/>\n6. Piersic\u0103 de var\u0103 cu ghea\u021b\u0103<br \/>\n7. C\u0103p\u0219un\u0103 kiwi<br \/>\n8. Fructe de p\u0103dure mixte<br \/>\n9. Mr blue<br \/>\n10. Red Bull<\/p>\n<h3><strong>Con\u021binut pachet:<\/strong><\/h3>\n<p>1 x Uwin Vape Digital Box 68k Puffs<\/p>\n<h3 class=\"ds-markdown-paragraph\">\u00centreb\u0103ri frecvente despre vape-ul de unic\u0103 folosin\u021b\u0103 Uwin digital box 68k Puffs<\/h3>\n<ul>\n<li data-start=\"552\" data-end=\"684\">\n<p data-start=\"555\" data-end=\"684\">c\u00e2te pufuri sunt \u00een Uwin digital box 68000 Pufuri? \ud83c\udfaf<br data-start=\"591\" data-end=\"594\" \/>68000 pufuri (68k) \u00een total \u2014 aceasta este durata de via\u021b\u0103 estimat\u0103 a dispozitivului de la plin p\u00e2n\u0103 la terminare.<\/p>\n<\/li>\n<li data-start=\"686\" data-end=\"831\">\n<p data-start=\"689\" data-end=\"831\">din ce concentra\u021bii de nicotin\u0103 pot alege \u00een Uwin vape digital box 68k Pufuri? \ud83d\udca1<br data-start=\"729\" data-end=\"732\" \/>dou\u0103 concentra\u021bii: 2% (20 mg\/ml) \u0219i 5% (50 mg\/ml) s\u0103ruri de nicotin\u0103, clar etichetate pentru alegerea cump\u0103r\u0103torului.<\/p>\n<\/li>\n<li data-start=\"833\" data-end=\"1038\">\n<p data-start=\"836\" data-end=\"1038\">este bateria dispozitivului Uwin disposable vape digital box 68000 Pufuri re\u00eenc\u0103rcabil\u0103 \u0219i cum o pot monitoriza? \ud83d\udd0b<br data-start=\"891\" data-end=\"894\" \/>da \u2014 o baterie re\u00eenc\u0103rcabil\u0103 de 650mAh este integrat\u0103, iar dispozitivul are un indicator de putere pentru ca clien\u021bii s\u0103 vad\u0103 nivelul r\u0103mas de \u00eenc\u0103rcare \u0219i lichidul.<\/p>\n<\/li>\n<li data-start=\"1040\" data-end=\"1246\">\n<p data-start=\"1043\" data-end=\"1246\">c\u00e2t lichid con\u021bine Uwin 68k digital box \u0219i cum se traduce asta \u00een pufuri? \ud83d\udcca<br data-start=\"1099\" data-end=\"1102\" \/>Uwin 68k digital box con\u021bine 20ml de lichid e; matematic, asta \u00eenseamn\u0103 68.000 pufuri \u00f7 20ml = 3.400 pufuri pe ml (bazat pe declara\u021bia specifica\u021biei produsului).<\/p>\n<\/li>\n<li data-start=\"1248\" data-end=\"1433\">\n<p data-start=\"1251\" data-end=\"1433\">ce hardware \u00een Uwin 68k vape asigur\u0103 vapori \u0219i arom\u0103 consistente? \ud83d\udd27<br data-start=\"1304\" data-end=\"1307\" \/>se folose\u0219te o bobin\u0103 din plas\u0103 de 0.6\u03a9 pentru \u00eenc\u0103lzire uniform\u0103 \u0219i produc\u021bie stabil\u0103 de arom\u0103; exist\u0103 10 SKU-uri de arom\u0103 preg\u0103tite pentru rota\u021bia \u00een retail.<\/p>\n<\/li>\n<\/ul>\n<h3>Contact Angrosist<\/h3>\n<p>Whatsapp de v\u00e2nzare en gros pentru fabrica original\u0103 Bang Box Vape:<a href=\"https:\/\/wa.me\/8618077105750\">+8618077105750<\/a><\/p>\n<p>Angrosi\u0219tii \u0219i distribuitorii sunt bineveni\u021bi s\u0103 personalizeze comenzile<br \/>\nOferim produse de cea mai \u00eenalt\u0103 calitate \u0219i cele mai profesionale servicii.<\/p>\n<p><img decoding=\"async\" class=\"alignnone size-full wp-image-2638\" src=\"https:\/\/vapehosale.com\/wp-content\/uploads\/2023\/09\/885301ea6f5e0b91f5ab2b1c85e665c.png\" alt=\"Fabrica RandM\" width=\"670\" height=\"658\" srcset=\"https:\/\/vapehosale.com\/wp-content\/uploads\/2023\/09\/885301ea6f5e0b91f5ab2b1c85e665c.png 670w, https:\/\/vapehosale.com\/wp-content\/uploads\/2023\/09\/885301ea6f5e0b91f5ab2b1c85e665c-300x295.png 300w, https:\/\/vapehosale.com\/wp-content\/uploads\/2023\/09\/885301ea6f5e0b91f5ab2b1c85e665c-600x589.png 600w\" sizes=\"(max-width: 670px) 100vw, 670px\" \/><\/p>\n<p>Contact pentru catalog de produse:<a href=\"https:\/\/wa.me\/8618077105750\">Cump\u0103r\u0103 acum<\/a><br \/>\nAlte vapoare de top pe care le-ai putea dori<\/p>\n<p>Bang<a href=\"https:\/\/vapehosale.com\/ro\/product-category\/bang-vape-kit\/\">\u00a0cel mai bun pre\u021b en gros pentru vape de unic\u0103 folosin\u021b\u0103<span class=\"x19la9d6 x1fc57z9 x6ikm8r x10wlt62 x19co3pv x1g5zs5t xfibh0p xiy17q3 x1xsqp64 x1lkfr7t xexx8yu xyri2b x18d9i69 x1c1uobl\"><span class=\"xrtxmta x1bhl96m\">\ud83d\udc48<\/span><\/span><\/a><br \/>\n<a href=\"https:\/\/vapehosale.com\/ro\/product-category\/wholesale-60k-puffs-disposable-vape\/\">Vape cu peste 60k pufuri, cel mai v\u00e2ndut \u00een Europa, ob\u021bine pre\u021b en gros aici<\/a><\/p>\n<p>Alte m\u0103rci de vape pe care le po\u021bi avea nevoie:<a href=\"https:\/\/vapehosale.com\/ro\/product-tag\/elfbar-vape\/\">Vape en-gros ELFBAR<\/a>\/<a href=\"https:\/\/vapehosale.com\/ro\/product-category\/vozol-vape\/\">Vozol Vape<\/a>\/<a href=\"https:\/\/vapehosale.com\/ro\/product-category\/bang-vape-kit\/\">Bang Vape cu ridicata<\/a>\/<a href=\"https:\/\/vapehosale.com\/ro\/product-category\/vapme-vape\/\">Vapme Vape<\/a><\/p>\n<h4>Detalii de livrare:<\/h4>\n<p>1. Timp de produc\u021bie: \u00een termen de 5 zile lucr\u0103toare trimis dup\u0103 primirea pl\u0103\u021bii<\/p>\n<p>2. Timp de livrare: 10-14 zile \uff08\u00cen caz de s\u0103rb\u0103tori \u0219i inspec\u021bie vamal\u0103, timpul de livrare va fi \u00eent\u00e2rziat.\uff09<\/p>\n<h4>Detalii de plat\u0103:<\/h4>\n<p>Toate produsele din magazinul nostru sunt 100% originale \u0219i autentice, de aceea compensarea de zece ori pentru produsele contraf\u0103cute este politica magazinului nostru.<\/p>\n<h5><span style=\"color: #ff0000\">Comand\u0103 minim\u0103 50 buc<\/span><\/h5>","protected":false},"excerpt":{"rendered":"<p>Uwin 68k digital box vape: vape de unic\u0103 folosin\u021b\u0103 re\u00eenc\u0103rcabil cu 68.000 de pufuri, 20ml lichid e, nicotin\u0103 2%\/5%, bobin\u0103 din plas\u0103 de 0.6\u03a9, baterie de 650mAh \u0219i 10 arome \u2014 op\u021biune superioar\u0103 pentru durat\u0103 lung\u0103 fa\u021b\u0103 de alte vape de 60k pufuri \u00een 2026.<br \/>\n<span style=\"color: #ff0000\">(pre\u021bul de pe site nu include costul de transport)<\/span><\/p>\n<p><span style=\"color: #ff0000\">contacteaz\u0103-m\u0103 pentru comand\u0103 minim\u0103 de doar 50 de buc\u0103\u021bi! Contacteaz\u0103-m\u0103 \u0219i ob\u021bine reducere azi!<\/span><\/p>\n<p><img decoding=\"async\" class=\"alignnone size-medium wp-image-2638\" src=\"https:\/\/vapehosale.com\/wp-content\/uploads\/2023\/09\/885301ea6f5e0b91f5ab2b1c85e665c-300x295.png\" alt=\"Fabrica RandM\" width=\"300\" height=\"295\" srcset=\"https:\/\/vapehosale.com\/wp-content\/uploads\/2023\/09\/885301ea6f5e0b91f5ab2b1c85e665c-300x295.png 300w, https:\/\/vapehosale.com\/wp-content\/uploads\/2023\/09\/885301ea6f5e0b91f5ab2b1c85e665c-600x589.png 600w, https:\/\/vapehosale.com\/wp-content\/uploads\/2023\/09\/885301ea6f5e0b91f5ab2b1c85e665c.png 670w\" sizes=\"(max-width: 300px) 100vw, 300px\" \/><\/p>\n<p>&nbsp;<\/p>","protected":false},"featured_media":6116,"comment_status":"open","ping_status":"closed","template":"","meta":{"_uag_custom_page_level_css":"","_lmt_disableupdate":"no","_lmt_disable":"","site-sidebar-layout":"default","site-content-layout":"","ast-site-content-layout":"default","site-content-style":"default","site-sidebar-style":"default","ast-global-header-display":"","ast-banner-title-visibility":"","ast-main-header-display":"","ast-hfb-above-header-display":"","ast-hfb-below-header-display":"","ast-hfb-mobile-header-display":"","site-post-title":"","ast-breadcrumbs-content":"","ast-featured-img":"","footer-sml-layout":"","theme-transparent-header-meta":"default","adv-header-id-meta":"","stick-header-meta":"","header-above-stick-meta":"","header-main-stick-meta":"","header-below-stick-meta":"","astra-migrate-meta-layouts":"set","_joinchat":[]},"product_cat":[100,41,55,156,15],"product_tag":[76,35],"class_list":["post-6121","product","type-product","status-publish","has-post-thumbnail","hentry","product_cat-wholesale-60k-puffs-disposable-vape","product_cat-europe-hot-sale-vape","product_cat-minimum-order-quantity-50pcs","product_cat-uwin-vape","product_cat-vape-shop-wholesale","product_tag-airflow-control-vape","product_tag-rechargeable-disposable-device","desktop-align-left","tablet-align-left","mobile-align-left"],"yoast_head":"<!-- This site is optimized with the Yoast SEO plugin v21.1 - https:\/\/yoast.com\/wordpress\/plugins\/seo\/ -->\n<title>Uwin Digital Box 68k Puffs Disposable Vape - Vape Wholesale<\/title>\n<meta name=\"description\" content=\"Wholesale 2026 newest high quality uwin disposable vape digital box 68k with screen\u2014 68000 puffs, 20ml, rechargeable, 10 flavors.\" \/>\n<meta name=\"robots\" content=\"index, follow, max-snippet:-1, max-image-preview:large, max-video-preview:-1\" \/>\n<link rel=\"canonical\" href=\"https:\/\/vapehosale.com\/ro\/product\/uwin-digital-box-68000-puffs-disposable-vape\/\" \/>\n<meta property=\"og:locale\" content=\"ro_RO\" \/>\n<meta property=\"og:type\" content=\"article\" \/>\n<meta property=\"og:title\" content=\"Uwin Digital Box 68k Puffs Disposable Vape - Vape Wholesale\" \/>\n<meta property=\"og:description\" content=\"Wholesale 2026 newest high quality uwin disposable vape digital box 68k with screen\u2014 68000 puffs, 20ml, rechargeable, 10 flavors.\" \/>\n<meta property=\"og:url\" content=\"https:\/\/vapehosale.com\/ro\/product\/uwin-digital-box-68000-puffs-disposable-vape\/\" \/>\n<meta property=\"og:site_name\" content=\"Vape Wholesale\" \/>\n<meta property=\"article:modified_time\" content=\"2025-12-25T07:30:36+00:00\" \/>\n<meta property=\"og:image\" content=\"https:\/\/vapehosale.com\/wp-content\/uploads\/2025\/12\/Uwin-Disposable-Vape-Digital-Box-68k-Puffs-Wholesale.webp\" \/>\n\t<meta property=\"og:image:width\" content=\"1000\" \/>\n\t<meta property=\"og:image:height\" content=\"1000\" \/>\n\t<meta property=\"og:image:type\" content=\"image\/webp\" \/>\n<meta name=\"twitter:card\" content=\"summary_large_image\" \/>\n<meta name=\"twitter:label1\" content=\"Timp estimat pentru citire\" \/>\n\t<meta name=\"twitter:data1\" content=\"3 minute\" \/>\n<script type=\"application\/ld+json\" class=\"yoast-schema-graph\">{\"@context\":\"https:\/\/schema.org\",\"@graph\":[{\"@type\":\"WebPage\",\"@id\":\"https:\/\/vapehosale.com\/product\/uwin-digital-box-68000-puffs-disposable-vape\/\",\"url\":\"https:\/\/vapehosale.com\/product\/uwin-digital-box-68000-puffs-disposable-vape\/\",\"name\":\"Uwin Digital Box 68k Puffs Disposable Vape - Vape Wholesale\",\"isPartOf\":{\"@id\":\"https:\/\/vapehosale.com\/#website\"},\"datePublished\":\"2025-12-25T07:18:37+00:00\",\"dateModified\":\"2025-12-25T07:30:36+00:00\",\"description\":\"Wholesale 2026 newest high quality uwin disposable vape digital box 68k with screen\u2014 68000 puffs, 20ml, rechargeable, 10 flavors.\",\"breadcrumb\":{\"@id\":\"https:\/\/vapehosale.com\/product\/uwin-digital-box-68000-puffs-disposable-vape\/#breadcrumb\"},\"inLanguage\":\"ro-RO\",\"potentialAction\":[{\"@type\":\"ReadAction\",\"target\":[\"https:\/\/vapehosale.com\/product\/uwin-digital-box-68000-puffs-disposable-vape\/\"]}]},{\"@type\":\"BreadcrumbList\",\"@id\":\"https:\/\/vapehosale.com\/product\/uwin-digital-box-68000-puffs-disposable-vape\/#breadcrumb\",\"itemListElement\":[{\"@type\":\"ListItem\",\"position\":1,\"name\":\"Home\",\"item\":\"https:\/\/vapehosale.com\/\"},{\"@type\":\"ListItem\",\"position\":2,\"name\":\"Best Sell Vapes\",\"item\":\"https:\/\/vapehosale.com\/vape-shop\/\"},{\"@type\":\"ListItem\",\"position\":3,\"name\":\"Uwin Digital Box 68k Puffs Disposable Vape\"}]},{\"@type\":\"WebSite\",\"@id\":\"https:\/\/vapehosale.com\/#website\",\"url\":\"https:\/\/vapehosale.com\/\",\"name\":\"Vape Wholesale\",\"description\":\"Buy Vape Wholesale Price Near you\",\"potentialAction\":[{\"@type\":\"SearchAction\",\"target\":{\"@type\":\"EntryPoint\",\"urlTemplate\":\"https:\/\/vapehosale.com\/?s={search_term_string}\"},\"query-input\":\"required name=search_term_string\"}],\"inLanguage\":\"ro-RO\"}]}<\/script>\n<!-- \/ Yoast SEO plugin. -->","yoast_head_json":{"title":"Uwin Digital Box 68k Puffs Disposable Vape - Vape Wholesale","description":"Wholesale 2026 newest high quality uwin disposable vape digital box 68k with screen\u2014 68000 puffs, 20ml, rechargeable, 10 flavors.","robots":{"index":"index","follow":"follow","max-snippet":"max-snippet:-1","max-image-preview":"max-image-preview:large","max-video-preview":"max-video-preview:-1"},"canonical":"https:\/\/vapehosale.com\/ro\/product\/uwin-digital-box-68000-puffs-disposable-vape\/","og_locale":"ro_RO","og_type":"article","og_title":"Uwin Digital Box 68k Puffs Disposable Vape - Vape Wholesale","og_description":"Wholesale 2026 newest high quality uwin disposable vape digital box 68k with screen\u2014 68000 puffs, 20ml, rechargeable, 10 flavors.","og_url":"https:\/\/vapehosale.com\/ro\/product\/uwin-digital-box-68000-puffs-disposable-vape\/","og_site_name":"Vape Wholesale","article_modified_time":"2025-12-25T07:30:36+00:00","og_image":[{"width":1000,"height":1000,"url":"https:\/\/vapehosale.com\/wp-content\/uploads\/2025\/12\/Uwin-Disposable-Vape-Digital-Box-68k-Puffs-Wholesale.webp","type":"image\/webp"}],"twitter_card":"summary_large_image","twitter_misc":{"Timp estimat pentru citire":"3 minute"},"schema":{"@context":"https:\/\/schema.org","@graph":[{"@type":"WebPage","@id":"https:\/\/vapehosale.com\/product\/uwin-digital-box-68000-puffs-disposable-vape\/","url":"https:\/\/vapehosale.com\/product\/uwin-digital-box-68000-puffs-disposable-vape\/","name":"Uwin Digital Box 68k Puffs Disposable Vape - Vape Wholesale","isPartOf":{"@id":"https:\/\/vapehosale.com\/#website"},"datePublished":"2025-12-25T07:18:37+00:00","dateModified":"2025-12-25T07:30:36+00:00","description":"Wholesale 2026 newest high quality uwin disposable vape digital box 68k with screen\u2014 68000 puffs, 20ml, rechargeable, 10 flavors.","breadcrumb":{"@id":"https:\/\/vapehosale.com\/product\/uwin-digital-box-68000-puffs-disposable-vape\/#breadcrumb"},"inLanguage":"ro-RO","potentialAction":[{"@type":"ReadAction","target":["https:\/\/vapehosale.com\/product\/uwin-digital-box-68000-puffs-disposable-vape\/"]}]},{"@type":"BreadcrumbList","@id":"https:\/\/vapehosale.com\/product\/uwin-digital-box-68000-puffs-disposable-vape\/#breadcrumb","itemListElement":[{"@type":"ListItem","position":1,"name":"Home","item":"https:\/\/vapehosale.com\/"},{"@type":"ListItem","position":2,"name":"Best Sell Vapes","item":"https:\/\/vapehosale.com\/vape-shop\/"},{"@type":"ListItem","position":3,"name":"Uwin Digital Box 68k Puffs Disposable Vape"}]},{"@type":"WebSite","@id":"https:\/\/vapehosale.com\/#website","url":"https:\/\/vapehosale.com\/","name":"Vape Wholesale","description":"Buy Vape Wholesale Price Near you","potentialAction":[{"@type":"SearchAction","target":{"@type":"EntryPoint","urlTemplate":"https:\/\/vapehosale.com\/?s={search_term_string}"},"query-input":"required name=search_term_string"}],"inLanguage":"ro-RO"}]}},"uagb_featured_image_src":{"full":["https:\/\/vapehosale.com\/wp-content\/uploads\/2025\/12\/Uwin-Disposable-Vape-Digital-Box-68k-Puffs-Wholesale.webp",1000,1000,false],"thumbnail":["https:\/\/vapehosale.com\/wp-content\/uploads\/2025\/12\/Uwin-Disposable-Vape-Digital-Box-68k-Puffs-Wholesale-150x150.webp",150,150,true],"medium":["https:\/\/vapehosale.com\/wp-content\/uploads\/2025\/12\/Uwin-Disposable-Vape-Digital-Box-68k-Puffs-Wholesale-300x300.webp",300,300,true],"medium_large":["https:\/\/vapehosale.com\/wp-content\/uploads\/2025\/12\/Uwin-Disposable-Vape-Digital-Box-68k-Puffs-Wholesale-768x768.webp",768,768,true],"large":["https:\/\/vapehosale.com\/wp-content\/uploads\/2025\/12\/Uwin-Disposable-Vape-Digital-Box-68k-Puffs-Wholesale.webp",1000,1000,false],"1536x1536":["https:\/\/vapehosale.com\/wp-content\/uploads\/2025\/12\/Uwin-Disposable-Vape-Digital-Box-68k-Puffs-Wholesale.webp",1000,1000,false],"2048x2048":["https:\/\/vapehosale.com\/wp-content\/uploads\/2025\/12\/Uwin-Disposable-Vape-Digital-Box-68k-Puffs-Wholesale.webp",1000,1000,false],"trp-custom-language-flag":["https:\/\/vapehosale.com\/wp-content\/uploads\/2025\/12\/Uwin-Disposable-Vape-Digital-Box-68k-Puffs-Wholesale-12x12.webp",12,12,true],"woocommerce_thumbnail":["https:\/\/vapehosale.com\/wp-content\/uploads\/2025\/12\/Uwin-Disposable-Vape-Digital-Box-68k-Puffs-Wholesale-300x300.webp",300,300,true],"woocommerce_single":["https:\/\/vapehosale.com\/wp-content\/uploads\/2025\/12\/Uwin-Disposable-Vape-Digital-Box-68k-Puffs-Wholesale-600x600.webp",600,600,true],"woocommerce_gallery_thumbnail":["https:\/\/vapehosale.com\/wp-content\/uploads\/2025\/12\/Uwin-Disposable-Vape-Digital-Box-68k-Puffs-Wholesale-100x100.webp",100,100,true],"wcpr-photo-reviews":["https:\/\/vapehosale.com\/wp-content\/uploads\/2025\/12\/Uwin-Disposable-Vape-Digital-Box-68k-Puffs-Wholesale.webp",500,500,false]},"uagb_author_info":{"display_name":"Vicky hosale","author_link":"https:\/\/vapehosale.com\/ro\/author\/"},"uagb_comment_info":0,"uagb_excerpt":"Uwin 68k digital box vape: rechargeable disposable with 68,000 puffs, 20ml e-liquid, 2%\/5% nicotine, 0.6\u03a9 mesh coil, 650mah battery and 10 flavors \u2014 superior long-life option vs other 60k puffs vape in 2026. (website price not include shipping cost) contact me for min order only 50 pcs! Contact me get disccount today! &nbsp;","_links":{"self":[{"href":"https:\/\/vapehosale.com\/ro\/wp-json\/wp\/v2\/product\/6121","targetHints":{"allow":["GET"]}}],"collection":[{"href":"https:\/\/vapehosale.com\/ro\/wp-json\/wp\/v2\/product"}],"about":[{"href":"https:\/\/vapehosale.com\/ro\/wp-json\/wp\/v2\/types\/product"}],"replies":[{"embeddable":true,"href":"https:\/\/vapehosale.com\/ro\/wp-json\/wp\/v2\/comments?post=6121"}],"wp:featuredmedia":[{"embeddable":true,"href":"https:\/\/vapehosale.com\/ro\/wp-json\/wp\/v2\/media\/6116"}],"wp:attachment":[{"href":"https:\/\/vapehosale.com\/ro\/wp-json\/wp\/v2\/media?parent=6121"}],"wp:term":[{"taxonomy":"product_cat","embeddable":true,"href":"https:\/\/vapehosale.com\/ro\/wp-json\/wp\/v2\/product_cat?post=6121"},{"taxonomy":"product_tag","embeddable":true,"href":"https:\/\/vapehosale.com\/ro\/wp-json\/wp\/v2\/product_tag?post=6121"}],"curies":[{"name":"wp","href":"https:\/\/api.w.org\/{rel}","templated":true}]}}