{"id":5308,"date":"2025-08-20T09:18:13","date_gmt":"2025-08-20T09:18:13","guid":{"rendered":"https:\/\/vapehosale.com\/?post_type=product&#038;p=5308"},"modified":"2025-09-29T09:57:25","modified_gmt":"2025-09-29T09:57:25","slug":"stag-bar-jagger-15000-puffs-disposable-vape","status":"publish","type":"product","link":"https:\/\/vapehosale.com\/ro\/produs\/stag-bar-jagger-15000-puffs-disposable-vape\/","title":{"rendered":"Stag Bar Jagger 15000 Puffs Dispozitiv de vapat de unic\u0103 folosin\u021b\u0103 Depozit din Rom\u00e2nia"},"content":{"rendered":"<h1 style=\"text-align: center\">Vape de unic\u0103 folosin\u021b\u0103 Stag Bar Jagger 15000 Puffs en-gros<\/h1>\n<p>Stag Bar Jagger 15000 Puffs, vape-ul de unic\u0103 folosin\u021b\u0103 proiectat pentru rezisten\u021b\u0103 \u0219i arom\u0103 intens\u0103. Stag Bat Vape de unic\u0103 folosin\u021b\u0103 15000 puffs pre-umplut cu 16 ml masivi de e-lichid cu sare de nicotina 5% (sau 2%), asigur\u00e2nd o experien\u021b\u0103 de lung\u0103 durat\u0103 \u0219i satisf\u0103c\u0103toare. Bateria sa integrat\u0103 re\u00eenc\u0103rcabil\u0103 de 650 mAh, sus\u021binut\u0103 de un port convenabil de tip C, este conceput\u0103 pentru a utiliza pe deplin fiecare pic\u0103tur\u0103 de lichid. Rezisten\u021ba mesh avansat\u0103 de 1,0\u03a9 ofer\u0103 \u00een mod constant vapori boga\u021bi \u0219i aroma\u021bi de la prima p\u00e2n\u0103 la ultima puff, f\u0103c\u00e2ndu-l o alegere superioar\u0103 pentru vaping pe tot parcursul zilei.<\/p>\n<h2 data-start=\"1511\" data-end=\"1526\">Caracteristici Stag Bar Jagger 15000 Puffs:<\/h2>\n<p>Nicotina: 2%, 5%<br \/>\nCapacitate E-Lichid: 16 ML<br \/>\nCapacitate Baterie: 650MAH<br \/>\nRezisten\u021b\u0103 Mesh<br \/>\nRezistenta Coil: 1.0\u03a9<br \/>\nPort de tip C,<br \/>\nRe\u00eenc\u0103rcabil 200 buc\/Ctn;<br \/>\n10buc\/cutie<br \/>\nGreutate: 104G\/buc<br \/>\nCutie carton 20KG\/Ctn<br \/>\nDimensiune: 40*32*40CM<\/p>\n<h2 data-start=\"1511\" data-end=\"1526\">Lista de arome Stag Bar Jagger 15k Puffs<\/h2>\n<p class=\"\" data-start=\"37\" data-end=\"69\">1.Ghea\u021b\u0103 de afine<br \/>\n2.Afine Zmeura<br \/>\n3. Grape Ice (Struguri cu ghea\u021b\u0103)<br \/>\n4. Love 69 (Dragoste 69)<br \/>\n5. Mango Peach Watermelon (Mango Piersic\u0103 Pepene Verde)<br \/>\n6. Ghea\u021b\u0103 de Piersic\u0103<br \/>\n7. Sour Apple Ice (M\u0103r acru cu ghea\u021b\u0103)<br \/>\n8.C\u0103p\u0219uni kiwi<br \/>\n9. Watermelon Ice (Pepene verde cu ghea\u021b\u0103)<br \/>\n10. Strawberry grape (c\u0103p\u0219uni struguri)<\/p>\n<h3>Contact Angrosist<\/h3>\n<p>\u2705de unde s\u0103 cump\u0103ra\u021bi Mr.goodie Vape de unic\u0103 folosin\u021b\u0103\uff1f Whatsapp pentru v\u00e2nz\u0103ri en-gros:<a href=\"https:\/\/wa.me\/8618077105750\">+8618077105750\u00a0<\/a><\/p>\n<p>\u2705Angrosi\u0219tii \u0219i distribuitorii sunt bineveni\u021bi s\u0103 personalizeze comenzi<br \/>\n\u2705Oferim produse de cea mai \u00eenalt\u0103 calitate \u0219i cele mai profesionale servicii.<\/p>\n<p><img decoding=\"async\" class=\"alignnone size-full wp-image-2638\" src=\"https:\/\/vapehosale.com\/wp-content\/uploads\/2023\/09\/885301ea6f5e0b91f5ab2b1c85e665c.png\" alt=\"Fabrica RandM\" width=\"670\" height=\"658\" srcset=\"https:\/\/vapehosale.com\/wp-content\/uploads\/2023\/09\/885301ea6f5e0b91f5ab2b1c85e665c.png 670w, https:\/\/vapehosale.com\/wp-content\/uploads\/2023\/09\/885301ea6f5e0b91f5ab2b1c85e665c-300x295.png 300w, https:\/\/vapehosale.com\/wp-content\/uploads\/2023\/09\/885301ea6f5e0b91f5ab2b1c85e665c-600x589.png 600w\" sizes=\"(max-width: 670px) 100vw, 670px\" \/><\/p>\n<h3 data-start=\"2071\" data-end=\"2079\">\u00centreb\u0103ri frecvente despre \u021bigara electronic\u0103 de unic\u0103 folosin\u021b\u0103 Stag Bar Jagger 15000 de pufuri<\/h3>\n<p class=\"ds-markdown-paragraph\"><strong>1. C\u00e2t timp dureaz\u0103 \u021bigara electronic\u0103 Stag Bar Jagger 15000?<\/strong><br \/>\nCu o capacitate de 16 ml de lichid \u0219i o baterie re\u00eenc\u0103rcabil\u0103, un singur dispozitiv ofer\u0103 \u00een mod constant mii de pufuri, ajung\u00e2nd pentru majoritatea utilizatorilor mai multe zile sau chiar s\u0103pt\u0103m\u00e2ni.<\/p>\n<p class=\"ds-markdown-paragraph\"><strong>2. Trebuie s\u0103 \u00eencarc \u021bigara electronic\u0103 Stag Bar Jagger 15k pufuri?<\/strong><br \/>\nDa. Are o baterie \u00eencorporat\u0103 de 650 mAh cu un port de \u00eenc\u0103rcare de tip C, permi\u021b\u00e2nd re\u00eenc\u0103rc\u0103ri rapide pentru a asigura c\u0103 dispozitivul dureaz\u0103 pe toat\u0103 durata capacit\u0103\u021bii sale de 16 ml de lichid.<\/p>\n<p class=\"ds-markdown-paragraph\"><strong>3. Ce concentra\u021bii de nicotin\u0103 sunt disponibile pentru Stagbar 15k Jagger?<\/strong><br \/>\nPute\u021bi alege \u00eentre o formul\u0103 de sare de nicotin\u0103 puternic\u0103 de 5% (50 mg) sau o op\u021biune mai bl\u00e2nd\u0103 de 2% (20 mg) pentru a se potrivi preferin\u021belor dumneavoastr\u0103 personale.<\/p>\n<p class=\"ds-markdown-paragraph\"><strong>4. Va curge \u021bigara electronic\u0103 Stagbar 15000 pufuri Jagger?<\/strong><br \/>\nStag Bar Jagger este sigilat meticulos \u00een timpul fabric\u0103rii pentru a preveni scurgerile, asigur\u00e2nd o experien\u021b\u0103 de vaping curat\u0103 \u0219i fiabil\u0103 pe toat\u0103 durata utiliz\u0103rii sale.<\/p>\n<p class=\"ds-markdown-paragraph\"><strong>5. De unde este expediat\u0103 comanda mea?<\/strong><br \/>\nPentru o livrare rapid\u0103 \u00een Rom\u00e2nia \u0219i pentru a evita \u00eent\u00e2rzierile la vam\u0103, toate comenzile sunt expediate direct din depozitul nostru european, situat strategic.<\/p>\n<h3><strong>Con\u021binut pachet:<\/strong><\/h3>\n<p>1 x dispozitiv de unic\u0103 folosin\u021b\u0103 Stag Bar Jagger 15000 de pufuri<\/p>\n<p>Contact pentru catalog de produse:<a href=\"https:\/\/wa.me\/8618077105750\">cump\u0103r\u0103 acum verific\u0103 toate pre\u021burile en-gros<\/a><br \/>\nAlte vapoare de top pe care le-ai putea dori<\/p>\n<p><a href=\"https:\/\/vapehosale.com\/ro\/categorie-produs\/stag-bar-vape\/\">Pre\u021b angro mai avantajos pentru \u021big\u0103ri electronice de unic\u0103 folosin\u021b\u0103 Stag Bar<\/a><\/p>\n<p><a href=\"https:\/\/vapehosale.com\/ro\/categorie-produs\/disposable-vape-in-european-warehouse\/\">ob\u021bine\u021bi catalogul de vape de unic\u0103 folosin\u021b\u0103 din depozitul european aici\ud83d\udc48\ud83c\udffb<\/a><br \/>\n<a href=\"https:\/\/vapehosale.com\/ro\/categorie-produs\/15000-puffs-disposable-vape\/\">\u021aigar\u0103 electronic\u0103 de unic\u0103 folosin\u021b\u0103 de \u00eenalt\u0103 calitate cu 15000 de pufuri\u00a0<\/a><\/p>\n<h4>Detalii de livrare:<\/h4>\n<p>Timp de livrare: 3-5 zile lucr\u0103toare p\u00e2n\u0103 la adresa dvs. dup\u0103 ce am primit plata<\/p>\n<p>\uff08Expediat din depozitul din Europa\uff09<\/p>\n<h4>Detalii de plat\u0103:<\/h4>\n<p>Accept\u0103m plata prin transfer bancar sau Western Union, suntem o fabric\u0103 de vapoare din China, <span style=\"color: #ff0000\">nu accept\u0103m plata la livrare.<\/span><\/p>\n<p>Toate produsele din magazinul nostru sunt 100% originale \u0219i autentice, de aceea compensarea de zece ori pentru produsele contraf\u0103cute este politica magazinului nostru.<\/p>\n<h5><span style=\"color: #ff0000\">Comand\u0103 minim\u0103 50 buc<\/span><\/h5>","protected":false},"excerpt":{"rendered":"<p data-start=\"2414\" data-end=\"2672\">Vape de unic\u0103 folosin\u021b\u0103 Stag Bar Jagger 15000 Puffs. Cu o capacitate de 16 ml, baterie re\u00eenc\u0103rcabil\u0103 de tip C \u0219i rezisten\u021b\u0103 mesh pentru arom\u0103 maxim\u0103, este solu\u021bia suprem\u0103 de vaping de lung\u0103 durat\u0103.<br \/>\n<span style=\"color: #ff0000\">(pre\u021bul de pe site nu include costul de transport)<\/span><\/p>\n<p><span style=\"color: #ff0000\">contacta\u021bi-m\u0103 pentru comand\u0103 minim\u0103 de doar 50 buc\u0103\u021bi! nu se vinde sub 50 buc\u0103\u021bi, <\/span>Doar en-gros!<\/p>\n<p><img decoding=\"async\" class=\"alignnone size-medium wp-image-2638\" src=\"https:\/\/vapehosale.com\/wp-content\/uploads\/2023\/09\/885301ea6f5e0b91f5ab2b1c85e665c-300x295.png\" alt=\"Fabrica RandM\" width=\"300\" height=\"295\" srcset=\"https:\/\/vapehosale.com\/wp-content\/uploads\/2023\/09\/885301ea6f5e0b91f5ab2b1c85e665c-300x295.png 300w, https:\/\/vapehosale.com\/wp-content\/uploads\/2023\/09\/885301ea6f5e0b91f5ab2b1c85e665c-600x589.png 600w, https:\/\/vapehosale.com\/wp-content\/uploads\/2023\/09\/885301ea6f5e0b91f5ab2b1c85e665c.png 670w\" sizes=\"(max-width: 300px) 100vw, 300px\" \/><\/p>\n<p>&nbsp;<\/p>","protected":false},"featured_media":5307,"comment_status":"open","ping_status":"closed","template":"","meta":{"_uag_custom_page_level_css":"","_lmt_disableupdate":"no","_lmt_disable":"","site-sidebar-layout":"default","site-content-layout":"","ast-site-content-layout":"default","site-content-style":"default","site-sidebar-style":"default","ast-global-header-display":"","ast-banner-title-visibility":"","ast-main-header-display":"","ast-hfb-above-header-display":"","ast-hfb-below-header-display":"","ast-hfb-mobile-header-display":"","site-post-title":"","ast-breadcrumbs-content":"","ast-featured-img":"","footer-sml-layout":"","theme-transparent-header-meta":"default","adv-header-id-meta":"","stick-header-meta":"","header-above-stick-meta":"","header-main-stick-meta":"","header-below-stick-meta":"","astra-migrate-meta-layouts":"set","_joinchat":[]},"product_cat":[15,84,41,55,153,155],"product_tag":[76,113,35,33],"class_list":["post-5308","product","type-product","status-publish","has-post-thumbnail","hentry","product_cat-vape-shop-wholesale","product_cat-15000-puffs-disposable-vape","product_cat-europe-hot-sale-vape","product_cat-minimum-order-quantity-50pcs","product_cat-mr-goodie-vape","product_cat-stag-bar-vape","product_tag-airflow-control-vape","product_tag-mr-goodie-vape","product_tag-rechargeable-disposable-device","product_tag-rgb-light-disposable-vape","desktop-align-left","tablet-align-left","mobile-align-left"],"yoast_head":"<!-- This site is optimized with the Yoast SEO plugin v21.1 - https:\/\/yoast.com\/wordpress\/plugins\/seo\/ -->\n<title>Stag Bar Jagger 15000 Puffs Disposable Vape Eu Warehouse - Vape Wholesale<\/title>\n<meta name=\"description\" content=\"Wholesale Stag Bar Jagger 15000 Puffs disposable vape. Enjoy 16ml of e-liquid, a rechargeable battery, and rich mesh coil flavor. Shipped from the EU.\" \/>\n<meta name=\"robots\" content=\"index, follow, max-snippet:-1, max-image-preview:large, max-video-preview:-1\" \/>\n<link rel=\"canonical\" href=\"https:\/\/vapehosale.com\/ro\/produs\/stag-bar-jagger-15000-puffs-disposable-vape\/\" \/>\n<meta property=\"og:locale\" content=\"ro_RO\" \/>\n<meta property=\"og:type\" content=\"article\" \/>\n<meta property=\"og:title\" content=\"Stag Bar Jagger 15000 Puffs Disposable Vape Eu Warehouse - Vape Wholesale\" \/>\n<meta property=\"og:description\" content=\"Wholesale Stag Bar Jagger 15000 Puffs disposable vape. Enjoy 16ml of e-liquid, a rechargeable battery, and rich mesh coil flavor. Shipped from the EU.\" \/>\n<meta property=\"og:url\" content=\"https:\/\/vapehosale.com\/ro\/produs\/stag-bar-jagger-15000-puffs-disposable-vape\/\" \/>\n<meta property=\"og:site_name\" content=\"Vape Wholesale\" \/>\n<meta property=\"article:modified_time\" content=\"2025-09-29T09:57:25+00:00\" \/>\n<meta property=\"og:image\" content=\"https:\/\/vapehosale.com\/wp-content\/uploads\/2025\/08\/Stag-Bar-Jagger-15k-Puffs-Disposable-Vape.webp\" \/>\n\t<meta property=\"og:image:width\" content=\"1000\" \/>\n\t<meta property=\"og:image:height\" content=\"1000\" \/>\n\t<meta property=\"og:image:type\" content=\"image\/webp\" \/>\n<meta name=\"twitter:card\" content=\"summary_large_image\" \/>\n<meta name=\"twitter:label1\" content=\"Timp estimat pentru citire\" \/>\n\t<meta name=\"twitter:data1\" content=\"3 minute\" \/>\n<script type=\"application\/ld+json\" class=\"yoast-schema-graph\">{\"@context\":\"https:\/\/schema.org\",\"@graph\":[{\"@type\":\"WebPage\",\"@id\":\"https:\/\/vapehosale.com\/product\/stag-bar-jagger-15000-puffs-disposable-vape\/\",\"url\":\"https:\/\/vapehosale.com\/product\/stag-bar-jagger-15000-puffs-disposable-vape\/\",\"name\":\"Stag Bar Jagger 15000 Puffs Disposable Vape Eu Warehouse - Vape Wholesale\",\"isPartOf\":{\"@id\":\"https:\/\/vapehosale.com\/#website\"},\"datePublished\":\"2025-08-20T09:18:13+00:00\",\"dateModified\":\"2025-09-29T09:57:25+00:00\",\"description\":\"Wholesale Stag Bar Jagger 15000 Puffs disposable vape. Enjoy 16ml of e-liquid, a rechargeable battery, and rich mesh coil flavor. Shipped from the EU.\",\"breadcrumb\":{\"@id\":\"https:\/\/vapehosale.com\/product\/stag-bar-jagger-15000-puffs-disposable-vape\/#breadcrumb\"},\"inLanguage\":\"ro-RO\",\"potentialAction\":[{\"@type\":\"ReadAction\",\"target\":[\"https:\/\/vapehosale.com\/product\/stag-bar-jagger-15000-puffs-disposable-vape\/\"]}]},{\"@type\":\"BreadcrumbList\",\"@id\":\"https:\/\/vapehosale.com\/product\/stag-bar-jagger-15000-puffs-disposable-vape\/#breadcrumb\",\"itemListElement\":[{\"@type\":\"ListItem\",\"position\":1,\"name\":\"Home\",\"item\":\"https:\/\/vapehosale.com\/\"},{\"@type\":\"ListItem\",\"position\":2,\"name\":\"Best Sell Vapes\",\"item\":\"https:\/\/vapehosale.com\/vape-shop\/\"},{\"@type\":\"ListItem\",\"position\":3,\"name\":\"Stag Bar Jagger 15000 Puffs Disposable Vape Eu Warehouse\"}]},{\"@type\":\"WebSite\",\"@id\":\"https:\/\/vapehosale.com\/#website\",\"url\":\"https:\/\/vapehosale.com\/\",\"name\":\"Vape Wholesale\",\"description\":\"Buy Vape Wholesale Price Near you\",\"potentialAction\":[{\"@type\":\"SearchAction\",\"target\":{\"@type\":\"EntryPoint\",\"urlTemplate\":\"https:\/\/vapehosale.com\/?s={search_term_string}\"},\"query-input\":\"required name=search_term_string\"}],\"inLanguage\":\"ro-RO\"}]}<\/script>\n<!-- \/ Yoast SEO plugin. -->","yoast_head_json":{"title":"Stag Bar Jagger 15000 Puffs Disposable Vape Eu Warehouse - Vape Wholesale","description":"Wholesale Stag Bar Jagger 15000 Puffs disposable vape. Enjoy 16ml of e-liquid, a rechargeable battery, and rich mesh coil flavor. Shipped from the EU.","robots":{"index":"index","follow":"follow","max-snippet":"max-snippet:-1","max-image-preview":"max-image-preview:large","max-video-preview":"max-video-preview:-1"},"canonical":"https:\/\/vapehosale.com\/ro\/produs\/stag-bar-jagger-15000-puffs-disposable-vape\/","og_locale":"ro_RO","og_type":"article","og_title":"Stag Bar Jagger 15000 Puffs Disposable Vape Eu Warehouse - Vape Wholesale","og_description":"Wholesale Stag Bar Jagger 15000 Puffs disposable vape. Enjoy 16ml of e-liquid, a rechargeable battery, and rich mesh coil flavor. Shipped from the EU.","og_url":"https:\/\/vapehosale.com\/ro\/produs\/stag-bar-jagger-15000-puffs-disposable-vape\/","og_site_name":"Vape Wholesale","article_modified_time":"2025-09-29T09:57:25+00:00","og_image":[{"width":1000,"height":1000,"url":"https:\/\/vapehosale.com\/wp-content\/uploads\/2025\/08\/Stag-Bar-Jagger-15k-Puffs-Disposable-Vape.webp","type":"image\/webp"}],"twitter_card":"summary_large_image","twitter_misc":{"Timp estimat pentru citire":"3 minute"},"schema":{"@context":"https:\/\/schema.org","@graph":[{"@type":"WebPage","@id":"https:\/\/vapehosale.com\/product\/stag-bar-jagger-15000-puffs-disposable-vape\/","url":"https:\/\/vapehosale.com\/product\/stag-bar-jagger-15000-puffs-disposable-vape\/","name":"Stag Bar Jagger 15000 Puffs Disposable Vape Eu Warehouse - Vape Wholesale","isPartOf":{"@id":"https:\/\/vapehosale.com\/#website"},"datePublished":"2025-08-20T09:18:13+00:00","dateModified":"2025-09-29T09:57:25+00:00","description":"Wholesale Stag Bar Jagger 15000 Puffs disposable vape. Enjoy 16ml of e-liquid, a rechargeable battery, and rich mesh coil flavor. Shipped from the EU.","breadcrumb":{"@id":"https:\/\/vapehosale.com\/product\/stag-bar-jagger-15000-puffs-disposable-vape\/#breadcrumb"},"inLanguage":"ro-RO","potentialAction":[{"@type":"ReadAction","target":["https:\/\/vapehosale.com\/product\/stag-bar-jagger-15000-puffs-disposable-vape\/"]}]},{"@type":"BreadcrumbList","@id":"https:\/\/vapehosale.com\/product\/stag-bar-jagger-15000-puffs-disposable-vape\/#breadcrumb","itemListElement":[{"@type":"ListItem","position":1,"name":"Home","item":"https:\/\/vapehosale.com\/"},{"@type":"ListItem","position":2,"name":"Best Sell Vapes","item":"https:\/\/vapehosale.com\/vape-shop\/"},{"@type":"ListItem","position":3,"name":"Stag Bar Jagger 15000 Puffs Disposable Vape Eu Warehouse"}]},{"@type":"WebSite","@id":"https:\/\/vapehosale.com\/#website","url":"https:\/\/vapehosale.com\/","name":"Vape Wholesale","description":"Buy Vape Wholesale Price Near you","potentialAction":[{"@type":"SearchAction","target":{"@type":"EntryPoint","urlTemplate":"https:\/\/vapehosale.com\/?s={search_term_string}"},"query-input":"required name=search_term_string"}],"inLanguage":"ro-RO"}]}},"uagb_featured_image_src":{"full":["https:\/\/vapehosale.com\/wp-content\/uploads\/2025\/08\/Stag-Bar-Jagger-15k-Puffs-Disposable-Vape.webp",1000,1000,false],"thumbnail":["https:\/\/vapehosale.com\/wp-content\/uploads\/2025\/08\/Stag-Bar-Jagger-15k-Puffs-Disposable-Vape-150x150.webp",150,150,true],"medium":["https:\/\/vapehosale.com\/wp-content\/uploads\/2025\/08\/Stag-Bar-Jagger-15k-Puffs-Disposable-Vape-300x300.webp",300,300,true],"medium_large":["https:\/\/vapehosale.com\/wp-content\/uploads\/2025\/08\/Stag-Bar-Jagger-15k-Puffs-Disposable-Vape-768x768.webp",768,768,true],"large":["https:\/\/vapehosale.com\/wp-content\/uploads\/2025\/08\/Stag-Bar-Jagger-15k-Puffs-Disposable-Vape.webp",1000,1000,false],"1536x1536":["https:\/\/vapehosale.com\/wp-content\/uploads\/2025\/08\/Stag-Bar-Jagger-15k-Puffs-Disposable-Vape.webp",1000,1000,false],"2048x2048":["https:\/\/vapehosale.com\/wp-content\/uploads\/2025\/08\/Stag-Bar-Jagger-15k-Puffs-Disposable-Vape.webp",1000,1000,false],"trp-custom-language-flag":["https:\/\/vapehosale.com\/wp-content\/uploads\/2025\/08\/Stag-Bar-Jagger-15k-Puffs-Disposable-Vape.webp",12,12,false],"woocommerce_thumbnail":["https:\/\/vapehosale.com\/wp-content\/uploads\/2025\/08\/Stag-Bar-Jagger-15k-Puffs-Disposable-Vape-300x300.webp",300,300,true],"woocommerce_single":["https:\/\/vapehosale.com\/wp-content\/uploads\/2025\/08\/Stag-Bar-Jagger-15k-Puffs-Disposable-Vape-600x600.webp",600,600,true],"woocommerce_gallery_thumbnail":["https:\/\/vapehosale.com\/wp-content\/uploads\/2025\/08\/Stag-Bar-Jagger-15k-Puffs-Disposable-Vape-100x100.webp",100,100,true],"wcpr-photo-reviews":["https:\/\/vapehosale.com\/wp-content\/uploads\/2025\/08\/Stag-Bar-Jagger-15k-Puffs-Disposable-Vape.webp",500,500,false]},"uagb_author_info":{"display_name":"Vicky hosale","author_link":"https:\/\/vapehosale.com\/ro\/author\/"},"uagb_comment_info":0,"uagb_excerpt":"Stag Bar Jagger 15000 Puffs disposable vape. With a 16ml capacity, rechargeable Type-C battery, and mesh coil for maximum flavor, it's the ultimate long-lasting vaping solution. (website price not include shipping cost) contact me for min order only 50 pcs! not sale under 50pcs, Wholesale only! &nbsp;","_links":{"self":[{"href":"https:\/\/vapehosale.com\/ro\/wp-json\/wp\/v2\/product\/5308","targetHints":{"allow":["GET"]}}],"collection":[{"href":"https:\/\/vapehosale.com\/ro\/wp-json\/wp\/v2\/product"}],"about":[{"href":"https:\/\/vapehosale.com\/ro\/wp-json\/wp\/v2\/types\/product"}],"replies":[{"embeddable":true,"href":"https:\/\/vapehosale.com\/ro\/wp-json\/wp\/v2\/comments?post=5308"}],"wp:featuredmedia":[{"embeddable":true,"href":"https:\/\/vapehosale.com\/ro\/wp-json\/wp\/v2\/media\/5307"}],"wp:attachment":[{"href":"https:\/\/vapehosale.com\/ro\/wp-json\/wp\/v2\/media?parent=5308"}],"wp:term":[{"taxonomy":"product_cat","embeddable":true,"href":"https:\/\/vapehosale.com\/ro\/wp-json\/wp\/v2\/product_cat?post=5308"},{"taxonomy":"product_tag","embeddable":true,"href":"https:\/\/vapehosale.com\/ro\/wp-json\/wp\/v2\/product_tag?post=5308"}],"curies":[{"name":"wp","href":"https:\/\/api.w.org\/{rel}","templated":true}]}}