{"id":5128,"date":"2025-08-06T08:06:08","date_gmt":"2025-08-06T08:06:08","guid":{"rendered":"https:\/\/vapehosale.com\/?post_type=product&#038;p=5128"},"modified":"2025-08-29T07:30:31","modified_gmt":"2025-08-29T07:30:31","slug":"waspe-100k-puffs-4-in1-disposable-vape","status":"publish","type":"product","link":"https:\/\/vapehosale.com\/ro\/product\/waspe-100k-puffs-4-in1-disposable-vape\/","title":{"rendered":"En-gros Waspe 100k Puffs 4in1 Dispozitiv de vapat de unic\u0103 folosin\u021b\u0103"},"content":{"rendered":"<h1 style=\"text-align: center\">Vape de unic\u0103 folosin\u021b\u0103 Waspe 100k Puffs 4in1<\/h1>\n<p><strong>Vape de unic\u0103 folosin\u021b\u0103 Waspe 100k puffs<\/strong>\u00a0ofer\u0103 un num\u0103r verificat de\u00a0<strong>100.000 de pufuri<\/strong>\u00a0dintr-o capacitate de 56 ml. Patru rezisten\u021be mesh de 1,0 ohmi asigur\u0103 consisten\u021ba aromei. Alege\u021bi sare de nicotin\u0103 2% sau 5%. O baterie de 650 mAh de tip C \u0219i un afi\u0219aj LED ofer\u0103 control. Cel mai bun\u00a0<a href=\"https:\/\/vapehosale.com\/ro\/product-category\/wholesale-100k-puffs-disposable-vape\/\"><strong>Vape de unic\u0103 folosin\u021b\u0103 de 100k Puffs<\/strong><\/a>\u00a0pentru pia\u021ba din UE. Comanda\u021bi acum.<\/p>\n<p><img decoding=\"async\" class=\"alignnone size-full wp-image-5125\" src=\"https:\/\/vapehosale.com\/wp-content\/uploads\/2025\/08\/Waspe-4-in-1-Flavors-100000-Puffs-Disposable-Vape.webp\" alt=\"Vape de unic\u0103 folosin\u021b\u0103 Waspe 4 \u00een 1 Arome 100000 Puffs\" width=\"1000\" height=\"600\" srcset=\"https:\/\/vapehosale.com\/wp-content\/uploads\/2025\/08\/Waspe-4-in-1-Flavors-100000-Puffs-Disposable-Vape.webp 1000w, https:\/\/vapehosale.com\/wp-content\/uploads\/2025\/08\/Waspe-4-in-1-Flavors-100000-Puffs-Disposable-Vape-300x180.webp 300w, https:\/\/vapehosale.com\/wp-content\/uploads\/2025\/08\/Waspe-4-in-1-Flavors-100000-Puffs-Disposable-Vape-768x461.webp 768w, https:\/\/vapehosale.com\/wp-content\/uploads\/2025\/08\/Waspe-4-in-1-Flavors-100000-Puffs-Disposable-Vape-600x360.webp 600w\" sizes=\"(max-width: 1000px) 100vw, 1000px\" \/><\/p>\n<h2>Caracteristici Waspe 100k Puffs<\/h2>\n<p>Pufuri: 100000 Pufuri<br \/>\nPatru arome<br \/>\nRezisten\u021b\u0103 Mesh: 1,0ohm x 4<br \/>\nE-lichid: 56ml<br \/>\nNicotin\u0103: 2% \/ 5%<br \/>\nBaterie: 650mah<br \/>\nRe\u00eenc\u0103rcabil\u0103: Tip-C<br \/>\nEcran LED<br \/>\nGreutate produs: 142g\/buc<br \/>\nDimensiune produs: 47*47*118mm<br \/>\nCANTITATE: 160buc\/ctn, 10buc\/cutie<br \/>\nGreutate brut\u0103: 23kg<\/p>\n<h2>Lista de arome Waspe 100k Puffs:<\/h2>\n<p>1.Pepene verde cu ghea\u021b\u0103<br \/>\n2.C\u0103p\u0219uni cu pepene verde<br \/>\n3. Red Bull Ice<br \/>\n4. C\u0103p\u0219uni Zmeur\u0103 Cire\u0219e<br \/>\n5. C\u0103p\u0219uni Banane<br \/>\n6. Afine cu Ghea\u021b\u0103<br \/>\n7. Cola cu Cire\u0219e \u0219i Ghea\u021b\u0103<br \/>\nGuma de mestecat cu pepene verde<br \/>\n8. Piersici Suculente cu Ghea\u021b\u0103<br \/>\n9. Struguri cu Ghea\u021b\u0103<br \/>\n10. Fructe de P\u0103dure Mixte<br \/>\n11. C\u0103p\u0219uni Red Bull<br \/>\nCola cu Cire\u0219e \u0219i Ghea\u021b\u0103<br \/>\n12. Afine Zmeur\u0103<br \/>\n<img decoding=\"async\" class=\"alignnone size-large wp-image-5116\" src=\"https:\/\/vapehosale.com\/wp-content\/uploads\/2025\/08\/Waspe-100000-Puffs-4in1-Flavor-Wholesale-955x1024.webp\" alt=\"Waspe 100000 Puffs 4 \u00een 1 Arome en-gros\" width=\"955\" height=\"1024\" srcset=\"https:\/\/vapehosale.com\/wp-content\/uploads\/2025\/08\/Waspe-100000-Puffs-4in1-Flavor-Wholesale-955x1024.webp 955w, https:\/\/vapehosale.com\/wp-content\/uploads\/2025\/08\/Waspe-100000-Puffs-4in1-Flavor-Wholesale-280x300.webp 280w, https:\/\/vapehosale.com\/wp-content\/uploads\/2025\/08\/Waspe-100000-Puffs-4in1-Flavor-Wholesale-768x823.webp 768w, https:\/\/vapehosale.com\/wp-content\/uploads\/2025\/08\/Waspe-100000-Puffs-4in1-Flavor-Wholesale-600x643.webp 600w, https:\/\/vapehosale.com\/wp-content\/uploads\/2025\/08\/Waspe-100000-Puffs-4in1-Flavor-Wholesale.webp 1000w\" sizes=\"(max-width: 955px) 100vw, 955px\" \/><\/p>\n<h3>\u00centreb\u0103ri frecvente despre waspe 100k puffs 4 \u00een 1 Vape de unic\u0103 folosin\u021b\u0103<\/h3>\n<ol start=\"1\">\n<li>\n<p class=\"ds-markdown-paragraph\"><strong>\u00ce: C\u00e2t de realist\u0103 este afirma\u021bia de 100000 de pufuri waspe?<\/strong><br \/>\nR: 100.000 de pufuri este un maxim testat \u00een laborator. Num\u0103rul dvs. real depinde de utilizare, dar\u00a0<strong>56 ml e-lichid<\/strong>\u00a0garanteaz\u0103 o longevitate extrem\u0103 fa\u021b\u0103 de dispozitivele de unic\u0103 folosin\u021b\u0103 standard.<\/p>\n<\/li>\n<li>\n<p class=\"ds-markdown-paragraph\"><strong>\u00ce: Pot vapa simultan toate cele patru arome waspe 100k?<\/strong><br \/>\nR: Nu. Ap\u0103sa\u021bi butonul de dou\u0103 ori pentru a parcurge individual fiecare dintre cele patru arome unice. LED-ul\u00a0<strong>LED<\/strong>\u00a0arat\u0103 aroma dvs. activ\u0103.<\/p>\n<\/li>\n<li>\n<p class=\"ds-markdown-paragraph\"><strong>\u00ce: C\u00e2t de des trebuie s\u0103 re\u00eencarc bateria waspe 100k 4 \u00een 1 vape 650mAh?<\/strong><br \/>\nR: Frecven\u021ba de re\u00eenc\u0103rcare depinde de utilizare. The\u00a0<strong>port Type-C<\/strong>\u00a0permite re\u00eenc\u0103rc\u0103ri rapide, asigur\u00e2nd c\u0103 bateria dureaz\u0103 mai mult dec\u00e2t\u00a0<strong>56 ml e-lichid<\/strong>.<\/p>\n<\/li>\n<li>\n<p class=\"ds-markdown-paragraph\"><strong>\u00ce: De ce s\u0103 aleg 2% vs 5% nicotin\u0103?<\/strong><br \/>\nR: Alege\u021bi\u00a0<strong>2% (20mg\/ml)<\/strong>\u00a0pentru o satisfac\u021bie mai bl\u00e2nd\u0103 sau\u00a0<strong>5% (50mg\/ml)<\/strong>\u00a0pentru un impact mai puternic. Ambele folosesc s\u0103ruri de nicotin\u0103 fine.<\/p>\n<\/li>\n<li>\n<p class=\"ds-markdown-paragraph\"><strong>\u00ce: Ce indic\u0103 afi\u0219ajul LED al Vap-ului de unic\u0103 folosin\u021b\u0103 waspe 100k puffs 4 \u00een 1?<\/strong><br \/>\nR: Bateria de\u00a0<strong>LED<\/strong>\u00a0arat\u0103 \u00een timp real\u00a0<strong>bateria<\/strong>\u00a0\u0219i identific\u0103 care dintre cele\u00a0<strong>patru arome<\/strong>\u00a0este activ\u0103 \u00een prezent.<\/p>\n<\/li>\n<\/ol>\n<h3 class=\"ds-markdown-paragraph\"><strong>De ce s\u0103 alege\u021bi vape-ul de unic\u0103 folosin\u021b\u0103 Waspe 4in1 100k Puffs?<\/strong><\/h3>\n<ol>\n<li class=\"ds-markdown-paragraph\"><strong>Rezisten\u021b\u0103 de neegalat:<\/strong>\u00a0100.000 de pufuri<\/li>\n<li class=\"ds-markdown-paragraph\"><strong>Varietate suprem\u0103 de arome:<\/strong>\u00a0Comuta\u021bi instantaneu \u00eentre patru arome premium \u00eentr-un singur dispozitiv.<\/li>\n<li class=\"ds-markdown-paragraph\"><strong>Calitate premium a vapingului:<\/strong>\u00a0Patru rezisten\u021be mesh de 1,0 ohmi ofer\u0103 o arom\u0103 bogat\u0103 \u0219i consistent\u0103.<\/li>\n<li class=\"ds-markdown-paragraph\"><strong>Inteligent<\/strong>\u00a0Re\u00eenc\u0103rcarea de tip C \u0219i afi\u0219ajul LED asigur\u0103 o utilizare f\u0103r\u0103 probleme.<\/li>\n<\/ol>\n<h3><strong>Con\u021binut pachet:<\/strong><\/h3>\n<p>1 x Vape de unic\u0103 folosin\u021b\u0103 Waspe 4in1 100k Puffs<br \/>\n<img decoding=\"async\" class=\"alignnone size-medium wp-image-5123\" src=\"https:\/\/vapehosale.com\/wp-content\/uploads\/2025\/08\/Europe-Top-Sale-Waspe-100000-Puffs-Disposable-Kit-300x173.webp\" alt=\"Kit de unic\u0103 folosin\u021b\u0103 Waspe 100000 Puffs, cel mai bine v\u00e2ndut \u00een Europa\" width=\"300\" height=\"173\" srcset=\"https:\/\/vapehosale.com\/wp-content\/uploads\/2025\/08\/Europe-Top-Sale-Waspe-100000-Puffs-Disposable-Kit-300x173.webp 300w, https:\/\/vapehosale.com\/wp-content\/uploads\/2025\/08\/Europe-Top-Sale-Waspe-100000-Puffs-Disposable-Kit-768x444.webp 768w, https:\/\/vapehosale.com\/wp-content\/uploads\/2025\/08\/Europe-Top-Sale-Waspe-100000-Puffs-Disposable-Kit-600x347.webp 600w, https:\/\/vapehosale.com\/wp-content\/uploads\/2025\/08\/Europe-Top-Sale-Waspe-100000-Puffs-Disposable-Kit.webp 1000w\" sizes=\"(max-width: 300px) 100vw, 300px\" \/><\/p>\n<h3>Contact Angrosist<\/h3>\n<p>\u2705WhatsApp angro direct din fabric\u0103:<a href=\"https:\/\/wa.me\/8618077105750\">+8618077105750<\/a><\/p>\n<p>\u2705Angrosi\u0219tii \u0219i distribuitorii sunt bineveni\u021bi s\u0103 personalizeze comenzi<br \/>\n\u2705Oferim produse de cea mai \u00eenalt\u0103 calitate \u0219i cele mai profesionale servicii.<\/p>\n<p><img decoding=\"async\" class=\"alignnone size-full wp-image-2638\" src=\"https:\/\/vapehosale.com\/wp-content\/uploads\/2023\/09\/885301ea6f5e0b91f5ab2b1c85e665c.png\" alt=\"Fabrica RandM\" width=\"670\" height=\"658\" srcset=\"https:\/\/vapehosale.com\/wp-content\/uploads\/2023\/09\/885301ea6f5e0b91f5ab2b1c85e665c.png 670w, https:\/\/vapehosale.com\/wp-content\/uploads\/2023\/09\/885301ea6f5e0b91f5ab2b1c85e665c-300x295.png 300w, https:\/\/vapehosale.com\/wp-content\/uploads\/2023\/09\/885301ea6f5e0b91f5ab2b1c85e665c-600x589.png 600w\" sizes=\"(max-width: 670px) 100vw, 670px\" \/><\/p>\n<p>Contact pentru catalog de produse:<a href=\"https:\/\/wa.me\/8618077105750\">Cump\u0103r\u0103 acum<\/a><br \/>\nAltele <a href=\"https:\/\/vapehosale.com\/ro\/product-tag\/waspe-vape\/\">vape de unic\u0103 folosin\u021b\u0103 Waspe<\/a> de care ave\u021bi nevoie<br \/>\n<a href=\"https:\/\/vapehosale.com\/ro\/product\/waspe-60000-puffs-triple-flavor-disposable-vape\/\">1.Vape de unic\u0103 folosin\u021b\u0103 Waspe 60000 Puffs cu arom\u0103 tripl\u0103<\/a><br \/>\n<a href=\"https:\/\/vapehosale.com\/ro\/product\/waspe-crystal-40k-puffs-dual-flavor-disposable-vape-20mg-nicotine-vape\/\">2.Vape de unic\u0103 folosin\u021b\u0103 Waspe crystal 40k Puffs cu arom\u0103 dubl\u0103, 20mg Nicotin\u0103<\/a><br \/>\n<a href=\"https:\/\/vapehosale.com\/ro\/product\/waspe-40000-puffs-dual-flavors-disposable-vape\/\">3.Vape de unic\u0103 folosin\u021b\u0103 Waspe 40000 Puffs cu arome duble<\/a><br \/>\n<a href=\"https:\/\/vapehosale.com\/ro\/product-category\/wholesale-100k-puffs-disposable-vape\/\">Catalog 100k pufuri<\/a><\/p>\n<p>Vaporizator cu form\u0103 special\u0103:<a href=\"https:\/\/vapehosale.com\/ro\/product\/bulk-buy-bang-king-12000\/\">form\u0103 de sticl\u0103<\/a>\/cutie de Cola\/<a href=\"https:\/\/vapehosale.com\/ro\/product\/sidia-12000-puffs-disposable-device\/\">lumin\u0103 RGB<\/a>\/Cristal<\/p>\n<h3>Detalii de livrare:<\/h3>\n<p>Timp de produc\u021bie: 5 zile lucr\u0103toare<br \/>\nTimp de livrare la adresa din Europa: 8-14 zile lucr\u0103toare<\/p>\n<h3>Detalii de plat\u0103:<\/h3>\n<p>Accept\u0103m plata prin transfer bancar sau Western Union, suntem o fabric\u0103 de vapoare din China, <span style=\"color: #ff0000\">nu accept\u0103m plata la livrare.<\/span><\/p>\n<p>Toate produsele din magazinul nostru sunt 100% originale \u0219i autentice, de aceea compensarea de zece ori pentru produsele contraf\u0103cute este politica magazinului nostru.<\/p>\n<p>\u00cenlocuire gratuit\u0103 pentru probleme de calitate<\/p>","protected":false},"excerpt":{"rendered":"<p>Vape-ul de unic\u0103 folosin\u021b\u0103 Waspe 100k Puffs 4in1 ofer\u0103 o longevitate extrem\u0103, cu 56 ml de lichid \u0219i patru arome distincte. Dispune de patru rezisten\u021be mesh de 1,0 ohmi, nicotin\u0103 2%\/5%, baterie re\u00eenc\u0103rcabil\u0103 de 650 mAh de tip C \u0219i afi\u0219aj LED. <span style=\"color: #ff0000\">(pre\u021bul de pe site nu include costul de transport)<\/span><\/p>\n<p><span style=\"color: #ff0000\">contacta\u021bi-m\u0103 pentru comand\u0103 minim\u0103 de doar 50 buc\u0103\u021bi! nu se vinde sub 50 buc\u0103\u021bi, <\/span>Doar en-gros!<\/p>\n<p><img decoding=\"async\" class=\"alignnone size-medium wp-image-2638\" src=\"https:\/\/vapehosale.com\/wp-content\/uploads\/2023\/09\/885301ea6f5e0b91f5ab2b1c85e665c-300x295.png\" alt=\"Fabrica RandM\" width=\"300\" height=\"295\" srcset=\"https:\/\/vapehosale.com\/wp-content\/uploads\/2023\/09\/885301ea6f5e0b91f5ab2b1c85e665c-300x295.png 300w, https:\/\/vapehosale.com\/wp-content\/uploads\/2023\/09\/885301ea6f5e0b91f5ab2b1c85e665c-600x589.png 600w, https:\/\/vapehosale.com\/wp-content\/uploads\/2023\/09\/885301ea6f5e0b91f5ab2b1c85e665c.png 670w\" sizes=\"(max-width: 300px) 100vw, 300px\" \/><\/p>\n<p>&nbsp;<\/p>","protected":false},"featured_media":5115,"comment_status":"open","ping_status":"closed","template":"","meta":{"_uag_custom_page_level_css":"","_lmt_disableupdate":"no","_lmt_disable":"","site-sidebar-layout":"default","site-content-layout":"","ast-site-content-layout":"default","site-content-style":"default","site-sidebar-style":"default","ast-global-header-display":"","ast-banner-title-visibility":"","ast-main-header-display":"","ast-hfb-above-header-display":"","ast-hfb-below-header-display":"","ast-hfb-mobile-header-display":"","site-post-title":"","ast-breadcrumbs-content":"","ast-featured-img":"","footer-sml-layout":"","theme-transparent-header-meta":"default","adv-header-id-meta":"","stick-header-meta":"","header-above-stick-meta":"","header-main-stick-meta":"","header-below-stick-meta":"","astra-migrate-meta-layouts":"set","_joinchat":[]},"product_cat":[99,41,55,15,142],"product_tag":[76,46,35,33,44],"class_list":["post-5128","product","type-product","status-publish","has-post-thumbnail","hentry","product_cat-wholesale-100k-puffs-disposable-vape","product_cat-europe-hot-sale-vape","product_cat-minimum-order-quantity-50pcs","product_cat-vape-shop-wholesale","product_cat-waspe-vape","product_tag-airflow-control-vape","product_tag-double-mesh-coil-vape","product_tag-rechargeable-disposable-device","product_tag-rgb-light-disposable-vape","product_tag-waspe-vape","desktop-align-left","tablet-align-left","mobile-align-left"],"yoast_head":"<!-- This site is optimized with the Yoast SEO plugin v21.1 - https:\/\/yoast.com\/wordpress\/plugins\/seo\/ -->\n<title>Wholesale Waspe 100k Puffs 4in1 Disposable Vape - Vape Wholesale<\/title>\n<meta name=\"description\" content=\"Get the ultimate Waspe 100k Puffs Disposable Vape \u2013 Europe\u2019s top choice for long-lasting flavour and power. Designed for modern users. Grab yours now!\" \/>\n<meta name=\"robots\" content=\"index, follow, max-snippet:-1, max-image-preview:large, max-video-preview:-1\" \/>\n<link rel=\"canonical\" href=\"https:\/\/vapehosale.com\/ro\/product\/waspe-100k-puffs-4-in1-disposable-vape\/\" \/>\n<meta property=\"og:locale\" content=\"ro_RO\" \/>\n<meta property=\"og:type\" content=\"article\" \/>\n<meta property=\"og:title\" content=\"Wholesale Waspe 100k Puffs 4in1 Disposable Vape - Vape Wholesale\" \/>\n<meta property=\"og:description\" content=\"Get the ultimate Waspe 100k Puffs Disposable Vape \u2013 Europe\u2019s top choice for long-lasting flavour and power. Designed for modern users. Grab yours now!\" \/>\n<meta property=\"og:url\" content=\"https:\/\/vapehosale.com\/ro\/product\/waspe-100k-puffs-4-in1-disposable-vape\/\" \/>\n<meta property=\"og:site_name\" content=\"Vape Wholesale\" \/>\n<meta property=\"article:modified_time\" content=\"2025-08-29T07:30:31+00:00\" \/>\n<meta property=\"og:image\" content=\"https:\/\/vapehosale.com\/wp-content\/uploads\/2025\/08\/Waspe-100000-Puffs-4-flavor-Rechargeable-vape.webp\" \/>\n\t<meta property=\"og:image:width\" content=\"750\" \/>\n\t<meta property=\"og:image:height\" content=\"999\" \/>\n\t<meta property=\"og:image:type\" content=\"image\/webp\" \/>\n<meta name=\"twitter:card\" content=\"summary_large_image\" \/>\n<meta name=\"twitter:label1\" content=\"Timp estimat pentru citire\" \/>\n\t<meta name=\"twitter:data1\" content=\"4 minute\" \/>\n<script type=\"application\/ld+json\" class=\"yoast-schema-graph\">{\"@context\":\"https:\/\/schema.org\",\"@graph\":[{\"@type\":\"WebPage\",\"@id\":\"https:\/\/vapehosale.com\/product\/waspe-100k-puffs-4-in1-disposable-vape\/\",\"url\":\"https:\/\/vapehosale.com\/product\/waspe-100k-puffs-4-in1-disposable-vape\/\",\"name\":\"Wholesale Waspe 100k Puffs 4in1 Disposable Vape - Vape Wholesale\",\"isPartOf\":{\"@id\":\"https:\/\/vapehosale.com\/#website\"},\"datePublished\":\"2025-08-06T08:06:08+00:00\",\"dateModified\":\"2025-08-29T07:30:31+00:00\",\"description\":\"Get the ultimate Waspe 100k Puffs Disposable Vape \u2013 Europe\u2019s top choice for long-lasting flavour and power. Designed for modern users. Grab yours now!\",\"breadcrumb\":{\"@id\":\"https:\/\/vapehosale.com\/product\/waspe-100k-puffs-4-in1-disposable-vape\/#breadcrumb\"},\"inLanguage\":\"ro-RO\",\"potentialAction\":[{\"@type\":\"ReadAction\",\"target\":[\"https:\/\/vapehosale.com\/product\/waspe-100k-puffs-4-in1-disposable-vape\/\"]}]},{\"@type\":\"BreadcrumbList\",\"@id\":\"https:\/\/vapehosale.com\/product\/waspe-100k-puffs-4-in1-disposable-vape\/#breadcrumb\",\"itemListElement\":[{\"@type\":\"ListItem\",\"position\":1,\"name\":\"Home\",\"item\":\"https:\/\/vapehosale.com\/\"},{\"@type\":\"ListItem\",\"position\":2,\"name\":\"Best Sell Vapes\",\"item\":\"https:\/\/vapehosale.com\/vape-shop\/\"},{\"@type\":\"ListItem\",\"position\":3,\"name\":\"Wholesale Waspe 100k Puffs 4in1 Disposable Vape\"}]},{\"@type\":\"WebSite\",\"@id\":\"https:\/\/vapehosale.com\/#website\",\"url\":\"https:\/\/vapehosale.com\/\",\"name\":\"Vape Wholesale\",\"description\":\"Buy Vape Wholesale Price Near you\",\"potentialAction\":[{\"@type\":\"SearchAction\",\"target\":{\"@type\":\"EntryPoint\",\"urlTemplate\":\"https:\/\/vapehosale.com\/?s={search_term_string}\"},\"query-input\":\"required name=search_term_string\"}],\"inLanguage\":\"ro-RO\"}]}<\/script>\n<!-- \/ Yoast SEO plugin. -->","yoast_head_json":{"title":"Wholesale Waspe 100k Puffs 4in1 Disposable Vape - Vape Wholesale","description":"Get the ultimate Waspe 100k Puffs Disposable Vape \u2013 Europe\u2019s top choice for long-lasting flavour and power. Designed for modern users. Grab yours now!","robots":{"index":"index","follow":"follow","max-snippet":"max-snippet:-1","max-image-preview":"max-image-preview:large","max-video-preview":"max-video-preview:-1"},"canonical":"https:\/\/vapehosale.com\/ro\/product\/waspe-100k-puffs-4-in1-disposable-vape\/","og_locale":"ro_RO","og_type":"article","og_title":"Wholesale Waspe 100k Puffs 4in1 Disposable Vape - Vape Wholesale","og_description":"Get the ultimate Waspe 100k Puffs Disposable Vape \u2013 Europe\u2019s top choice for long-lasting flavour and power. Designed for modern users. Grab yours now!","og_url":"https:\/\/vapehosale.com\/ro\/product\/waspe-100k-puffs-4-in1-disposable-vape\/","og_site_name":"Vape Wholesale","article_modified_time":"2025-08-29T07:30:31+00:00","og_image":[{"width":750,"height":999,"url":"https:\/\/vapehosale.com\/wp-content\/uploads\/2025\/08\/Waspe-100000-Puffs-4-flavor-Rechargeable-vape.webp","type":"image\/webp"}],"twitter_card":"summary_large_image","twitter_misc":{"Timp estimat pentru citire":"4 minute"},"schema":{"@context":"https:\/\/schema.org","@graph":[{"@type":"WebPage","@id":"https:\/\/vapehosale.com\/product\/waspe-100k-puffs-4-in1-disposable-vape\/","url":"https:\/\/vapehosale.com\/product\/waspe-100k-puffs-4-in1-disposable-vape\/","name":"Wholesale Waspe 100k Puffs 4in1 Disposable Vape - Vape Wholesale","isPartOf":{"@id":"https:\/\/vapehosale.com\/#website"},"datePublished":"2025-08-06T08:06:08+00:00","dateModified":"2025-08-29T07:30:31+00:00","description":"Get the ultimate Waspe 100k Puffs Disposable Vape \u2013 Europe\u2019s top choice for long-lasting flavour and power. Designed for modern users. Grab yours now!","breadcrumb":{"@id":"https:\/\/vapehosale.com\/product\/waspe-100k-puffs-4-in1-disposable-vape\/#breadcrumb"},"inLanguage":"ro-RO","potentialAction":[{"@type":"ReadAction","target":["https:\/\/vapehosale.com\/product\/waspe-100k-puffs-4-in1-disposable-vape\/"]}]},{"@type":"BreadcrumbList","@id":"https:\/\/vapehosale.com\/product\/waspe-100k-puffs-4-in1-disposable-vape\/#breadcrumb","itemListElement":[{"@type":"ListItem","position":1,"name":"Home","item":"https:\/\/vapehosale.com\/"},{"@type":"ListItem","position":2,"name":"Best Sell Vapes","item":"https:\/\/vapehosale.com\/vape-shop\/"},{"@type":"ListItem","position":3,"name":"Wholesale Waspe 100k Puffs 4in1 Disposable Vape"}]},{"@type":"WebSite","@id":"https:\/\/vapehosale.com\/#website","url":"https:\/\/vapehosale.com\/","name":"Vape Wholesale","description":"Buy Vape Wholesale Price Near you","potentialAction":[{"@type":"SearchAction","target":{"@type":"EntryPoint","urlTemplate":"https:\/\/vapehosale.com\/?s={search_term_string}"},"query-input":"required name=search_term_string"}],"inLanguage":"ro-RO"}]}},"uagb_featured_image_src":{"full":["https:\/\/vapehosale.com\/wp-content\/uploads\/2025\/08\/Waspe-100000-Puffs-4-flavor-Rechargeable-vape.webp",750,999,false],"thumbnail":["https:\/\/vapehosale.com\/wp-content\/uploads\/2025\/08\/Waspe-100000-Puffs-4-flavor-Rechargeable-vape-150x150.webp",150,150,true],"medium":["https:\/\/vapehosale.com\/wp-content\/uploads\/2025\/08\/Waspe-100000-Puffs-4-flavor-Rechargeable-vape-225x300.webp",225,300,true],"medium_large":["https:\/\/vapehosale.com\/wp-content\/uploads\/2025\/08\/Waspe-100000-Puffs-4-flavor-Rechargeable-vape.webp",750,999,false],"large":["https:\/\/vapehosale.com\/wp-content\/uploads\/2025\/08\/Waspe-100000-Puffs-4-flavor-Rechargeable-vape.webp",750,999,false],"1536x1536":["https:\/\/vapehosale.com\/wp-content\/uploads\/2025\/08\/Waspe-100000-Puffs-4-flavor-Rechargeable-vape.webp",750,999,false],"2048x2048":["https:\/\/vapehosale.com\/wp-content\/uploads\/2025\/08\/Waspe-100000-Puffs-4-flavor-Rechargeable-vape.webp",750,999,false],"trp-custom-language-flag":["https:\/\/vapehosale.com\/wp-content\/uploads\/2025\/08\/Waspe-100000-Puffs-4-flavor-Rechargeable-vape.webp",9,12,false],"woocommerce_thumbnail":["https:\/\/vapehosale.com\/wp-content\/uploads\/2025\/08\/Waspe-100000-Puffs-4-flavor-Rechargeable-vape-300x300.webp",300,300,true],"woocommerce_single":["https:\/\/vapehosale.com\/wp-content\/uploads\/2025\/08\/Waspe-100000-Puffs-4-flavor-Rechargeable-vape-600x799.webp",600,799,true],"woocommerce_gallery_thumbnail":["https:\/\/vapehosale.com\/wp-content\/uploads\/2025\/08\/Waspe-100000-Puffs-4-flavor-Rechargeable-vape-100x100.webp",100,100,true],"wcpr-photo-reviews":["https:\/\/vapehosale.com\/wp-content\/uploads\/2025\/08\/Waspe-100000-Puffs-4-flavor-Rechargeable-vape.webp",375,500,false]},"uagb_author_info":{"display_name":"Vicky hosale","author_link":"https:\/\/vapehosale.com\/ro\/author\/"},"uagb_comment_info":0,"uagb_excerpt":"Waspe 100k Puffs 4in1 Disposable Vape offers extreme longevity 56ml liquid, with four distinct flavors. Features four 1.0ohm mesh coils, 2%\/5% nicotine, 650mAh Type-C rechargeable battery, and LED display. (website price not include shipping cost) contact me for min order only 50 pcs! not sale under 50pcs, Wholesale only! &nbsp;","_links":{"self":[{"href":"https:\/\/vapehosale.com\/ro\/wp-json\/wp\/v2\/product\/5128","targetHints":{"allow":["GET"]}}],"collection":[{"href":"https:\/\/vapehosale.com\/ro\/wp-json\/wp\/v2\/product"}],"about":[{"href":"https:\/\/vapehosale.com\/ro\/wp-json\/wp\/v2\/types\/product"}],"replies":[{"embeddable":true,"href":"https:\/\/vapehosale.com\/ro\/wp-json\/wp\/v2\/comments?post=5128"}],"wp:featuredmedia":[{"embeddable":true,"href":"https:\/\/vapehosale.com\/ro\/wp-json\/wp\/v2\/media\/5115"}],"wp:attachment":[{"href":"https:\/\/vapehosale.com\/ro\/wp-json\/wp\/v2\/media?parent=5128"}],"wp:term":[{"taxonomy":"product_cat","embeddable":true,"href":"https:\/\/vapehosale.com\/ro\/wp-json\/wp\/v2\/product_cat?post=5128"},{"taxonomy":"product_tag","embeddable":true,"href":"https:\/\/vapehosale.com\/ro\/wp-json\/wp\/v2\/product_tag?post=5128"}],"curies":[{"name":"wp","href":"https:\/\/api.w.org\/{rel}","templated":true}]}}