{"id":4812,"date":"2025-07-14T03:58:54","date_gmt":"2025-07-14T03:58:54","guid":{"rendered":"https:\/\/vapehosale.com\/?post_type=product&#038;p=4812"},"modified":"2025-08-12T08:02:25","modified_gmt":"2025-08-12T08:02:25","slug":"vopk-four-flavors-80000-puffs-digital-box-disposable-vape","status":"publish","type":"product","link":"https:\/\/vapehosale.com\/ro\/produs\/vopk-four-flavors-80000-puffs-digital-box-disposable-vape\/","title":{"rendered":"V\u00e2nzare en-gros VOPK Patru Arome 80000 pufuri Cutie digital\u0103 Vap de unic\u0103 folosin\u021b\u0103"},"content":{"rendered":"<h2>VOPK Four Flavors 80000 Puffs Digital Box \u021aigar\u0103 electronic\u0103 de unic\u0103 folosin\u021b\u0103<\/h2>\n<p>VOPK cu patru arome, 80000 de pufuri, box digital, \u021bigar\u0103 electronic\u0103 de unic\u0103 folosin\u021b\u0103 ofer\u0103 un num\u0103r de 80000 de pufuri, lider \u00een industrie, alimentat\u0103 de o capacitate de 60 ml de e-lichid \u0219i o baterie re\u00eenc\u0103rcabil\u0103 pentru o performan\u021b\u0103 sus\u021binut\u0103. Vopk de unic\u0103 folosin\u021b\u0103 80k Alege\u021bi \u00eentre 20 mg sau 50 mg de nicotin\u0103 \u0219i bucura\u021bi-v\u0103 de patru arome ajustabile per \u021bigar\u0103 electronic\u0103 vopk 80k - selectate din 40 de op\u021biuni totale - prin intermediul controalelor digitale intuitive. Afi\u0219ajul digital \u00eencorporat monitorizeaz\u0103 utilizarea \u00een timp real, asigur\u00e2nd controlul precis \u0219i confort. Compact\u0103, dar bogat\u0103 \u00een func\u021bii, aceast\u0103 \u021bigar\u0103 electronic\u0103 VOPK cu 80000 de pufuri redefine\u0219te vapatul de lung\u0103 durat\u0103 \u0219i personalizabil, f\u0103r\u0103 re\u00eenc\u0103rc\u0103ri sau compromisuri.<br \/>\n<img decoding=\"async\" class=\"alignnone size-large wp-image-4810\" src=\"https:\/\/vapehosale.com\/wp-content\/uploads\/2025\/07\/80000-Puffs-VOPK-Disposable-Kit-Online-Shop-1024x644.webp\" alt=\"80000 Pufuri VOPK Tigara Electronica de Unica Folosinta Magazin Online\" width=\"1024\" height=\"644\" srcset=\"https:\/\/vapehosale.com\/wp-content\/uploads\/2025\/07\/80000-Puffs-VOPK-Disposable-Kit-Online-Shop-1024x644.webp 1024w, https:\/\/vapehosale.com\/wp-content\/uploads\/2025\/07\/80000-Puffs-VOPK-Disposable-Kit-Online-Shop-300x189.webp 300w, https:\/\/vapehosale.com\/wp-content\/uploads\/2025\/07\/80000-Puffs-VOPK-Disposable-Kit-Online-Shop-768x483.webp 768w, https:\/\/vapehosale.com\/wp-content\/uploads\/2025\/07\/80000-Puffs-VOPK-Disposable-Kit-Online-Shop-1536x966.webp 1536w, https:\/\/vapehosale.com\/wp-content\/uploads\/2025\/07\/80000-Puffs-VOPK-Disposable-Kit-Online-Shop-2048x1287.webp 2048w, https:\/\/vapehosale.com\/wp-content\/uploads\/2025\/07\/80000-Puffs-VOPK-Disposable-Kit-Online-Shop-600x377.webp 600w\" sizes=\"(max-width: 1024px) 100vw, 1024px\" \/> <img decoding=\"async\" class=\"alignnone size-large wp-image-4808\" src=\"https:\/\/vapehosale.com\/wp-content\/uploads\/2025\/07\/80k-Puffs-VOPK-Disposable-Device-4in1-Flavor-1024x599.webp\" alt=\"80k Pufuri VOPK Dispozitiv de Unica Folosinta 4in1 Aroma\" width=\"1024\" height=\"599\" srcset=\"https:\/\/vapehosale.com\/wp-content\/uploads\/2025\/07\/80k-Puffs-VOPK-Disposable-Device-4in1-Flavor-1024x599.webp 1024w, https:\/\/vapehosale.com\/wp-content\/uploads\/2025\/07\/80k-Puffs-VOPK-Disposable-Device-4in1-Flavor-300x176.webp 300w, https:\/\/vapehosale.com\/wp-content\/uploads\/2025\/07\/80k-Puffs-VOPK-Disposable-Device-4in1-Flavor-768x450.webp 768w, https:\/\/vapehosale.com\/wp-content\/uploads\/2025\/07\/80k-Puffs-VOPK-Disposable-Device-4in1-Flavor-1536x899.webp 1536w, https:\/\/vapehosale.com\/wp-content\/uploads\/2025\/07\/80k-Puffs-VOPK-Disposable-Device-4in1-Flavor-2048x1199.webp 2048w, https:\/\/vapehosale.com\/wp-content\/uploads\/2025\/07\/80k-Puffs-VOPK-Disposable-Device-4in1-Flavor-600x351.webp 600w\" sizes=\"(max-width: 1024px) 100vw, 1024px\" \/><\/p>\n<h3>De unde pot cump\u0103ra VOPK cu patru arome \u0219i 80000 de pufuri la pre\u021b de angro (pre\u021b de achizi\u021bie \u00een vrac)?<\/h3>\n<h3>VOPK<\/h3>\n<h4>Pre\u021b de v\u00e2nzare cu am\u0103nuntul 80k Pufuri: 17\u20ac-18\u20ac<\/h4>\n<p>&nbsp;<\/p>\n<h2>Caracteristici VOPK cu patru arome \u0219i 80k pufuri:<\/h2>\n<p>Marc\u0103: VOPK<br \/>\nPufuri: 80000 Pufuri<br \/>\nCapacitate e-lichid: 60 ml<br \/>\nNicotin\u0103: 20mg sau 50mg<br \/>\nArom\u0103: 10+10+10+10 arome<br \/>\nBaterie re\u00eenc\u0103rcabil\u0103<br \/>\n4 arome ajustabile pentru fiecare dispozitiv<br \/>\nAfi\u0219aj digital<\/p>\n<h2>Lista de arome VOPK 4\u00een1 80000 de pufuri:<\/h2>\n<p>1. pepene ro\u0219u cu ghea\u021b\u0103<br \/>\nPepene triplu cu ghea\u021b\u0103<br \/>\nZmeur\u0103 albastr\u0103 cu ghea\u021b\u0103<br \/>\n\u00cenghe\u021bat\u0103 de c\u0103p\u0219uni<br \/>\n2. Afine zmeur\u0103<br \/>\nFuji cu ghea\u021b\u0103<br \/>\nFructe de p\u0103dure mixte<br \/>\nAfine cu bomboane de cocos<br \/>\n3. C\u0103p\u0219uni cu pepene ro\u0219u<br \/>\nMeri\u0219or cu struguri<br \/>\nMango cu ghea\u021b\u0103<br \/>\nC\u0103p\u0219uni cu bomboane de zmeur\u0103<br \/>\n4. Ghea\u021b\u0103 Red Bull<br \/>\nFructul pasiunii kiwi lime<br \/>\nM\u0103r acru zmeur\u0103 C\u0103p\u0219un\u0103 pepene verde gum\u0103 de mestecat<br \/>\n5. Ghea\u021b\u0103 de afine<br \/>\nPiersic\u0103 mango pepene verde<br \/>\nPepene galben m\u0103r<br \/>\nGhea\u021b\u0103 efervescent\u0103 de cire\u0219e<br \/>\n6. Mango cu c\u0103p\u0219uni<br \/>\nC\u0103p\u0219uni \u0219i kiwi<br \/>\nPepene verde Fructul dragonului<br \/>\nUrsule\u021b gumos<br \/>\n7. Dragoste 66<br \/>\nZmeur\u0103 \u0219i pepene ro\u0219u<br \/>\nC\u0103p\u0219un\u0103 Zmeur\u0103 cire\u0219e<br \/>\nGhea\u021b\u0103 de bomboane de cire\u0219e<br \/>\n8. Banana cu c\u0103p\u0219uni<br \/>\nGhea\u021b\u0103 de ananas \u0219i nuc\u0103 de cocos<br \/>\nMango piersic\u0103 caise<br \/>\nAloe mango pepene galben<br \/>\n9. Bomboane curcubeu<br \/>\nGhea\u021b\u0103 de piersici<br \/>\nPortocal\u0103 acr\u0103 cu l\u0103m\u00e2ie<br \/>\nMeri\u0219or L\u0103m\u00e2ie<br \/>\n10. Kiwi fructul pasiunii guava<br \/>\nC\u0103p\u0219uni \u0219i cire\u0219e<br \/>\nGhea\u021b\u0103 de struguri<br \/>\nBomboane cu c\u0103p\u0219uni<\/p>\n<h3>\u00centreb\u0103ri frecvente despre \u021bigara electronic\u0103 VOPK 4 \u00een 1 cu 80k pufuri<\/h3>\n<ol start=\"1\">\n<li>\n<p class=\"ds-markdown-paragraph\"><strong>C\u00e2t dureaz\u0103 un dispozitiv VOPK cu 80000 de pufuri?<\/strong><br \/>\n\u021aigara electronic\u0103 Vopk 4\u00een1 cu 80000 de pufuri, av\u00e2nd 60 ml de e-lichid \u0219i un management eficient al energiei, dureaz\u0103 de obicei 4-6 s\u0103pt\u0103m\u00e2ni cu o utilizare zilnic\u0103 moderat\u0103.<\/p>\n<\/li>\n<li>\n<p class=\"ds-markdown-paragraph\"><strong>Pot schimba aromele cu u\u0219urin\u021b\u0103?<\/strong><br \/>\nDa! Interfa\u021ba digital\u0103 \u00ee\u021bi permite s\u0103 alternezi f\u0103r\u0103 probleme \u00eentre cele patru arome presetate pe fiecare dispozitiv.<\/p>\n<\/li>\n<li>\n<p class=\"ds-markdown-paragraph\"><strong>Bateria \u021big\u0103rii electronice vopk cu 80k pufuri este \u00eenlocuibil\u0103?<\/strong><br \/>\nNu, dar bateria re\u00eenc\u0103rcabil\u0103 integrat\u0103 suport\u0103 mai multe cicluri complete prin \u00eenc\u0103rcare USB-C.<\/p>\n<\/li>\n<li>\n<p class=\"ds-markdown-paragraph\"><strong>Ce concentra\u021bii de nicotin\u0103 sunt disponibile pentru vopk disposable vape four flavor 80000 puffs?<\/strong><br \/>\nOp\u021biunile includ s\u0103ruri de nicotin\u0103 de 20mg (2%) sau 50mg (5%), adaptate diferitelor preferin\u021be.<\/p>\n<\/li>\n<li>\n<p class=\"ds-markdown-paragraph\"><strong>C\u00e2te op\u021biuni de arome sunt incluse la fiecare achizi\u021bie?<\/strong><br \/>\nFiecare unitate include patru arome preselectate, alese din 10+10+10+10 op\u021biuni totale \u00een timpul comenzii.<\/p>\n<\/li>\n<\/ol>\n<h3>De ce s\u0103 alege\u021bi VOPK 80000 Puffs 4-\u00een-1 Flavor Disposable Vape?<\/h3>\n<p class=\"ds-markdown-paragraph\"><strong>Longevitate inegalabil\u0103<\/strong>: 80000 de pufuri \u0219i capacitatea de 60 ml elimin\u0103 \u00eenlocuirile frecvente.<br \/>\n<strong>Flexibilitate \u00een Arome<\/strong>: Comuta\u021bi instantaneu \u00eentre patru arome distincte \u00eentr-un singur dispozitiv compact.<br \/>\n<strong>Integrare Tehnologie Inteligent\u0103<\/strong>: Afi\u0219ajul digital urm\u0103re\u0219te pufurile \u0219i durata de via\u021b\u0103 a bateriei pentru o vapare informat\u0103.<br \/>\n<strong>Control Personalizat al Nicotinei<\/strong>: Selecta\u021bi concentra\u021bii de 20mg sau 50mg pentru a se potrivi intensit\u0103\u021bii poftei dumneavoastr\u0103.<\/p>\n<h4>Pachetul con\u021bine<\/h4>\n<p>1 x VOPK Patru Arome 80000 Pufuri Cutie Digital\u0103 Vape Dispozitiv de unic\u0103 folosin\u021b\u0103<\/p>\n<h4>Vape de unic\u0103 folosin\u021b\u0103, bestseller \u00een Europa<\/h4>\n<p><a href=\"https:\/\/vapehosale.com\/ro\/produs\/vozol-rava-40000-puffs-dual-power-model-disposable-vape\/\">Vozol Rava 40000 pufuri Model cu putere dubl\u0103 Vap de unic\u0103 folosin\u021b\u0103<\/a><\/p>\n<p><a href=\"https:\/\/vapehosale.com\/ro\/produs\/fizzy-max-60k-puffs-disposable-vape-6-flavor\/\">Vape de unic\u0103 folosin\u021b\u0103 Fizzy Max 60k Puffs, 6 arome<\/a>r<\/p>\n<p><a href=\"https:\/\/vapehosale.com\/ro\/produs\/eu-warehouse-vapsolo-honor-20k-puffs-disposable-vape\/\">Vape de unic\u0103 folosin\u021b\u0103 Vapsolo honor 20k de pufuri<\/a><\/p>\n<p><a href=\"https:\/\/vapehosale.com\/ro\/categorie-produs\/disposable-vape-in-european-warehouse\/\">Vape de unic\u0103 folosin\u021b\u0103, en-gros, depozit UE<\/a><\/p>\n<p>Vape model cu form\u0103 special\u0103: form\u0103 de sticl\u0103 \/ cutie de Cola \/ lumin\u0103 RGB \/ Cristal<\/p>\n<h4>Detalii de livrare:<\/h4>\n<p>Timp de produc\u021bie: 5 zile lucr\u0103toare<br \/>\nTimp de livrare: 10-14 zile lucr\u0103toare<\/p>\n<p>Toate produsele din magazinul nostru sunt 100% originale \u0219i autentice, de zece ori compensa\u021bie pentru bunurile contraf\u0103cute.<\/p>\n<p>Pentru pre\u021buri mai detaliate cu ridicata, MOQ \u0219i SKU, v\u0103 rug\u0103m s\u0103 contacta\u021bi managerul nostru de v\u00e2nz\u0103ri Vicky <a href=\"https:\/\/wa.me\/8618077105750\">whatsapp:+8618077105750<\/a><\/p>\n<p><img decoding=\"async\" class=\"alignnone size-full wp-image-2638\" src=\"https:\/\/vapehosale.com\/wp-content\/uploads\/2023\/09\/885301ea6f5e0b91f5ab2b1c85e665c.png\" alt=\"Fabrica RandM\" width=\"670\" height=\"658\" srcset=\"https:\/\/vapehosale.com\/wp-content\/uploads\/2023\/09\/885301ea6f5e0b91f5ab2b1c85e665c.png 670w, https:\/\/vapehosale.com\/wp-content\/uploads\/2023\/09\/885301ea6f5e0b91f5ab2b1c85e665c-300x295.png 300w, https:\/\/vapehosale.com\/wp-content\/uploads\/2023\/09\/885301ea6f5e0b91f5ab2b1c85e665c-600x589.png 600w\" sizes=\"(max-width: 670px) 100vw, 670px\" \/><\/p>","protected":false},"excerpt":{"rendered":"<p><span style=\"color: #ff0000\"><span style=\"color: #000000\">\u021aigara electronic\u0103 de unic\u0103 folosin\u021b\u0103 VOPK cu patru arome \u0219i 80000 de pufuri! Dispune de 60 ml de e-lichid, 4 arome ajustabile per dispozitiv \u0219i un afi\u0219aj digital. Alege\u021bi 20 mg\/50 mg nicotin\u0103. Re\u00eenc\u0103rcabil\u0103, de lung\u0103 durat\u0103 \u0219i bogat\u0103 \u00een arome - perfect\u0103 pentru o satisfac\u021bie \u00een mi\u0219care.<\/span>Pre\u021bul afi\u0219at pe site nu include costurile de transport<\/span><\/p>\n<p>comanda minim\u0103 necesit\u0103 doar 50 buc!<\/p>\n<p><img decoding=\"async\" class=\"alignnone size-medium wp-image-2638\" src=\"https:\/\/vapehosale.com\/wp-content\/uploads\/2023\/09\/885301ea6f5e0b91f5ab2b1c85e665c-300x295.png\" alt=\"Fabrica RandM\" width=\"300\" height=\"295\" srcset=\"https:\/\/vapehosale.com\/wp-content\/uploads\/2023\/09\/885301ea6f5e0b91f5ab2b1c85e665c-300x295.png 300w, https:\/\/vapehosale.com\/wp-content\/uploads\/2023\/09\/885301ea6f5e0b91f5ab2b1c85e665c-600x589.png 600w, https:\/\/vapehosale.com\/wp-content\/uploads\/2023\/09\/885301ea6f5e0b91f5ab2b1c85e665c.png 670w\" sizes=\"(max-width: 300px) 100vw, 300px\" \/><\/p>\n<p>&nbsp;<\/p>\n<p>&nbsp;<\/p>","protected":false},"featured_media":4809,"comment_status":"open","ping_status":"closed","template":"","meta":{"_uag_custom_page_level_css":"","_lmt_disableupdate":"no","_lmt_disable":"","site-sidebar-layout":"default","site-content-layout":"","ast-site-content-layout":"default","site-content-style":"default","site-sidebar-style":"default","ast-global-header-display":"","ast-banner-title-visibility":"","ast-main-header-display":"","ast-hfb-above-header-display":"","ast-hfb-below-header-display":"","ast-hfb-mobile-header-display":"","site-post-title":"","ast-breadcrumbs-content":"","ast-featured-img":"","footer-sml-layout":"","theme-transparent-header-meta":"default","adv-header-id-meta":"","stick-header-meta":"","header-above-stick-meta":"","header-main-stick-meta":"","header-below-stick-meta":"","astra-migrate-meta-layouts":"set","_joinchat":[]},"product_cat":[111,41,55,15,158],"product_tag":[72,76,46,63,35,33,59,112],"class_list":["post-4812","product","type-product","status-publish","has-post-thumbnail","hentry","product_cat-80k-vape-wholesale","product_cat-europe-hot-sale-vape","product_cat-minimum-order-quantity-50pcs","product_cat-vape-shop-wholesale","product_cat-vopk-vape","product_tag-2-nicotine-vape","product_tag-airflow-control-vape","product_tag-double-mesh-coil-vape","product_tag-led-screen-disposable-vape","product_tag-rechargeable-disposable-device","product_tag-rgb-light-disposable-vape","product_tag-smart-screen-disposable-vape","product_tag-vopk-vape","desktop-align-left","tablet-align-left","mobile-align-left"],"yoast_head":"<!-- This site is optimized with the Yoast SEO plugin v21.1 - https:\/\/yoast.com\/wordpress\/plugins\/seo\/ -->\n<title>Wholesale VOPK Four Flavors 80000 Puffs Digital Box Disposable Vape - Vape Wholesale<\/title>\n<meta name=\"description\" content=\"Wholesale Bang Box 80k Puffs Triple Vape: 80000 puffs, 60ml, 3 flavors in one device, rechargeable. Ultimate wholesale vape solution. Buy now!\" \/>\n<meta name=\"robots\" content=\"index, follow, max-snippet:-1, max-image-preview:large, max-video-preview:-1\" \/>\n<link rel=\"canonical\" href=\"https:\/\/vapehosale.com\/ro\/produs\/vopk-four-flavors-80000-puffs-digital-box-disposable-vape\/\" \/>\n<meta property=\"og:locale\" content=\"ro_RO\" \/>\n<meta property=\"og:type\" content=\"article\" \/>\n<meta property=\"og:title\" content=\"Wholesale VOPK Four Flavors 80000 Puffs Digital Box Disposable Vape - Vape Wholesale\" \/>\n<meta property=\"og:description\" content=\"Wholesale Bang Box 80k Puffs Triple Vape: 80000 puffs, 60ml, 3 flavors in one device, rechargeable. Ultimate wholesale vape solution. Buy now!\" \/>\n<meta property=\"og:url\" content=\"https:\/\/vapehosale.com\/ro\/produs\/vopk-four-flavors-80000-puffs-digital-box-disposable-vape\/\" \/>\n<meta property=\"og:site_name\" content=\"Vape Wholesale\" \/>\n<meta property=\"article:modified_time\" content=\"2025-08-12T08:02:25+00:00\" \/>\n<meta property=\"og:image\" content=\"https:\/\/vapehosale.com\/wp-content\/uploads\/2025\/07\/80000-Puffs-Disposable-Vape-VOPK-Factory-Price-scaled.webp\" \/>\n\t<meta property=\"og:image:width\" content=\"1920\" \/>\n\t<meta property=\"og:image:height\" content=\"2560\" \/>\n\t<meta property=\"og:image:type\" content=\"image\/webp\" \/>\n<meta name=\"twitter:card\" content=\"summary_large_image\" \/>\n<meta name=\"twitter:label1\" content=\"Timp estimat pentru citire\" \/>\n\t<meta name=\"twitter:data1\" content=\"3 minute\" \/>\n<script type=\"application\/ld+json\" class=\"yoast-schema-graph\">{\"@context\":\"https:\/\/schema.org\",\"@graph\":[{\"@type\":\"WebPage\",\"@id\":\"https:\/\/vapehosale.com\/product\/vopk-four-flavors-80000-puffs-digital-box-disposable-vape\/\",\"url\":\"https:\/\/vapehosale.com\/product\/vopk-four-flavors-80000-puffs-digital-box-disposable-vape\/\",\"name\":\"Wholesale VOPK Four Flavors 80000 Puffs Digital Box Disposable Vape - Vape Wholesale\",\"isPartOf\":{\"@id\":\"https:\/\/vapehosale.com\/#website\"},\"datePublished\":\"2025-07-14T03:58:54+00:00\",\"dateModified\":\"2025-08-12T08:02:25+00:00\",\"description\":\"Wholesale Bang Box 80k Puffs Triple Vape: 80000 puffs, 60ml, 3 flavors in one device, rechargeable. Ultimate wholesale vape solution. Buy now!\",\"breadcrumb\":{\"@id\":\"https:\/\/vapehosale.com\/product\/vopk-four-flavors-80000-puffs-digital-box-disposable-vape\/#breadcrumb\"},\"inLanguage\":\"ro-RO\",\"potentialAction\":[{\"@type\":\"ReadAction\",\"target\":[\"https:\/\/vapehosale.com\/product\/vopk-four-flavors-80000-puffs-digital-box-disposable-vape\/\"]}]},{\"@type\":\"BreadcrumbList\",\"@id\":\"https:\/\/vapehosale.com\/product\/vopk-four-flavors-80000-puffs-digital-box-disposable-vape\/#breadcrumb\",\"itemListElement\":[{\"@type\":\"ListItem\",\"position\":1,\"name\":\"Home\",\"item\":\"https:\/\/vapehosale.com\/\"},{\"@type\":\"ListItem\",\"position\":2,\"name\":\"Best Sell Vapes\",\"item\":\"https:\/\/vapehosale.com\/vape-shop\/\"},{\"@type\":\"ListItem\",\"position\":3,\"name\":\"Wholesale VOPK Four Flavors 80000 Puffs Digital Box Disposable Vape\"}]},{\"@type\":\"WebSite\",\"@id\":\"https:\/\/vapehosale.com\/#website\",\"url\":\"https:\/\/vapehosale.com\/\",\"name\":\"Vape Wholesale\",\"description\":\"Buy Vape Wholesale Price Near you\",\"potentialAction\":[{\"@type\":\"SearchAction\",\"target\":{\"@type\":\"EntryPoint\",\"urlTemplate\":\"https:\/\/vapehosale.com\/?s={search_term_string}\"},\"query-input\":\"required name=search_term_string\"}],\"inLanguage\":\"ro-RO\"}]}<\/script>\n<!-- \/ Yoast SEO plugin. -->","yoast_head_json":{"title":"Wholesale VOPK Four Flavors 80000 Puffs Digital Box Disposable Vape - Vape Wholesale","description":"Wholesale Bang Box 80k Puffs Triple Vape: 80000 puffs, 60ml, 3 flavors in one device, rechargeable. Ultimate wholesale vape solution. Buy now!","robots":{"index":"index","follow":"follow","max-snippet":"max-snippet:-1","max-image-preview":"max-image-preview:large","max-video-preview":"max-video-preview:-1"},"canonical":"https:\/\/vapehosale.com\/ro\/produs\/vopk-four-flavors-80000-puffs-digital-box-disposable-vape\/","og_locale":"ro_RO","og_type":"article","og_title":"Wholesale VOPK Four Flavors 80000 Puffs Digital Box Disposable Vape - Vape Wholesale","og_description":"Wholesale Bang Box 80k Puffs Triple Vape: 80000 puffs, 60ml, 3 flavors in one device, rechargeable. Ultimate wholesale vape solution. Buy now!","og_url":"https:\/\/vapehosale.com\/ro\/produs\/vopk-four-flavors-80000-puffs-digital-box-disposable-vape\/","og_site_name":"Vape Wholesale","article_modified_time":"2025-08-12T08:02:25+00:00","og_image":[{"width":1920,"height":2560,"url":"https:\/\/vapehosale.com\/wp-content\/uploads\/2025\/07\/80000-Puffs-Disposable-Vape-VOPK-Factory-Price-scaled.webp","type":"image\/webp"}],"twitter_card":"summary_large_image","twitter_misc":{"Timp estimat pentru citire":"3 minute"},"schema":{"@context":"https:\/\/schema.org","@graph":[{"@type":"WebPage","@id":"https:\/\/vapehosale.com\/product\/vopk-four-flavors-80000-puffs-digital-box-disposable-vape\/","url":"https:\/\/vapehosale.com\/product\/vopk-four-flavors-80000-puffs-digital-box-disposable-vape\/","name":"Wholesale VOPK Four Flavors 80000 Puffs Digital Box Disposable Vape - Vape Wholesale","isPartOf":{"@id":"https:\/\/vapehosale.com\/#website"},"datePublished":"2025-07-14T03:58:54+00:00","dateModified":"2025-08-12T08:02:25+00:00","description":"Wholesale Bang Box 80k Puffs Triple Vape: 80000 puffs, 60ml, 3 flavors in one device, rechargeable. Ultimate wholesale vape solution. Buy now!","breadcrumb":{"@id":"https:\/\/vapehosale.com\/product\/vopk-four-flavors-80000-puffs-digital-box-disposable-vape\/#breadcrumb"},"inLanguage":"ro-RO","potentialAction":[{"@type":"ReadAction","target":["https:\/\/vapehosale.com\/product\/vopk-four-flavors-80000-puffs-digital-box-disposable-vape\/"]}]},{"@type":"BreadcrumbList","@id":"https:\/\/vapehosale.com\/product\/vopk-four-flavors-80000-puffs-digital-box-disposable-vape\/#breadcrumb","itemListElement":[{"@type":"ListItem","position":1,"name":"Home","item":"https:\/\/vapehosale.com\/"},{"@type":"ListItem","position":2,"name":"Best Sell Vapes","item":"https:\/\/vapehosale.com\/vape-shop\/"},{"@type":"ListItem","position":3,"name":"Wholesale VOPK Four Flavors 80000 Puffs Digital Box Disposable Vape"}]},{"@type":"WebSite","@id":"https:\/\/vapehosale.com\/#website","url":"https:\/\/vapehosale.com\/","name":"Vape Wholesale","description":"Buy Vape Wholesale Price Near you","potentialAction":[{"@type":"SearchAction","target":{"@type":"EntryPoint","urlTemplate":"https:\/\/vapehosale.com\/?s={search_term_string}"},"query-input":"required name=search_term_string"}],"inLanguage":"ro-RO"}]}},"uagb_featured_image_src":{"full":["https:\/\/vapehosale.com\/wp-content\/uploads\/2025\/07\/80000-Puffs-Disposable-Vape-VOPK-Factory-Price-scaled.webp",1920,2560,false],"thumbnail":["https:\/\/vapehosale.com\/wp-content\/uploads\/2025\/07\/80000-Puffs-Disposable-Vape-VOPK-Factory-Price-150x150.webp",150,150,true],"medium":["https:\/\/vapehosale.com\/wp-content\/uploads\/2025\/07\/80000-Puffs-Disposable-Vape-VOPK-Factory-Price-225x300.webp",225,300,true],"medium_large":["https:\/\/vapehosale.com\/wp-content\/uploads\/2025\/07\/80000-Puffs-Disposable-Vape-VOPK-Factory-Price-768x1024.webp",768,1024,true],"large":["https:\/\/vapehosale.com\/wp-content\/uploads\/2025\/07\/80000-Puffs-Disposable-Vape-VOPK-Factory-Price-768x1024.webp",768,1024,true],"1536x1536":["https:\/\/vapehosale.com\/wp-content\/uploads\/2025\/07\/80000-Puffs-Disposable-Vape-VOPK-Factory-Price-1152x1536.webp",1152,1536,true],"2048x2048":["https:\/\/vapehosale.com\/wp-content\/uploads\/2025\/07\/80000-Puffs-Disposable-Vape-VOPK-Factory-Price-1536x2048.webp",1536,2048,true],"trp-custom-language-flag":["https:\/\/vapehosale.com\/wp-content\/uploads\/2025\/07\/80000-Puffs-Disposable-Vape-VOPK-Factory-Price-scaled.webp",9,12,false],"woocommerce_thumbnail":["https:\/\/vapehosale.com\/wp-content\/uploads\/2025\/07\/80000-Puffs-Disposable-Vape-VOPK-Factory-Price-300x300.webp",300,300,true],"woocommerce_single":["https:\/\/vapehosale.com\/wp-content\/uploads\/2025\/07\/80000-Puffs-Disposable-Vape-VOPK-Factory-Price-600x800.webp",600,800,true],"woocommerce_gallery_thumbnail":["https:\/\/vapehosale.com\/wp-content\/uploads\/2025\/07\/80000-Puffs-Disposable-Vape-VOPK-Factory-Price-100x100.webp",100,100,true],"wcpr-photo-reviews":["https:\/\/vapehosale.com\/wp-content\/uploads\/2025\/07\/80000-Puffs-Disposable-Vape-VOPK-Factory-Price-scaled.webp",375,500,false]},"uagb_author_info":{"display_name":"Vicky hosale","author_link":"https:\/\/vapehosale.com\/ro\/author\/"},"uagb_comment_info":0,"uagb_excerpt":"VOPK Four Flavors 80000 Puffs Disposable Vape! Featuring 60ml e-liquid, 4 adjustable flavors per device, and a digital display. Choose 20mg\/50mg nicotine. Rechargeable, long-lasting, and flavor-rich\u2014perfect for on-the-go satisfaction.The website price does not include shipping costs min order only need 50pcs! &nbsp; &nbsp;","_links":{"self":[{"href":"https:\/\/vapehosale.com\/ro\/wp-json\/wp\/v2\/product\/4812","targetHints":{"allow":["GET"]}}],"collection":[{"href":"https:\/\/vapehosale.com\/ro\/wp-json\/wp\/v2\/product"}],"about":[{"href":"https:\/\/vapehosale.com\/ro\/wp-json\/wp\/v2\/types\/product"}],"replies":[{"embeddable":true,"href":"https:\/\/vapehosale.com\/ro\/wp-json\/wp\/v2\/comments?post=4812"}],"wp:featuredmedia":[{"embeddable":true,"href":"https:\/\/vapehosale.com\/ro\/wp-json\/wp\/v2\/media\/4809"}],"wp:attachment":[{"href":"https:\/\/vapehosale.com\/ro\/wp-json\/wp\/v2\/media?parent=4812"}],"wp:term":[{"taxonomy":"product_cat","embeddable":true,"href":"https:\/\/vapehosale.com\/ro\/wp-json\/wp\/v2\/product_cat?post=4812"},{"taxonomy":"product_tag","embeddable":true,"href":"https:\/\/vapehosale.com\/ro\/wp-json\/wp\/v2\/product_tag?post=4812"}],"curies":[{"name":"wp","href":"https:\/\/api.w.org\/{rel}","templated":true}]}}