{"id":3508,"date":"2025-02-11T09:20:03","date_gmt":"2025-02-11T09:20:03","guid":{"rendered":"https:\/\/vapehosale.com\/?post_type=product&#038;p=3508"},"modified":"2025-08-29T07:53:41","modified_gmt":"2025-08-29T07:53:41","slug":"waspe-crystal-40k-puffs-dual-flavor-disposable-vape-20mg-nicotine-vape","status":"publish","type":"product","link":"https:\/\/vapehosale.com\/ro\/product\/waspe-crystal-40k-puffs-dual-flavor-disposable-vape-20mg-nicotine-vape\/","title":{"rendered":"\u021aigar\u0103 electronic\u0103 de unic\u0103 folosin\u021b\u0103 Waspe Crystal 40000 Puffs cu arom\u0103 dubl\u0103"},"content":{"rendered":"<h2 style=\"text-align: center\">Vap\u0103 de unic\u0103 folosin\u021b\u0103 Waspe Crystal 40000 de pufuri cu arom\u0103 dubl\u0103 - en-gros<\/h2>\n<p>Cristal Waspe <a href=\"https:\/\/vapehosale.com\/ro\/product-category\/40k-puffs-disposable-vape-wholesale\/\">Vap\u0103 de unic\u0103 folosin\u021b\u0103 40000 de pufuri<\/a> ofer\u0103 40.000 de pufuri verificate cu tehnologia inovatoare de arom\u0103 dubl\u0103. Experimenta\u021bi 12+12 combina\u021bii de arome dintr-un singur dispozitiv, alimentat de o capacitate de e-lichid de 32 ml \u0219i o baterie re\u00eenc\u0103rcabil\u0103 de tip C de 850 mAh. Aceast\u0103 vap\u0103 de unic\u0103 folosin\u021b\u0103 de 40000 de pufuri este proiectat\u0103 pentru performan\u021b\u0103 \u0219i comoditate, fiind alegerea ideal\u0103 pentru vaperii adul\u021bi din Rom\u00e2nia care caut\u0103 intensitate \u0219i fiabilitate. Descoperi\u021bi vap\u0103 de unic\u0103 folosin\u021b\u0103 <a href=\"https:\/\/vapehosale.com\/ro\/product-category\/waspe-vape\/\">Waspe Vape<\/a> <a href=\"https:\/\/vapehosale.com\/ro\/product-category\/40k-puffs-disposable-vape-wholesale\/\">40k de pufuri<\/a> .<\/p>\n<p><img decoding=\"async\" class=\"size-full wp-image-3520\" src=\"https:\/\/vapehosale.com\/wp-content\/uploads\/2025\/02\/Wholesale-Waspe-Crystal-40k-Puffs-Dual-Flavor-Vape.webp\" alt=\"Engros \u021bigara electronic\u0103 Waspe Crystal 40k Puffs cu arome duale\" width=\"1000\" height=\"562\" srcset=\"https:\/\/vapehosale.com\/wp-content\/uploads\/2025\/02\/Wholesale-Waspe-Crystal-40k-Puffs-Dual-Flavor-Vape.webp 1000w, https:\/\/vapehosale.com\/wp-content\/uploads\/2025\/02\/Wholesale-Waspe-Crystal-40k-Puffs-Dual-Flavor-Vape-300x169.webp 300w, https:\/\/vapehosale.com\/wp-content\/uploads\/2025\/02\/Wholesale-Waspe-Crystal-40k-Puffs-Dual-Flavor-Vape-768x432.webp 768w, https:\/\/vapehosale.com\/wp-content\/uploads\/2025\/02\/Wholesale-Waspe-Crystal-40k-Puffs-Dual-Flavor-Vape-600x337.webp 600w\" sizes=\"(max-width: 1000px) 100vw, 1000px\" \/><\/p>\n<p><img decoding=\"async\" class=\"size-full wp-image-3519\" src=\"https:\/\/vapehosale.com\/wp-content\/uploads\/2025\/02\/Waspe-Crystal-40k-Puffs-Vape-with-850mAh-Battery.webp\" alt=\"\u021aigara electronic\u0103 Waspe Crystal 40k Puffs cu baterie de 850mAh\" width=\"1000\" height=\"562\" srcset=\"https:\/\/vapehosale.com\/wp-content\/uploads\/2025\/02\/Waspe-Crystal-40k-Puffs-Vape-with-850mAh-Battery.webp 1000w, https:\/\/vapehosale.com\/wp-content\/uploads\/2025\/02\/Waspe-Crystal-40k-Puffs-Vape-with-850mAh-Battery-300x169.webp 300w, https:\/\/vapehosale.com\/wp-content\/uploads\/2025\/02\/Waspe-Crystal-40k-Puffs-Vape-with-850mAh-Battery-768x432.webp 768w, https:\/\/vapehosale.com\/wp-content\/uploads\/2025\/02\/Waspe-Crystal-40k-Puffs-Vape-with-850mAh-Battery-600x337.webp 600w\" sizes=\"(max-width: 1000px) 100vw, 1000px\" \/><\/p>\n<p><img decoding=\"async\" class=\"size-full wp-image-3516\" src=\"https:\/\/vapehosale.com\/wp-content\/uploads\/2025\/02\/Waspe-Crystal-40k-Puffs-Dual-Mesh-Coil-Technology.webp\" alt=\"\u021aigara electronic\u0103 Waspe Crystal 40k Puffs cu tehnologie Dual Mesh Coil\" width=\"1000\" height=\"562\" srcset=\"https:\/\/vapehosale.com\/wp-content\/uploads\/2025\/02\/Waspe-Crystal-40k-Puffs-Dual-Mesh-Coil-Technology.webp 1000w, https:\/\/vapehosale.com\/wp-content\/uploads\/2025\/02\/Waspe-Crystal-40k-Puffs-Dual-Mesh-Coil-Technology-300x169.webp 300w, https:\/\/vapehosale.com\/wp-content\/uploads\/2025\/02\/Waspe-Crystal-40k-Puffs-Dual-Mesh-Coil-Technology-768x432.webp 768w, https:\/\/vapehosale.com\/wp-content\/uploads\/2025\/02\/Waspe-Crystal-40k-Puffs-Dual-Mesh-Coil-Technology-600x337.webp 600w\" sizes=\"(max-width: 1000px) 100vw, 1000px\" \/><\/p>\n<p>&nbsp;<\/p>\n<h3>Caracteristicile produsului de vap\u0103 Waspe Crystal 40k:<\/h3>\n<p>2% 5% Nicotin\u0103<br \/>\nPufuri: 40000<br \/>\nCapacitate: 32 ml<br \/>\n160 buc \/Cutie<br \/>\n10 buc \/ Cutie<br \/>\n12 arome disponibile<br \/>\nPort re\u00eenc\u0103rcabil cobalt de tip c de 850 mAh<br \/>\nRezisten\u021b\u0103: 0.9 rezisten\u021b\u0103 dual\u0103 tip plas\u0103<br \/>\nArom\u0103: 12+12 arome<\/p>\n<h4>Lista de arome Waspe 40000 Crystal:<\/h4>\n<ol start=\"1\">\n<li><strong>Pepene ro\u0219u Ghea\u021b\u0103<\/strong>: Pepene verde r\u0103coritor cu o not\u0103 acidulat\u0103 de l\u0103m\u00e2ie verde.<\/li>\n<li><strong>Ghea\u021b\u0103 de afine<\/strong>: Afine dulci se \u00eent\u00e2lnesc cu cola de cire\u0219e efervescent\u0103.<\/li>\n<li><strong>Fructe de p\u0103dure mixte<\/strong>: Fructe de p\u0103dure acri\u0219oare amestecate cu limonad\u0103 citric\u0103.<\/li>\n<li><strong>Grape Ice<\/strong>: Struguri suculen\u021bi cu note exotice de fructul dragonului.<\/li>\n<li><strong>Strawberry Banana<\/strong>: Banan\u0103 cremoas\u0103 asortat\u0103 cu ananas tropical \u0219i nuc\u0103 de cocos.<\/li>\n<li><strong>Peach Ice<\/strong>: Piersic\u0103 coapt\u0103 cu un amestec fructat de mango-pepene verde.<\/li>\n<li><strong>Strawberry Raspberry Cherry<\/strong>: Un amestec \u00eendr\u0103zne\u021b de fructe de p\u0103dure \u0219i o arom\u0103 dulce misterioas\u0103.<\/li>\n<li><strong>Blueberry Raspberry<\/strong>: Zmeur\u0103 acri\u0219oar\u0103 cu piersic\u0103 dulce \u0219i afine.<\/li>\n<li><strong>Strawberry<\/strong>: C\u0103p\u0219uni dulci cu kiwi acri\u0219or \u0219i cire\u0219e.<\/li>\n<li><strong>Blueberry Candy<\/strong>: Afine cu gust de bomboane \u0219i pepene verde suculent.<\/li>\n<li><strong>Strawberry Red Bull<\/strong>: Aroma energizant\u0103 de Red Bull cu fructe de p\u0103dure.<\/li>\n<li><strong>Red Bull Ice<\/strong>: Red Bull r\u0103coritor asortat cu mango tropical.<img decoding=\"async\" class=\"size-large wp-image-3515\" src=\"https:\/\/vapehosale.com\/wp-content\/uploads\/2025\/02\/Waspe-Crystal-40k-Puffs-Dual-Flavor-in-One-Vape-385x1024.webp\" alt=\"Waspe Crystal 40k Puffs arom\u0103 dubl\u0103 \u00eentr-o singur\u0103 \u021bigar\u0103 electronic\u0103\" width=\"385\" height=\"1024\" srcset=\"https:\/\/vapehosale.com\/wp-content\/uploads\/2025\/02\/Waspe-Crystal-40k-Puffs-Dual-Flavor-in-One-Vape-385x1024.webp 385w, https:\/\/vapehosale.com\/wp-content\/uploads\/2025\/02\/Waspe-Crystal-40k-Puffs-Dual-Flavor-in-One-Vape-113x300.webp 113w, https:\/\/vapehosale.com\/wp-content\/uploads\/2025\/02\/Waspe-Crystal-40k-Puffs-Dual-Flavor-in-One-Vape-768x2042.webp 768w, https:\/\/vapehosale.com\/wp-content\/uploads\/2025\/02\/Waspe-Crystal-40k-Puffs-Dual-Flavor-in-One-Vape-578x1536.webp 578w, https:\/\/vapehosale.com\/wp-content\/uploads\/2025\/02\/Waspe-Crystal-40k-Puffs-Dual-Flavor-in-One-Vape-770x2048.webp 770w, https:\/\/vapehosale.com\/wp-content\/uploads\/2025\/02\/Waspe-Crystal-40k-Puffs-Dual-Flavor-in-One-Vape-600x1595.webp 600w, https:\/\/vapehosale.com\/wp-content\/uploads\/2025\/02\/Waspe-Crystal-40k-Puffs-Dual-Flavor-in-One-Vape-scaled.webp 963w\" sizes=\"(max-width: 385px) 100vw, 385px\" \/><\/li>\n<\/ol>\n<h3><strong>Con\u021binut pachet:<\/strong><\/h3>\n<p>1 x \u021aigar\u0103 electronic\u0103 de unic\u0103 folosin\u021b\u0103 Waspe Crystal 40k cu arom\u0103 dubl\u0103<\/p>\n<p><img decoding=\"async\" class=\"size-medium wp-image-3512\" src=\"https:\/\/vapehosale.com\/wp-content\/uploads\/2025\/02\/Type-C-Charging-Waspe-Crystal-40k-Puffs-Vape-300x234.webp\" alt=\"\u00cenc\u0103rcare Type-C pentru \u021bigara electronic\u0103 Waspe Crystal 40k Puffs\" width=\"300\" height=\"234\" srcset=\"https:\/\/vapehosale.com\/wp-content\/uploads\/2025\/02\/Type-C-Charging-Waspe-Crystal-40k-Puffs-Vape-300x234.webp 300w, https:\/\/vapehosale.com\/wp-content\/uploads\/2025\/02\/Type-C-Charging-Waspe-Crystal-40k-Puffs-Vape-768x600.webp 768w, https:\/\/vapehosale.com\/wp-content\/uploads\/2025\/02\/Type-C-Charging-Waspe-Crystal-40k-Puffs-Vape-600x469.webp 600w, https:\/\/vapehosale.com\/wp-content\/uploads\/2025\/02\/Type-C-Charging-Waspe-Crystal-40k-Puffs-Vape.webp 1000w\" sizes=\"(max-width: 300px) 100vw, 300px\" \/><\/p>\n<h3>Contact Angrosist<\/h3>\n<p>\u2705WhatsApp angro direct din fabric\u0103:<a href=\"https:\/\/wa.me\/8618077105750\">+8618077105750<\/a><\/p>\n<p>\u2705Angrosi\u0219tii \u0219i distribuitorii sunt bineveni\u021bi s\u0103 personalizeze comenzi<br \/>\n\u2705Oferim produse de cea mai \u00eenalt\u0103 calitate \u0219i cele mai profesionale servicii.<\/p>\n<p><img decoding=\"async\" class=\"alignnone size-full wp-image-2638\" src=\"https:\/\/vapehosale.com\/wp-content\/uploads\/2023\/09\/885301ea6f5e0b91f5ab2b1c85e665c.png\" alt=\"Fabrica RandM\" width=\"670\" height=\"658\" srcset=\"https:\/\/vapehosale.com\/wp-content\/uploads\/2023\/09\/885301ea6f5e0b91f5ab2b1c85e665c.png 670w, https:\/\/vapehosale.com\/wp-content\/uploads\/2023\/09\/885301ea6f5e0b91f5ab2b1c85e665c-300x295.png 300w, https:\/\/vapehosale.com\/wp-content\/uploads\/2023\/09\/885301ea6f5e0b91f5ab2b1c85e665c-600x589.png 600w\" sizes=\"(max-width: 670px) 100vw, 670px\" \/><\/p>\n<p>Contact pentru catalog de produse:<a href=\"https:\/\/wa.me\/8618077105750\">Cump\u0103r\u0103 acum<\/a><br \/>\nAlte vapoare de top pe care le-ai putea dori<\/p>\n<p><a href=\"https:\/\/vapehosale.com\/ro\/product\/uwin-shisha-hookah-crystal-20000-puffs-disposable-vape\/\">\u021aigar\u0103 electronic\u0103 de unic\u0103 folosin\u021b\u0103 Uwin shisha narghilea Crystal 20000 pufuri<\/a><br \/>\n<a href=\"https:\/\/vapehosale.com\/ro\/product-category\/waspe-vape\/\">Pre\u021b de en-gros pentru \u021bigara electronic\u0103 de unic\u0103 folosin\u021b\u0103 Waspe<\/a><br \/>\n<a href=\"https:\/\/vapehosale.com\/ro\/product-category\/40k-puffs-disposable-vape-wholesale\/\">\u021aigar\u0103 electronic\u0103 de unic\u0103 folosin\u021b\u0103 cu 40000 de pufuri, v\u00e2nzare la cald<\/a><\/p>\n<p>Vaporizator cu form\u0103 special\u0103:<a href=\"https:\/\/vapehosale.com\/ro\/product\/bulk-buy-bang-king-12000\/\">form\u0103 de sticl\u0103<\/a>\/cutie de Cola\/<a href=\"https:\/\/vapehosale.com\/ro\/product\/sidia-12000-puffs-disposable-device\/\">lumin\u0103 RGB<\/a>\/Cristal<\/p>\n<h4>Detalii de livrare:<\/h4>\n<p>Timp de produc\u021bie: se expediaz\u0103 \u00een termen de 5 zile lucr\u0103toare (dup\u0103 primirea pl\u0103\u021bii)<\/p>\n<p>Timp de livrare: 10-14 zile (\u00cen caz de s\u0103rb\u0103tori \u0219i inspec\u021bie vamal\u0103, timpul de livrare va fi am\u00e2nat.)<\/p>\n<h4>Detalii de plat\u0103:<\/h4>\n<p>Accept\u0103m plata prin transfer bancar sau Western Union, suntem o fabric\u0103 de vapoare din China, <span style=\"color: #ff0000\">nu accept\u0103m plata la livrare.<\/span><\/p>\n<p>Toate produsele din magazinul nostru sunt 100% originale \u0219i autentice, de aceea compensarea de zece ori pentru produsele contraf\u0103cute este politica magazinului nostru.<\/p>\n<h5><span style=\"color: #ff0000\">Comand\u0103 minim\u0103 50 buc<\/span><\/h5>","protected":false},"excerpt":{"rendered":"<p><strong>Vap\u0103 de unic\u0103 folosin\u021b\u0103 Waspe Crystal 40k de pufuri cu arom\u0103 dubl\u0103,<\/strong> cu o capacitate de 32 ml, \u00eenc\u0103rcare de tip C de 850 mAh \u0219i 12+12 arome unice, acest dispozitiv ofer\u0103 40.000 de pufuri de satisfac\u021bie lin\u0103, cu arom\u0103 dubl\u0103. Perfect pentru cump\u0103r\u0103tori angro \u0219i \u00een vrac.<br \/>\n<span style=\"color: #ff0000\">(pre\u021bul de pe site nu include costul de transport)<\/span><\/p>\n<p><span style=\"color: #ff0000\">contacta\u021bi-m\u0103 pentru comand\u0103 minim\u0103 de numai 60 de buc\u0103\u021bi!\u00a0 <\/span>Doar en-gros!<\/p>\n<p><img decoding=\"async\" class=\"alignnone size-medium wp-image-2638\" src=\"https:\/\/vapehosale.com\/wp-content\/uploads\/2023\/09\/885301ea6f5e0b91f5ab2b1c85e665c-300x295.png\" alt=\"Fabrica RandM\" width=\"300\" height=\"295\" srcset=\"https:\/\/vapehosale.com\/wp-content\/uploads\/2023\/09\/885301ea6f5e0b91f5ab2b1c85e665c-300x295.png 300w, https:\/\/vapehosale.com\/wp-content\/uploads\/2023\/09\/885301ea6f5e0b91f5ab2b1c85e665c-600x589.png 600w, https:\/\/vapehosale.com\/wp-content\/uploads\/2023\/09\/885301ea6f5e0b91f5ab2b1c85e665c.png 670w\" sizes=\"(max-width: 300px) 100vw, 300px\" \/><\/p>\n<p>&nbsp;<\/p>","protected":false},"featured_media":3511,"comment_status":"open","ping_status":"closed","template":"","meta":{"_uag_custom_page_level_css":"","_lmt_disableupdate":"no","_lmt_disable":"","site-sidebar-layout":"default","site-content-layout":"","ast-site-content-layout":"default","site-content-style":"default","site-sidebar-style":"default","ast-global-header-display":"","ast-banner-title-visibility":"","ast-main-header-display":"","ast-hfb-above-header-display":"","ast-hfb-below-header-display":"","ast-hfb-mobile-header-display":"","site-post-title":"","ast-breadcrumbs-content":"","ast-featured-img":"","footer-sml-layout":"","theme-transparent-header-meta":"default","adv-header-id-meta":"","stick-header-meta":"","header-above-stick-meta":"","header-main-stick-meta":"","header-below-stick-meta":"","astra-migrate-meta-layouts":"set","_joinchat":[]},"product_cat":[97,41,55,15,142],"product_tag":[109,46,35,33,44],"class_list":["post-3508","product","type-product","status-publish","has-post-thumbnail","hentry","product_cat-40k-puffs-disposable-vape-wholesale","product_cat-europe-hot-sale-vape","product_cat-minimum-order-quantity-50pcs","product_cat-vape-shop-wholesale","product_cat-waspe-vape","product_tag-40k-vape","product_tag-double-mesh-coil-vape","product_tag-rechargeable-disposable-device","product_tag-rgb-light-disposable-vape","product_tag-waspe-vape","desktop-align-left","tablet-align-left","mobile-align-left"],"yoast_head":"<!-- This site is optimized with the Yoast SEO plugin v21.1 - https:\/\/yoast.com\/wordpress\/plugins\/seo\/ -->\n<title>Waspe Crystal 40000 Puffs Dual Flavor Disposable Vape - Vape Wholesale<\/title>\n<meta name=\"description\" content=\"Demand more from your vape. Waspe crystal 40k Disposable Vape delivers 40,000 puffs with a dual-flavor system. Engineered for intensity. Order Now.\" \/>\n<meta name=\"robots\" content=\"index, follow, max-snippet:-1, max-image-preview:large, max-video-preview:-1\" \/>\n<link rel=\"canonical\" href=\"https:\/\/vapehosale.com\/ro\/product\/waspe-crystal-40k-puffs-dual-flavor-disposable-vape-20mg-nicotine-vape\/\" \/>\n<meta property=\"og:locale\" content=\"ro_RO\" \/>\n<meta property=\"og:type\" content=\"article\" \/>\n<meta property=\"og:title\" content=\"Waspe Crystal 40000 Puffs Dual Flavor Disposable Vape - Vape Wholesale\" \/>\n<meta property=\"og:description\" content=\"Demand more from your vape. Waspe crystal 40k Disposable Vape delivers 40,000 puffs with a dual-flavor system. Engineered for intensity. Order Now.\" \/>\n<meta property=\"og:url\" content=\"https:\/\/vapehosale.com\/ro\/product\/waspe-crystal-40k-puffs-dual-flavor-disposable-vape-20mg-nicotine-vape\/\" \/>\n<meta property=\"og:site_name\" content=\"Vape Wholesale\" \/>\n<meta property=\"article:modified_time\" content=\"2025-08-29T07:53:41+00:00\" \/>\n<meta property=\"og:image\" content=\"https:\/\/vapehosale.com\/wp-content\/uploads\/2025\/02\/Real-Pictures-of-Waspe-Crystal-40k-Puffs-Disposable-Vape.webp\" \/>\n\t<meta property=\"og:image:width\" content=\"1000\" \/>\n\t<meta property=\"og:image:height\" content=\"1000\" \/>\n\t<meta property=\"og:image:type\" content=\"image\/webp\" \/>\n<meta name=\"twitter:card\" content=\"summary_large_image\" \/>\n<meta name=\"twitter:label1\" content=\"Timp estimat pentru citire\" \/>\n\t<meta name=\"twitter:data1\" content=\"3 minute\" \/>\n<script type=\"application\/ld+json\" class=\"yoast-schema-graph\">{\"@context\":\"https:\/\/schema.org\",\"@graph\":[{\"@type\":\"WebPage\",\"@id\":\"https:\/\/vapehosale.com\/product\/waspe-crystal-40k-puffs-dual-flavor-disposable-vape-20mg-nicotine-vape\/\",\"url\":\"https:\/\/vapehosale.com\/product\/waspe-crystal-40k-puffs-dual-flavor-disposable-vape-20mg-nicotine-vape\/\",\"name\":\"Waspe Crystal 40000 Puffs Dual Flavor Disposable Vape - Vape Wholesale\",\"isPartOf\":{\"@id\":\"https:\/\/vapehosale.com\/#website\"},\"datePublished\":\"2025-02-11T09:20:03+00:00\",\"dateModified\":\"2025-08-29T07:53:41+00:00\",\"description\":\"Demand more from your vape. Waspe crystal 40k Disposable Vape delivers 40,000 puffs with a dual-flavor system. Engineered for intensity. Order Now.\",\"breadcrumb\":{\"@id\":\"https:\/\/vapehosale.com\/product\/waspe-crystal-40k-puffs-dual-flavor-disposable-vape-20mg-nicotine-vape\/#breadcrumb\"},\"inLanguage\":\"ro-RO\",\"potentialAction\":[{\"@type\":\"ReadAction\",\"target\":[\"https:\/\/vapehosale.com\/product\/waspe-crystal-40k-puffs-dual-flavor-disposable-vape-20mg-nicotine-vape\/\"]}]},{\"@type\":\"BreadcrumbList\",\"@id\":\"https:\/\/vapehosale.com\/product\/waspe-crystal-40k-puffs-dual-flavor-disposable-vape-20mg-nicotine-vape\/#breadcrumb\",\"itemListElement\":[{\"@type\":\"ListItem\",\"position\":1,\"name\":\"Home\",\"item\":\"https:\/\/vapehosale.com\/\"},{\"@type\":\"ListItem\",\"position\":2,\"name\":\"Best Sell Vapes\",\"item\":\"https:\/\/vapehosale.com\/vape-shop\/\"},{\"@type\":\"ListItem\",\"position\":3,\"name\":\"Waspe Crystal 40000 Puffs Dual Flavor Disposable Vape\"}]},{\"@type\":\"WebSite\",\"@id\":\"https:\/\/vapehosale.com\/#website\",\"url\":\"https:\/\/vapehosale.com\/\",\"name\":\"Vape Wholesale\",\"description\":\"Buy Vape Wholesale Price Near you\",\"potentialAction\":[{\"@type\":\"SearchAction\",\"target\":{\"@type\":\"EntryPoint\",\"urlTemplate\":\"https:\/\/vapehosale.com\/?s={search_term_string}\"},\"query-input\":\"required name=search_term_string\"}],\"inLanguage\":\"ro-RO\"}]}<\/script>\n<!-- \/ Yoast SEO plugin. -->","yoast_head_json":{"title":"Waspe Crystal 40000 Puffs Dual Flavor Disposable Vape - Vape Wholesale","description":"Demand more from your vape. Waspe crystal 40k Disposable Vape delivers 40,000 puffs with a dual-flavor system. Engineered for intensity. Order Now.","robots":{"index":"index","follow":"follow","max-snippet":"max-snippet:-1","max-image-preview":"max-image-preview:large","max-video-preview":"max-video-preview:-1"},"canonical":"https:\/\/vapehosale.com\/ro\/product\/waspe-crystal-40k-puffs-dual-flavor-disposable-vape-20mg-nicotine-vape\/","og_locale":"ro_RO","og_type":"article","og_title":"Waspe Crystal 40000 Puffs Dual Flavor Disposable Vape - Vape Wholesale","og_description":"Demand more from your vape. Waspe crystal 40k Disposable Vape delivers 40,000 puffs with a dual-flavor system. Engineered for intensity. Order Now.","og_url":"https:\/\/vapehosale.com\/ro\/product\/waspe-crystal-40k-puffs-dual-flavor-disposable-vape-20mg-nicotine-vape\/","og_site_name":"Vape Wholesale","article_modified_time":"2025-08-29T07:53:41+00:00","og_image":[{"width":1000,"height":1000,"url":"https:\/\/vapehosale.com\/wp-content\/uploads\/2025\/02\/Real-Pictures-of-Waspe-Crystal-40k-Puffs-Disposable-Vape.webp","type":"image\/webp"}],"twitter_card":"summary_large_image","twitter_misc":{"Timp estimat pentru citire":"3 minute"},"schema":{"@context":"https:\/\/schema.org","@graph":[{"@type":"WebPage","@id":"https:\/\/vapehosale.com\/product\/waspe-crystal-40k-puffs-dual-flavor-disposable-vape-20mg-nicotine-vape\/","url":"https:\/\/vapehosale.com\/product\/waspe-crystal-40k-puffs-dual-flavor-disposable-vape-20mg-nicotine-vape\/","name":"Waspe Crystal 40000 Puffs Dual Flavor Disposable Vape - Vape Wholesale","isPartOf":{"@id":"https:\/\/vapehosale.com\/#website"},"datePublished":"2025-02-11T09:20:03+00:00","dateModified":"2025-08-29T07:53:41+00:00","description":"Demand more from your vape. Waspe crystal 40k Disposable Vape delivers 40,000 puffs with a dual-flavor system. Engineered for intensity. Order Now.","breadcrumb":{"@id":"https:\/\/vapehosale.com\/product\/waspe-crystal-40k-puffs-dual-flavor-disposable-vape-20mg-nicotine-vape\/#breadcrumb"},"inLanguage":"ro-RO","potentialAction":[{"@type":"ReadAction","target":["https:\/\/vapehosale.com\/product\/waspe-crystal-40k-puffs-dual-flavor-disposable-vape-20mg-nicotine-vape\/"]}]},{"@type":"BreadcrumbList","@id":"https:\/\/vapehosale.com\/product\/waspe-crystal-40k-puffs-dual-flavor-disposable-vape-20mg-nicotine-vape\/#breadcrumb","itemListElement":[{"@type":"ListItem","position":1,"name":"Home","item":"https:\/\/vapehosale.com\/"},{"@type":"ListItem","position":2,"name":"Best Sell Vapes","item":"https:\/\/vapehosale.com\/vape-shop\/"},{"@type":"ListItem","position":3,"name":"Waspe Crystal 40000 Puffs Dual Flavor Disposable Vape"}]},{"@type":"WebSite","@id":"https:\/\/vapehosale.com\/#website","url":"https:\/\/vapehosale.com\/","name":"Vape Wholesale","description":"Buy Vape Wholesale Price Near you","potentialAction":[{"@type":"SearchAction","target":{"@type":"EntryPoint","urlTemplate":"https:\/\/vapehosale.com\/?s={search_term_string}"},"query-input":"required name=search_term_string"}],"inLanguage":"ro-RO"}]}},"uagb_featured_image_src":{"full":["https:\/\/vapehosale.com\/wp-content\/uploads\/2025\/02\/Real-Pictures-of-Waspe-Crystal-40k-Puffs-Disposable-Vape.webp",1000,1000,false],"thumbnail":["https:\/\/vapehosale.com\/wp-content\/uploads\/2025\/02\/Real-Pictures-of-Waspe-Crystal-40k-Puffs-Disposable-Vape-150x150.webp",150,150,true],"medium":["https:\/\/vapehosale.com\/wp-content\/uploads\/2025\/02\/Real-Pictures-of-Waspe-Crystal-40k-Puffs-Disposable-Vape-300x300.webp",300,300,true],"medium_large":["https:\/\/vapehosale.com\/wp-content\/uploads\/2025\/02\/Real-Pictures-of-Waspe-Crystal-40k-Puffs-Disposable-Vape-768x768.webp",768,768,true],"large":["https:\/\/vapehosale.com\/wp-content\/uploads\/2025\/02\/Real-Pictures-of-Waspe-Crystal-40k-Puffs-Disposable-Vape.webp",1000,1000,false],"1536x1536":["https:\/\/vapehosale.com\/wp-content\/uploads\/2025\/02\/Real-Pictures-of-Waspe-Crystal-40k-Puffs-Disposable-Vape.webp",1000,1000,false],"2048x2048":["https:\/\/vapehosale.com\/wp-content\/uploads\/2025\/02\/Real-Pictures-of-Waspe-Crystal-40k-Puffs-Disposable-Vape.webp",1000,1000,false],"trp-custom-language-flag":["https:\/\/vapehosale.com\/wp-content\/uploads\/2025\/02\/Real-Pictures-of-Waspe-Crystal-40k-Puffs-Disposable-Vape.webp",12,12,false],"woocommerce_thumbnail":["https:\/\/vapehosale.com\/wp-content\/uploads\/2025\/02\/Real-Pictures-of-Waspe-Crystal-40k-Puffs-Disposable-Vape-300x300.webp",300,300,true],"woocommerce_single":["https:\/\/vapehosale.com\/wp-content\/uploads\/2025\/02\/Real-Pictures-of-Waspe-Crystal-40k-Puffs-Disposable-Vape-600x600.webp",600,600,true],"woocommerce_gallery_thumbnail":["https:\/\/vapehosale.com\/wp-content\/uploads\/2025\/02\/Real-Pictures-of-Waspe-Crystal-40k-Puffs-Disposable-Vape-100x100.webp",100,100,true],"wcpr-photo-reviews":["https:\/\/vapehosale.com\/wp-content\/uploads\/2025\/02\/Real-Pictures-of-Waspe-Crystal-40k-Puffs-Disposable-Vape.webp",500,500,false]},"uagb_author_info":{"display_name":"Vicky hosale","author_link":"https:\/\/vapehosale.com\/ro\/author\/"},"uagb_comment_info":0,"uagb_excerpt":"Waspe Crystal 40k Puffs Dual Flavor Disposable Vape, featuring 32ml capacity, 850mAh Type-C charging, and 12+12 unique flavors, this device delivers 40,000 puffs of smooth, dual-flavor satisfaction. Perfect for wholesale and bulk buyers. (website price not include shipping cost) contact me for min order only 60 pcs!\u00a0 Wholesale only! &nbsp;","_links":{"self":[{"href":"https:\/\/vapehosale.com\/ro\/wp-json\/wp\/v2\/product\/3508","targetHints":{"allow":["GET"]}}],"collection":[{"href":"https:\/\/vapehosale.com\/ro\/wp-json\/wp\/v2\/product"}],"about":[{"href":"https:\/\/vapehosale.com\/ro\/wp-json\/wp\/v2\/types\/product"}],"replies":[{"embeddable":true,"href":"https:\/\/vapehosale.com\/ro\/wp-json\/wp\/v2\/comments?post=3508"}],"wp:featuredmedia":[{"embeddable":true,"href":"https:\/\/vapehosale.com\/ro\/wp-json\/wp\/v2\/media\/3511"}],"wp:attachment":[{"href":"https:\/\/vapehosale.com\/ro\/wp-json\/wp\/v2\/media?parent=3508"}],"wp:term":[{"taxonomy":"product_cat","embeddable":true,"href":"https:\/\/vapehosale.com\/ro\/wp-json\/wp\/v2\/product_cat?post=3508"},{"taxonomy":"product_tag","embeddable":true,"href":"https:\/\/vapehosale.com\/ro\/wp-json\/wp\/v2\/product_tag?post=3508"}],"curies":[{"name":"wp","href":"https:\/\/api.w.org\/{rel}","templated":true}]}}