{"id":1752,"date":"2023-10-24T08:04:23","date_gmt":"2023-10-24T08:04:23","guid":{"rendered":"https:\/\/vapehosale.com\/?post_type=product&#038;p=1752"},"modified":"2025-08-12T07:29:35","modified_gmt":"2025-08-12T07:29:35","slug":"vapsolo-tornado-10000-puffs","status":"publish","type":"product","link":"https:\/\/vapehosale.com\/ro\/product\/vapsolo-tornado-10000-puffs\/","title":{"rendered":"Vap solo Tornado 10000 Puffs Vap\u0103 de unic\u0103 folosin\u021b\u0103 en-gros"},"content":{"rendered":"<h2 style=\"text-align: center\">\u00a0 \u00a0Ce este Vapsolo Tornado 10000 Puffs?<\/h2>\n<p>Vapsolo Tornado 10000 Puffs este un dispozitiv de \u021bigar\u0103 electronic\u0103 de unic\u0103 folosin\u021b\u0103 cu lumin\u0103 RGB. Un dispozitiv con\u021bine 20 ml de e-lichid \u0219i o baterie re\u00eenc\u0103rcabil\u0103 de 650mah din cobalt pur, fiecare dispozitiv poate oferi p\u00e2n\u0103 la 10.000 de pufuri. Dup\u0103 ce e-lichidul este epuizat, pute\u021bi totu\u0219i s\u0103 injecta\u021bi aromele de fructe preferate.<br \/>\nSe \u00eencarc\u0103 cu port type-c, exist\u0103 un afi\u0219aj al puterii la baz\u0103, astfel \u00eenc\u00e2t s\u0103 \u0219ti\u021bi clar c\u00e2nd trebuie s\u0103 \u00eenc\u0103rca\u021bi dispozitivul.<\/p>\n<p><img decoding=\"async\" class=\"alignnone size-full wp-image-1764\" src=\"https:\/\/vapehosale.com\/wp-content\/uploads\/2023\/10\/Vapsolo-Tornado-10000-Puffs-Wholesale-price.png\" alt=\"Pre\u021b de v\u00e2nzare en-gros Vapsolo Tornado 10000 Puffs\" width=\"800\" height=\"800\" srcset=\"https:\/\/vapehosale.com\/wp-content\/uploads\/2023\/10\/Vapsolo-Tornado-10000-Puffs-Wholesale-price.png 800w, https:\/\/vapehosale.com\/wp-content\/uploads\/2023\/10\/Vapsolo-Tornado-10000-Puffs-Wholesale-price-300x300.png 300w, https:\/\/vapehosale.com\/wp-content\/uploads\/2023\/10\/Vapsolo-Tornado-10000-Puffs-Wholesale-price-150x150.png 150w, https:\/\/vapehosale.com\/wp-content\/uploads\/2023\/10\/Vapsolo-Tornado-10000-Puffs-Wholesale-price-768x768.png 768w, https:\/\/vapehosale.com\/wp-content\/uploads\/2023\/10\/Vapsolo-Tornado-10000-Puffs-Wholesale-price-600x600.png 600w, https:\/\/vapehosale.com\/wp-content\/uploads\/2023\/10\/Vapsolo-Tornado-10000-Puffs-Wholesale-price-100x100.png 100w\" sizes=\"(max-width: 800px) 100vw, 800px\" \/><\/p>\n<p>&nbsp;<\/p>\n<h5>1. Cum se utilizeaz\u0103?<\/h5>\n<p>Acesta este un dispozitiv de \u021bigar\u0103 electronic\u0103 de unic\u0103 folosin\u021b\u0103 care poate fi reumplut cu lichid. Dispozitivul con\u021bine deja 20 ml de e-lichid cu capacitate mare. Dup\u0103 ce a\u021bi terminat e-lichidul, pute\u021bi merge la un magazin de e-lichide pentru a cump\u0103ra aroma de fructe preferat\u0103 \u0219i a o injecta din nou \u00een dispozitiv.<\/p>\n<p><img decoding=\"async\" class=\"alignnone size-thumbnail wp-image-1758\" src=\"https:\/\/vapehosale.com\/wp-content\/uploads\/2023\/10\/Disposable-Vape-with-RGB-Light-Vapsolo-10000-puffs-150x150.png\" alt=\"\u021aigar\u0103 electronic\u0103 de unic\u0103 folosin\u021b\u0103 cu lumin\u0103 RGB Vapsolo 10000 de pufuri\" width=\"150\" height=\"150\" srcset=\"https:\/\/vapehosale.com\/wp-content\/uploads\/2023\/10\/Disposable-Vape-with-RGB-Light-Vapsolo-10000-puffs-150x150.png 150w, https:\/\/vapehosale.com\/wp-content\/uploads\/2023\/10\/Disposable-Vape-with-RGB-Light-Vapsolo-10000-puffs-300x300.png 300w, https:\/\/vapehosale.com\/wp-content\/uploads\/2023\/10\/Disposable-Vape-with-RGB-Light-Vapsolo-10000-puffs-768x768.png 768w, https:\/\/vapehosale.com\/wp-content\/uploads\/2023\/10\/Disposable-Vape-with-RGB-Light-Vapsolo-10000-puffs-600x600.png 600w, https:\/\/vapehosale.com\/wp-content\/uploads\/2023\/10\/Disposable-Vape-with-RGB-Light-Vapsolo-10000-puffs-100x100.png 100w, https:\/\/vapehosale.com\/wp-content\/uploads\/2023\/10\/Disposable-Vape-with-RGB-Light-Vapsolo-10000-puffs.png 800w\" sizes=\"(max-width: 150px) 100vw, 150px\" \/><img decoding=\"async\" class=\"alignnone size-thumbnail wp-image-1753\" src=\"https:\/\/vapehosale.com\/wp-content\/uploads\/2023\/10\/10000-Puffs-E-Cigarette-Disposable-Vape-with-RGB-Light-150x150.png\" alt=\"10000 Pufuri \u021aigar\u0103 electronic\u0103 de unic\u0103 folosin\u021b\u0103 cu lumin\u0103 RGB\" width=\"150\" height=\"150\" srcset=\"https:\/\/vapehosale.com\/wp-content\/uploads\/2023\/10\/10000-Puffs-E-Cigarette-Disposable-Vape-with-RGB-Light-150x150.png 150w, https:\/\/vapehosale.com\/wp-content\/uploads\/2023\/10\/10000-Puffs-E-Cigarette-Disposable-Vape-with-RGB-Light-300x300.png 300w, https:\/\/vapehosale.com\/wp-content\/uploads\/2023\/10\/10000-Puffs-E-Cigarette-Disposable-Vape-with-RGB-Light-768x768.png 768w, https:\/\/vapehosale.com\/wp-content\/uploads\/2023\/10\/10000-Puffs-E-Cigarette-Disposable-Vape-with-RGB-Light-600x600.png 600w, https:\/\/vapehosale.com\/wp-content\/uploads\/2023\/10\/10000-Puffs-E-Cigarette-Disposable-Vape-with-RGB-Light-100x100.png 100w, https:\/\/vapehosale.com\/wp-content\/uploads\/2023\/10\/10000-Puffs-E-Cigarette-Disposable-Vape-with-RGB-Light.png 800w\" sizes=\"(max-width: 150px) 100vw, 150px\" \/><\/p>\n<h5><\/h5>\n<h5>2. Cum \u0219tiu c\u00e2nd trebuie s\u0103 re\u00eencarc Vapsolo Tornado 10000 Puffs?<\/h5>\n<p>1. Lumin\u0103 verde, putere&gt;70%<br \/>\n2. Lumin\u0103 albastr\u0103, 70%<br \/>\n3. Lumin\u0103 ro\u0219ie, putere&lt;30%<\/p>\n<p><img decoding=\"async\" class=\"alignnone size-thumbnail wp-image-1760\" src=\"https:\/\/vapehosale.com\/wp-content\/uploads\/2023\/10\/Tornado-9000-10000-Puffs-E-Cigarette-150x150.png\" alt=\"Tornado 9000 10000 Pufuri \u021aigar\u0103 electronic\u0103\" width=\"150\" height=\"150\" srcset=\"https:\/\/vapehosale.com\/wp-content\/uploads\/2023\/10\/Tornado-9000-10000-Puffs-E-Cigarette-150x150.png 150w, https:\/\/vapehosale.com\/wp-content\/uploads\/2023\/10\/Tornado-9000-10000-Puffs-E-Cigarette-300x300.png 300w, https:\/\/vapehosale.com\/wp-content\/uploads\/2023\/10\/Tornado-9000-10000-Puffs-E-Cigarette-768x768.png 768w, https:\/\/vapehosale.com\/wp-content\/uploads\/2023\/10\/Tornado-9000-10000-Puffs-E-Cigarette-600x600.png 600w, https:\/\/vapehosale.com\/wp-content\/uploads\/2023\/10\/Tornado-9000-10000-Puffs-E-Cigarette-100x100.png 100w, https:\/\/vapehosale.com\/wp-content\/uploads\/2023\/10\/Tornado-9000-10000-Puffs-E-Cigarette.png 800w\" sizes=\"(max-width: 150px) 100vw, 150px\" \/><\/p>\n<h4>Specifica\u021bii Tornado 10k:<\/h4>\n<p>1. 4 niveluri de flux de aer<br \/>\n2. Lumin\u0103 RGB<br \/>\n3. Capacitate e-lichid: 20 ML<br \/>\n4. Capacitate baterie: 650MAH<br \/>\n5. Rezisten\u021b\u0103 Mesh<br \/>\n6. Rezisten\u021ba bobinei: 1.0\u03a9<br \/>\n7. Port type-c, re\u00eenc\u0103rcabil<br \/>\n8. 200 buc\/cutie; 10 buc\/cutie<br \/>\n9. Greutate: 95g\/buc ; 18.6kg\/cutie<br \/>\n10. Dimensiuni carton: 44*43*26.5CM<\/p>\n<h4>Lista arome Tornado 10k:<\/h4>\n<p>1.Ghea\u021b\u0103 de Pepene Verde<br \/>\n2.C\u0103p\u0219uni Kiwi<br \/>\n3. Blue Razz<br \/>\n4.Cirea\u0219\u0103 Acidulat\u0103<br \/>\n5. Afine ghea\u021b\u0103<br \/>\n6.C\u0103p\u0219uni Zmeur\u0103<br \/>\n7.Pepene verde L\u0103m\u00e2ie<br \/>\n8.Fructe de P\u0103dure Asortate<br \/>\n9.Ursule\u021b Gumat<br \/>\n10.C\u0103p\u0219uni Ghea\u021b\u0103<\/p>\n<p><a href=\"https:\/\/vapehosale.com\/ro\/product\/randm-tornado-7000-puffs-disposable-vape\/\">\u00a0RandM Tornado 7000<\/a> \u0219i <a href=\"https:\/\/vapehosale.com\/ro\/product\/bulk-buy-randm-tornado-9000\/\">RandM Tornado 9000 Pufuri<\/a> Angro <a href=\"https:\/\/vapehosale.com\/ro\/product\/fumot-digital-box-12000-puffs\/\">Fumot Digital Box 12000 Pufuri<\/a><br \/>\nContact pentru catalog de produse:<a href=\"https:\/\/wa.me\/8618077105750\">Cump\u0103r\u0103 acum<\/a><\/p>\n<p>Alte vape-uri de unic\u0103 folosin\u021b\u0103 care s-ar putea s\u0103 v\u0103 plac\u0103:<a href=\"https:\/\/vapehosale.com\/ro\/product\/bulk-buy-rumbar-9000-puffs-disposable-vape\/\">Rum Bar 9000 pufuri<\/a> \/VBON 9000 pufuri\/Bang king 12000 pufuri\/<a href=\"https:\/\/vapehosale.com\/ro\/product\/sidia-12000-puffs-disposable-device\/\">Vapme 12000 pufuri<\/a>\/Vapme 7000 pufuri\/<a href=\"https:\/\/vapehosale.com\/ro\/product\/wholesale-waspe-8000-puffs\/\">vapme 8000<\/a><\/p>\n<p>Vape cu model de form\u0103 special\u0103: form\u0103 de sticl\u0103\/cutie de Cola\/lumin\u0103 RGB\/<a href=\"https:\/\/vapehosale.com\/ro\/product\/bulk-buy-crystal-bar-vape-600-puffs\/\">Crystal 600<\/a><\/p>\n<h4>Detalii de livrare:<\/h4>\n<p>Toate pre\u021burile de pe site nu includ taxa de transport, taxa de transport se bazeaz\u0103 pe adres\u0103 \u0219i cantitate, v\u0103 rug\u0103m s\u0103 contacta\u021bi managerul de v\u00e2nz\u0103ri Vicky +8618077105750 pentru a confirma taxa total\u0103 de transport.<\/p>\n<p>Timp de produc\u021bie: 3-10 zile lucr\u0103toare<br \/>\nTimp de livrare: 8-14 zile lucr\u0103toare<\/p>\n<p>Toate produsele din magazinul nostru sunt 100% originale \u0219i autentice, de aceea compensarea de zece ori pentru produsele contraf\u0103cute este politica magazinului nostru.<\/p>\n<h3>Serviciu post-v\u00e2nzare:<\/h3>\n<p><span style=\"color: #ff0000\">Not\u0103: Nu se accept\u0103 ramburs\u0103ri sau schimburi pentru probleme care nu \u021bin de calitate<\/span><br \/>\n1. Clien\u021bii pot alege aroma dorit\u0103, dar dac\u0103 aroma este epuizat\u0103, departamentul de produc\u021bie va alege o arom\u0103 popular\u0103 pentru a o \u00eenlocui. Clien\u021bii nu au voie s\u0103 solicite ramburs\u0103ri sau schimburi bazate pe arome.<\/p>\n<p>2. Atunci c\u00e2nd apar probleme de calitate, v\u0103 rug\u0103m s\u0103 furniza\u021bi descrieri video \u0219i imagini specifice. Dac\u0103 nu pute\u021bi furniza dovezi, cum ar fi videoclipuri \u0219i fotografii, bunurile nu pot fi \u00eenlocuite.<\/p>\n<p>Pentru mai multe detalii despre pre\u021bul de en-gros, cantitatea minim\u0103 de comand\u0103 \u0219i aromele disponibile, v\u0103 rug\u0103m s\u0103 o contacta\u021bi pe managerul nostru de v\u00e2nz\u0103ri, Vicky <a href=\"https:\/\/wa.me\/8618077105750\">whatsapp:+8618077105750<\/a><\/p>\n<p><img decoding=\"async\" class=\"alignnone size-full wp-image-2638\" src=\"https:\/\/vapehosale.com\/wp-content\/uploads\/2023\/09\/885301ea6f5e0b91f5ab2b1c85e665c.png\" alt=\"Fabrica RandM\" width=\"670\" height=\"658\" srcset=\"https:\/\/vapehosale.com\/wp-content\/uploads\/2023\/09\/885301ea6f5e0b91f5ab2b1c85e665c.png 670w, https:\/\/vapehosale.com\/wp-content\/uploads\/2023\/09\/885301ea6f5e0b91f5ab2b1c85e665c-300x295.png 300w, https:\/\/vapehosale.com\/wp-content\/uploads\/2023\/09\/885301ea6f5e0b91f5ab2b1c85e665c-600x589.png 600w\" sizes=\"(max-width: 670px) 100vw, 670px\" \/><\/p>","protected":false},"excerpt":{"rendered":"<p>Vrei s\u0103 ob\u021bii o putere uimitoare de pufuri? Aceast\u0103 vap\u0103 de unic\u0103 folosin\u021b\u0103 Tornado 10k Puffs, puterea exploziv\u0103 uimitoare provine din cea mai recent\u0103 cercetare \u0219i dezvoltare a tehnologiei bobinei mesh, exist\u0103 un total de 10 arome din care pute\u021bi alege, \u00een func\u021bie de designul rezervorului de lichid, foarte rar.<\/p>\n<p>Contacta\u021bi managerul de v\u00e2nz\u0103ri Vicky pentru comand\u0103, doar en-gros, <strong><span style=\"color: #ff0000\">Comand\u0103 minim\u0103 100 de buc\u0103\u021bi! Vapesolo 10.000 de pufuri s-a v\u00e2ndut, nu mai este \u00een stoc acum.<\/span><\/strong><\/p>\n<p><img decoding=\"async\" class=\"alignnone size-medium wp-image-2638\" src=\"https:\/\/vapehosale.com\/wp-content\/uploads\/2023\/09\/885301ea6f5e0b91f5ab2b1c85e665c-300x295.png\" alt=\"Fabrica RandM\" width=\"300\" height=\"295\" srcset=\"https:\/\/vapehosale.com\/wp-content\/uploads\/2023\/09\/885301ea6f5e0b91f5ab2b1c85e665c-300x295.png 300w, https:\/\/vapehosale.com\/wp-content\/uploads\/2023\/09\/885301ea6f5e0b91f5ab2b1c85e665c-600x589.png 600w, https:\/\/vapehosale.com\/wp-content\/uploads\/2023\/09\/885301ea6f5e0b91f5ab2b1c85e665c.png 670w\" sizes=\"(max-width: 300px) 100vw, 300px\" \/><\/p>\n<p><span style=\"color: #ff0000\">NOT\u0102:Pre\u021bul afi\u0219at pe site nu include costurile de livrare. V\u0103 rug\u0103m s\u0103 ne oferi\u021bi codul dumneavoastr\u0103 po\u0219tal pentru a verifica costurile de livrare.<\/span><\/p>\n<p>&nbsp;<\/p>","protected":false},"featured_media":1763,"comment_status":"open","ping_status":"closed","template":"","meta":{"_uag_custom_page_level_css":"","_lmt_disableupdate":"no","_lmt_disable":"","site-sidebar-layout":"default","site-content-layout":"","ast-site-content-layout":"default","site-content-style":"default","site-sidebar-style":"default","ast-global-header-display":"","ast-banner-title-visibility":"","ast-main-header-display":"","ast-hfb-above-header-display":"","ast-hfb-below-header-display":"","ast-hfb-mobile-header-display":"","site-post-title":"","ast-breadcrumbs-content":"","ast-featured-img":"","footer-sml-layout":"","theme-transparent-header-meta":"default","adv-header-id-meta":"","stick-header-meta":"","header-above-stick-meta":"","header-main-stick-meta":"","header-below-stick-meta":"","astra-migrate-meta-layouts":"set","_joinchat":[]},"product_cat":[15,85,41,55,157],"product_tag":[45,72,76,46,35,33,75],"class_list":["post-1752","product","type-product","status-publish","has-post-thumbnail","hentry","product_cat-vape-shop-wholesale","product_cat-10000-puffs-disposable-vape","product_cat-europe-hot-sale-vape","product_cat-minimum-order-quantity-50pcs","product_cat-vapsolo-vape","product_tag-15000-puffs-vape","product_tag-2-nicotine-vape","product_tag-airflow-control-vape","product_tag-double-mesh-coil-vape","product_tag-rechargeable-disposable-device","product_tag-rgb-light-disposable-vape","product_tag-vapsolo-vape","desktop-align-left","tablet-align-left","mobile-align-left"],"yoast_head":"<!-- This site is optimized with the Yoast SEO plugin v21.1 - https:\/\/yoast.com\/wordpress\/plugins\/seo\/ -->\n<title>Wholesale Vapsolo Tornado 10000 Puffs Disposable Vape - Vape Wholesale<\/title>\n<meta name=\"description\" content=\"Vapsolo Tornado 10000 Puffs disposable vape contain 20ML oil and 650 mah rechargeable battery,each kit can provide about 10000+ puffs.\" \/>\n<meta name=\"robots\" content=\"index, follow, max-snippet:-1, max-image-preview:large, max-video-preview:-1\" \/>\n<link rel=\"canonical\" href=\"https:\/\/vapehosale.com\/ro\/product\/vapsolo-tornado-10000-puffs\/\" \/>\n<meta property=\"og:locale\" content=\"ro_RO\" \/>\n<meta property=\"og:type\" content=\"article\" \/>\n<meta property=\"og:title\" content=\"Wholesale Vapsolo Tornado 10000 Puffs Disposable Vape - Vape Wholesale\" \/>\n<meta property=\"og:description\" content=\"Vapsolo Tornado 10000 Puffs disposable vape contain 20ML oil and 650 mah rechargeable battery,each kit can provide about 10000+ puffs.\" \/>\n<meta property=\"og:url\" content=\"https:\/\/vapehosale.com\/ro\/product\/vapsolo-tornado-10000-puffs\/\" \/>\n<meta property=\"og:site_name\" content=\"Vape Wholesale\" \/>\n<meta property=\"article:modified_time\" content=\"2025-08-12T07:29:35+00:00\" \/>\n<meta property=\"og:image\" content=\"https:\/\/vapehosale.com\/wp-content\/uploads\/2023\/10\/Vapsolo-10000-Puffs-disposable-Vape.png\" \/>\n\t<meta property=\"og:image:width\" content=\"800\" \/>\n\t<meta property=\"og:image:height\" content=\"800\" \/>\n\t<meta property=\"og:image:type\" content=\"image\/png\" \/>\n<meta name=\"twitter:card\" content=\"summary_large_image\" \/>\n<meta name=\"twitter:label1\" content=\"Timp estimat pentru citire\" \/>\n\t<meta name=\"twitter:data1\" content=\"3 minute\" \/>\n<script type=\"application\/ld+json\" class=\"yoast-schema-graph\">{\"@context\":\"https:\/\/schema.org\",\"@graph\":[{\"@type\":\"WebPage\",\"@id\":\"https:\/\/vapehosale.com\/product\/vapsolo-tornado-10000-puffs\/\",\"url\":\"https:\/\/vapehosale.com\/product\/vapsolo-tornado-10000-puffs\/\",\"name\":\"Wholesale Vapsolo Tornado 10000 Puffs Disposable Vape - Vape Wholesale\",\"isPartOf\":{\"@id\":\"https:\/\/vapehosale.com\/#website\"},\"datePublished\":\"2023-10-24T08:04:23+00:00\",\"dateModified\":\"2025-08-12T07:29:35+00:00\",\"description\":\"Vapsolo Tornado 10000 Puffs disposable vape contain 20ML oil and 650 mah rechargeable battery,each kit can provide about 10000+ puffs.\",\"breadcrumb\":{\"@id\":\"https:\/\/vapehosale.com\/product\/vapsolo-tornado-10000-puffs\/#breadcrumb\"},\"inLanguage\":\"ro-RO\",\"potentialAction\":[{\"@type\":\"ReadAction\",\"target\":[\"https:\/\/vapehosale.com\/product\/vapsolo-tornado-10000-puffs\/\"]}]},{\"@type\":\"BreadcrumbList\",\"@id\":\"https:\/\/vapehosale.com\/product\/vapsolo-tornado-10000-puffs\/#breadcrumb\",\"itemListElement\":[{\"@type\":\"ListItem\",\"position\":1,\"name\":\"Home\",\"item\":\"https:\/\/vapehosale.com\/\"},{\"@type\":\"ListItem\",\"position\":2,\"name\":\"Best Sell Vapes\",\"item\":\"https:\/\/vapehosale.com\/vape-shop\/\"},{\"@type\":\"ListItem\",\"position\":3,\"name\":\"Wholesale Vapsolo Tornado 10000 Puffs Disposable Vape\"}]},{\"@type\":\"WebSite\",\"@id\":\"https:\/\/vapehosale.com\/#website\",\"url\":\"https:\/\/vapehosale.com\/\",\"name\":\"Vape Wholesale\",\"description\":\"Buy Vape Wholesale Price Near you\",\"potentialAction\":[{\"@type\":\"SearchAction\",\"target\":{\"@type\":\"EntryPoint\",\"urlTemplate\":\"https:\/\/vapehosale.com\/?s={search_term_string}\"},\"query-input\":\"required name=search_term_string\"}],\"inLanguage\":\"ro-RO\"}]}<\/script>\n<!-- \/ Yoast SEO plugin. -->","yoast_head_json":{"title":"Wholesale Vapsolo Tornado 10000 Puffs Disposable Vape - Vape Wholesale","description":"Vapsolo Tornado 10000 Puffs disposable vape contain 20ML oil and 650 mah rechargeable battery,each kit can provide about 10000+ puffs.","robots":{"index":"index","follow":"follow","max-snippet":"max-snippet:-1","max-image-preview":"max-image-preview:large","max-video-preview":"max-video-preview:-1"},"canonical":"https:\/\/vapehosale.com\/ro\/product\/vapsolo-tornado-10000-puffs\/","og_locale":"ro_RO","og_type":"article","og_title":"Wholesale Vapsolo Tornado 10000 Puffs Disposable Vape - Vape Wholesale","og_description":"Vapsolo Tornado 10000 Puffs disposable vape contain 20ML oil and 650 mah rechargeable battery,each kit can provide about 10000+ puffs.","og_url":"https:\/\/vapehosale.com\/ro\/product\/vapsolo-tornado-10000-puffs\/","og_site_name":"Vape Wholesale","article_modified_time":"2025-08-12T07:29:35+00:00","og_image":[{"width":800,"height":800,"url":"https:\/\/vapehosale.com\/wp-content\/uploads\/2023\/10\/Vapsolo-10000-Puffs-disposable-Vape.png","type":"image\/png"}],"twitter_card":"summary_large_image","twitter_misc":{"Timp estimat pentru citire":"3 minute"},"schema":{"@context":"https:\/\/schema.org","@graph":[{"@type":"WebPage","@id":"https:\/\/vapehosale.com\/product\/vapsolo-tornado-10000-puffs\/","url":"https:\/\/vapehosale.com\/product\/vapsolo-tornado-10000-puffs\/","name":"Wholesale Vapsolo Tornado 10000 Puffs Disposable Vape - Vape Wholesale","isPartOf":{"@id":"https:\/\/vapehosale.com\/#website"},"datePublished":"2023-10-24T08:04:23+00:00","dateModified":"2025-08-12T07:29:35+00:00","description":"Vapsolo Tornado 10000 Puffs disposable vape contain 20ML oil and 650 mah rechargeable battery,each kit can provide about 10000+ puffs.","breadcrumb":{"@id":"https:\/\/vapehosale.com\/product\/vapsolo-tornado-10000-puffs\/#breadcrumb"},"inLanguage":"ro-RO","potentialAction":[{"@type":"ReadAction","target":["https:\/\/vapehosale.com\/product\/vapsolo-tornado-10000-puffs\/"]}]},{"@type":"BreadcrumbList","@id":"https:\/\/vapehosale.com\/product\/vapsolo-tornado-10000-puffs\/#breadcrumb","itemListElement":[{"@type":"ListItem","position":1,"name":"Home","item":"https:\/\/vapehosale.com\/"},{"@type":"ListItem","position":2,"name":"Best Sell Vapes","item":"https:\/\/vapehosale.com\/vape-shop\/"},{"@type":"ListItem","position":3,"name":"Wholesale Vapsolo Tornado 10000 Puffs Disposable Vape"}]},{"@type":"WebSite","@id":"https:\/\/vapehosale.com\/#website","url":"https:\/\/vapehosale.com\/","name":"Vape Wholesale","description":"Buy Vape Wholesale Price Near you","potentialAction":[{"@type":"SearchAction","target":{"@type":"EntryPoint","urlTemplate":"https:\/\/vapehosale.com\/?s={search_term_string}"},"query-input":"required name=search_term_string"}],"inLanguage":"ro-RO"}]}},"uagb_featured_image_src":{"full":["https:\/\/vapehosale.com\/wp-content\/uploads\/2023\/10\/Vapsolo-10000-Puffs-disposable-Vape.png",800,800,false],"thumbnail":["https:\/\/vapehosale.com\/wp-content\/uploads\/2023\/10\/Vapsolo-10000-Puffs-disposable-Vape-150x150.png",150,150,true],"medium":["https:\/\/vapehosale.com\/wp-content\/uploads\/2023\/10\/Vapsolo-10000-Puffs-disposable-Vape-300x300.png",300,300,true],"medium_large":["https:\/\/vapehosale.com\/wp-content\/uploads\/2023\/10\/Vapsolo-10000-Puffs-disposable-Vape-768x768.png",768,768,true],"large":["https:\/\/vapehosale.com\/wp-content\/uploads\/2023\/10\/Vapsolo-10000-Puffs-disposable-Vape.png",800,800,false],"1536x1536":["https:\/\/vapehosale.com\/wp-content\/uploads\/2023\/10\/Vapsolo-10000-Puffs-disposable-Vape.png",800,800,false],"2048x2048":["https:\/\/vapehosale.com\/wp-content\/uploads\/2023\/10\/Vapsolo-10000-Puffs-disposable-Vape.png",800,800,false],"trp-custom-language-flag":["https:\/\/vapehosale.com\/wp-content\/uploads\/2023\/10\/Vapsolo-10000-Puffs-disposable-Vape.png",12,12,false],"woocommerce_thumbnail":["https:\/\/vapehosale.com\/wp-content\/uploads\/2023\/10\/Vapsolo-10000-Puffs-disposable-Vape-300x300.png",300,300,true],"woocommerce_single":["https:\/\/vapehosale.com\/wp-content\/uploads\/2023\/10\/Vapsolo-10000-Puffs-disposable-Vape-600x600.png",600,600,true],"woocommerce_gallery_thumbnail":["https:\/\/vapehosale.com\/wp-content\/uploads\/2023\/10\/Vapsolo-10000-Puffs-disposable-Vape-100x100.png",100,100,true],"wcpr-photo-reviews":["https:\/\/vapehosale.com\/wp-content\/uploads\/2023\/10\/Vapsolo-10000-Puffs-disposable-Vape.png",500,500,false]},"uagb_author_info":{"display_name":"Vicky hosale","author_link":"https:\/\/vapehosale.com\/ro\/author\/"},"uagb_comment_info":0,"uagb_excerpt":"Want to get amazing puff power? This Tornado 10k Puffs disposable vape, the amazing explosive power comes from the latest research and development of mesh coil technology, there are a total of 10 flavors for you to choose from, depending on the design of the oil cup, very rare. Contact sales manager vicky for order,&hellip;","_links":{"self":[{"href":"https:\/\/vapehosale.com\/ro\/wp-json\/wp\/v2\/product\/1752","targetHints":{"allow":["GET"]}}],"collection":[{"href":"https:\/\/vapehosale.com\/ro\/wp-json\/wp\/v2\/product"}],"about":[{"href":"https:\/\/vapehosale.com\/ro\/wp-json\/wp\/v2\/types\/product"}],"replies":[{"embeddable":true,"href":"https:\/\/vapehosale.com\/ro\/wp-json\/wp\/v2\/comments?post=1752"}],"wp:featuredmedia":[{"embeddable":true,"href":"https:\/\/vapehosale.com\/ro\/wp-json\/wp\/v2\/media\/1763"}],"wp:attachment":[{"href":"https:\/\/vapehosale.com\/ro\/wp-json\/wp\/v2\/media?parent=1752"}],"wp:term":[{"taxonomy":"product_cat","embeddable":true,"href":"https:\/\/vapehosale.com\/ro\/wp-json\/wp\/v2\/product_cat?post=1752"},{"taxonomy":"product_tag","embeddable":true,"href":"https:\/\/vapehosale.com\/ro\/wp-json\/wp\/v2\/product_tag?post=1752"}],"curies":[{"name":"wp","href":"https:\/\/api.w.org\/{rel}","templated":true}]}}