{"id":1695,"date":"2023-10-17T02:21:27","date_gmt":"2023-10-17T02:21:27","guid":{"rendered":"https:\/\/vapehosale.com\/?post_type=product&#038;p=1695"},"modified":"2026-03-20T08:08:31","modified_gmt":"2026-03-20T08:08:31","slug":"vapme-crystal-7000","status":"publish","type":"product","link":"https:\/\/vapehosale.com\/ro\/product\/vapme-crystal-7000\/","title":{"rendered":"Vapme Crystal 7k Puffs \u021aigar\u0103 electronic\u0103 de unic\u0103 folosin\u021b\u0103 en-gros"},"content":{"rendered":"<h2 style=\"text-align: center\">Vapme Crystal 7000 Puffs Vape de unic\u0103 folosin\u021b\u0103 en-gros<\/h2>\n<p>Vapme Crystal 7k Puffs este un vape de unic\u0103 folosin\u021b\u0103 care emite lumin\u0103 pe tot parcursul, iar designul corpului s\u0103u este inspirat de anime-ul Pirate Hunter, fiecare arom\u0103 are un personaj IP exclusiv.<br \/>\nVape-urile de unic\u0103 folosin\u021b\u0103 Vapme Crystal 7000 puffs sunt disponibile \u00eentr-un total de 12 arome, fiecare vape re\u00eenc\u0103rcabil crystal 7k puffs con\u021bine 14 ml de e-lichid \u0219i o baterie re\u00eenc\u0103rcabil\u0103 de 600 mAh \u0219i are tehnologie de atomizare cu bobin\u0103 mesh 0.8\u03a9 de top, astfel \u00eenc\u00e2t fiecare dispozitiv poate oferi 7000 de pufuri \u00eenainte ca e-lichidul s\u0103 se epuizeze, toate aromele v\u0103 pot aduce o experien\u021b\u0103 extraordinar\u0103.<\/p>\n<p><img decoding=\"async\" class=\"alignnone size-large wp-image-1710\" src=\"https:\/\/vapehosale.com\/wp-content\/uploads\/2023\/10\/Vapme-Crystal-7000-Puffs-Real-Picture-1024x1024.jpg\" alt=\"Vapme Crystal 7000 Pufuri Imagine Real\u0103\" width=\"1024\" height=\"1024\" srcset=\"https:\/\/vapehosale.com\/wp-content\/uploads\/2023\/10\/Vapme-Crystal-7000-Puffs-Real-Picture-1024x1024.jpg 1024w, https:\/\/vapehosale.com\/wp-content\/uploads\/2023\/10\/Vapme-Crystal-7000-Puffs-Real-Picture-300x300.jpg 300w, https:\/\/vapehosale.com\/wp-content\/uploads\/2023\/10\/Vapme-Crystal-7000-Puffs-Real-Picture-150x150.jpg 150w, https:\/\/vapehosale.com\/wp-content\/uploads\/2023\/10\/Vapme-Crystal-7000-Puffs-Real-Picture-768x768.jpg 768w, https:\/\/vapehosale.com\/wp-content\/uploads\/2023\/10\/Vapme-Crystal-7000-Puffs-Real-Picture-1536x1536.jpg 1536w, https:\/\/vapehosale.com\/wp-content\/uploads\/2023\/10\/Vapme-Crystal-7000-Puffs-Real-Picture-600x600.jpg 600w, https:\/\/vapehosale.com\/wp-content\/uploads\/2023\/10\/Vapme-Crystal-7000-Puffs-Real-Picture-100x100.jpg 100w, https:\/\/vapehosale.com\/wp-content\/uploads\/2023\/10\/Vapme-Crystal-7000-Puffs-Real-Picture.jpg 2000w\" sizes=\"(max-width: 1024px) 100vw, 1024px\" \/><\/p>\n<h3>1. Este vape-ul de unic\u0103 folosin\u021b\u0103 Vapme crystal 7k cu lumin\u0103 RGB?<\/h3>\n<p>C\u00e2nd utiliza\u021bi vape-ul crystal 7k vapme, lumina RGB va fi declan\u0219at\u0103 la fiecare puf, iar lumina RGB str\u0103lucitoare creeaz\u0103 un aspect vizual unic pentru dvs.<\/p>\n<p><img decoding=\"async\" class=\"alignnone size-thumbnail wp-image-1719\" src=\"https:\/\/vapehosale.com\/wp-content\/uploads\/2023\/10\/Vapme-Crystal-7000-Puffs-RGB-light-Display-150x150.jpg\" alt=\"Vapme Crystal 7000 Pufuri Afi\u0219aj cu lumin\u0103 RGB\" width=\"150\" height=\"150\" srcset=\"https:\/\/vapehosale.com\/wp-content\/uploads\/2023\/10\/Vapme-Crystal-7000-Puffs-RGB-light-Display-150x150.jpg 150w, https:\/\/vapehosale.com\/wp-content\/uploads\/2023\/10\/Vapme-Crystal-7000-Puffs-RGB-light-Display-300x300.jpg 300w, https:\/\/vapehosale.com\/wp-content\/uploads\/2023\/10\/Vapme-Crystal-7000-Puffs-RGB-light-Display-100x100.jpg 100w\" sizes=\"(max-width: 150px) 100vw, 150px\" \/><img decoding=\"async\" class=\"alignnone size-thumbnail wp-image-1718\" src=\"https:\/\/vapehosale.com\/wp-content\/uploads\/2023\/10\/Vapme-Crystal-7000-Puffs-Disposable-Vape-Wholesale-150x150.jpg\" alt=\"Vapme Crystal 7000 Pufuri Vape de unic\u0103 folosin\u021b\u0103 en-gros\" width=\"150\" height=\"150\" srcset=\"https:\/\/vapehosale.com\/wp-content\/uploads\/2023\/10\/Vapme-Crystal-7000-Puffs-Disposable-Vape-Wholesale-150x150.jpg 150w, https:\/\/vapehosale.com\/wp-content\/uploads\/2023\/10\/Vapme-Crystal-7000-Puffs-Disposable-Vape-Wholesale-300x300.jpg 300w, https:\/\/vapehosale.com\/wp-content\/uploads\/2023\/10\/Vapme-Crystal-7000-Puffs-Disposable-Vape-Wholesale-100x100.jpg 100w\" sizes=\"(max-width: 150px) 100vw, 150px\" \/><img decoding=\"async\" class=\"alignnone size-thumbnail wp-image-1716\" src=\"https:\/\/vapehosale.com\/wp-content\/uploads\/2023\/10\/RGB-light-Vape-Vapme-Crystal-7000-Wholesale-150x150.jpg\" alt=\"Vape cu lumin\u0103 RGB Vapme Crystal 7000 en-gros\" width=\"150\" height=\"150\" srcset=\"https:\/\/vapehosale.com\/wp-content\/uploads\/2023\/10\/RGB-light-Vape-Vapme-Crystal-7000-Wholesale-150x150.jpg 150w, https:\/\/vapehosale.com\/wp-content\/uploads\/2023\/10\/RGB-light-Vape-Vapme-Crystal-7000-Wholesale-300x300.jpg 300w, https:\/\/vapehosale.com\/wp-content\/uploads\/2023\/10\/RGB-light-Vape-Vapme-Crystal-7000-Wholesale-100x100.jpg 100w\" sizes=\"(max-width: 150px) 100vw, 150px\" \/><img decoding=\"async\" class=\"alignnone size-thumbnail wp-image-1717\" src=\"https:\/\/vapehosale.com\/wp-content\/uploads\/2023\/10\/RGB-Vape-Crystal-7000-Disposable-Vape-150x150.jpg\" alt=\"Vape RGB Crystal 7000 Vape de unic\u0103 folosin\u021b\u0103\" width=\"150\" height=\"150\" srcset=\"https:\/\/vapehosale.com\/wp-content\/uploads\/2023\/10\/RGB-Vape-Crystal-7000-Disposable-Vape-150x150.jpg 150w, https:\/\/vapehosale.com\/wp-content\/uploads\/2023\/10\/RGB-Vape-Crystal-7000-Disposable-Vape-300x300.jpg 300w, https:\/\/vapehosale.com\/wp-content\/uploads\/2023\/10\/RGB-Vape-Crystal-7000-Disposable-Vape-100x100.jpg 100w\" sizes=\"(max-width: 150px) 100vw, 150px\" \/><\/p>\n<h5><\/h5>\n<h3>2. Este vape-ul Vapme Crystal 7k sigur?<\/h3>\n<p>Desigur, Vapme Crystal 7k este sigur.<br \/>\nCarcasa exterioar\u0103 este fabricat\u0103 din plastic ecologic, iar bateria folose\u0219te baterii din cobalt pur, folosim baterii de cea mai bun\u0103 calitate dintre materialele kit-urilor de unic\u0103 folosin\u021b\u0103, deoarece o baterie bun\u0103 poate evita riscul de explozie. Componentele sigure ale e-lichidului sunt extrem de importante \u0219i ieftine, uleiul de vape poate fi ulei de vape de calitate sc\u0103zut\u0103 care a fost folosit de multe ori \u0219i poate provoca cancer, folosim doar ulei de vape de unic\u0103 folosin\u021b\u0103 care are certificare CE, deoarece siguran\u021ba ingredientelor este prima alegere \u00een fabrica noastr\u0103.<\/p>\n<h3>Specifica\u021bii Vapme Crystal 7000 Puffs:<\/h3>\n<p>1. 5% Nivel de nicotin\u0103<br \/>\n2. Pufuri: Vape de unic\u0103 folosin\u021b\u0103 7000 Puffs<br \/>\n3. Capacitate: 14ml<br \/>\n5. 13 arome disponibile<br \/>\n6. Integrat 600Mah<br \/>\n7. Bobin\u0103 Mesh 1.0\u03a9<br \/>\n8.Fabricat \u00een China<\/p>\n<h3>List\u0103 de arome pentru Vapme en gros 7k 56+:<\/h3>\n<p>1.Afine zmeur\u0103<br \/>\n2.Struguri de p\u0103dure<br \/>\n3.Gume de mestecat cu c\u0103p\u0219uni \u0219i pepene verde<br \/>\n4.Bomboane cu c\u0103p\u0219uni \u0219i zmeur\u0103<br \/>\n5.C\u0103p\u0219uni cu banane<br \/>\n6.C\u0103p\u0219uni cu mango<br \/>\n7.Piersici, mango \u0219i ananas<br \/>\n8.Pepene ro\u0219u ghea\u021b\u0103<br \/>\n9.Mango triplu<br \/>\n10.Cirea\u0219\u0103 cu ghea\u021b\u0103<br \/>\n11.Fructul pasiunii \u0219i pepene cu ghea\u021b\u0103<br \/>\n12.Kiwi, fructul pasiunii \u0219i guava<br \/>\n13.C\u0103p\u0219uni cu ghea\u021b\u0103<br \/>\n14.Piersici cu ghea\u021b\u0103<br \/>\n15.Limonad\u0103 cu zmeur\u0103 albastr\u0103<br \/>\n16.C\u0103p\u0219uni cu kiwi<br \/>\n17.B\u0103utur\u0103 energizant\u0103<br \/>\n18.Cire\u0219e \u0219i cola<br \/>\n19.Fructe de p\u0103dure amestecate cu ghea\u021b\u0103<br \/>\n20.L\u0103m\u00e2ie<br \/>\n21.C\u0103p\u0219uni cu struguri<br \/>\n22.coac\u0103ze negre cu ghea\u021b\u0103<br \/>\n23.afine, meri\u0219oare \u0219i cire\u0219e<br \/>\n24.pepene ro\u0219u, kiwi cu ghea\u021b\u0103<br \/>\n25.cire\u0219e cu fructe de p\u0103dure<br \/>\n26.ment\u0103<br \/>\n27.punch de fructe tropicale<br \/>\n28.Domnul albastru<br \/>\n29.m\u0103r dublu<br \/>\n30.banan\u0103 cu ghea\u021b\u0103<br \/>\n31.Doamna Killa<br \/>\n32.Bul\u0103 de pepene verde<br \/>\n33.Ananas Kiwi Ghea\u021b\u0103<br \/>\n34.C\u0103p\u0219un\u0103 Fructul Dragonului Ghea\u021b\u0103<br \/>\n35.Pepene galben L\u0103m\u00e2ie<br \/>\n36.Triple Melon Ghea\u021b\u0103<br \/>\n37. Afin\u0103 Zmeur\u0103 Piersic\u0103<br \/>\n38.C\u0103p\u0219un\u0103 Zmeur\u0103 Ghea\u021b\u0103<br \/>\n39.Pepene Verde Skittle<br \/>\n40.C\u0103p\u0219un\u0103 Urs de Gum\u0103<br \/>\n41.C\u0103p\u0219un\u0103 Red Bull<br \/>\nGhea\u021b\u0103 de Dragon Negru<br \/>\n43.Strugure Ghea\u021b\u0103<br \/>\n44. Afine Pepene Verde Ghea\u021b\u0103<br \/>\n45. Piersic\u0103 Fruct de P\u0103dure Ghea\u021b\u0103<br \/>\n46. M\u0103r Kiwi Ghea\u021b\u0103<br \/>\n47. Strugure Mov Ghea\u021b\u0103<br \/>\n48. M\u0103r Verde Ghea\u021b\u0103<br \/>\n49. Mango Ghea\u021b\u0103<br \/>\n50. Pepene Verde Cire\u0219e<br \/>\n51. L\u0103m\u00e2ie Ment\u0103<br \/>\n52. Grapefruit Sucos Ghea\u021b\u0103<br \/>\n53. Piersic\u0103 Blue Razz<br \/>\n54. Mango Portocal\u0103 Guava Ghea\u021b\u0103<br \/>\n55. Ananas Ghea\u021b\u0103<br \/>\n56. Limonad\u0103 roz<\/p>\n<p><a href=\"https:\/\/vapehosale.com\/ro\/product\/randm-tornado-7000-puffs-disposable-vape\/\">Vap\u0103 la v\u00e2nzare <\/a>En gros :<a href=\"https:\/\/vapehosale.com\/ro\/product\/fumot-digital-box-12000-puffs\/\">Fumot Digital Box 12000 Pufuri<\/a><br \/>\n<a href=\"https:\/\/vapehosale.com\/ro\/product\/fumot-leopard-40k-disposable-vape\/\">Fumot vape Leopard 40K Pufuri\u00a0<\/a><br \/>\n<a href=\"https:\/\/vapehosale.com\/ro\/product\/fumot-eco-50000-puffs\/\">RandM Fumot Eco 50000 Pufuri<\/a><br \/>\n<a href=\"https:\/\/vapehosale.com\/ro\/product-category\/vapme-vape\/\">Mai multe pre\u021buri en gros pentru Vapme Vape aici<\/a><\/p>\n<h4>Detalii de Livrare:<\/h4>\n<p>Timp de produc\u021bie: 5 zile lucr\u0103toare<br \/>\nTimp de livrare: 10-14 zile lucr\u0103toare<\/p>\n<p>Toate produsele din magazinul nostru sunt 100% originale \u0219i autentice, de aceea compensarea de zece ori pentru produsele contraf\u0103cute este politica magazinului nostru.<\/p>\n<h3>Serviciu post-v\u00e2nzare:<\/h3>\n<p>Pentru mai multe detalii despre pre\u021bul de en-gros, cantitatea minim\u0103 de comand\u0103 \u0219i aromele disponibile, v\u0103 rug\u0103m s\u0103 o contacta\u021bi pe managerul nostru de v\u00e2nz\u0103ri, Vicky <a href=\"https:\/\/wa.me\/8618077105750\">whatsapp:+8618077105750<\/a><\/p>\n<p><img decoding=\"async\" class=\"alignnone size-full wp-image-2638\" src=\"https:\/\/vapehosale.com\/wp-content\/uploads\/2023\/09\/885301ea6f5e0b91f5ab2b1c85e665c.png\" alt=\"Fabrica RandM\" width=\"670\" height=\"658\" srcset=\"https:\/\/vapehosale.com\/wp-content\/uploads\/2023\/09\/885301ea6f5e0b91f5ab2b1c85e665c.png 670w, https:\/\/vapehosale.com\/wp-content\/uploads\/2023\/09\/885301ea6f5e0b91f5ab2b1c85e665c-300x295.png 300w, https:\/\/vapehosale.com\/wp-content\/uploads\/2023\/09\/885301ea6f5e0b91f5ab2b1c85e665c-600x589.png 600w\" sizes=\"(max-width: 670px) 100vw, 670px\" \/><\/p>","protected":false},"excerpt":{"rendered":"<p>Vape-urile re\u00eenc\u0103rcabile de \u00eenalt\u0103 calitate Vapme Crystal 7000 Puffs sunt un dispozitiv de unic\u0103 folosin\u021b\u0103 foarte popular pe pia\u021ba european\u0103, sunt disponibile un total de 43 de arome.<span style=\"color: #ff0000\">Pre\u021bul afi\u0219at pe site nu include costurile de expediere.\u00a0<\/span><\/p>\n<p>Contacta\u021bi managerul de v\u00e2nz\u0103ri Vicky pentru a ob\u021bine o reducere ast\u0103zi,<strong><span style=\"color: #ff0000\">Comanda minim\u0103 doar 50 buc!\u00a0<\/span><\/strong><\/p>\n<p><img decoding=\"async\" class=\"alignnone size-medium wp-image-2638\" src=\"https:\/\/vapehosale.com\/wp-content\/uploads\/2023\/09\/885301ea6f5e0b91f5ab2b1c85e665c-300x295.png\" alt=\"Fabrica RandM\" width=\"300\" height=\"295\" srcset=\"https:\/\/vapehosale.com\/wp-content\/uploads\/2023\/09\/885301ea6f5e0b91f5ab2b1c85e665c-300x295.png 300w, https:\/\/vapehosale.com\/wp-content\/uploads\/2023\/09\/885301ea6f5e0b91f5ab2b1c85e665c-600x589.png 600w, https:\/\/vapehosale.com\/wp-content\/uploads\/2023\/09\/885301ea6f5e0b91f5ab2b1c85e665c.png 670w\" sizes=\"(max-width: 300px) 100vw, 300px\" \/><\/p>\n<p>&nbsp;<\/p>\n<p>&nbsp;<\/p>","protected":false},"featured_media":1698,"comment_status":"open","ping_status":"closed","template":"","meta":{"_uag_custom_page_level_css":"","_lmt_disableupdate":"no","_lmt_disable":"","site-sidebar-layout":"default","site-content-layout":"","ast-site-content-layout":"default","site-content-style":"default","site-sidebar-style":"default","ast-global-header-display":"","ast-banner-title-visibility":"","ast-main-header-display":"","ast-hfb-above-header-display":"","ast-hfb-below-header-display":"","ast-hfb-mobile-header-display":"","site-post-title":"","ast-breadcrumbs-content":"","ast-featured-img":"","footer-sml-layout":"","theme-transparent-header-meta":"default","adv-header-id-meta":"","stick-header-meta":"","header-above-stick-meta":"","header-main-stick-meta":"","header-below-stick-meta":"","astra-migrate-meta-layouts":"set","_joinchat":[]},"product_cat":[55,91,15,137],"product_tag":[35,33,53],"class_list":["post-1695","product","type-product","status-publish","has-post-thumbnail","hentry","product_cat-minimum-order-quantity-50pcs","product_cat-7000-puffs-disposable-vape","product_cat-vape-shop-wholesale","product_cat-vapme-vape","product_tag-rechargeable-disposable-device","product_tag-rgb-light-disposable-vape","product_tag-vapme-vape","desktop-align-left","tablet-align-left","mobile-align-left"],"yoast_head":"<!-- This site is optimized with the Yoast SEO plugin v21.1 - https:\/\/yoast.com\/wordpress\/plugins\/seo\/ -->\n<title>Wholesale Vapme Crystal 7k Puffs Disposable Vape - Vape Wholesale<\/title>\n<meta name=\"description\" content=\"Want to wholesale High quality Vapme Crystal 7000? get a big disscount on wholesale disposable vape on this shop! More disccount waitting for you!\" \/>\n<meta name=\"robots\" content=\"index, follow, max-snippet:-1, max-image-preview:large, max-video-preview:-1\" \/>\n<link rel=\"canonical\" href=\"https:\/\/vapehosale.com\/ro\/product\/vapme-crystal-7000\/\" \/>\n<meta property=\"og:locale\" content=\"ro_RO\" \/>\n<meta property=\"og:type\" content=\"article\" \/>\n<meta property=\"og:title\" content=\"Wholesale Vapme Crystal 7k Puffs Disposable Vape - Vape Wholesale\" \/>\n<meta property=\"og:description\" content=\"Want to wholesale High quality Vapme Crystal 7000? get a big disscount on wholesale disposable vape on this shop! More disccount waitting for you!\" \/>\n<meta property=\"og:url\" content=\"https:\/\/vapehosale.com\/ro\/product\/vapme-crystal-7000\/\" \/>\n<meta property=\"og:site_name\" content=\"Vape Wholesale\" \/>\n<meta property=\"article:modified_time\" content=\"2026-03-20T08:08:31+00:00\" \/>\n<meta property=\"og:image\" content=\"https:\/\/vapehosale.com\/wp-content\/uploads\/2023\/10\/High-Quality-Vapme-Crystal-7000-Puffs-.jpg\" \/>\n\t<meta property=\"og:image:width\" content=\"800\" \/>\n\t<meta property=\"og:image:height\" content=\"800\" \/>\n\t<meta property=\"og:image:type\" content=\"image\/jpeg\" \/>\n<meta name=\"twitter:card\" content=\"summary_large_image\" \/>\n<meta name=\"twitter:label1\" content=\"Timp estimat pentru citire\" \/>\n\t<meta name=\"twitter:data1\" content=\"4 minute\" \/>\n<script type=\"application\/ld+json\" class=\"yoast-schema-graph\">{\"@context\":\"https:\/\/schema.org\",\"@graph\":[{\"@type\":\"WebPage\",\"@id\":\"https:\/\/vapehosale.com\/product\/vapme-crystal-7000\/\",\"url\":\"https:\/\/vapehosale.com\/product\/vapme-crystal-7000\/\",\"name\":\"Wholesale Vapme Crystal 7k Puffs Disposable Vape - Vape Wholesale\",\"isPartOf\":{\"@id\":\"https:\/\/vapehosale.com\/#website\"},\"datePublished\":\"2023-10-17T02:21:27+00:00\",\"dateModified\":\"2026-03-20T08:08:31+00:00\",\"description\":\"Want to wholesale High quality Vapme Crystal 7000? get a big disscount on wholesale disposable vape on this shop! More disccount waitting for you!\",\"breadcrumb\":{\"@id\":\"https:\/\/vapehosale.com\/product\/vapme-crystal-7000\/#breadcrumb\"},\"inLanguage\":\"ro-RO\",\"potentialAction\":[{\"@type\":\"ReadAction\",\"target\":[\"https:\/\/vapehosale.com\/product\/vapme-crystal-7000\/\"]}]},{\"@type\":\"BreadcrumbList\",\"@id\":\"https:\/\/vapehosale.com\/product\/vapme-crystal-7000\/#breadcrumb\",\"itemListElement\":[{\"@type\":\"ListItem\",\"position\":1,\"name\":\"Home\",\"item\":\"https:\/\/vapehosale.com\/\"},{\"@type\":\"ListItem\",\"position\":2,\"name\":\"Best Sell Vapes\",\"item\":\"https:\/\/vapehosale.com\/vape-shop\/\"},{\"@type\":\"ListItem\",\"position\":3,\"name\":\"Wholesale Vapme Crystal 7k Puffs Disposable Vape\"}]},{\"@type\":\"WebSite\",\"@id\":\"https:\/\/vapehosale.com\/#website\",\"url\":\"https:\/\/vapehosale.com\/\",\"name\":\"Vape Wholesale\",\"description\":\"Buy Vape Wholesale Price Near you\",\"potentialAction\":[{\"@type\":\"SearchAction\",\"target\":{\"@type\":\"EntryPoint\",\"urlTemplate\":\"https:\/\/vapehosale.com\/?s={search_term_string}\"},\"query-input\":\"required name=search_term_string\"}],\"inLanguage\":\"ro-RO\"}]}<\/script>\n<!-- \/ Yoast SEO plugin. -->","yoast_head_json":{"title":"Wholesale Vapme Crystal 7k Puffs Disposable Vape - Vape Wholesale","description":"Want to wholesale High quality Vapme Crystal 7000? get a big disscount on wholesale disposable vape on this shop! More disccount waitting for you!","robots":{"index":"index","follow":"follow","max-snippet":"max-snippet:-1","max-image-preview":"max-image-preview:large","max-video-preview":"max-video-preview:-1"},"canonical":"https:\/\/vapehosale.com\/ro\/product\/vapme-crystal-7000\/","og_locale":"ro_RO","og_type":"article","og_title":"Wholesale Vapme Crystal 7k Puffs Disposable Vape - Vape Wholesale","og_description":"Want to wholesale High quality Vapme Crystal 7000? get a big disscount on wholesale disposable vape on this shop! More disccount waitting for you!","og_url":"https:\/\/vapehosale.com\/ro\/product\/vapme-crystal-7000\/","og_site_name":"Vape Wholesale","article_modified_time":"2026-03-20T08:08:31+00:00","og_image":[{"width":800,"height":800,"url":"https:\/\/vapehosale.com\/wp-content\/uploads\/2023\/10\/High-Quality-Vapme-Crystal-7000-Puffs-.jpg","type":"image\/jpeg"}],"twitter_card":"summary_large_image","twitter_misc":{"Timp estimat pentru citire":"4 minute"},"schema":{"@context":"https:\/\/schema.org","@graph":[{"@type":"WebPage","@id":"https:\/\/vapehosale.com\/product\/vapme-crystal-7000\/","url":"https:\/\/vapehosale.com\/product\/vapme-crystal-7000\/","name":"Wholesale Vapme Crystal 7k Puffs Disposable Vape - Vape Wholesale","isPartOf":{"@id":"https:\/\/vapehosale.com\/#website"},"datePublished":"2023-10-17T02:21:27+00:00","dateModified":"2026-03-20T08:08:31+00:00","description":"Want to wholesale High quality Vapme Crystal 7000? get a big disscount on wholesale disposable vape on this shop! More disccount waitting for you!","breadcrumb":{"@id":"https:\/\/vapehosale.com\/product\/vapme-crystal-7000\/#breadcrumb"},"inLanguage":"ro-RO","potentialAction":[{"@type":"ReadAction","target":["https:\/\/vapehosale.com\/product\/vapme-crystal-7000\/"]}]},{"@type":"BreadcrumbList","@id":"https:\/\/vapehosale.com\/product\/vapme-crystal-7000\/#breadcrumb","itemListElement":[{"@type":"ListItem","position":1,"name":"Home","item":"https:\/\/vapehosale.com\/"},{"@type":"ListItem","position":2,"name":"Best Sell Vapes","item":"https:\/\/vapehosale.com\/vape-shop\/"},{"@type":"ListItem","position":3,"name":"Wholesale Vapme Crystal 7k Puffs Disposable Vape"}]},{"@type":"WebSite","@id":"https:\/\/vapehosale.com\/#website","url":"https:\/\/vapehosale.com\/","name":"Vape Wholesale","description":"Buy Vape Wholesale Price Near you","potentialAction":[{"@type":"SearchAction","target":{"@type":"EntryPoint","urlTemplate":"https:\/\/vapehosale.com\/?s={search_term_string}"},"query-input":"required name=search_term_string"}],"inLanguage":"ro-RO"}]}},"uagb_featured_image_src":{"full":["https:\/\/vapehosale.com\/wp-content\/uploads\/2023\/10\/High-Quality-Vapme-Crystal-7000-Puffs-.jpg",800,800,false],"thumbnail":["https:\/\/vapehosale.com\/wp-content\/uploads\/2023\/10\/High-Quality-Vapme-Crystal-7000-Puffs--150x150.jpg",150,150,true],"medium":["https:\/\/vapehosale.com\/wp-content\/uploads\/2023\/10\/High-Quality-Vapme-Crystal-7000-Puffs--300x300.jpg",300,300,true],"medium_large":["https:\/\/vapehosale.com\/wp-content\/uploads\/2023\/10\/High-Quality-Vapme-Crystal-7000-Puffs--768x768.jpg",768,768,true],"large":["https:\/\/vapehosale.com\/wp-content\/uploads\/2023\/10\/High-Quality-Vapme-Crystal-7000-Puffs-.jpg",800,800,false],"1536x1536":["https:\/\/vapehosale.com\/wp-content\/uploads\/2023\/10\/High-Quality-Vapme-Crystal-7000-Puffs-.jpg",800,800,false],"2048x2048":["https:\/\/vapehosale.com\/wp-content\/uploads\/2023\/10\/High-Quality-Vapme-Crystal-7000-Puffs-.jpg",800,800,false],"trp-custom-language-flag":["https:\/\/vapehosale.com\/wp-content\/uploads\/2023\/10\/High-Quality-Vapme-Crystal-7000-Puffs-.jpg",12,12,false],"woocommerce_thumbnail":["https:\/\/vapehosale.com\/wp-content\/uploads\/2023\/10\/High-Quality-Vapme-Crystal-7000-Puffs--300x300.jpg",300,300,true],"woocommerce_single":["https:\/\/vapehosale.com\/wp-content\/uploads\/2023\/10\/High-Quality-Vapme-Crystal-7000-Puffs--600x600.jpg",600,600,true],"woocommerce_gallery_thumbnail":["https:\/\/vapehosale.com\/wp-content\/uploads\/2023\/10\/High-Quality-Vapme-Crystal-7000-Puffs--100x100.jpg",100,100,true],"wcpr-photo-reviews":["https:\/\/vapehosale.com\/wp-content\/uploads\/2023\/10\/High-Quality-Vapme-Crystal-7000-Puffs-.jpg",500,500,false]},"uagb_author_info":{"display_name":"Vicky hosale","author_link":"https:\/\/vapehosale.com\/ro\/author\/"},"uagb_comment_info":0,"uagb_excerpt":"high-quality Vapme Crystal 7000 Puffs rechargeable vape are a very hot sale disposable device in the european market , there are a total of 43 flavors is available.The website price does not include shipping costs.\u00a0 Contact sales manager vicky get disccount today,Min order only 50pcs!\u00a0 &nbsp; &nbsp;","_links":{"self":[{"href":"https:\/\/vapehosale.com\/ro\/wp-json\/wp\/v2\/product\/1695","targetHints":{"allow":["GET"]}}],"collection":[{"href":"https:\/\/vapehosale.com\/ro\/wp-json\/wp\/v2\/product"}],"about":[{"href":"https:\/\/vapehosale.com\/ro\/wp-json\/wp\/v2\/types\/product"}],"replies":[{"embeddable":true,"href":"https:\/\/vapehosale.com\/ro\/wp-json\/wp\/v2\/comments?post=1695"}],"wp:featuredmedia":[{"embeddable":true,"href":"https:\/\/vapehosale.com\/ro\/wp-json\/wp\/v2\/media\/1698"}],"wp:attachment":[{"href":"https:\/\/vapehosale.com\/ro\/wp-json\/wp\/v2\/media?parent=1695"}],"wp:term":[{"taxonomy":"product_cat","embeddable":true,"href":"https:\/\/vapehosale.com\/ro\/wp-json\/wp\/v2\/product_cat?post=1695"},{"taxonomy":"product_tag","embeddable":true,"href":"https:\/\/vapehosale.com\/ro\/wp-json\/wp\/v2\/product_tag?post=1695"}],"curies":[{"name":"wp","href":"https:\/\/api.w.org\/{rel}","templated":true}]}}