{"id":6232,"date":"2025-12-30T03:27:31","date_gmt":"2025-12-30T03:27:31","guid":{"rendered":"https:\/\/vapehosale.com\/?post_type=product&#038;p=6232"},"modified":"2025-12-30T06:25:41","modified_gmt":"2025-12-30T06:25:41","slug":"airmez-140k-puffs-6in1-disposable-vape","status":"publish","type":"product","link":"https:\/\/vapehosale.com\/pt\/product\/airmez-140k-puffs-6in1-disposable-vape\/","title":{"rendered":"Airmez 140k Puffs Vape Descart\u00e1vel 6em1 Armaz\u00e9m da UE"},"content":{"rendered":"<h2 style=\"text-align: center\">Venda por grosso Airmez 140k Puffs Vape Descart\u00e1vel 6em1<\/h2>\n<p>Airmez 140k puffs vape descart\u00e1vel oferece impressionantes 140000 tragos de seis sabores pr\u00e9-carregados, organizados em tr\u00eas c\u00e2maras de 15ml (45ml no total). uma bobina de malha de precis\u00e3o fornece aquecimento uniforme para uma sensa\u00e7\u00e3o de garganta consistente e sabor. a bateria integrada de 650mAh carrega via tipo-C para recargas r\u00e1pidas, enquanto uma tela de grande tamanho exibe a percentagem da bateria, a intensidade do sabor selecionado e a contagem de tragos restantes para um acompanhamento preciso \u2014 uma solu\u00e7\u00e3o mensur\u00e1vel, pronta para retalho para utilizadores intensivos e vendedores em massa.<br \/>\n<img decoding=\"async\" class=\"alignnone size-full wp-image-6211\" src=\"https:\/\/vapehosale.com\/wp-content\/uploads\/2025\/12\/Airmez-6in1-140k-Puffs-Disposable-Vape.webp\" alt=\"Vape Descart\u00e1vel Airmez 6em1 140 mil Puffs\" width=\"1000\" height=\"312\" srcset=\"https:\/\/vapehosale.com\/wp-content\/uploads\/2025\/12\/Airmez-6in1-140k-Puffs-Disposable-Vape.webp 1000w, https:\/\/vapehosale.com\/wp-content\/uploads\/2025\/12\/Airmez-6in1-140k-Puffs-Disposable-Vape-300x94.webp 300w, https:\/\/vapehosale.com\/wp-content\/uploads\/2025\/12\/Airmez-6in1-140k-Puffs-Disposable-Vape-768x240.webp 768w, https:\/\/vapehosale.com\/wp-content\/uploads\/2025\/12\/Airmez-6in1-140k-Puffs-Disposable-Vape-18x6.webp 18w, https:\/\/vapehosale.com\/wp-content\/uploads\/2025\/12\/Airmez-6in1-140k-Puffs-Disposable-Vape-600x187.webp 600w\" sizes=\"(max-width: 1000px) 100vw, 1000px\" \/><\/p>\n<h3 data-start=\"1185\" data-end=\"1205\">Principais Caracter\u00edsticas do Airmez 140k Puffs:<\/h3>\n<p>15ML*3 de L\u00edquido<br \/>\nBobina de malha<br \/>\nPorta Tipo-C<br \/>\n650mAh<br \/>\nSabor Ajust\u00e1vel<br \/>\nGrande Tela<\/p>\n<h3 data-start=\"1185\" data-end=\"1205\">Lista de Sabores do Airmez 140k Puffs:<\/h3>\n<p>1. LOVE 66, LARANJA COM FRAMBOESA, CEREJA FIZZY<br \/>\n2. FRAMBOESA MISTA, LIMONADA BLUE RAZZ, CEREJA FRAMBOESA<br \/>\n3. DRAG\u00c3O FRUTA LCE, FUS\u00c3O FRUTADA, RASPBERRY WATERMELON<br \/>\n4. CEREJA, COLA ICE, MANGA ICE<br \/>\n5. P\u00caSSEGO ICE, MANGA ICE, DR BLUE<br \/>\n6. MORANGO BANANA, VIMTO, CEREJA BLUEBERRY CRANBERRY<br \/>\n7. MORANGO ICE, LIMONADA ROSA, BINGO CRUSH<br \/>\n8. LOVE 66, MORANGO KIWI, P\u00caSSEGO MANGA<br \/>\n9. MORANGO WATERMELON, TR\u00caS MEL\u00d5ES, BLUE RAZZ ICE<br \/>\n10.\u00c1GUA-MEL\u00c3O ICE, BINGO CRUSH, FRAMBOESAS MISTURADAS<\/p>\n<h3><strong>Conte\u00fado da embalagem:<\/strong><\/h3>\n<p>1 x Airmez 140k Puffs Vape Descart\u00e1vel 6em1<\/p>\n<h3 class=\"ds-markdown-paragraph\">Perguntas Frequentes do Airmez 140000 Puffs Vape Descart\u00e1vel 6em1<\/h3>\n<ol>\n<li data-start=\"569\" data-end=\"842\">p: como s\u00e3o distribu\u00eddos os 140k puffs do Airmez entre sabores? \ud83e\udd14<br data-start=\"628\" data-end=\"631\" \/>r: o total de 140k vem de seis c\u00e2maras de sabor pr\u00e9-carregadas (tr\u00eas c\u00e2maras f\u00edsicas que fornecem as seis op\u00e7\u00f5es); se usadas de forma uniforme, cada sabor oferece cerca de 23.333 puffs, garantindo uma longevidade previs\u00edvel por sabor.<\/li>\n<li data-start=\"847\" data-end=\"1099\">p: o vape Airmez de 140k puffs \u00e9 recarreg\u00e1vel e como posso monitorizar a carga? \ud83d\udd0b<br data-start=\"908\" data-end=\"911\" \/>r: sim \u2014 inclui uma bateria interna de 650mAh e uma porta tipo-C para recarga r\u00e1pida; a grande tela mostra a percentagem da bateria e a contagem de puffs restante, para que saiba sempre quando recarregar.<\/li>\n<li data-start=\"1104\" data-end=\"1350\">p: posso alterar a intensidade do sabor ou a for\u00e7a do vape descart\u00e1vel Airmez de 140k puffs? \ud83c\udf9a\ufe0f<br data-start=\"1157\" data-end=\"1160\" \/>r: sim \u2014 controles de sabor ajust\u00e1veis permitem aumentar ou diminuir a intensidade do vapor; a configura\u00e7\u00e3o atual de intensidade \u00e9 vis\u00edvel na tela, para que possa repetir a experi\u00eancia exata todas as vezes.<\/li>\n<li data-start=\"1355\" data-end=\"1618\">p: que tecnologia de l\u00edquido e de bobina \u00e9 usada no vape Airmez 6em1 de 140k puffs? \ud83e\uddea<br data-start=\"1404\" data-end=\"1407\" \/>r: cada dispositivo cont\u00e9m tr\u00eas c\u00e2maras pr\u00e9-carregadas de 15ml (45ml no total) de l\u00edquido est\u00e1vel, combinadas com uma bobina de malha para aquecimento uniforme, redu\u00e7\u00e3o de pontos quentes e manuten\u00e7\u00e3o da clareza do sabor ao longo da vida \u00fatil do dispositivo.<\/li>\n<li data-start=\"1623\" data-end=\"1966\">p: o Airmez 6em1 de 140k puffs \u00e9 recarreg\u00e1vel ou descart\u00e1vel, e o que os retalhistas devem notar? \ud83d\udecd\ufe0f<br data-start=\"1703\" data-end=\"1706\" \/>r: o vape descart\u00e1vel Airmez de 140k puffs 6em1 \u00e9 de design selado e pr\u00e9-carregado (n\u00e3o recarreg\u00e1vel); os retalhistas beneficiam-se da longevidade de um \u00fanico SKU, m\u00e9tricas claras na tela para os clientes e previs\u00e3o de invent\u00e1rio f\u00e1cil gra\u00e7as \u00e0s contagens de puffs quantificadas.<\/li>\n<\/ol>\n<h3>Contacto grossista<\/h3>\n<p>Whatsaapp de f\u00e1brica do Vape Descart\u00e1vel Airmez original para atacado:<a href=\"https:\/\/wa.me\/8618077105750\">+8618077105750<\/a><\/p>\n<p>Grossistas e revendedores s\u00e3o bem-vindos para personalizar pedidos<br \/>\nFornecer os produtos da mais alta qualidade e os servi\u00e7os mais profissionais.<\/p>\n<p><img decoding=\"async\" class=\"alignnone size-full wp-image-2638\" src=\"https:\/\/vapehosale.com\/wp-content\/uploads\/2023\/09\/885301ea6f5e0b91f5ab2b1c85e665c.png\" alt=\"F\u00e1brica RandM\" width=\"670\" height=\"658\" srcset=\"https:\/\/vapehosale.com\/wp-content\/uploads\/2023\/09\/885301ea6f5e0b91f5ab2b1c85e665c.png 670w, https:\/\/vapehosale.com\/wp-content\/uploads\/2023\/09\/885301ea6f5e0b91f5ab2b1c85e665c-300x295.png 300w, https:\/\/vapehosale.com\/wp-content\/uploads\/2023\/09\/885301ea6f5e0b91f5ab2b1c85e665c-600x589.png 600w\" sizes=\"(max-width: 670px) 100vw, 670px\" \/><\/p>\n<p>Contacte para cat\u00e1logo de produtos:<a href=\"https:\/\/wa.me\/8618077105750\">compre agora<\/a><br \/>\nOutros vapes de alta venda de que pode precisar<br \/>\nVape Airmez em alta venda na Europa, obtenha pre\u00e7o por atacado aqui<\/p>\n<p>Outras marcas de vape que pode procurar\uff1a<a href=\"https:\/\/vapehosale.com\/pt\/product-category\/al-fakher-vape\/\">Al Fakher Vape<\/a><br \/>\n<a href=\"https:\/\/vapehosale.com\/pt\/product-category\/randm-fumot-vape\/\">RandM Fumot Vape<\/a>\u00a0 <a href=\"https:\/\/vapehosale.com\/pt\/product-category\/razz-bar-vape\/\">Razz Bar Vape<\/a><\/p>\n<h4>Detalhes de Envio:<\/h4>\n<p>1.empresa de transporte: DHL<\/p>\n<p>2.tempo de envio: 3-5 dias \u00fateis (Em caso de feriados e inspe\u00e7\u00e3o aduaneira, o tempo de envio poder\u00e1 ser atrasado.)<\/p>\n<h4>Detalhes de Pagamento:<\/h4>\n<p>Todos os produtos na nossa loja s\u00e3o 100% originais e aut\u00eanticos, pelo que a compensa\u00e7\u00e3o de dez vezes por produtos falsificados \u00e9 a pol\u00edtica da nossa loja.<\/p>\n<h5><span style=\"color: #ff0000\">Pedido m\u00ednimo 50 unidades<\/span><\/h5>","protected":false},"excerpt":{"rendered":"<p>Airmez 140k puffs 6em1 sabor vape descart\u00e1vel pacotes seis sabores prontos a usar em tr\u00eas c\u00e2maras de 15ml (45ml), combinando consist\u00eancia de malha de bobina, uma bateria de 650mAh com carregamento tipo-C, configura\u00e7\u00f5es de sabor ajust\u00e1veis e uma grande tela \u2014 projetada para desempenho de sabor mensur\u00e1vel e duradouro.<br \/>\n<span style=\"color: #ff0000\">(pre\u00e7o do site n\u00e3o inclui custos de envio)<\/span><\/p>\n<p><span style=\"color: #ff0000\">contacte-me para o pedido m\u00ednimo de apenas 50 unidades! Contacte-me e obtenha um desconto hoje!<\/span><\/p>\n<p><img decoding=\"async\" class=\"alignnone size-medium wp-image-2638\" src=\"https:\/\/vapehosale.com\/wp-content\/uploads\/2023\/09\/885301ea6f5e0b91f5ab2b1c85e665c-300x295.png\" alt=\"F\u00e1brica RandM\" width=\"300\" height=\"295\" srcset=\"https:\/\/vapehosale.com\/wp-content\/uploads\/2023\/09\/885301ea6f5e0b91f5ab2b1c85e665c-300x295.png 300w, https:\/\/vapehosale.com\/wp-content\/uploads\/2023\/09\/885301ea6f5e0b91f5ab2b1c85e665c-600x589.png 600w, https:\/\/vapehosale.com\/wp-content\/uploads\/2023\/09\/885301ea6f5e0b91f5ab2b1c85e665c.png 670w\" sizes=\"(max-width: 300px) 100vw, 300px\" \/><\/p>\n<p>&nbsp;<\/p>","protected":false},"featured_media":6210,"comment_status":"open","ping_status":"closed","template":"","meta":{"_uag_custom_page_level_css":"","_lmt_disableupdate":"no","_lmt_disable":"","site-sidebar-layout":"default","site-content-layout":"","ast-site-content-layout":"default","site-content-style":"default","site-sidebar-style":"default","ast-global-header-display":"","ast-banner-title-visibility":"","ast-main-header-display":"","ast-hfb-above-header-display":"","ast-hfb-below-header-display":"","ast-hfb-mobile-header-display":"","site-post-title":"","ast-breadcrumbs-content":"","ast-featured-img":"","footer-sml-layout":"","theme-transparent-header-meta":"default","adv-header-id-meta":"","stick-header-meta":"","header-above-stick-meta":"","header-main-stick-meta":"","header-below-stick-meta":"","astra-migrate-meta-layouts":"set","_joinchat":[]},"product_cat":[99,41,79,55,15],"product_tag":[76,35,33],"class_list":["post-6232","product","type-product","status-publish","has-post-thumbnail","hentry","product_cat-wholesale-100k-puffs-disposable-vape","product_cat-europe-hot-sale-vape","product_cat-disposable-vape-in-european-warehouse","product_cat-minimum-order-quantity-50pcs","product_cat-vape-shop-wholesale","product_tag-airflow-control-vape","product_tag-rechargeable-disposable-device","product_tag-rgb-light-disposable-vape","desktop-align-left","tablet-align-left","mobile-align-left"],"yoast_head":"<!-- This site is optimized with the Yoast SEO plugin v21.1 - https:\/\/yoast.com\/wordpress\/plugins\/seo\/ -->\n<title>Airmez 140k Puffs 6in1 Disposable Vape Eu Warehouse - Vape Wholesale<\/title>\n<meta name=\"description\" content=\"Wholesale airmez disposable vape 140k puffs 6in1 flavor in Europe warehouse\u2014 45ml, mesh coil, 650mah, type-c. long-lasting flavor\" \/>\n<meta name=\"robots\" content=\"index, follow, max-snippet:-1, max-image-preview:large, max-video-preview:-1\" \/>\n<link rel=\"canonical\" href=\"https:\/\/vapehosale.com\/pt\/product\/airmez-140k-puffs-6in1-disposable-vape\/\" \/>\n<meta property=\"og:locale\" content=\"pt_PT\" \/>\n<meta property=\"og:type\" content=\"article\" \/>\n<meta property=\"og:title\" content=\"Airmez 140k Puffs 6in1 Disposable Vape Eu Warehouse - Vape Wholesale\" \/>\n<meta property=\"og:description\" content=\"Wholesale airmez disposable vape 140k puffs 6in1 flavor in Europe warehouse\u2014 45ml, mesh coil, 650mah, type-c. long-lasting flavor\" \/>\n<meta property=\"og:url\" content=\"https:\/\/vapehosale.com\/pt\/product\/airmez-140k-puffs-6in1-disposable-vape\/\" \/>\n<meta property=\"og:site_name\" content=\"Vape Wholesale\" \/>\n<meta property=\"article:modified_time\" content=\"2025-12-30T06:25:41+00:00\" \/>\n<meta property=\"og:image\" content=\"https:\/\/vapehosale.com\/wp-content\/uploads\/2025\/12\/Airmez-6in1-140k-Puffs-Disposable-Vape-Wholesale.webp\" \/>\n\t<meta property=\"og:image:width\" content=\"1000\" \/>\n\t<meta property=\"og:image:height\" content=\"1000\" \/>\n\t<meta property=\"og:image:type\" content=\"image\/webp\" \/>\n<meta name=\"twitter:card\" content=\"summary_large_image\" \/>\n<meta name=\"twitter:label1\" content=\"Tempo estimado de leitura\" \/>\n\t<meta name=\"twitter:data1\" content=\"3 minutos\" \/>\n<script type=\"application\/ld+json\" class=\"yoast-schema-graph\">{\"@context\":\"https:\/\/schema.org\",\"@graph\":[{\"@type\":\"WebPage\",\"@id\":\"https:\/\/vapehosale.com\/product\/airmez-140k-puffs-6in1-disposable-vape\/\",\"url\":\"https:\/\/vapehosale.com\/product\/airmez-140k-puffs-6in1-disposable-vape\/\",\"name\":\"Airmez 140k Puffs 6in1 Disposable Vape Eu Warehouse - Vape Wholesale\",\"isPartOf\":{\"@id\":\"https:\/\/vapehosale.com\/#website\"},\"datePublished\":\"2025-12-30T03:27:31+00:00\",\"dateModified\":\"2025-12-30T06:25:41+00:00\",\"description\":\"Wholesale airmez disposable vape 140k puffs 6in1 flavor in Europe warehouse\u2014 45ml, mesh coil, 650mah, type-c. long-lasting flavor\",\"breadcrumb\":{\"@id\":\"https:\/\/vapehosale.com\/product\/airmez-140k-puffs-6in1-disposable-vape\/#breadcrumb\"},\"inLanguage\":\"pt-PT\",\"potentialAction\":[{\"@type\":\"ReadAction\",\"target\":[\"https:\/\/vapehosale.com\/product\/airmez-140k-puffs-6in1-disposable-vape\/\"]}]},{\"@type\":\"BreadcrumbList\",\"@id\":\"https:\/\/vapehosale.com\/product\/airmez-140k-puffs-6in1-disposable-vape\/#breadcrumb\",\"itemListElement\":[{\"@type\":\"ListItem\",\"position\":1,\"name\":\"Home\",\"item\":\"https:\/\/vapehosale.com\/\"},{\"@type\":\"ListItem\",\"position\":2,\"name\":\"Best Sell Vapes\",\"item\":\"https:\/\/vapehosale.com\/vape-shop\/\"},{\"@type\":\"ListItem\",\"position\":3,\"name\":\"Airmez 140k Puffs 6in1 Disposable Vape Eu Warehouse\"}]},{\"@type\":\"WebSite\",\"@id\":\"https:\/\/vapehosale.com\/#website\",\"url\":\"https:\/\/vapehosale.com\/\",\"name\":\"Vape Wholesale\",\"description\":\"Buy Vape Wholesale Price Near you\",\"potentialAction\":[{\"@type\":\"SearchAction\",\"target\":{\"@type\":\"EntryPoint\",\"urlTemplate\":\"https:\/\/vapehosale.com\/?s={search_term_string}\"},\"query-input\":\"required name=search_term_string\"}],\"inLanguage\":\"pt-PT\"}]}<\/script>\n<!-- \/ Yoast SEO plugin. -->","yoast_head_json":{"title":"Airmez 140k Puffs 6in1 Disposable Vape Eu Warehouse - Vape Wholesale","description":"Wholesale airmez disposable vape 140k puffs 6in1 flavor in Europe warehouse\u2014 45ml, mesh coil, 650mah, type-c. long-lasting flavor","robots":{"index":"index","follow":"follow","max-snippet":"max-snippet:-1","max-image-preview":"max-image-preview:large","max-video-preview":"max-video-preview:-1"},"canonical":"https:\/\/vapehosale.com\/pt\/product\/airmez-140k-puffs-6in1-disposable-vape\/","og_locale":"pt_PT","og_type":"article","og_title":"Airmez 140k Puffs 6in1 Disposable Vape Eu Warehouse - Vape Wholesale","og_description":"Wholesale airmez disposable vape 140k puffs 6in1 flavor in Europe warehouse\u2014 45ml, mesh coil, 650mah, type-c. long-lasting flavor","og_url":"https:\/\/vapehosale.com\/pt\/product\/airmez-140k-puffs-6in1-disposable-vape\/","og_site_name":"Vape Wholesale","article_modified_time":"2025-12-30T06:25:41+00:00","og_image":[{"width":1000,"height":1000,"url":"https:\/\/vapehosale.com\/wp-content\/uploads\/2025\/12\/Airmez-6in1-140k-Puffs-Disposable-Vape-Wholesale.webp","type":"image\/webp"}],"twitter_card":"summary_large_image","twitter_misc":{"Tempo estimado de leitura":"3 minutos"},"schema":{"@context":"https:\/\/schema.org","@graph":[{"@type":"WebPage","@id":"https:\/\/vapehosale.com\/product\/airmez-140k-puffs-6in1-disposable-vape\/","url":"https:\/\/vapehosale.com\/product\/airmez-140k-puffs-6in1-disposable-vape\/","name":"Airmez 140k Puffs 6in1 Disposable Vape Eu Warehouse - Vape Wholesale","isPartOf":{"@id":"https:\/\/vapehosale.com\/#website"},"datePublished":"2025-12-30T03:27:31+00:00","dateModified":"2025-12-30T06:25:41+00:00","description":"Wholesale airmez disposable vape 140k puffs 6in1 flavor in Europe warehouse\u2014 45ml, mesh coil, 650mah, type-c. long-lasting flavor","breadcrumb":{"@id":"https:\/\/vapehosale.com\/product\/airmez-140k-puffs-6in1-disposable-vape\/#breadcrumb"},"inLanguage":"pt-PT","potentialAction":[{"@type":"ReadAction","target":["https:\/\/vapehosale.com\/product\/airmez-140k-puffs-6in1-disposable-vape\/"]}]},{"@type":"BreadcrumbList","@id":"https:\/\/vapehosale.com\/product\/airmez-140k-puffs-6in1-disposable-vape\/#breadcrumb","itemListElement":[{"@type":"ListItem","position":1,"name":"Home","item":"https:\/\/vapehosale.com\/"},{"@type":"ListItem","position":2,"name":"Best Sell Vapes","item":"https:\/\/vapehosale.com\/vape-shop\/"},{"@type":"ListItem","position":3,"name":"Airmez 140k Puffs 6in1 Disposable Vape Eu Warehouse"}]},{"@type":"WebSite","@id":"https:\/\/vapehosale.com\/#website","url":"https:\/\/vapehosale.com\/","name":"Vape Wholesale","description":"Buy Vape Wholesale Price Near you","potentialAction":[{"@type":"SearchAction","target":{"@type":"EntryPoint","urlTemplate":"https:\/\/vapehosale.com\/?s={search_term_string}"},"query-input":"required name=search_term_string"}],"inLanguage":"pt-PT"}]}},"uagb_featured_image_src":{"full":["https:\/\/vapehosale.com\/wp-content\/uploads\/2025\/12\/Airmez-6in1-140k-Puffs-Disposable-Vape-Wholesale.webp",1000,1000,false],"thumbnail":["https:\/\/vapehosale.com\/wp-content\/uploads\/2025\/12\/Airmez-6in1-140k-Puffs-Disposable-Vape-Wholesale-150x150.webp",150,150,true],"medium":["https:\/\/vapehosale.com\/wp-content\/uploads\/2025\/12\/Airmez-6in1-140k-Puffs-Disposable-Vape-Wholesale-300x300.webp",300,300,true],"medium_large":["https:\/\/vapehosale.com\/wp-content\/uploads\/2025\/12\/Airmez-6in1-140k-Puffs-Disposable-Vape-Wholesale-768x768.webp",768,768,true],"large":["https:\/\/vapehosale.com\/wp-content\/uploads\/2025\/12\/Airmez-6in1-140k-Puffs-Disposable-Vape-Wholesale.webp",1000,1000,false],"1536x1536":["https:\/\/vapehosale.com\/wp-content\/uploads\/2025\/12\/Airmez-6in1-140k-Puffs-Disposable-Vape-Wholesale.webp",1000,1000,false],"2048x2048":["https:\/\/vapehosale.com\/wp-content\/uploads\/2025\/12\/Airmez-6in1-140k-Puffs-Disposable-Vape-Wholesale.webp",1000,1000,false],"trp-custom-language-flag":["https:\/\/vapehosale.com\/wp-content\/uploads\/2025\/12\/Airmez-6in1-140k-Puffs-Disposable-Vape-Wholesale-12x12.webp",12,12,true],"woocommerce_thumbnail":["https:\/\/vapehosale.com\/wp-content\/uploads\/2025\/12\/Airmez-6in1-140k-Puffs-Disposable-Vape-Wholesale-300x300.webp",300,300,true],"woocommerce_single":["https:\/\/vapehosale.com\/wp-content\/uploads\/2025\/12\/Airmez-6in1-140k-Puffs-Disposable-Vape-Wholesale-600x600.webp",600,600,true],"woocommerce_gallery_thumbnail":["https:\/\/vapehosale.com\/wp-content\/uploads\/2025\/12\/Airmez-6in1-140k-Puffs-Disposable-Vape-Wholesale-100x100.webp",100,100,true],"wcpr-photo-reviews":["https:\/\/vapehosale.com\/wp-content\/uploads\/2025\/12\/Airmez-6in1-140k-Puffs-Disposable-Vape-Wholesale.webp",500,500,false]},"uagb_author_info":{"display_name":"Vicky hosale","author_link":"https:\/\/vapehosale.com\/pt\/author\/"},"uagb_comment_info":0,"uagb_excerpt":"Airmez 140k puffs 6in1 flavor disposable vape packs six ready-to-use flavors into three 15ml chambers (45ml), combining mesh-coil consistency, a 650mah battery with type-c charging, adjustable flavor settings, and a large screen \u2014 engineered for measurable, long-lasting flavor performance. (website price not include shipping cost) contact me for min order only 50 pcs! Contact me&hellip;","_links":{"self":[{"href":"https:\/\/vapehosale.com\/pt\/wp-json\/wp\/v2\/product\/6232","targetHints":{"allow":["GET"]}}],"collection":[{"href":"https:\/\/vapehosale.com\/pt\/wp-json\/wp\/v2\/product"}],"about":[{"href":"https:\/\/vapehosale.com\/pt\/wp-json\/wp\/v2\/types\/product"}],"replies":[{"embeddable":true,"href":"https:\/\/vapehosale.com\/pt\/wp-json\/wp\/v2\/comments?post=6232"}],"wp:featuredmedia":[{"embeddable":true,"href":"https:\/\/vapehosale.com\/pt\/wp-json\/wp\/v2\/media\/6210"}],"wp:attachment":[{"href":"https:\/\/vapehosale.com\/pt\/wp-json\/wp\/v2\/media?parent=6232"}],"wp:term":[{"taxonomy":"product_cat","embeddable":true,"href":"https:\/\/vapehosale.com\/pt\/wp-json\/wp\/v2\/product_cat?post=6232"},{"taxonomy":"product_tag","embeddable":true,"href":"https:\/\/vapehosale.com\/pt\/wp-json\/wp\/v2\/product_tag?post=6232"}],"curies":[{"name":"wp","href":"https:\/\/api.w.org\/{rel}","templated":true}]}}