{"id":1453,"date":"2023-09-19T10:02:58","date_gmt":"2023-09-19T10:02:58","guid":{"rendered":"https:\/\/vapehosale.com\/?post_type=product&#038;p=1453"},"modified":"2025-08-29T08:33:33","modified_gmt":"2025-08-29T08:33:33","slug":"randm-tornado-7000-puffs-disposable-vape","status":"publish","type":"product","link":"https:\/\/vapehosale.com\/pt\/product\/randm-tornado-7000-puffs-disposable-vape\/","title":{"rendered":"Venda a granel RandM Tornado 7000 Puffs Cigarro Eletr\u00f3nico Descart\u00e1vel"},"content":{"rendered":"<h1 style=\"text-align: center\">Venda por Grosso de Vape Descart\u00e1vel RandM Tornado 7000 Puffs?<\/h1>\n<p>RandM Tornado 7000 puffs \u00e9 um vape descart\u00e1vel que pode ajustar o fluxo de ar, s\u00f3 precisa de <span style=\"font-size: 16px\">rodar suavemente o bot\u00e3o de ajuste do fluxo de ar inferior para obter o tamanho de puffs que lhe conv\u00e9m, e o tornado 7000 \u00e9 um dos vapes descart\u00e1veis mais vendidos da s\u00e9rie Tornado. <span class=\"___SText_anxqe-ko_\" data-ui-name=\"Link.Text\">randm vapes 7k com <\/span>design \u00fanico, o uso do design visual do copo de \u00f3leo e o gatilho de luz RGB s\u00e3o diferentes de todos os vapes descart\u00e1veis.<\/span><\/p>\n<p><img decoding=\"async\" class=\"alignnone size-full wp-image-3105\" src=\"https:\/\/vapehosale.com\/wp-content\/uploads\/2023\/09\/RandM-Tornado-7000-Puffs-Rechargeable-Disposable-Vape.jpg\" alt=\"RandM Tornado 7000 Puffs Vape Descart\u00e1vel Recarreg\u00e1vel\" width=\"1920\" height=\"1100\" srcset=\"https:\/\/vapehosale.com\/wp-content\/uploads\/2023\/09\/RandM-Tornado-7000-Puffs-Rechargeable-Disposable-Vape.jpg 1920w, https:\/\/vapehosale.com\/wp-content\/uploads\/2023\/09\/RandM-Tornado-7000-Puffs-Rechargeable-Disposable-Vape-300x172.jpg 300w, https:\/\/vapehosale.com\/wp-content\/uploads\/2023\/09\/RandM-Tornado-7000-Puffs-Rechargeable-Disposable-Vape-1024x587.jpg 1024w, https:\/\/vapehosale.com\/wp-content\/uploads\/2023\/09\/RandM-Tornado-7000-Puffs-Rechargeable-Disposable-Vape-768x440.jpg 768w, https:\/\/vapehosale.com\/wp-content\/uploads\/2023\/09\/RandM-Tornado-7000-Puffs-Rechargeable-Disposable-Vape-1536x880.jpg 1536w, https:\/\/vapehosale.com\/wp-content\/uploads\/2023\/09\/RandM-Tornado-7000-Puffs-Rechargeable-Disposable-Vape-600x344.jpg 600w\" sizes=\"(max-width: 1920px) 100vw, 1920px\" \/><\/p>\n<p>&nbsp;<\/p>\n<h2>Especifica\u00e7\u00f5es do Vape Rick and Morty 7k (RandM) Descart\u00e1vel:<\/h2>\n<p>1. Bateria recarreg\u00e1vel Tipo-c de 850mAh<br \/>\n2.14ml de E-juice Pr\u00e9-enchido<br \/>\n3.2% e 5% de Nicotina<br \/>\n4. Satisfaz Quase 7000 Puffs<br \/>\n5.Fluxo de ar ajust\u00e1vel<br \/>\n6. Luz RGB<\/p>\n<h2>Lista de Sabores do RandM Tornado 7000:<\/h2>\n<p>1. MENTA FRESCA<br \/>\n2. GELO EXUBERANTE<br \/>\n3. GELO DE TANGERINA<br \/>\n4. DONUT DE MORANGO<br \/>\n5. URSINHO DE GOMA<br \/>\n6. MIRTILO COM GELO<br \/>\n7. MANGA COM GELO<br \/>\n8 P\u00caSSEGO NO GELO<br \/>\n9 BANANA NO GELO<br \/>\n10 UVA NO GELO<br \/>\n11 LIMONADA ROSA<br \/>\n12 RUM PINA COLADA<br \/>\n13 FRUTOS VERMELHOS MISTOS<br \/>\n14 BATIDO DE BANANA<br \/>\n15 MORANGO MELANCIA<br \/>\n16 MA\u00c7\u00c3 VERMELHA LIM\u00c3O<br \/>\n17 ANAN\u00c1S GELADO<br \/>\n18 ALGOD\u00c3O DOCE<br \/>\n19 MORANGO BANANA<br \/>\n20 MORANGO GELADO<br \/>\n21 MORANGO KIWI<br \/>\n22. RED ENERGY ICE<br \/>\n23. BLUE RAZZ LEMONADE<br \/>\n24. RED APPLEICE<br \/>\n25. BERRY LEMONADE<br \/>\n26. BLUEBERRY BUBBLEGUM<br \/>\n27. BLUESOUR RASPBERRY<br \/>\n28. DR BLUE<br \/>\n29. MA\u00c7\u00c3 P\u00caSSEGO PERA<br \/>\n30. MIRTILO ROM\u00c3<br \/>\n31. VIMTO<br \/>\n32. KIWI MARACUJ\u00c1 GOIABA<br \/>\n33. COLAICE<br \/>\n34. MA\u00c7\u00c3 \u00c1CIDA<br \/>\n35. GROSELHA NEGRA MENTOLADA<br \/>\n36. SANGUE DE TIGRE<br \/>\n37. DOCE DE P\u00caSSEGO E MIRTILO<br \/>\n38. P\u00caSSEGO MANGA<br \/>\n39. RED BULL DE MORANGO<br \/>\n40. GROSELHA NEGRA GELADA<br \/>\n41. LIMONADA DE MORANGO E MELANCIA<br \/>\n42. CEREJA<br \/>\n43. CEREJA DE FRAMBOESA AZUL<br \/>\n44. SKITTLES<br \/>\n45. FRAMBOESA DE MIRTILO<br \/>\n46. UVA DE MORANGO<br \/>\n47. MIRTILO, CEREJA E ARANDO<br \/>\n48. EXPLOS\u00c3O DE MA\u00c7\u00c3 E FRUTOS VERMELHOS<br \/>\n49. COLA DE CEREJA<br \/>\n50. LIM\u00c3O<br \/>\n51. EXPLOS\u00c3O ROSA<br \/>\n52. REFRIGERANTE PAC\u00cdFICO<br \/>\n53. GELADO DE \u00c1GUA<br \/>\n54. BINGO CRUSH<br \/>\n55. VIMTO CRUSH<br \/>\n56. TABACO<\/p>\n<h3>Como usar o Vape Randm Tornado 7000?<\/h3>\n<p>Passo 1: Rasgue a bolsa selada<br \/>\nPasso 2: Rasgue o autocolante<br \/>\n\u00daltimo passo: Retire a tampa de silicone e deixe repousar por 3 minutos, depois pode us\u00e1-lo<\/p>\n<p>Leia atentamente as instru\u00e7\u00f5es de uso do RandM Tornado 7000 Puffs para evitar problemas com o produto causados por opera\u00e7\u00e3o inadequada.<\/p>\n<h3>Instru\u00e7\u00f5es de carregamento do Randm Tornado Vapes 7000:<\/h3>\n<p>1. O Fumot RandM vape 7k n\u00e3o pode ser carregado com um carregador de carregamento r\u00e1pido, a energia segura padr\u00e3o dos vapes descart\u00e1veis \u00e9 5V 1A, se usar um carregador de carregamento r\u00e1pido, danificar\u00e1 diretamente a bateria.<\/p>\n<p>2. Quando a bateria estiver quase sem energia, haver\u00e1 uma luz intermitente na parte inferior do kit, se achar que a quantidade de fumo n\u00e3o \u00e9 grande, tamb\u00e9m \u00e9 porque a energia da bateria \u00e9 insuficiente e deve carreg\u00e1-la a tempo antes que a energia do Fumot vape Tornados 7000 se esgote, caso contr\u00e1rio, causar\u00e1 danos \u00e0 bateria, resultando na impossibilidade de o cigarro eletr\u00f3nico fumar.<\/p>\n<h3>Principais caracter\u00edsticas e benef\u00edcios do Fumot Vape Tornado 7000 Puffs<\/h3>\n<ol>\n<li><strong>Tecnologia de Bobina de Malha \u2013 Mais Vapor, Melhor Sabor<\/strong>: O RandM vapes 7000 Puffs usa tecnologia avan\u00e7ada de bobina de malha, fornecendo vapor mais denso e sabor mais rico. As bobinas de malha aquecem de forma mais uniforme do que as bobinas tradicionais, garantindo que cada vaporiza\u00e7\u00e3o seja suave e cheia de sabor.<\/li>\n<li><strong>Design \u00e0 Prova de Fugas com Separa\u00e7\u00e3o da Bobina de \u00d3leo<\/strong>: Apresentando um design inovador de separa\u00e7\u00e3o de bobina de \u00f3leo, este vape \u00e9 altamente resistente a fugas e a estrutura separada aumenta a estabilidade do dispositivo, garantindo uma experi\u00eancia de vaporiza\u00e7\u00e3o limpa e consistente.<\/li>\n<li><strong>Bloqueio Autom\u00e1tico de 8 Segundos para Evitar Bobinas Queimadas<\/strong>: Com sua fun\u00e7\u00e3o de bloqueio autom\u00e1tico de 8 segundos integrada, o RandM Tornado evita que a bobina se queime, parando automaticamente ap\u00f3s 8 segundos de inala\u00e7\u00e3o cont\u00ednua. Este recurso aumenta a longevidade do dispositivo e garante o uso seguro.<\/li>\n<li><strong>Controlo de Fluxo de Ar Ajust\u00e1vel<\/strong>: pode ajustar facilmente o fluxo de ar para personalizar a sua experi\u00eancia de vaporiza\u00e7\u00e3o. Quer prefira vaporiza\u00e7\u00f5es mais apertadas ou mais soltas, este recurso permite que controle a densidade do vapor e a resist\u00eancia \u00e0 inala\u00e7\u00e3o para uma experi\u00eancia personalizada.<\/li>\n<li><strong>Luzes RGB Quando Vaporiza<\/strong>: Cada vaporiza\u00e7\u00e3o ativa luzes RGB din\u00e2micas, adicionando um efeito visual divertido e elegante. Perfeito para utilizadores que desejam que o seu vape se destaque com um toque moderno e colorido.<\/li>\n<\/ol>\n<p>Com estes recursos, o Vape <strong>RandM Tornado 7k Puffs Recarreg\u00e1vel<\/strong>\u00a0destaca-se como um dispositivo de alto desempenho, oferecendo \u00f3timo sabor, fluxo de ar personaliz\u00e1vel, design \u00e0 prova de fugas e ilumina\u00e7\u00e3o RGB atraente. Ideal para vapers que procuram conveni\u00eancia, estilo e funcionalidade superior.<\/p>\n<p><strong>Adicione o gestor de vendas Vicky no WhatsApp +8618077105750 para obter mais desconto!<\/strong><\/p>\n<p><img decoding=\"async\" class=\"alignnone size-full wp-image-2638\" src=\"https:\/\/vapehosale.com\/wp-content\/uploads\/2023\/09\/885301ea6f5e0b91f5ab2b1c85e665c.png\" alt=\"F\u00e1brica RandM\" width=\"670\" height=\"658\" srcset=\"https:\/\/vapehosale.com\/wp-content\/uploads\/2023\/09\/885301ea6f5e0b91f5ab2b1c85e665c.png 670w, https:\/\/vapehosale.com\/wp-content\/uploads\/2023\/09\/885301ea6f5e0b91f5ab2b1c85e665c-300x295.png 300w, https:\/\/vapehosale.com\/wp-content\/uploads\/2023\/09\/885301ea6f5e0b91f5ab2b1c85e665c-600x589.png 600w\" sizes=\"(max-width: 670px) 100vw, 670px\" \/><\/p>\n<p>Mais vape de venda quente que pode precisar<\/p>\n<div class=\"sm-table-layout__cell sm-table-layout__cell_align_left sm-table-layout__cell_fixed-cell_phrase\" role=\"cell\" data-testid=\"table-cell-keyword\">\n<div class=\"sm-cell-phrase\">\n<p><a href=\"https:\/\/vapehosale.com\/pt\/product-category\/9000-vape\/\">Venda por grosso de Vape Descart\u00e1vel RandM Aqui<span class=\"x19la9d6 x1fc57z9 x6ikm8r x10wlt62 x19co3pv x1g5zs5t xfibh0p xiy17q3 x1xsqp64 x1lkfr7t xexx8yu xyri2b x18d9i69 x1c1uobl\"><span class=\"xrtxmta x1bhl96m\">\ud83d\udc48<\/span><\/span><\/a><\/p>\n<div class=\"sm-cell-phrase__addons-container\"><a href=\"https:\/\/vapehosale.com\/pt\/product\/randm-fumot-tornado-30k-music-disposable-vape\/\">Fumot Vape RandM Vape <\/a><span class=\"___SText_anxqe-kmt_\" data-ui-name=\"Link.Text\">tornado 30k M\u00fasica<br \/>\n<a href=\"https:\/\/vapehosale.com\/pt\/product-category\/7000-puffs-disposable-vape\/\">Vape Descart\u00e1vel de 7000 Puffs, Promo\u00e7\u00e3o Imperd\u00edvel!<\/a><\/span><\/div>\n<\/div>\n<\/div>\n<p>Contacte para cat\u00e1logo de produtos:<a href=\"https:\/\/wa.me\/8618077105750\">compre agora<\/a><\/p>","protected":false},"excerpt":{"rendered":"<p>Randm tornados 7k vape descart\u00e1vel recarreg\u00e1vel que cont\u00e9m 14ml de e-l\u00edquido e uma bateria recarreg\u00e1vel de 850mah, cada fumot 7k vapes pode fornecer 7000 puffs, mais de 40 sabores em stock, \u00e0 espera que escolha hoje!<span style=\"color: #ff0000\">(pre\u00e7o do site n\u00e3o inclui custos de envio)<\/span><br \/>\n<span style=\"color: #000000\">Contacte a Vikcy para mais descontos, a encomenda m\u00ednima de venda por grosso de vape RandM s\u00f3 precisa de 50 unidades!<\/span><\/p>\n<p><img decoding=\"async\" class=\"alignnone size-medium wp-image-2638\" src=\"https:\/\/vapehosale.com\/wp-content\/uploads\/2023\/09\/885301ea6f5e0b91f5ab2b1c85e665c-300x295.png\" alt=\"F\u00e1brica RandM\" width=\"300\" height=\"295\" srcset=\"https:\/\/vapehosale.com\/wp-content\/uploads\/2023\/09\/885301ea6f5e0b91f5ab2b1c85e665c-300x295.png 300w, https:\/\/vapehosale.com\/wp-content\/uploads\/2023\/09\/885301ea6f5e0b91f5ab2b1c85e665c-600x589.png 600w, https:\/\/vapehosale.com\/wp-content\/uploads\/2023\/09\/885301ea6f5e0b91f5ab2b1c85e665c.png 670w\" sizes=\"(max-width: 300px) 100vw, 300px\" \/><\/p>\n<p><span style=\"color: #ff0000\">NOTA: O pre\u00e7o no site n\u00e3o inclui custos de envio. Forne\u00e7a o seu c\u00f3digo postal para verificar os custos de envio.<\/span><\/p>","protected":false},"featured_media":3104,"comment_status":"closed","ping_status":"closed","template":"","meta":{"_uag_custom_page_level_css":"","_lmt_disableupdate":"no","_lmt_disable":"","site-sidebar-layout":"default","site-content-layout":"","ast-site-content-layout":"default","site-content-style":"default","site-sidebar-style":"default","ast-global-header-display":"","ast-banner-title-visibility":"","ast-main-header-display":"","ast-hfb-above-header-display":"","ast-hfb-below-header-display":"","ast-hfb-mobile-header-display":"","site-post-title":"","ast-breadcrumbs-content":"","ast-featured-img":"","footer-sml-layout":"","theme-transparent-header-meta":"default","adv-header-id-meta":"","stick-header-meta":"","header-above-stick-meta":"","header-main-stick-meta":"","header-below-stick-meta":"","astra-migrate-meta-layouts":"set","_joinchat":[]},"product_cat":[15,41,55,89,91],"product_tag":[32,114,31,33],"class_list":["post-1453","product","type-product","status-publish","has-post-thumbnail","hentry","product_cat-vape-shop-wholesale","product_cat-europe-hot-sale-vape","product_cat-minimum-order-quantity-50pcs","product_cat-randm-fumot-vape","product_cat-7000-puffs-disposable-vape","product_tag-7000-puffs-disposable-vape","product_tag-fumot-vape","product_tag-randm-tornado-vape","product_tag-rgb-light-disposable-vape","desktop-align-left","tablet-align-left","mobile-align-left"],"yoast_head":"<!-- This site is optimized with the Yoast SEO plugin v21.1 - https:\/\/yoast.com\/wordpress\/plugins\/seo\/ -->\n<title>Wholesale RandM Tornado 7000 Puffs Disposable Vape - Vape Wholesale<\/title>\n<meta name=\"description\" content=\"RandM Tornado 7000 Puffs Rechargeable Vape with mesh coil, leak-proof design, RGB lights, and adjustable airflow for the ultimate vaping experience\" \/>\n<meta name=\"robots\" content=\"index, follow, max-snippet:-1, max-image-preview:large, max-video-preview:-1\" \/>\n<link rel=\"canonical\" href=\"https:\/\/vapehosale.com\/pt\/product\/randm-tornado-7000-puffs-disposable-vape\/\" \/>\n<meta property=\"og:locale\" content=\"pt_PT\" \/>\n<meta property=\"og:type\" content=\"article\" \/>\n<meta property=\"og:title\" content=\"Wholesale RandM Tornado 7000 Puffs Disposable Vape - Vape Wholesale\" \/>\n<meta property=\"og:description\" content=\"RandM Tornado 7000 Puffs Rechargeable Vape with mesh coil, leak-proof design, RGB lights, and adjustable airflow for the ultimate vaping experience\" \/>\n<meta property=\"og:url\" content=\"https:\/\/vapehosale.com\/pt\/product\/randm-tornado-7000-puffs-disposable-vape\/\" \/>\n<meta property=\"og:site_name\" content=\"Vape Wholesale\" \/>\n<meta property=\"article:modified_time\" content=\"2025-08-29T08:33:33+00:00\" \/>\n<meta property=\"og:image\" content=\"https:\/\/vapehosale.com\/wp-content\/uploads\/2023\/09\/RandM-Factory-Direct-7000-Puffs-RGB-Vape.jpg\" \/>\n\t<meta property=\"og:image:width\" content=\"1440\" \/>\n\t<meta property=\"og:image:height\" content=\"1800\" \/>\n\t<meta property=\"og:image:type\" content=\"image\/jpeg\" \/>\n<meta name=\"twitter:card\" content=\"summary_large_image\" \/>\n<meta name=\"twitter:label1\" content=\"Tempo estimado de leitura\" \/>\n\t<meta name=\"twitter:data1\" content=\"4 minutos\" \/>\n<script type=\"application\/ld+json\" class=\"yoast-schema-graph\">{\"@context\":\"https:\/\/schema.org\",\"@graph\":[{\"@type\":\"WebPage\",\"@id\":\"https:\/\/vapehosale.com\/product\/randm-tornado-7000-puffs-disposable-vape\/\",\"url\":\"https:\/\/vapehosale.com\/product\/randm-tornado-7000-puffs-disposable-vape\/\",\"name\":\"Wholesale RandM Tornado 7000 Puffs Disposable Vape - Vape Wholesale\",\"isPartOf\":{\"@id\":\"https:\/\/vapehosale.com\/#website\"},\"datePublished\":\"2023-09-19T10:02:58+00:00\",\"dateModified\":\"2025-08-29T08:33:33+00:00\",\"description\":\"RandM Tornado 7000 Puffs Rechargeable Vape with mesh coil, leak-proof design, RGB lights, and adjustable airflow for the ultimate vaping experience\",\"breadcrumb\":{\"@id\":\"https:\/\/vapehosale.com\/product\/randm-tornado-7000-puffs-disposable-vape\/#breadcrumb\"},\"inLanguage\":\"pt-PT\",\"potentialAction\":[{\"@type\":\"ReadAction\",\"target\":[\"https:\/\/vapehosale.com\/product\/randm-tornado-7000-puffs-disposable-vape\/\"]}]},{\"@type\":\"BreadcrumbList\",\"@id\":\"https:\/\/vapehosale.com\/product\/randm-tornado-7000-puffs-disposable-vape\/#breadcrumb\",\"itemListElement\":[{\"@type\":\"ListItem\",\"position\":1,\"name\":\"Home\",\"item\":\"https:\/\/vapehosale.com\/\"},{\"@type\":\"ListItem\",\"position\":2,\"name\":\"Best Sell Vapes\",\"item\":\"https:\/\/vapehosale.com\/vape-shop\/\"},{\"@type\":\"ListItem\",\"position\":3,\"name\":\"Wholesale RandM Tornado 7000 Puffs Disposable Vape\"}]},{\"@type\":\"WebSite\",\"@id\":\"https:\/\/vapehosale.com\/#website\",\"url\":\"https:\/\/vapehosale.com\/\",\"name\":\"Vape Wholesale\",\"description\":\"Buy Vape Wholesale Price Near you\",\"potentialAction\":[{\"@type\":\"SearchAction\",\"target\":{\"@type\":\"EntryPoint\",\"urlTemplate\":\"https:\/\/vapehosale.com\/?s={search_term_string}\"},\"query-input\":\"required name=search_term_string\"}],\"inLanguage\":\"pt-PT\"}]}<\/script>\n<!-- \/ Yoast SEO plugin. -->","yoast_head_json":{"title":"Wholesale RandM Tornado 7000 Puffs Disposable Vape - Vape Wholesale","description":"RandM Tornado 7000 Puffs Rechargeable Vape with mesh coil, leak-proof design, RGB lights, and adjustable airflow for the ultimate vaping experience","robots":{"index":"index","follow":"follow","max-snippet":"max-snippet:-1","max-image-preview":"max-image-preview:large","max-video-preview":"max-video-preview:-1"},"canonical":"https:\/\/vapehosale.com\/pt\/product\/randm-tornado-7000-puffs-disposable-vape\/","og_locale":"pt_PT","og_type":"article","og_title":"Wholesale RandM Tornado 7000 Puffs Disposable Vape - Vape Wholesale","og_description":"RandM Tornado 7000 Puffs Rechargeable Vape with mesh coil, leak-proof design, RGB lights, and adjustable airflow for the ultimate vaping experience","og_url":"https:\/\/vapehosale.com\/pt\/product\/randm-tornado-7000-puffs-disposable-vape\/","og_site_name":"Vape Wholesale","article_modified_time":"2025-08-29T08:33:33+00:00","og_image":[{"width":1440,"height":1800,"url":"https:\/\/vapehosale.com\/wp-content\/uploads\/2023\/09\/RandM-Factory-Direct-7000-Puffs-RGB-Vape.jpg","type":"image\/jpeg"}],"twitter_card":"summary_large_image","twitter_misc":{"Tempo estimado de leitura":"4 minutos"},"schema":{"@context":"https:\/\/schema.org","@graph":[{"@type":"WebPage","@id":"https:\/\/vapehosale.com\/product\/randm-tornado-7000-puffs-disposable-vape\/","url":"https:\/\/vapehosale.com\/product\/randm-tornado-7000-puffs-disposable-vape\/","name":"Wholesale RandM Tornado 7000 Puffs Disposable Vape - Vape Wholesale","isPartOf":{"@id":"https:\/\/vapehosale.com\/#website"},"datePublished":"2023-09-19T10:02:58+00:00","dateModified":"2025-08-29T08:33:33+00:00","description":"RandM Tornado 7000 Puffs Rechargeable Vape with mesh coil, leak-proof design, RGB lights, and adjustable airflow for the ultimate vaping experience","breadcrumb":{"@id":"https:\/\/vapehosale.com\/product\/randm-tornado-7000-puffs-disposable-vape\/#breadcrumb"},"inLanguage":"pt-PT","potentialAction":[{"@type":"ReadAction","target":["https:\/\/vapehosale.com\/product\/randm-tornado-7000-puffs-disposable-vape\/"]}]},{"@type":"BreadcrumbList","@id":"https:\/\/vapehosale.com\/product\/randm-tornado-7000-puffs-disposable-vape\/#breadcrumb","itemListElement":[{"@type":"ListItem","position":1,"name":"Home","item":"https:\/\/vapehosale.com\/"},{"@type":"ListItem","position":2,"name":"Best Sell Vapes","item":"https:\/\/vapehosale.com\/vape-shop\/"},{"@type":"ListItem","position":3,"name":"Wholesale RandM Tornado 7000 Puffs Disposable Vape"}]},{"@type":"WebSite","@id":"https:\/\/vapehosale.com\/#website","url":"https:\/\/vapehosale.com\/","name":"Vape Wholesale","description":"Buy Vape Wholesale Price Near you","potentialAction":[{"@type":"SearchAction","target":{"@type":"EntryPoint","urlTemplate":"https:\/\/vapehosale.com\/?s={search_term_string}"},"query-input":"required name=search_term_string"}],"inLanguage":"pt-PT"}]}},"uagb_featured_image_src":{"full":["https:\/\/vapehosale.com\/wp-content\/uploads\/2023\/09\/RandM-Factory-Direct-7000-Puffs-RGB-Vape.jpg",1440,1800,false],"thumbnail":["https:\/\/vapehosale.com\/wp-content\/uploads\/2023\/09\/RandM-Factory-Direct-7000-Puffs-RGB-Vape-150x150.jpg",150,150,true],"medium":["https:\/\/vapehosale.com\/wp-content\/uploads\/2023\/09\/RandM-Factory-Direct-7000-Puffs-RGB-Vape-240x300.jpg",240,300,true],"medium_large":["https:\/\/vapehosale.com\/wp-content\/uploads\/2023\/09\/RandM-Factory-Direct-7000-Puffs-RGB-Vape-768x960.jpg",768,960,true],"large":["https:\/\/vapehosale.com\/wp-content\/uploads\/2023\/09\/RandM-Factory-Direct-7000-Puffs-RGB-Vape-819x1024.jpg",819,1024,true],"1536x1536":["https:\/\/vapehosale.com\/wp-content\/uploads\/2023\/09\/RandM-Factory-Direct-7000-Puffs-RGB-Vape-1229x1536.jpg",1229,1536,true],"2048x2048":["https:\/\/vapehosale.com\/wp-content\/uploads\/2023\/09\/RandM-Factory-Direct-7000-Puffs-RGB-Vape.jpg",1440,1800,false],"trp-custom-language-flag":["https:\/\/vapehosale.com\/wp-content\/uploads\/2023\/09\/RandM-Factory-Direct-7000-Puffs-RGB-Vape.jpg",10,12,false],"woocommerce_thumbnail":["https:\/\/vapehosale.com\/wp-content\/uploads\/2023\/09\/RandM-Factory-Direct-7000-Puffs-RGB-Vape-300x300.jpg",300,300,true],"woocommerce_single":["https:\/\/vapehosale.com\/wp-content\/uploads\/2023\/09\/RandM-Factory-Direct-7000-Puffs-RGB-Vape-600x750.jpg",600,750,true],"woocommerce_gallery_thumbnail":["https:\/\/vapehosale.com\/wp-content\/uploads\/2023\/09\/RandM-Factory-Direct-7000-Puffs-RGB-Vape-100x100.jpg",100,100,true],"wcpr-photo-reviews":["https:\/\/vapehosale.com\/wp-content\/uploads\/2023\/09\/RandM-Factory-Direct-7000-Puffs-RGB-Vape.jpg",400,500,false]},"uagb_author_info":{"display_name":"Vicky hosale","author_link":"https:\/\/vapehosale.com\/pt\/author\/"},"uagb_comment_info":8,"uagb_excerpt":"Randm tornados 7k rechargeable disposable vape that contains 14ml of e-liquid and an 850mah rechargeable battery,\u00a0 each fumot 7k vapes can provide 7000 puffs, 40+ flavor instock, waittinig for you to choose today!(website price not include shipping cost) Contact vikcy for more disscount,RandM vape wholesale min order only need 50pcs! NOTE: The website price does&hellip;","_links":{"self":[{"href":"https:\/\/vapehosale.com\/pt\/wp-json\/wp\/v2\/product\/1453","targetHints":{"allow":["GET"]}}],"collection":[{"href":"https:\/\/vapehosale.com\/pt\/wp-json\/wp\/v2\/product"}],"about":[{"href":"https:\/\/vapehosale.com\/pt\/wp-json\/wp\/v2\/types\/product"}],"replies":[{"embeddable":true,"href":"https:\/\/vapehosale.com\/pt\/wp-json\/wp\/v2\/comments?post=1453"}],"wp:featuredmedia":[{"embeddable":true,"href":"https:\/\/vapehosale.com\/pt\/wp-json\/wp\/v2\/media\/3104"}],"wp:attachment":[{"href":"https:\/\/vapehosale.com\/pt\/wp-json\/wp\/v2\/media?parent=1453"}],"wp:term":[{"taxonomy":"product_cat","embeddable":true,"href":"https:\/\/vapehosale.com\/pt\/wp-json\/wp\/v2\/product_cat?post=1453"},{"taxonomy":"product_tag","embeddable":true,"href":"https:\/\/vapehosale.com\/pt\/wp-json\/wp\/v2\/product_tag?post=1453"}],"curies":[{"name":"wp","href":"https:\/\/api.w.org\/{rel}","templated":true}]}}