{"id":5173,"date":"2025-08-07T09:42:10","date_gmt":"2025-08-07T09:42:10","guid":{"rendered":"https:\/\/vapehosale.com\/?post_type=product&#038;p=5173"},"modified":"2025-11-26T03:07:42","modified_gmt":"2025-11-26T03:07:42","slug":"mr-goodie-shisha-hookah-80000-puff-rechargeable-vape","status":"publish","type":"product","link":"https:\/\/vapehosale.com\/pl\/product\/mr-goodie-shisha-hookah-80000-puff-rechargeable-vape\/","title":{"rendered":"Hurtownia Mr.Goodie Shisha Hookah 80000 Puffs Jednorazowy Vape z mo\u017cliwo\u015bci\u0105 \u0142adowania"},"content":{"rendered":"<h1 style=\"text-align: center\">Mr.Goodie Shisha Hookah 80000 Puff Jednorazowy Vape<\/h1>\n<p>Mr.Goodie Shisha Hookah 80000 Puff Akumulator Vape zapewnia do 80000 zaci\u0105gni\u0119\u0107 w trybie MTL (usta-p\u0142uca) lub 40000 zaci\u0105gni\u0119\u0107 w trybie DTL (bezpo\u015brednio do p\u0142uc), idealnie dopasowuj\u0105c si\u0119 do Twojego stylu. Wyposa\u017cony w najnowocze\u015bniejszy zakrzywiony ekran LED 360\u00b0, kt\u00f3ry wyra\u017anie wy\u015bwietla stan baterii i poziom e-liquidu pod ka\u017cdym k\u0105tem. Jego podw\u00f3jny system grza\u0142ek siatkowych zapewnia niezmiennie bogaty smak i g\u0119st\u0105 produkcj\u0119 pary. Precyzyjnie kontroluj zaci\u0105gni\u0119cie za pomoc\u0105 regulowanego pokr\u0119t\u0142a przep\u0142ywu powietrza. Znacz\u0105ca zintegrowana bateria 1400 mAh obs\u0142uguje wyd\u0142u\u017cone sesje, w po\u0142\u0105czeniu z pojemnym, wst\u0119pnie nape\u0142nionym 50 ml e-liquidem.<\/p>\n<h2 data-start=\"1511\" data-end=\"1526\">Mr.Goodie Shisha Hookah 80000 Puff Funkcje:<\/h2>\n<p>Tryb podw\u00f3jny:<br \/>\nMTL 80000 Zaci\u0105gni\u0119\u0107<br \/>\nDTL 40000 Zaci\u0105gni\u0119\u0107<br \/>\nZakrzywiony ekran LED 360\u00b0<br \/>\nPodw\u00f3jne grza\u0142ki siatkowe<br \/>\nRegulowany przep\u0142yw powietrza<br \/>\nBateria 1400 mAh<br \/>\nE-liquid o pojemno\u015bci 50 ml<br \/>\nRozmiar pojedynczego opakowania (1 SZTUKA): 47X47x206MM<br \/>\nRozmiar kartonu (120 SZTUK): 500x426X313MM<br \/>\nWaga kartonu: 21KG\u201d<\/p>\n<h2 data-start=\"1511\" data-end=\"1526\">Lista smak\u00f3w Mr.Goodie 80000 Puff<\/h2>\n<p class=\"\" data-start=\"37\" data-end=\"69\">1. Bor\u00f3wka malina<br \/>\n2.Winogrono l\u00f3d<br \/>\n3. Truskawka arbuz<br \/>\n4.Bor\u00f3wka na Lodzie<br \/>\n5.L\u00f3d arbuzowy<br \/>\n6.Wi\u015bniowy l\u00f3d<br \/>\n7.Truskawka Malina Wi\u015bnia L\u00f3d<br \/>\n8.Kiwi Marakuja Guawa<br \/>\n9. Truskawkowy l\u00f3d<br \/>\n10.Brzoskwinia Mango Ananas<br \/>\n11.Jagoda Wi\u015bnia \u017burawina<br \/>\n12.Brzoskwiniowy Jagodowy<br \/>\n13. Cherry Cola<br \/>\n14. Mieszane Jagody<br \/>\n15. Mr Blue<br \/>\n16.Letnia Brzoskwinia L\u00f3d<\/p>\n<h3>Kontakt dla hurtownik\u00f3w<\/h3>\n<p>\u2705gdzie kupi\u0107 jednorazowy waporyzator Mr.goodie\uff1f hurtownik Whatsapp:<a href=\"https:\/\/wa.me\/8618077105750\">+8618077105750\u00a0<\/a><\/p>\n<p>\u2705 Zapraszamy hurtownik\u00f3w i dealer\u00f3w do sk\u0142adania niestandardowych zam\u00f3wie\u0144.<br \/>\n\u2705 Zapewniamy produkty najwy\u017cszej jako\u015bci i najbardziej profesjonalne us\u0142ugi.<\/p>\n<p><img decoding=\"async\" class=\"alignnone size-full wp-image-2638\" src=\"https:\/\/vapehosale.com\/wp-content\/uploads\/2023\/09\/885301ea6f5e0b91f5ab2b1c85e665c.png\" alt=\"Fabryka RandM\" width=\"670\" height=\"658\" srcset=\"https:\/\/vapehosale.com\/wp-content\/uploads\/2023\/09\/885301ea6f5e0b91f5ab2b1c85e665c.png 670w, https:\/\/vapehosale.com\/wp-content\/uploads\/2023\/09\/885301ea6f5e0b91f5ab2b1c85e665c-300x295.png 300w, https:\/\/vapehosale.com\/wp-content\/uploads\/2023\/09\/885301ea6f5e0b91f5ab2b1c85e665c-600x589.png 600w\" sizes=\"(max-width: 670px) 100vw, 670px\" \/><\/p>\n<h3 data-start=\"2071\" data-end=\"2079\">FAQ o jednorazowym waporyzatorze shisha hookah Mr.Goodie 80k Puff<\/h3>\n<ol start=\"1\">\n<li>\n<p class=\"ds-markdown-paragraph\"><strong>Co oznacza \u201e80 000 zaci\u0105gni\u0119\u0107 w MTL \/ 40000 w DTL\u201d?<\/strong><br \/>\nUrz\u0105dzenie oferuje dwa style u\u017cytkowania: cia\u015bniejsze zaci\u0105gni\u0119cia MTL zapewniaj\u0105 do 80 000 zaci\u0105gni\u0119\u0107, podczas gdy bardziej przewiewne zaci\u0105gni\u0119cia DTL oferuj\u0105 do 40 000 zaci\u0105gni\u0119\u0107, w zale\u017cno\u015bci od techniki inhalacji.<\/p>\n<\/li>\n<li>\n<p class=\"ds-markdown-paragraph\"><strong>Jakie korzy\u015bci daje mi zakrzywiony ekran LED 360\u00b0 w Mr.Goodie Speed Racer 80k puffs?<\/strong><br \/>\nUnikalny zakrzywiony ekran owija si\u0119 wok\u00f3\u0142 urz\u0105dzenia, umo\u017cliwiaj\u0105c \u0142atwe sprawdzenie pozosta\u0142ego poziomu e-liquidu i procentu baterii z dos\u0142ownie ka\u017cdego k\u0105ta widzenia.<\/p>\n<\/li>\n<li>\n<p class=\"ds-markdown-paragraph\"><strong>Jaka jest zaleta podw\u00f3jnych grza\u0142ek siatkowych Mr.Goodie Speed Racer 80000 puffs?<\/strong><br \/>\nPodw\u00f3jne grza\u0142ki siatkowe nagrzewaj\u0105 e-liquid szybciej i bardziej r\u00f3wnomiernie ni\u017c standardowe grza\u0142ki, co skutkuje znacznie bogatszymi profilami smakowymi i konsekwentnie g\u0119stszymi chmurami pary.<\/p>\n<\/li>\n<li>\n<p class=\"ds-markdown-paragraph\"><strong>Jak d\u0142ugo wytrzymuje bateria 1400mAh w Mr.Goodie Speed Racer 80k puffs?<\/strong><br \/>\nDu\u017ca bateria 1400mAh zapewnia d\u0142ugotrwa\u0142e u\u017cytkowanie mi\u0119dzy \u0142adowaniami, wspieraj\u0105c du\u017c\u0105 liczb\u0119 zaci\u0105gni\u0119\u0107, i jest wygodnie \u0142adowalna przez USB-C.<\/p>\n<\/li>\n<li>\n<p class=\"ds-markdown-paragraph\"><strong>Czy Mr.Goodie Speed Racer 80k puffs to prawdziwa fajka wodna? Czy u\u017cywa tytoniu shisha?<\/strong><br \/>\nNie, jest to jednorazowy waporyzator o du\u017cej pojemno\u015bci zaprojektowany z my\u015bl\u0105 o wygodzie. U\u017cywa wst\u0119pnie nape\u0142nionego e-liquidu (soli nikotynowej) w r\u00f3\u017cnych smakach, a nie tradycyjnego tytoniu shisha czy w\u0119gielk\u00f3w.<\/p>\n<\/li>\n<\/ol>\n<h3><strong>Zawarto\u015b\u0107 opakowania:<\/strong><\/h3>\n<p>1 x jednorazowy waporyzator Mr.Goodie Speed Racer 80k puffs<\/p>\n<p>Kontakt w sprawie katalogu produkt\u00f3w:<a href=\"https:\/\/wa.me\/8618077105750\">Kup teraz i sprawd\u017a wszystkie ceny hurtowe<\/a><br \/>\nInne najlepiej sprzedaj\u0105ce si\u0119 vape, kt\u00f3rych mo\u017cesz potrzebowa\u0107<\/p>\n<p><a href=\"https:\/\/vapehosale.com\/pl\/product\/elf-bar-planet-25000-puffs-disposable-vape\/\">ELF BAR Planet 25000 Puffs Jednorazowy E-papieros<\/a><\/p>\n<p><a href=\"https:\/\/vapehosale.com\/pl\/product\/elf-bar-ice-king-30000-puff-50mg-nicotine-disposable-vape\/\">ELF BAR Ice King 30000 Puffs 50mg Nikotyny Jednorazowy E-papieros<\/a><\/p>\n<p><a href=\"https:\/\/vapehosale.com\/pl\/product\/alfakher-crown-bar-20000-puffs-disposable-vape\/\">ALFAKHER CROWN BAR 20000 Puffs Jednorazowy E-papieros<\/a><\/p>\n<p><a href=\"https:\/\/vapehosale.com\/pl\/product-category\/disposable-vape-in-european-warehouse\/\">pobierz katalog jednorazowych e-papieros\u00f3w z magazynu w Polsce tutaj\ud83d\udc48\ud83c\udffb<\/a><\/p>\n<h4>Szczeg\u00f3\u0142y wysy\u0142ki:<br \/>\njeste\u015bmy fabryk\u0105 z Chin, nie obs\u0142ugujemy p\u0142atno\u015bci za pobraniem.<\/h4>\n<h4>Szczeg\u00f3\u0142y p\u0142atno\u015bci:<\/h4>\n<p>Akceptujemy p\u0142atno\u015bci przelewem bankowym lub Western Union, jeste\u015bmy fabryk\u0105 vape z Chin. <span style=\"color: #ff0000\">Nie obs\u0142ugujemy p\u0142atno\u015bci za pobraniem.<\/span><\/p>\n<p>Wszystkie produkty w naszym sklepie s\u0105 w 100% oryginalne i autentyczne, wi\u0119c polityk\u0105 naszego sklepu jest dziesi\u0119ciokrotna rekompensata za podrobione towary.<\/p>\n<h5><span style=\"color: #ff0000\">Minimalne zam\u00f3wienie 50 szt.<\/span><\/h5>","protected":false},"excerpt":{"rendered":"<p data-start=\"2414\" data-end=\"2672\">Zmaksymalizuj swoje sesje wapowania dzi\u0119ki\u00a0<strong>Mr.Goodie Shisha Hookah 80000 Puff Akumulator Vape<\/strong>. Zapewnia do 80 tys. zaci\u0105gni\u0119\u0107 MTL\/40 tys. zaci\u0105gni\u0119\u0107 DTL, posiada unikalny zakrzywiony ekran LED 360\u00b0, podw\u00f3jne grza\u0142ki siatkowe, regulowany przep\u0142yw powietrza, pot\u0119\u017cn\u0105 bateri\u0119 1400 mAh i pojemno\u015b\u0107 50 ml e-liquidu. Najwy\u017csza wydajno\u015b\u0107<br \/>\n<span style=\"color: #ff0000\">(cena na stronie nie obejmuje koszt\u00f3w wysy\u0142ki)<\/span><\/p>\n<p><span style=\"color: #ff0000\">skontaktuj si\u0119 ze mn\u0105 w sprawie minimalnego zam\u00f3wienia tylko 50 sztuk! nie sprzedaj\u0119 poni\u017cej 50 sztuk, <\/span>Tylko hurt!<\/p>\n<p><img decoding=\"async\" class=\"alignnone size-medium wp-image-2638\" src=\"https:\/\/vapehosale.com\/wp-content\/uploads\/2023\/09\/885301ea6f5e0b91f5ab2b1c85e665c-300x295.png\" alt=\"Fabryka RandM\" width=\"300\" height=\"295\" srcset=\"https:\/\/vapehosale.com\/wp-content\/uploads\/2023\/09\/885301ea6f5e0b91f5ab2b1c85e665c-300x295.png 300w, https:\/\/vapehosale.com\/wp-content\/uploads\/2023\/09\/885301ea6f5e0b91f5ab2b1c85e665c-600x589.png 600w, https:\/\/vapehosale.com\/wp-content\/uploads\/2023\/09\/885301ea6f5e0b91f5ab2b1c85e665c.png 670w\" sizes=\"(max-width: 300px) 100vw, 300px\" \/><\/p>\n<p>&nbsp;<\/p>","protected":false},"featured_media":5172,"comment_status":"open","ping_status":"closed","template":"","meta":{"_uag_custom_page_level_css":"","_lmt_disableupdate":"no","_lmt_disable":"","site-sidebar-layout":"default","site-content-layout":"","ast-site-content-layout":"default","site-content-style":"default","site-sidebar-style":"default","ast-global-header-display":"","ast-banner-title-visibility":"","ast-main-header-display":"","ast-hfb-above-header-display":"","ast-hfb-below-header-display":"","ast-hfb-mobile-header-display":"","site-post-title":"","ast-breadcrumbs-content":"","ast-featured-img":"","footer-sml-layout":"","theme-transparent-header-meta":"default","adv-header-id-meta":"","stick-header-meta":"","header-above-stick-meta":"","header-main-stick-meta":"","header-below-stick-meta":"","astra-migrate-meta-layouts":"set","_joinchat":[]},"product_cat":[15,99,41,55,153],"product_tag":[76,113,35,33],"class_list":["post-5173","product","type-product","status-publish","has-post-thumbnail","hentry","product_cat-vape-shop-wholesale","product_cat-wholesale-100k-puffs-disposable-vape","product_cat-europe-hot-sale-vape","product_cat-minimum-order-quantity-50pcs","product_cat-mr-goodie-vape","product_tag-airflow-control-vape","product_tag-mr-goodie-vape","product_tag-rechargeable-disposable-device","product_tag-rgb-light-disposable-vape","desktop-align-left","tablet-align-left","mobile-align-left"],"yoast_head":"<!-- This site is optimized with the Yoast SEO plugin v21.1 - https:\/\/yoast.com\/wordpress\/plugins\/seo\/ -->\n<title>Wholesale Mr.Goodie Shisha Hookah 80000 Puff Rechargeable Vape - Vape Wholesale<\/title>\n<meta name=\"description\" content=\"Wholesale Mr.Goodie Shisha Hookah 80000 Puff: 80K MTL\/40K DTL hits, 360\u00b0 LED screen, dual mesh coils, adjustable airflow. 1400mAh battery, 50ml juice.\" \/>\n<meta name=\"robots\" content=\"index, follow, max-snippet:-1, max-image-preview:large, max-video-preview:-1\" \/>\n<link rel=\"canonical\" href=\"https:\/\/vapehosale.com\/pl\/product\/mr-goodie-shisha-hookah-80000-puff-rechargeable-vape\/\" \/>\n<meta property=\"og:locale\" content=\"pl_PL\" \/>\n<meta property=\"og:type\" content=\"article\" \/>\n<meta property=\"og:title\" content=\"Wholesale Mr.Goodie Shisha Hookah 80000 Puff Rechargeable Vape - Vape Wholesale\" \/>\n<meta property=\"og:description\" content=\"Wholesale Mr.Goodie Shisha Hookah 80000 Puff: 80K MTL\/40K DTL hits, 360\u00b0 LED screen, dual mesh coils, adjustable airflow. 1400mAh battery, 50ml juice.\" \/>\n<meta property=\"og:url\" content=\"https:\/\/vapehosale.com\/pl\/product\/mr-goodie-shisha-hookah-80000-puff-rechargeable-vape\/\" \/>\n<meta property=\"og:site_name\" content=\"Vape Wholesale\" \/>\n<meta property=\"article:modified_time\" content=\"2025-11-26T03:07:42+00:00\" \/>\n<meta property=\"og:image\" content=\"https:\/\/vapehosale.com\/wp-content\/uploads\/2025\/08\/Mr.Goodie-shisha-hookah-80000-Puff-Rechargeable-vape.webp\" \/>\n\t<meta property=\"og:image:width\" content=\"1000\" \/>\n\t<meta property=\"og:image:height\" content=\"1777\" \/>\n\t<meta property=\"og:image:type\" content=\"image\/webp\" \/>\n<meta name=\"twitter:card\" content=\"summary_large_image\" \/>\n<meta name=\"twitter:label1\" content=\"Szacowany czas czytania\" \/>\n\t<meta name=\"twitter:data1\" content=\"3 minuty\" \/>\n<script type=\"application\/ld+json\" class=\"yoast-schema-graph\">{\"@context\":\"https:\/\/schema.org\",\"@graph\":[{\"@type\":\"WebPage\",\"@id\":\"https:\/\/vapehosale.com\/product\/mr-goodie-shisha-hookah-80000-puff-rechargeable-vape\/\",\"url\":\"https:\/\/vapehosale.com\/product\/mr-goodie-shisha-hookah-80000-puff-rechargeable-vape\/\",\"name\":\"Wholesale Mr.Goodie Shisha Hookah 80000 Puff Rechargeable Vape - Vape Wholesale\",\"isPartOf\":{\"@id\":\"https:\/\/vapehosale.com\/#website\"},\"datePublished\":\"2025-08-07T09:42:10+00:00\",\"dateModified\":\"2025-11-26T03:07:42+00:00\",\"description\":\"Wholesale Mr.Goodie Shisha Hookah 80000 Puff: 80K MTL\/40K DTL hits, 360\u00b0 LED screen, dual mesh coils, adjustable airflow. 1400mAh battery, 50ml juice.\",\"breadcrumb\":{\"@id\":\"https:\/\/vapehosale.com\/product\/mr-goodie-shisha-hookah-80000-puff-rechargeable-vape\/#breadcrumb\"},\"inLanguage\":\"pl-PL\",\"potentialAction\":[{\"@type\":\"ReadAction\",\"target\":[\"https:\/\/vapehosale.com\/product\/mr-goodie-shisha-hookah-80000-puff-rechargeable-vape\/\"]}]},{\"@type\":\"BreadcrumbList\",\"@id\":\"https:\/\/vapehosale.com\/product\/mr-goodie-shisha-hookah-80000-puff-rechargeable-vape\/#breadcrumb\",\"itemListElement\":[{\"@type\":\"ListItem\",\"position\":1,\"name\":\"Home\",\"item\":\"https:\/\/vapehosale.com\/\"},{\"@type\":\"ListItem\",\"position\":2,\"name\":\"Best Sell Vapes\",\"item\":\"https:\/\/vapehosale.com\/vape-shop\/\"},{\"@type\":\"ListItem\",\"position\":3,\"name\":\"Wholesale Mr.Goodie Shisha Hookah 80000 Puff Rechargeable Vape\"}]},{\"@type\":\"WebSite\",\"@id\":\"https:\/\/vapehosale.com\/#website\",\"url\":\"https:\/\/vapehosale.com\/\",\"name\":\"Vape Wholesale\",\"description\":\"Buy Vape Wholesale Price Near you\",\"potentialAction\":[{\"@type\":\"SearchAction\",\"target\":{\"@type\":\"EntryPoint\",\"urlTemplate\":\"https:\/\/vapehosale.com\/?s={search_term_string}\"},\"query-input\":\"required name=search_term_string\"}],\"inLanguage\":\"pl-PL\"}]}<\/script>\n<!-- \/ Yoast SEO plugin. -->","yoast_head_json":{"title":"Wholesale Mr.Goodie Shisha Hookah 80000 Puff Rechargeable Vape - Vape Wholesale","description":"Wholesale Mr.Goodie Shisha Hookah 80000 Puff: 80K MTL\/40K DTL hits, 360\u00b0 LED screen, dual mesh coils, adjustable airflow. 1400mAh battery, 50ml juice.","robots":{"index":"index","follow":"follow","max-snippet":"max-snippet:-1","max-image-preview":"max-image-preview:large","max-video-preview":"max-video-preview:-1"},"canonical":"https:\/\/vapehosale.com\/pl\/product\/mr-goodie-shisha-hookah-80000-puff-rechargeable-vape\/","og_locale":"pl_PL","og_type":"article","og_title":"Wholesale Mr.Goodie Shisha Hookah 80000 Puff Rechargeable Vape - Vape Wholesale","og_description":"Wholesale Mr.Goodie Shisha Hookah 80000 Puff: 80K MTL\/40K DTL hits, 360\u00b0 LED screen, dual mesh coils, adjustable airflow. 1400mAh battery, 50ml juice.","og_url":"https:\/\/vapehosale.com\/pl\/product\/mr-goodie-shisha-hookah-80000-puff-rechargeable-vape\/","og_site_name":"Vape Wholesale","article_modified_time":"2025-11-26T03:07:42+00:00","og_image":[{"width":1000,"height":1777,"url":"https:\/\/vapehosale.com\/wp-content\/uploads\/2025\/08\/Mr.Goodie-shisha-hookah-80000-Puff-Rechargeable-vape.webp","type":"image\/webp"}],"twitter_card":"summary_large_image","twitter_misc":{"Szacowany czas czytania":"3 minuty"},"schema":{"@context":"https:\/\/schema.org","@graph":[{"@type":"WebPage","@id":"https:\/\/vapehosale.com\/product\/mr-goodie-shisha-hookah-80000-puff-rechargeable-vape\/","url":"https:\/\/vapehosale.com\/product\/mr-goodie-shisha-hookah-80000-puff-rechargeable-vape\/","name":"Wholesale Mr.Goodie Shisha Hookah 80000 Puff Rechargeable Vape - Vape Wholesale","isPartOf":{"@id":"https:\/\/vapehosale.com\/#website"},"datePublished":"2025-08-07T09:42:10+00:00","dateModified":"2025-11-26T03:07:42+00:00","description":"Wholesale Mr.Goodie Shisha Hookah 80000 Puff: 80K MTL\/40K DTL hits, 360\u00b0 LED screen, dual mesh coils, adjustable airflow. 1400mAh battery, 50ml juice.","breadcrumb":{"@id":"https:\/\/vapehosale.com\/product\/mr-goodie-shisha-hookah-80000-puff-rechargeable-vape\/#breadcrumb"},"inLanguage":"pl-PL","potentialAction":[{"@type":"ReadAction","target":["https:\/\/vapehosale.com\/product\/mr-goodie-shisha-hookah-80000-puff-rechargeable-vape\/"]}]},{"@type":"BreadcrumbList","@id":"https:\/\/vapehosale.com\/product\/mr-goodie-shisha-hookah-80000-puff-rechargeable-vape\/#breadcrumb","itemListElement":[{"@type":"ListItem","position":1,"name":"Home","item":"https:\/\/vapehosale.com\/"},{"@type":"ListItem","position":2,"name":"Best Sell Vapes","item":"https:\/\/vapehosale.com\/vape-shop\/"},{"@type":"ListItem","position":3,"name":"Wholesale Mr.Goodie Shisha Hookah 80000 Puff Rechargeable Vape"}]},{"@type":"WebSite","@id":"https:\/\/vapehosale.com\/#website","url":"https:\/\/vapehosale.com\/","name":"Vape Wholesale","description":"Buy Vape Wholesale Price Near you","potentialAction":[{"@type":"SearchAction","target":{"@type":"EntryPoint","urlTemplate":"https:\/\/vapehosale.com\/?s={search_term_string}"},"query-input":"required name=search_term_string"}],"inLanguage":"pl-PL"}]}},"uagb_featured_image_src":{"full":["https:\/\/vapehosale.com\/wp-content\/uploads\/2025\/08\/Mr.Goodie-shisha-hookah-80000-Puff-Rechargeable-vape.webp",1000,1777,false],"thumbnail":["https:\/\/vapehosale.com\/wp-content\/uploads\/2025\/08\/Mr.Goodie-shisha-hookah-80000-Puff-Rechargeable-vape-150x150.webp",150,150,true],"medium":["https:\/\/vapehosale.com\/wp-content\/uploads\/2025\/08\/Mr.Goodie-shisha-hookah-80000-Puff-Rechargeable-vape-169x300.webp",169,300,true],"medium_large":["https:\/\/vapehosale.com\/wp-content\/uploads\/2025\/08\/Mr.Goodie-shisha-hookah-80000-Puff-Rechargeable-vape-768x1365.webp",768,1365,true],"large":["https:\/\/vapehosale.com\/wp-content\/uploads\/2025\/08\/Mr.Goodie-shisha-hookah-80000-Puff-Rechargeable-vape-576x1024.webp",576,1024,true],"1536x1536":["https:\/\/vapehosale.com\/wp-content\/uploads\/2025\/08\/Mr.Goodie-shisha-hookah-80000-Puff-Rechargeable-vape-864x1536.webp",864,1536,true],"2048x2048":["https:\/\/vapehosale.com\/wp-content\/uploads\/2025\/08\/Mr.Goodie-shisha-hookah-80000-Puff-Rechargeable-vape.webp",1000,1777,false],"trp-custom-language-flag":["https:\/\/vapehosale.com\/wp-content\/uploads\/2025\/08\/Mr.Goodie-shisha-hookah-80000-Puff-Rechargeable-vape.webp",7,12,false],"woocommerce_thumbnail":["https:\/\/vapehosale.com\/wp-content\/uploads\/2025\/08\/Mr.Goodie-shisha-hookah-80000-Puff-Rechargeable-vape-300x300.webp",300,300,true],"woocommerce_single":["https:\/\/vapehosale.com\/wp-content\/uploads\/2025\/08\/Mr.Goodie-shisha-hookah-80000-Puff-Rechargeable-vape-600x1066.webp",600,1066,true],"woocommerce_gallery_thumbnail":["https:\/\/vapehosale.com\/wp-content\/uploads\/2025\/08\/Mr.Goodie-shisha-hookah-80000-Puff-Rechargeable-vape-100x100.webp",100,100,true],"wcpr-photo-reviews":["https:\/\/vapehosale.com\/wp-content\/uploads\/2025\/08\/Mr.Goodie-shisha-hookah-80000-Puff-Rechargeable-vape.webp",281,500,false]},"uagb_author_info":{"display_name":"Vicky hosale","author_link":"https:\/\/vapehosale.com\/pl\/author\/"},"uagb_comment_info":0,"uagb_excerpt":"Maximize your vape sessions with the\u00a0Mr.Goodie Shisha Hookah 80000 Puff Rechargeable Vape. Delivers up to 80K MTL\/40K DTL puffs, features a unique 360\u00b0 curved LED screen, dual mesh coils, adjustable airflow, massive 1400mAh battery, and 50ml e-juice capacity. Ultimate performance &amp; visibility. (website price not include shipping cost) contact me for min order only 50&hellip;","_links":{"self":[{"href":"https:\/\/vapehosale.com\/pl\/wp-json\/wp\/v2\/product\/5173","targetHints":{"allow":["GET"]}}],"collection":[{"href":"https:\/\/vapehosale.com\/pl\/wp-json\/wp\/v2\/product"}],"about":[{"href":"https:\/\/vapehosale.com\/pl\/wp-json\/wp\/v2\/types\/product"}],"replies":[{"embeddable":true,"href":"https:\/\/vapehosale.com\/pl\/wp-json\/wp\/v2\/comments?post=5173"}],"wp:featuredmedia":[{"embeddable":true,"href":"https:\/\/vapehosale.com\/pl\/wp-json\/wp\/v2\/media\/5172"}],"wp:attachment":[{"href":"https:\/\/vapehosale.com\/pl\/wp-json\/wp\/v2\/media?parent=5173"}],"wp:term":[{"taxonomy":"product_cat","embeddable":true,"href":"https:\/\/vapehosale.com\/pl\/wp-json\/wp\/v2\/product_cat?post=5173"},{"taxonomy":"product_tag","embeddable":true,"href":"https:\/\/vapehosale.com\/pl\/wp-json\/wp\/v2\/product_tag?post=5173"}],"curies":[{"name":"wp","href":"https:\/\/api.w.org\/{rel}","templated":true}]}}