{"id":2245,"date":"2024-05-13T07:43:21","date_gmt":"2024-05-13T07:43:21","guid":{"rendered":"https:\/\/vapehosale.com\/?post_type=product&#038;p=2245"},"modified":"2025-08-29T08:42:16","modified_gmt":"2025-08-29T08:42:16","slug":"original-randm-tornado-9000-pro-puffs","status":"publish","type":"product","link":"https:\/\/vapehosale.com\/pl\/product\/original-randm-tornado-9000-pro-puffs\/","title":{"rendered":"Hurtowy jednorazowy e-papieros RandM Tornado 9000 Pro zaci\u0105gni\u0119\u0107"},"content":{"rendered":"<h1 style=\"text-align: center\">Jednorazowe urz\u0105dzenie RandM Tornado 9000 Pro Puffs<\/h1>\n<p><strong data-start=\"178\" data-end=\"220\">Jednorazowy Vape RandM Tornado 9000 Pro<\/strong> firmy Fumot \u0142\u0105czy odwa\u017cny design z niezawodn\u0105 wydajno\u015bci\u0105 dla waper\u00f3w z UE. Wyposa\u017cony w 18 ml wst\u0119pnie nape\u0142nionego e-liquidu, technologi\u0119 siatkowej grza\u0142ki i opcje 2% lub 5% nikotyny, zapewnia bogaty smak i p\u0142ynne uderzenia. Z akumulatorem 850 mAh i wy\u015bwietlaczem LED, ten <strong data-start=\"482\" data-end=\"501\">9000 zaci\u0105gni\u0119\u0107 vape<\/strong> zapewnia sta\u0142\u0105 satysfakcj\u0119. Elegancki, praktyczny i trwa\u0142y, <strong data-start=\"576\" data-end=\"610\">Fumot 9000 Zaci\u0105gni\u0119\u0107 <a href=\"https:\/\/vapehosale.com\/pl\/product-category\/randm-fumot-vape\/\">RandM Tornado<\/a><\/strong> to zaufany wyb\u00f3r dla m\u0142odych m\u0119\u017cczyzn poszukuj\u0105cych stylu i wydajno\u015bci w jednym urz\u0105dzeniu.<\/p>\n<p><img decoding=\"async\" class=\"alignnone size-large wp-image-2252\" src=\"https:\/\/vapehosale.com\/wp-content\/uploads\/2024\/05\/RandM-Vape-Wholesale-9000-Puffs-Pro-1024x657.jpg\" alt=\"Hurtownia e-papieros\u00f3w RandM Vape 9000 Puffs Pro\" width=\"1024\" height=\"657\" srcset=\"https:\/\/vapehosale.com\/wp-content\/uploads\/2024\/05\/RandM-Vape-Wholesale-9000-Puffs-Pro-1024x657.jpg 1024w, https:\/\/vapehosale.com\/wp-content\/uploads\/2024\/05\/RandM-Vape-Wholesale-9000-Puffs-Pro-300x192.jpg 300w, https:\/\/vapehosale.com\/wp-content\/uploads\/2024\/05\/RandM-Vape-Wholesale-9000-Puffs-Pro-768x492.jpg 768w, https:\/\/vapehosale.com\/wp-content\/uploads\/2024\/05\/RandM-Vape-Wholesale-9000-Puffs-Pro-1536x985.jpg 1536w, https:\/\/vapehosale.com\/wp-content\/uploads\/2024\/05\/RandM-Vape-Wholesale-9000-Puffs-Pro-600x385.jpg 600w, https:\/\/vapehosale.com\/wp-content\/uploads\/2024\/05\/RandM-Vape-Wholesale-9000-Puffs-Pro.jpg 2048w\" sizes=\"(max-width: 1024px) 100vw, 1024px\" \/><\/p>\n<h2>Specyfikacja RandM Tornado 9000 Pro:<\/h2>\n<p>1. Marka: RandM.<br \/>\n2. S\u00f3l nikotynowa: 2%\/5%<br \/>\n3.E-liquid: 18 ml<br \/>\n4.Grza\u0142ka siatkowa<br \/>\n5.\u0141adowanie baterii: Typ-C<br \/>\n6.Bateria: 850 mAh<br \/>\n7.10 sztuk w opakowaniu.<br \/>\n8.Wy\u015bwietlacz LED.<\/p>\n<h2>Smaki RandM Tornado 9000 Pro:<\/h2>\n<p>1 Arbuz Truskawkowy<br \/>\n2 Arbuzowy L\u00f3d<br \/>\n3 Guma Balonowa Arbuz Truskawkowy<br \/>\n4 Arbuz Malinowy<br \/>\n5 Mieszane Jagody<br \/>\n6 \u017belki<br \/>\n7 Brzoskwinia Ananas Mango<br \/>\n8 Skittles<br \/>\n9 Truskawkowy L\u00f3d<br \/>\n10 Wi\u015bnia<br \/>\n11 Jagoda Bor\u00f3wka Wi\u015bnia \u017burawina<br \/>\n12 Arbuz Guma Balonowa<br \/>\n13 Jagoda Malina<br \/>\n14 Truskawka Malina Wi\u015bnia L\u00f3d<br \/>\n15 Kiwi Marakuja Guawa<br \/>\n16 Pan Niebieski<br \/>\n17 Musuj\u0105ca Wi\u015bnia<br \/>\n18 Mro\u017cona Jagoda<br \/>\n19 Prime Truskawka Arbuz<br \/>\n20 Ananas<br \/>\n21. R\u00f3\u017cowa Lemoniada<br \/>\n22. Soczysty L\u00f3d<br \/>\n23. Niebieska Malina L\u00f3d<br \/>\n24. Lemoniada Truskawkowa<br \/>\n25. Arbuz Brazz L\u00f3d<br \/>\n26. Brzoskwinia Jagoda<br \/>\n27. Cytryna<br \/>\n28. Vimto<br \/>\n29. Winogrono<br \/>\n30. Lody Wodne<br \/>\n31. Blueberry Sour Raspberry<br \/>\n32. Straw Mango<br \/>\n33. Strawberry Pomp (granat)<br \/>\n34. Cherry Berry<br \/>\n35. Cherry Cola<br \/>\n36. Strawberry Banana<br \/>\n37. Black Dragon Ice<br \/>\n38. Aloe Grape<br \/>\n39. Cool Mint<br \/>\n40. Peach Lemonade<br \/>\n41. Guava Ice (L\u00f3d Guawa)<br \/>\n42. Banana Custard (Krem bananowy)<br \/>\n43. Strawberry Cream (Krem truskawkowy)<br \/>\n44. Sour Candy (Kwa\u015bne cukierki)<br \/>\n45. Black Ice (Czarny l\u00f3d)<br \/>\n46. Bluelicious Ice (Niebieski pyszny l\u00f3d)<br \/>\n47. Blue Razz Kush (Niebieski Razz Kush)<br \/>\n48. Cherry Peach Lemonade (Lemoniada wi\u015bniowo-brzoskwiniowa)<br \/>\n49. Triple Mango (Potr\u00f3jne mango)<br \/>\n50. Strawberry Raspberry Ice (L\u00f3d truskawkowo-malinowy)<br \/>\n51. Watermelon Skittle (Arbuzowy Skittle)<br \/>\n52. Summer Peach Ice (Letni brzoskwiniowy l\u00f3d)<\/p>\n<h3>1. Jak wy\u0142\u0105czy\u0107 \u015bwiat\u0142o RGB w jednorazowym e-papierosie Fumot vape RandM 9000 Pro?<\/h3>\n<p>\u015awiat\u0142a RGB w zestawie jednorazowym nie mo\u017cna wy\u0142\u0105czy\u0107, dop\u00f3ki ca\u0142e urz\u0105dzenie nie zostanie roz\u0142adowane. Je\u015bli tw\u00f3j jednorazowy e-papieros ma \u015bwiat\u0142o RGB, nie martw si\u0119, poniewa\u017c RGB nie zaszkodzi oczom doros\u0142ych. Osobom poni\u017cej 21 roku \u017cycia nie wolno kupowa\u0107 jednorazowych e-papieros\u00f3w.<\/p>\n<h3>2. Jaki jest najlepszy jednorazowy e-papieros 9000?<\/h3>\n<p>RandM vape Tornado 9000 pro z ekranem RandM vape to najlepszy jednorazowy zestaw dla tych, kt\u00f3rzy chc\u0105 tego, co najlepsze z obu \u015bwiat\u00f3w: wspania\u0142ego smaku i d\u0142ugotrwa\u0142ej wydajno\u015bci. Ponadto przeno\u015bna konstrukcja d\u0142ugopisu Fumot 9000 pro jest bardzo odpowiednia do noszenia.<\/p>\n<h3>3. Jak d\u0142ugo dzia\u0142a RandM tornado 9000 Pro?<\/h3>\n<p>Zazwyczaj wystarcza na 5-15 dni, w zale\u017cno\u015bci od nawyk\u00f3w palenia u\u017cytkownika. Dla os\u00f3b, kt\u00f3re rzadko pal\u0105 e-papierosy, urz\u0105dzenie mo\u017ce wystarczy\u0107 nawet na 15 dni przed konieczno\u015bci\u0105 ponownego nape\u0142nienia lub na\u0142adowania, natomiast dla regularnych palaczy urz\u0105dzenie mo\u017ce wystarczy\u0107 nawet na 15 dni przed konieczno\u015bci\u0105 ponownego nape\u0142nienia lub na\u0142adowania. U\u017cytkownicy mog\u0105 zazwyczaj u\u017cywa\u0107 go przez ponad 5 dni.<\/p>\n<h4><strong>Zawarto\u015b\u0107 opakowania:<br \/>\n<\/strong><\/h4>\n<p>1 x RandM Tornado 9000 Pro Jednorazowy Vape<\/p>\n<p>Sugerowana cena detaliczna: 25 USD\/sztuka<\/p>\n<p><a href=\"https:\/\/vapehosale.com\/pl\/product\/randm-tornado-7000-puffs-disposable-vape\/\">Gor\u0105ca wyprzeda\u017c vape<br \/>\n<\/a><a href=\"https:\/\/vapehosale.com\/pl\/product-category\/randm-fumot-vape\/\">Cena hurtowa jednorazowych e-papieros\u00f3w RandM<span class=\"x19la9d6 x1fc57z9 x6ikm8r x10wlt62 x19co3pv x1g5zs5t xfibh0p xiy17q3 x1xsqp64 x1lkfr7t xexx8yu xyri2b x18d9i69 x1c1uobl\"><span class=\"xrtxmta x1bhl96m\">\ud83d\udc48<\/span><\/span><\/a><\/p>\n<p><a href=\"https:\/\/vapehosale.com\/pl\/product-category\/9000-vape\/\">Jednorazowy e-papieros 9000 Puffs, hit sprzeda\u017cy\u00a0<\/a><\/p>\n<p>Skontaktuj si\u0119 w celu uzyskania katalogu produkt\u00f3w i kuponu rabatowego:<a href=\"https:\/\/wa.me\/8618077105750\">kup teraz<\/a><\/p>\n<h4>Szczeg\u00f3\u0142y wysy\u0142ki:<br \/>\njeste\u015bmy fabryk\u0105 vape z Chin, nie obs\u0142ugujemy p\u0142atno\u015bci za pobraniem.<\/h4>\n<p>Czas produkcji: 5 dni roboczych<br \/>\nCzas wysy\u0142ki: 8-14 dni roboczych<\/p>\n<h4>Szczeg\u00f3\u0142y p\u0142atno\u015bci:<\/h4>\n<p>Obs\u0142ugujemy p\u0142atno\u015bci przez IBAN lub Western Union. Jeste\u015bmy fabryk\u0105 vape z Chin, nie obs\u0142ugujemy p\u0142atno\u015bci za pobraniem.<\/p>\n<p>Wszystkie produkty w naszym sklepie s\u0105 w 100% oryginalne i autentyczne, wi\u0119c polityk\u0105 naszego sklepu jest dziesi\u0119ciokrotna rekompensata za podrobione towary.<\/p>\n<h3>Obs\u0142uga posprzeda\u017cowa:<\/h3>\n<p><span style=\"color: #ff0000\">Uwaga: brak zwrot\u00f3w lub wymian w przypadku problem\u00f3w niezwi\u0105zanych z jako\u015bci\u0105<\/span><\/p>\n<p>Aby uzyska\u0107 bardziej szczeg\u00f3\u0142owe informacje na temat ceny hurtowej, MOQ, dost\u0119pnych smak\u00f3w, skontaktuj si\u0119 z naszym mened\u017cerem sprzeda\u017cy Vicky. <a href=\"https:\/\/wa.me\/8618077105750\">whatsapp:+48618075150<\/a><\/p>\n<p><img decoding=\"async\" class=\"alignnone size-full wp-image-2638\" src=\"https:\/\/vapehosale.com\/wp-content\/uploads\/2023\/09\/885301ea6f5e0b91f5ab2b1c85e665c.png\" alt=\"Fabryka RandM\" width=\"670\" height=\"658\" srcset=\"https:\/\/vapehosale.com\/wp-content\/uploads\/2023\/09\/885301ea6f5e0b91f5ab2b1c85e665c.png 670w, https:\/\/vapehosale.com\/wp-content\/uploads\/2023\/09\/885301ea6f5e0b91f5ab2b1c85e665c-300x295.png 300w, https:\/\/vapehosale.com\/wp-content\/uploads\/2023\/09\/885301ea6f5e0b91f5ab2b1c85e665c-600x589.png 600w\" sizes=\"(max-width: 670px) 100vw, 670px\" \/><\/p>\n<p>&nbsp;<\/p>","protected":false},"excerpt":{"rendered":"<p>Fumot RandM Tornado 9000 pro ma pojemno\u015b\u0107 18 ml e-liquidu, wbudowany akumulator 850 mAh z mo\u017cliwo\u015bci\u0105 \u0142adowania i \u015bwiat\u0142o RGB. Randm 9000 Pro 20mg mo\u017ce zapewni\u0107 do 9000 zaci\u0105gni\u0119\u0107. Ponadto posiada interfejs \u0142adowania typu C i automatyczny mechanizm zap\u0142onu, zapewniaj\u0105c wyj\u0105tkowe wra\u017cenia z e-papierosa.<\/p>\n<p><span style=\"color: #ff0000\">Cena podana na stronie internetowej nie obejmuje koszt\u00f3w wysy\u0142ki. Podaj sw\u00f3j kod pocztowy, aby sprawdzi\u0107 koszty wysy\u0142ki.<\/span><\/p>\n<p>Tylko hurt!<span style=\"color: #ff0000\"> minimalne zam\u00f3wienie 100 szt.!\u00a0<\/span><\/p>\n<p><img decoding=\"async\" class=\"alignnone size-medium wp-image-2638\" src=\"https:\/\/vapehosale.com\/wp-content\/uploads\/2023\/09\/885301ea6f5e0b91f5ab2b1c85e665c-300x295.png\" alt=\"Fabryka RandM\" width=\"300\" height=\"295\" srcset=\"https:\/\/vapehosale.com\/wp-content\/uploads\/2023\/09\/885301ea6f5e0b91f5ab2b1c85e665c-300x295.png 300w, https:\/\/vapehosale.com\/wp-content\/uploads\/2023\/09\/885301ea6f5e0b91f5ab2b1c85e665c-600x589.png 600w, https:\/\/vapehosale.com\/wp-content\/uploads\/2023\/09\/885301ea6f5e0b91f5ab2b1c85e665c.png 670w\" sizes=\"(max-width: 300px) 100vw, 300px\" \/><\/p>","protected":false},"featured_media":2246,"comment_status":"open","ping_status":"closed","template":"","meta":{"_uag_custom_page_level_css":"","_lmt_disableupdate":"no","_lmt_disable":"","site-sidebar-layout":"default","site-content-layout":"","ast-site-content-layout":"default","site-content-style":"default","site-sidebar-style":"default","ast-global-header-display":"","ast-banner-title-visibility":"","ast-main-header-display":"","ast-hfb-above-header-display":"","ast-hfb-below-header-display":"","ast-hfb-mobile-header-display":"","site-post-title":"","ast-breadcrumbs-content":"","ast-featured-img":"","footer-sml-layout":"","theme-transparent-header-meta":"default","adv-header-id-meta":"","stick-header-meta":"","header-above-stick-meta":"","header-main-stick-meta":"","header-below-stick-meta":"","astra-migrate-meta-layouts":"set","_joinchat":[]},"product_cat":[86,41,55,89,15],"product_tag":[114,63,51,35,33,59],"class_list":["post-2245","product","type-product","status-publish","has-post-thumbnail","hentry","product_cat-9000-vape","product_cat-europe-hot-sale-vape","product_cat-minimum-order-quantity-50pcs","product_cat-randm-fumot-vape","product_cat-vape-shop-wholesale","product_tag-fumot-vape","product_tag-led-screen-disposable-vape","product_tag-randm-vape","product_tag-rechargeable-disposable-device","product_tag-rgb-light-disposable-vape","product_tag-smart-screen-disposable-vape","desktop-align-left","tablet-align-left","mobile-align-left"],"yoast_head":"<!-- This site is optimized with the Yoast SEO plugin v21.1 - https:\/\/yoast.com\/wordpress\/plugins\/seo\/ -->\n<title>Wholesale RandM Tornado 9000 Pro Puffs\u00a0Disposable Vape - Vape Wholesale<\/title>\n<meta name=\"description\" content=\"Get the RandM Tornado 9000 Puffs vape by Fumot \u2014 powerful, stylish, and built to last. Order now to boost your EU vape sales!\" \/>\n<meta name=\"robots\" content=\"index, follow, max-snippet:-1, max-image-preview:large, max-video-preview:-1\" \/>\n<link rel=\"canonical\" href=\"https:\/\/vapehosale.com\/pl\/product\/original-randm-tornado-9000-pro-puffs\/\" \/>\n<meta property=\"og:locale\" content=\"pl_PL\" \/>\n<meta property=\"og:type\" content=\"article\" \/>\n<meta property=\"og:title\" content=\"Wholesale RandM Tornado 9000 Pro Puffs\u00a0Disposable Vape - Vape Wholesale\" \/>\n<meta property=\"og:description\" content=\"Get the RandM Tornado 9000 Puffs vape by Fumot \u2014 powerful, stylish, and built to last. Order now to boost your EU vape sales!\" \/>\n<meta property=\"og:url\" content=\"https:\/\/vapehosale.com\/pl\/product\/original-randm-tornado-9000-pro-puffs\/\" \/>\n<meta property=\"og:site_name\" content=\"Vape Wholesale\" \/>\n<meta property=\"article:modified_time\" content=\"2025-08-29T08:42:16+00:00\" \/>\n<meta property=\"og:image\" content=\"https:\/\/vapehosale.com\/wp-content\/uploads\/2024\/05\/Bulk-Buy-Randm-Tornado-9000-PRO.jpg\" \/>\n\t<meta property=\"og:image:width\" content=\"1080\" \/>\n\t<meta property=\"og:image:height\" content=\"1080\" \/>\n\t<meta property=\"og:image:type\" content=\"image\/jpeg\" \/>\n<meta name=\"twitter:card\" content=\"summary_large_image\" \/>\n<meta name=\"twitter:label1\" content=\"Szacowany czas czytania\" \/>\n\t<meta name=\"twitter:data1\" content=\"3 minuty\" \/>\n<script type=\"application\/ld+json\" class=\"yoast-schema-graph\">{\"@context\":\"https:\/\/schema.org\",\"@graph\":[{\"@type\":\"WebPage\",\"@id\":\"https:\/\/vapehosale.com\/product\/original-randm-tornado-9000-pro-puffs\/\",\"url\":\"https:\/\/vapehosale.com\/product\/original-randm-tornado-9000-pro-puffs\/\",\"name\":\"Wholesale RandM Tornado 9000 Pro Puffs\u00a0Disposable Vape - Vape Wholesale\",\"isPartOf\":{\"@id\":\"https:\/\/vapehosale.com\/#website\"},\"datePublished\":\"2024-05-13T07:43:21+00:00\",\"dateModified\":\"2025-08-29T08:42:16+00:00\",\"description\":\"Get the RandM Tornado 9000 Puffs vape by Fumot \u2014 powerful, stylish, and built to last. Order now to boost your EU vape sales!\",\"breadcrumb\":{\"@id\":\"https:\/\/vapehosale.com\/product\/original-randm-tornado-9000-pro-puffs\/#breadcrumb\"},\"inLanguage\":\"pl-PL\",\"potentialAction\":[{\"@type\":\"ReadAction\",\"target\":[\"https:\/\/vapehosale.com\/product\/original-randm-tornado-9000-pro-puffs\/\"]}]},{\"@type\":\"BreadcrumbList\",\"@id\":\"https:\/\/vapehosale.com\/product\/original-randm-tornado-9000-pro-puffs\/#breadcrumb\",\"itemListElement\":[{\"@type\":\"ListItem\",\"position\":1,\"name\":\"Home\",\"item\":\"https:\/\/vapehosale.com\/\"},{\"@type\":\"ListItem\",\"position\":2,\"name\":\"Best Sell Vapes\",\"item\":\"https:\/\/vapehosale.com\/vape-shop\/\"},{\"@type\":\"ListItem\",\"position\":3,\"name\":\"Wholesale RandM Tornado 9000 Pro Puffs\u00a0Disposable Vape\"}]},{\"@type\":\"WebSite\",\"@id\":\"https:\/\/vapehosale.com\/#website\",\"url\":\"https:\/\/vapehosale.com\/\",\"name\":\"Vape Wholesale\",\"description\":\"Buy Vape Wholesale Price Near you\",\"potentialAction\":[{\"@type\":\"SearchAction\",\"target\":{\"@type\":\"EntryPoint\",\"urlTemplate\":\"https:\/\/vapehosale.com\/?s={search_term_string}\"},\"query-input\":\"required name=search_term_string\"}],\"inLanguage\":\"pl-PL\"}]}<\/script>\n<!-- \/ Yoast SEO plugin. -->","yoast_head_json":{"title":"Wholesale RandM Tornado 9000 Pro Puffs\u00a0Disposable Vape - Vape Wholesale","description":"Get the RandM Tornado 9000 Puffs vape by Fumot \u2014 powerful, stylish, and built to last. Order now to boost your EU vape sales!","robots":{"index":"index","follow":"follow","max-snippet":"max-snippet:-1","max-image-preview":"max-image-preview:large","max-video-preview":"max-video-preview:-1"},"canonical":"https:\/\/vapehosale.com\/pl\/product\/original-randm-tornado-9000-pro-puffs\/","og_locale":"pl_PL","og_type":"article","og_title":"Wholesale RandM Tornado 9000 Pro Puffs\u00a0Disposable Vape - Vape Wholesale","og_description":"Get the RandM Tornado 9000 Puffs vape by Fumot \u2014 powerful, stylish, and built to last. Order now to boost your EU vape sales!","og_url":"https:\/\/vapehosale.com\/pl\/product\/original-randm-tornado-9000-pro-puffs\/","og_site_name":"Vape Wholesale","article_modified_time":"2025-08-29T08:42:16+00:00","og_image":[{"width":1080,"height":1080,"url":"https:\/\/vapehosale.com\/wp-content\/uploads\/2024\/05\/Bulk-Buy-Randm-Tornado-9000-PRO.jpg","type":"image\/jpeg"}],"twitter_card":"summary_large_image","twitter_misc":{"Szacowany czas czytania":"3 minuty"},"schema":{"@context":"https:\/\/schema.org","@graph":[{"@type":"WebPage","@id":"https:\/\/vapehosale.com\/product\/original-randm-tornado-9000-pro-puffs\/","url":"https:\/\/vapehosale.com\/product\/original-randm-tornado-9000-pro-puffs\/","name":"Wholesale RandM Tornado 9000 Pro Puffs\u00a0Disposable Vape - Vape Wholesale","isPartOf":{"@id":"https:\/\/vapehosale.com\/#website"},"datePublished":"2024-05-13T07:43:21+00:00","dateModified":"2025-08-29T08:42:16+00:00","description":"Get the RandM Tornado 9000 Puffs vape by Fumot \u2014 powerful, stylish, and built to last. Order now to boost your EU vape sales!","breadcrumb":{"@id":"https:\/\/vapehosale.com\/product\/original-randm-tornado-9000-pro-puffs\/#breadcrumb"},"inLanguage":"pl-PL","potentialAction":[{"@type":"ReadAction","target":["https:\/\/vapehosale.com\/product\/original-randm-tornado-9000-pro-puffs\/"]}]},{"@type":"BreadcrumbList","@id":"https:\/\/vapehosale.com\/product\/original-randm-tornado-9000-pro-puffs\/#breadcrumb","itemListElement":[{"@type":"ListItem","position":1,"name":"Home","item":"https:\/\/vapehosale.com\/"},{"@type":"ListItem","position":2,"name":"Best Sell Vapes","item":"https:\/\/vapehosale.com\/vape-shop\/"},{"@type":"ListItem","position":3,"name":"Wholesale RandM Tornado 9000 Pro Puffs\u00a0Disposable Vape"}]},{"@type":"WebSite","@id":"https:\/\/vapehosale.com\/#website","url":"https:\/\/vapehosale.com\/","name":"Vape Wholesale","description":"Buy Vape Wholesale Price Near you","potentialAction":[{"@type":"SearchAction","target":{"@type":"EntryPoint","urlTemplate":"https:\/\/vapehosale.com\/?s={search_term_string}"},"query-input":"required name=search_term_string"}],"inLanguage":"pl-PL"}]}},"uagb_featured_image_src":{"full":["https:\/\/vapehosale.com\/wp-content\/uploads\/2024\/05\/Bulk-Buy-Randm-Tornado-9000-PRO.jpg",1080,1080,false],"thumbnail":["https:\/\/vapehosale.com\/wp-content\/uploads\/2024\/05\/Bulk-Buy-Randm-Tornado-9000-PRO-150x150.jpg",150,150,true],"medium":["https:\/\/vapehosale.com\/wp-content\/uploads\/2024\/05\/Bulk-Buy-Randm-Tornado-9000-PRO-300x300.jpg",300,300,true],"medium_large":["https:\/\/vapehosale.com\/wp-content\/uploads\/2024\/05\/Bulk-Buy-Randm-Tornado-9000-PRO-768x768.jpg",768,768,true],"large":["https:\/\/vapehosale.com\/wp-content\/uploads\/2024\/05\/Bulk-Buy-Randm-Tornado-9000-PRO-1024x1024.jpg",1024,1024,true],"1536x1536":["https:\/\/vapehosale.com\/wp-content\/uploads\/2024\/05\/Bulk-Buy-Randm-Tornado-9000-PRO.jpg",1080,1080,false],"2048x2048":["https:\/\/vapehosale.com\/wp-content\/uploads\/2024\/05\/Bulk-Buy-Randm-Tornado-9000-PRO.jpg",1080,1080,false],"trp-custom-language-flag":["https:\/\/vapehosale.com\/wp-content\/uploads\/2024\/05\/Bulk-Buy-Randm-Tornado-9000-PRO.jpg",12,12,false],"woocommerce_thumbnail":["https:\/\/vapehosale.com\/wp-content\/uploads\/2024\/05\/Bulk-Buy-Randm-Tornado-9000-PRO-300x300.jpg",300,300,true],"woocommerce_single":["https:\/\/vapehosale.com\/wp-content\/uploads\/2024\/05\/Bulk-Buy-Randm-Tornado-9000-PRO-600x600.jpg",600,600,true],"woocommerce_gallery_thumbnail":["https:\/\/vapehosale.com\/wp-content\/uploads\/2024\/05\/Bulk-Buy-Randm-Tornado-9000-PRO-100x100.jpg",100,100,true],"wcpr-photo-reviews":["https:\/\/vapehosale.com\/wp-content\/uploads\/2024\/05\/Bulk-Buy-Randm-Tornado-9000-PRO.jpg",500,500,false]},"uagb_author_info":{"display_name":"Vicky hosale","author_link":"https:\/\/vapehosale.com\/pl\/author\/"},"uagb_comment_info":0,"uagb_excerpt":"Fumot RandM Tornado 9000 pro comes with 18ml e-liquid capacity, 850mAh rechargeable integrated battery and RGB light, Randm 9000 Pro 20mg can provide up to 9000 puffs. In addition, it also has a Type-C charging interface and an automatic ignition mechanism, bringing an exquisite e-cigarette experience. The website price does not include shipping costs. Please&hellip;","_links":{"self":[{"href":"https:\/\/vapehosale.com\/pl\/wp-json\/wp\/v2\/product\/2245","targetHints":{"allow":["GET"]}}],"collection":[{"href":"https:\/\/vapehosale.com\/pl\/wp-json\/wp\/v2\/product"}],"about":[{"href":"https:\/\/vapehosale.com\/pl\/wp-json\/wp\/v2\/types\/product"}],"replies":[{"embeddable":true,"href":"https:\/\/vapehosale.com\/pl\/wp-json\/wp\/v2\/comments?post=2245"}],"wp:featuredmedia":[{"embeddable":true,"href":"https:\/\/vapehosale.com\/pl\/wp-json\/wp\/v2\/media\/2246"}],"wp:attachment":[{"href":"https:\/\/vapehosale.com\/pl\/wp-json\/wp\/v2\/media?parent=2245"}],"wp:term":[{"taxonomy":"product_cat","embeddable":true,"href":"https:\/\/vapehosale.com\/pl\/wp-json\/wp\/v2\/product_cat?post=2245"},{"taxonomy":"product_tag","embeddable":true,"href":"https:\/\/vapehosale.com\/pl\/wp-json\/wp\/v2\/product_tag?post=2245"}],"curies":[{"name":"wp","href":"https:\/\/api.w.org\/{rel}","templated":true}]}}