{"id":1572,"date":"2023-09-27T08:09:18","date_gmt":"2023-09-27T08:09:18","guid":{"rendered":"https:\/\/vapehosale.com\/?post_type=product&#038;p=1572"},"modified":"2024-10-16T09:20:58","modified_gmt":"2024-10-16T09:20:58","slug":"vbon-9000-puffs-disposable-vape","status":"publish","type":"product","link":"https:\/\/vapehosale.com\/pl\/product\/vbon-9000-puffs-disposable-vape\/","title":{"rendered":"Hurtownia VBON 9000 Puffs Jednorazowy e-papieros 20mg"},"content":{"rendered":"<h2 style=\"text-align: center\">Co to jest VBON 9000 Puffs Jednorazowy Vape?<\/h2>\n<p>Jednorazowy e-papieros VBON 9000 Puffs jest jednym z najpopularniejszych jednorazowych e-papieros\u00f3w w Polsce. Jest wyposa\u017cony w diod\u0119 RGB na dole i b\u0119dzie emitowa\u0107 fajne \u015bwiat\u0142o RGB za ka\u017cdym razem, gdy zaci\u0105gniesz si\u0119. E-papieros zawiera 18 ml p\u0142ynu i akumulator 600 mAh, dzi\u0119ki czemu \u0142adowanie typu C mo\u017ce zapewni\u0107 9000 zaci\u0105gni\u0119\u0107.<\/p>\n<p><img decoding=\"async\" class=\"alignnone size-full wp-image-1573\" src=\"https:\/\/vapehosale.com\/wp-content\/uploads\/2023\/09\/France-hot-sale-VBON-9000-Puffs-Disposable-vape-wholesale-.png\" alt=\"Francja gor\u0105ca sprzeda\u017c VBON 9000 Puffs jednorazowy vape hurt\" width=\"809\" height=\"834\" srcset=\"https:\/\/vapehosale.com\/wp-content\/uploads\/2023\/09\/France-hot-sale-VBON-9000-Puffs-Disposable-vape-wholesale-.png 809w, https:\/\/vapehosale.com\/wp-content\/uploads\/2023\/09\/France-hot-sale-VBON-9000-Puffs-Disposable-vape-wholesale--291x300.png 291w, https:\/\/vapehosale.com\/wp-content\/uploads\/2023\/09\/France-hot-sale-VBON-9000-Puffs-Disposable-vape-wholesale--768x792.png 768w, https:\/\/vapehosale.com\/wp-content\/uploads\/2023\/09\/France-hot-sale-VBON-9000-Puffs-Disposable-vape-wholesale--600x619.png 600w\" sizes=\"(max-width: 809px) 100vw, 809px\" \/><\/p>\n<p>&nbsp;<\/p>\n<h4>Co powiniene\u015b wiedzie\u0107 o VBON 9000 Puffs<\/h4>\n<p>&nbsp;<\/p>\n<h6>1. Czy mog\u0119 wy\u0142\u0105czy\u0107 \u015bwiat\u0142o RGB?<\/h6>\n<p>Nie mo\u017cna wy\u0142\u0105czy\u0107 \u015bwiat\u0142a RGB VBon, poniewa\u017c fajne \u015bwiat\u0142o RGB jest cech\u0105 jednorazowego e-papierosa VBon 9000 Puffs, b\u0119dzie ono uruchamiane przy ka\u017cdym zaci\u0105gni\u0119ciu, a\u017c bateria si\u0119 wyczerpie.<\/p>\n<h5>2. Jaki jest najlepszy smak?<\/h5>\n<p>Osobi\u015bcie polecam nast\u0119puj\u0105ce 3 smaki osobom, kt\u00f3re u\u017cywaj\u0105 e-papieros\u00f3w po raz pierwszy i chc\u0105 rzuci\u0107 palenie:<br \/>\nTop 1: Red Bull<\/p>\n<p>Top 2: L\u00f3d arbuzowy<\/p>\n<p>Top 3: Mamba<\/p>\n<p>\uf06cCzy mo\u017cna go na\u0142adowa\u0107? Tak, \u0142adowanie typu C<br \/>\n\uf06cJaka jest sugerowana cena detaliczna? 12-15\u20ac<br \/>\n\uf06cIle zaci\u0105gni\u0119\u0107 mog\u0119 uzyska\u0107 z jednego jednorazowego urz\u0105dzenia VBON 9000 Puffs?<br \/>\n\uf06cCzy mog\u0119 uzupe\u0142ni\u0107 zestaw Vbon 9000?<\/p>\n<h4>Specyfikacje:<\/h4>\n<p>1. Poziom nikotyny 2% lub 5%<br \/>\n2. Zaci\u0105gni\u0119cia: 9000 Puffs, jednorazowy e-papieros o d\u0142ugiej \u017cywotno\u015bci<br \/>\n3. Pojemno\u015b\u0107: 18 ml<br \/>\n4. Dost\u0119pnych 30 smak\u00f3w<br \/>\n5.Wbudowana 600Mah<br \/>\n6. \u0141adowanie przez Type-C<br \/>\n7.Wyprodukowano w Chinach<\/p>\n<h4>Lista smak\u00f3w:<\/h4>\n<p>1.Kiwi Marakuja Guawa<\/p>\n<p>2. Jagody Mieszane<\/p>\n<p>3.Niebieska Malina L\u00f3d<\/p>\n<p>4.Bor\u00f3wka Granat<\/p>\n<p>5.Bor\u00f3wka Wi\u015bnia \u017burawina<\/p>\n<p>6.Czerwony Byk<\/p>\n<p>7.Arbuz l\u00f3d<\/p>\n<p>8.Arbuz Niebieska Malina L\u00f3d<\/p>\n<p>9. Truskawka arbuz<\/p>\n<p>10.Truskawkowa Lemoniada<\/p>\n<p>11.Truskawkowy Krem<\/p>\n<p>12.Truskawka l\u00f3d<\/p>\n<p>13.Truskawka Kiwi<\/p>\n<p>14.Truskawka Arbuz Lemoniada<\/p>\n<p>15.Mango z lodem<\/p>\n<p>16.Brzoskwiniowy L\u00f3d<\/p>\n<p>17.Brzoskwinia Mango<\/p>\n<p>18.Bor\u00f3wkowy l\u00f3d<\/p>\n<p>19.Brzoskwinia Mango Ananas<\/p>\n<p>20.Brzoskwinia bor\u00f3wka cukierek<\/p>\n<p>21. mi\u015b \u017celkowy<\/p>\n<p>22. mango brzoskwinia gujawa<\/p>\n<p>23. marakuja pomara\u0144cza gujawa<\/p>\n<p>24. czerwone jab\u0142ko l\u00f3d<\/p>\n<p>25. brzoskwinia cytryna<\/p>\n<p>26. cytryna mi\u0119ta limonka<\/p>\n<p>27. truskawka ananas pomara\u0144cza<\/p>\n<p>28. jab\u0142ko brzoskwinia<\/p>\n<p>29. wstrz\u0105\u015bnij wstrz\u0105\u015bnij l\u00f3d<\/p>\n<p>manba<\/p>\n<p><a href=\"https:\/\/vapehosale.com\/pl\/product\/randm-tornado-7000-puffs-disposable-vape\/\">Gor\u0105cy produkt jednorazowy e-papieros RandM Tornado 7000<\/a> i <a href=\"https:\/\/vapehosale.com\/pl\/product\/bulk-buy-randm-tornado-9000\/\">RandM Tornado 9000 zaci\u0105gni\u0119\u0107<\/a> Sprzeda\u017c hurtowa <a href=\"https:\/\/vapehosale.com\/pl\/product\/fumot-digital-box-12000-puffs\/\">Fumot Digital Box 12000 zaci\u0105gni\u0119\u0107<\/a><br \/>\nKontakt w sprawie katalogu produkt\u00f3w:<a href=\"https:\/\/wa.me\/8618077105750\">kup teraz<\/a><\/p>\n<p>Inne jednorazowe e-papierosy, kt\u00f3re mog\u0105 Ci si\u0119 spodoba\u0107:<a href=\"https:\/\/vapehosale.com\/pl\/product\/bulk-buy-bang-king-12000\/\">Bang King 12000 zaci\u0105gni\u0119\u0107<\/a>\/<a href=\"https:\/\/vapehosale.com\/pl\/product\/sidia-12000-puffs-disposable-device\/\">Vapme 12000 zaci\u0105gni\u0119\u0107<\/a>\/Vapme 7000 zaci\u0105gni\u0119\u0107\/Bang 8000 zaci\u0105gni\u0119\u0107\/ELFBAR bc5000 zaci\u0105gni\u0119\u0107<\/p>\n<p>Vape o specjalnym kszta\u0142cie:<a href=\"https:\/\/vapehosale.com\/pl\/product\/bulk-buy-bang-king-12000\/\">kszta\u0142t butelki<\/a>\/Puszka Coli\/<a href=\"https:\/\/vapehosale.com\/pl\/product\/sidia-12000-puffs-disposable-device\/\">\u015awiat\u0142o RGB<\/a>\/Kryszta\u0142<\/p>\n<h4>Szczeg\u00f3\u0142y wysy\u0142ki:<\/h4>\n<p>Czas produkcji: 3-10 dni roboczych<br \/>\nCzas wysy\u0142ki: 8-14 dni roboczych<\/p>\n<p>Wszystkie produkty w naszym sklepie s\u0105 w 100% oryginalne i autentyczne, wi\u0119c polityk\u0105 naszego sklepu jest dziesi\u0119ciokrotna rekompensata za podrobione towary.<\/p>\n<h3>Obs\u0142uga posprzeda\u017cowa:<\/h3>\n<p><span style=\"color: #ff0000\">Uwaga: brak zwrot\u00f3w lub wymian w przypadku problem\u00f3w niezwi\u0105zanych z jako\u015bci\u0105<\/span><br \/>\n1. Klienci mog\u0105 wybra\u0107 smak, ale je\u015bli smak jest niedost\u0119pny, dzia\u0142 produkcji wybierze popularny smak, aby go zast\u0105pi\u0107. Klienci nie mog\u0105 ubiega\u0107 si\u0119 o zwrot pieni\u0119dzy ani wymian\u0119 na podstawie smak\u00f3w.<\/p>\n<p>2. W przypadku wyst\u0105pienia problem\u00f3w z jako\u015bci\u0105 prosimy o dostarczenie konkretnego opisu wideo i zdj\u0119\u0107.<br \/>\nJe\u015bli nie mo\u017cesz dostarczy\u0107 dowod\u00f3w, takich jak filmy i zdj\u0119cia, towary nie podlegaj\u0105 wymianie.<\/p>\n<p>Aby uzyska\u0107 bardziej szczeg\u00f3\u0142owe informacje na temat ceny hurtowej, MOQ, dost\u0119pnych smak\u00f3w, skontaktuj si\u0119 z naszym mened\u017cerem sprzeda\u017cy Vicky. <a href=\"https:\/\/wa.me\/8618077105750\">whatsapp:+48618075150<\/a><\/p>\n<p>&nbsp;<\/p>\n<p>&nbsp;<\/p>\n<h4 style=\"text-align: center\">Wysy\u0142ka i prezentacja fabryki:<\/h4>\n<p><img decoding=\"async\" class=\"alignnone size-medium wp-image-1422\" src=\"https:\/\/vapehosale.com\/wp-content\/uploads\/2023\/09\/factory-2-300x200.jpg\" alt=\"Fabryka Vape (2)\" width=\"300\" height=\"200\" srcset=\"https:\/\/vapehosale.com\/wp-content\/uploads\/2023\/09\/factory-2-300x200.jpg 300w, https:\/\/vapehosale.com\/wp-content\/uploads\/2023\/09\/factory-2-1024x682.jpg 1024w, https:\/\/vapehosale.com\/wp-content\/uploads\/2023\/09\/factory-2-768x512.jpg 768w, https:\/\/vapehosale.com\/wp-content\/uploads\/2023\/09\/factory-2-600x400.jpg 600w, https:\/\/vapehosale.com\/wp-content\/uploads\/2023\/09\/factory-2.jpg 1280w\" sizes=\"(max-width: 300px) 100vw, 300px\" \/><img decoding=\"async\" class=\"alignnone size-medium wp-image-1423\" src=\"https:\/\/vapehosale.com\/wp-content\/uploads\/2023\/09\/RANDM-TORNADO-12000-VAEP-FACTORY-300x225.jpg\" alt=\"RANDM TORNADO 12000 VAEP FABRYKA\" width=\"300\" height=\"225\" srcset=\"https:\/\/vapehosale.com\/wp-content\/uploads\/2023\/09\/RANDM-TORNADO-12000-VAEP-FACTORY-300x225.jpg 300w, https:\/\/vapehosale.com\/wp-content\/uploads\/2023\/09\/RANDM-TORNADO-12000-VAEP-FACTORY-1024x768.jpg 1024w, https:\/\/vapehosale.com\/wp-content\/uploads\/2023\/09\/RANDM-TORNADO-12000-VAEP-FACTORY-768x576.jpg 768w, https:\/\/vapehosale.com\/wp-content\/uploads\/2023\/09\/RANDM-TORNADO-12000-VAEP-FACTORY-1536x1152.jpg 1536w, https:\/\/vapehosale.com\/wp-content\/uploads\/2023\/09\/RANDM-TORNADO-12000-VAEP-FACTORY-600x450.jpg 600w, https:\/\/vapehosale.com\/wp-content\/uploads\/2023\/09\/RANDM-TORNADO-12000-VAEP-FACTORY.jpg 1702w\" sizes=\"(max-width: 300px) 100vw, 300px\" \/><img decoding=\"async\" class=\"alignnone size-medium wp-image-1425\" src=\"https:\/\/vapehosale.com\/wp-content\/uploads\/2023\/09\/WAREHOUSE-300x193.jpg\" alt=\"MAGAZYN\" width=\"300\" height=\"193\" srcset=\"https:\/\/vapehosale.com\/wp-content\/uploads\/2023\/09\/WAREHOUSE-300x193.jpg 300w, https:\/\/vapehosale.com\/wp-content\/uploads\/2023\/09\/WAREHOUSE.jpg 557w\" sizes=\"(max-width: 300px) 100vw, 300px\" \/><img decoding=\"async\" class=\"alignnone size-medium wp-image-1564\" src=\"https:\/\/vapehosale.com\/wp-content\/uploads\/2023\/09\/f9454add9518c005b999699bbc181d1-169x300.jpg\" alt=\"Wysy\u0142ka z fabryki e-papieros\u00f3w\" width=\"169\" height=\"300\" srcset=\"https:\/\/vapehosale.com\/wp-content\/uploads\/2023\/09\/f9454add9518c005b999699bbc181d1-169x300.jpg 169w, https:\/\/vapehosale.com\/wp-content\/uploads\/2023\/09\/f9454add9518c005b999699bbc181d1-576x1024.jpg 576w, https:\/\/vapehosale.com\/wp-content\/uploads\/2023\/09\/f9454add9518c005b999699bbc181d1-768x1365.jpg 768w, https:\/\/vapehosale.com\/wp-content\/uploads\/2023\/09\/f9454add9518c005b999699bbc181d1-864x1536.jpg 864w, https:\/\/vapehosale.com\/wp-content\/uploads\/2023\/09\/f9454add9518c005b999699bbc181d1-600x1067.jpg 600w, https:\/\/vapehosale.com\/wp-content\/uploads\/2023\/09\/f9454add9518c005b999699bbc181d1.jpg 1080w\" sizes=\"(max-width: 169px) 100vw, 169px\" \/><\/p>","protected":false},"excerpt":{"rendered":"<p>Zestaw jednorazowy VBON 9000 Puffs u\u017cywa \u0142adowania typu C, ka\u017cde urz\u0105dzenie zawiera bateri\u0119 600 mAh i 18 ml olejku, mo\u017cesz go u\u017cywa\u0107 wsz\u0119dzie, ale nie w miejscach publicznych. Skontaktuj si\u0119 z Vicky w celu zam\u00f3wienia hurtowego, minimalne zam\u00f3wienie to tylko 100 sztuk.<\/p>\n<p><img decoding=\"async\" class=\"alignnone size-medium wp-image-2638\" src=\"https:\/\/vapehosale.com\/wp-content\/uploads\/2023\/09\/885301ea6f5e0b91f5ab2b1c85e665c-300x295.png\" alt=\"Fabryka RandM\" width=\"300\" height=\"295\" srcset=\"https:\/\/vapehosale.com\/wp-content\/uploads\/2023\/09\/885301ea6f5e0b91f5ab2b1c85e665c-300x295.png 300w, https:\/\/vapehosale.com\/wp-content\/uploads\/2023\/09\/885301ea6f5e0b91f5ab2b1c85e665c-600x589.png 600w, https:\/\/vapehosale.com\/wp-content\/uploads\/2023\/09\/885301ea6f5e0b91f5ab2b1c85e665c.png 670w\" sizes=\"(max-width: 300px) 100vw, 300px\" \/><\/p>\n<p><span style=\"color: #ff0000\">UWAGA: Cena podana na stronie internetowej nie obejmuje koszt\u00f3w wysy\u0142ki. Podaj sw\u00f3j kod pocztowy, aby sprawdzi\u0107 koszty wysy\u0142ki.<\/span><\/p>\n<p>&nbsp;<\/p>","protected":false},"featured_media":1578,"comment_status":"open","ping_status":"closed","template":"","meta":{"_uag_custom_page_level_css":"","_lmt_disableupdate":"","_lmt_disable":"","site-sidebar-layout":"default","site-content-layout":"","ast-site-content-layout":"default","site-content-style":"default","site-sidebar-style":"default","ast-global-header-display":"","ast-banner-title-visibility":"","ast-main-header-display":"","ast-hfb-above-header-display":"","ast-hfb-below-header-display":"","ast-hfb-mobile-header-display":"","site-post-title":"","ast-breadcrumbs-content":"","ast-featured-img":"","footer-sml-layout":"","theme-transparent-header-meta":"default","adv-header-id-meta":"","stick-header-meta":"","header-above-stick-meta":"","header-main-stick-meta":"","header-below-stick-meta":"","astra-migrate-meta-layouts":"set","_joinchat":[]},"product_cat":[15,86],"product_tag":[35,33,40],"class_list":["post-1572","product","type-product","status-publish","has-post-thumbnail","hentry","product_cat-vape-shop-wholesale","product_cat-9000-vape","product_tag-rechargeable-disposable-device","product_tag-rgb-light-disposable-vape","product_tag-sidia-vape","desktop-align-left","tablet-align-left","mobile-align-left"],"yoast_head":"<!-- This site is optimized with the Yoast SEO plugin v21.1 - https:\/\/yoast.com\/wordpress\/plugins\/seo\/ -->\n<title>Wholesale VBON 9000 Puffs Disposable Vape 20mg - Vape Wholesale<\/title>\n<meta name=\"description\" content=\"VBON 9000 Puffs is a rechargeable disposable device that contains 18ml e-liquid and an 600mah rechargeble battery\uff0ceach device provide 9000 puffs.\" \/>\n<meta name=\"robots\" content=\"index, follow, max-snippet:-1, max-image-preview:large, max-video-preview:-1\" \/>\n<link rel=\"canonical\" href=\"https:\/\/vapehosale.com\/pl\/product\/vbon-9000-puffs-disposable-vape\/\" \/>\n<meta property=\"og:locale\" content=\"pl_PL\" \/>\n<meta property=\"og:type\" content=\"article\" \/>\n<meta property=\"og:title\" content=\"Wholesale VBON 9000 Puffs Disposable Vape 20mg - Vape Wholesale\" \/>\n<meta property=\"og:description\" content=\"VBON 9000 Puffs is a rechargeable disposable device that contains 18ml e-liquid and an 600mah rechargeble battery\uff0ceach device provide 9000 puffs.\" \/>\n<meta property=\"og:url\" content=\"https:\/\/vapehosale.com\/pl\/product\/vbon-9000-puffs-disposable-vape\/\" \/>\n<meta property=\"og:site_name\" content=\"Vape Wholesale\" \/>\n<meta property=\"article:modified_time\" content=\"2024-10-16T09:20:58+00:00\" \/>\n<meta property=\"og:image\" content=\"https:\/\/vapehosale.com\/wp-content\/uploads\/2023\/09\/Best-sale-VBON-9000-Puffs-Disposable-vape-wholesale-.jpg\" \/>\n\t<meta property=\"og:image:width\" content=\"800\" \/>\n\t<meta property=\"og:image:height\" content=\"800\" \/>\n\t<meta property=\"og:image:type\" content=\"image\/jpeg\" \/>\n<meta name=\"twitter:card\" content=\"summary_large_image\" \/>\n<meta name=\"twitter:label1\" content=\"Szacowany czas czytania\" \/>\n\t<meta name=\"twitter:data1\" content=\"4 minuty\" \/>\n<script type=\"application\/ld+json\" class=\"yoast-schema-graph\">{\"@context\":\"https:\/\/schema.org\",\"@graph\":[{\"@type\":\"WebPage\",\"@id\":\"https:\/\/vapehosale.com\/product\/vbon-9000-puffs-disposable-vape\/\",\"url\":\"https:\/\/vapehosale.com\/product\/vbon-9000-puffs-disposable-vape\/\",\"name\":\"Wholesale VBON 9000 Puffs Disposable Vape 20mg - Vape Wholesale\",\"isPartOf\":{\"@id\":\"https:\/\/vapehosale.com\/#website\"},\"datePublished\":\"2023-09-27T08:09:18+00:00\",\"dateModified\":\"2024-10-16T09:20:58+00:00\",\"description\":\"VBON 9000 Puffs is a rechargeable disposable device that contains 18ml e-liquid and an 600mah rechargeble battery\uff0ceach device provide 9000 puffs.\",\"breadcrumb\":{\"@id\":\"https:\/\/vapehosale.com\/product\/vbon-9000-puffs-disposable-vape\/#breadcrumb\"},\"inLanguage\":\"pl-PL\",\"potentialAction\":[{\"@type\":\"ReadAction\",\"target\":[\"https:\/\/vapehosale.com\/product\/vbon-9000-puffs-disposable-vape\/\"]}]},{\"@type\":\"BreadcrumbList\",\"@id\":\"https:\/\/vapehosale.com\/product\/vbon-9000-puffs-disposable-vape\/#breadcrumb\",\"itemListElement\":[{\"@type\":\"ListItem\",\"position\":1,\"name\":\"Home\",\"item\":\"https:\/\/vapehosale.com\/\"},{\"@type\":\"ListItem\",\"position\":2,\"name\":\"Best Sell Vapes\",\"item\":\"https:\/\/vapehosale.com\/vape-shop\/\"},{\"@type\":\"ListItem\",\"position\":3,\"name\":\"Wholesale VBON 9000 Puffs Disposable Vape 20mg\"}]},{\"@type\":\"WebSite\",\"@id\":\"https:\/\/vapehosale.com\/#website\",\"url\":\"https:\/\/vapehosale.com\/\",\"name\":\"Vape Wholesale\",\"description\":\"Buy Vape Wholesale Price Near you\",\"potentialAction\":[{\"@type\":\"SearchAction\",\"target\":{\"@type\":\"EntryPoint\",\"urlTemplate\":\"https:\/\/vapehosale.com\/?s={search_term_string}\"},\"query-input\":\"required name=search_term_string\"}],\"inLanguage\":\"pl-PL\"}]}<\/script>\n<!-- \/ Yoast SEO plugin. -->","yoast_head_json":{"title":"Wholesale VBON 9000 Puffs Disposable Vape 20mg - Vape Wholesale","description":"VBON 9000 Puffs is a rechargeable disposable device that contains 18ml e-liquid and an 600mah rechargeble battery\uff0ceach device provide 9000 puffs.","robots":{"index":"index","follow":"follow","max-snippet":"max-snippet:-1","max-image-preview":"max-image-preview:large","max-video-preview":"max-video-preview:-1"},"canonical":"https:\/\/vapehosale.com\/pl\/product\/vbon-9000-puffs-disposable-vape\/","og_locale":"pl_PL","og_type":"article","og_title":"Wholesale VBON 9000 Puffs Disposable Vape 20mg - Vape Wholesale","og_description":"VBON 9000 Puffs is a rechargeable disposable device that contains 18ml e-liquid and an 600mah rechargeble battery\uff0ceach device provide 9000 puffs.","og_url":"https:\/\/vapehosale.com\/pl\/product\/vbon-9000-puffs-disposable-vape\/","og_site_name":"Vape Wholesale","article_modified_time":"2024-10-16T09:20:58+00:00","og_image":[{"width":800,"height":800,"url":"https:\/\/vapehosale.com\/wp-content\/uploads\/2023\/09\/Best-sale-VBON-9000-Puffs-Disposable-vape-wholesale-.jpg","type":"image\/jpeg"}],"twitter_card":"summary_large_image","twitter_misc":{"Szacowany czas czytania":"4 minuty"},"schema":{"@context":"https:\/\/schema.org","@graph":[{"@type":"WebPage","@id":"https:\/\/vapehosale.com\/product\/vbon-9000-puffs-disposable-vape\/","url":"https:\/\/vapehosale.com\/product\/vbon-9000-puffs-disposable-vape\/","name":"Wholesale VBON 9000 Puffs Disposable Vape 20mg - Vape Wholesale","isPartOf":{"@id":"https:\/\/vapehosale.com\/#website"},"datePublished":"2023-09-27T08:09:18+00:00","dateModified":"2024-10-16T09:20:58+00:00","description":"VBON 9000 Puffs is a rechargeable disposable device that contains 18ml e-liquid and an 600mah rechargeble battery\uff0ceach device provide 9000 puffs.","breadcrumb":{"@id":"https:\/\/vapehosale.com\/product\/vbon-9000-puffs-disposable-vape\/#breadcrumb"},"inLanguage":"pl-PL","potentialAction":[{"@type":"ReadAction","target":["https:\/\/vapehosale.com\/product\/vbon-9000-puffs-disposable-vape\/"]}]},{"@type":"BreadcrumbList","@id":"https:\/\/vapehosale.com\/product\/vbon-9000-puffs-disposable-vape\/#breadcrumb","itemListElement":[{"@type":"ListItem","position":1,"name":"Home","item":"https:\/\/vapehosale.com\/"},{"@type":"ListItem","position":2,"name":"Best Sell Vapes","item":"https:\/\/vapehosale.com\/vape-shop\/"},{"@type":"ListItem","position":3,"name":"Wholesale VBON 9000 Puffs Disposable Vape 20mg"}]},{"@type":"WebSite","@id":"https:\/\/vapehosale.com\/#website","url":"https:\/\/vapehosale.com\/","name":"Vape Wholesale","description":"Buy Vape Wholesale Price Near you","potentialAction":[{"@type":"SearchAction","target":{"@type":"EntryPoint","urlTemplate":"https:\/\/vapehosale.com\/?s={search_term_string}"},"query-input":"required name=search_term_string"}],"inLanguage":"pl-PL"}]}},"uagb_featured_image_src":{"full":["https:\/\/vapehosale.com\/wp-content\/uploads\/2023\/09\/Best-sale-VBON-9000-Puffs-Disposable-vape-wholesale-.jpg",800,800,false],"thumbnail":["https:\/\/vapehosale.com\/wp-content\/uploads\/2023\/09\/Best-sale-VBON-9000-Puffs-Disposable-vape-wholesale--150x150.jpg",150,150,true],"medium":["https:\/\/vapehosale.com\/wp-content\/uploads\/2023\/09\/Best-sale-VBON-9000-Puffs-Disposable-vape-wholesale--300x300.jpg",300,300,true],"medium_large":["https:\/\/vapehosale.com\/wp-content\/uploads\/2023\/09\/Best-sale-VBON-9000-Puffs-Disposable-vape-wholesale--768x768.jpg",768,768,true],"large":["https:\/\/vapehosale.com\/wp-content\/uploads\/2023\/09\/Best-sale-VBON-9000-Puffs-Disposable-vape-wholesale-.jpg",800,800,false],"1536x1536":["https:\/\/vapehosale.com\/wp-content\/uploads\/2023\/09\/Best-sale-VBON-9000-Puffs-Disposable-vape-wholesale-.jpg",800,800,false],"2048x2048":["https:\/\/vapehosale.com\/wp-content\/uploads\/2023\/09\/Best-sale-VBON-9000-Puffs-Disposable-vape-wholesale-.jpg",800,800,false],"trp-custom-language-flag":["https:\/\/vapehosale.com\/wp-content\/uploads\/2023\/09\/Best-sale-VBON-9000-Puffs-Disposable-vape-wholesale-.jpg",12,12,false],"woocommerce_thumbnail":["https:\/\/vapehosale.com\/wp-content\/uploads\/2023\/09\/Best-sale-VBON-9000-Puffs-Disposable-vape-wholesale--300x300.jpg",300,300,true],"woocommerce_single":["https:\/\/vapehosale.com\/wp-content\/uploads\/2023\/09\/Best-sale-VBON-9000-Puffs-Disposable-vape-wholesale--600x600.jpg",600,600,true],"woocommerce_gallery_thumbnail":["https:\/\/vapehosale.com\/wp-content\/uploads\/2023\/09\/Best-sale-VBON-9000-Puffs-Disposable-vape-wholesale--100x100.jpg",100,100,true],"wcpr-photo-reviews":["https:\/\/vapehosale.com\/wp-content\/uploads\/2023\/09\/Best-sale-VBON-9000-Puffs-Disposable-vape-wholesale-.jpg",500,500,false]},"uagb_author_info":{"display_name":"Vicky hosale","author_link":"https:\/\/vapehosale.com\/pl\/author\/"},"uagb_comment_info":0,"uagb_excerpt":"VBON 9000 Puffs Disposable Kit use type-c to recharge,each device contain 600mah battery and 18ml oil, you can use it any where, but not public places, contact vicky for wholesale order, min order only need 100pcs NOTE: The website price does not include shipping costs. Please provide your postcode to check about shipping costs. &nbsp;","_links":{"self":[{"href":"https:\/\/vapehosale.com\/pl\/wp-json\/wp\/v2\/product\/1572","targetHints":{"allow":["GET"]}}],"collection":[{"href":"https:\/\/vapehosale.com\/pl\/wp-json\/wp\/v2\/product"}],"about":[{"href":"https:\/\/vapehosale.com\/pl\/wp-json\/wp\/v2\/types\/product"}],"replies":[{"embeddable":true,"href":"https:\/\/vapehosale.com\/pl\/wp-json\/wp\/v2\/comments?post=1572"}],"wp:featuredmedia":[{"embeddable":true,"href":"https:\/\/vapehosale.com\/pl\/wp-json\/wp\/v2\/media\/1578"}],"wp:attachment":[{"href":"https:\/\/vapehosale.com\/pl\/wp-json\/wp\/v2\/media?parent=1572"}],"wp:term":[{"taxonomy":"product_cat","embeddable":true,"href":"https:\/\/vapehosale.com\/pl\/wp-json\/wp\/v2\/product_cat?post=1572"},{"taxonomy":"product_tag","embeddable":true,"href":"https:\/\/vapehosale.com\/pl\/wp-json\/wp\/v2\/product_tag?post=1572"}],"curies":[{"name":"wp","href":"https:\/\/api.w.org\/{rel}","templated":true}]}}