{"id":6725,"date":"2026-05-11T03:55:42","date_gmt":"2026-05-11T03:55:42","guid":{"rendered":"https:\/\/vapehosale.com\/?post_type=product&#038;p=6725"},"modified":"2026-05-11T09:36:42","modified_gmt":"2026-05-11T09:36:42","slug":"vapme-digital-box-50000-puffs-disposable-vape","status":"publish","type":"product","link":"https:\/\/vapehosale.com\/lv\/product\/vapme-digital-box-50000-puffs-disposable-vape\/","title":{"rendered":"Vapme Digital Box 50K Puffs vienreiz\u0113jais veips"},"content":{"rendered":"<h2>P\u0101rsp\u0113j robe\u017eas: l\u012bdz pat 50000 vilcienu nep\u0101rsp\u0113jama veiktsp\u0113ja<\/h2>\n<p data-start=\"117\" data-end=\"386\">Vapme Digital Box 50K Puffs ir vair\u0101k nek\u0101 tikai vienreiz\u0113jais vapes. Tas ir jauns etalons \u012bpa\u0161i ilgsto\u0161ai vapo\u0161anas veiktsp\u0113jai. Apr\u012bkots ar modernu e-\u0161\u0137idruma kontroles sist\u0113mu, \u0161\u012b augstas ietilp\u012bbas ier\u012bce nodro\u0161ina l\u012bdz pat 50 000 gludu un arom\u0101tisku vilcienu.<\/p>\n<p data-start=\"388\" data-end=\"584\">Neatkar\u012bgi no t\u0101, vai ce\u013cojat, p\u0101rvietojaties vai lietojat Vapme Digital Box 50K Vape visas dienas garum\u0101, Vapme Digital Box 50K ir izstr\u0101d\u0101ts t\u0101, lai kalpotu ned\u0113\u013c\u0101m vai pat m\u0113ne\u0161iem, nov\u0113r\u0161ot bie\u017eas nomai\u0146as nepiecie\u0161am\u012bbu.<br \/>\n<img decoding=\"async\" class=\"alignnone size-full wp-image-6723\" src=\"https:\/\/vapehosale.com\/wp-content\/uploads\/2026\/05\/Best-Vapme-Digital-Box-50k-flavors-list.webp\" alt=\"Lab\u0101ko Vapme Digital Box 50k gar\u0161u saraksts\" width=\"1000\" height=\"666\" srcset=\"https:\/\/vapehosale.com\/wp-content\/uploads\/2026\/05\/Best-Vapme-Digital-Box-50k-flavors-list.webp 1000w, https:\/\/vapehosale.com\/wp-content\/uploads\/2026\/05\/Best-Vapme-Digital-Box-50k-flavors-list-300x200.webp 300w, https:\/\/vapehosale.com\/wp-content\/uploads\/2026\/05\/Best-Vapme-Digital-Box-50k-flavors-list-768x511.webp 768w, https:\/\/vapehosale.com\/wp-content\/uploads\/2026\/05\/Best-Vapme-Digital-Box-50k-flavors-list-18x12.webp 18w, https:\/\/vapehosale.com\/wp-content\/uploads\/2026\/05\/Best-Vapme-Digital-Box-50k-flavors-list-600x400.webp 600w\" sizes=\"(max-width: 1000px) 100vw, 1000px\" \/><\/p>\n<h3 data-start=\"388\" data-end=\"584\">vapme digital box 50k Tehnisk\u0101 specifik\u0101cija<\/h3>\n<table>\n<thead>\n<tr>\n<th>Specifik\u0101cija<\/th>\n<th>S\u012bk\u0101ka inform\u0101cija<\/th>\n<\/tr>\n<\/thead>\n<tbody>\n<tr>\n<td>Z\u012bmols<\/td>\n<td>Vapme<\/td>\n<\/tr>\n<tr>\n<td>Modelis<\/td>\n<td>Digit\u0101l\u0101 Kast\u012bte 50000<\/td>\n<\/tr>\n<tr>\n<td>Dvesmu skaits<\/td>\n<td>L\u012bdz pat 50 000 vilcienu<\/td>\n<\/tr>\n<tr>\n<td>Nikot\u012bna stiprums<\/td>\n<td>\u00a02%, 5% nikot\u012bna s\u0101ls<\/td>\n<\/tr>\n<tr>\n<td>E-\u0161\u0137idruma ietilp\u012bba<\/td>\n<td>Liels iepriek\u0161 piepild\u012bts e-\u0161\u0137idruma rezervu\u0101rs<\/td>\n<\/tr>\n<tr>\n<td>Akumulatora ietilp\u012bba<\/td>\n<td>650mAh t\u012bra kobalta uzl\u0101d\u0113jams akumulators<\/td>\n<\/tr>\n<tr>\n<td>L\u0101d\u0113\u0161anas ports<\/td>\n<td>USB Type-C \u0101tr\u0101 uzl\u0101de<\/td>\n<\/tr>\n<tr>\n<td>Spir\u0101les tips<\/td>\n<td>1.0\u03a9 dubult\u0101 t\u012bkla spole<\/td>\n<\/tr>\n<tr>\n<td>Displejs<\/td>\n<td>LED digit\u0101lais ekr\u0101ns<\/td>\n<\/tr>\n<tr>\n<td>Vape stils<\/td>\n<td>MTL (no mutes plau\u0161\u0101s)<\/td>\n<\/tr>\n<\/tbody>\n<\/table>\n<h3>Vapme Digital Box 50K Puffs Gar\u0161u saraksts<\/h3>\n<p>1. Melle\u0146u-ave\u0146u ledus<br \/>\n2. \u0136ir\u0161u ledus<br \/>\n3.Kivi Marakujas Gvava<br \/>\n4. Zeme\u0146u ledus<br \/>\n5.Zeme\u0146u kivi<br \/>\n6.Zeme\u0146u Red Bull<br \/>\n7.Zeme\u0146u arb\u016bzs<br \/>\n8.Arb\u016bzu ledus<br \/>\n9. Sul\u012bgs persiku ledus<br \/>\n10. M\u012blest\u012bba 66<br \/>\n11. Persiks, mango, anan\u0101ss<br \/>\n12. Zil\u0101 ave\u0146u limon\u0101de<br \/>\n13. \u0136ir\u0161u kola<br \/>\n14. Tropisko aug\u013cu pun\u0161s<br \/>\n15. Tr\u012bsk\u0101r\u0161s arb\u016bzu ledus<br \/>\n16. Zeme\u0146u-ban\u0101nu piena kokteilis<br \/>\n17. Kungs Zilais<br \/>\n18.Zeme\u0146u ave\u0146u konfektes<br \/>\n19. Arb\u016bzu kivi ledus<br \/>\n20. Mellenes, dz\u0113rvenes, \u0137ir\u0161i<\/p>\n<h3><a href=\"https:\/\/vapehosale.com\/lv\/product-category\/vapme-vape\/\"><strong class=\"Yjhzub\" data-sfc-root=\"c\" data-sfc-cb=\"\" data-complete=\"true\">Vapme vienreiz\u0113j\u0101s lieto\u0161anas veips vairumtirdzniec\u012bba <\/strong><\/a>Vairumtirgot\u0101ja kontakti<\/h3>\n<p>\u2709\ufe0f E-pasts: vicky@essenvape.com<br \/>\n\ud83d\udcde WhatsApp\/T\u0101lru\u0146a numurs: <a href=\"https:\/\/wa.me\/8618077105750\">+8618077105750<\/a><br \/>\n\ud83d\udd58 Darba laiks: 9:00 \u2013 18:00<br \/>\n\ud83d\udccd Atra\u0161an\u0101s vieta: R\u012bga<\/p>\n<p>\u2705Vairumtirgot\u0101ji un tirgot\u0101ji ir laipni aicin\u0101ti piel\u0101got pas\u016bt\u012bjumus<br \/>\n\u2705Nodro\u0161iniet augst\u0101k\u0101s kvalit\u0101tes produktus un profesion\u0101l\u0101kos pakalpojumus.<\/p>\n<p><img decoding=\"async\" class=\"alignnone size-full wp-image-2638\" src=\"https:\/\/vapehosale.com\/wp-content\/uploads\/2023\/09\/885301ea6f5e0b91f5ab2b1c85e665c.png\" alt=\"RandM r\u016bpn\u012bca\" width=\"670\" height=\"658\" srcset=\"https:\/\/vapehosale.com\/wp-content\/uploads\/2023\/09\/885301ea6f5e0b91f5ab2b1c85e665c.png 670w, https:\/\/vapehosale.com\/wp-content\/uploads\/2023\/09\/885301ea6f5e0b91f5ab2b1c85e665c-300x295.png 300w, https:\/\/vapehosale.com\/wp-content\/uploads\/2023\/09\/885301ea6f5e0b91f5ab2b1c85e665c-600x589.png 600w\" sizes=\"(max-width: 670px) 100vw, 670px\" \/><\/p>\n<h2 data-start=\"2346\" data-end=\"2384\">K\u0101p\u0113c izv\u0113l\u0113ties Vapme 50K viedo displeja veipu?<\/h2>\n<ol data-start=\"2386\" data-end=\"2653\">\n<li data-start=\"2386\" data-end=\"2423\">L\u012bdz pat 50 000 vilcieniem ilgsto\u0161ai lieto\u0161anai<\/li>\n<li data-start=\"2424\" data-end=\"2478\">Viedais LED ekr\u0101ns akumulatora un e-\u0161\u0137idruma uzraudz\u012bbai<\/li>\n<li data-start=\"2479\" data-end=\"2524\">Divk\u0101r\u0161s sieta spir\u0101le izcilai gar\u0161as nodo\u0161anai<\/li>\n<li data-start=\"2525\" data-end=\"2575\">Uzlad\u0113jams 650mAh akumulators ar Type-C uzl\u0101di<\/li>\n<li data-start=\"2576\" data-end=\"2612\">Da\u017e\u0101das nikot\u012bna stipruma iesp\u0113jas<\/li>\n<li data-start=\"2613\" data-end=\"2653\">Kompakts dizains ar augst\u0101k\u0101s kvalit\u0101tes ergonomiku<\/li>\n<\/ol>\n<h3><strong>Iepakojuma saturs:<\/strong><\/h3>\n<p>1 x Solaris 30k puffs vienreizlietojama vape Don Leon 1942<\/p>\n<h2 data-start=\"591\" data-end=\"649\">Viedais digit\u0101lais displejs: re\u0101llaika uzraudz\u012bba vien\u0101 acu uzmetien\u0101<\/h2>\n<p data-start=\"651\" data-end=\"762\">Vapme Box Style 50000 vilcienu integr\u0113tais augstas iz\u0161\u0137irtsp\u0113jas digit\u0101lais ekr\u0101ns sniedz jums piln\u012bgu kontroli p\u0101r veipo\u0161anas pieredzi, att\u0113lojot:<\/p>\n<ol data-start=\"764\" data-end=\"818\">\n<li data-start=\"764\" data-end=\"791\">E-\u0161\u0137idruma l\u012bme\u0146a procentu\u0101l\u0101 da\u013ca<\/li>\n<li data-start=\"792\" data-end=\"818\">Akumulatora l\u012bme\u0146a procentu\u0101l\u0101 da\u013ca<\/li>\n<\/ol>\n<p data-start=\"820\" data-end=\"916\">Ar prec\u012bziem re\u0101llaika datiem j\u016bs vienm\u0113r zin\u0101t, kad ir pien\u0101cis laiks uzl\u0101d\u0113t vai nomain\u012bt ier\u012bci.<\/p>\n<h2 data-start=\"923\" data-end=\"980\">Divu sietu spir\u0101\u013cu tehnolo\u0123ija: uzlabota gar\u0161as vienm\u0113r\u012bba<\/h2>\n<p data-start=\"982\" data-end=\"1086\">Vapme Dual Mesh 50000 Puffs Vape ir apr\u012bkots ar 1,0\u03a9 divu sietu spir\u0101\u013cu sist\u0113mu, kas izstr\u0101d\u0101ta \u0101trai un vienm\u0113r\u012bgai uzsild\u012b\u0161anai.<\/p>\n<p data-start=\"1088\" data-end=\"1219\">Sal\u012bdzinot ar tradicion\u0101lajiem viena spir\u0101les dizainiem, dubult\u0101 sieta strukt\u016bra palielina atomiz\u0101cijas efektivit\u0101ti l\u012bdz pat 50%, k\u0101 rezult\u0101t\u0101:<\/p>\n<ol data-start=\"1221\" data-end=\"1358\">\n<li data-start=\"1221\" data-end=\"1248\">Sp\u0113c\u012bg\u0101ka gar\u0161as intensit\u0101te<\/li>\n<li data-start=\"1249\" data-end=\"1276\">Vienm\u0113r\u012bg\u0101ka tvaika ra\u017eo\u0161ana<\/li>\n<li data-start=\"1277\" data-end=\"1306\">Vienm\u0113r\u012bg\u0101ka veiktsp\u0113ja<\/li>\n<li data-start=\"1307\" data-end=\"1358\">Uzlabota gar\u0161as notur\u012bba no pirm\u0101 l\u012bdz p\u0113d\u0113jam vilcienam<\/li>\n<\/ol>\n<p data-start=\"1360\" data-end=\"1448\">No saldiem aug\u013cu mais\u012bjumiem l\u012bdz ledainiem mentola profiliem katrs vilciens saglab\u0101jas bag\u0101t\u012bgs un l\u012bdzsvarots.<\/p>\n<h2 data-start=\"1455\" data-end=\"1491\">Ergonomisks un p\u0101rn\u0113s\u0101jams kast\u012btes dizains<\/h2>\n<p data-start=\"1493\" data-end=\"1598\">Neskatoties uz lielo vilcienu ietilp\u012bbu, Vapme Box Style 50000 Puffs saglab\u0101 kompaktu un \u0113rtu formu.<\/p>\n<p data-start=\"1600\" data-end=\"1628\">Galvenie dizaina ieguvumi ietver:<\/p>\n<ul data-start=\"1630\" data-end=\"1759\">\n<li data-start=\"1630\" data-end=\"1658\">Nesl\u012bdo\u0161s, tekstur\u0113ts \u0101r\u0113jais p\u0101rkl\u0101jums<\/li>\n<li data-start=\"1659\" data-end=\"1688\">\u0112rts plakans iemutis<\/li>\n<li data-start=\"1689\" data-end=\"1716\">Kabatai draudz\u012bga kast\u012btes forma<\/li>\n<li data-start=\"1717\" data-end=\"1759\">Optimiz\u0113ts vilk\u0161anai no mutes uz plau\u0161\u0101m (MTL)<\/li>\n<\/ul>\n<p data-start=\"1761\" data-end=\"1833\">Vapme Smart Display vienreizlietojam\u0101 e-cigarete rok\u0101 j\u016btas dro\u0161i un ir \u0113rta ilgsto\u0161ai lieto\u0161anai.<\/p>\n<p>Sazinieties, lai sa\u0146emtu produktu katalogu:<a href=\"https:\/\/wa.me\/8618077105750\">iep\u0113rcies tagad p\u0101rbaudi visas vairumtirdzniec\u012bbas cenas<\/a><br \/>\nCitas vislab\u0101k p\u0101rdot\u0101s vape, kas jums var\u0113tu b\u016bt nepiecie\u0161amas<\/p>\n<p><a href=\"https:\/\/vapehosale.com\/lv\/product-category\/vapme-vape\/\">Vapme Vape tuvum\u0101\ud83d\udc48\ud83c\udffb<\/a><br \/>\n<a href=\"https:\/\/vapehosale.com\/lv\/product-category\/wholesale-50k-puffs-disposable-vape\/\"><strong class=\"Yjhzub\" data-sfc-root=\"c\" data-sfc-cb=\"\" data-complete=\"true\">Vienreizlietojam\u0101 Vape 50000 vilcieni<\/strong><\/a><\/p>\n<p><a href=\"https:\/\/vapehosale.com\/lv\/product-category\/disposable-vape-in-european-warehouse\/\">ieg\u016bstiet ES noliktavas vienreiz\u0113j\u0101s lieto\u0161anas vape katalogu \u0161eit\ud83d\udc48\ud83c\udffb<\/a><\/p>\n<h4>pieg\u0101des laiks:<\/h4>\n<p>pieg\u0101de no noliktavas \u0136\u012bn\u0101<\/p>\n<p>1.Ra\u017eo\u0161anas laiks: nos\u016bt\u012b\u0161ana 5 darba dienu laik\u0101 (p\u0113c maks\u0101juma sa\u0146em\u0161anas)<\/p>\n<p>2.Pieg\u0101des laiks: 10-14 dienas (Sv\u0113tku dienu un muitas p\u0101rbaudes gad\u012bjum\u0101 pieg\u0101des laiks var tikt aizkav\u0113ts.)<\/p>\n<h4>Apmaksas metodes:<\/h4>\n<p>1.bankas p\u0101rskait\u012bjums\/western union\/wise\/revolut\/postepay \u2705<span style=\"color: #ff0000\"><span class=\"x1rg5ohu x16dsc37 x19la9d6 x1fc57z9 x6ikm8r x10wlt62 x19co3pv x11tp94h xw4jnvo x1qx5ct2 xfibh0p xiy17q3 x1xsqp64 x1lkfr7t xexx8yu xyri2b x18d9i69 x1c1uobl\"><span class=\"xrtxmta x1bhl96m\"><br \/>\n<\/span><\/span><\/span><span class=\"x1rg5ohu x16dsc37 x19la9d6 x1fc57z9 x6ikm8r x10wlt62 x19co3pv x11tp94h xw4jnvo x1qx5ct2 xfibh0p xiy17q3 x1xsqp64 x1lkfr7t xexx8yu xyri2b x18d9i69 x1c1uobl\"><span class=\"xrtxmta x1bhl96m\">2.<\/span><\/span><span class=\"x1rg5ohu x16dsc37 x19la9d6 x1fc57z9 x6ikm8r x10wlt62 x19co3pv x11tp94h xw4jnvo x1qx5ct2 xfibh0p xiy17q3 x1xsqp64 x1lkfr7t xexx8yu xyri2b x18d9i69 x1c1uobl\"><span class=\"xrtxmta x1bhl96m\">r\u0113\u0137ins sniegts<br \/>\nproforma r\u0113\u0137ins\u27a1\ufe0fuz\u0146\u0113muma bankas konts\u27a1\ufe0fr\u0113\u0137inu inform\u0101cija<br \/>\n3.neatbalsta <span style=\"color: #ff0000\">skaidr\u0101 naud\u0101 pieg\u0101des br\u012bd\u012b<\/span> j\u0101\u274c<br \/>\n<\/span><\/span><\/p>\n<p>Visi produkti m\u016bsu veikal\u0101 ir 100% ori\u0123in\u0101li un autentiski, t\u0101p\u0113c desmitk\u0101r\u0161a kompens\u0101cija par viltot\u0101m prec\u0113m ir m\u016bsu veikala politika.<\/p>\n<h5><span style=\"color: #ff0000\">Minim\u0101lais pas\u016bt\u012bjums 50 gab.<\/span><\/h5>","protected":false},"excerpt":{"rendered":"<p data-start=\"2414\" data-end=\"2672\">Vapme Digital Box 50000 Puffs ir augstas ietilp\u012bbas vienreiz\u0113jais vapes, kas paredz\u0113ts lietot\u0101jiem, kuri v\u0113las maksim\u0101lu iztur\u012bbu un augst\u0101k\u0101s klases veiktsp\u0113ju. Tas ir apr\u012bkots ar gudru LED displeju, kas re\u0101llaik\u0101 r\u0101da akumulatora un e-\u0161\u0137idruma l\u012bmeni, 1.0\u03a9 dubulto sietu spir\u0101li, kas nodro\u0161ina izcilu gar\u0161as vienm\u0113r\u012bbu, un 650mAh uzl\u0101d\u0113jamu akumulatoru ar Type-C \u0101tro uzl\u0101di. Pieejams ar 2% un 5% nikot\u012bna stiprumu, \u0161\u012b ier\u012bce nodro\u0161ina l\u012bdz pat 50 000 vilcienu kompakt\u0101 un ergonomisk\u0101 kast\u012btes dizain\u0101.<br \/>\n<span style=\"color: #ff0000\">(vietnes cena neietver pieg\u0101des izmaksas)<\/span><\/p>\n<p><span style=\"color: #ff0000\">MOQ:50gb, sazinieties ar Vicky par vozol vairumtirdzniec\u012bbas katalogu tagad<\/span><\/p>\n<p><img decoding=\"async\" class=\"alignnone size-medium wp-image-2638\" src=\"https:\/\/vapehosale.com\/wp-content\/uploads\/2023\/09\/885301ea6f5e0b91f5ab2b1c85e665c-300x295.png\" alt=\"RandM r\u016bpn\u012bca\" width=\"300\" height=\"295\" srcset=\"https:\/\/vapehosale.com\/wp-content\/uploads\/2023\/09\/885301ea6f5e0b91f5ab2b1c85e665c-300x295.png 300w, https:\/\/vapehosale.com\/wp-content\/uploads\/2023\/09\/885301ea6f5e0b91f5ab2b1c85e665c-600x589.png 600w, https:\/\/vapehosale.com\/wp-content\/uploads\/2023\/09\/885301ea6f5e0b91f5ab2b1c85e665c.png 670w\" sizes=\"(max-width: 300px) 100vw, 300px\" \/><\/p>\n<p>&nbsp;<\/p>","protected":false},"featured_media":6719,"comment_status":"open","ping_status":"closed","template":"","meta":{"_uag_custom_page_level_css":"","_lmt_disableupdate":"no","_lmt_disable":"","site-sidebar-layout":"default","site-content-layout":"","ast-site-content-layout":"default","site-content-style":"default","site-sidebar-style":"default","ast-global-header-display":"","ast-banner-title-visibility":"","ast-main-header-display":"","ast-hfb-above-header-display":"","ast-hfb-below-header-display":"","ast-hfb-mobile-header-display":"","site-post-title":"","ast-breadcrumbs-content":"","ast-featured-img":"","footer-sml-layout":"","theme-transparent-header-meta":"default","adv-header-id-meta":"","stick-header-meta":"","header-above-stick-meta":"","header-main-stick-meta":"","header-below-stick-meta":"","astra-migrate-meta-layouts":"set","_joinchat":[]},"product_cat":[98,41,55,15,137],"product_tag":[35,53],"class_list":["post-6725","product","type-product","status-publish","has-post-thumbnail","hentry","product_cat-wholesale-50k-puffs-disposable-vape","product_cat-europe-hot-sale-vape","product_cat-minimum-order-quantity-50pcs","product_cat-vape-shop-wholesale","product_cat-vapme-vape","product_tag-rechargeable-disposable-device","product_tag-vapme-vape","desktop-align-left","tablet-align-left","mobile-align-left"],"yoast_head":"<!-- This site is optimized with the Yoast SEO plugin v21.1 - https:\/\/yoast.com\/wordpress\/plugins\/seo\/ -->\n<title>Vapme Digital Box 50K Puffs Disposable Vape - Vape Wholesale<\/title>\n<meta name=\"description\" content=\"Buy Vapme Digital Box 50000 Puffs with a smart LED display, dual mesh coil, 650mAh rechargeable battery, and Type-C charging for long-lasting flavor.\" \/>\n<meta name=\"robots\" content=\"index, follow, max-snippet:-1, max-image-preview:large, max-video-preview:-1\" \/>\n<link rel=\"canonical\" href=\"https:\/\/vapehosale.com\/lv\/product\/vapme-digital-box-50000-puffs-disposable-vape\/\" \/>\n<meta property=\"og:locale\" content=\"lv_LV\" \/>\n<meta property=\"og:type\" content=\"article\" \/>\n<meta property=\"og:title\" content=\"Vapme Digital Box 50K Puffs Disposable Vape - Vape Wholesale\" \/>\n<meta property=\"og:description\" content=\"Buy Vapme Digital Box 50000 Puffs with a smart LED display, dual mesh coil, 650mAh rechargeable battery, and Type-C charging for long-lasting flavor.\" \/>\n<meta property=\"og:url\" content=\"https:\/\/vapehosale.com\/lv\/product\/vapme-digital-box-50000-puffs-disposable-vape\/\" \/>\n<meta property=\"og:site_name\" content=\"Vape Wholesale\" \/>\n<meta property=\"article:modified_time\" content=\"2026-05-11T09:36:42+00:00\" \/>\n<meta property=\"og:image\" content=\"https:\/\/vapehosale.com\/wp-content\/uploads\/2026\/05\/Vapme-Digital-Box-50k-bulk-buy-discounts.webp\" \/>\n\t<meta property=\"og:image:width\" content=\"1000\" \/>\n\t<meta property=\"og:image:height\" content=\"1000\" \/>\n\t<meta property=\"og:image:type\" content=\"image\/webp\" \/>\n<meta name=\"twitter:card\" content=\"summary_large_image\" \/>\n<meta name=\"twitter:label1\" content=\"Est. reading time\" \/>\n\t<meta name=\"twitter:data1\" content=\"3 min\u016btes\" \/>\n<script type=\"application\/ld+json\" class=\"yoast-schema-graph\">{\"@context\":\"https:\/\/schema.org\",\"@graph\":[{\"@type\":\"WebPage\",\"@id\":\"https:\/\/vapehosale.com\/product\/vapme-digital-box-50000-puffs-disposable-vape\/\",\"url\":\"https:\/\/vapehosale.com\/product\/vapme-digital-box-50000-puffs-disposable-vape\/\",\"name\":\"Vapme Digital Box 50K Puffs Disposable Vape - Vape Wholesale\",\"isPartOf\":{\"@id\":\"https:\/\/vapehosale.com\/#website\"},\"datePublished\":\"2026-05-11T03:55:42+00:00\",\"dateModified\":\"2026-05-11T09:36:42+00:00\",\"description\":\"Buy Vapme Digital Box 50000 Puffs with a smart LED display, dual mesh coil, 650mAh rechargeable battery, and Type-C charging for long-lasting flavor.\",\"breadcrumb\":{\"@id\":\"https:\/\/vapehosale.com\/product\/vapme-digital-box-50000-puffs-disposable-vape\/#breadcrumb\"},\"inLanguage\":\"lv-LV\",\"potentialAction\":[{\"@type\":\"ReadAction\",\"target\":[\"https:\/\/vapehosale.com\/product\/vapme-digital-box-50000-puffs-disposable-vape\/\"]}]},{\"@type\":\"BreadcrumbList\",\"@id\":\"https:\/\/vapehosale.com\/product\/vapme-digital-box-50000-puffs-disposable-vape\/#breadcrumb\",\"itemListElement\":[{\"@type\":\"ListItem\",\"position\":1,\"name\":\"Home\",\"item\":\"https:\/\/vapehosale.com\/\"},{\"@type\":\"ListItem\",\"position\":2,\"name\":\"Best Sell Vapes\",\"item\":\"https:\/\/vapehosale.com\/vape-shop\/\"},{\"@type\":\"ListItem\",\"position\":3,\"name\":\"Vapme Digital Box 50K Puffs Disposable Vape\"}]},{\"@type\":\"WebSite\",\"@id\":\"https:\/\/vapehosale.com\/#website\",\"url\":\"https:\/\/vapehosale.com\/\",\"name\":\"Vape Wholesale\",\"description\":\"Buy Vape Wholesale Price Near you\",\"potentialAction\":[{\"@type\":\"SearchAction\",\"target\":{\"@type\":\"EntryPoint\",\"urlTemplate\":\"https:\/\/vapehosale.com\/?s={search_term_string}\"},\"query-input\":\"required name=search_term_string\"}],\"inLanguage\":\"lv-LV\"}]}<\/script>\n<!-- \/ Yoast SEO plugin. -->","yoast_head_json":{"title":"Vapme Digital Box 50K Puffs Disposable Vape - Vape Wholesale","description":"Buy Vapme Digital Box 50000 Puffs with a smart LED display, dual mesh coil, 650mAh rechargeable battery, and Type-C charging for long-lasting flavor.","robots":{"index":"index","follow":"follow","max-snippet":"max-snippet:-1","max-image-preview":"max-image-preview:large","max-video-preview":"max-video-preview:-1"},"canonical":"https:\/\/vapehosale.com\/lv\/product\/vapme-digital-box-50000-puffs-disposable-vape\/","og_locale":"lv_LV","og_type":"article","og_title":"Vapme Digital Box 50K Puffs Disposable Vape - Vape Wholesale","og_description":"Buy Vapme Digital Box 50000 Puffs with a smart LED display, dual mesh coil, 650mAh rechargeable battery, and Type-C charging for long-lasting flavor.","og_url":"https:\/\/vapehosale.com\/lv\/product\/vapme-digital-box-50000-puffs-disposable-vape\/","og_site_name":"Vape Wholesale","article_modified_time":"2026-05-11T09:36:42+00:00","og_image":[{"width":1000,"height":1000,"url":"https:\/\/vapehosale.com\/wp-content\/uploads\/2026\/05\/Vapme-Digital-Box-50k-bulk-buy-discounts.webp","type":"image\/webp"}],"twitter_card":"summary_large_image","twitter_misc":{"Est. reading time":"3 min\u016btes"},"schema":{"@context":"https:\/\/schema.org","@graph":[{"@type":"WebPage","@id":"https:\/\/vapehosale.com\/product\/vapme-digital-box-50000-puffs-disposable-vape\/","url":"https:\/\/vapehosale.com\/product\/vapme-digital-box-50000-puffs-disposable-vape\/","name":"Vapme Digital Box 50K Puffs Disposable Vape - Vape Wholesale","isPartOf":{"@id":"https:\/\/vapehosale.com\/#website"},"datePublished":"2026-05-11T03:55:42+00:00","dateModified":"2026-05-11T09:36:42+00:00","description":"Buy Vapme Digital Box 50000 Puffs with a smart LED display, dual mesh coil, 650mAh rechargeable battery, and Type-C charging for long-lasting flavor.","breadcrumb":{"@id":"https:\/\/vapehosale.com\/product\/vapme-digital-box-50000-puffs-disposable-vape\/#breadcrumb"},"inLanguage":"lv-LV","potentialAction":[{"@type":"ReadAction","target":["https:\/\/vapehosale.com\/product\/vapme-digital-box-50000-puffs-disposable-vape\/"]}]},{"@type":"BreadcrumbList","@id":"https:\/\/vapehosale.com\/product\/vapme-digital-box-50000-puffs-disposable-vape\/#breadcrumb","itemListElement":[{"@type":"ListItem","position":1,"name":"Home","item":"https:\/\/vapehosale.com\/"},{"@type":"ListItem","position":2,"name":"Best Sell Vapes","item":"https:\/\/vapehosale.com\/vape-shop\/"},{"@type":"ListItem","position":3,"name":"Vapme Digital Box 50K Puffs Disposable Vape"}]},{"@type":"WebSite","@id":"https:\/\/vapehosale.com\/#website","url":"https:\/\/vapehosale.com\/","name":"Vape Wholesale","description":"Buy Vape Wholesale Price Near you","potentialAction":[{"@type":"SearchAction","target":{"@type":"EntryPoint","urlTemplate":"https:\/\/vapehosale.com\/?s={search_term_string}"},"query-input":"required name=search_term_string"}],"inLanguage":"lv-LV"}]}},"uagb_featured_image_src":{"full":["https:\/\/vapehosale.com\/wp-content\/uploads\/2026\/05\/Vapme-Digital-Box-50k-bulk-buy-discounts.webp",1000,1000,false],"thumbnail":["https:\/\/vapehosale.com\/wp-content\/uploads\/2026\/05\/Vapme-Digital-Box-50k-bulk-buy-discounts-150x150.webp",150,150,true],"medium":["https:\/\/vapehosale.com\/wp-content\/uploads\/2026\/05\/Vapme-Digital-Box-50k-bulk-buy-discounts-300x300.webp",300,300,true],"medium_large":["https:\/\/vapehosale.com\/wp-content\/uploads\/2026\/05\/Vapme-Digital-Box-50k-bulk-buy-discounts-768x768.webp",768,768,true],"large":["https:\/\/vapehosale.com\/wp-content\/uploads\/2026\/05\/Vapme-Digital-Box-50k-bulk-buy-discounts.webp",1000,1000,false],"1536x1536":["https:\/\/vapehosale.com\/wp-content\/uploads\/2026\/05\/Vapme-Digital-Box-50k-bulk-buy-discounts.webp",1000,1000,false],"2048x2048":["https:\/\/vapehosale.com\/wp-content\/uploads\/2026\/05\/Vapme-Digital-Box-50k-bulk-buy-discounts.webp",1000,1000,false],"trp-custom-language-flag":["https:\/\/vapehosale.com\/wp-content\/uploads\/2026\/05\/Vapme-Digital-Box-50k-bulk-buy-discounts-12x12.webp",12,12,true],"woocommerce_thumbnail":["https:\/\/vapehosale.com\/wp-content\/uploads\/2026\/05\/Vapme-Digital-Box-50k-bulk-buy-discounts-300x300.webp",300,300,true],"woocommerce_single":["https:\/\/vapehosale.com\/wp-content\/uploads\/2026\/05\/Vapme-Digital-Box-50k-bulk-buy-discounts-600x600.webp",600,600,true],"woocommerce_gallery_thumbnail":["https:\/\/vapehosale.com\/wp-content\/uploads\/2026\/05\/Vapme-Digital-Box-50k-bulk-buy-discounts-100x100.webp",100,100,true],"wcpr-photo-reviews":["https:\/\/vapehosale.com\/wp-content\/uploads\/2026\/05\/Vapme-Digital-Box-50k-bulk-buy-discounts.webp",500,500,false]},"uagb_author_info":{"display_name":"Vicky hosale","author_link":"https:\/\/vapehosale.com\/lv\/author\/"},"uagb_comment_info":0,"uagb_excerpt":"Vapme Digital Box 50000 Puffs is a high-capacity disposable vape designed for users who want maximum longevity and premium performance. It features a smart LED display that shows battery and e-liquid levels in real time, a 1.0\u03a9 dual mesh coil for enhanced flavor consistency, and a 650mAh rechargeable battery with Type-C fast charging. Available in\u00a0&hellip;","_links":{"self":[{"href":"https:\/\/vapehosale.com\/lv\/wp-json\/wp\/v2\/product\/6725","targetHints":{"allow":["GET"]}}],"collection":[{"href":"https:\/\/vapehosale.com\/lv\/wp-json\/wp\/v2\/product"}],"about":[{"href":"https:\/\/vapehosale.com\/lv\/wp-json\/wp\/v2\/types\/product"}],"replies":[{"embeddable":true,"href":"https:\/\/vapehosale.com\/lv\/wp-json\/wp\/v2\/comments?post=6725"}],"wp:featuredmedia":[{"embeddable":true,"href":"https:\/\/vapehosale.com\/lv\/wp-json\/wp\/v2\/media\/6719"}],"wp:attachment":[{"href":"https:\/\/vapehosale.com\/lv\/wp-json\/wp\/v2\/media?parent=6725"}],"wp:term":[{"taxonomy":"product_cat","embeddable":true,"href":"https:\/\/vapehosale.com\/lv\/wp-json\/wp\/v2\/product_cat?post=6725"},{"taxonomy":"product_tag","embeddable":true,"href":"https:\/\/vapehosale.com\/lv\/wp-json\/wp\/v2\/product_tag?post=6725"}],"curies":[{"name":"wp","href":"https:\/\/api.w.org\/{rel}","templated":true}]}}