{"id":6478,"date":"2026-03-20T07:55:12","date_gmt":"2026-03-20T07:55:12","guid":{"rendered":"https:\/\/vapehosale.com\/?post_type=product&#038;p=6478"},"modified":"2026-03-20T09:57:45","modified_gmt":"2026-03-20T09:57:45","slug":"waspe-bar-60k-puffs-disposable-vape","status":"publish","type":"product","link":"https:\/\/vapehosale.com\/lv\/product\/waspe-bar-60k-puffs-disposable-vape\/","title":{"rendered":"Waspe Bar 60 t\u016bkst. pufa\u013cas vienreiz\u0113j\u0101 vape ar ekr\u0101nu"},"content":{"rendered":"<h2>Vairumtirdzniec\u012bbas Waspe Bar 60000 Puffs Vienreiz\u0113j\u0101s lieto\u0161anas Vape<\/h2>\n<p>waspe bar 60k puffs ir izstr\u0101d\u0101ts lietot\u0101jiem, kuri v\u0113las ilgtsp\u0113j\u012bgu sniegumu kompakt\u0101 vienreiz\u0113j\u0101s lieto\u0161anas vape ar ekr\u0101nu. katrs ier\u012bces sniedz l\u012bdz 60000 puffs, izmanto 0.9ohm t\u012bkla spol\u012bti bag\u0101t\u012bgai gar\u0161ai un satur 54ml e-\u0161\u0137idruma ilg\u0101kai lieto\u0161anai. 650mAh uzl\u0101d\u0113jams akumulators atbalsta Type-C uzl\u0101di, bet digit\u0101lais displejs pal\u012bdz skaidri uzraudz\u012bt lieto\u0161anu. ar 2% un 5% nikot\u012bna opcij\u0101m, waspe bar 60k puffs ir praktiska vairumtirdzniec\u012bbas izv\u0113le mazumtirgot\u0101jiem, kas m\u0113r\u0137\u0113 uz augstas piepras\u012bjuma vape pirc\u0113jiem akt\u012bv\u0101s mazumtirdzniec\u012bbas tirgos.<br \/>\n<img decoding=\"async\" class=\"alignnone size-full wp-image-6470\" src=\"https:\/\/vapehosale.com\/wp-content\/uploads\/2026\/03\/Waspe-Bar-60k-Puffs-Vape-Wholesale.webp\" alt=\"Waspe Bar 60k P\u016b\u013cu Vape Vairumtirdzniec\u012bba\" width=\"1000\" height=\"562\" srcset=\"https:\/\/vapehosale.com\/wp-content\/uploads\/2026\/03\/Waspe-Bar-60k-Puffs-Vape-Wholesale.webp 1000w, https:\/\/vapehosale.com\/wp-content\/uploads\/2026\/03\/Waspe-Bar-60k-Puffs-Vape-Wholesale-300x169.webp 300w, https:\/\/vapehosale.com\/wp-content\/uploads\/2026\/03\/Waspe-Bar-60k-Puffs-Vape-Wholesale-768x432.webp 768w, https:\/\/vapehosale.com\/wp-content\/uploads\/2026\/03\/Waspe-Bar-60k-Puffs-Vape-Wholesale-18x10.webp 18w, https:\/\/vapehosale.com\/wp-content\/uploads\/2026\/03\/Waspe-Bar-60k-Puffs-Vape-Wholesale-600x337.webp 600w\" sizes=\"(max-width: 1000px) 100vw, 1000px\" \/><\/p>\n<p><img decoding=\"async\" class=\"alignnone size-full wp-image-6465\" src=\"https:\/\/vapehosale.com\/wp-content\/uploads\/2026\/03\/Waspe-Bar-60k-Disposable-Device.webp\" alt=\"Waspe Bar 60k Vienreiz\u0113j\u0101s lieto\u0161anas ier\u012bce\" width=\"1000\" height=\"562\" srcset=\"https:\/\/vapehosale.com\/wp-content\/uploads\/2026\/03\/Waspe-Bar-60k-Disposable-Device.webp 1000w, https:\/\/vapehosale.com\/wp-content\/uploads\/2026\/03\/Waspe-Bar-60k-Disposable-Device-300x169.webp 300w, https:\/\/vapehosale.com\/wp-content\/uploads\/2026\/03\/Waspe-Bar-60k-Disposable-Device-768x432.webp 768w, https:\/\/vapehosale.com\/wp-content\/uploads\/2026\/03\/Waspe-Bar-60k-Disposable-Device-18x10.webp 18w, https:\/\/vapehosale.com\/wp-content\/uploads\/2026\/03\/Waspe-Bar-60k-Disposable-Device-600x337.webp 600w\" sizes=\"(max-width: 1000px) 100vw, 1000px\" \/><\/p>\n<h2 data-start=\"1511\" data-end=\"1526\">Waspe Bar 60k Galven\u0101s \u012bpa\u0161\u012bbas:<\/h2>\n<p>1. Puffs: 60000 puffs<br \/>\n2. Kodols: T\u012bkla spol\u012bte 0.9ohm<br \/>\n3. E-\u0161\u0137idrums: 54ml<br \/>\n4. Nikot\u012bns: 2%\/5%<br \/>\n5. Akumulators: 650mAh<br \/>\n6. Uzl\u0101d\u0113jams: Type-C<br \/>\n7. Digit\u0101lais displejs<br \/>\n8. Z\u012bmols: Waspe<\/p>\n<h2 data-start=\"1511\" data-end=\"1526\">Waspe 60k Bar Gar\u0161u saraksts<\/h2>\n<p class=\"\" data-start=\"37\" data-end=\"69\">1. Arb\u016bzu ledus<br \/>\n2. Melle\u0146u ledus<br \/>\n3. V\u012bnogu ledus<br \/>\n4. Citronu Laima<br \/>\n5. Zeme\u0146u Ban\u0101ns<br \/>\n6. Mix\u0113tas ogas<br \/>\n7. Red Bull Ice<br \/>\n8. Kiwija Arb\u016bzs<br \/>\n9.Zeme\u0146u arb\u016bzs<br \/>\n10. Mellenes Riekstu \u0137irsis<br \/>\n11. Meln\u0101 j\u0101\u0146ogu meln\u0101 j\u0101\u0146ogu<br \/>\n12. Zeme\u0146u Melnais P\u016b\u0137is Ice<br \/>\n13. Zemenes Kivi<br \/>\n14. Zil\u0101 \u010cerri Kolas<br \/>\n15. Kivi Melone Ledus<br \/>\n16. Persiks Mango Anan\u0101s<\/p>\n<h3>Vairumtirgot\u0101ja kontakti<\/h3>\n<h6>1. kur ieg\u0101d\u0101ties vairumtirdzniec\u012bb\u0101 <a href=\"https:\/\/vapehosale.com\/lv\/product-category\/waspe-vape\/\">Waspe Vienreiz\u0113j\u0101s lieto\u0161anas Vape<\/a>\uff1fwaspe Vape vairumtirdzniec\u012bbas p\u0101rdev\u0113js Whatsapp:<a href=\"https:\/\/wa.me\/8618077105750\">+8618077105750\u00a0<\/a><\/h6>\n<p>2. Vairumtirdzniec\u012bbas un izplat\u012bt\u0101ji ir laipni aicin\u0101ti piel\u0101got pas\u016bt\u012bjumus<br \/>\n3. Nodro\u0161in\u0101t augst\u0101k\u0101s kvalit\u0101tes produktus un visprofesion\u0101l\u0101kos pakalpojumus.<\/p>\n<p><img decoding=\"async\" class=\"alignnone size-full wp-image-2638\" src=\"https:\/\/vapehosale.com\/wp-content\/uploads\/2023\/09\/885301ea6f5e0b91f5ab2b1c85e665c.png\" alt=\"RandM r\u016bpn\u012bca\" width=\"670\" height=\"658\" srcset=\"https:\/\/vapehosale.com\/wp-content\/uploads\/2023\/09\/885301ea6f5e0b91f5ab2b1c85e665c.png 670w, https:\/\/vapehosale.com\/wp-content\/uploads\/2023\/09\/885301ea6f5e0b91f5ab2b1c85e665c-300x295.png 300w, https:\/\/vapehosale.com\/wp-content\/uploads\/2023\/09\/885301ea6f5e0b91f5ab2b1c85e665c-600x589.png 600w\" sizes=\"(max-width: 670px) 100vw, 670px\" \/><\/p>\n<h4 data-start=\"2071\" data-end=\"2079\">Bie\u017e\u0101k uzdotie jaut\u0101jumi par Waspe Bar 60000 Puffs vape<\/h4>\n<ol>\n<li data-start=\"573\" data-end=\"756\"><strong data-start=\"573\" data-end=\"623\">cik daudz p\u016btienu pied\u0101v\u0101 waspe bar 60k puffs?<\/strong> \u23f3<br data-start=\"625\" data-end=\"628\" \/>tas ir izstr\u0101d\u0101ts l\u012bdz pat 60000 p\u016btieniem, padarot to par sp\u0113c\u012bgu izv\u0113li klientiem, kuri v\u0113las ilg\u0101ku lieto\u0161anu bez bie\u017eas nomai\u0146as.<\/li>\n<li data-start=\"761\" data-end=\"950\"><strong data-start=\"761\" data-end=\"806\">vai waspe bar 60k puffs nepiecie\u0161ama uzl\u0101de?<\/strong> \ud83d\udd0b<br data-start=\"809\" data-end=\"812\" \/>j\u0101. tas ir apr\u012bkots ar 650mAh uzl\u0101d\u0113jamu akumulatoru un Type-C uzl\u0101di, t\u0101p\u0113c lietot\u0101ji var \u0101tri uzl\u0101d\u0113t un efekt\u012bvi turpin\u0101t lietot ier\u012bci.<\/li>\n<li data-start=\"955\" data-end=\"1137\"><strong data-start=\"955\" data-end=\"994\">ko r\u0101da waspe bar 60000 Puffs digit\u0101lais displejs?<\/strong> \ud83d\udcdf<br data-start=\"997\" data-end=\"1000\" \/>digit\u0101lais displejs pal\u012bdz lietot\u0101jiem p\u0101rbaud\u012bt ier\u012bces statusu uzreiz, kas pievieno \u0113rt\u012bbas un padara vaping pieredzi caursp\u012bd\u012bg\u0101ku.<\/li>\n<li data-start=\"1142\" data-end=\"1313\"><strong data-start=\"1142\" data-end=\"1185\">k\u0101das nikot\u012bna stipruma iesp\u0113jas ir pieejamas waspe bar 60000 Puffs vape?<\/strong> \ud83d\udca8<br data-start=\"1188\" data-end=\"1191\" \/>waspe bar 60k puffs ir pieejams ar 2% un 5% nikot\u012bna variantiem, dodot da\u017e\u0101diem lietot\u0101jiem izv\u0113li atbilsto\u0161i vi\u0146u v\u0113lm\u0113m.<\/li>\n<li data-start=\"1318\" data-end=\"1511\"><strong data-start=\"1318\" data-end=\"1356\">uzlabo vai t\u012bkli\u0146a spole gar\u0161u?<\/strong> \ud83c\udf53<br data-start=\"1359\" data-end=\"1362\" \/>j\u0101. 0.9ohm t\u012bkli\u0146a spole ir izstr\u0101d\u0101ta, lai nodro\u0161in\u0101tu vienm\u0113r\u012bgu siltuma sadali un piln\u012bg\u0101ku gar\u0161as izn\u0101kumu, kas ir svar\u012bgi klientiem, kuri nov\u0113rt\u0113 gar\u0161as konsekvenci.<\/li>\n<\/ol>\n<h3><strong>Iepakojuma saturs:<\/strong><\/h3>\n<p>1 x <strong>\u00a0Waspe Vienreiz\u0113j\u0101s lieto\u0161anas vape 60 t\u016bkst. p\u016b\u013cu<\/strong><\/p>\n<p>Sazinieties, lai sa\u0146emtu produktu katalogu:<a href=\"https:\/\/wa.me\/8618077105750\">iep\u0113rcies tagad p\u0101rbaudi visas vairumtirdzniec\u012bbas cenas<\/a><br \/>\nCitas vislab\u0101k p\u0101rdot\u0101s vape, kas jums var\u0113tu b\u016bt nepiecie\u0161amas<\/p>\n<p><a href=\"https:\/\/vapehosale.com\/lv\/product-category\/waspe-vape\/\">Waspe vienreiz\u0113j\u0101s lieto\u0161anas vape vairumtirdzniec\u012bbas cena\ud83d\udc48\ud83c\udffb<\/a><\/p>\n<p><a href=\"https:\/\/vapehosale.com\/lv\/product-category\/wholesale-60k-puffs-disposable-vape\/\">sa\u0146em 60 t\u016bkst. p\u016b\u013cu vienreiz\u0113j\u0101s lieto\u0161anas vape katalogu \u0160eit\ud83d\udc48\ud83c\udffb<\/a><\/p>\n<h4>Pieg\u0101des inform\u0101cija:<br \/>\nM\u0113s esam r\u016bpn\u012bca no \u0136\u012bnas, neatbalst\u0101m skaidras naudas pieg\u0101di.<\/h4>\n<h4>Maks\u0101jumu inform\u0101cija:<\/h4>\n<p>M\u0113s atbalst\u0101m apmaksu ar bankas p\u0101rskait\u012bjumu vai Western Union, m\u0113s esam vape r\u016bpn\u012bca no \u0136\u012bnas, <span style=\"color: #ff0000\">neatbalst\u0101m skaidras naudas pieg\u0101di.<\/span><\/p>\n<p>Visi produkti m\u016bsu veikal\u0101 ir 100% ori\u0123in\u0101li un autentiski, t\u0101p\u0113c desmitk\u0101r\u0161a kompens\u0101cija par viltot\u0101m prec\u0113m ir m\u016bsu veikala politika.<\/p>\n<h5><span style=\"color: #ff0000\">Minim\u0101lais pas\u016bt\u012bjums 100 gab<\/span><\/h5>","protected":false},"excerpt":{"rendered":"<p data-start=\"2414\" data-end=\"2672\">waspe bar 60k puffs ir augstas ietilp\u012bbas vairumtirdzniec\u012bbas vienreiz\u0113j\u0101s lieto\u0161anas vape, kas paredz\u0113ta konsekventai gar\u0161ai, redzamai lieto\u0161anas uzskaitei un gludai uzl\u0101dei. ar 0.9ohm t\u012bkla spol\u012bti, 54ml e-\u0161\u0137idruma, 650mAh akumulatoru un Type-C uzl\u0101di, tas sniedz mazumtirgot\u0101jiem sp\u0113c\u012bgu premium izv\u0113li lielapjoma pirc\u0113jiem.<span style=\"color: #ff0000\">(vietnes cena neietver pieg\u0101des izmaksas)<\/span><\/p>\n<p><span style=\"color: #ff0000\">sazinieties ar mani par minim\u0101lo pas\u016bt\u012bjumu tikai 50 gab.! netiek p\u0101rdots maz\u0101k par 50 gab., <\/span>Tikai vairumtirdzniec\u012bba!<\/p>\n<p><img decoding=\"async\" class=\"alignnone size-medium wp-image-2638\" src=\"https:\/\/vapehosale.com\/wp-content\/uploads\/2023\/09\/885301ea6f5e0b91f5ab2b1c85e665c-300x295.png\" alt=\"RandM r\u016bpn\u012bca\" width=\"300\" height=\"295\" srcset=\"https:\/\/vapehosale.com\/wp-content\/uploads\/2023\/09\/885301ea6f5e0b91f5ab2b1c85e665c-300x295.png 300w, https:\/\/vapehosale.com\/wp-content\/uploads\/2023\/09\/885301ea6f5e0b91f5ab2b1c85e665c-600x589.png 600w, https:\/\/vapehosale.com\/wp-content\/uploads\/2023\/09\/885301ea6f5e0b91f5ab2b1c85e665c.png 670w\" sizes=\"(max-width: 300px) 100vw, 300px\" \/><\/p>\n<p>&nbsp;<\/p>","protected":false},"featured_media":6467,"comment_status":"open","ping_status":"closed","template":"","meta":{"_uag_custom_page_level_css":"","_lmt_disableupdate":"no","_lmt_disable":"","site-sidebar-layout":"default","site-content-layout":"","ast-site-content-layout":"default","site-content-style":"default","site-sidebar-style":"default","ast-global-header-display":"","ast-banner-title-visibility":"","ast-main-header-display":"","ast-hfb-above-header-display":"","ast-hfb-below-header-display":"","ast-hfb-mobile-header-display":"","site-post-title":"","ast-breadcrumbs-content":"","ast-featured-img":"","footer-sml-layout":"","theme-transparent-header-meta":"default","adv-header-id-meta":"","stick-header-meta":"","header-above-stick-meta":"","header-main-stick-meta":"","header-below-stick-meta":"","astra-migrate-meta-layouts":"set","_joinchat":[]},"product_cat":[15,100,41,55,142],"product_tag":[35,44],"class_list":["post-6478","product","type-product","status-publish","has-post-thumbnail","hentry","product_cat-vape-shop-wholesale","product_cat-wholesale-60k-puffs-disposable-vape","product_cat-europe-hot-sale-vape","product_cat-minimum-order-quantity-50pcs","product_cat-waspe-vape","product_tag-rechargeable-disposable-device","product_tag-waspe-vape","desktop-align-left","tablet-align-left","mobile-align-left"],"yoast_head":"<!-- This site is optimized with the Yoast SEO plugin v21.1 - https:\/\/yoast.com\/wordpress\/plugins\/seo\/ -->\n<title>Waspe Bar 60k Puffs Disposable Vape With Screen - Vape Wholesale<\/title>\n<meta name=\"description\" content=\"waspe bar 60k puffs vape with LED screen, 0.9ohm mesh coil, 54ml e-liquid, and type-c rechargeable battery,18+ flavor instock, 20mg and 50mg avaliable\" \/>\n<meta name=\"robots\" content=\"index, follow, max-snippet:-1, max-image-preview:large, max-video-preview:-1\" \/>\n<link rel=\"canonical\" href=\"https:\/\/vapehosale.com\/lv\/product\/waspe-bar-60k-puffs-disposable-vape\/\" \/>\n<meta property=\"og:locale\" content=\"lv_LV\" \/>\n<meta property=\"og:type\" content=\"article\" \/>\n<meta property=\"og:title\" content=\"Waspe Bar 60k Puffs Disposable Vape With Screen - Vape Wholesale\" \/>\n<meta property=\"og:description\" content=\"waspe bar 60k puffs vape with LED screen, 0.9ohm mesh coil, 54ml e-liquid, and type-c rechargeable battery,18+ flavor instock, 20mg and 50mg avaliable\" \/>\n<meta property=\"og:url\" content=\"https:\/\/vapehosale.com\/lv\/product\/waspe-bar-60k-puffs-disposable-vape\/\" \/>\n<meta property=\"og:site_name\" content=\"Vape Wholesale\" \/>\n<meta property=\"article:modified_time\" content=\"2026-03-20T09:57:45+00:00\" \/>\n<meta property=\"og:image\" content=\"https:\/\/vapehosale.com\/wp-content\/uploads\/2026\/03\/Waspe-Bar-60k-Disposable-Vape-Flavor-List.webp\" \/>\n\t<meta property=\"og:image:width\" content=\"1000\" \/>\n\t<meta property=\"og:image:height\" content=\"1333\" \/>\n\t<meta property=\"og:image:type\" content=\"image\/webp\" \/>\n<meta name=\"twitter:card\" content=\"summary_large_image\" \/>\n<meta name=\"twitter:label1\" content=\"Est. reading time\" \/>\n\t<meta name=\"twitter:data1\" content=\"3 min\u016btes\" \/>\n<script type=\"application\/ld+json\" class=\"yoast-schema-graph\">{\"@context\":\"https:\/\/schema.org\",\"@graph\":[{\"@type\":\"WebPage\",\"@id\":\"https:\/\/vapehosale.com\/product\/waspe-bar-60k-puffs-disposable-vape\/\",\"url\":\"https:\/\/vapehosale.com\/product\/waspe-bar-60k-puffs-disposable-vape\/\",\"name\":\"Waspe Bar 60k Puffs Disposable Vape With Screen - Vape Wholesale\",\"isPartOf\":{\"@id\":\"https:\/\/vapehosale.com\/#website\"},\"datePublished\":\"2026-03-20T07:55:12+00:00\",\"dateModified\":\"2026-03-20T09:57:45+00:00\",\"description\":\"waspe bar 60k puffs vape with LED screen, 0.9ohm mesh coil, 54ml e-liquid, and type-c rechargeable battery,18+ flavor instock, 20mg and 50mg avaliable\",\"breadcrumb\":{\"@id\":\"https:\/\/vapehosale.com\/product\/waspe-bar-60k-puffs-disposable-vape\/#breadcrumb\"},\"inLanguage\":\"lv-LV\",\"potentialAction\":[{\"@type\":\"ReadAction\",\"target\":[\"https:\/\/vapehosale.com\/product\/waspe-bar-60k-puffs-disposable-vape\/\"]}]},{\"@type\":\"BreadcrumbList\",\"@id\":\"https:\/\/vapehosale.com\/product\/waspe-bar-60k-puffs-disposable-vape\/#breadcrumb\",\"itemListElement\":[{\"@type\":\"ListItem\",\"position\":1,\"name\":\"Home\",\"item\":\"https:\/\/vapehosale.com\/\"},{\"@type\":\"ListItem\",\"position\":2,\"name\":\"Best Sell Vapes\",\"item\":\"https:\/\/vapehosale.com\/vape-shop\/\"},{\"@type\":\"ListItem\",\"position\":3,\"name\":\"Waspe Bar 60k Puffs Disposable Vape With Screen\"}]},{\"@type\":\"WebSite\",\"@id\":\"https:\/\/vapehosale.com\/#website\",\"url\":\"https:\/\/vapehosale.com\/\",\"name\":\"Vape Wholesale\",\"description\":\"Buy Vape Wholesale Price Near you\",\"potentialAction\":[{\"@type\":\"SearchAction\",\"target\":{\"@type\":\"EntryPoint\",\"urlTemplate\":\"https:\/\/vapehosale.com\/?s={search_term_string}\"},\"query-input\":\"required name=search_term_string\"}],\"inLanguage\":\"lv-LV\"}]}<\/script>\n<!-- \/ Yoast SEO plugin. -->","yoast_head_json":{"title":"Waspe Bar 60k Puffs Disposable Vape With Screen - Vape Wholesale","description":"waspe bar 60k puffs vape with LED screen, 0.9ohm mesh coil, 54ml e-liquid, and type-c rechargeable battery,18+ flavor instock, 20mg and 50mg avaliable","robots":{"index":"index","follow":"follow","max-snippet":"max-snippet:-1","max-image-preview":"max-image-preview:large","max-video-preview":"max-video-preview:-1"},"canonical":"https:\/\/vapehosale.com\/lv\/product\/waspe-bar-60k-puffs-disposable-vape\/","og_locale":"lv_LV","og_type":"article","og_title":"Waspe Bar 60k Puffs Disposable Vape With Screen - Vape Wholesale","og_description":"waspe bar 60k puffs vape with LED screen, 0.9ohm mesh coil, 54ml e-liquid, and type-c rechargeable battery,18+ flavor instock, 20mg and 50mg avaliable","og_url":"https:\/\/vapehosale.com\/lv\/product\/waspe-bar-60k-puffs-disposable-vape\/","og_site_name":"Vape Wholesale","article_modified_time":"2026-03-20T09:57:45+00:00","og_image":[{"width":1000,"height":1333,"url":"https:\/\/vapehosale.com\/wp-content\/uploads\/2026\/03\/Waspe-Bar-60k-Disposable-Vape-Flavor-List.webp","type":"image\/webp"}],"twitter_card":"summary_large_image","twitter_misc":{"Est. reading time":"3 min\u016btes"},"schema":{"@context":"https:\/\/schema.org","@graph":[{"@type":"WebPage","@id":"https:\/\/vapehosale.com\/product\/waspe-bar-60k-puffs-disposable-vape\/","url":"https:\/\/vapehosale.com\/product\/waspe-bar-60k-puffs-disposable-vape\/","name":"Waspe Bar 60k Puffs Disposable Vape With Screen - Vape Wholesale","isPartOf":{"@id":"https:\/\/vapehosale.com\/#website"},"datePublished":"2026-03-20T07:55:12+00:00","dateModified":"2026-03-20T09:57:45+00:00","description":"waspe bar 60k puffs vape with LED screen, 0.9ohm mesh coil, 54ml e-liquid, and type-c rechargeable battery,18+ flavor instock, 20mg and 50mg avaliable","breadcrumb":{"@id":"https:\/\/vapehosale.com\/product\/waspe-bar-60k-puffs-disposable-vape\/#breadcrumb"},"inLanguage":"lv-LV","potentialAction":[{"@type":"ReadAction","target":["https:\/\/vapehosale.com\/product\/waspe-bar-60k-puffs-disposable-vape\/"]}]},{"@type":"BreadcrumbList","@id":"https:\/\/vapehosale.com\/product\/waspe-bar-60k-puffs-disposable-vape\/#breadcrumb","itemListElement":[{"@type":"ListItem","position":1,"name":"Home","item":"https:\/\/vapehosale.com\/"},{"@type":"ListItem","position":2,"name":"Best Sell Vapes","item":"https:\/\/vapehosale.com\/vape-shop\/"},{"@type":"ListItem","position":3,"name":"Waspe Bar 60k Puffs Disposable Vape With Screen"}]},{"@type":"WebSite","@id":"https:\/\/vapehosale.com\/#website","url":"https:\/\/vapehosale.com\/","name":"Vape Wholesale","description":"Buy Vape Wholesale Price Near you","potentialAction":[{"@type":"SearchAction","target":{"@type":"EntryPoint","urlTemplate":"https:\/\/vapehosale.com\/?s={search_term_string}"},"query-input":"required name=search_term_string"}],"inLanguage":"lv-LV"}]}},"uagb_featured_image_src":{"full":["https:\/\/vapehosale.com\/wp-content\/uploads\/2026\/03\/Waspe-Bar-60k-Disposable-Vape-Flavor-List.webp",1000,1333,false],"thumbnail":["https:\/\/vapehosale.com\/wp-content\/uploads\/2026\/03\/Waspe-Bar-60k-Disposable-Vape-Flavor-List-150x150.webp",150,150,true],"medium":["https:\/\/vapehosale.com\/wp-content\/uploads\/2026\/03\/Waspe-Bar-60k-Disposable-Vape-Flavor-List-225x300.webp",225,300,true],"medium_large":["https:\/\/vapehosale.com\/wp-content\/uploads\/2026\/03\/Waspe-Bar-60k-Disposable-Vape-Flavor-List-768x1024.webp",768,1024,true],"large":["https:\/\/vapehosale.com\/wp-content\/uploads\/2026\/03\/Waspe-Bar-60k-Disposable-Vape-Flavor-List-768x1024.webp",768,1024,true],"1536x1536":["https:\/\/vapehosale.com\/wp-content\/uploads\/2026\/03\/Waspe-Bar-60k-Disposable-Vape-Flavor-List.webp",1000,1333,false],"2048x2048":["https:\/\/vapehosale.com\/wp-content\/uploads\/2026\/03\/Waspe-Bar-60k-Disposable-Vape-Flavor-List.webp",1000,1333,false],"trp-custom-language-flag":["https:\/\/vapehosale.com\/wp-content\/uploads\/2026\/03\/Waspe-Bar-60k-Disposable-Vape-Flavor-List-9x12.webp",9,12,true],"woocommerce_thumbnail":["https:\/\/vapehosale.com\/wp-content\/uploads\/2026\/03\/Waspe-Bar-60k-Disposable-Vape-Flavor-List-300x300.webp",300,300,true],"woocommerce_single":["https:\/\/vapehosale.com\/wp-content\/uploads\/2026\/03\/Waspe-Bar-60k-Disposable-Vape-Flavor-List-600x800.webp",600,800,true],"woocommerce_gallery_thumbnail":["https:\/\/vapehosale.com\/wp-content\/uploads\/2026\/03\/Waspe-Bar-60k-Disposable-Vape-Flavor-List-100x100.webp",100,100,true],"wcpr-photo-reviews":["https:\/\/vapehosale.com\/wp-content\/uploads\/2026\/03\/Waspe-Bar-60k-Disposable-Vape-Flavor-List.webp",375,500,false]},"uagb_author_info":{"display_name":"Vicky hosale","author_link":"https:\/\/vapehosale.com\/lv\/author\/"},"uagb_comment_info":0,"uagb_excerpt":"waspe bar 60k puffs is a high-capacity wholesale disposable vape designed for consistent flavor, visible usage tracking, and smooth recharging. with a 0.9ohm mesh coil, 54ml e-liquid, 650mah battery, and type-c charging, it gives retailers a strong premium option for bulk buyers.(website price not include shipping cost) contact me for min order only 50 pcs!&hellip;","_links":{"self":[{"href":"https:\/\/vapehosale.com\/lv\/wp-json\/wp\/v2\/product\/6478","targetHints":{"allow":["GET"]}}],"collection":[{"href":"https:\/\/vapehosale.com\/lv\/wp-json\/wp\/v2\/product"}],"about":[{"href":"https:\/\/vapehosale.com\/lv\/wp-json\/wp\/v2\/types\/product"}],"replies":[{"embeddable":true,"href":"https:\/\/vapehosale.com\/lv\/wp-json\/wp\/v2\/comments?post=6478"}],"wp:featuredmedia":[{"embeddable":true,"href":"https:\/\/vapehosale.com\/lv\/wp-json\/wp\/v2\/media\/6467"}],"wp:attachment":[{"href":"https:\/\/vapehosale.com\/lv\/wp-json\/wp\/v2\/media?parent=6478"}],"wp:term":[{"taxonomy":"product_cat","embeddable":true,"href":"https:\/\/vapehosale.com\/lv\/wp-json\/wp\/v2\/product_cat?post=6478"},{"taxonomy":"product_tag","embeddable":true,"href":"https:\/\/vapehosale.com\/lv\/wp-json\/wp\/v2\/product_tag?post=6478"}],"curies":[{"name":"wp","href":"https:\/\/api.w.org\/{rel}","templated":true}]}}