{"id":3069,"date":"2024-10-19T08:19:55","date_gmt":"2024-10-19T08:19:55","guid":{"rendered":"https:\/\/vapehosale.com\/?post_type=product&#038;p=3069"},"modified":"2025-08-29T09:16:23","modified_gmt":"2025-08-29T09:16:23","slug":"randm-fumot-tornado-30k-music-disposable-vape","status":"publish","type":"product","link":"https:\/\/vapehosale.com\/lv\/product\/randm-fumot-tornado-30k-music-disposable-vape\/","title":{"rendered":"Vairumtirdzniec\u012bba Fumot Tornado 30000 Puffs vienreizlietojam\u0101 vape"},"content":{"rendered":"<h2 style=\"text-align: center\">Fumot Tornado 30K M\u016bzikas vienreiz\u0113j\u0101s lieto\u0161anas tvaic\u0113\u0161anas ier\u012bce<\/h2>\n<p>Fumot Tornado 30K Music vienreiz\u0113j\u0101s lieto\u0161anas vape nodro\u0161ina iespaid\u012bgu 30000 uzp\u016btienu vape pieredzi ar bag\u0101t\u012bgu gar\u0161u un jaud\u012bgu veiktsp\u0113ju. Ar 30 gar\u0161u opcij\u0101m, 600mAh uzl\u0101d\u0113jamu akumulatoru un \u0101tru Type-C uzl\u0101di, tas nodro\u0161ina ilgsto\u0161u apmierin\u0101t\u012bbu. Uzlabot\u0101 1.0\u03a9 t\u012bkla spir\u0101le pastiprina tvaiku un gar\u0161u, kam\u0113r dinamisk\u0101s gaismas sinhroniz\u0113jas ar m\u016bziku modernai noska\u0146ai. Rad\u012bts ES tirgiem, RandM Tornado 30000 Puffs ir gudrs risin\u0101jums jauniem v\u012brie\u0161iem, kuri nov\u0113rt\u0113 stilu un iztur\u012bbu.<\/p>\n<p><img decoding=\"async\" class=\"alignnone size-full wp-image-3073\" src=\"https:\/\/vapehosale.com\/wp-content\/uploads\/2024\/10\/Discount-Fumot-Tornado-Vape-Products-in-Bulk.png\" alt=\"Fumot Tornado vape produktu atlaide vairum\u0101\" width=\"900\" height=\"387\" srcset=\"https:\/\/vapehosale.com\/wp-content\/uploads\/2024\/10\/Discount-Fumot-Tornado-Vape-Products-in-Bulk.png 900w, https:\/\/vapehosale.com\/wp-content\/uploads\/2024\/10\/Discount-Fumot-Tornado-Vape-Products-in-Bulk-300x129.png 300w, https:\/\/vapehosale.com\/wp-content\/uploads\/2024\/10\/Discount-Fumot-Tornado-Vape-Products-in-Bulk-768x330.png 768w, https:\/\/vapehosale.com\/wp-content\/uploads\/2024\/10\/Discount-Fumot-Tornado-Vape-Products-in-Bulk-600x258.png 600w\" sizes=\"(max-width: 900px) 100vw, 900px\" \/><\/p>\n<p>&nbsp;<\/p>\n<h2>Fumot Tornado 30000 Puffs gar\u0161u saraksts:<\/h2>\n<p><img decoding=\"async\" class=\"alignnone size-full wp-image-3072\" src=\"https:\/\/vapehosale.com\/wp-content\/uploads\/2024\/10\/Buy-Fumot-Tornado-30K-Music-Disposable-Vape.png\" alt=\"P\u0113rciet Fumot Tornado 30K Music vienreiz\u0113j\u0101s lieto\u0161anas vape\" width=\"900\" height=\"437\" srcset=\"https:\/\/vapehosale.com\/wp-content\/uploads\/2024\/10\/Buy-Fumot-Tornado-30K-Music-Disposable-Vape.png 900w, https:\/\/vapehosale.com\/wp-content\/uploads\/2024\/10\/Buy-Fumot-Tornado-30K-Music-Disposable-Vape-300x146.png 300w, https:\/\/vapehosale.com\/wp-content\/uploads\/2024\/10\/Buy-Fumot-Tornado-30K-Music-Disposable-Vape-768x373.png 768w, https:\/\/vapehosale.com\/wp-content\/uploads\/2024\/10\/Buy-Fumot-Tornado-30K-Music-Disposable-Vape-600x291.png 600w\" sizes=\"(max-width: 900px) 100vw, 900px\" \/><\/p>\n<p>1. Ban\u0101nu ledus<br \/>\n2. Melnais ledus<br \/>\n3. Zils Razz ledus<br \/>\n4. Melle\u0146u uz ledus<br \/>\n5. Mellenes Avenes<br \/>\n6. Melle\u0146u sk\u0101b\u0101s avenes<br \/>\n7. \u0136ir\u0161u ledus<br \/>\n8. \u0136ir\u0161u kola<br \/>\n9. Kolas ledus<br \/>\n10. V\u0113s\u0101 piparm\u0113tra<br \/>\n11. Dubults \u0101bols<br \/>\n12. Dr. Zils<br \/>\n13. V\u012bnogu ledus<br \/>\n14. Ledus konfekte<br \/>\n15. Kivi marakujas gvajava<br \/>\n16. M\u012blest\u012bba 66<br \/>\n17. Sul\u012bgs ledus<br \/>\n18. Jauktas ogas<br \/>\n19. Persiku oga<br \/>\n20. Persiku ledus<br \/>\n21. Persiku mango anan\u0101ss<br \/>\n22. Anan\u0101su ledus<br \/>\n23. Roz\u0101 limon\u0101de<br \/>\n24. Skittles<br \/>\n25. Zeme\u0146u ban\u0101ns<br \/>\n26. Zeme\u0146u v\u012bnogas<br \/>\n27. Zeme\u0146u ledus<br \/>\n28. Zeme\u0146u arb\u016bzs<br \/>\n29. Tr\u012bsk\u0101r\u0161s mango<br \/>\n30. Vimto<\/p>\n<h2>Fumot Tornado 30000 Puffs iez\u012bmes:<\/h2>\n<ol>\n<li><strong>30000 dvesmu<\/strong>: Izbaudiet iespaid\u012bgu <strong>30000 dvesmu<\/strong> ar <strong>Fumot Vape<\/strong>, padarot to ide\u0101lu tiem, kas v\u0113las ilgsto\u0161u sm\u0113\u0137\u0113\u0161anas pieredzi bez bie\u017eas uzpild\u012b\u0161anas.<\/li>\n<li><strong>Uzl\u0101d\u0113jams akumulators<\/strong>: <strong>600mAh uzl\u0101d\u0113jams akumulators<\/strong> ar <strong>Type-C<\/strong> uzl\u0101de nodro\u0161ina, ka varat \u0101tri un \u0113rti uzl\u0101d\u0113t savu veipu, pat garu sesiju laik\u0101.<\/li>\n<li><strong>T\u012bkla spoles tehnolo\u0123ija<\/strong>: <strong>1.0\u03a9 t\u012bklveida spole<\/strong> uzlabo tvaiku veido\u0161anos un gar\u0161as intensit\u0101ti, nodro\u0161inot vienm\u0113r\u012bgu un konsekventu triepienu katru reizi.<\/li>\n<li><strong>M\u016bzika<\/strong>: \u0160is <strong>Fumot vienreiz\u0113j\u0101s lieto\u0161anas veips<\/strong> sinhroniz\u0113jas ar m\u016bziku, un t\u0101 gaismas main\u0101s ritm\u0101, pievienojot aizraujo\u0161u saj\u016btu dimensiju j\u016bsu sm\u0113\u0137\u0113\u0161anas sesij\u0101m.<\/li>\n<li><strong>Nikot\u012bna stiprums<\/strong>: Pieejams <strong>2% vai 5% nikot\u012bna<\/strong>, kas piem\u0113rots gan m\u0113renu, gan augstu nikot\u012bna l\u012bme\u0146u cien\u012bt\u0101jiem.<\/li>\n<li><strong>30 gar\u0161as<\/strong>: ar <strong>30 gar\u0161\u0101m<\/strong> pied\u0101v\u0101jum\u0101, s\u0101kot no aug\u013cu l\u012bdz mentola, tas <strong>Fumot Tornado Vape<\/strong> pied\u0101v\u0101 da\u017e\u0101das iesp\u0113jas, kas atbilst katrai gaumei, nodro\u0161inot, ka j\u016bs atrad\u012bsit savu iecien\u012bt\u0101ko starp <strong>lab\u0101kaj\u0101m RandM vape 30K gar\u0161\u0101m<\/strong>.<\/li>\n<\/ol>\n<p><img decoding=\"async\" class=\"alignnone size-full wp-image-3075\" src=\"https:\/\/vapehosale.com\/wp-content\/uploads\/2024\/10\/Fumot-Tornado-30K-Music-Vape-for-Sale.png\" alt=\"\" width=\"900\" height=\"439\" srcset=\"https:\/\/vapehosale.com\/wp-content\/uploads\/2024\/10\/Fumot-Tornado-30K-Music-Vape-for-Sale.png 900w, https:\/\/vapehosale.com\/wp-content\/uploads\/2024\/10\/Fumot-Tornado-30K-Music-Vape-for-Sale-300x146.png 300w, https:\/\/vapehosale.com\/wp-content\/uploads\/2024\/10\/Fumot-Tornado-30K-Music-Vape-for-Sale-768x375.png 768w, https:\/\/vapehosale.com\/wp-content\/uploads\/2024\/10\/Fumot-Tornado-30K-Music-Vape-for-Sale-600x293.png 600w\" sizes=\"(max-width: 900px) 100vw, 900px\" \/><\/p>\n<p><img decoding=\"async\" class=\"alignnone size-full wp-image-3071\" src=\"https:\/\/vapehosale.com\/wp-content\/uploads\/2024\/10\/Bulk-Fumot-Tornado-30K-Disposable-Vape-Music-Edition.png\" alt=\"\" width=\"900\" height=\"392\" srcset=\"https:\/\/vapehosale.com\/wp-content\/uploads\/2024\/10\/Bulk-Fumot-Tornado-30K-Disposable-Vape-Music-Edition.png 900w, https:\/\/vapehosale.com\/wp-content\/uploads\/2024\/10\/Bulk-Fumot-Tornado-30K-Disposable-Vape-Music-Edition-300x131.png 300w, https:\/\/vapehosale.com\/wp-content\/uploads\/2024\/10\/Bulk-Fumot-Tornado-30K-Disposable-Vape-Music-Edition-768x335.png 768w, https:\/\/vapehosale.com\/wp-content\/uploads\/2024\/10\/Bulk-Fumot-Tornado-30K-Disposable-Vape-Music-Edition-600x261.png 600w\" sizes=\"(max-width: 900px) 100vw, 900px\" \/><\/p>\n<p><img decoding=\"async\" class=\"alignnone size-full wp-image-3070\" src=\"https:\/\/vapehosale.com\/wp-content\/uploads\/2024\/10\/30000-Puffs-Fumot-Tornado-Disposable-Vape-Wholesale.png\" alt=\"30000 d\u016bmu Fumot Tornado vienreiz\u0113j\u0101s lieto\u0161anas vape vairumtirdzniec\u012bba\" width=\"900\" height=\"393\" srcset=\"https:\/\/vapehosale.com\/wp-content\/uploads\/2024\/10\/30000-Puffs-Fumot-Tornado-Disposable-Vape-Wholesale.png 900w, https:\/\/vapehosale.com\/wp-content\/uploads\/2024\/10\/30000-Puffs-Fumot-Tornado-Disposable-Vape-Wholesale-300x131.png 300w, https:\/\/vapehosale.com\/wp-content\/uploads\/2024\/10\/30000-Puffs-Fumot-Tornado-Disposable-Vape-Wholesale-768x335.png 768w, https:\/\/vapehosale.com\/wp-content\/uploads\/2024\/10\/30000-Puffs-Fumot-Tornado-Disposable-Vape-Wholesale-600x262.png 600w\" sizes=\"(max-width: 900px) 100vw, 900px\" \/><\/p>\n<h3>K\u0101p\u0113c izv\u0113l\u0113ties Fumot Tornado 30000 Puffs vape?<\/h3>\n<ol>\n<li><strong>Fumot Vape 30000 Puffs net\u0101lu no manis<\/strong>: Ja mekl\u0113jat uzticam\u0101ko vienreizlietojamo tvaiku ar pla\u0161u dvesmu ietilp\u012bbu, \u0161is produkts ir lab\u0101k\u0101 iesp\u0113ja, kas pieejama j\u016bsu viet\u0113j\u0101 teritorij\u0101.<\/li>\n<li><strong>Vairumtirdzniec\u012bba Fumot 30K<\/strong>: Mazumtirgot\u0101jiem, ieg\u0101d\u0101joties <strong>Vairumtirdzniec\u012bba Fumot 30K<\/strong> vapes ir lieliska iesp\u0113ja pied\u0101v\u0101t saviem klientiem produktu, kas ir popul\u0101rs un \u013coti piepras\u012bts.<\/li>\n<li><strong>Fumot Vape 30000<\/strong>: Izstr\u0101d\u0101ts, \u0146emot v\u0113r\u0101 p\u0101rnesam\u012bbu, <strong>Fumot Kastes Vape<\/strong> ir viegli p\u0101rn\u0113s\u0101jams, ar kompaktu formu, kas nezaud\u0113 veiktsp\u0113ju.<\/li>\n<li><strong>Fumot Vape RandM Tornado 30000<\/strong>: Apvienojot <strong>RandM vape<\/strong> kvalit\u0101ti ar <strong>Fumot<\/strong>funkcij\u0101m, \u0161is veips nodro\u0161ina apmierino\u0161u un vienm\u0113r\u012bgu pieredzi ar katru dvesmu.<\/li>\n<\/ol>\n<h3>K\u0101p\u0113c Fumot Tornado 30k Puffs ir lab\u0101kais vienreiz\u0113jais veips?<\/h3>\n<ol>\n<li><strong>Lab\u0101kie Fumot RandM Vape 30K gar\u0161as<\/strong>: No svaig\u0101m aug\u013cu gar\u0161\u0101m l\u012bdz atv\u0113sino\u0161iem mentoliem, \u0161aj\u0101 ier\u012bc\u0113 atrad\u012bsi <strong>lab\u0101kaj\u0101m RandM vape 30K gar\u0161\u0101m<\/strong> pla\u0161u gar\u0161u kl\u0101stu, ko izp\u0113t\u012bt.<\/li>\n<li><strong>Ieg\u0101d\u0101ties Fumot Tornado 30K Vape<\/strong>: Neatkar\u012bgi no t\u0101, vai v\u0113laties <strong>ieg\u0101d\u0101ties RandM Tornado 30K vape<\/strong> person\u012bgai lieto\u0161anai vai p\u0101rdo\u0161anai klientiem, tas ir augst\u0101k\u0101s klases produkts, kas nodro\u0161ina kvalit\u0101ti un kvantit\u0101ti vien\u0101d\u0101 m\u0113r\u0101.<\/li>\n<li><strong>Vienreiz\u0113jais Veips Fumot 30000 dvesmas<\/strong>: K\u0101 vienreiz\u0113jais variants, <strong>RandM 30K veips<\/strong> pied\u0101v\u0101 \u0113rt\u012bbas, jo nav nepiecie\u0161ama uzpilde, apkope un nek\u0101rt\u012bba. Vienk\u0101r\u0161i veipo un izbaudi!<\/li>\n<\/ol>\n<h3>Ko noz\u012bm\u0113 RandM Fumot Tornado 30k m\u016bzika?<\/h3>\n<p>RGB gaisma var mirgot m\u016bzikas ritm\u0101.<\/p>\n<p><img decoding=\"async\" class=\"alignnone size-full wp-image-3076\" src=\"https:\/\/vapehosale.com\/wp-content\/uploads\/2024\/10\/Fumot-Tornado-Vape-30000-Puffs-Wholesale-Store.png\" alt=\"Fumot Tornado Vape 30000 d\u016bmu vairumtirdzniec\u012bbas veikals\" width=\"900\" height=\"416\" srcset=\"https:\/\/vapehosale.com\/wp-content\/uploads\/2024\/10\/Fumot-Tornado-Vape-30000-Puffs-Wholesale-Store.png 900w, https:\/\/vapehosale.com\/wp-content\/uploads\/2024\/10\/Fumot-Tornado-Vape-30000-Puffs-Wholesale-Store-300x139.png 300w, https:\/\/vapehosale.com\/wp-content\/uploads\/2024\/10\/Fumot-Tornado-Vape-30000-Puffs-Wholesale-Store-768x355.png 768w, https:\/\/vapehosale.com\/wp-content\/uploads\/2024\/10\/Fumot-Tornado-Vape-30000-Puffs-Wholesale-Store-600x277.png 600w\" sizes=\"(max-width: 900px) 100vw, 900px\" \/><\/p>\n<h3><strong>Iepakojuma saturs:<\/strong><\/h3>\n<p>1 x vienreizlietojams vape Tornado 30k Fumot vape<\/p>\n<p>\u2705Ori\u0123in\u0101l\u0101s r\u016bpn\u012bcas vairumtirdzniec\u012bba Whatsapp:<a href=\"https:\/\/wa.me\/8618077105750\">+8618077105750<\/a><\/p>\n<p>\u2705Vairumtirgot\u0101ji un tirgot\u0101ji ir laipni aicin\u0101ti piel\u0101got pas\u016bt\u012bjumus<br \/>\n\u2705Nodro\u0161iniet augst\u0101k\u0101s kvalit\u0101tes produktus un profesion\u0101l\u0101kos pakalpojumus.<\/p>\n<p><img decoding=\"async\" class=\"alignnone size-full wp-image-2638\" src=\"https:\/\/vapehosale.com\/wp-content\/uploads\/2023\/09\/885301ea6f5e0b91f5ab2b1c85e665c.png\" alt=\"RandM r\u016bpn\u012bca\" width=\"670\" height=\"658\" srcset=\"https:\/\/vapehosale.com\/wp-content\/uploads\/2023\/09\/885301ea6f5e0b91f5ab2b1c85e665c.png 670w, https:\/\/vapehosale.com\/wp-content\/uploads\/2023\/09\/885301ea6f5e0b91f5ab2b1c85e665c-300x295.png 300w, https:\/\/vapehosale.com\/wp-content\/uploads\/2023\/09\/885301ea6f5e0b91f5ab2b1c85e665c-600x589.png 600w\" sizes=\"(max-width: 670px) 100vw, 670px\" \/><\/p>\n<p><a href=\"https:\/\/vapehosale.com\/lv\/product\/randm-tornado-7000-puffs-disposable-vape\/\">Karst\u0101 p\u0101rdo\u0161ana veips<\/a><br \/>\n<a href=\"https:\/\/vapehosale.com\/lv\/product-category\/randm-fumot-vape\/\">Fumot vienreizlietojamo vape katalog<span class=\"x19la9d6 x1fc57z9 x6ikm8r x10wlt62 x19co3pv x1g5zs5t xfibh0p xiy17q3 x1xsqp64 x1lkfr7t xexx8yu xyri2b x18d9i69 x1c1uobl\"><span class=\"xrtxmta x1bhl96m\">\ud83d\udc48<\/span><\/span><\/a><br \/>\n<a href=\"https:\/\/vapehosale.com\/lv\/product-category\/puff-30k-disposable-vape\/\">30000 dvesmu vienreizlietojamo vape vairumtirdzniec\u012bba<\/a><\/p>\n<p>Sazinieties, lai sa\u0146emtu produktu katalogu:<a href=\"https:\/\/wa.me\/8618077105750\">Iepirkties tagad<\/a><\/p>\n<p>\u012apa\u0161as formas mode\u013ca vape:<a href=\"https:\/\/vapehosale.com\/lv\/product\/bulk-buy-bang-king-12000\/\">pudeles forma<\/a>\/Kokakolas kanna\/<a href=\"https:\/\/vapehosale.com\/lv\/product\/sidia-12000-puffs-disposable-device\/\">RGB gaisma<\/a>\/Krist\u0101ls<\/p>\n<h4>Pieg\u0101des inform\u0101cija:<\/h4>\n<p>Ra\u017eo\u0161anas laiks: 5 darba dienas<br \/>\nPieg\u0101des laiks: 8-14 darba dienas<\/p>\n<h4>Maks\u0101jumu inform\u0101cija:<\/h4>\n<p>M\u0113s atbalst\u0101m apmaksu ar bankas p\u0101rskait\u012bjumu vai Western Union, m\u0113s esam vape r\u016bpn\u012bca no \u0136\u012bnas, <span style=\"color: #ff0000\">neatbalst\u0101m skaidras naudas pieg\u0101di.<\/span><\/p>\n<p>Visi produkti m\u016bsu veikal\u0101 ir 100% ori\u0123in\u0101li un autentiski, t\u0101p\u0113c desmitk\u0101r\u0161a kompens\u0101cija par viltot\u0101m prec\u0113m ir m\u016bsu veikala politika.<\/p>\n<h3>P\u0113cp\u0101rdo\u0161anas serviss:<\/h3>\n<p><span style=\"color: #ff0000\">Pazi\u0146ojums: Nav naudas atmaksas vai apmai\u0146as pret nekvalitat\u012bviem jaut\u0101jumiem<br \/>\n<span style=\"color: #000000\">Produkti tiek izgatavoti svaigi atbilsto\u0161i klienta pras\u012bb\u0101m, naudas atmaksa netiks nodro\u0161in\u0101ta, ja p\u0113c pre\u010du sa\u0146em\u0161anas klientam nav kvalit\u0101tes probl\u0113mu.<\/span><\/span><\/p>\n<p>1. Nepilngad\u012bgajiem, kas jaun\u0101ki par 21 gadu, ir aizliegts ieg\u0101d\u0101ties vienreiz\u0113j\u0101s lieto\u0161anas ier\u012bces un piederumus.<\/p>\n<p>2. Da\u017e\u0101s neliel\u0101s salu teritorij\u0101s Eiropas valst\u012bs ir nepiecie\u0161amas papildu att\u0101lin\u0101tas maksas, l\u016bdzu, konsult\u0113jieties ar mums pirms pirkuma veik\u0161anas.<\/p>\n<p>3. Cenas m\u016bsu vietn\u0113 neietver pieg\u0101des izmaksas. L\u016bdzu, sazinieties ar p\u0101rdo\u0161anas mened\u017eeri Vikiju, lai uzzin\u0101tu par pieg\u0101des izmaks\u0101m pirms pas\u016bt\u012bjuma veik\u0161anas.<\/p>","protected":false},"excerpt":{"rendered":"<p>Fumot Tornado 30000 Puffs vienreiz\u0113j\u0101s lieto\u0161anas vape pied\u0101v\u0101 30000 uzp\u016btienus, 30 gar\u0161as, uzl\u0101d\u0113jamu 600mAh akumulatoru un gaismas, kas sinhroniz\u0113jas ar m\u016bziku. Izbaudiet ilgsto\u0161u, arom\u0101tisku vape lieto\u0161anu!<span style=\"color: #ff0000\">(vietnes cena neietver pieg\u0101des izmaksas)<\/span><\/p>\n<p><span style=\"color: #ff0000\">sazinieties ar mani par minim\u0101lo pas\u016bt\u012bjumu tikai 50 gab.! netiek p\u0101rdots maz\u0101k par 50 gab., <\/span>Tikai vairumtirdzniec\u012bba!<\/p>\n<p><img decoding=\"async\" class=\"alignnone size-medium wp-image-2638\" src=\"https:\/\/vapehosale.com\/wp-content\/uploads\/2023\/09\/885301ea6f5e0b91f5ab2b1c85e665c-300x295.png\" alt=\"RandM r\u016bpn\u012bca\" width=\"300\" height=\"295\" srcset=\"https:\/\/vapehosale.com\/wp-content\/uploads\/2023\/09\/885301ea6f5e0b91f5ab2b1c85e665c-300x295.png 300w, https:\/\/vapehosale.com\/wp-content\/uploads\/2023\/09\/885301ea6f5e0b91f5ab2b1c85e665c-600x589.png 600w, https:\/\/vapehosale.com\/wp-content\/uploads\/2023\/09\/885301ea6f5e0b91f5ab2b1c85e665c.png 670w\" sizes=\"(max-width: 300px) 100vw, 300px\" \/><\/p>\n<p>&nbsp;<\/p>","protected":false},"featured_media":3078,"comment_status":"open","ping_status":"closed","template":"","meta":{"_uag_custom_page_level_css":"","_lmt_disableupdate":"no","_lmt_disable":"","site-sidebar-layout":"default","site-content-layout":"","ast-site-content-layout":"default","site-content-style":"default","site-sidebar-style":"default","ast-global-header-display":"","ast-banner-title-visibility":"","ast-main-header-display":"","ast-hfb-above-header-display":"","ast-hfb-below-header-display":"","ast-hfb-mobile-header-display":"","site-post-title":"","ast-breadcrumbs-content":"","ast-featured-img":"","footer-sml-layout":"","theme-transparent-header-meta":"default","adv-header-id-meta":"","stick-header-meta":"","header-above-stick-meta":"","header-main-stick-meta":"","header-below-stick-meta":"","astra-migrate-meta-layouts":"set","_joinchat":[]},"product_cat":[15,41,55,87,89],"product_tag":[76,114,35,33],"class_list":["post-3069","product","type-product","status-publish","has-post-thumbnail","hentry","product_cat-vape-shop-wholesale","product_cat-europe-hot-sale-vape","product_cat-minimum-order-quantity-50pcs","product_cat-puff-30k-disposable-vape","product_cat-randm-fumot-vape","product_tag-airflow-control-vape","product_tag-fumot-vape","product_tag-rechargeable-disposable-device","product_tag-rgb-light-disposable-vape","desktop-align-left","tablet-align-left","mobile-align-left"],"yoast_head":"<!-- This site is optimized with the Yoast SEO plugin v21.1 - https:\/\/yoast.com\/wordpress\/plugins\/seo\/ -->\n<title>Wholesale Fumot Tornado 30000 Puffs Disposable Vape - Vape Wholesale<\/title>\n<meta name=\"description\" content=\"Wholesale Fumot Vape Tornado 30K Puffs Music Disposable Vape. Rechargeable, 30 flavors, lights sync with music. Buy now for ultimate vaping!\" \/>\n<meta name=\"robots\" content=\"index, follow, max-snippet:-1, max-image-preview:large, max-video-preview:-1\" \/>\n<link rel=\"canonical\" href=\"https:\/\/vapehosale.com\/lv\/product\/randm-fumot-tornado-30k-music-disposable-vape\/\" \/>\n<meta property=\"og:locale\" content=\"lv_LV\" \/>\n<meta property=\"og:type\" content=\"article\" \/>\n<meta property=\"og:title\" content=\"Wholesale Fumot Tornado 30000 Puffs Disposable Vape - Vape Wholesale\" \/>\n<meta property=\"og:description\" content=\"Wholesale Fumot Vape Tornado 30K Puffs Music Disposable Vape. Rechargeable, 30 flavors, lights sync with music. Buy now for ultimate vaping!\" \/>\n<meta property=\"og:url\" content=\"https:\/\/vapehosale.com\/lv\/product\/randm-fumot-tornado-30k-music-disposable-vape\/\" \/>\n<meta property=\"og:site_name\" content=\"Vape Wholesale\" \/>\n<meta property=\"article:modified_time\" content=\"2025-08-29T09:16:23+00:00\" \/>\n<meta property=\"og:image\" content=\"https:\/\/vapehosale.com\/wp-content\/uploads\/2024\/10\/Fumot-Vape-Wholesale-Store-Best-Prices.jpg\" \/>\n\t<meta property=\"og:image:width\" content=\"900\" \/>\n\t<meta property=\"og:image:height\" content=\"900\" \/>\n\t<meta property=\"og:image:type\" content=\"image\/jpeg\" \/>\n<meta name=\"twitter:card\" content=\"summary_large_image\" \/>\n<meta name=\"twitter:label1\" content=\"Est. reading time\" \/>\n\t<meta name=\"twitter:data1\" content=\"5 min\u016btes\" \/>\n<script type=\"application\/ld+json\" class=\"yoast-schema-graph\">{\"@context\":\"https:\/\/schema.org\",\"@graph\":[{\"@type\":\"WebPage\",\"@id\":\"https:\/\/vapehosale.com\/product\/randm-fumot-tornado-30k-music-disposable-vape\/\",\"url\":\"https:\/\/vapehosale.com\/product\/randm-fumot-tornado-30k-music-disposable-vape\/\",\"name\":\"Wholesale Fumot Tornado 30000 Puffs Disposable Vape - Vape Wholesale\",\"isPartOf\":{\"@id\":\"https:\/\/vapehosale.com\/#website\"},\"datePublished\":\"2024-10-19T08:19:55+00:00\",\"dateModified\":\"2025-08-29T09:16:23+00:00\",\"description\":\"Wholesale Fumot Vape Tornado 30K Puffs Music Disposable Vape. Rechargeable, 30 flavors, lights sync with music. Buy now for ultimate vaping!\",\"breadcrumb\":{\"@id\":\"https:\/\/vapehosale.com\/product\/randm-fumot-tornado-30k-music-disposable-vape\/#breadcrumb\"},\"inLanguage\":\"lv-LV\",\"potentialAction\":[{\"@type\":\"ReadAction\",\"target\":[\"https:\/\/vapehosale.com\/product\/randm-fumot-tornado-30k-music-disposable-vape\/\"]}]},{\"@type\":\"BreadcrumbList\",\"@id\":\"https:\/\/vapehosale.com\/product\/randm-fumot-tornado-30k-music-disposable-vape\/#breadcrumb\",\"itemListElement\":[{\"@type\":\"ListItem\",\"position\":1,\"name\":\"Home\",\"item\":\"https:\/\/vapehosale.com\/\"},{\"@type\":\"ListItem\",\"position\":2,\"name\":\"Best Sell Vapes\",\"item\":\"https:\/\/vapehosale.com\/vape-shop\/\"},{\"@type\":\"ListItem\",\"position\":3,\"name\":\"Wholesale Fumot Tornado 30000 Puffs Disposable Vape\"}]},{\"@type\":\"WebSite\",\"@id\":\"https:\/\/vapehosale.com\/#website\",\"url\":\"https:\/\/vapehosale.com\/\",\"name\":\"Vape Wholesale\",\"description\":\"Buy Vape Wholesale Price Near you\",\"potentialAction\":[{\"@type\":\"SearchAction\",\"target\":{\"@type\":\"EntryPoint\",\"urlTemplate\":\"https:\/\/vapehosale.com\/?s={search_term_string}\"},\"query-input\":\"required name=search_term_string\"}],\"inLanguage\":\"lv-LV\"}]}<\/script>\n<!-- \/ Yoast SEO plugin. -->","yoast_head_json":{"title":"Wholesale Fumot Tornado 30000 Puffs Disposable Vape - Vape Wholesale","description":"Wholesale Fumot Vape Tornado 30K Puffs Music Disposable Vape. Rechargeable, 30 flavors, lights sync with music. Buy now for ultimate vaping!","robots":{"index":"index","follow":"follow","max-snippet":"max-snippet:-1","max-image-preview":"max-image-preview:large","max-video-preview":"max-video-preview:-1"},"canonical":"https:\/\/vapehosale.com\/lv\/product\/randm-fumot-tornado-30k-music-disposable-vape\/","og_locale":"lv_LV","og_type":"article","og_title":"Wholesale Fumot Tornado 30000 Puffs Disposable Vape - Vape Wholesale","og_description":"Wholesale Fumot Vape Tornado 30K Puffs Music Disposable Vape. Rechargeable, 30 flavors, lights sync with music. Buy now for ultimate vaping!","og_url":"https:\/\/vapehosale.com\/lv\/product\/randm-fumot-tornado-30k-music-disposable-vape\/","og_site_name":"Vape Wholesale","article_modified_time":"2025-08-29T09:16:23+00:00","og_image":[{"width":900,"height":900,"url":"https:\/\/vapehosale.com\/wp-content\/uploads\/2024\/10\/Fumot-Vape-Wholesale-Store-Best-Prices.jpg","type":"image\/jpeg"}],"twitter_card":"summary_large_image","twitter_misc":{"Est. reading time":"5 min\u016btes"},"schema":{"@context":"https:\/\/schema.org","@graph":[{"@type":"WebPage","@id":"https:\/\/vapehosale.com\/product\/randm-fumot-tornado-30k-music-disposable-vape\/","url":"https:\/\/vapehosale.com\/product\/randm-fumot-tornado-30k-music-disposable-vape\/","name":"Wholesale Fumot Tornado 30000 Puffs Disposable Vape - Vape Wholesale","isPartOf":{"@id":"https:\/\/vapehosale.com\/#website"},"datePublished":"2024-10-19T08:19:55+00:00","dateModified":"2025-08-29T09:16:23+00:00","description":"Wholesale Fumot Vape Tornado 30K Puffs Music Disposable Vape. Rechargeable, 30 flavors, lights sync with music. Buy now for ultimate vaping!","breadcrumb":{"@id":"https:\/\/vapehosale.com\/product\/randm-fumot-tornado-30k-music-disposable-vape\/#breadcrumb"},"inLanguage":"lv-LV","potentialAction":[{"@type":"ReadAction","target":["https:\/\/vapehosale.com\/product\/randm-fumot-tornado-30k-music-disposable-vape\/"]}]},{"@type":"BreadcrumbList","@id":"https:\/\/vapehosale.com\/product\/randm-fumot-tornado-30k-music-disposable-vape\/#breadcrumb","itemListElement":[{"@type":"ListItem","position":1,"name":"Home","item":"https:\/\/vapehosale.com\/"},{"@type":"ListItem","position":2,"name":"Best Sell Vapes","item":"https:\/\/vapehosale.com\/vape-shop\/"},{"@type":"ListItem","position":3,"name":"Wholesale Fumot Tornado 30000 Puffs Disposable Vape"}]},{"@type":"WebSite","@id":"https:\/\/vapehosale.com\/#website","url":"https:\/\/vapehosale.com\/","name":"Vape Wholesale","description":"Buy Vape Wholesale Price Near you","potentialAction":[{"@type":"SearchAction","target":{"@type":"EntryPoint","urlTemplate":"https:\/\/vapehosale.com\/?s={search_term_string}"},"query-input":"required name=search_term_string"}],"inLanguage":"lv-LV"}]}},"uagb_featured_image_src":{"full":["https:\/\/vapehosale.com\/wp-content\/uploads\/2024\/10\/Fumot-Vape-Wholesale-Store-Best-Prices.jpg",900,900,false],"thumbnail":["https:\/\/vapehosale.com\/wp-content\/uploads\/2024\/10\/Fumot-Vape-Wholesale-Store-Best-Prices-150x150.jpg",150,150,true],"medium":["https:\/\/vapehosale.com\/wp-content\/uploads\/2024\/10\/Fumot-Vape-Wholesale-Store-Best-Prices-300x300.jpg",300,300,true],"medium_large":["https:\/\/vapehosale.com\/wp-content\/uploads\/2024\/10\/Fumot-Vape-Wholesale-Store-Best-Prices-768x768.jpg",768,768,true],"large":["https:\/\/vapehosale.com\/wp-content\/uploads\/2024\/10\/Fumot-Vape-Wholesale-Store-Best-Prices.jpg",900,900,false],"1536x1536":["https:\/\/vapehosale.com\/wp-content\/uploads\/2024\/10\/Fumot-Vape-Wholesale-Store-Best-Prices.jpg",900,900,false],"2048x2048":["https:\/\/vapehosale.com\/wp-content\/uploads\/2024\/10\/Fumot-Vape-Wholesale-Store-Best-Prices.jpg",900,900,false],"trp-custom-language-flag":["https:\/\/vapehosale.com\/wp-content\/uploads\/2024\/10\/Fumot-Vape-Wholesale-Store-Best-Prices.jpg",12,12,false],"woocommerce_thumbnail":["https:\/\/vapehosale.com\/wp-content\/uploads\/2024\/10\/Fumot-Vape-Wholesale-Store-Best-Prices-300x300.jpg",300,300,true],"woocommerce_single":["https:\/\/vapehosale.com\/wp-content\/uploads\/2024\/10\/Fumot-Vape-Wholesale-Store-Best-Prices-600x600.jpg",600,600,true],"woocommerce_gallery_thumbnail":["https:\/\/vapehosale.com\/wp-content\/uploads\/2024\/10\/Fumot-Vape-Wholesale-Store-Best-Prices-100x100.jpg",100,100,true],"wcpr-photo-reviews":["https:\/\/vapehosale.com\/wp-content\/uploads\/2024\/10\/Fumot-Vape-Wholesale-Store-Best-Prices.jpg",500,500,false]},"uagb_author_info":{"display_name":"Vicky hosale","author_link":"https:\/\/vapehosale.com\/lv\/author\/"},"uagb_comment_info":0,"uagb_excerpt":"Fumot Tornado 30000 Puffs Disposable Vape offers 30000 puffs, 30 flavors, a rechargeable 600mAh battery, and lights that sync with music. Enjoy long-lasting, flavorful vaping!(website price not include shipping cost) contact me for min order only 50 pcs! not sale under 50pcs, Wholesale only! &nbsp;","_links":{"self":[{"href":"https:\/\/vapehosale.com\/lv\/wp-json\/wp\/v2\/product\/3069","targetHints":{"allow":["GET"]}}],"collection":[{"href":"https:\/\/vapehosale.com\/lv\/wp-json\/wp\/v2\/product"}],"about":[{"href":"https:\/\/vapehosale.com\/lv\/wp-json\/wp\/v2\/types\/product"}],"replies":[{"embeddable":true,"href":"https:\/\/vapehosale.com\/lv\/wp-json\/wp\/v2\/comments?post=3069"}],"wp:featuredmedia":[{"embeddable":true,"href":"https:\/\/vapehosale.com\/lv\/wp-json\/wp\/v2\/media\/3078"}],"wp:attachment":[{"href":"https:\/\/vapehosale.com\/lv\/wp-json\/wp\/v2\/media?parent=3069"}],"wp:term":[{"taxonomy":"product_cat","embeddable":true,"href":"https:\/\/vapehosale.com\/lv\/wp-json\/wp\/v2\/product_cat?post=3069"},{"taxonomy":"product_tag","embeddable":true,"href":"https:\/\/vapehosale.com\/lv\/wp-json\/wp\/v2\/product_tag?post=3069"}],"curies":[{"name":"wp","href":"https:\/\/api.w.org\/{rel}","templated":true}]}}