{"id":1453,"date":"2023-09-19T10:02:58","date_gmt":"2023-09-19T10:02:58","guid":{"rendered":"https:\/\/vapehosale.com\/?post_type=product&#038;p=1453"},"modified":"2025-08-29T08:33:33","modified_gmt":"2025-08-29T08:33:33","slug":"randm-tornado-7000-puffs-disposable-vape","status":"publish","type":"product","link":"https:\/\/vapehosale.com\/lv\/product\/randm-tornado-7000-puffs-disposable-vape\/","title":{"rendered":"RandM Tornado 7000 Puffs Vienreizlietojamais Veips Vairumtirdzniec\u012bba"},"content":{"rendered":"<h1 style=\"text-align: center\">Vairumtirdzniec\u012bba RandM Tornado 7000 Pufi Vienreizlietojam\u0101 Vapa ?<\/h1>\n<p>RandM Tornado 7000 pufi ir vienreizlietojama vapa, kuru var regul\u0113t gaisa pl\u016bsmu, nepiecie\u0161ams tikai <span style=\"font-size: 16px\">maigi pagriezt apak\u0161\u0113jo gaisa pl\u016bsmas regul\u0113\u0161anas pogu, lai ieg\u016btu sev piem\u0113rotu pufi daudzumu, un tornado 7000 ir viena no vislab\u0101k p\u0101rdotaj\u0101m vienreizlietojamaj\u0101m vap\u0101m Tornado s\u0113rij\u0101. <span class=\"___SText_anxqe-ko_\" data-ui-name=\"Link.Text\">randm vapes 7k ar <\/span>unik\u0101lu dizainu, vizu\u0101ls e\u013c\u013cas kr\u016bzes dizains un RGB gaismas spr\u016bda at\u0161\u0137iras no vis\u0101m vienreizlietojamaj\u0101m vap\u0101m.<\/span><\/p>\n<p><img decoding=\"async\" class=\"alignnone size-full wp-image-3105\" src=\"https:\/\/vapehosale.com\/wp-content\/uploads\/2023\/09\/RandM-Tornado-7000-Puffs-Rechargeable-Disposable-Vape.jpg\" alt=\"RandM Tornado 7000 dvesmas uzl\u0101d\u0113jams vienreizlietojams vape\" width=\"1920\" height=\"1100\" srcset=\"https:\/\/vapehosale.com\/wp-content\/uploads\/2023\/09\/RandM-Tornado-7000-Puffs-Rechargeable-Disposable-Vape.jpg 1920w, https:\/\/vapehosale.com\/wp-content\/uploads\/2023\/09\/RandM-Tornado-7000-Puffs-Rechargeable-Disposable-Vape-300x172.jpg 300w, https:\/\/vapehosale.com\/wp-content\/uploads\/2023\/09\/RandM-Tornado-7000-Puffs-Rechargeable-Disposable-Vape-1024x587.jpg 1024w, https:\/\/vapehosale.com\/wp-content\/uploads\/2023\/09\/RandM-Tornado-7000-Puffs-Rechargeable-Disposable-Vape-768x440.jpg 768w, https:\/\/vapehosale.com\/wp-content\/uploads\/2023\/09\/RandM-Tornado-7000-Puffs-Rechargeable-Disposable-Vape-1536x880.jpg 1536w, https:\/\/vapehosale.com\/wp-content\/uploads\/2023\/09\/RandM-Tornado-7000-Puffs-Rechargeable-Disposable-Vape-600x344.jpg 600w\" sizes=\"(max-width: 1920px) 100vw, 1920px\" \/><\/p>\n<p>&nbsp;<\/p>\n<h2>Rick and Morty Vape 7k (RandM) Vienreizlietojam\u0101s Specifik\u0101cijas:<\/h2>\n<p>1.850mAh C tipa uzl\u0101d\u0113jams akumulators<br \/>\n2.14ml iepriek\u0161 uzpild\u012bta e-sula<br \/>\n3.2% un 5% Nikot\u012bns<br \/>\n4.Apmierina gandr\u012bz 7000 Pufi<br \/>\n5.Regul\u0113jama gaisa pl\u016bsma<br \/>\n6.RGB gaisma<\/p>\n<h2>RandM Tornado 7000 Gar\u0161u Saraksts:<\/h2>\n<p>1 .KOOL MINT<br \/>\n2. LUSH ICE<br \/>\n3. TANGER\u012aNA ICE<br \/>\n4. ZEME\u0145U P\u0100RMAI\u0145A<br \/>\n5. GUMIJAS L\u0100\u010cA<br \/>\n6. ZIL\u0100 OGLE ICE<br \/>\n7. MANGO AR LEDU<br \/>\n8. PERSIKU LEDUS<br \/>\n9. BAN\u0100NU LEDUS<br \/>\n10. VI\u0145OGU LEDUS<br \/>\n11. S\u0100RTA LIMON\u0100DE<br \/>\n12. PINA COLADA RUMS<br \/>\n13. JAUKTAS OGAS<br \/>\n14. BAN\u0100NU PIENA KOKTEILIS<br \/>\n15. ZEME\u0145U ARBUZS<br \/>\n16. SARKANAIS \u0100BOLS AR CITRONU<br \/>\n17. ANAN\u0100SU LEDUS<br \/>\n18. CUKURVATE<br \/>\n19. ZEMENES AR BAN\u0100NU<br \/>\n20. ZEME\u0145U LEDUS<br \/>\n21. ZEMENES AR KIVI<br \/>\n22. SARKANAIS ENER\u0122IJAS DZ\u0112RIENS AR LEDU<br \/>\n23. ZILO AVE\u0145U LIMON\u0100DE<br \/>\n24. SARKANAIS \u0100BOLS AR LEDU<br \/>\n25. OGU LIMON\u0100DE<br \/>\n26. MELLENU BUBBLEGUM<br \/>\n27.ZIL\u0100 AVENES<br \/>\n28.DR ZILS<br \/>\n29.\u0100BOLS PERSILS BUMBOLS<br \/>\n30.MELLE\u0145U GRAN\u0100T\u0100BOLS<br \/>\n31. VIMTO<br \/>\n32.KIVI PASIONA AUG\u013bU GUAVA<br \/>\n33.KOLAICE<br \/>\n34.SK\u0100B\u0100 \u0100BOLS<br \/>\n35.UPENJU M\u0112TRA<br \/>\n36.T\u012a\u0122ERA ASINIS<br \/>\n37.PERSIMONU ZIL\u0100S OGAS KONFEKTES<br \/>\n38.PERSIMONU MANGO<br \/>\n39.ZEMENES RED BULL<br \/>\n40.MELN\u0100S OGAS AR ledus gar\u0161u<br \/>\n41.ZEMENES, \u016aDENS MELONE, CITRON\u0100DE<br \/>\n42.\u0136IR\u0160U<br \/>\n43.ZIL\u0100 OGA, \u0136IR\u0160U<br \/>\n44. SKITTLES<br \/>\n45.ZIL\u0100S OGAS, AVENES<br \/>\n46.ZEMENES, V\u012aNOGAS<br \/>\n47.ZIL\u0100S OGAS, \u0136IR\u0160U, DZ\u0112RVENES<br \/>\n48.\u0100BOLS, OGU SPR\u0100\u0122IS<br \/>\n49.\u0136IR\u0160U KOLA<br \/>\n50.CITRONU<br \/>\n51.ROZ\u0100 SPR\u0100\u0122IS<br \/>\n52.PAKS\u012aGAIS V\u0112SS<br \/>\n53.LEDUS POPS<br \/>\n54.BINGO SPR\u0100\u0122IS<br \/>\n55.VIMTO SPR\u0100\u0122IS<br \/>\n56.TABAKA<\/p>\n<h3>K\u0101 lietot Randm Tornado 7000 Vape?<\/h3>\n<p>1. solis: atveriet aizz\u012bmogoto maisi\u0146u<br \/>\n2. solis: nopl\u0113siet uzl\u012bmi<br \/>\nP\u0113d\u0113jais solis: izvelciet silikona aizb\u0101zni un \u013caujiet tam nost\u0101v\u0113ties 3 min\u016btes, tad varat to lietot<\/p>\n<p>L\u016bdzu, uzman\u012bgi izlasiet RandM Tornado 7000 Puffs lieto\u0161anas instrukciju, lai izvair\u012btos no produkta probl\u0113m\u0101m, ko izraisa nepareiza lieto\u0161ana.<\/p>\n<h3>Randm Tornado Vapes 7000 uzl\u0101des instrukcijas:<\/h3>\n<p>1.Fumot RandM vape 7k nevar uzl\u0101d\u0113t ar \u0101tr\u0101s uzl\u0101des l\u0101d\u0113t\u0101ju, vienreiz\u0113j\u0101s lieto\u0161anas veipu standarta dro\u0161\u0101 jauda ir 5V 1A, ja izmantojat \u0101tr\u0101s uzl\u0101des l\u0101d\u0113t\u0101ju, tas tie\u0161i saboj\u0101s akumulatoru.<\/p>\n<p>2.Kad akumulators ir gandr\u012bz izl\u0101d\u0113jies, komplekta apak\u0161\u0101 iedegsies mirgojo\u0161a gaisma, ja j\u016btat, ka d\u016bmu daudzums nav liels, tas ir ar\u012b t\u0101p\u0113c, ka akumulatora jauda ir nepietiekama, un jums tas ir j\u0101uzl\u0101d\u0113 savlaic\u012bgi, pirms Fumot vape Tornados 7000 jauda ir izsmelta, pret\u0113j\u0101 gad\u012bjum\u0101 tas saboj\u0101s akumulatoru, k\u0101 rezult\u0101t\u0101 e-cigareti nevar\u0113s lietot.<\/p>\n<h3>Fumot Vape Tornado 7000 Puffs galven\u0101s iez\u012bmes un priek\u0161roc\u012bbas<\/h3>\n<ol>\n<li><strong>T\u012bkla spoles tehnolo\u0123ija \u2013 vair\u0101k tvaiku, lab\u0101ka gar\u0161a<\/strong>: RandM vapes 7000 Puffs izmanto modernu t\u012bkla spoles tehnolo\u0123iju, nodro\u0161inot bl\u012bv\u0101ku tvaiku un bag\u0101t\u012bg\u0101ku gar\u0161u. T\u012bkla spoles silda vienm\u0113r\u012bg\u0101k nek\u0101 tradicion\u0101l\u0101s spoles, nodro\u0161inot, ka katrs dvesms ir maigs un gar\u0161as pilns.<\/li>\n<li><strong>Nopl\u016bdes necaurlaid\u012bgs dizains ar e\u013c\u013cas spoles atdal\u012b\u0161anu<\/strong>: Pateicoties inovat\u012bvajam e\u013c\u013cas spoles atdal\u012b\u0161anas dizainam, \u0161is veips ir \u013coti iztur\u012bgs pret nopl\u016bdi, un atdal\u012bt\u0101 strukt\u016bra uzlabo ier\u012bces stabilit\u0101ti, nodro\u0161inot t\u012bru un konsekventu tvaic\u0113\u0161anas pieredzi.<\/li>\n<li><strong>8 sekun\u017eu autom\u0101tisk\u0101 blo\u0137\u0113\u0161ana, lai nov\u0113rstu spoles apdeg\u0161anu<\/strong>: Ar ieb\u016bv\u0113to 8 sekun\u017eu autom\u0101tisk\u0101s blo\u0137\u0113\u0161anas funkciju, RandM Tornado nov\u0113r\u0161 spoles izdeg\u0161anu, autom\u0101tiski apst\u0101joties p\u0113c 8 sekund\u0113m nep\u0101rtrauktas ieelpas. \u0160\u012b funkcija uzlabo ier\u012bces ilgm\u016b\u017e\u012bbu un nodro\u0161ina dro\u0161u lieto\u0161anu.<\/li>\n<li><strong>Regul\u0113jama gaisa pl\u016bsmas kontrole<\/strong>: varat viegli piel\u0101got gaisa pl\u016bsmu, lai piel\u0101gotu savu tvaic\u0113\u0161anas pieredzi. Neatkar\u012bgi no t\u0101, vai v\u0113laties stingr\u0101ku vai br\u012bv\u0101ku vilk\u0161anu, \u0161\u012b funkcija \u013cauj kontrol\u0113t tvaiku bl\u012bvumu un ieelpas pretest\u012bbu, lai ieg\u016btu personaliz\u0113tu pieredzi.<\/li>\n<li><strong>RGB gaismas, kad tvaic\u0113jat<\/strong>: Katrs dvesms aktiviz\u0113 dinamiskas RGB gaismas, pievienojot jautru un stil\u012bgu vizu\u0101lu efektu. Lieliski piem\u0113rots lietot\u0101jiem, kuri v\u0113las, lai vi\u0146u veips izceltos ar modernu, kr\u0101sainu piesk\u0101rienu.<\/li>\n<\/ol>\n<p>Ar \u0161\u012bm funkcij\u0101m, veips <strong>RandM Tornado 7k Puffs atk\u0101rtoti uzl\u0101d\u0113jams<\/strong>\u00a0izce\u013cas k\u0101 augstas veiktsp\u0113jas ier\u012bce, kas pied\u0101v\u0101 lielisku gar\u0161u, piel\u0101gojamu gaisa pl\u016bsmu, nopl\u016bdes necaurlaid\u012bgu dizainu un uzkr\u012bto\u0161u RGB apgaismojumu. Ide\u0101li piem\u0113rots tvaic\u0113t\u0101jiem, kuri mekl\u0113 \u0113rt\u012bbas, stilu un izcilu funkcionalit\u0101ti.<\/p>\n<p><strong>Sazinieties ar p\u0101rdo\u0161anas mened\u017eeri Vikiju (WhatsApp +8618077105750), lai sa\u0146emtu liel\u0101ku atlaidi!<\/strong><\/p>\n<p><img decoding=\"async\" class=\"alignnone size-full wp-image-2638\" src=\"https:\/\/vapehosale.com\/wp-content\/uploads\/2023\/09\/885301ea6f5e0b91f5ab2b1c85e665c.png\" alt=\"RandM r\u016bpn\u012bca\" width=\"670\" height=\"658\" srcset=\"https:\/\/vapehosale.com\/wp-content\/uploads\/2023\/09\/885301ea6f5e0b91f5ab2b1c85e665c.png 670w, https:\/\/vapehosale.com\/wp-content\/uploads\/2023\/09\/885301ea6f5e0b91f5ab2b1c85e665c-300x295.png 300w, https:\/\/vapehosale.com\/wp-content\/uploads\/2023\/09\/885301ea6f5e0b91f5ab2b1c85e665c-600x589.png 600w\" sizes=\"(max-width: 670px) 100vw, 670px\" \/><\/p>\n<p>Vair\u0101k aktu\u0101lu vape, kas jums var\u0113tu noder\u0113t<\/p>\n<div class=\"sm-table-layout__cell sm-table-layout__cell_align_left sm-table-layout__cell_fixed-cell_phrase\" role=\"cell\" data-testid=\"table-cell-keyword\">\n<div class=\"sm-cell-phrase\">\n<p><a href=\"https:\/\/vapehosale.com\/lv\/product-category\/9000-vape\/\">RandM vienreiz\u0113j\u0101s lieto\u0161anas vape vairumtirdzniec\u012bba \u0161eit<span class=\"x19la9d6 x1fc57z9 x6ikm8r x10wlt62 x19co3pv x1g5zs5t xfibh0p xiy17q3 x1xsqp64 x1lkfr7t xexx8yu xyri2b x18d9i69 x1c1uobl\"><span class=\"xrtxmta x1bhl96m\">\ud83d\udc48<\/span><\/span><\/a><\/p>\n<div class=\"sm-cell-phrase__addons-container\"><a href=\"https:\/\/vapehosale.com\/lv\/product\/randm-fumot-tornado-30k-music-disposable-vape\/\">Fumot Vape RandM Vape <\/a><span class=\"___SText_anxqe-kmt_\" data-ui-name=\"Link.Text\">tornado 30k M\u016bzika<br \/>\n<a href=\"https:\/\/vapehosale.com\/lv\/product-category\/7000-puffs-disposable-vape\/\">7000 dvesmu vienreiz\u0113j\u0101s lieto\u0161anas vape, karst\u0101 p\u0101rdo\u0161ana tagad!<\/a><\/span><\/div>\n<\/div>\n<\/div>\n<p>Sazinieties, lai sa\u0146emtu produktu katalogu:<a href=\"https:\/\/wa.me\/8618077105750\">Iepirkties tagad<\/a><\/p>","protected":false},"excerpt":{"rendered":"<p>Randm tornados 7k uzl\u0101d\u0113jama vienreizlietojama vape, kas satur 14 ml e-\u0161\u0137idruma un 850mah uzl\u0101d\u0113jamu akumulatoru, katrs fumot 7k vapes var nodro\u0161in\u0101t 7000 dvesienus, 40+ gar\u0161as ir pieejamas noliktav\u0101, gaida, kad izv\u0113l\u0113sieties \u0161odien!<span style=\"color: #ff0000\">(vietnes cena neietver pieg\u0101des izmaksas)<\/span><br \/>\n<span style=\"color: #000000\">Sazinieties ar Vikiju, lai sa\u0146emtu liel\u0101ku atlaidi, RandM vape vairumtirdzniec\u012bba minim\u0101lais pas\u016bt\u012bjums ir tikai 50 gab.!<\/span><\/p>\n<p><img decoding=\"async\" class=\"alignnone size-medium wp-image-2638\" src=\"https:\/\/vapehosale.com\/wp-content\/uploads\/2023\/09\/885301ea6f5e0b91f5ab2b1c85e665c-300x295.png\" alt=\"RandM r\u016bpn\u012bca\" width=\"300\" height=\"295\" srcset=\"https:\/\/vapehosale.com\/wp-content\/uploads\/2023\/09\/885301ea6f5e0b91f5ab2b1c85e665c-300x295.png 300w, https:\/\/vapehosale.com\/wp-content\/uploads\/2023\/09\/885301ea6f5e0b91f5ab2b1c85e665c-600x589.png 600w, https:\/\/vapehosale.com\/wp-content\/uploads\/2023\/09\/885301ea6f5e0b91f5ab2b1c85e665c.png 670w\" sizes=\"(max-width: 300px) 100vw, 300px\" \/><\/p>\n<p><span style=\"color: #ff0000\">PIEZ\u012aME: Vietnes cen\u0101 nav iek\u013cautas pieg\u0101des izmaksas. L\u016bdzu, nor\u0101diet savu pasta indeksu, lai p\u0101rbaud\u012btu pieg\u0101des izmaksas.<\/span><\/p>","protected":false},"featured_media":3104,"comment_status":"closed","ping_status":"closed","template":"","meta":{"_uag_custom_page_level_css":"","_lmt_disableupdate":"no","_lmt_disable":"","site-sidebar-layout":"default","site-content-layout":"","ast-site-content-layout":"default","site-content-style":"default","site-sidebar-style":"default","ast-global-header-display":"","ast-banner-title-visibility":"","ast-main-header-display":"","ast-hfb-above-header-display":"","ast-hfb-below-header-display":"","ast-hfb-mobile-header-display":"","site-post-title":"","ast-breadcrumbs-content":"","ast-featured-img":"","footer-sml-layout":"","theme-transparent-header-meta":"default","adv-header-id-meta":"","stick-header-meta":"","header-above-stick-meta":"","header-main-stick-meta":"","header-below-stick-meta":"","astra-migrate-meta-layouts":"set","_joinchat":[]},"product_cat":[15,41,55,89,91],"product_tag":[32,114,31,33],"class_list":["post-1453","product","type-product","status-publish","has-post-thumbnail","hentry","product_cat-vape-shop-wholesale","product_cat-europe-hot-sale-vape","product_cat-minimum-order-quantity-50pcs","product_cat-randm-fumot-vape","product_cat-7000-puffs-disposable-vape","product_tag-7000-puffs-disposable-vape","product_tag-fumot-vape","product_tag-randm-tornado-vape","product_tag-rgb-light-disposable-vape","desktop-align-left","tablet-align-left","mobile-align-left"],"yoast_head":"<!-- This site is optimized with the Yoast SEO plugin v21.1 - https:\/\/yoast.com\/wordpress\/plugins\/seo\/ -->\n<title>Wholesale RandM Tornado 7000 Puffs Disposable Vape - Vape Wholesale<\/title>\n<meta name=\"description\" content=\"RandM Tornado 7000 Puffs Rechargeable Vape with mesh coil, leak-proof design, RGB lights, and adjustable airflow for the ultimate vaping experience\" \/>\n<meta name=\"robots\" content=\"index, follow, max-snippet:-1, max-image-preview:large, max-video-preview:-1\" \/>\n<link rel=\"canonical\" href=\"https:\/\/vapehosale.com\/lv\/product\/randm-tornado-7000-puffs-disposable-vape\/\" \/>\n<meta property=\"og:locale\" content=\"lv_LV\" \/>\n<meta property=\"og:type\" content=\"article\" \/>\n<meta property=\"og:title\" content=\"Wholesale RandM Tornado 7000 Puffs Disposable Vape - Vape Wholesale\" \/>\n<meta property=\"og:description\" content=\"RandM Tornado 7000 Puffs Rechargeable Vape with mesh coil, leak-proof design, RGB lights, and adjustable airflow for the ultimate vaping experience\" \/>\n<meta property=\"og:url\" content=\"https:\/\/vapehosale.com\/lv\/product\/randm-tornado-7000-puffs-disposable-vape\/\" \/>\n<meta property=\"og:site_name\" content=\"Vape Wholesale\" \/>\n<meta property=\"article:modified_time\" content=\"2025-08-29T08:33:33+00:00\" \/>\n<meta property=\"og:image\" content=\"https:\/\/vapehosale.com\/wp-content\/uploads\/2023\/09\/RandM-Factory-Direct-7000-Puffs-RGB-Vape.jpg\" \/>\n\t<meta property=\"og:image:width\" content=\"1440\" \/>\n\t<meta property=\"og:image:height\" content=\"1800\" \/>\n\t<meta property=\"og:image:type\" content=\"image\/jpeg\" \/>\n<meta name=\"twitter:card\" content=\"summary_large_image\" \/>\n<meta name=\"twitter:label1\" content=\"Est. reading time\" \/>\n\t<meta name=\"twitter:data1\" content=\"4 min\u016btes\" \/>\n<script type=\"application\/ld+json\" class=\"yoast-schema-graph\">{\"@context\":\"https:\/\/schema.org\",\"@graph\":[{\"@type\":\"WebPage\",\"@id\":\"https:\/\/vapehosale.com\/product\/randm-tornado-7000-puffs-disposable-vape\/\",\"url\":\"https:\/\/vapehosale.com\/product\/randm-tornado-7000-puffs-disposable-vape\/\",\"name\":\"Wholesale RandM Tornado 7000 Puffs Disposable Vape - Vape Wholesale\",\"isPartOf\":{\"@id\":\"https:\/\/vapehosale.com\/#website\"},\"datePublished\":\"2023-09-19T10:02:58+00:00\",\"dateModified\":\"2025-08-29T08:33:33+00:00\",\"description\":\"RandM Tornado 7000 Puffs Rechargeable Vape with mesh coil, leak-proof design, RGB lights, and adjustable airflow for the ultimate vaping experience\",\"breadcrumb\":{\"@id\":\"https:\/\/vapehosale.com\/product\/randm-tornado-7000-puffs-disposable-vape\/#breadcrumb\"},\"inLanguage\":\"lv-LV\",\"potentialAction\":[{\"@type\":\"ReadAction\",\"target\":[\"https:\/\/vapehosale.com\/product\/randm-tornado-7000-puffs-disposable-vape\/\"]}]},{\"@type\":\"BreadcrumbList\",\"@id\":\"https:\/\/vapehosale.com\/product\/randm-tornado-7000-puffs-disposable-vape\/#breadcrumb\",\"itemListElement\":[{\"@type\":\"ListItem\",\"position\":1,\"name\":\"Home\",\"item\":\"https:\/\/vapehosale.com\/\"},{\"@type\":\"ListItem\",\"position\":2,\"name\":\"Best Sell Vapes\",\"item\":\"https:\/\/vapehosale.com\/vape-shop\/\"},{\"@type\":\"ListItem\",\"position\":3,\"name\":\"Wholesale RandM Tornado 7000 Puffs Disposable Vape\"}]},{\"@type\":\"WebSite\",\"@id\":\"https:\/\/vapehosale.com\/#website\",\"url\":\"https:\/\/vapehosale.com\/\",\"name\":\"Vape Wholesale\",\"description\":\"Buy Vape Wholesale Price Near you\",\"potentialAction\":[{\"@type\":\"SearchAction\",\"target\":{\"@type\":\"EntryPoint\",\"urlTemplate\":\"https:\/\/vapehosale.com\/?s={search_term_string}\"},\"query-input\":\"required name=search_term_string\"}],\"inLanguage\":\"lv-LV\"}]}<\/script>\n<!-- \/ Yoast SEO plugin. -->","yoast_head_json":{"title":"Wholesale RandM Tornado 7000 Puffs Disposable Vape - Vape Wholesale","description":"RandM Tornado 7000 Puffs Rechargeable Vape with mesh coil, leak-proof design, RGB lights, and adjustable airflow for the ultimate vaping experience","robots":{"index":"index","follow":"follow","max-snippet":"max-snippet:-1","max-image-preview":"max-image-preview:large","max-video-preview":"max-video-preview:-1"},"canonical":"https:\/\/vapehosale.com\/lv\/product\/randm-tornado-7000-puffs-disposable-vape\/","og_locale":"lv_LV","og_type":"article","og_title":"Wholesale RandM Tornado 7000 Puffs Disposable Vape - Vape Wholesale","og_description":"RandM Tornado 7000 Puffs Rechargeable Vape with mesh coil, leak-proof design, RGB lights, and adjustable airflow for the ultimate vaping experience","og_url":"https:\/\/vapehosale.com\/lv\/product\/randm-tornado-7000-puffs-disposable-vape\/","og_site_name":"Vape Wholesale","article_modified_time":"2025-08-29T08:33:33+00:00","og_image":[{"width":1440,"height":1800,"url":"https:\/\/vapehosale.com\/wp-content\/uploads\/2023\/09\/RandM-Factory-Direct-7000-Puffs-RGB-Vape.jpg","type":"image\/jpeg"}],"twitter_card":"summary_large_image","twitter_misc":{"Est. reading time":"4 min\u016btes"},"schema":{"@context":"https:\/\/schema.org","@graph":[{"@type":"WebPage","@id":"https:\/\/vapehosale.com\/product\/randm-tornado-7000-puffs-disposable-vape\/","url":"https:\/\/vapehosale.com\/product\/randm-tornado-7000-puffs-disposable-vape\/","name":"Wholesale RandM Tornado 7000 Puffs Disposable Vape - Vape Wholesale","isPartOf":{"@id":"https:\/\/vapehosale.com\/#website"},"datePublished":"2023-09-19T10:02:58+00:00","dateModified":"2025-08-29T08:33:33+00:00","description":"RandM Tornado 7000 Puffs Rechargeable Vape with mesh coil, leak-proof design, RGB lights, and adjustable airflow for the ultimate vaping experience","breadcrumb":{"@id":"https:\/\/vapehosale.com\/product\/randm-tornado-7000-puffs-disposable-vape\/#breadcrumb"},"inLanguage":"lv-LV","potentialAction":[{"@type":"ReadAction","target":["https:\/\/vapehosale.com\/product\/randm-tornado-7000-puffs-disposable-vape\/"]}]},{"@type":"BreadcrumbList","@id":"https:\/\/vapehosale.com\/product\/randm-tornado-7000-puffs-disposable-vape\/#breadcrumb","itemListElement":[{"@type":"ListItem","position":1,"name":"Home","item":"https:\/\/vapehosale.com\/"},{"@type":"ListItem","position":2,"name":"Best Sell Vapes","item":"https:\/\/vapehosale.com\/vape-shop\/"},{"@type":"ListItem","position":3,"name":"Wholesale RandM Tornado 7000 Puffs Disposable Vape"}]},{"@type":"WebSite","@id":"https:\/\/vapehosale.com\/#website","url":"https:\/\/vapehosale.com\/","name":"Vape Wholesale","description":"Buy Vape Wholesale Price Near you","potentialAction":[{"@type":"SearchAction","target":{"@type":"EntryPoint","urlTemplate":"https:\/\/vapehosale.com\/?s={search_term_string}"},"query-input":"required name=search_term_string"}],"inLanguage":"lv-LV"}]}},"uagb_featured_image_src":{"full":["https:\/\/vapehosale.com\/wp-content\/uploads\/2023\/09\/RandM-Factory-Direct-7000-Puffs-RGB-Vape.jpg",1440,1800,false],"thumbnail":["https:\/\/vapehosale.com\/wp-content\/uploads\/2023\/09\/RandM-Factory-Direct-7000-Puffs-RGB-Vape-150x150.jpg",150,150,true],"medium":["https:\/\/vapehosale.com\/wp-content\/uploads\/2023\/09\/RandM-Factory-Direct-7000-Puffs-RGB-Vape-240x300.jpg",240,300,true],"medium_large":["https:\/\/vapehosale.com\/wp-content\/uploads\/2023\/09\/RandM-Factory-Direct-7000-Puffs-RGB-Vape-768x960.jpg",768,960,true],"large":["https:\/\/vapehosale.com\/wp-content\/uploads\/2023\/09\/RandM-Factory-Direct-7000-Puffs-RGB-Vape-819x1024.jpg",819,1024,true],"1536x1536":["https:\/\/vapehosale.com\/wp-content\/uploads\/2023\/09\/RandM-Factory-Direct-7000-Puffs-RGB-Vape-1229x1536.jpg",1229,1536,true],"2048x2048":["https:\/\/vapehosale.com\/wp-content\/uploads\/2023\/09\/RandM-Factory-Direct-7000-Puffs-RGB-Vape.jpg",1440,1800,false],"trp-custom-language-flag":["https:\/\/vapehosale.com\/wp-content\/uploads\/2023\/09\/RandM-Factory-Direct-7000-Puffs-RGB-Vape.jpg",10,12,false],"woocommerce_thumbnail":["https:\/\/vapehosale.com\/wp-content\/uploads\/2023\/09\/RandM-Factory-Direct-7000-Puffs-RGB-Vape-300x300.jpg",300,300,true],"woocommerce_single":["https:\/\/vapehosale.com\/wp-content\/uploads\/2023\/09\/RandM-Factory-Direct-7000-Puffs-RGB-Vape-600x750.jpg",600,750,true],"woocommerce_gallery_thumbnail":["https:\/\/vapehosale.com\/wp-content\/uploads\/2023\/09\/RandM-Factory-Direct-7000-Puffs-RGB-Vape-100x100.jpg",100,100,true],"wcpr-photo-reviews":["https:\/\/vapehosale.com\/wp-content\/uploads\/2023\/09\/RandM-Factory-Direct-7000-Puffs-RGB-Vape.jpg",400,500,false]},"uagb_author_info":{"display_name":"Vicky hosale","author_link":"https:\/\/vapehosale.com\/lv\/author\/"},"uagb_comment_info":8,"uagb_excerpt":"Randm tornados 7k rechargeable disposable vape that contains 14ml of e-liquid and an 850mah rechargeable battery,\u00a0 each fumot 7k vapes can provide 7000 puffs, 40+ flavor instock, waittinig for you to choose today!(website price not include shipping cost) Contact vikcy for more disscount,RandM vape wholesale min order only need 50pcs! NOTE: The website price does&hellip;","_links":{"self":[{"href":"https:\/\/vapehosale.com\/lv\/wp-json\/wp\/v2\/product\/1453","targetHints":{"allow":["GET"]}}],"collection":[{"href":"https:\/\/vapehosale.com\/lv\/wp-json\/wp\/v2\/product"}],"about":[{"href":"https:\/\/vapehosale.com\/lv\/wp-json\/wp\/v2\/types\/product"}],"replies":[{"embeddable":true,"href":"https:\/\/vapehosale.com\/lv\/wp-json\/wp\/v2\/comments?post=1453"}],"wp:featuredmedia":[{"embeddable":true,"href":"https:\/\/vapehosale.com\/lv\/wp-json\/wp\/v2\/media\/3104"}],"wp:attachment":[{"href":"https:\/\/vapehosale.com\/lv\/wp-json\/wp\/v2\/media?parent=1453"}],"wp:term":[{"taxonomy":"product_cat","embeddable":true,"href":"https:\/\/vapehosale.com\/lv\/wp-json\/wp\/v2\/product_cat?post=1453"},{"taxonomy":"product_tag","embeddable":true,"href":"https:\/\/vapehosale.com\/lv\/wp-json\/wp\/v2\/product_tag?post=1453"}],"curies":[{"name":"wp","href":"https:\/\/api.w.org\/{rel}","templated":true}]}}