{"id":6725,"date":"2026-05-11T03:55:42","date_gmt":"2026-05-11T03:55:42","guid":{"rendered":"https:\/\/vapehosale.com\/?post_type=product&#038;p=6725"},"modified":"2026-05-11T09:36:42","modified_gmt":"2026-05-11T09:36:42","slug":"vapme-digital-box-50000-puffs-disposable-vape","status":"publish","type":"product","link":"https:\/\/vapehosale.com\/lt\/product\/vapme-digital-box-50000-puffs-disposable-vape\/","title":{"rendered":"Vapme Digital Box 50K \u012ftraukim\u0173 vienkartinis garinimo prietaisas"},"content":{"rendered":"<h2>Per\u017eenk ribas: iki 50000 \u012ftraukim\u0173 neprilygstamo veikimo<\/h2>\n<p data-start=\"117\" data-end=\"386\">Vapme Digital Box 50K \u012ftraukim\u0173 yra daugiau nei tik vienkartin\u0117 elektronin\u0117 cigaret\u0117. Tai naujas etalonas itin ilgaam\u017ei\u0161kam garinimo veikimui. \u012erengtas pa\u017eangia e-skys\u010dio valdymo sistema, \u0161is didel\u0117s talpos \u012frenginys suteikia iki 50 000 \u0161velni\u0173 ir skani\u0173 \u012ftraukim\u0173.<\/p>\n<p data-start=\"388\" data-end=\"584\">Nesvarbu, ar keliaujate, va\u017eiuojate \u012f darb\u0105, ar naudojate Vapme Digital Box 50K vis\u0105 dien\u0105, Vapme Digital Box 50K sukurtas tarnauti savaites ar net m\u0117nesius, pa\u0161alinant da\u017en\u0173 pakeitim\u0173 poreik\u012f.<br \/>\n<img decoding=\"async\" class=\"alignnone size-full wp-image-6723\" src=\"https:\/\/vapehosale.com\/wp-content\/uploads\/2026\/05\/Best-Vapme-Digital-Box-50k-flavors-list.webp\" alt=\"Geriausi\u0173 Vapme Digital Box 50k skoni\u0173 s\u0105ra\u0161as\" width=\"1000\" height=\"666\" srcset=\"https:\/\/vapehosale.com\/wp-content\/uploads\/2026\/05\/Best-Vapme-Digital-Box-50k-flavors-list.webp 1000w, https:\/\/vapehosale.com\/wp-content\/uploads\/2026\/05\/Best-Vapme-Digital-Box-50k-flavors-list-300x200.webp 300w, https:\/\/vapehosale.com\/wp-content\/uploads\/2026\/05\/Best-Vapme-Digital-Box-50k-flavors-list-768x511.webp 768w, https:\/\/vapehosale.com\/wp-content\/uploads\/2026\/05\/Best-Vapme-Digital-Box-50k-flavors-list-18x12.webp 18w, https:\/\/vapehosale.com\/wp-content\/uploads\/2026\/05\/Best-Vapme-Digital-Box-50k-flavors-list-600x400.webp 600w\" sizes=\"(max-width: 1000px) 100vw, 1000px\" \/><\/p>\n<h3 data-start=\"388\" data-end=\"584\">vapme skaitmenin\u0117 d\u0117\u017eut\u0117 50k technin\u0117s specifikacijos<\/h3>\n<table>\n<thead>\n<tr>\n<th>Specifikacija<\/th>\n<th>I\u0161sami informacija<\/th>\n<\/tr>\n<\/thead>\n<tbody>\n<tr>\n<td>Prek\u0117<\/td>\n<td>Vapme<\/td>\n<\/tr>\n<tr>\n<td>Modelis<\/td>\n<td>Skaitmenin\u0117 d\u0117\u017eut\u0117 50000<\/td>\n<\/tr>\n<tr>\n<td>\u012ep\u016btim\u0173 skai\u010dius<\/td>\n<td>Iki 50 000 p\u016btim\u0173<\/td>\n<\/tr>\n<tr>\n<td>Nikotino stiprumas<\/td>\n<td>\u00a02%, 5% nikotino druska<\/td>\n<\/tr>\n<tr>\n<td>E-skys\u010dio talpa<\/td>\n<td>Didelis i\u0161 anksto u\u017epildytas e-skys\u010dio rezervuaras<\/td>\n<\/tr>\n<tr>\n<td>Baterijos talpa<\/td>\n<td>650mAh gryno kobalto \u012fkraunama baterija<\/td>\n<\/tr>\n<tr>\n<td>\u012ekrovimo jungtis<\/td>\n<td>Greitas \u012fkrovimas per USB Type-C<\/td>\n<\/tr>\n<tr>\n<td>Kaitinimo galvut\u0117s tipas<\/td>\n<td>1.0\u03a9 dviguba tinklin\u0117 rit\u0117<\/td>\n<\/tr>\n<tr>\n<td>Ekranas<\/td>\n<td>LED skaitmeninis ekranas<\/td>\n<\/tr>\n<tr>\n<td>Vape'imo stilius<\/td>\n<td>MTL (i\u0161 burnos \u012f plau\u010dius)<\/td>\n<\/tr>\n<\/tbody>\n<\/table>\n<h3>Vapme Digital Box 50K \u012ftraukim\u0173 skoni\u0173 s\u0105ra\u0161as<\/h3>\n<p>1. M\u0117lyni\u0173 avie\u010di\u0173 ledas<br \/>\n2. Vy\u0161ni\u0173 ledas<br \/>\n3. Kivio pasiflor\u0173 gvajava<br \/>\n4. Bra\u0161ki\u0173 ledas<br \/>\n5. Bra\u0161ki\u0173 kivis<br \/>\n6. Bra\u0161ki\u0173 Red Bull<br \/>\n7. Bra\u0161ki\u0173 ir arb\u016bz\u0173<br \/>\n8. Arb\u016bzo ledas<br \/>\n9. Sulting\u0173 persik\u0173 ledas<br \/>\n10. Meil\u0117 66<br \/>\n11. Persik\u0173, mang\u0173, ananas\u0173<br \/>\n12. M\u0117lyn\u0173j\u0173 avie\u010di\u0173 limonadas<br \/>\n13. Vy\u0161ni\u0173 kola<br \/>\n14. Tropini\u0173 vaisi\u0173 pun\u0161as<br \/>\n15. Trigubas melion\u0173 ledas<br \/>\n16. Bra\u0161ki\u0173 ir banan\u0173 pieno kokteilis<br \/>\n17. Ponas m\u0117lynas<br \/>\n18.Bra\u0161ki\u0173, avie\u010di\u0173 saldainiai<br \/>\n19. Arb\u016bz\u0173 ir kivio ledas<br \/>\n20. M\u0117lyni\u0173, spanguoli\u0173, vy\u0161ni\u0173<\/p>\n<h3><a href=\"https:\/\/vapehosale.com\/lt\/product-category\/vapme-vape\/\"><strong class=\"Yjhzub\" data-sfc-root=\"c\" data-sfc-cb=\"\" data-complete=\"true\">Vapme vienkartini\u0173 garintuv\u0173 didmenin\u0117 prekyba <\/strong><\/a>Didmenininko kontaktai<\/h3>\n<p>\u2709\ufe0f El. pa\u0161tas: vicky@essenvape.com<br \/>\n\ud83d\udcde \u201eWhatsApp\u201c \/ Telefonas: <a href=\"https:\/\/wa.me\/8618077105750\">+8618077105750<\/a><br \/>\n\ud83d\udd58 Darbo laikas: 9:00\u201318:00<br \/>\n\ud83d\udccd Vieta: \u0160end\u017eenas<\/p>\n<p>\u2705 Didmenininkai ir platintojai kvie\u010diami pritaikyti u\u017esakymus<br \/>\n\u2705Pateikite auk\u0161\u010diausios kokyb\u0117s produktus ir profesionaliausias paslaugas.<\/p>\n<p><img decoding=\"async\" class=\"alignnone size-full wp-image-2638\" src=\"https:\/\/vapehosale.com\/wp-content\/uploads\/2023\/09\/885301ea6f5e0b91f5ab2b1c85e665c.png\" alt=\"RandM gamykla\" width=\"670\" height=\"658\" srcset=\"https:\/\/vapehosale.com\/wp-content\/uploads\/2023\/09\/885301ea6f5e0b91f5ab2b1c85e665c.png 670w, https:\/\/vapehosale.com\/wp-content\/uploads\/2023\/09\/885301ea6f5e0b91f5ab2b1c85e665c-300x295.png 300w, https:\/\/vapehosale.com\/wp-content\/uploads\/2023\/09\/885301ea6f5e0b91f5ab2b1c85e665c-600x589.png 600w\" sizes=\"(max-width: 670px) 100vw, 670px\" \/><\/p>\n<h2 data-start=\"2346\" data-end=\"2384\">Kod\u0117l verta rinktis Vapme 50K i\u0161man\u0173j\u012f ekran\u0105 turint\u012f garintuv\u0105?<\/h2>\n<ol data-start=\"2386\" data-end=\"2653\">\n<li data-start=\"2386\" data-end=\"2423\">Iki 50 000 \u012ftraukim\u0173 ilgesniam naudojimui<\/li>\n<li data-start=\"2424\" data-end=\"2478\">I\u0161manus LED ekranas baterijos ir e-skys\u010dio steb\u0117jimui<\/li>\n<li data-start=\"2479\" data-end=\"2524\">Dvigubas tinklelinis kaitinimo elementas geresniam skonio perdavimui<\/li>\n<li data-start=\"2525\" data-end=\"2575\">\u012ekraunama 650 mAh baterija su Type-C \u012fkrovimu<\/li>\n<li data-start=\"2576\" data-end=\"2612\">Keli nikotino stiprumo pasirinkimai<\/li>\n<li data-start=\"2613\" data-end=\"2653\">Kompakti\u0161kas dizainas su auk\u0161\u010diausios kokyb\u0117s ergonomika<\/li>\n<\/ol>\n<h3><strong>Pakuot\u0117s turinys:<\/strong><\/h3>\n<p>1 x Solaris 30 t\u016bkst. p\u016btim\u0173 vienkartinis vape Don Leon 1942<\/p>\n<h2 data-start=\"591\" data-end=\"649\">I\u0161manusis skaitmeninis ekranas: realaus laiko steb\u0117jimas vienu \u017evilgsniu<\/h2>\n<p data-start=\"651\" data-end=\"762\">Vapme Box stiliaus 50000 \u012ftraukim\u0173 integruotas auk\u0161tos rai\u0161kos skaitmeninis ekranas suteikia visi\u0161k\u0105 kontrol\u0119 j\u016bs\u0173 garinimo patir\u010diai, rodydamas:<\/p>\n<ol data-start=\"764\" data-end=\"818\">\n<li data-start=\"764\" data-end=\"791\">E-skys\u010dio lygio procentas<\/li>\n<li data-start=\"792\" data-end=\"818\">Baterijos lygio procentas<\/li>\n<\/ol>\n<p data-start=\"820\" data-end=\"916\">Tur\u0117dami tikslius realaus laiko duomenis, visada \u017einote, kada reikia \u012fkrauti arba pakeisti savo \u012frengin\u012f.<\/p>\n<h2 data-start=\"923\" data-end=\"980\">Dvigubos tinklelio spiral\u0117s technologija: Pagerintas skonio pastovumas<\/h2>\n<p data-start=\"982\" data-end=\"1086\">Vapme Dual Mesh 50000 Puffs Vape turi 1,0\u03a9 dvigubos tinklelio spiral\u0117s sistem\u0105, suprojektuot\u0105 greitam ir tolygiam kaitinimui.<\/p>\n<p data-start=\"1088\" data-end=\"1219\">Palyginti su tradiciniais vienos spiral\u0117s dizainais, dvigubos tinklelio strukt\u016bra padidina atomizacijos efektyvum\u0105 iki 50%, tod\u0117l:<\/p>\n<ol data-start=\"1221\" data-end=\"1358\">\n<li data-start=\"1221\" data-end=\"1248\">Stipresnis skonio intensyvumas<\/li>\n<li data-start=\"1249\" data-end=\"1276\">Lygesn\u0117 gar\u0173 gamyba<\/li>\n<li data-start=\"1277\" data-end=\"1306\">Pastovesnis veikimas<\/li>\n<li data-start=\"1307\" data-end=\"1358\">Pagerintas skonio i\u0161laikymas nuo pirmo iki paskutinio \u012ftraukimo<\/li>\n<\/ol>\n<p data-start=\"1360\" data-end=\"1448\">Nuo sald\u017ei\u0173 vaisi\u0173 mi\u0161ini\u0173 iki gaivi\u0173 mentolio profili\u0173 \u2013 kiekvienas \u012fkv\u0117pimas i\u0161lieka sodrus ir subalansuotas.<\/p>\n<h2 data-start=\"1455\" data-end=\"1491\">Ergonomi\u0161kas ir ne\u0161iojamas d\u0117\u017eut\u0117s dizainas<\/h2>\n<p data-start=\"1493\" data-end=\"1598\">Nepaisant didel\u0117s \u012ftraukimo talpos, Vapme Box Style 50000 Puffs i\u0161laiko kompakti\u0161k\u0105 ir patog\u0173 formos faktori\u0173.<\/p>\n<p data-start=\"1600\" data-end=\"1628\">Pagrindiniai dizaino privalumai:<\/p>\n<ul data-start=\"1630\" data-end=\"1759\">\n<li data-start=\"1630\" data-end=\"1658\">Neslystantis tekst\u016bruotas pavir\u0161ius<\/li>\n<li data-start=\"1659\" data-end=\"1688\">Patogus plok\u0161\u010dias kandiklis<\/li>\n<li data-start=\"1689\" data-end=\"1716\">Ki\u0161en\u0117je telpanti d\u0117\u017eut\u0117s forma<\/li>\n<li data-start=\"1717\" data-end=\"1759\">Optimizuota burnos \u012f plau\u010dius (MTL) garinimui<\/li>\n<\/ul>\n<p data-start=\"1761\" data-end=\"1833\">Vapme Smart Display vienkartinis vape jau\u010diasi saugiai rankoje ir patogiai naudojant ilg\u0105 laik\u0105.<\/p>\n<p>Susisiekite d\u0117l produkt\u0173 katalogo:<a href=\"https:\/\/wa.me\/8618077105750\">pirkti dabar, patikrinkite visas didmenines kainas<\/a><br \/>\nKiti populiariausi vape produktai, kuri\u0173 jums gali prireikti<\/p>\n<p><a href=\"https:\/\/vapehosale.com\/lt\/product-category\/vapme-vape\/\">Vapme Vape \u0161alia man\u0119s\ud83d\udc48\ud83c\udffb<\/a><br \/>\n<a href=\"https:\/\/vapehosale.com\/lt\/product-category\/wholesale-50k-puffs-disposable-vape\/\"><strong class=\"Yjhzub\" data-sfc-root=\"c\" data-sfc-cb=\"\" data-complete=\"true\">Vienkartin\u0117 elektronin\u0117 cigaret\u0117 50000 \u012ftraukim\u0173<\/strong><\/a><\/p>\n<p><a href=\"https:\/\/vapehosale.com\/lt\/product-category\/disposable-vape-in-european-warehouse\/\">Gauti ES sand\u0117lio vienkartini\u0173 garintuv\u0173 katalog\u0105 \u010dia\ud83d\udc48\ud83c\udffb<\/a><\/p>\n<h4>siuntimo laikas:<\/h4>\n<p>siun\u010diama i\u0161 sand\u0117lio Kinijoje<\/p>\n<p>1. Gamybos laikas: i\u0161siun\u010diama per 5 darbo dienas (gavus apmok\u0117jim\u0105)<\/p>\n<p>2. Pristatymo laikas: 10\u201314 dien\u0173 (\u0161ven\u010di\u0173 ir muitin\u0117s patikros atveju pristatymas gali v\u0117luoti.)<\/p>\n<h4>Apmok\u0117jimo b\u016bdai:<\/h4>\n<p>1. banko pavedimas\/western union\/wise\/revolut\/postepay \u2705<span style=\"color: #ff0000\"><span class=\"x1rg5ohu x16dsc37 x19la9d6 x1fc57z9 x6ikm8r x10wlt62 x19co3pv x11tp94h xw4jnvo x1qx5ct2 xfibh0p xiy17q3 x1xsqp64 x1lkfr7t xexx8yu xyri2b x18d9i69 x1c1uobl\"><span class=\"xrtxmta x1bhl96m\"><br \/>\n<\/span><\/span><\/span><span class=\"x1rg5ohu x16dsc37 x19la9d6 x1fc57z9 x6ikm8r x10wlt62 x19co3pv x11tp94h xw4jnvo x1qx5ct2 xfibh0p xiy17q3 x1xsqp64 x1lkfr7t xexx8yu xyri2b x18d9i69 x1c1uobl\"><span class=\"xrtxmta x1bhl96m\">2.<\/span><\/span><span class=\"x1rg5ohu x16dsc37 x19la9d6 x1fc57z9 x6ikm8r x10wlt62 x19co3pv x11tp94h xw4jnvo x1qx5ct2 xfibh0p xiy17q3 x1xsqp64 x1lkfr7t xexx8yu xyri2b x18d9i69 x1c1uobl\"><span class=\"xrtxmta x1bhl96m\">pasi\u016blymas i\u0161ra\u0161ytas s\u0105skait\u0105 fakt\u016br\u0105<br \/>\nproforma s\u0105skaita\u27a1\ufe0f\u012fmon\u0117s banko s\u0105skaita\u27a1\ufe0fmokes\u010di\u0173 informacija<br \/>\n3. nepalaiko <span style=\"color: #ff0000\">mok\u0117jimas pristatymo metu<\/span> dar\u274c<br \/>\n<\/span><\/span><\/p>\n<p>Visi m\u016bs\u0173 parduotuv\u0117s produktai yra 100% original\u016bs ir autenti\u0161ki, tod\u0117l de\u0161imteriopas kompensavimas u\u017e padirbtas prekes yra m\u016bs\u0173 parduotuv\u0117s politika.<\/p>\n<h5><span style=\"color: #ff0000\">Minimalus u\u017esakymas 50vnt<\/span><\/h5>","protected":false},"excerpt":{"rendered":"<p data-start=\"2414\" data-end=\"2672\">Vapme Digital Box 50000 \u012ftraukim\u0173 yra didel\u0117s talpos vienkartin\u0117 elektronin\u0117 cigaret\u0117, sukurta vartotojams, norintiems maksimalaus ilgaam\u017ei\u0161kumo ir auk\u0161\u010diausios kokyb\u0117s veikimo. Ji turi i\u0161man\u0173 LED ekran\u0105, kuris realiu laiku rodo baterijos ir e-skys\u010dio lyg\u012f, 1,0\u03a9 dvigub\u0105 tinklelio kaitinimo galvut\u0119, u\u017etikrinan\u010di\u0105 geresn\u012f skonio pastovum\u0105, ir 650mAh \u012fkraunam\u0105 baterij\u0105 su Type-C greitu \u012fkrovimu. Galima \u012fsigyti su 2% ir 5% nikotino stiprumu, \u0161is \u012frenginys suteikia iki 50 000 \u012ftraukim\u0173 kompakti\u0161kame ir ergonomi\u0161kame d\u0117\u017eut\u0117s dizaine.<br \/>\n<span style=\"color: #ff0000\">(svetain\u0117s kaina ne\u012fskai\u010diuoja pristatymo mokes\u010dio)<\/span><\/p>\n<p><span style=\"color: #ff0000\">MOQ: 50 vnt., susisiekite su Vicky d\u0117l vozol didmenin\u0117s katalogo dabar<\/span><\/p>\n<p><img decoding=\"async\" class=\"alignnone size-medium wp-image-2638\" src=\"https:\/\/vapehosale.com\/wp-content\/uploads\/2023\/09\/885301ea6f5e0b91f5ab2b1c85e665c-300x295.png\" alt=\"RandM gamykla\" width=\"300\" height=\"295\" srcset=\"https:\/\/vapehosale.com\/wp-content\/uploads\/2023\/09\/885301ea6f5e0b91f5ab2b1c85e665c-300x295.png 300w, https:\/\/vapehosale.com\/wp-content\/uploads\/2023\/09\/885301ea6f5e0b91f5ab2b1c85e665c-600x589.png 600w, https:\/\/vapehosale.com\/wp-content\/uploads\/2023\/09\/885301ea6f5e0b91f5ab2b1c85e665c.png 670w\" sizes=\"(max-width: 300px) 100vw, 300px\" \/><\/p>\n<p>&nbsp;<\/p>","protected":false},"featured_media":6719,"comment_status":"open","ping_status":"closed","template":"","meta":{"_uag_custom_page_level_css":"","_lmt_disableupdate":"no","_lmt_disable":"","site-sidebar-layout":"default","site-content-layout":"","ast-site-content-layout":"default","site-content-style":"default","site-sidebar-style":"default","ast-global-header-display":"","ast-banner-title-visibility":"","ast-main-header-display":"","ast-hfb-above-header-display":"","ast-hfb-below-header-display":"","ast-hfb-mobile-header-display":"","site-post-title":"","ast-breadcrumbs-content":"","ast-featured-img":"","footer-sml-layout":"","theme-transparent-header-meta":"default","adv-header-id-meta":"","stick-header-meta":"","header-above-stick-meta":"","header-main-stick-meta":"","header-below-stick-meta":"","astra-migrate-meta-layouts":"set","_joinchat":[]},"product_cat":[98,41,55,15,137],"product_tag":[35,53],"class_list":["post-6725","product","type-product","status-publish","has-post-thumbnail","hentry","product_cat-wholesale-50k-puffs-disposable-vape","product_cat-europe-hot-sale-vape","product_cat-minimum-order-quantity-50pcs","product_cat-vape-shop-wholesale","product_cat-vapme-vape","product_tag-rechargeable-disposable-device","product_tag-vapme-vape","desktop-align-left","tablet-align-left","mobile-align-left"],"yoast_head":"<!-- This site is optimized with the Yoast SEO plugin v21.1 - https:\/\/yoast.com\/wordpress\/plugins\/seo\/ -->\n<title>Vapme Digital Box 50K Puffs Disposable Vape - Vape Wholesale<\/title>\n<meta name=\"description\" content=\"Buy Vapme Digital Box 50000 Puffs with a smart LED display, dual mesh coil, 650mAh rechargeable battery, and Type-C charging for long-lasting flavor.\" \/>\n<meta name=\"robots\" content=\"index, follow, max-snippet:-1, max-image-preview:large, max-video-preview:-1\" \/>\n<link rel=\"canonical\" href=\"https:\/\/vapehosale.com\/lt\/product\/vapme-digital-box-50000-puffs-disposable-vape\/\" \/>\n<meta property=\"og:locale\" content=\"lt_LT\" \/>\n<meta property=\"og:type\" content=\"article\" \/>\n<meta property=\"og:title\" content=\"Vapme Digital Box 50K Puffs Disposable Vape - Vape Wholesale\" \/>\n<meta property=\"og:description\" content=\"Buy Vapme Digital Box 50000 Puffs with a smart LED display, dual mesh coil, 650mAh rechargeable battery, and Type-C charging for long-lasting flavor.\" \/>\n<meta property=\"og:url\" content=\"https:\/\/vapehosale.com\/lt\/product\/vapme-digital-box-50000-puffs-disposable-vape\/\" \/>\n<meta property=\"og:site_name\" content=\"Vape Wholesale\" \/>\n<meta property=\"article:modified_time\" content=\"2026-05-11T09:36:42+00:00\" \/>\n<meta property=\"og:image\" content=\"https:\/\/vapehosale.com\/wp-content\/uploads\/2026\/05\/Vapme-Digital-Box-50k-bulk-buy-discounts.webp\" \/>\n\t<meta property=\"og:image:width\" content=\"1000\" \/>\n\t<meta property=\"og:image:height\" content=\"1000\" \/>\n\t<meta property=\"og:image:type\" content=\"image\/webp\" \/>\n<meta name=\"twitter:card\" content=\"summary_large_image\" \/>\n<meta name=\"twitter:label1\" content=\"Est. reading time\" \/>\n\t<meta name=\"twitter:data1\" content=\"3 minut\u0117s\" \/>\n<script type=\"application\/ld+json\" class=\"yoast-schema-graph\">{\"@context\":\"https:\/\/schema.org\",\"@graph\":[{\"@type\":\"WebPage\",\"@id\":\"https:\/\/vapehosale.com\/product\/vapme-digital-box-50000-puffs-disposable-vape\/\",\"url\":\"https:\/\/vapehosale.com\/product\/vapme-digital-box-50000-puffs-disposable-vape\/\",\"name\":\"Vapme Digital Box 50K Puffs Disposable Vape - Vape Wholesale\",\"isPartOf\":{\"@id\":\"https:\/\/vapehosale.com\/#website\"},\"datePublished\":\"2026-05-11T03:55:42+00:00\",\"dateModified\":\"2026-05-11T09:36:42+00:00\",\"description\":\"Buy Vapme Digital Box 50000 Puffs with a smart LED display, dual mesh coil, 650mAh rechargeable battery, and Type-C charging for long-lasting flavor.\",\"breadcrumb\":{\"@id\":\"https:\/\/vapehosale.com\/product\/vapme-digital-box-50000-puffs-disposable-vape\/#breadcrumb\"},\"inLanguage\":\"lt-LT\",\"potentialAction\":[{\"@type\":\"ReadAction\",\"target\":[\"https:\/\/vapehosale.com\/product\/vapme-digital-box-50000-puffs-disposable-vape\/\"]}]},{\"@type\":\"BreadcrumbList\",\"@id\":\"https:\/\/vapehosale.com\/product\/vapme-digital-box-50000-puffs-disposable-vape\/#breadcrumb\",\"itemListElement\":[{\"@type\":\"ListItem\",\"position\":1,\"name\":\"Home\",\"item\":\"https:\/\/vapehosale.com\/\"},{\"@type\":\"ListItem\",\"position\":2,\"name\":\"Best Sell Vapes\",\"item\":\"https:\/\/vapehosale.com\/vape-shop\/\"},{\"@type\":\"ListItem\",\"position\":3,\"name\":\"Vapme Digital Box 50K Puffs Disposable Vape\"}]},{\"@type\":\"WebSite\",\"@id\":\"https:\/\/vapehosale.com\/#website\",\"url\":\"https:\/\/vapehosale.com\/\",\"name\":\"Vape Wholesale\",\"description\":\"Buy Vape Wholesale Price Near you\",\"potentialAction\":[{\"@type\":\"SearchAction\",\"target\":{\"@type\":\"EntryPoint\",\"urlTemplate\":\"https:\/\/vapehosale.com\/?s={search_term_string}\"},\"query-input\":\"required name=search_term_string\"}],\"inLanguage\":\"lt-LT\"}]}<\/script>\n<!-- \/ Yoast SEO plugin. -->","yoast_head_json":{"title":"Vapme Digital Box 50K Puffs Disposable Vape - Vape Wholesale","description":"Buy Vapme Digital Box 50000 Puffs with a smart LED display, dual mesh coil, 650mAh rechargeable battery, and Type-C charging for long-lasting flavor.","robots":{"index":"index","follow":"follow","max-snippet":"max-snippet:-1","max-image-preview":"max-image-preview:large","max-video-preview":"max-video-preview:-1"},"canonical":"https:\/\/vapehosale.com\/lt\/product\/vapme-digital-box-50000-puffs-disposable-vape\/","og_locale":"lt_LT","og_type":"article","og_title":"Vapme Digital Box 50K Puffs Disposable Vape - Vape Wholesale","og_description":"Buy Vapme Digital Box 50000 Puffs with a smart LED display, dual mesh coil, 650mAh rechargeable battery, and Type-C charging for long-lasting flavor.","og_url":"https:\/\/vapehosale.com\/lt\/product\/vapme-digital-box-50000-puffs-disposable-vape\/","og_site_name":"Vape Wholesale","article_modified_time":"2026-05-11T09:36:42+00:00","og_image":[{"width":1000,"height":1000,"url":"https:\/\/vapehosale.com\/wp-content\/uploads\/2026\/05\/Vapme-Digital-Box-50k-bulk-buy-discounts.webp","type":"image\/webp"}],"twitter_card":"summary_large_image","twitter_misc":{"Est. reading time":"3 minut\u0117s"},"schema":{"@context":"https:\/\/schema.org","@graph":[{"@type":"WebPage","@id":"https:\/\/vapehosale.com\/product\/vapme-digital-box-50000-puffs-disposable-vape\/","url":"https:\/\/vapehosale.com\/product\/vapme-digital-box-50000-puffs-disposable-vape\/","name":"Vapme Digital Box 50K Puffs Disposable Vape - Vape Wholesale","isPartOf":{"@id":"https:\/\/vapehosale.com\/#website"},"datePublished":"2026-05-11T03:55:42+00:00","dateModified":"2026-05-11T09:36:42+00:00","description":"Buy Vapme Digital Box 50000 Puffs with a smart LED display, dual mesh coil, 650mAh rechargeable battery, and Type-C charging for long-lasting flavor.","breadcrumb":{"@id":"https:\/\/vapehosale.com\/product\/vapme-digital-box-50000-puffs-disposable-vape\/#breadcrumb"},"inLanguage":"lt-LT","potentialAction":[{"@type":"ReadAction","target":["https:\/\/vapehosale.com\/product\/vapme-digital-box-50000-puffs-disposable-vape\/"]}]},{"@type":"BreadcrumbList","@id":"https:\/\/vapehosale.com\/product\/vapme-digital-box-50000-puffs-disposable-vape\/#breadcrumb","itemListElement":[{"@type":"ListItem","position":1,"name":"Home","item":"https:\/\/vapehosale.com\/"},{"@type":"ListItem","position":2,"name":"Best Sell Vapes","item":"https:\/\/vapehosale.com\/vape-shop\/"},{"@type":"ListItem","position":3,"name":"Vapme Digital Box 50K Puffs Disposable Vape"}]},{"@type":"WebSite","@id":"https:\/\/vapehosale.com\/#website","url":"https:\/\/vapehosale.com\/","name":"Vape Wholesale","description":"Buy Vape Wholesale Price Near you","potentialAction":[{"@type":"SearchAction","target":{"@type":"EntryPoint","urlTemplate":"https:\/\/vapehosale.com\/?s={search_term_string}"},"query-input":"required name=search_term_string"}],"inLanguage":"lt-LT"}]}},"uagb_featured_image_src":{"full":["https:\/\/vapehosale.com\/wp-content\/uploads\/2026\/05\/Vapme-Digital-Box-50k-bulk-buy-discounts.webp",1000,1000,false],"thumbnail":["https:\/\/vapehosale.com\/wp-content\/uploads\/2026\/05\/Vapme-Digital-Box-50k-bulk-buy-discounts-150x150.webp",150,150,true],"medium":["https:\/\/vapehosale.com\/wp-content\/uploads\/2026\/05\/Vapme-Digital-Box-50k-bulk-buy-discounts-300x300.webp",300,300,true],"medium_large":["https:\/\/vapehosale.com\/wp-content\/uploads\/2026\/05\/Vapme-Digital-Box-50k-bulk-buy-discounts-768x768.webp",768,768,true],"large":["https:\/\/vapehosale.com\/wp-content\/uploads\/2026\/05\/Vapme-Digital-Box-50k-bulk-buy-discounts.webp",1000,1000,false],"1536x1536":["https:\/\/vapehosale.com\/wp-content\/uploads\/2026\/05\/Vapme-Digital-Box-50k-bulk-buy-discounts.webp",1000,1000,false],"2048x2048":["https:\/\/vapehosale.com\/wp-content\/uploads\/2026\/05\/Vapme-Digital-Box-50k-bulk-buy-discounts.webp",1000,1000,false],"trp-custom-language-flag":["https:\/\/vapehosale.com\/wp-content\/uploads\/2026\/05\/Vapme-Digital-Box-50k-bulk-buy-discounts-12x12.webp",12,12,true],"woocommerce_thumbnail":["https:\/\/vapehosale.com\/wp-content\/uploads\/2026\/05\/Vapme-Digital-Box-50k-bulk-buy-discounts-300x300.webp",300,300,true],"woocommerce_single":["https:\/\/vapehosale.com\/wp-content\/uploads\/2026\/05\/Vapme-Digital-Box-50k-bulk-buy-discounts-600x600.webp",600,600,true],"woocommerce_gallery_thumbnail":["https:\/\/vapehosale.com\/wp-content\/uploads\/2026\/05\/Vapme-Digital-Box-50k-bulk-buy-discounts-100x100.webp",100,100,true],"wcpr-photo-reviews":["https:\/\/vapehosale.com\/wp-content\/uploads\/2026\/05\/Vapme-Digital-Box-50k-bulk-buy-discounts.webp",500,500,false]},"uagb_author_info":{"display_name":"Vicky hosale","author_link":"https:\/\/vapehosale.com\/lt\/author\/"},"uagb_comment_info":0,"uagb_excerpt":"Vapme Digital Box 50000 Puffs is a high-capacity disposable vape designed for users who want maximum longevity and premium performance. It features a smart LED display that shows battery and e-liquid levels in real time, a 1.0\u03a9 dual mesh coil for enhanced flavor consistency, and a 650mAh rechargeable battery with Type-C fast charging. Available in\u00a0&hellip;","_links":{"self":[{"href":"https:\/\/vapehosale.com\/lt\/wp-json\/wp\/v2\/product\/6725","targetHints":{"allow":["GET"]}}],"collection":[{"href":"https:\/\/vapehosale.com\/lt\/wp-json\/wp\/v2\/product"}],"about":[{"href":"https:\/\/vapehosale.com\/lt\/wp-json\/wp\/v2\/types\/product"}],"replies":[{"embeddable":true,"href":"https:\/\/vapehosale.com\/lt\/wp-json\/wp\/v2\/comments?post=6725"}],"wp:featuredmedia":[{"embeddable":true,"href":"https:\/\/vapehosale.com\/lt\/wp-json\/wp\/v2\/media\/6719"}],"wp:attachment":[{"href":"https:\/\/vapehosale.com\/lt\/wp-json\/wp\/v2\/media?parent=6725"}],"wp:term":[{"taxonomy":"product_cat","embeddable":true,"href":"https:\/\/vapehosale.com\/lt\/wp-json\/wp\/v2\/product_cat?post=6725"},{"taxonomy":"product_tag","embeddable":true,"href":"https:\/\/vapehosale.com\/lt\/wp-json\/wp\/v2\/product_tag?post=6725"}],"curies":[{"name":"wp","href":"https:\/\/api.w.org\/{rel}","templated":true}]}}