{"id":5756,"date":"2025-11-25T09:51:30","date_gmt":"2025-11-25T09:51:30","guid":{"rendered":"https:\/\/vapehosale.com\/?post_type=product&#038;p=5756"},"modified":"2025-11-26T06:51:18","modified_gmt":"2025-11-26T06:51:18","slug":"elf-bar-gh33000-pro-disposable-vape-eu-warehouse","status":"publish","type":"product","link":"https:\/\/vapehosale.com\/lt\/product\/elf-bar-gh33000-pro-disposable-vape-eu-warehouse\/","title":{"rendered":"ELF BAR GH33000 PRO Vienkartinis Vape Eu Sand\u0117lis"},"content":{"rendered":"<h1 style=\"text-align: center\">Didmenin\u0117 ELF BAR GH33000 PRO Vienkartinis Vape<\/h1>\n<p>ELFBAR GH 33000 PRO yra didel\u0117s talpos vienkartinis vape, sukurtas sunkiai ir ilgalaikei naudai, suteikiantis iki 33 000 \u012fkv\u0117pim\u0173 i\u0161 23 ml auk\u0161tos kokyb\u0117s elektroninio skys\u010dio. jo \u012fmontuota 850mAh baterija, tinklelio rit\u0117 ir trij\u0173 lygi\u0173 reguliuojama galia u\u017etikrina stabil\u0173 garavim\u0105 ir nuosekl\u0173 skon\u012f t\u016bkstan\u010diuose \u012fkv\u0117pim\u0173. i\u0161lenkta ekranas rodo gali\u0105 ir apytiksl\u012f \u012fkv\u0117pim\u0173 skai\u010di\u0173, o tipo-c jungtis leid\u017eia greitai \u012fkrauti. si\u016blomas 15 skirting\u0173 skoni\u0173 su 5% nikotino kiekiu.<br \/>\n<img decoding=\"async\" class=\"alignnone size-full wp-image-5765\" src=\"https:\/\/vapehosale.com\/wp-content\/uploads\/2025\/11\/elfbar-gh33000-pro-price.webp\" alt=\"elfbar gh33000 pro kaina\" width=\"800\" height=\"852\" srcset=\"https:\/\/vapehosale.com\/wp-content\/uploads\/2025\/11\/elfbar-gh33000-pro-price.webp 800w, https:\/\/vapehosale.com\/wp-content\/uploads\/2025\/11\/elfbar-gh33000-pro-price-282x300.webp 282w, https:\/\/vapehosale.com\/wp-content\/uploads\/2025\/11\/elfbar-gh33000-pro-price-768x818.webp 768w, https:\/\/vapehosale.com\/wp-content\/uploads\/2025\/11\/elfbar-gh33000-pro-price-11x12.webp 11w, https:\/\/vapehosale.com\/wp-content\/uploads\/2025\/11\/elfbar-gh33000-pro-price-600x639.webp 600w\" sizes=\"(max-width: 800px) 100vw, 800px\" \/><\/p>\n<h2 data-start=\"1511\" data-end=\"1526\">ELF BAR GH33000 PRO Pagrindin\u0117s savyb\u0117s:<\/h2>\n<p>Prek\u0117:ELFBAR<br \/>\nElektroninis skystis: 23ml<br \/>\n\u012ekv\u0117pimai: Iki 33 000<br \/>\nRit\u0117: Tinklelio rit\u0117<br \/>\nBaterija: 850mAh<br \/>\nPrievadas: C tipo<br \/>\nNikotinas: 5%<br \/>\nSkoniai: 15<br \/>\n3 lygi\u0173 reguliuojama galia<br \/>\nLenktas ekranas<\/p>\n<h2 data-start=\"1511\" data-end=\"1526\">ELF BAR GH33000 PRO Skoni\u0173 s\u0105ra\u0161as<\/h2>\n<p>1 Aviet\u0117 Greipfrutas Citrina<br \/>\n2 Greipfrutas aistra Guava<br \/>\n3 Vy\u0161nios Granatas Ananasas<br \/>\n4 Obuolys Kivi Ledas<br \/>\n5 Spygliukai<br \/>\n6 Kivi Ananasas Persikas<br \/>\n7 Citrina Limonas<br \/>\n8 Kaln\u0173 M\u0117t\u0173<br \/>\n9 Arb\u016bzo Ledas<br \/>\n10 Vynuogi\u0173 Ledas<br \/>\n11 R\u016bg\u0161tus Bra\u0161ki\u0173 Drakoni\u0173 vaisius<br \/>\n12 Granat\u0173 Sprogimas<br \/>\n13 Kriau\u0161i\u0173 Soda<br \/>\n14 M\u0117lynas Razz Ledas<br \/>\n15 Senel\u0117s Vy\u0161n\u0117<\/p>\n<h3 data-start=\"2071\" data-end=\"2079\">DUK apie ELFBAR GH33000 Puffs Pro vienkartin\u012f vape<\/h3>\n<p data-start=\"93\" data-end=\"405\"><strong data-start=\"93\" data-end=\"151\">kiek p\u016btim\u0173 gali suteikti ELFBAR GH 33000 PRO?<\/strong><br data-start=\"151\" data-end=\"154\" \/>\u012frenginys suprojektuotas iki <strong data-start=\"189\" data-end=\"205\">33 000 p\u016btim\u0173<\/strong> i\u0161 jo <strong data-start=\"215\" data-end=\"223\">23 ml<\/strong> elektrolito rezervuaro. tikras naudojimas \u0161iek tiek skiriasi priklausomai nuo p\u016btimo trukm\u0117s ir pasirinkto galios lygio, ta\u010diau dauguma intensyvi\u0173 naudotoj\u0173 patiria <strong data-start=\"352\" data-end=\"375\">daug savai\u010di\u0173 trukm\u0117s tarnavimo laik\u0105<\/strong> kol elektrolitas i\u0161sibaigs.<\/p>\n<p data-start=\"407\" data-end=\"682\"><strong data-start=\"407\" data-end=\"454\">2. ar ELFBAR GH 33000 PRO yra \u012fkraunamas?<\/strong><br data-start=\"454\" data-end=\"457\" \/>taip. jis turi <strong data-start=\"477\" data-end=\"508\">850 mAh \u012fkraunama baterija<\/strong> su <strong data-start=\"516\" data-end=\"540\">type-c \u012fkrovimo jungtis<\/strong>, leid\u017eianti \u012fkrauti per vis\u0105 jos tarnavimo laik\u0105. \u012frenginys lieka vienkartinis ir skirtas ilgalaikiam naudojimui, kol baigsis e-skystis.<\/p>\n<p data-start=\"684\" data-end=\"924\"><strong data-start=\"684\" data-end=\"747\">3. kokios nikotino stiprumo ir skonio galimyb\u0117s yra prieinamos ELF Bar GH33k p\u016btimuose?<\/strong><br data-start=\"747\" data-end=\"750\" \/>ELFBAR GH 33000 PRO turi <strong data-start=\"783\" data-end=\"798\">5% nikotino<\/strong> ir si\u016blo <strong data-start=\"810\" data-end=\"824\">15 skoni\u0173<\/strong>, \u012fskaitant vaisi\u0173, mentolio ir desert\u0173 profilius, u\u017etikrinant ai\u0161kius pasirinkimus be papildymo ar mai\u0161ymo.<\/p>\n<p data-start=\"926\" data-end=\"1176\"><strong data-start=\"926\" data-end=\"979\">4. k\u0105 daro ELF Bar vape GH33k pro p\u016btimuose trij\u0173 lygi\u0173 reguliuojama galia?<\/strong><br data-start=\"979\" data-end=\"982\" \/>tai <strong data-start=\"986\" data-end=\"1004\">3 galios lygiai<\/strong> leid\u017eia perjungti tarp \u017eemos, vidutin\u0117s ir auk\u0161tos i\u0161vesties. tai reguliuoja gerkl\u0117s sm\u016bg\u012f, garo tank\u012f ir akumuliatoriaus sunaudojim\u0105 \u2014 ma\u017eesn\u012f sklandiems \u012fkv\u0117pimams, didesn\u012f tankesniems debesims.<\/p>\n<p data-start=\"1178\" data-end=\"1419\"><strong data-start=\"1178\" data-end=\"1230\">5. kaip ELF Bar vienkartinis vape GH33000 puffs pro i\u0161lenktas ekranas padeda naudojantis?<\/strong><br data-start=\"1230\" data-end=\"1233\" \/>i\u0161lenktas ekranas rodo <strong data-start=\"1257\" data-end=\"1272\">galia<\/strong> ir <strong data-start=\"1277\" data-end=\"1301\">\u012fvertintas p\u016btim\u0173 skai\u010dius<\/strong>, padedantis steb\u0117ti likus\u012f tarnavimo laik\u0105 ir tiksliai reguliuoti nustatymus, kad netekt\u0173 b\u016bti nustebintam staiga i\u0161sekus akumuliatoriui.<\/p>\n<h3><strong>Pakuot\u0117s turinys:<\/strong><\/h3>\n<p>1 x ELF BAR GH33000 PRO vienkartinis vape<\/p>\n<h3>Didmenininko kontaktai<\/h3>\n<p>\u2705Originalaus fabriko ELFBAR vienkartini\u0173 garintuv\u0173 didmenin\u0117 prekyba Whatsapp:<a href=\"https:\/\/wa.me\/8618077105750\">+8618077105750<\/a><\/p>\n<p>\u2705 Didmenininkai ir platintojai kvie\u010diami pritaikyti u\u017esakymus<br \/>\n\u2705Pateikite auk\u0161\u010diausios kokyb\u0117s produktus ir profesionaliausias paslaugas.<\/p>\n<p><img decoding=\"async\" class=\"alignnone size-full wp-image-2638\" src=\"https:\/\/vapehosale.com\/wp-content\/uploads\/2023\/09\/885301ea6f5e0b91f5ab2b1c85e665c.png\" alt=\"RandM gamykla\" width=\"670\" height=\"658\" srcset=\"https:\/\/vapehosale.com\/wp-content\/uploads\/2023\/09\/885301ea6f5e0b91f5ab2b1c85e665c.png 670w, https:\/\/vapehosale.com\/wp-content\/uploads\/2023\/09\/885301ea6f5e0b91f5ab2b1c85e665c-300x295.png 300w, https:\/\/vapehosale.com\/wp-content\/uploads\/2023\/09\/885301ea6f5e0b91f5ab2b1c85e665c-600x589.png 600w\" sizes=\"(max-width: 670px) 100vw, 670px\" \/><\/p>\n<p>Susisiekite d\u0117l produkt\u0173 katalogo:<a href=\"https:\/\/wa.me\/8618077105750\">pirkti dabar, patikrinkite visas didmenines kainas<\/a><br \/>\nKiti populiariausi vape produktai, kuri\u0173 jums gali prireikti<\/p>\n<p><a href=\"https:\/\/vapehosale.com\/lt\/product-tag\/elfbar-vape\/\">ELFBAR Vienkartini\u0173 Vape Didmenin\u0117 sand\u0117lis Lietuvoje<\/a><br \/>\n<a href=\"https:\/\/vapehosale.com\/lt\/product-category\/puff-30k-disposable-vape\/\">30k p\u016btim\u0173 vienkartinis vape Populiariausias pardavimas<\/a><\/p>\n<p>Specialios formos modelio vape:<a href=\"https:\/\/vapehosale.com\/lt\/product\/bulk-buy-bang-king-12000\/\">butelio forma<\/a>\/Kokakolos skardin\u0117\/<a href=\"https:\/\/vapehosale.com\/lt\/product\/sidia-12000-puffs-disposable-device\/\">RGB \u0161viesa<\/a>\/Kri\u0161tolas<\/p>\n<h3>Pristatymo detal\u0117s:<\/h3>\n<p>DHL\/UPS\/DPD\/GLS, atvyksta per 3-5 darbo dienas \u012f j\u016bs\u0173 adres\u0105, siunta i\u0161 Europos sand\u0117lio<\/p>\n<h4>Mok\u0117jimo detal\u0117s:<\/h4>\n<p>Mes palaikome apmok\u0117jim\u0105 bankiniu pavedimu arba \u201eWestern Union\u201c, mes esame \u201evape\u201c gamykla i\u0161 Kinijos, <span style=\"color: #ff0000\">nepalaikome apmok\u0117jimo grynaisiais pristatymo metu.<\/span><\/p>\n<p>Visi m\u016bs\u0173 parduotuv\u0117s produktai yra 100% original\u016bs ir autenti\u0161ki, tod\u0117l de\u0161imteriopas kompensavimas u\u017e padirbtas prekes yra m\u016bs\u0173 parduotuv\u0117s politika.<\/p>\n<h5><span style=\"color: #ff0000\">Minimalus u\u017esakymas 50vnt<\/span><\/h5>","protected":false},"excerpt":{"rendered":"<p data-start=\"2414\" data-end=\"2672\">elfbar gh 33000 pro suteikia iki 33 000 \u012fkv\u0117pim\u0173 i\u0161 23 ml elektroninio skys\u010dio. su 850mAh baterija, tinklelio rit\u0117, tipo-c \u012fkrovimu ir trij\u0173 lygi\u0173 reguliuojama galia, ji si\u016blo nuosekl\u0173 skon\u012f ir ilgalaik\u012f veikim\u0105 sunkiai vartojantiems vaperiams<span style=\"color: #ff0000\">(svetain\u0117s kaina ne\u012fskai\u010diuoja pristatymo mokes\u010dio)<\/span><\/p>\n<p><span style=\"color: #ff0000\">Susisiekite su manimi d\u0117l minimalaus u\u017esakymo tik 50 vnt.! Neparduodama ma\u017eiau nei 50 vnt. <\/span>Tik didmenin\u0117 prekyba!<\/p>\n<p><img decoding=\"async\" class=\"alignnone size-medium wp-image-2638\" src=\"https:\/\/vapehosale.com\/wp-content\/uploads\/2023\/09\/885301ea6f5e0b91f5ab2b1c85e665c-300x295.png\" alt=\"RandM gamykla\" width=\"300\" height=\"295\" srcset=\"https:\/\/vapehosale.com\/wp-content\/uploads\/2023\/09\/885301ea6f5e0b91f5ab2b1c85e665c-300x295.png 300w, https:\/\/vapehosale.com\/wp-content\/uploads\/2023\/09\/885301ea6f5e0b91f5ab2b1c85e665c-600x589.png 600w, https:\/\/vapehosale.com\/wp-content\/uploads\/2023\/09\/885301ea6f5e0b91f5ab2b1c85e665c.png 670w\" sizes=\"(max-width: 300px) 100vw, 300px\" \/><\/p>\n<p>&nbsp;<\/p>","protected":false},"featured_media":5758,"comment_status":"open","ping_status":"closed","template":"","meta":{"_uag_custom_page_level_css":"","_lmt_disableupdate":"no","_lmt_disable":"","site-sidebar-layout":"default","site-content-layout":"","ast-site-content-layout":"default","site-content-style":"default","site-sidebar-style":"default","ast-global-header-display":"","ast-banner-title-visibility":"","ast-main-header-display":"","ast-hfb-above-header-display":"","ast-hfb-below-header-display":"","ast-hfb-mobile-header-display":"","site-post-title":"","ast-breadcrumbs-content":"","ast-featured-img":"","footer-sml-layout":"","theme-transparent-header-meta":"default","adv-header-id-meta":"","stick-header-meta":"","header-above-stick-meta":"","header-main-stick-meta":"","header-below-stick-meta":"","astra-migrate-meta-layouts":"set","_joinchat":[]},"product_cat":[15,41,79,55,87],"product_tag":[76,105,35,33],"class_list":["post-5756","product","type-product","status-publish","has-post-thumbnail","hentry","product_cat-vape-shop-wholesale","product_cat-europe-hot-sale-vape","product_cat-disposable-vape-in-european-warehouse","product_cat-minimum-order-quantity-50pcs","product_cat-puff-30k-disposable-vape","product_tag-airflow-control-vape","product_tag-elfbar-vape","product_tag-rechargeable-disposable-device","product_tag-rgb-light-disposable-vape","desktop-align-left","tablet-align-left","mobile-align-left"],"yoast_head":"<!-- This site is optimized with the Yoast SEO plugin v21.1 - https:\/\/yoast.com\/wordpress\/plugins\/seo\/ -->\n<title>ELF BAR GH33000 PRO Disposable Vape Eu Warehouse - Vape Wholesale<\/title>\n<meta name=\"description\" content=\"Wholesale ELFBAR GH 33000 PRO \u2014 33,000 puffs, 15 flavors, 850mAh battery; long-lasting disposable vape, fast shipping from Europe warehouse.\" \/>\n<meta name=\"robots\" content=\"index, follow, max-snippet:-1, max-image-preview:large, max-video-preview:-1\" \/>\n<link rel=\"canonical\" href=\"https:\/\/vapehosale.com\/lt\/product\/elf-bar-gh33000-pro-disposable-vape-eu-warehouse\/\" \/>\n<meta property=\"og:locale\" content=\"lt_LT\" \/>\n<meta property=\"og:type\" content=\"article\" \/>\n<meta property=\"og:title\" content=\"ELF BAR GH33000 PRO Disposable Vape Eu Warehouse - Vape Wholesale\" \/>\n<meta property=\"og:description\" content=\"Wholesale ELFBAR GH 33000 PRO \u2014 33,000 puffs, 15 flavors, 850mAh battery; long-lasting disposable vape, fast shipping from Europe warehouse.\" \/>\n<meta property=\"og:url\" content=\"https:\/\/vapehosale.com\/lt\/product\/elf-bar-gh33000-pro-disposable-vape-eu-warehouse\/\" \/>\n<meta property=\"og:site_name\" content=\"Vape Wholesale\" \/>\n<meta property=\"article:modified_time\" content=\"2025-11-26T06:51:18+00:00\" \/>\n<meta property=\"og:image\" content=\"https:\/\/vapehosale.com\/wp-content\/uploads\/2025\/11\/Wholesale-ELF-BAR-GH33000-PRO-Disposable-Vape.webp\" \/>\n\t<meta property=\"og:image:width\" content=\"800\" \/>\n\t<meta property=\"og:image:height\" content=\"800\" \/>\n\t<meta property=\"og:image:type\" content=\"image\/webp\" \/>\n<meta name=\"twitter:card\" content=\"summary_large_image\" \/>\n<meta name=\"twitter:label1\" content=\"Est. reading time\" \/>\n\t<meta name=\"twitter:data1\" content=\"3 minut\u0117s\" \/>\n<script type=\"application\/ld+json\" class=\"yoast-schema-graph\">{\"@context\":\"https:\/\/schema.org\",\"@graph\":[{\"@type\":\"WebPage\",\"@id\":\"https:\/\/vapehosale.com\/product\/elf-bar-gh33000-pro-disposable-vape-eu-warehouse\/\",\"url\":\"https:\/\/vapehosale.com\/product\/elf-bar-gh33000-pro-disposable-vape-eu-warehouse\/\",\"name\":\"ELF BAR GH33000 PRO Disposable Vape Eu Warehouse - Vape Wholesale\",\"isPartOf\":{\"@id\":\"https:\/\/vapehosale.com\/#website\"},\"datePublished\":\"2025-11-25T09:51:30+00:00\",\"dateModified\":\"2025-11-26T06:51:18+00:00\",\"description\":\"Wholesale ELFBAR GH 33000 PRO \u2014 33,000 puffs, 15 flavors, 850mAh battery; long-lasting disposable vape, fast shipping from Europe warehouse.\",\"breadcrumb\":{\"@id\":\"https:\/\/vapehosale.com\/product\/elf-bar-gh33000-pro-disposable-vape-eu-warehouse\/#breadcrumb\"},\"inLanguage\":\"lt-LT\",\"potentialAction\":[{\"@type\":\"ReadAction\",\"target\":[\"https:\/\/vapehosale.com\/product\/elf-bar-gh33000-pro-disposable-vape-eu-warehouse\/\"]}]},{\"@type\":\"BreadcrumbList\",\"@id\":\"https:\/\/vapehosale.com\/product\/elf-bar-gh33000-pro-disposable-vape-eu-warehouse\/#breadcrumb\",\"itemListElement\":[{\"@type\":\"ListItem\",\"position\":1,\"name\":\"Home\",\"item\":\"https:\/\/vapehosale.com\/\"},{\"@type\":\"ListItem\",\"position\":2,\"name\":\"Best Sell Vapes\",\"item\":\"https:\/\/vapehosale.com\/vape-shop\/\"},{\"@type\":\"ListItem\",\"position\":3,\"name\":\"ELF BAR GH33000 PRO Disposable Vape Eu Warehouse\"}]},{\"@type\":\"WebSite\",\"@id\":\"https:\/\/vapehosale.com\/#website\",\"url\":\"https:\/\/vapehosale.com\/\",\"name\":\"Vape Wholesale\",\"description\":\"Buy Vape Wholesale Price Near you\",\"potentialAction\":[{\"@type\":\"SearchAction\",\"target\":{\"@type\":\"EntryPoint\",\"urlTemplate\":\"https:\/\/vapehosale.com\/?s={search_term_string}\"},\"query-input\":\"required name=search_term_string\"}],\"inLanguage\":\"lt-LT\"}]}<\/script>\n<!-- \/ Yoast SEO plugin. -->","yoast_head_json":{"title":"ELF BAR GH33000 PRO Disposable Vape Eu Warehouse - Vape Wholesale","description":"Wholesale ELFBAR GH 33000 PRO \u2014 33,000 puffs, 15 flavors, 850mAh battery; long-lasting disposable vape, fast shipping from Europe warehouse.","robots":{"index":"index","follow":"follow","max-snippet":"max-snippet:-1","max-image-preview":"max-image-preview:large","max-video-preview":"max-video-preview:-1"},"canonical":"https:\/\/vapehosale.com\/lt\/product\/elf-bar-gh33000-pro-disposable-vape-eu-warehouse\/","og_locale":"lt_LT","og_type":"article","og_title":"ELF BAR GH33000 PRO Disposable Vape Eu Warehouse - Vape Wholesale","og_description":"Wholesale ELFBAR GH 33000 PRO \u2014 33,000 puffs, 15 flavors, 850mAh battery; long-lasting disposable vape, fast shipping from Europe warehouse.","og_url":"https:\/\/vapehosale.com\/lt\/product\/elf-bar-gh33000-pro-disposable-vape-eu-warehouse\/","og_site_name":"Vape Wholesale","article_modified_time":"2025-11-26T06:51:18+00:00","og_image":[{"width":800,"height":800,"url":"https:\/\/vapehosale.com\/wp-content\/uploads\/2025\/11\/Wholesale-ELF-BAR-GH33000-PRO-Disposable-Vape.webp","type":"image\/webp"}],"twitter_card":"summary_large_image","twitter_misc":{"Est. reading time":"3 minut\u0117s"},"schema":{"@context":"https:\/\/schema.org","@graph":[{"@type":"WebPage","@id":"https:\/\/vapehosale.com\/product\/elf-bar-gh33000-pro-disposable-vape-eu-warehouse\/","url":"https:\/\/vapehosale.com\/product\/elf-bar-gh33000-pro-disposable-vape-eu-warehouse\/","name":"ELF BAR GH33000 PRO Disposable Vape Eu Warehouse - Vape Wholesale","isPartOf":{"@id":"https:\/\/vapehosale.com\/#website"},"datePublished":"2025-11-25T09:51:30+00:00","dateModified":"2025-11-26T06:51:18+00:00","description":"Wholesale ELFBAR GH 33000 PRO \u2014 33,000 puffs, 15 flavors, 850mAh battery; long-lasting disposable vape, fast shipping from Europe warehouse.","breadcrumb":{"@id":"https:\/\/vapehosale.com\/product\/elf-bar-gh33000-pro-disposable-vape-eu-warehouse\/#breadcrumb"},"inLanguage":"lt-LT","potentialAction":[{"@type":"ReadAction","target":["https:\/\/vapehosale.com\/product\/elf-bar-gh33000-pro-disposable-vape-eu-warehouse\/"]}]},{"@type":"BreadcrumbList","@id":"https:\/\/vapehosale.com\/product\/elf-bar-gh33000-pro-disposable-vape-eu-warehouse\/#breadcrumb","itemListElement":[{"@type":"ListItem","position":1,"name":"Home","item":"https:\/\/vapehosale.com\/"},{"@type":"ListItem","position":2,"name":"Best Sell Vapes","item":"https:\/\/vapehosale.com\/vape-shop\/"},{"@type":"ListItem","position":3,"name":"ELF BAR GH33000 PRO Disposable Vape Eu Warehouse"}]},{"@type":"WebSite","@id":"https:\/\/vapehosale.com\/#website","url":"https:\/\/vapehosale.com\/","name":"Vape Wholesale","description":"Buy Vape Wholesale Price Near you","potentialAction":[{"@type":"SearchAction","target":{"@type":"EntryPoint","urlTemplate":"https:\/\/vapehosale.com\/?s={search_term_string}"},"query-input":"required name=search_term_string"}],"inLanguage":"lt-LT"}]}},"uagb_featured_image_src":{"full":["https:\/\/vapehosale.com\/wp-content\/uploads\/2025\/11\/Wholesale-ELF-BAR-GH33000-PRO-Disposable-Vape.webp",800,800,false],"thumbnail":["https:\/\/vapehosale.com\/wp-content\/uploads\/2025\/11\/Wholesale-ELF-BAR-GH33000-PRO-Disposable-Vape-150x150.webp",150,150,true],"medium":["https:\/\/vapehosale.com\/wp-content\/uploads\/2025\/11\/Wholesale-ELF-BAR-GH33000-PRO-Disposable-Vape-300x300.webp",300,300,true],"medium_large":["https:\/\/vapehosale.com\/wp-content\/uploads\/2025\/11\/Wholesale-ELF-BAR-GH33000-PRO-Disposable-Vape-768x768.webp",768,768,true],"large":["https:\/\/vapehosale.com\/wp-content\/uploads\/2025\/11\/Wholesale-ELF-BAR-GH33000-PRO-Disposable-Vape.webp",800,800,false],"1536x1536":["https:\/\/vapehosale.com\/wp-content\/uploads\/2025\/11\/Wholesale-ELF-BAR-GH33000-PRO-Disposable-Vape.webp",800,800,false],"2048x2048":["https:\/\/vapehosale.com\/wp-content\/uploads\/2025\/11\/Wholesale-ELF-BAR-GH33000-PRO-Disposable-Vape.webp",800,800,false],"trp-custom-language-flag":["https:\/\/vapehosale.com\/wp-content\/uploads\/2025\/11\/Wholesale-ELF-BAR-GH33000-PRO-Disposable-Vape-12x12.webp",12,12,true],"woocommerce_thumbnail":["https:\/\/vapehosale.com\/wp-content\/uploads\/2025\/11\/Wholesale-ELF-BAR-GH33000-PRO-Disposable-Vape-300x300.webp",300,300,true],"woocommerce_single":["https:\/\/vapehosale.com\/wp-content\/uploads\/2025\/11\/Wholesale-ELF-BAR-GH33000-PRO-Disposable-Vape-600x600.webp",600,600,true],"woocommerce_gallery_thumbnail":["https:\/\/vapehosale.com\/wp-content\/uploads\/2025\/11\/Wholesale-ELF-BAR-GH33000-PRO-Disposable-Vape-100x100.webp",100,100,true],"wcpr-photo-reviews":["https:\/\/vapehosale.com\/wp-content\/uploads\/2025\/11\/Wholesale-ELF-BAR-GH33000-PRO-Disposable-Vape.webp",500,500,false]},"uagb_author_info":{"display_name":"Vicky hosale","author_link":"https:\/\/vapehosale.com\/lt\/author\/"},"uagb_comment_info":0,"uagb_excerpt":"elfbar gh 33000 pro delivers up to 33,000 puffs from 23ml e-liquid. with an 850mAh battery, mesh coil, type-c recharge and three-level adjustable power across 15 flavors, it provides consistent flavor and long-lasting performance for heavy vapers(website price not include shipping cost) contact me for min order only 50 pcs! not sale under 50pcs, Wholesale&hellip;","_links":{"self":[{"href":"https:\/\/vapehosale.com\/lt\/wp-json\/wp\/v2\/product\/5756","targetHints":{"allow":["GET"]}}],"collection":[{"href":"https:\/\/vapehosale.com\/lt\/wp-json\/wp\/v2\/product"}],"about":[{"href":"https:\/\/vapehosale.com\/lt\/wp-json\/wp\/v2\/types\/product"}],"replies":[{"embeddable":true,"href":"https:\/\/vapehosale.com\/lt\/wp-json\/wp\/v2\/comments?post=5756"}],"wp:featuredmedia":[{"embeddable":true,"href":"https:\/\/vapehosale.com\/lt\/wp-json\/wp\/v2\/media\/5758"}],"wp:attachment":[{"href":"https:\/\/vapehosale.com\/lt\/wp-json\/wp\/v2\/media?parent=5756"}],"wp:term":[{"taxonomy":"product_cat","embeddable":true,"href":"https:\/\/vapehosale.com\/lt\/wp-json\/wp\/v2\/product_cat?post=5756"},{"taxonomy":"product_tag","embeddable":true,"href":"https:\/\/vapehosale.com\/lt\/wp-json\/wp\/v2\/product_tag?post=5756"}],"curies":[{"name":"wp","href":"https:\/\/api.w.org\/{rel}","templated":true}]}}