{"id":4761,"date":"2025-07-07T09:32:43","date_gmt":"2025-07-07T09:32:43","guid":{"rendered":"https:\/\/vapehosale.com\/?post_type=product&#038;p=4761"},"modified":"2025-08-08T10:01:09","modified_gmt":"2025-08-08T10:01:09","slug":"vozol-rava-40000-puffs-dual-power-model-disposable-vape","status":"publish","type":"product","link":"https:\/\/vapehosale.com\/lt\/product\/vozol-rava-40000-puffs-dual-power-model-disposable-vape\/","title":{"rendered":"Vozol Rava 40000 Puffs Dual Power Model vienkartinis garintuvas"},"content":{"rendered":"<h1 style=\"text-align: center\">Didmenin\u0117 prekyba Vozol Rava 40000 \u012ftraukim\u0173 vienkartiniu elektronini\u0173 cigare\u010di\u0173 modeliu<\/h1>\n<p>Vozol Rava 40000 \u012ftraukim\u0173 vienkartinis elektronini\u0173 cigare\u010di\u0173 modelis su dviguba galia. Sukurtas maksimaliam ilgaam\u017ei\u0161kumui, \u0161is prietaisas gali pasigirti didele 20 ml i\u0161 anksto pripildyta e-skys\u010dio talpa ir patvaria 1000 mAh \u012fkraunama baterija, u\u017etikrinan\u010dia, kad m\u0117gausit\u0117s ma\u017edaug 40000 maloni\u0173 \u012ftraukim\u0173. Jame yra pa\u017eangi dvigubos galios technologija, u\u017etikrinanti optimal\u0173 na\u0161um\u0105. Aptakus dizainas apima u\u017eburiant\u012f 270\u00b0 ry\u0161k\u0173 \u0161vyt\u0117jim\u0105, kuris supa prietais\u0105, taip pat unikal\u0173 muzikos ritmu pulsuojant\u012f vakar\u0117li\u0173 re\u017eim\u0105. Greitai \u012fkraukite per USB-C, pasiekdami 80 % \u012fkrov\u0105 vos per 20 minu\u010di\u0173, o naujovi\u0161kas \u201eEclipse\u201c garinimo animacijos ekranas suteikia futuristin\u012f atspalv\u012f. Sud\u0117tyje yra 5 % nikotino druskos, u\u017etikrinan\u010dios stipr\u0173 ir skland\u0173 \u012ftraukim\u0105.<\/p>\n<p><img decoding=\"async\" class=\"alignnone size-full wp-image-4756\" src=\"https:\/\/vapehosale.com\/wp-content\/uploads\/2025\/07\/Vozol-Rave-40000-Puffs-Dual-Mesh-Sensing-Display.webp\" alt=\"Vozol Rave 40000 \u012fkv\u0117pim\u0173 dvigubo tinklelio jutiklinis ekranas\" width=\"1000\" height=\"574\" srcset=\"https:\/\/vapehosale.com\/wp-content\/uploads\/2025\/07\/Vozol-Rave-40000-Puffs-Dual-Mesh-Sensing-Display.webp 1000w, https:\/\/vapehosale.com\/wp-content\/uploads\/2025\/07\/Vozol-Rave-40000-Puffs-Dual-Mesh-Sensing-Display-300x172.webp 300w, https:\/\/vapehosale.com\/wp-content\/uploads\/2025\/07\/Vozol-Rave-40000-Puffs-Dual-Mesh-Sensing-Display-768x441.webp 768w, https:\/\/vapehosale.com\/wp-content\/uploads\/2025\/07\/Vozol-Rave-40000-Puffs-Dual-Mesh-Sensing-Display-600x344.webp 600w\" sizes=\"(max-width: 1000px) 100vw, 1000px\" \/><\/p>\n<h2 data-start=\"1511\" data-end=\"1526\">Vozol Rava 40000 \u012ftraukim\u0173 savyb\u0117s:<\/h2>\n<p>\u012etraukimai: 40000 \u012ftraukim\u0173<br \/>\nDvigubos galios modelis<br \/>\nE-skystis: 20ml<br \/>\nBaterija: 1000mAh<br \/>\nNikotinas: 5%<br \/>\n\u012ekraunama: Type-C<br \/>\n270\u00b0 Ry\u0161kus \u0161vyt\u0117jimo dizainas<br \/>\nMuzikos ritmu pulsuojantis vakar\u0117li\u0173 re\u017eimas<br \/>\n80% \u012fkrauta per 20 min<br \/>\n\u201eEclipse\u201c garinimo animacijos ekranas<\/p>\n<p><img decoding=\"async\" class=\"alignnone size-full wp-image-4753\" src=\"https:\/\/vapehosale.com\/wp-content\/uploads\/2025\/07\/VOZOL-RAVE-40K-Puff-5-Nicotine.webp\" alt=\"VOZOL RAVE 40K Puff 5% nikotino\" width=\"1000\" height=\"563\" srcset=\"https:\/\/vapehosale.com\/wp-content\/uploads\/2025\/07\/VOZOL-RAVE-40K-Puff-5-Nicotine.webp 1000w, https:\/\/vapehosale.com\/wp-content\/uploads\/2025\/07\/VOZOL-RAVE-40K-Puff-5-Nicotine-300x169.webp 300w, https:\/\/vapehosale.com\/wp-content\/uploads\/2025\/07\/VOZOL-RAVE-40K-Puff-5-Nicotine-768x432.webp 768w, https:\/\/vapehosale.com\/wp-content\/uploads\/2025\/07\/VOZOL-RAVE-40K-Puff-5-Nicotine-600x338.webp 600w\" sizes=\"(max-width: 1000px) 100vw, 1000px\" \/><\/p>\n<h2 data-start=\"1511\" data-end=\"1526\">Vozol 40000 skoni\u0173 s\u0105ra\u0161as<\/h2>\n<p>1. M\u0117lynoji aviet\u0117 su ledu<br \/>\n2. M\u0117lyn\u0117 su ledu<br \/>\n3. M\u0117lyn\u0117 ir arb\u016bzas<br \/>\n4. Vy\u0161nia ir bra\u0161k\u0117<br \/>\n5. Gaivioji m\u0117ta<br \/>\n6. Dvigubas obuolys<br \/>\n7. Vynuog\u0117 su ledu<br \/>\n8. Meil\u0117 777<br \/>\n9. Mangas su ledu<br \/>\n10. Mangas ir persikas<br \/>\n11. Persikas su ledu<br \/>\n12. Persikas, aviet\u0117 ir limonadas<br \/>\n13. Bra\u0161k\u0117 su ledu<br \/>\n14. Bra\u0161k\u0117 ir kivis<br \/>\n15. Bra\u0161k\u0117 ir mangas<br \/>\n16. Bra\u0161k\u0117 ir arb\u016bzas<br \/>\n17. Bra\u0161k\u0117, arb\u016bzas ir persikas<br \/>\n18. Arb\u016bzo guma<br \/>\n19. Arb\u016bzas su ledu<br \/>\n20. Arb\u016bz\u0173 Razz Rancher<br \/>\n<img decoding=\"async\" class=\"alignnone size-large wp-image-4757\" src=\"https:\/\/vapehosale.com\/wp-content\/uploads\/2025\/07\/Vozol-Rave-40000-Puffs-Sensing-Display-40K-Wholesale-Price-696x1024.webp\" alt=\"Vozol Rave 40000 \u012fkv\u0117pim\u0173 jutiklinis ekranas 40K didmenin\u0117 kaina\" width=\"696\" height=\"1024\" srcset=\"https:\/\/vapehosale.com\/wp-content\/uploads\/2025\/07\/Vozol-Rave-40000-Puffs-Sensing-Display-40K-Wholesale-Price-696x1024.webp 696w, https:\/\/vapehosale.com\/wp-content\/uploads\/2025\/07\/Vozol-Rave-40000-Puffs-Sensing-Display-40K-Wholesale-Price-204x300.webp 204w, https:\/\/vapehosale.com\/wp-content\/uploads\/2025\/07\/Vozol-Rave-40000-Puffs-Sensing-Display-40K-Wholesale-Price-768x1130.webp 768w, https:\/\/vapehosale.com\/wp-content\/uploads\/2025\/07\/Vozol-Rave-40000-Puffs-Sensing-Display-40K-Wholesale-Price-600x883.webp 600w, https:\/\/vapehosale.com\/wp-content\/uploads\/2025\/07\/Vozol-Rave-40000-Puffs-Sensing-Display-40K-Wholesale-Price.webp 1000w\" sizes=\"(max-width: 696px) 100vw, 696px\" \/><\/p>\n<h3 data-start=\"2071\" data-end=\"2079\">DUK apie Vozol Rava 40k Puffs<\/h3>\n<ol start=\"1\">\n<li>\n<p class=\"ds-markdown-paragraph\"><strong>K: Ar Vozol Rava 40000 \u012fp\u016btim\u0173 teiginys yra realisti\u0161kas?<\/strong><br \/>\n<strong>A:<\/strong> Taip, Vozol Rava 40k \u012fp\u016btim\u0173 skai\u010dius yra apskai\u010diuotas remiantis didele <strong>20 ml e-skys\u010dio talpa<\/strong>\u00a0ir efektyvia\u00a0<strong>Dviguba maitinimo sistema<\/strong>, u\u017etikrinan\u010dia itin ilg\u0105 naudojim\u0105, gerokai pranokstant\u012f standartinius vienkartinius prietaisus.<\/p>\n<\/li>\n<li>\n<p class=\"ds-markdown-paragraph\"><strong>K: Kaip veikia Vozol 40k Rava Dvigubos galios modelis?<\/strong><br \/>\n<strong>A:<\/strong>\u00a0\u201eDual Power\u201c sistema sumaniai valdo energijos i\u0161eig\u0105 ir e-skys\u010dio sunaudojim\u0105, maksimaliai padidindama efektyvum\u0105, kad b\u016bt\u0173 u\u017etikrintas visas\u00a0<strong>40000 \u012fkv\u0117pim\u0173<\/strong>\u00a0i\u0161\u00a0<strong>20ml<\/strong>\u00a0talpos.<\/p>\n<\/li>\n<li>\n<p class=\"ds-markdown-paragraph\"><strong>Klausimas: Kaip \u012fjungti \u201evozol 40000 puffs\u201c ritmu sinchronizuojam\u0105 vakar\u0117lio re\u017eim\u0105?<\/strong><br \/>\n<strong>A:<\/strong>\u00a0Tiesiog stipriai du kartus bakstel\u0117kite prietais\u0105 naudojimo metu; tada\u00a0<strong>270\u00b0 ry\u0161kus \u0161vyt\u0117jimas<\/strong>\u00a0sinchronizuos \u0161viesos impulsus su aplinkos muzikos ritmais, kad b\u016bt\u0173 sukurtas dinami\u0161kas efektas.<\/p>\n<\/li>\n<li>\n<p class=\"ds-markdown-paragraph\"><strong>Klausimas: Kiek laiko veikia \u201evozol rava 40k puffs vape\u201c 1000mAh baterija?<\/strong><br \/>\n<strong>A:<\/strong>\u00a0\u0160is \u012frenginys\u00a0<strong>1000mAh baterija<\/strong>\u00a0u\u017etikrina ilg\u0105 naudojim\u0105 tarp \u012fkrovim\u0173. Kartu su\u00a0<strong>greituoju USB-C \u012fkrovimu (80 % per 20 min)<\/strong>energijos prastovos laikas yra minimalus.<\/p>\n<\/li>\n<li>\n<p class=\"ds-markdown-paragraph\"><strong>Klausimas: Kokio stiprumo nikotino yra \u201evozol rava 40k\u201c?<\/strong><br \/>\n<strong>A:<\/strong>\u00a0\u201eVozol Rava 40000 Puffs\u201c yra i\u0161 anksto u\u017epildytas\u00a0<strong>5 % (50 mg) nikotino druskos<\/strong>\u00a0e-skys\u010diu, si\u016blan\u010diu stipri\u0105 ir patenkinam\u0105 nikotino patirt\u012f.<\/p>\n<\/li>\n<\/ol>\n<h3 class=\"ds-markdown-paragraph\"><strong>Kod\u0117l verta rinktis vienkartin\u012f garintuv\u0105 \u201eVozol Rava 40000 Puffs\u201c?<\/strong><\/h3>\n<ol start=\"1\">\n<li>\n<p class=\"ds-markdown-paragraph\"><strong>Neprilygstamas ilgaam\u017ei\u0161kumas:<\/strong>\u00a0M\u0117gaukit\u0117s apytiksliu\u00a0<strong>40000 \u012fkv\u0117pim\u0173<\/strong> i\u0161 vieno prietaiso, tod\u0117l nereik\u0117s nuolat pirkti nauj\u0173 ir sutaupysite.<\/p>\n<\/li>\n<li>\n<p class=\"ds-markdown-paragraph\"><strong>Pa\u017eangios technologijos<\/strong>\u00a0I\u0161siskirkite su\u00a0<strong>270\u00b0 ry\u0161kus \u0161vyt\u0117jimas<\/strong>,\u00a0<strong>Muzikos ritmu pulsuojantis vakar\u0117li\u0173 re\u017eimas<\/strong>ir kerin\u010diu\u00a0<strong>Eklips\u0117s garinimo animacijos ekranu<\/strong>.<\/p>\n<\/li>\n<li>\n<p class=\"ds-markdown-paragraph\"><strong>Galia<\/strong>\u00a0Didel\u0117\u00a0<strong>1000mAh baterija<\/strong>\u00a0\u012fkraunama\u00a0<strong>80% per 20 minu\u010di\u0173<\/strong>\u00a0per\u00a0<strong>USB-C<\/strong>, u\u017etikrinant, kad retai b\u016bsite be savo garintuvo.<\/p>\n<\/li>\n<\/ol>\n<h3><strong>Pakuot\u0117s turinys:<\/strong><\/h3>\n<p>1 x ELFBAR Raya D3 25k vienkartin\u0117 d\u0117\u017eut\u0117<\/p>\n<h3>Didmenininko kontaktai<\/h3>\n<p>\u2705Originalus Vozol vienkartini\u0173 garintuv\u0173 didmenin\u0117 prekyba Whatsapp:<a href=\"https:\/\/wa.me\/8618077105750\">+8618077105750<\/a><\/p>\n<p>\u2705 Didmenininkai ir platintojai kvie\u010diami pritaikyti u\u017esakymus<br \/>\n\u2705Pateikite auk\u0161\u010diausios kokyb\u0117s produktus ir profesionaliausias paslaugas.<\/p>\n<p><img decoding=\"async\" class=\"alignnone size-full wp-image-2638\" src=\"https:\/\/vapehosale.com\/wp-content\/uploads\/2023\/09\/885301ea6f5e0b91f5ab2b1c85e665c.png\" alt=\"RandM gamykla\" width=\"670\" height=\"658\" srcset=\"https:\/\/vapehosale.com\/wp-content\/uploads\/2023\/09\/885301ea6f5e0b91f5ab2b1c85e665c.png 670w, https:\/\/vapehosale.com\/wp-content\/uploads\/2023\/09\/885301ea6f5e0b91f5ab2b1c85e665c-300x295.png 300w, https:\/\/vapehosale.com\/wp-content\/uploads\/2023\/09\/885301ea6f5e0b91f5ab2b1c85e665c-600x589.png 600w\" sizes=\"(max-width: 670px) 100vw, 670px\" \/><\/p>\n<p>Susisiekite d\u0117l produkt\u0173 katalogo:<a href=\"https:\/\/wa.me\/8618077105750\">pirkti dabar, patikrinkite visas didmenines kainas<\/a><br \/>\nKiti populiariausi vape produktai, kuri\u0173 jums gali prireikti<\/p>\n<p><a href=\"https:\/\/vapehosale.com\/lt\/product\/waspe-60000-puffs-triple-flavor-disposable-vape\/\">Waspe 60000 Puffs vienkartinis trij\u0173 skoni\u0173 vape<\/a><\/p>\n<p><a href=\"https:\/\/vapehosale.com\/lt\/product\/wga-crystal-salt-bar-e-juice-10ml\/\">Geriausias vape skystis internetu WGA Crystal Salt Bar E-Juice 10ML<\/a><\/p>\n<p><a href=\"https:\/\/vapehosale.com\/lt\/product\/vapsolo-twins-20k-puffs-disposable-vape\/\">Didmenin\u0117 prekyba Vapsolo Twins 20k Puffs vienkartiniais vape, sand\u0117lis Lietuvoje<\/a><\/p>\n<p><a href=\"https:\/\/vapehosale.com\/lt\/product\/okso-shisha-max-40k-puffs-dtl-disposable-vape\/\">Didmenin\u0117 prekyba OKSO Shisha Max 40k Puffs DTL vienkartiniais vape<\/a><\/p>\n<p>Specialios formos modelio vape:<a href=\"https:\/\/vapehosale.com\/lt\/product\/bulk-buy-bang-king-12000\/\">butelio forma<\/a>\/Kokakolos skardin\u0117\/<a href=\"https:\/\/vapehosale.com\/lt\/product\/sidia-12000-puffs-disposable-device\/\">RGB \u0161viesa<\/a>\/Kri\u0161tolas<\/p>\n<h3>Pristatymo detal\u0117s:<\/h3>\n<p>DHL\/UPS\/DPD\/GLS, 3-5 darbo dienos, pristatymas \u012f j\u016bs\u0173 adres\u0105, siun\u010diama i\u0161 ES sand\u0117lio<\/p>\n<h4>Mok\u0117jimo detal\u0117s:<\/h4>\n<p>Mes palaikome apmok\u0117jim\u0105 bankiniu pavedimu arba \u201eWestern Union\u201c, mes esame \u201evape\u201c gamykla i\u0161 Kinijos, <span style=\"color: #ff0000\">nepalaikome apmok\u0117jimo grynaisiais pristatymo metu.<\/span><\/p>\n<p>Visi m\u016bs\u0173 parduotuv\u0117s produktai yra 100% original\u016bs ir autenti\u0161ki, tod\u0117l de\u0161imteriopas kompensavimas u\u017e padirbtas prekes yra m\u016bs\u0173 parduotuv\u0117s politika.<\/p>\n<h5><span style=\"color: #ff0000\">Minimalus u\u017esakymas 50vnt<\/span><\/h5>","protected":false},"excerpt":{"rendered":"<p data-start=\"2414\" data-end=\"2672\"><span style=\"color: #ff0000\"><span style=\"color: #000000\">Vozol Rava 40000 \u012ftraukim\u0173 vienkartinis elektronini\u0173 cigare\u010di\u0173 modelis su dviguba galia pasi\u017eymi didele 20 ml talpa, 1000 mAh \u012fkraunama USB-C baterija ir 5 % nikotinu, tod\u0117l jis tarnauja itin ilgai. Unikal\u016bs akcentai yra 270\u00b0 ry\u0161kus \u0161vyt\u0117jimo dizainas, muzikos ritmu pulsuojantis vakar\u0117li\u0173 re\u017eimas ir \u201eEclipse\u201c garinimo animacijos ekranas. Patirkite maksimal\u0173 patogum\u0105 ir \u0161iuolaikin\u012f stili\u0173 su Vozol Rava 40000 \u012ftraukim\u0173.<\/span>\u00a0(svetain\u0117s kaina ne\u012fskai\u010diuoja pristatymo mokes\u010dio)<\/span><\/p>\n<p><span style=\"color: #ff0000\">Susisiekite su manimi d\u0117l minimalaus u\u017esakymo tik 50 vnt.! Neparduodama ma\u017eiau nei 50 vnt. <\/span>Tik didmenin\u0117 prekyba!<\/p>\n<p><img decoding=\"async\" class=\"alignnone size-medium wp-image-2638\" src=\"https:\/\/vapehosale.com\/wp-content\/uploads\/2023\/09\/885301ea6f5e0b91f5ab2b1c85e665c-300x295.png\" alt=\"RandM gamykla\" width=\"300\" height=\"295\" srcset=\"https:\/\/vapehosale.com\/wp-content\/uploads\/2023\/09\/885301ea6f5e0b91f5ab2b1c85e665c-300x295.png 300w, https:\/\/vapehosale.com\/wp-content\/uploads\/2023\/09\/885301ea6f5e0b91f5ab2b1c85e665c-600x589.png 600w, https:\/\/vapehosale.com\/wp-content\/uploads\/2023\/09\/885301ea6f5e0b91f5ab2b1c85e665c.png 670w\" sizes=\"(max-width: 300px) 100vw, 300px\" \/><\/p>\n<p>&nbsp;<\/p>","protected":false},"featured_media":4751,"comment_status":"open","ping_status":"closed","template":"","meta":{"_uag_custom_page_level_css":"","_lmt_disableupdate":"no","_lmt_disable":"","site-sidebar-layout":"default","site-content-layout":"","ast-site-content-layout":"default","site-content-style":"default","site-sidebar-style":"default","ast-global-header-display":"","ast-banner-title-visibility":"","ast-main-header-display":"","ast-hfb-above-header-display":"","ast-hfb-below-header-display":"","ast-hfb-mobile-header-display":"","site-post-title":"","ast-breadcrumbs-content":"","ast-featured-img":"","footer-sml-layout":"","theme-transparent-header-meta":"default","adv-header-id-meta":"","stick-header-meta":"","header-above-stick-meta":"","header-main-stick-meta":"","header-below-stick-meta":"","astra-migrate-meta-layouts":"set","_joinchat":[]},"product_cat":[15,97,41,79,55,135],"product_tag":[109,76,46,105,63,35,33,59,77],"class_list":["post-4761","product","type-product","status-publish","has-post-thumbnail","hentry","product_cat-vape-shop-wholesale","product_cat-40k-puffs-disposable-vape-wholesale","product_cat-europe-hot-sale-vape","product_cat-disposable-vape-in-european-warehouse","product_cat-minimum-order-quantity-50pcs","product_cat-vozol-vape","product_tag-40k-vape","product_tag-airflow-control-vape","product_tag-double-mesh-coil-vape","product_tag-elfbar-vape","product_tag-led-screen-disposable-vape","product_tag-rechargeable-disposable-device","product_tag-rgb-light-disposable-vape","product_tag-smart-screen-disposable-vape","product_tag-vozol-vape","desktop-align-left","tablet-align-left","mobile-align-left"],"yoast_head":"<!-- This site is optimized with the Yoast SEO plugin v21.1 - https:\/\/yoast.com\/wordpress\/plugins\/seo\/ -->\n<title>Vozol Rava 40000 Puffs Dual Power Model Disposable Vape - Vape Wholesale<\/title>\n<meta name=\"description\" content=\"Wholesale Vozol Rava 40000 Puffs: Massive 20ml capacity, USB-C fast charging, 270\u00b0 Glow &amp; Beat Mode. The ultimate long-lasting disposable vape solution!\" \/>\n<meta name=\"robots\" content=\"index, follow, max-snippet:-1, max-image-preview:large, max-video-preview:-1\" \/>\n<link rel=\"canonical\" href=\"https:\/\/vapehosale.com\/lt\/product\/vozol-rava-40000-puffs-dual-power-model-disposable-vape\/\" \/>\n<meta property=\"og:locale\" content=\"lt_LT\" \/>\n<meta property=\"og:type\" content=\"article\" \/>\n<meta property=\"og:title\" content=\"Vozol Rava 40000 Puffs Dual Power Model Disposable Vape - Vape Wholesale\" \/>\n<meta property=\"og:description\" content=\"Wholesale Vozol Rava 40000 Puffs: Massive 20ml capacity, USB-C fast charging, 270\u00b0 Glow &amp; Beat Mode. The ultimate long-lasting disposable vape solution!\" \/>\n<meta property=\"og:url\" content=\"https:\/\/vapehosale.com\/lt\/product\/vozol-rava-40000-puffs-dual-power-model-disposable-vape\/\" \/>\n<meta property=\"og:site_name\" content=\"Vape Wholesale\" \/>\n<meta property=\"article:modified_time\" content=\"2025-08-08T10:01:09+00:00\" \/>\n<meta property=\"og:image\" content=\"https:\/\/vapehosale.com\/wp-content\/uploads\/2025\/07\/Vozol-Rava-40k-Puffs-Disposable-Vape-Wholesale.webp\" \/>\n\t<meta property=\"og:image:width\" content=\"1000\" \/>\n\t<meta property=\"og:image:height\" content=\"824\" \/>\n\t<meta property=\"og:image:type\" content=\"image\/webp\" \/>\n<meta name=\"twitter:card\" content=\"summary_large_image\" \/>\n<meta name=\"twitter:label1\" content=\"Est. reading time\" \/>\n\t<meta name=\"twitter:data1\" content=\"4 minut\u0117s\" \/>\n<script type=\"application\/ld+json\" class=\"yoast-schema-graph\">{\"@context\":\"https:\/\/schema.org\",\"@graph\":[{\"@type\":\"WebPage\",\"@id\":\"https:\/\/vapehosale.com\/product\/vozol-rava-40000-puffs-dual-power-model-disposable-vape\/\",\"url\":\"https:\/\/vapehosale.com\/product\/vozol-rava-40000-puffs-dual-power-model-disposable-vape\/\",\"name\":\"Vozol Rava 40000 Puffs Dual Power Model Disposable Vape - Vape Wholesale\",\"isPartOf\":{\"@id\":\"https:\/\/vapehosale.com\/#website\"},\"datePublished\":\"2025-07-07T09:32:43+00:00\",\"dateModified\":\"2025-08-08T10:01:09+00:00\",\"description\":\"Wholesale Vozol Rava 40000 Puffs: Massive 20ml capacity, USB-C fast charging, 270\u00b0 Glow & Beat Mode. The ultimate long-lasting disposable vape solution!\",\"breadcrumb\":{\"@id\":\"https:\/\/vapehosale.com\/product\/vozol-rava-40000-puffs-dual-power-model-disposable-vape\/#breadcrumb\"},\"inLanguage\":\"lt-LT\",\"potentialAction\":[{\"@type\":\"ReadAction\",\"target\":[\"https:\/\/vapehosale.com\/product\/vozol-rava-40000-puffs-dual-power-model-disposable-vape\/\"]}]},{\"@type\":\"BreadcrumbList\",\"@id\":\"https:\/\/vapehosale.com\/product\/vozol-rava-40000-puffs-dual-power-model-disposable-vape\/#breadcrumb\",\"itemListElement\":[{\"@type\":\"ListItem\",\"position\":1,\"name\":\"Home\",\"item\":\"https:\/\/vapehosale.com\/\"},{\"@type\":\"ListItem\",\"position\":2,\"name\":\"Best Sell Vapes\",\"item\":\"https:\/\/vapehosale.com\/vape-shop\/\"},{\"@type\":\"ListItem\",\"position\":3,\"name\":\"Vozol Rava 40000 Puffs Dual Power Model Disposable Vape\"}]},{\"@type\":\"WebSite\",\"@id\":\"https:\/\/vapehosale.com\/#website\",\"url\":\"https:\/\/vapehosale.com\/\",\"name\":\"Vape Wholesale\",\"description\":\"Buy Vape Wholesale Price Near you\",\"potentialAction\":[{\"@type\":\"SearchAction\",\"target\":{\"@type\":\"EntryPoint\",\"urlTemplate\":\"https:\/\/vapehosale.com\/?s={search_term_string}\"},\"query-input\":\"required name=search_term_string\"}],\"inLanguage\":\"lt-LT\"}]}<\/script>\n<!-- \/ Yoast SEO plugin. -->","yoast_head_json":{"title":"Vozol Rava 40000 Puffs Dual Power Model Disposable Vape - Vape Wholesale","description":"Wholesale Vozol Rava 40000 Puffs: Massive 20ml capacity, USB-C fast charging, 270\u00b0 Glow & Beat Mode. The ultimate long-lasting disposable vape solution!","robots":{"index":"index","follow":"follow","max-snippet":"max-snippet:-1","max-image-preview":"max-image-preview:large","max-video-preview":"max-video-preview:-1"},"canonical":"https:\/\/vapehosale.com\/lt\/product\/vozol-rava-40000-puffs-dual-power-model-disposable-vape\/","og_locale":"lt_LT","og_type":"article","og_title":"Vozol Rava 40000 Puffs Dual Power Model Disposable Vape - Vape Wholesale","og_description":"Wholesale Vozol Rava 40000 Puffs: Massive 20ml capacity, USB-C fast charging, 270\u00b0 Glow & Beat Mode. The ultimate long-lasting disposable vape solution!","og_url":"https:\/\/vapehosale.com\/lt\/product\/vozol-rava-40000-puffs-dual-power-model-disposable-vape\/","og_site_name":"Vape Wholesale","article_modified_time":"2025-08-08T10:01:09+00:00","og_image":[{"width":1000,"height":824,"url":"https:\/\/vapehosale.com\/wp-content\/uploads\/2025\/07\/Vozol-Rava-40k-Puffs-Disposable-Vape-Wholesale.webp","type":"image\/webp"}],"twitter_card":"summary_large_image","twitter_misc":{"Est. reading time":"4 minut\u0117s"},"schema":{"@context":"https:\/\/schema.org","@graph":[{"@type":"WebPage","@id":"https:\/\/vapehosale.com\/product\/vozol-rava-40000-puffs-dual-power-model-disposable-vape\/","url":"https:\/\/vapehosale.com\/product\/vozol-rava-40000-puffs-dual-power-model-disposable-vape\/","name":"Vozol Rava 40000 Puffs Dual Power Model Disposable Vape - Vape Wholesale","isPartOf":{"@id":"https:\/\/vapehosale.com\/#website"},"datePublished":"2025-07-07T09:32:43+00:00","dateModified":"2025-08-08T10:01:09+00:00","description":"Wholesale Vozol Rava 40000 Puffs: Massive 20ml capacity, USB-C fast charging, 270\u00b0 Glow & Beat Mode. The ultimate long-lasting disposable vape solution!","breadcrumb":{"@id":"https:\/\/vapehosale.com\/product\/vozol-rava-40000-puffs-dual-power-model-disposable-vape\/#breadcrumb"},"inLanguage":"lt-LT","potentialAction":[{"@type":"ReadAction","target":["https:\/\/vapehosale.com\/product\/vozol-rava-40000-puffs-dual-power-model-disposable-vape\/"]}]},{"@type":"BreadcrumbList","@id":"https:\/\/vapehosale.com\/product\/vozol-rava-40000-puffs-dual-power-model-disposable-vape\/#breadcrumb","itemListElement":[{"@type":"ListItem","position":1,"name":"Home","item":"https:\/\/vapehosale.com\/"},{"@type":"ListItem","position":2,"name":"Best Sell Vapes","item":"https:\/\/vapehosale.com\/vape-shop\/"},{"@type":"ListItem","position":3,"name":"Vozol Rava 40000 Puffs Dual Power Model Disposable Vape"}]},{"@type":"WebSite","@id":"https:\/\/vapehosale.com\/#website","url":"https:\/\/vapehosale.com\/","name":"Vape Wholesale","description":"Buy Vape Wholesale Price Near you","potentialAction":[{"@type":"SearchAction","target":{"@type":"EntryPoint","urlTemplate":"https:\/\/vapehosale.com\/?s={search_term_string}"},"query-input":"required name=search_term_string"}],"inLanguage":"lt-LT"}]}},"uagb_featured_image_src":{"full":["https:\/\/vapehosale.com\/wp-content\/uploads\/2025\/07\/Vozol-Rava-40k-Puffs-Disposable-Vape-Wholesale.webp",1000,824,false],"thumbnail":["https:\/\/vapehosale.com\/wp-content\/uploads\/2025\/07\/Vozol-Rava-40k-Puffs-Disposable-Vape-Wholesale-150x150.webp",150,150,true],"medium":["https:\/\/vapehosale.com\/wp-content\/uploads\/2025\/07\/Vozol-Rava-40k-Puffs-Disposable-Vape-Wholesale-300x247.webp",300,247,true],"medium_large":["https:\/\/vapehosale.com\/wp-content\/uploads\/2025\/07\/Vozol-Rava-40k-Puffs-Disposable-Vape-Wholesale-768x633.webp",768,633,true],"large":["https:\/\/vapehosale.com\/wp-content\/uploads\/2025\/07\/Vozol-Rava-40k-Puffs-Disposable-Vape-Wholesale.webp",1000,824,false],"1536x1536":["https:\/\/vapehosale.com\/wp-content\/uploads\/2025\/07\/Vozol-Rava-40k-Puffs-Disposable-Vape-Wholesale.webp",1000,824,false],"2048x2048":["https:\/\/vapehosale.com\/wp-content\/uploads\/2025\/07\/Vozol-Rava-40k-Puffs-Disposable-Vape-Wholesale.webp",1000,824,false],"trp-custom-language-flag":["https:\/\/vapehosale.com\/wp-content\/uploads\/2025\/07\/Vozol-Rava-40k-Puffs-Disposable-Vape-Wholesale.webp",15,12,false],"woocommerce_thumbnail":["https:\/\/vapehosale.com\/wp-content\/uploads\/2025\/07\/Vozol-Rava-40k-Puffs-Disposable-Vape-Wholesale-300x300.webp",300,300,true],"woocommerce_single":["https:\/\/vapehosale.com\/wp-content\/uploads\/2025\/07\/Vozol-Rava-40k-Puffs-Disposable-Vape-Wholesale-600x494.webp",600,494,true],"woocommerce_gallery_thumbnail":["https:\/\/vapehosale.com\/wp-content\/uploads\/2025\/07\/Vozol-Rava-40k-Puffs-Disposable-Vape-Wholesale-100x100.webp",100,100,true],"wcpr-photo-reviews":["https:\/\/vapehosale.com\/wp-content\/uploads\/2025\/07\/Vozol-Rava-40k-Puffs-Disposable-Vape-Wholesale.webp",500,412,false]},"uagb_author_info":{"display_name":"Vicky hosale","author_link":"https:\/\/vapehosale.com\/lt\/author\/"},"uagb_comment_info":0,"uagb_excerpt":"Vozol Rava 40000 Puffs Dual Power Disposable Vape featuring a massive 20ml\u00a0capacity,\u00a01000mAh\u00a0USB-C rechargeable battery, and\u00a05% nicotine, it delivers extreme longevity. Unique highlights include the\u00a0270\u00b0 Vibrant Glow Design,\u00a0Beat-Synced Party Mode, and\u00a0Eclipse Vaping Animation Display. Experience ultimate convenience and cutting-edge style with\u00a0Vozol Rava 40000 Puffs.\u00a0(website price not include shipping cost) contact me for min order only 50&hellip;","_links":{"self":[{"href":"https:\/\/vapehosale.com\/lt\/wp-json\/wp\/v2\/product\/4761","targetHints":{"allow":["GET"]}}],"collection":[{"href":"https:\/\/vapehosale.com\/lt\/wp-json\/wp\/v2\/product"}],"about":[{"href":"https:\/\/vapehosale.com\/lt\/wp-json\/wp\/v2\/types\/product"}],"replies":[{"embeddable":true,"href":"https:\/\/vapehosale.com\/lt\/wp-json\/wp\/v2\/comments?post=4761"}],"wp:featuredmedia":[{"embeddable":true,"href":"https:\/\/vapehosale.com\/lt\/wp-json\/wp\/v2\/media\/4751"}],"wp:attachment":[{"href":"https:\/\/vapehosale.com\/lt\/wp-json\/wp\/v2\/media?parent=4761"}],"wp:term":[{"taxonomy":"product_cat","embeddable":true,"href":"https:\/\/vapehosale.com\/lt\/wp-json\/wp\/v2\/product_cat?post=4761"},{"taxonomy":"product_tag","embeddable":true,"href":"https:\/\/vapehosale.com\/lt\/wp-json\/wp\/v2\/product_tag?post=4761"}],"curies":[{"name":"wp","href":"https:\/\/api.w.org\/{rel}","templated":true}]}}