{"id":2644,"date":"2024-08-23T08:00:12","date_gmt":"2024-08-23T08:00:12","guid":{"rendered":"https:\/\/vapehosale.com\/?post_type=product&#038;p=2644"},"modified":"2025-08-28T10:00:42","modified_gmt":"2025-08-28T10:00:42","slug":"waspe-vape-aiviou-25000-puffs","status":"publish","type":"product","link":"https:\/\/vapehosale.com\/lt\/product\/waspe-vape-aiviou-25000-puffs\/","title":{"rendered":"Waspe Aiviou 25000 Puffs Vienkartinis Vape"},"content":{"rendered":"<h2 style=\"text-align: center\">Didmenin\u0117 prekyba \u201eWaspe Aiviou 25000 Puffs Disposable Vape\u201c<\/h2>\n<p>\u201eWaspe Aiviou 25000 Puffs Disposable Vape\u201c turi naujausi\u0105 dvigubo tinklelio pur\u0161kimo technologij\u0105, kuri atkuria tikr\u0105j\u012f vaisi\u0173 skon\u012f, o paprastas ir eleganti\u0161kas \u201eAiviou 25000 Puffs\u201c d\u0117\u017eut\u0117s dizainas tinka ne tik kasdieniam ne\u0161iojimui, bet ir gali parodyti j\u016bs\u0173 skon\u012f \u012fvairiomis progomis. Nesvarbu, ar lankot\u0117s vakar\u0117lyje, ar kepate ant groteli\u0173 lauke, \u201ewaspe 25000 puffs\u201c gali u\u017etikrinti ilgalaik\u012f ir galing\u0105 \u012fkv\u0117pimo poj\u016bt\u012f. \u012erengta 650 mAh gryno kobalto baterija, jums nereik\u0117s da\u017enai krauti ir i\u0161 ties\u0173 gal\u0117site m\u0117gautis i\u0161maniojo vienkartinio prietaiso patogumu.<\/p>\n<p><img decoding=\"async\" class=\"alignnone size-large wp-image-2646\" src=\"https:\/\/vapehosale.com\/wp-content\/uploads\/2024\/08\/Charging-Prorection-Disposable-Vape-Waspe-Aiviou-25000-puffs-1024x640.jpg\" alt=\"Apsauga nuo \u012fkrovimo vienkartinis garintuvas Waspe Aiviou 25000 d\u016bm\u0173\" width=\"1024\" height=\"640\" srcset=\"https:\/\/vapehosale.com\/wp-content\/uploads\/2024\/08\/Charging-Prorection-Disposable-Vape-Waspe-Aiviou-25000-puffs-1024x640.jpg 1024w, https:\/\/vapehosale.com\/wp-content\/uploads\/2024\/08\/Charging-Prorection-Disposable-Vape-Waspe-Aiviou-25000-puffs-300x188.jpg 300w, https:\/\/vapehosale.com\/wp-content\/uploads\/2024\/08\/Charging-Prorection-Disposable-Vape-Waspe-Aiviou-25000-puffs-768x480.jpg 768w, https:\/\/vapehosale.com\/wp-content\/uploads\/2024\/08\/Charging-Prorection-Disposable-Vape-Waspe-Aiviou-25000-puffs-1536x960.jpg 1536w, https:\/\/vapehosale.com\/wp-content\/uploads\/2024\/08\/Charging-Prorection-Disposable-Vape-Waspe-Aiviou-25000-puffs-600x375.jpg 600w, https:\/\/vapehosale.com\/wp-content\/uploads\/2024\/08\/Charging-Prorection-Disposable-Vape-Waspe-Aiviou-25000-puffs.jpg 2000w\" sizes=\"(max-width: 1024px) 100vw, 1024px\" \/><\/p>\n<h4>\u201eWaspe Aiviou 25000 Puffs\u201c skoni\u0173 s\u0105ra\u0161as:<\/h4>\n<p>1. \u017demuog\u0117s ir kiviai<br \/>\n2.Mi\u0161rios uogos<br \/>\n3. M\u0117lyn\u0117s su ledu<br \/>\n4. Vynuogi\u0173 ledas<br \/>\n5. Vy\u0161ni\u0173 ledas<br \/>\n6. M\u0117lyni\u0173 ir avie\u010di\u0173 limonadas<br \/>\n7. Persik\u0173 ledas<br \/>\n8. Bra\u0161ki\u0173 arb\u016bzas<br \/>\n9.Persik\u0173 Mang\u0173 Arb\u016bzas<br \/>\n10. Arb\u016bz\u0173 ledas<\/p>\n<h4>Informacija apie \u201eWaspe Aiviou 25000 Puffs\u201c:<\/h4>\n<p><img decoding=\"async\" class=\"alignnone size-large wp-image-2649\" src=\"https:\/\/vapehosale.com\/wp-content\/uploads\/2024\/08\/Mesh-Coil-Waspe-Disposable-Vape-Aiviou-25000-Puffs-1024x598.jpg\" alt=\"Tinklelin\u0117 spirale Waspe vienkartinis garintuvas Aiviou 25000 d\u016bm\u0173\" width=\"1024\" height=\"598\" srcset=\"https:\/\/vapehosale.com\/wp-content\/uploads\/2024\/08\/Mesh-Coil-Waspe-Disposable-Vape-Aiviou-25000-Puffs-1024x598.jpg 1024w, https:\/\/vapehosale.com\/wp-content\/uploads\/2024\/08\/Mesh-Coil-Waspe-Disposable-Vape-Aiviou-25000-Puffs-300x175.jpg 300w, https:\/\/vapehosale.com\/wp-content\/uploads\/2024\/08\/Mesh-Coil-Waspe-Disposable-Vape-Aiviou-25000-Puffs-768x448.jpg 768w, https:\/\/vapehosale.com\/wp-content\/uploads\/2024\/08\/Mesh-Coil-Waspe-Disposable-Vape-Aiviou-25000-Puffs-1536x896.jpg 1536w, https:\/\/vapehosale.com\/wp-content\/uploads\/2024\/08\/Mesh-Coil-Waspe-Disposable-Vape-Aiviou-25000-Puffs-600x350.jpg 600w, https:\/\/vapehosale.com\/wp-content\/uploads\/2024\/08\/Mesh-Coil-Waspe-Disposable-Vape-Aiviou-25000-Puffs.jpg 2000w\" sizes=\"(max-width: 1024px) 100vw, 1024px\" \/><\/p>\n<p><img decoding=\"async\" class=\"alignnone size-large wp-image-2645\" src=\"https:\/\/vapehosale.com\/wp-content\/uploads\/2024\/08\/25000-Puffs-Disposable-Vape-Waspe-Vape-Wholesale-1024x597.jpg\" alt=\"25000 d\u016bm\u0173 vienkartinis garintuvas Waspe didmenin\u0117 prekyba\" width=\"1024\" height=\"597\" srcset=\"https:\/\/vapehosale.com\/wp-content\/uploads\/2024\/08\/25000-Puffs-Disposable-Vape-Waspe-Vape-Wholesale-1024x597.jpg 1024w, https:\/\/vapehosale.com\/wp-content\/uploads\/2024\/08\/25000-Puffs-Disposable-Vape-Waspe-Vape-Wholesale-300x175.jpg 300w, https:\/\/vapehosale.com\/wp-content\/uploads\/2024\/08\/25000-Puffs-Disposable-Vape-Waspe-Vape-Wholesale-768x448.jpg 768w, https:\/\/vapehosale.com\/wp-content\/uploads\/2024\/08\/25000-Puffs-Disposable-Vape-Waspe-Vape-Wholesale-1536x895.jpg 1536w, https:\/\/vapehosale.com\/wp-content\/uploads\/2024\/08\/25000-Puffs-Disposable-Vape-Waspe-Vape-Wholesale-600x350.jpg 600w, https:\/\/vapehosale.com\/wp-content\/uploads\/2024\/08\/25000-Puffs-Disposable-Vape-Waspe-Vape-Wholesale.jpg 2000w\" sizes=\"(max-width: 1024px) 100vw, 1024px\" \/><\/p>\n<p>&nbsp;<\/p>\n<h4>Kas yra \u201eDual Mesh Disposable Box\u201c? Ir ar geras \u201eDual Mesh Waspe 25000 Puffs Disposable Pod\u201c?<\/h4>\n<p>\u201eDual Mesh\u201c (dvigubo tinklelio) rit\u0117s dizainas \u201eWaspe aiviou 25000 puffs\u201c vienkartin\u0117se elektronin\u0117se cigaret\u0117se turi daug privalum\u0173, tod\u0117l yra pla\u010diai populiarus rinkoje. Toliau pateikiami pagrindiniai dvigubo tinklelio ri\u010di\u0173 privalumai vienkartin\u0117se elektronin\u0117se cigaret\u0117se:<\/p>\n<h6>1. Patobulinta skonio patirtis<\/h6>\n<p>Vienodas kaitinimas: dvigubo tinklelio rit\u0117s dizainas tolygiau \u012fkaitina e-skyst\u012f, padidindamas pavir\u0161iaus plot\u0105, kuris lie\u010diasi su e-skys\u010diu, tod\u0117l i\u0161siskiria intensyvesnis ir grynesnis skonis.<br \/>\nGalingesnis skonio perdavimas: palyginti su tradicin\u0117mis viengubomis rit\u0117mis, dvigubo tinklelio rit\u0117s gali u\u017efiksuoti ir perduoti daugiau skonio detali\u0173, tod\u0117l naudotojai gali m\u0117gautis tikrovi\u0161kesne skonio patirtimi.<\/p>\n<h6>2. Didesnis d\u016bm\u0173 t\u016bris<\/h6>\n<p>Padidintas gar\u0173 gaminimas: Dvigubos tinklelio rit\u0117s gali vienu metu suteikti daugiau \u0161ildymo galios, tod\u0117l susidaro didesni, tankesni gar\u0173 debesys. Vartotojams, kurie m\u0117gsta \u201edidelio d\u016bmo\u201c patirt\u012f, dvigubo tinklo rit\u0117 gali patenkinti j\u0173 poreikius.<\/p>\n<h6>3. Greitesnis kaitinimas<\/h6>\n<p>Momentinis atsakas: D\u0117l specialaus tinklelio strukt\u016bros dizaino, dviguba tinklelio rit\u0117 \u012fkaista grei\u010diau, tod\u0117l vartotojai, beveik be v\u0117lavimo, gali greitai pajusti elektroninio skys\u010dio skon\u012f ir gar\u0173 susidarym\u0105 \u012fkv\u0117pimo metu.<\/p>\n<h6>4. Ilgesnis rit\u0117s tarnavimo laikas<\/h6>\n<p>Suma\u017eintos anglies nuos\u0117dos: Dvigubo tinklelio rit\u0117s strukt\u016bra padeda suma\u017einti anglies nuos\u0117d\u0173 susidarym\u0105 ir prailgina rit\u0117s tarnavimo laik\u0105. Tai ypa\u010d svarbu vienkartin\u0117se elektronin\u0117se cigaret\u0117se, nes tai rei\u0161kia ilgesn\u0119 ir nuoseklesn\u0119 naudojimo patirt\u012f.<\/p>\n<h6>5. Sklandesn\u0117 \u012fkv\u0117pimo patirtis<\/h6>\n<p>Suma\u017eintas sausas degimas: Kadangi dviguba tinklelio rit\u0117 gali tolygiau \u012fkaitinti elektronin\u012f skyst\u012f, suma\u017einant sauso degimo rizik\u0105, vartotojai gali m\u0117gautis sklandesne ir malonesne \u012fkv\u0117pimo patirtimi.<br \/>\nMa\u017eesnis oro srauto pasiprie\u0161inimas: Dvigubo tinklelio rit\u0117s dizainas taip pat paprastai u\u017etikrina sklandesn\u012f oro sraut\u0105, tod\u0117l kiekvienas \u012fkv\u0117pimas tampa nat\u016bralesnis ir suma\u017eina pasiprie\u0161inim\u0105, kur\u012f gali sukelti tradicin\u0117s rit\u0117s.<\/p>\n<h6>6. Efektyvus energijos naudojimas<\/h6>\n<p>Geresnis baterijos naudojimo efektyvumas: Kadangi dvigubo tinklelio rit\u0117 gali efektyviau \u012fkaitinti elektronin\u012f skyst\u012f, santykinai ma\u017ea galia gali pagaminti ideal\u0173 gar\u0173 kiek\u012f, taip pagerinant baterijos naudojimo efektyvum\u0105 ir prailginant vienkartini\u0173 elektronini\u0173 cigare\u010di\u0173 naudojimo laik\u0105.<br \/>\nApskritai, vienkartin\u0117s elektronin\u0117s cigaret\u0117s su dvigubomis tinklelio rit\u0117mis gali suteikti turtingesn\u012f skon\u012f, didesn\u012f ir tankesn\u012f gar\u0173 t\u016br\u012f, greitesn\u012f atsako greit\u012f ir ilgesn\u012f tarnavimo laik\u0105, tod\u0117l jos tinka vartotojams, siekiantiems auk\u0161tos kokyb\u0117s patirties.<\/p>\n<h4>Ar yra geresn\u0117s apsaugos nuo vaik\u0173 Vienkartin\u0117s Box vapes Waspe 25000 d\u016bm\u0173 pavidalo?<\/h4>\n<p>Apsauga nuo vaik\u0173: Waspe aiviou 25000 d\u016bmai turi apsaug\u0105 nuo vaik\u0173. Apsauga nuo vaik\u0173 yra svarbi saugumo savyb\u0117, ypa\u010d vartotojams, kurie namuose turi vaik\u0173. \u0160i funkcija apsaugo nuo atsitiktinio jaun\u0173 vaik\u0173 naudojimo, o tai yra itin svarbus privalumas, atsi\u017evelgiant \u012f rizik\u0105, susijusi\u0105 su nikotinu.<\/p>\n<h5><strong>Pakuot\u0117s turinys:<\/strong><\/h5>\n<p>1 x Waspe 25000 d\u016bm\u0173 Vape Box<\/p>\n<p><a href=\"https:\/\/vapehosale.com\/lt\/product\/randm-tornado-7000-puffs-disposable-vape\/\">Populiarus garintuvas<br \/>\n<\/a><a href=\"https:\/\/vapehosale.com\/lt\/product\/al-fahker-evappe-crown-bar-18000-puffs-pro-max\/\">Al Fahker 18000 d\u016bm\u0173 didmena<\/a><br \/>\n<a href=\"https:\/\/vapehosale.com\/lt\/product\/original-shisha-hookah-15000-puffs-jnr-disposable-vape\/\">Kaljanas 15000 \u012fkv\u0117pim\u0173<\/a><br \/>\n<a href=\"https:\/\/vapehosale.com\/lt\/product\/wga-crystal-plus-20k-disposable-vapes\/\">WGA CryStal Plus 20k vienkartin\u0117 d\u0117\u017eut\u0117<\/a><br \/>\n<a href=\"https:\/\/vapehosale.com\/lt\/product\/original-crystal-bar-600-puffs-disposable-vape\/\">Crystal Bar 600 d\u016bm\u0173 vienkartinis garintuvas<\/a><br \/>\nSusisiekite d\u0117l produkt\u0173 katalogo:<a href=\"https:\/\/wa.me\/8618077105750\">Pirkti dabar<\/a><\/p>\n<p>Specialios formos modelio vape:<a href=\"https:\/\/vapehosale.com\/lt\/product\/bulk-buy-bang-king-12000\/\">butelio forma<\/a>\/Kokakolos skardin\u0117\/<a href=\"https:\/\/vapehosale.com\/lt\/product\/sidia-12000-puffs-disposable-device\/\">RGB \u0161viesa<\/a>\/Kri\u0161tolas<\/p>\n<h4>Pristatymo detal\u0117s:<br \/>\nmes esame garintuv\u0173 gamykla i\u0161 Kinijos, ne palaikome mok\u0117jimo grynaisiais pristatymo metu.<\/h4>\n<p><img decoding=\"async\" class=\"alignnone size-full wp-image-2636\" src=\"https:\/\/vapehosale.com\/wp-content\/uploads\/2024\/08\/08cd586e84373c021e8ec9b990d8dae.png\" alt=\"Vienkartinis garintuvas greitas pristatymas\" width=\"726\" height=\"265\" srcset=\"https:\/\/vapehosale.com\/wp-content\/uploads\/2024\/08\/08cd586e84373c021e8ec9b990d8dae.png 726w, https:\/\/vapehosale.com\/wp-content\/uploads\/2024\/08\/08cd586e84373c021e8ec9b990d8dae-300x110.png 300w, https:\/\/vapehosale.com\/wp-content\/uploads\/2024\/08\/08cd586e84373c021e8ec9b990d8dae-600x219.png 600w\" sizes=\"(max-width: 726px) 100vw, 726px\" \/><\/p>\n<h4>Mok\u0117jimo detal\u0117s:<\/h4>\n<p>Mes palaikome apmok\u0117jim\u0105 bankiniu pavedimu arba \u201eWestern Union\u201c, mes esame \u201evape\u201c gamykla i\u0161 Kinijos, <span style=\"color: #ff0000\">nepalaikome apmok\u0117jimo grynaisiais pristatymo metu.<\/span><\/p>\n<p>Visi m\u016bs\u0173 parduotuv\u0117s produktai yra 100% original\u016bs ir autenti\u0161ki, tod\u0117l de\u0161imteriopas kompensavimas u\u017e padirbtas prekes yra m\u016bs\u0173 parduotuv\u0117s politika.<\/p>\n<h5><span style=\"color: #ff0000\">Ar galiu pirmiausia gauti pavyzd\u012f? Minimalus u\u017esakymas 50 vnt., nemokam\u0173 pavyzd\u017ei\u0173 n\u0117ra.<\/span><\/h5>\n<h3>Aptarnavimas po pardavimo:<\/h3>\n<p><span style=\"color: #ff0000\">Pastaba: n\u0117ra gr\u0105\u017einimo ar keitimo d\u0117l nekokybi\u0161k\u0173 preki\u0173<br \/>\n<span style=\"color: #000000\">Produktai gaminami pagal kliento reikalavimus, pinigai negr\u0105\u017einami, jei klientui gavus prekes n\u0117ra kokyb\u0117s problem\u0173.<\/span><\/span><\/p>\n<p>1. Nepilname\u010diams iki 21+ met\u0173 draud\u017eiama pirkti vienkartines e-cigaretes ir priedus.<\/p>\n<p>2. Kai kuriose ma\u017eose sal\u0173 vietov\u0117se Europos \u0161alyse reikalingi papildomi mokes\u010diai u\u017e atokias vietas, prie\u0161 pirkdami pasitarkite su mumis.<\/p>\n<p>3. Kainos m\u016bs\u0173 svetain\u0117je neapima siuntimo i\u0161laid\u0173. Prie\u0161 pateikdami u\u017esakym\u0105 susisiekite su pardavim\u0173 vadybininke Vicky, kad su\u017einotum\u0117te siuntimo i\u0161laidas.<\/p>\n<h4>Susisiekite su manimi d\u0117l didmenin\u0117s prekybos dabar!<\/h4>\n<p>\u2705Originali gamyklos didmenin\u0117 prekyba Whatsapp:<a href=\"https:\/\/wa.me\/8618077105750\">+8618077105750<\/a><\/p>\n<p>\u2705 Didmenininkai ir platintojai kvie\u010diami pritaikyti u\u017esakymus<br \/>\n\u2705Pateikite auk\u0161\u010diausios kokyb\u0117s produktus ir profesionaliausias paslaugas.<\/p>\n<p><img decoding=\"async\" class=\"alignnone size-full wp-image-2638\" src=\"https:\/\/vapehosale.com\/wp-content\/uploads\/2023\/09\/885301ea6f5e0b91f5ab2b1c85e665c.png\" alt=\"RandM gamykla\" width=\"670\" height=\"658\" srcset=\"https:\/\/vapehosale.com\/wp-content\/uploads\/2023\/09\/885301ea6f5e0b91f5ab2b1c85e665c.png 670w, https:\/\/vapehosale.com\/wp-content\/uploads\/2023\/09\/885301ea6f5e0b91f5ab2b1c85e665c-300x295.png 300w, https:\/\/vapehosale.com\/wp-content\/uploads\/2023\/09\/885301ea6f5e0b91f5ab2b1c85e665c-600x589.png 600w\" sizes=\"(max-width: 670px) 100vw, 670px\" \/><\/p>\n<p>&nbsp;<\/p>","protected":false},"excerpt":{"rendered":"<p>Ar jums reikia 50 vnt. \u201eWaspe Vape Aiviou 25000 Puffs\u201c? \u00a0\u00a0 <a href=\"https:\/\/wa.me\/8618077105750\">\u00a0susisiekite su manimi d\u0117l u\u017esakymo 50 vnt <\/a><br \/>\n100 % originalus dvigubo tinklelio \u201ewaspe aiviou 25000puffs\u201c su skaitmenine d\u0117\u017eute, turintis 25 ml talp\u0105 ir 650 mAh baterij\u0105, gali suteikti 25000 dideli\u0173 \u012fkv\u0117pim\u0173.<\/p>\n<p><span style=\"color: #ff0000\">Susisiekite su manimi d\u0117l minimalaus u\u017esakymo tik 50 vnt.! Neparduodama ma\u017eiau nei 50 vnt. <\/span>Tik didmenin\u0117 prekyba!<\/p>\n<p><img decoding=\"async\" class=\"alignnone size-medium wp-image-2638\" src=\"https:\/\/vapehosale.com\/wp-content\/uploads\/2023\/09\/885301ea6f5e0b91f5ab2b1c85e665c-300x295.png\" alt=\"RandM gamykla\" width=\"300\" height=\"295\" srcset=\"https:\/\/vapehosale.com\/wp-content\/uploads\/2023\/09\/885301ea6f5e0b91f5ab2b1c85e665c-300x295.png 300w, https:\/\/vapehosale.com\/wp-content\/uploads\/2023\/09\/885301ea6f5e0b91f5ab2b1c85e665c-600x589.png 600w, https:\/\/vapehosale.com\/wp-content\/uploads\/2023\/09\/885301ea6f5e0b91f5ab2b1c85e665c.png 670w\" sizes=\"(max-width: 300px) 100vw, 300px\" \/><\/p>\n<p><span style=\"color: #ff0000\">PASTABA: Svetain\u0117s kaina ne\u012fskai\u010diuoja pristatymo i\u0161laid\u0173. Pateikite savo pa\u0161to kod\u0105, kad su\u017einotum\u0117te pristatymo kain\u0105.<\/span><\/p>\n<p>&nbsp;<\/p>","protected":false},"featured_media":2654,"comment_status":"open","ping_status":"closed","template":"","meta":{"_uag_custom_page_level_css":"","_lmt_disableupdate":"no","_lmt_disable":"","site-sidebar-layout":"default","site-content-layout":"","ast-site-content-layout":"default","site-content-style":"default","site-sidebar-style":"default","ast-global-header-display":"","ast-banner-title-visibility":"","ast-main-header-display":"","ast-hfb-above-header-display":"","ast-hfb-below-header-display":"","ast-hfb-mobile-header-display":"","site-post-title":"","ast-breadcrumbs-content":"","ast-featured-img":"","footer-sml-layout":"","theme-transparent-header-meta":"default","adv-header-id-meta":"","stick-header-meta":"","header-above-stick-meta":"","header-main-stick-meta":"","header-below-stick-meta":"","astra-migrate-meta-layouts":"set","_joinchat":[]},"product_cat":[88,41,55,15,142],"product_tag":[76,35,33,44],"class_list":["post-2644","product","type-product","status-publish","has-post-thumbnail","hentry","product_cat-25k-vape","product_cat-europe-hot-sale-vape","product_cat-minimum-order-quantity-50pcs","product_cat-vape-shop-wholesale","product_cat-waspe-vape","product_tag-airflow-control-vape","product_tag-rechargeable-disposable-device","product_tag-rgb-light-disposable-vape","product_tag-waspe-vape","desktop-align-left","tablet-align-left","mobile-align-left"],"yoast_head":"<!-- This site is optimized with the Yoast SEO plugin v21.1 - https:\/\/yoast.com\/wordpress\/plugins\/seo\/ -->\n<title>Waspe Aiviou 25000 Puffs Disposable Vape - Vape Wholesale<\/title>\n<meta name=\"description\" content=\"Experts in Waspe Aiviou 25000 Puffs Disposable Vape and accessory wholesale. fast delivery, and the best global prices\u2014explore our range now!\" \/>\n<meta name=\"robots\" content=\"index, follow, max-snippet:-1, max-image-preview:large, max-video-preview:-1\" \/>\n<link rel=\"canonical\" href=\"https:\/\/vapehosale.com\/lt\/product\/waspe-vape-aiviou-25000-puffs\/\" \/>\n<meta property=\"og:locale\" content=\"lt_LT\" \/>\n<meta property=\"og:type\" content=\"article\" \/>\n<meta property=\"og:title\" content=\"Waspe Aiviou 25000 Puffs Disposable Vape - Vape Wholesale\" \/>\n<meta property=\"og:description\" content=\"Experts in Waspe Aiviou 25000 Puffs Disposable Vape and accessory wholesale. fast delivery, and the best global prices\u2014explore our range now!\" \/>\n<meta property=\"og:url\" content=\"https:\/\/vapehosale.com\/lt\/product\/waspe-vape-aiviou-25000-puffs\/\" \/>\n<meta property=\"og:site_name\" content=\"Vape Wholesale\" \/>\n<meta property=\"article:modified_time\" content=\"2025-08-28T10:00:42+00:00\" \/>\n<meta property=\"og:image\" content=\"https:\/\/vapehosale.com\/wp-content\/uploads\/2024\/08\/Waspe-Aiviou-25000-Vape-Real-Pictures.jpg\" \/>\n\t<meta property=\"og:image:width\" content=\"1800\" \/>\n\t<meta property=\"og:image:height\" content=\"2200\" \/>\n\t<meta property=\"og:image:type\" content=\"image\/jpeg\" \/>\n<meta name=\"twitter:card\" content=\"summary_large_image\" \/>\n<meta name=\"twitter:label1\" content=\"Est. reading time\" \/>\n\t<meta name=\"twitter:data1\" content=\"5 minut\u0117s\" \/>\n<script type=\"application\/ld+json\" class=\"yoast-schema-graph\">{\"@context\":\"https:\/\/schema.org\",\"@graph\":[{\"@type\":\"WebPage\",\"@id\":\"https:\/\/vapehosale.com\/product\/waspe-vape-aiviou-25000-puffs\/\",\"url\":\"https:\/\/vapehosale.com\/product\/waspe-vape-aiviou-25000-puffs\/\",\"name\":\"Waspe Aiviou 25000 Puffs Disposable Vape - Vape Wholesale\",\"isPartOf\":{\"@id\":\"https:\/\/vapehosale.com\/#website\"},\"datePublished\":\"2024-08-23T08:00:12+00:00\",\"dateModified\":\"2025-08-28T10:00:42+00:00\",\"description\":\"Experts in Waspe Aiviou 25000 Puffs Disposable Vape and accessory wholesale. fast delivery, and the best global prices\u2014explore our range now!\",\"breadcrumb\":{\"@id\":\"https:\/\/vapehosale.com\/product\/waspe-vape-aiviou-25000-puffs\/#breadcrumb\"},\"inLanguage\":\"lt-LT\",\"potentialAction\":[{\"@type\":\"ReadAction\",\"target\":[\"https:\/\/vapehosale.com\/product\/waspe-vape-aiviou-25000-puffs\/\"]}]},{\"@type\":\"BreadcrumbList\",\"@id\":\"https:\/\/vapehosale.com\/product\/waspe-vape-aiviou-25000-puffs\/#breadcrumb\",\"itemListElement\":[{\"@type\":\"ListItem\",\"position\":1,\"name\":\"Home\",\"item\":\"https:\/\/vapehosale.com\/\"},{\"@type\":\"ListItem\",\"position\":2,\"name\":\"Best Sell Vapes\",\"item\":\"https:\/\/vapehosale.com\/vape-shop\/\"},{\"@type\":\"ListItem\",\"position\":3,\"name\":\"Waspe Aiviou 25000 Puffs Disposable Vape\"}]},{\"@type\":\"WebSite\",\"@id\":\"https:\/\/vapehosale.com\/#website\",\"url\":\"https:\/\/vapehosale.com\/\",\"name\":\"Vape Wholesale\",\"description\":\"Buy Vape Wholesale Price Near you\",\"potentialAction\":[{\"@type\":\"SearchAction\",\"target\":{\"@type\":\"EntryPoint\",\"urlTemplate\":\"https:\/\/vapehosale.com\/?s={search_term_string}\"},\"query-input\":\"required name=search_term_string\"}],\"inLanguage\":\"lt-LT\"}]}<\/script>\n<!-- \/ Yoast SEO plugin. -->","yoast_head_json":{"title":"Waspe Aiviou 25000 Puffs Disposable Vape - Vape Wholesale","description":"Experts in Waspe Aiviou 25000 Puffs Disposable Vape and accessory wholesale. fast delivery, and the best global prices\u2014explore our range now!","robots":{"index":"index","follow":"follow","max-snippet":"max-snippet:-1","max-image-preview":"max-image-preview:large","max-video-preview":"max-video-preview:-1"},"canonical":"https:\/\/vapehosale.com\/lt\/product\/waspe-vape-aiviou-25000-puffs\/","og_locale":"lt_LT","og_type":"article","og_title":"Waspe Aiviou 25000 Puffs Disposable Vape - Vape Wholesale","og_description":"Experts in Waspe Aiviou 25000 Puffs Disposable Vape and accessory wholesale. fast delivery, and the best global prices\u2014explore our range now!","og_url":"https:\/\/vapehosale.com\/lt\/product\/waspe-vape-aiviou-25000-puffs\/","og_site_name":"Vape Wholesale","article_modified_time":"2025-08-28T10:00:42+00:00","og_image":[{"width":1800,"height":2200,"url":"https:\/\/vapehosale.com\/wp-content\/uploads\/2024\/08\/Waspe-Aiviou-25000-Vape-Real-Pictures.jpg","type":"image\/jpeg"}],"twitter_card":"summary_large_image","twitter_misc":{"Est. reading time":"5 minut\u0117s"},"schema":{"@context":"https:\/\/schema.org","@graph":[{"@type":"WebPage","@id":"https:\/\/vapehosale.com\/product\/waspe-vape-aiviou-25000-puffs\/","url":"https:\/\/vapehosale.com\/product\/waspe-vape-aiviou-25000-puffs\/","name":"Waspe Aiviou 25000 Puffs Disposable Vape - Vape Wholesale","isPartOf":{"@id":"https:\/\/vapehosale.com\/#website"},"datePublished":"2024-08-23T08:00:12+00:00","dateModified":"2025-08-28T10:00:42+00:00","description":"Experts in Waspe Aiviou 25000 Puffs Disposable Vape and accessory wholesale. fast delivery, and the best global prices\u2014explore our range now!","breadcrumb":{"@id":"https:\/\/vapehosale.com\/product\/waspe-vape-aiviou-25000-puffs\/#breadcrumb"},"inLanguage":"lt-LT","potentialAction":[{"@type":"ReadAction","target":["https:\/\/vapehosale.com\/product\/waspe-vape-aiviou-25000-puffs\/"]}]},{"@type":"BreadcrumbList","@id":"https:\/\/vapehosale.com\/product\/waspe-vape-aiviou-25000-puffs\/#breadcrumb","itemListElement":[{"@type":"ListItem","position":1,"name":"Home","item":"https:\/\/vapehosale.com\/"},{"@type":"ListItem","position":2,"name":"Best Sell Vapes","item":"https:\/\/vapehosale.com\/vape-shop\/"},{"@type":"ListItem","position":3,"name":"Waspe Aiviou 25000 Puffs Disposable Vape"}]},{"@type":"WebSite","@id":"https:\/\/vapehosale.com\/#website","url":"https:\/\/vapehosale.com\/","name":"Vape Wholesale","description":"Buy Vape Wholesale Price Near you","potentialAction":[{"@type":"SearchAction","target":{"@type":"EntryPoint","urlTemplate":"https:\/\/vapehosale.com\/?s={search_term_string}"},"query-input":"required name=search_term_string"}],"inLanguage":"lt-LT"}]}},"uagb_featured_image_src":{"full":["https:\/\/vapehosale.com\/wp-content\/uploads\/2024\/08\/Waspe-Aiviou-25000-Vape-Real-Pictures.jpg",1800,2200,false],"thumbnail":["https:\/\/vapehosale.com\/wp-content\/uploads\/2024\/08\/Waspe-Aiviou-25000-Vape-Real-Pictures-150x150.jpg",150,150,true],"medium":["https:\/\/vapehosale.com\/wp-content\/uploads\/2024\/08\/Waspe-Aiviou-25000-Vape-Real-Pictures-245x300.jpg",245,300,true],"medium_large":["https:\/\/vapehosale.com\/wp-content\/uploads\/2024\/08\/Waspe-Aiviou-25000-Vape-Real-Pictures-768x939.jpg",768,939,true],"large":["https:\/\/vapehosale.com\/wp-content\/uploads\/2024\/08\/Waspe-Aiviou-25000-Vape-Real-Pictures-838x1024.jpg",838,1024,true],"1536x1536":["https:\/\/vapehosale.com\/wp-content\/uploads\/2024\/08\/Waspe-Aiviou-25000-Vape-Real-Pictures-1257x1536.jpg",1257,1536,true],"2048x2048":["https:\/\/vapehosale.com\/wp-content\/uploads\/2024\/08\/Waspe-Aiviou-25000-Vape-Real-Pictures-1676x2048.jpg",1676,2048,true],"trp-custom-language-flag":["https:\/\/vapehosale.com\/wp-content\/uploads\/2024\/08\/Waspe-Aiviou-25000-Vape-Real-Pictures.jpg",10,12,false],"woocommerce_thumbnail":["https:\/\/vapehosale.com\/wp-content\/uploads\/2024\/08\/Waspe-Aiviou-25000-Vape-Real-Pictures-300x300.jpg",300,300,true],"woocommerce_single":["https:\/\/vapehosale.com\/wp-content\/uploads\/2024\/08\/Waspe-Aiviou-25000-Vape-Real-Pictures-600x733.jpg",600,733,true],"woocommerce_gallery_thumbnail":["https:\/\/vapehosale.com\/wp-content\/uploads\/2024\/08\/Waspe-Aiviou-25000-Vape-Real-Pictures-100x100.jpg",100,100,true],"wcpr-photo-reviews":["https:\/\/vapehosale.com\/wp-content\/uploads\/2024\/08\/Waspe-Aiviou-25000-Vape-Real-Pictures.jpg",409,500,false]},"uagb_author_info":{"display_name":"Vicky hosale","author_link":"https:\/\/vapehosale.com\/lt\/author\/"},"uagb_comment_info":0,"uagb_excerpt":"Waspe Vape Aiviou 25000 Puffs you need 50pcs? \u00a0\u00a0 \u00a0contact me for order 50pcs 100% original doule mesh waspe aiviou 25000puffs with digital box, and contain 25ml and 650mah battery, can provide you huge 25000 puffs. contact me for min order only 50 pcs! not sale under 50pcs, Wholesale only! NOTE:The website price does not&hellip;","_links":{"self":[{"href":"https:\/\/vapehosale.com\/lt\/wp-json\/wp\/v2\/product\/2644","targetHints":{"allow":["GET"]}}],"collection":[{"href":"https:\/\/vapehosale.com\/lt\/wp-json\/wp\/v2\/product"}],"about":[{"href":"https:\/\/vapehosale.com\/lt\/wp-json\/wp\/v2\/types\/product"}],"replies":[{"embeddable":true,"href":"https:\/\/vapehosale.com\/lt\/wp-json\/wp\/v2\/comments?post=2644"}],"wp:featuredmedia":[{"embeddable":true,"href":"https:\/\/vapehosale.com\/lt\/wp-json\/wp\/v2\/media\/2654"}],"wp:attachment":[{"href":"https:\/\/vapehosale.com\/lt\/wp-json\/wp\/v2\/media?parent=2644"}],"wp:term":[{"taxonomy":"product_cat","embeddable":true,"href":"https:\/\/vapehosale.com\/lt\/wp-json\/wp\/v2\/product_cat?post=2644"},{"taxonomy":"product_tag","embeddable":true,"href":"https:\/\/vapehosale.com\/lt\/wp-json\/wp\/v2\/product_tag?post=2644"}],"curies":[{"name":"wp","href":"https:\/\/api.w.org\/{rel}","templated":true}]}}