{"id":1572,"date":"2023-09-27T08:09:18","date_gmt":"2023-09-27T08:09:18","guid":{"rendered":"https:\/\/vapehosale.com\/?post_type=product&#038;p=1572"},"modified":"2024-10-16T09:20:58","modified_gmt":"2024-10-16T09:20:58","slug":"vbon-9000-puffs-disposable-vape","status":"publish","type":"product","link":"https:\/\/vapehosale.com\/lt\/product\/vbon-9000-puffs-disposable-vape\/","title":{"rendered":"VBON 9000 Puffs vienkartinis garintuvas 20mg didmenin\u0117 prekyba"},"content":{"rendered":"<h2 style=\"text-align: center\">Kas yra VBON 9000 Puffs vienkartinis veipas?<\/h2>\n<p>Vienkartinis veipas VBON 9000 Puffs yra viena populiariausi\u0173 vienkartini\u0173 elektronini\u0173 cigare\u010di\u0173 Lietuvoje. Apa\u010dioje yra RGB lemput\u0117, kuri u\u017esidega kiekvien\u0105 kart\u0105 traukiant d\u016bm\u0105. Veipe yra 18 ml e-skys\u010dio ir 600 mAh \u012fkraunama baterija, tod\u0117l C tipo \u012fkrovimas gali u\u017etikrinti 9000 \u012fkv\u0117pim\u0173.<\/p>\n<p><img decoding=\"async\" class=\"alignnone size-full wp-image-1573\" src=\"https:\/\/vapehosale.com\/wp-content\/uploads\/2023\/09\/France-hot-sale-VBON-9000-Puffs-Disposable-vape-wholesale-.png\" alt=\"Pranc\u016bzija, kar\u0161tas pardavimas, VBON 9000 Puffs vienkartin\u0117 elektronin\u0117 cigaret\u0117, didmenin\u0117 prekyba\" width=\"809\" height=\"834\" srcset=\"https:\/\/vapehosale.com\/wp-content\/uploads\/2023\/09\/France-hot-sale-VBON-9000-Puffs-Disposable-vape-wholesale-.png 809w, https:\/\/vapehosale.com\/wp-content\/uploads\/2023\/09\/France-hot-sale-VBON-9000-Puffs-Disposable-vape-wholesale--291x300.png 291w, https:\/\/vapehosale.com\/wp-content\/uploads\/2023\/09\/France-hot-sale-VBON-9000-Puffs-Disposable-vape-wholesale--768x792.png 768w, https:\/\/vapehosale.com\/wp-content\/uploads\/2023\/09\/France-hot-sale-VBON-9000-Puffs-Disposable-vape-wholesale--600x619.png 600w\" sizes=\"(max-width: 809px) 100vw, 809px\" \/><\/p>\n<p>&nbsp;<\/p>\n<h4>K\u0105 galb\u016bt nor\u0117tum\u0117te \u017einoti apie VBON 9000 Puffs<\/h4>\n<p>&nbsp;<\/p>\n<h6>1. Ar galiu i\u0161jungti RGB \u0161vies\u0105?<\/h6>\n<p>J\u016bs negalite i\u0161jungti VBon RGB \u0161viesos, nes \u0161auni RGB \u0161viesa yra VBon 9000 Puffs vienkartin\u0117s elektronin\u0117s cigaret\u0117s funkcija, kuri suveikia su kiekvienu \u012fkv\u0117pimu, kol i\u0161senka baterija.<\/p>\n<h5>2. Koks yra geriausias skonis?<\/h5>\n<p>A\u0161 asmeni\u0161kai rekomenduoju \u0161iuos 3 skonius \u017emon\u0117ms, kurie pirm\u0105 kart\u0105 naudoja elektronines cigaretes ir nori mesti r\u016bkyti e-cigaretes<br \/>\nTop 1: Red Bull<\/p>\n<p>Top 2: arb\u016bz\u0173 ledas<\/p>\n<p>Top 3: Mamba<\/p>\n<p>\uf06c Ar galima j\u012f \u012fkrauti? Taip, C tipo jungtimi<br \/>\n\uf06c Kokia yra si\u016bloma ma\u017emenin\u0117 kaina? 12\u201315 \u20ac<br \/>\n\uf06c Kiek \u012fkv\u0117pim\u0173 galiu gauti i\u0161 vieno VBON 9000 Puffs vienkartinio \u012frenginio?<br \/>\n\uf06c Ar galiu papildyti Vbon 9000 rinkin\u012f?<\/p>\n<h4>Specifikacijos:<\/h4>\n<p>1. 2% 5% Nikotino lygis<br \/>\n2. \u012ekv\u0117pimai: 9000 ilgalaiki\u0173 \u012fkv\u0117pim\u0173 vienkartinis veipas<br \/>\n3. Talpa: 18 ml<br \/>\n4.30 galim\u0173 skoni\u0173<br \/>\n5.Integruota 600Mah<br \/>\n6.C tipo \u012fkrovimas<br \/>\n7. Pagaminta Kinijoje<\/p>\n<h4>Skoni\u0173 s\u0105ra\u0161as:<\/h4>\n<p>1.Kivis, pasifloros vaisius, gvajava<\/p>\n<p>2.Mi\u0161rios uogos<\/p>\n<p>3.M\u0117lyn\u0173j\u0173 avie\u010di\u0173 ledas<\/p>\n<p>4.M\u0117lyn\u0117s, granatas<\/p>\n<p>5.M\u0117lyn\u0117s, vy\u0161nios, spanguol\u0117s<\/p>\n<p>6. Red Bull<\/p>\n<p>7.Arb\u016bzo ledas<\/p>\n<p>8.Arb\u016bzas, m\u0117lyn\u0173j\u0173 avie\u010di\u0173 ledas<\/p>\n<p>9.Bra\u0161k\u0117s, arb\u016bzas<\/p>\n<p>10.Bra\u0161k\u0117s, limonadas<\/p>\n<p>11.Bra\u0161k\u0117s, kremas<\/p>\n<p>12.Bra\u0161ki\u0173 ledas<\/p>\n<p>13.Bra\u0161k\u0117s, kivis<\/p>\n<p>14.Bra\u0161k\u0117s, arb\u016bzas, limonadas<\/p>\n<p>15.Mangas su ledu<\/p>\n<p>16.Persik\u0173 ledas<\/p>\n<p>17.Persikas, mangas<\/p>\n<p>18.M\u0117lyni\u0173 ledas<\/p>\n<p>19.Persik\u0173, mang\u0173, ananas\u0173<\/p>\n<p>20.Persik\u0173, m\u0117lyni\u0173 saldainiai<\/p>\n<p>21.Guminukas me\u0161kiukas<\/p>\n<p>22.Mang\u0173, persik\u0173, gvajavos<\/p>\n<p>23.Pasiflor\u0173, apelsin\u0173, gvajavos<\/p>\n<p>24.Raudon\u0173j\u0173 obuoli\u0173 ledai<\/p>\n<p>25.Persik\u0173, citrin\u0173<\/p>\n<p>26.Citrin\u0173, m\u0117t\u0173, laimo<\/p>\n<p>27.Bra\u0161ki\u0173, ananas\u0173, apelsin\u0173<\/p>\n<p>28.Obuoli\u0173, persik\u0173<\/p>\n<p>29. purtyk purtyk ledai<\/p>\n<p>30. manba<\/p>\n<p><a href=\"https:\/\/vapehosale.com\/lt\/product\/randm-tornado-7000-puffs-disposable-vape\/\">Kar\u0161tas i\u0161pardavimas, elektronin\u0117 cigaret\u0117 RandM Tornado 7000<\/a> ir <a href=\"https:\/\/vapehosale.com\/lt\/product\/bulk-buy-randm-tornado-9000\/\">RandM Tornado 9000 P\u016b\u010di\u0173<\/a> Didmenin\u0117 prekyba <a href=\"https:\/\/vapehosale.com\/lt\/product\/fumot-digital-box-12000-puffs\/\">Fumot Skaitmenin\u0117 D\u0117\u017eut\u0117 12000 P\u016b\u010di\u0173<\/a><br \/>\nSusisiekite d\u0117l produkt\u0173 katalogo:<a href=\"https:\/\/wa.me\/8618077105750\">Pirkti dabar<\/a><\/p>\n<p>Kiti vienkartiniai garintuvai, kurie gali patikti:<a href=\"https:\/\/vapehosale.com\/lt\/product\/bulk-buy-bang-king-12000\/\">\u201eBang king 12000 puffs\u201c<\/a>\/<a href=\"https:\/\/vapehosale.com\/lt\/product\/sidia-12000-puffs-disposable-device\/\">\u201eVapme 12000 puffs\u201c<\/a>\/\u201eVapme 7000 Puffs\u201c\/\u201eBang 8000 puffs\u201c\/\u201eELFBAR bc5000 Puffs\u201c<\/p>\n<p>Specialios formos modelio vape:<a href=\"https:\/\/vapehosale.com\/lt\/product\/bulk-buy-bang-king-12000\/\">butelio forma<\/a>\/Kokakolos skardin\u0117\/<a href=\"https:\/\/vapehosale.com\/lt\/product\/sidia-12000-puffs-disposable-device\/\">RGB \u0161viesa<\/a>\/Kri\u0161tolas<\/p>\n<h4>Pristatymo detal\u0117s:<\/h4>\n<p>Gamybos laikas: 3-10 darbo dien\u0173<br \/>\nPristatymo laikas: 8\u201314 darbo dien\u0173<\/p>\n<p>Visi m\u016bs\u0173 parduotuv\u0117s produktai yra 100% original\u016bs ir autenti\u0161ki, tod\u0117l de\u0161imteriopas kompensavimas u\u017e padirbtas prekes yra m\u016bs\u0173 parduotuv\u0117s politika.<\/p>\n<h3>Aptarnavimas po pardavimo:<\/h3>\n<p><span style=\"color: #ff0000\">Pastaba: n\u0117ra gr\u0105\u017einimo ar keitimo d\u0117l nekokybi\u0161k\u0173 preki\u0173<\/span><br \/>\n1. Klientai gali pasirinkti norim\u0105 skon\u012f, ta\u010diau jei skonio n\u0117ra sand\u0117lyje, gamybos skyrius pasirinks populiar\u0173 skon\u012f, kad j\u012f pakeist\u0173. Klientams neleid\u017eiama reikalauti gr\u0105\u017einimo ar keitimo d\u0117l skonio.<\/p>\n<p>2. Kai atsiranda kokyb\u0117s problem\u0173, pateikite konkret\u0173 vaizdo \u012fra\u0161o ir nuotrauk\u0173 apra\u0161ym\u0105.<br \/>\nJei negal\u0117site pateikti \u012frodym\u0173, pvz., vaizdo \u012fra\u0161\u0173 ir nuotrauk\u0173, prek\u0117s nebus kei\u010diamos.<\/p>\n<p>D\u0117l i\u0161samesn\u0117s didmenin\u0117s kainos, minimalaus u\u017esakymo kiekio, turim\u0173 skoni\u0173, pra\u0161ome susisiekti su m\u016bs\u0173 pardavim\u0173 vadybininke Vicky <a href=\"https:\/\/wa.me\/8618077105750\">whatsapp:+37018077105750<\/a><\/p>\n<p>&nbsp;<\/p>\n<p>&nbsp;<\/p>\n<h4 style=\"text-align: center\">Siuntimas ir gamyklos demonstravimas:<\/h4>\n<p><img decoding=\"async\" class=\"alignnone size-medium wp-image-1422\" src=\"https:\/\/vapehosale.com\/wp-content\/uploads\/2023\/09\/factory-2-300x200.jpg\" alt=\"Vape fabrikas (2)\" width=\"300\" height=\"200\" srcset=\"https:\/\/vapehosale.com\/wp-content\/uploads\/2023\/09\/factory-2-300x200.jpg 300w, https:\/\/vapehosale.com\/wp-content\/uploads\/2023\/09\/factory-2-1024x682.jpg 1024w, https:\/\/vapehosale.com\/wp-content\/uploads\/2023\/09\/factory-2-768x512.jpg 768w, https:\/\/vapehosale.com\/wp-content\/uploads\/2023\/09\/factory-2-600x400.jpg 600w, https:\/\/vapehosale.com\/wp-content\/uploads\/2023\/09\/factory-2.jpg 1280w\" sizes=\"(max-width: 300px) 100vw, 300px\" \/><img decoding=\"async\" class=\"alignnone size-medium wp-image-1423\" src=\"https:\/\/vapehosale.com\/wp-content\/uploads\/2023\/09\/RANDM-TORNADO-12000-VAEP-FACTORY-300x225.jpg\" alt=\"RANDM TORNADO 12000 VAEP FABRIKAS\" width=\"300\" height=\"225\" srcset=\"https:\/\/vapehosale.com\/wp-content\/uploads\/2023\/09\/RANDM-TORNADO-12000-VAEP-FACTORY-300x225.jpg 300w, https:\/\/vapehosale.com\/wp-content\/uploads\/2023\/09\/RANDM-TORNADO-12000-VAEP-FACTORY-1024x768.jpg 1024w, https:\/\/vapehosale.com\/wp-content\/uploads\/2023\/09\/RANDM-TORNADO-12000-VAEP-FACTORY-768x576.jpg 768w, https:\/\/vapehosale.com\/wp-content\/uploads\/2023\/09\/RANDM-TORNADO-12000-VAEP-FACTORY-1536x1152.jpg 1536w, https:\/\/vapehosale.com\/wp-content\/uploads\/2023\/09\/RANDM-TORNADO-12000-VAEP-FACTORY-600x450.jpg 600w, https:\/\/vapehosale.com\/wp-content\/uploads\/2023\/09\/RANDM-TORNADO-12000-VAEP-FACTORY.jpg 1702w\" sizes=\"(max-width: 300px) 100vw, 300px\" \/><img decoding=\"async\" class=\"alignnone size-medium wp-image-1425\" src=\"https:\/\/vapehosale.com\/wp-content\/uploads\/2023\/09\/WAREHOUSE-300x193.jpg\" alt=\"SAND\u0116LIS\" width=\"300\" height=\"193\" srcset=\"https:\/\/vapehosale.com\/wp-content\/uploads\/2023\/09\/WAREHOUSE-300x193.jpg 300w, https:\/\/vapehosale.com\/wp-content\/uploads\/2023\/09\/WAREHOUSE.jpg 557w\" sizes=\"(max-width: 300px) 100vw, 300px\" \/><img decoding=\"async\" class=\"alignnone size-medium wp-image-1564\" src=\"https:\/\/vapehosale.com\/wp-content\/uploads\/2023\/09\/f9454add9518c005b999699bbc181d1-169x300.jpg\" alt=\"Vape gamyklos siunta\" width=\"169\" height=\"300\" srcset=\"https:\/\/vapehosale.com\/wp-content\/uploads\/2023\/09\/f9454add9518c005b999699bbc181d1-169x300.jpg 169w, https:\/\/vapehosale.com\/wp-content\/uploads\/2023\/09\/f9454add9518c005b999699bbc181d1-576x1024.jpg 576w, https:\/\/vapehosale.com\/wp-content\/uploads\/2023\/09\/f9454add9518c005b999699bbc181d1-768x1365.jpg 768w, https:\/\/vapehosale.com\/wp-content\/uploads\/2023\/09\/f9454add9518c005b999699bbc181d1-864x1536.jpg 864w, https:\/\/vapehosale.com\/wp-content\/uploads\/2023\/09\/f9454add9518c005b999699bbc181d1-600x1067.jpg 600w, https:\/\/vapehosale.com\/wp-content\/uploads\/2023\/09\/f9454add9518c005b999699bbc181d1.jpg 1080w\" sizes=\"(max-width: 169px) 100vw, 169px\" \/><\/p>","protected":false},"excerpt":{"rendered":"<p>VBON 9000 Puffs vienkartinis rinkinys \u012fkraunamas C tipo jungtimi, kiekviename \u012frenginyje yra 600 mAh baterija ir 18 ml skys\u010dio, galite j\u012f naudoti bet kur, i\u0161skyrus vie\u0161ose vietose. Kreipkit\u0117s \u012f Vicky d\u0117l didmeninio u\u017esakymo, minimalus u\u017esakymas tik 100 vnt.<\/p>\n<p><img decoding=\"async\" class=\"alignnone size-medium wp-image-2638\" src=\"https:\/\/vapehosale.com\/wp-content\/uploads\/2023\/09\/885301ea6f5e0b91f5ab2b1c85e665c-300x295.png\" alt=\"RandM gamykla\" width=\"300\" height=\"295\" srcset=\"https:\/\/vapehosale.com\/wp-content\/uploads\/2023\/09\/885301ea6f5e0b91f5ab2b1c85e665c-300x295.png 300w, https:\/\/vapehosale.com\/wp-content\/uploads\/2023\/09\/885301ea6f5e0b91f5ab2b1c85e665c-600x589.png 600w, https:\/\/vapehosale.com\/wp-content\/uploads\/2023\/09\/885301ea6f5e0b91f5ab2b1c85e665c.png 670w\" sizes=\"(max-width: 300px) 100vw, 300px\" \/><\/p>\n<p><span style=\"color: #ff0000\">Pastaba: Svetain\u0117s kaina ne\u012ftraukia siuntimo i\u0161laid\u0173. Pra\u0161ome pateikti savo pa\u0161to kod\u0105, kad patikrintum\u0117te siuntimo i\u0161laidas.<\/span><\/p>\n<p>&nbsp;<\/p>","protected":false},"featured_media":1578,"comment_status":"open","ping_status":"closed","template":"","meta":{"_uag_custom_page_level_css":"","_lmt_disableupdate":"","_lmt_disable":"","site-sidebar-layout":"default","site-content-layout":"","ast-site-content-layout":"default","site-content-style":"default","site-sidebar-style":"default","ast-global-header-display":"","ast-banner-title-visibility":"","ast-main-header-display":"","ast-hfb-above-header-display":"","ast-hfb-below-header-display":"","ast-hfb-mobile-header-display":"","site-post-title":"","ast-breadcrumbs-content":"","ast-featured-img":"","footer-sml-layout":"","theme-transparent-header-meta":"default","adv-header-id-meta":"","stick-header-meta":"","header-above-stick-meta":"","header-main-stick-meta":"","header-below-stick-meta":"","astra-migrate-meta-layouts":"set","_joinchat":[]},"product_cat":[86,15],"product_tag":[35,33,40],"class_list":["post-1572","product","type-product","status-publish","has-post-thumbnail","hentry","product_cat-9000-vape","product_cat-vape-shop-wholesale","product_tag-rechargeable-disposable-device","product_tag-rgb-light-disposable-vape","product_tag-sidia-vape","desktop-align-left","tablet-align-left","mobile-align-left"],"yoast_head":"<!-- This site is optimized with the Yoast SEO plugin v21.1 - https:\/\/yoast.com\/wordpress\/plugins\/seo\/ -->\n<title>Wholesale VBON 9000 Puffs Disposable Vape 20mg - Vape Wholesale<\/title>\n<meta name=\"description\" content=\"VBON 9000 Puffs is a rechargeable disposable device that contains 18ml e-liquid and an 600mah rechargeble battery\uff0ceach device provide 9000 puffs.\" \/>\n<meta name=\"robots\" content=\"index, follow, max-snippet:-1, max-image-preview:large, max-video-preview:-1\" \/>\n<link rel=\"canonical\" href=\"https:\/\/vapehosale.com\/lt\/product\/vbon-9000-puffs-disposable-vape\/\" \/>\n<meta property=\"og:locale\" content=\"lt_LT\" \/>\n<meta property=\"og:type\" content=\"article\" \/>\n<meta property=\"og:title\" content=\"Wholesale VBON 9000 Puffs Disposable Vape 20mg - Vape Wholesale\" \/>\n<meta property=\"og:description\" content=\"VBON 9000 Puffs is a rechargeable disposable device that contains 18ml e-liquid and an 600mah rechargeble battery\uff0ceach device provide 9000 puffs.\" \/>\n<meta property=\"og:url\" content=\"https:\/\/vapehosale.com\/lt\/product\/vbon-9000-puffs-disposable-vape\/\" \/>\n<meta property=\"og:site_name\" content=\"Vape Wholesale\" \/>\n<meta property=\"article:modified_time\" content=\"2024-10-16T09:20:58+00:00\" \/>\n<meta property=\"og:image\" content=\"https:\/\/vapehosale.com\/wp-content\/uploads\/2023\/09\/Best-sale-VBON-9000-Puffs-Disposable-vape-wholesale-.jpg\" \/>\n\t<meta property=\"og:image:width\" content=\"800\" \/>\n\t<meta property=\"og:image:height\" content=\"800\" \/>\n\t<meta property=\"og:image:type\" content=\"image\/jpeg\" \/>\n<meta name=\"twitter:card\" content=\"summary_large_image\" \/>\n<meta name=\"twitter:label1\" content=\"Est. reading time\" \/>\n\t<meta name=\"twitter:data1\" content=\"4 minut\u0117s\" \/>\n<script type=\"application\/ld+json\" class=\"yoast-schema-graph\">{\"@context\":\"https:\/\/schema.org\",\"@graph\":[{\"@type\":\"WebPage\",\"@id\":\"https:\/\/vapehosale.com\/product\/vbon-9000-puffs-disposable-vape\/\",\"url\":\"https:\/\/vapehosale.com\/product\/vbon-9000-puffs-disposable-vape\/\",\"name\":\"Wholesale VBON 9000 Puffs Disposable Vape 20mg - Vape Wholesale\",\"isPartOf\":{\"@id\":\"https:\/\/vapehosale.com\/#website\"},\"datePublished\":\"2023-09-27T08:09:18+00:00\",\"dateModified\":\"2024-10-16T09:20:58+00:00\",\"description\":\"VBON 9000 Puffs is a rechargeable disposable device that contains 18ml e-liquid and an 600mah rechargeble battery\uff0ceach device provide 9000 puffs.\",\"breadcrumb\":{\"@id\":\"https:\/\/vapehosale.com\/product\/vbon-9000-puffs-disposable-vape\/#breadcrumb\"},\"inLanguage\":\"lt-LT\",\"potentialAction\":[{\"@type\":\"ReadAction\",\"target\":[\"https:\/\/vapehosale.com\/product\/vbon-9000-puffs-disposable-vape\/\"]}]},{\"@type\":\"BreadcrumbList\",\"@id\":\"https:\/\/vapehosale.com\/product\/vbon-9000-puffs-disposable-vape\/#breadcrumb\",\"itemListElement\":[{\"@type\":\"ListItem\",\"position\":1,\"name\":\"Home\",\"item\":\"https:\/\/vapehosale.com\/\"},{\"@type\":\"ListItem\",\"position\":2,\"name\":\"Best Sell Vapes\",\"item\":\"https:\/\/vapehosale.com\/vape-shop\/\"},{\"@type\":\"ListItem\",\"position\":3,\"name\":\"Wholesale VBON 9000 Puffs Disposable Vape 20mg\"}]},{\"@type\":\"WebSite\",\"@id\":\"https:\/\/vapehosale.com\/#website\",\"url\":\"https:\/\/vapehosale.com\/\",\"name\":\"Vape Wholesale\",\"description\":\"Buy Vape Wholesale Price Near you\",\"potentialAction\":[{\"@type\":\"SearchAction\",\"target\":{\"@type\":\"EntryPoint\",\"urlTemplate\":\"https:\/\/vapehosale.com\/?s={search_term_string}\"},\"query-input\":\"required name=search_term_string\"}],\"inLanguage\":\"lt-LT\"}]}<\/script>\n<!-- \/ Yoast SEO plugin. -->","yoast_head_json":{"title":"Wholesale VBON 9000 Puffs Disposable Vape 20mg - Vape Wholesale","description":"VBON 9000 Puffs is a rechargeable disposable device that contains 18ml e-liquid and an 600mah rechargeble battery\uff0ceach device provide 9000 puffs.","robots":{"index":"index","follow":"follow","max-snippet":"max-snippet:-1","max-image-preview":"max-image-preview:large","max-video-preview":"max-video-preview:-1"},"canonical":"https:\/\/vapehosale.com\/lt\/product\/vbon-9000-puffs-disposable-vape\/","og_locale":"lt_LT","og_type":"article","og_title":"Wholesale VBON 9000 Puffs Disposable Vape 20mg - Vape Wholesale","og_description":"VBON 9000 Puffs is a rechargeable disposable device that contains 18ml e-liquid and an 600mah rechargeble battery\uff0ceach device provide 9000 puffs.","og_url":"https:\/\/vapehosale.com\/lt\/product\/vbon-9000-puffs-disposable-vape\/","og_site_name":"Vape Wholesale","article_modified_time":"2024-10-16T09:20:58+00:00","og_image":[{"width":800,"height":800,"url":"https:\/\/vapehosale.com\/wp-content\/uploads\/2023\/09\/Best-sale-VBON-9000-Puffs-Disposable-vape-wholesale-.jpg","type":"image\/jpeg"}],"twitter_card":"summary_large_image","twitter_misc":{"Est. reading time":"4 minut\u0117s"},"schema":{"@context":"https:\/\/schema.org","@graph":[{"@type":"WebPage","@id":"https:\/\/vapehosale.com\/product\/vbon-9000-puffs-disposable-vape\/","url":"https:\/\/vapehosale.com\/product\/vbon-9000-puffs-disposable-vape\/","name":"Wholesale VBON 9000 Puffs Disposable Vape 20mg - Vape Wholesale","isPartOf":{"@id":"https:\/\/vapehosale.com\/#website"},"datePublished":"2023-09-27T08:09:18+00:00","dateModified":"2024-10-16T09:20:58+00:00","description":"VBON 9000 Puffs is a rechargeable disposable device that contains 18ml e-liquid and an 600mah rechargeble battery\uff0ceach device provide 9000 puffs.","breadcrumb":{"@id":"https:\/\/vapehosale.com\/product\/vbon-9000-puffs-disposable-vape\/#breadcrumb"},"inLanguage":"lt-LT","potentialAction":[{"@type":"ReadAction","target":["https:\/\/vapehosale.com\/product\/vbon-9000-puffs-disposable-vape\/"]}]},{"@type":"BreadcrumbList","@id":"https:\/\/vapehosale.com\/product\/vbon-9000-puffs-disposable-vape\/#breadcrumb","itemListElement":[{"@type":"ListItem","position":1,"name":"Home","item":"https:\/\/vapehosale.com\/"},{"@type":"ListItem","position":2,"name":"Best Sell Vapes","item":"https:\/\/vapehosale.com\/vape-shop\/"},{"@type":"ListItem","position":3,"name":"Wholesale VBON 9000 Puffs Disposable Vape 20mg"}]},{"@type":"WebSite","@id":"https:\/\/vapehosale.com\/#website","url":"https:\/\/vapehosale.com\/","name":"Vape Wholesale","description":"Buy Vape Wholesale Price Near you","potentialAction":[{"@type":"SearchAction","target":{"@type":"EntryPoint","urlTemplate":"https:\/\/vapehosale.com\/?s={search_term_string}"},"query-input":"required name=search_term_string"}],"inLanguage":"lt-LT"}]}},"uagb_featured_image_src":{"full":["https:\/\/vapehosale.com\/wp-content\/uploads\/2023\/09\/Best-sale-VBON-9000-Puffs-Disposable-vape-wholesale-.jpg",800,800,false],"thumbnail":["https:\/\/vapehosale.com\/wp-content\/uploads\/2023\/09\/Best-sale-VBON-9000-Puffs-Disposable-vape-wholesale--150x150.jpg",150,150,true],"medium":["https:\/\/vapehosale.com\/wp-content\/uploads\/2023\/09\/Best-sale-VBON-9000-Puffs-Disposable-vape-wholesale--300x300.jpg",300,300,true],"medium_large":["https:\/\/vapehosale.com\/wp-content\/uploads\/2023\/09\/Best-sale-VBON-9000-Puffs-Disposable-vape-wholesale--768x768.jpg",768,768,true],"large":["https:\/\/vapehosale.com\/wp-content\/uploads\/2023\/09\/Best-sale-VBON-9000-Puffs-Disposable-vape-wholesale-.jpg",800,800,false],"1536x1536":["https:\/\/vapehosale.com\/wp-content\/uploads\/2023\/09\/Best-sale-VBON-9000-Puffs-Disposable-vape-wholesale-.jpg",800,800,false],"2048x2048":["https:\/\/vapehosale.com\/wp-content\/uploads\/2023\/09\/Best-sale-VBON-9000-Puffs-Disposable-vape-wholesale-.jpg",800,800,false],"trp-custom-language-flag":["https:\/\/vapehosale.com\/wp-content\/uploads\/2023\/09\/Best-sale-VBON-9000-Puffs-Disposable-vape-wholesale-.jpg",12,12,false],"woocommerce_thumbnail":["https:\/\/vapehosale.com\/wp-content\/uploads\/2023\/09\/Best-sale-VBON-9000-Puffs-Disposable-vape-wholesale--300x300.jpg",300,300,true],"woocommerce_single":["https:\/\/vapehosale.com\/wp-content\/uploads\/2023\/09\/Best-sale-VBON-9000-Puffs-Disposable-vape-wholesale--600x600.jpg",600,600,true],"woocommerce_gallery_thumbnail":["https:\/\/vapehosale.com\/wp-content\/uploads\/2023\/09\/Best-sale-VBON-9000-Puffs-Disposable-vape-wholesale--100x100.jpg",100,100,true],"wcpr-photo-reviews":["https:\/\/vapehosale.com\/wp-content\/uploads\/2023\/09\/Best-sale-VBON-9000-Puffs-Disposable-vape-wholesale-.jpg",500,500,false]},"uagb_author_info":{"display_name":"Vicky hosale","author_link":"https:\/\/vapehosale.com\/lt\/author\/"},"uagb_comment_info":0,"uagb_excerpt":"VBON 9000 Puffs Disposable Kit use type-c to recharge,each device contain 600mah battery and 18ml oil, you can use it any where, but not public places, contact vicky for wholesale order, min order only need 100pcs NOTE: The website price does not include shipping costs. Please provide your postcode to check about shipping costs. &nbsp;","_links":{"self":[{"href":"https:\/\/vapehosale.com\/lt\/wp-json\/wp\/v2\/product\/1572","targetHints":{"allow":["GET"]}}],"collection":[{"href":"https:\/\/vapehosale.com\/lt\/wp-json\/wp\/v2\/product"}],"about":[{"href":"https:\/\/vapehosale.com\/lt\/wp-json\/wp\/v2\/types\/product"}],"replies":[{"embeddable":true,"href":"https:\/\/vapehosale.com\/lt\/wp-json\/wp\/v2\/comments?post=1572"}],"wp:featuredmedia":[{"embeddable":true,"href":"https:\/\/vapehosale.com\/lt\/wp-json\/wp\/v2\/media\/1578"}],"wp:attachment":[{"href":"https:\/\/vapehosale.com\/lt\/wp-json\/wp\/v2\/media?parent=1572"}],"wp:term":[{"taxonomy":"product_cat","embeddable":true,"href":"https:\/\/vapehosale.com\/lt\/wp-json\/wp\/v2\/product_cat?post=1572"},{"taxonomy":"product_tag","embeddable":true,"href":"https:\/\/vapehosale.com\/lt\/wp-json\/wp\/v2\/product_tag?post=1572"}],"curies":[{"name":"wp","href":"https:\/\/api.w.org\/{rel}","templated":true}]}}