{"id":1490,"date":"2023-09-21T02:02:20","date_gmt":"2023-09-21T02:02:20","guid":{"rendered":"https:\/\/vapehosale.com\/?post_type=product&#038;p=1490"},"modified":"2025-11-28T09:11:35","modified_gmt":"2025-11-28T09:11:35","slug":"fumot-digital-box-12000-puffs","status":"publish","type":"product","link":"https:\/\/vapehosale.com\/lt\/product\/fumot-digital-box-12000-puffs\/","title":{"rendered":"Didmenin\u0117 prekyba RandM Fumot Digital Box 12000 Puffs Vape"},"content":{"rendered":"<h1 style=\"text-align: center\">Didmenin\u0117 Fumot Skaitmenin\u0117 d\u0117\u017eut\u0117 12000 \u012fkv\u0117pim\u0173 \u012fkraunamas vape<\/h1>\n<p>Fumot Digital Box 12000 Puffs \u012frenginys, pasi\u017eymintis i\u0161skirtiniu ilgaam\u017ei\u0161kumu, \u012fkraunamas garintuvas suteikia patvirtintus 12 000 \u012fkv\u0117pim\u0173, maitinamas didel\u0117s 20 ml i\u0161 anksto u\u017epildytos el. skys\u010dio talpos ir 850 mAh integruotos baterijos, \u017eymiai suma\u017einant nuolatinio \u012fkrovimo ar papildymo poreik\u012f. Pa\u017eangus tinklelio ritin\u0117lis u\u017etikrina efektyv\u0173 el. skys\u010dio garinim\u0105, suteikdamas sodresn\u012f skon\u012f ir tankesnius debesis. Ai\u0161kiai steb\u0117kite savo naudojim\u0105 naudodami integruot\u0105 skaitmenin\u0117s d\u0117\u017eut\u0117s ekran\u0105, rodant\u012f baterijos veikimo laik\u0105 ir el. skys\u010dio lygius. Pasirinkite pageidaujam\u0105 nikotino stiprum\u0105: 2% (20mg\/ml) arba 5% (50mg\/ml). fumot 12000 Puffs, turintis 52 skirtingus skonius, atraskite savo tobul\u0105 visos dienos garinimo kompanion\u0105, sukurt\u0105 ilgalaikiam veikimui.<\/p>\n<p><img decoding=\"async\" class=\"alignnone size-full wp-image-1498\" src=\"https:\/\/vapehosale.com\/wp-content\/uploads\/2023\/09\/Fumot-Digital-Box-12000-puffs-Disposable-Vape-Wholesale.jpg\" alt=\"Fumot Digital Box 12000 p\u016btim\u0173 vienkartinis garintuvas didmena\" width=\"842\" height=\"540\" srcset=\"https:\/\/vapehosale.com\/wp-content\/uploads\/2023\/09\/Fumot-Digital-Box-12000-puffs-Disposable-Vape-Wholesale.jpg 842w, https:\/\/vapehosale.com\/wp-content\/uploads\/2023\/09\/Fumot-Digital-Box-12000-puffs-Disposable-Vape-Wholesale-300x192.jpg 300w, https:\/\/vapehosale.com\/wp-content\/uploads\/2023\/09\/Fumot-Digital-Box-12000-puffs-Disposable-Vape-Wholesale-768x493.jpg 768w, https:\/\/vapehosale.com\/wp-content\/uploads\/2023\/09\/Fumot-Digital-Box-12000-puffs-Disposable-Vape-Wholesale-600x385.jpg 600w\" sizes=\"(max-width: 842px) 100vw, 842px\" \/><\/p>\n<h3>Kur galiu nusipirkti fumot 12000 Puffs didmenine kaina (biri\u0173 pirkimo kaina)?<\/h3>\n<h4>Fumot 12000 kaina: 18\u20ac-20\u20ac<\/h4>\n<p><a href=\"https:\/\/wa.me\/8618077105750\">Nor\u0117dami gauti daugiau informacijos, susisiekite su pardavim\u0173 vadove Vicky, pardavim\u0173 vadov\u0117 pad\u0117s jums i\u0161spr\u0119sti visas j\u016bs\u0173 u\u017esakymo problemas.<\/a><br \/>\n<img decoding=\"async\" class=\"alignnone size-medium wp-image-5650\" src=\"https:\/\/vapehosale.com\/wp-content\/uploads\/2025\/10\/8a420713276bf7cf308193b71e051aa3-300x274.jpg\" alt=\"Vicky\" width=\"300\" height=\"274\" srcset=\"https:\/\/vapehosale.com\/wp-content\/uploads\/2025\/10\/8a420713276bf7cf308193b71e051aa3-300x274.jpg 300w, https:\/\/vapehosale.com\/wp-content\/uploads\/2025\/10\/8a420713276bf7cf308193b71e051aa3-1024x937.jpg 1024w, https:\/\/vapehosale.com\/wp-content\/uploads\/2025\/10\/8a420713276bf7cf308193b71e051aa3-768x703.jpg 768w, https:\/\/vapehosale.com\/wp-content\/uploads\/2025\/10\/8a420713276bf7cf308193b71e051aa3-13x12.jpg 13w, https:\/\/vapehosale.com\/wp-content\/uploads\/2025\/10\/8a420713276bf7cf308193b71e051aa3-600x549.jpg 600w, https:\/\/vapehosale.com\/wp-content\/uploads\/2025\/10\/8a420713276bf7cf308193b71e051aa3.jpg 1080w\" sizes=\"(max-width: 300px) 100vw, 300px\" \/><\/p>\n<h2>Fumot Digital Box 12000 Savyb\u0117s:<\/h2>\n<p>Gamintojas: Fumot RandM<br \/>\nNikotinas: 2% 5%<br \/>\n\u012ekv\u0117pimai: 12000<br \/>\nTalpa: 20ml<br \/>\nGalimi 52 skoniai<br \/>\n850 mah \u012ekraunama<br \/>\nTinklelio Rit\u0117<br \/>\nskaitmenin\u0117s d\u0117\u017eut\u0117s ekranas<br \/>\nsvoris: 90g\/vnt.<br \/>\n200 vnt. d\u0117\u017eut\u0117je<\/p>\n<h2>RandM Fumot 12000 \u012fkv\u0117pim\u0173 skoni\u0173 s\u0105ra\u0161as:<\/h2>\n<p>1 V\u0117sus m\u0117t\u0173<br \/>\n2 arb\u016bz\u0173 su ledu<br \/>\n3 Vynuogi\u0173 ledas<br \/>\n4 M\u0117lyni\u0173 avie\u010di\u0173<br \/>\n5 Bra\u0161ki\u0173 arb\u016bz\u0173<br \/>\n6 Bra\u0161ki\u0173 banan\u0173<br \/>\n7 Sultingas ledas<br \/>\n8 Vy\u0161ni\u0173<br \/>\n9 bra\u0161ki\u0173 su ledu<br \/>\n10 Ledinukas<br \/>\n11 Ro\u017ein\u0117 limonada<br \/>\n12 Mangas su ledukais<br \/>\n13 Mi\u0161rios uogos<br \/>\n14 Bra\u0161ki\u0173 spurgos<br \/>\n15 Bra\u0161ki\u0173 vynuog\u0117s<br \/>\n16 Vy\u0161ni\u0173 kola<br \/>\n17 M\u0117lynasis daktaras<br \/>\n18 M\u0117lyn\u0117s su ledukais<br \/>\n19 Kivi\u0173 pasiflor\u0173 guavos<br \/>\n20 Bra\u0161ki\u0173 kivi\u0173<br \/>\n21 Persik\u0173 mang\u0173<br \/>\n22 Persik\u0173 su ledukais<br \/>\n23 Raudonasis obuolys su ledukais<br \/>\n24 M\u0117lyni\u0173 gumos<br \/>\n25 Uog\u0173 limonada<br \/>\n26 M\u0117lynoji avie\u010di\u0173 limonada<br \/>\n27 M\u0117lyn\u0173j\u0173 r\u016bg\u0161\u010di\u0173 avie\u010di\u0173<br \/>\n28 Bra\u0161ki\u0173 Red Bull<br \/>\n29 Obuoli\u0173 uog\u0173 sprogimas<br \/>\n30 Arb\u016bziniai Bubble Gum<br \/>\n31 Avietinis Arb\u016bzas<br \/>\n32 Juodas Ledas<br \/>\n33 M\u0117lyn\u0117 Vy\u0161nia Spanguol\u0117<br \/>\n34 Bra\u0161kinis Pom (Granatas)<br \/>\n35 Vimto<br \/>\n36 Vy\u0161nin\u0117 Uog\u0173<br \/>\n37 Citrina<br \/>\n38 Bingo Crush<br \/>\n39 M\u0117lyn\u0117 Kivi<br \/>\n41 Banan\u0173 ledas<br \/>\n42 Drakono vaisi\u0173 ledas<br \/>\n43 Vaisi\u0173 sintez\u0117<br \/>\n44 Vynuogi\u0173 m\u0117ta<br \/>\n45 Meil\u0117 66<br \/>\n46 Ananas\u0173 ledas<br \/>\n47 Raudonosios energijos ledas<br \/>\n48 Du obuoliai<br \/>\n50 kolos ledas<br \/>\n51 Ledin\u0117s arbatos citrin\u0173 ledas<br \/>\n52 Ledin\u0117s arbatos persik\u0173 ledas<\/p>\n<h2>DUK apie pirkim\u0105 <span class=\"___SText_anxqe-ko_\" data-ui-name=\"Link.Text\">Fumot Vape 12000 P\u016btim\u0173 \u012ekraunami garintuvai<\/span><\/h2>\n<h4>Kaip su\u017einoti, kad fumot vape 12000 p\u016btim\u0173 \u012fkraunamas garintuvas i\u0161sikrov\u0119s?<\/h4>\n<p>Kai Fumot vape 12k i\u0161sikrauna, paprastai tai pasirei\u0161kia ma\u017eesniu d\u016bm\u0173 kiekiu, silpnesniu skoniu arba visai d\u016bm\u0173 nebuvimu. Skaitmeninis 12k rinkinys turi baterijos indikatori\u0173, kuris padeda steb\u0117ti energijos lyg\u012f.<\/p>\n<h4>Kur galiu \u012fsigyti didmenin\u0117s prekybos Fumot skaitmenin\u0117s d\u0117\u017eut\u0117s 12000 \u012fkraunam\u0173 vienkartini\u0173 garintuv\u0173?<\/h4>\n<p>Fumot vape 12k skaitmenin\u0117 d\u0117\u017eut\u0117 gali b\u016bti \u012fsigyta fizin\u0117se ir internetin\u0117se parduotuv\u0117se, ypa\u010d didmenin\u0117s prekybos platformose, tokiose kaip vapehosale.com, kur naudotojai gali rasti daugyb\u0119 skirting\u0173 preki\u0173 \u017eenkl\u0173 ir modeli\u0173 garintuv\u0173 bei m\u0117gautis dideli\u0173 pirkim\u0173 nuolaidomis.<\/p>\n<h4>Kiek skoni\u0173 yra Fumot Vape skaitmenin\u0117s d\u0117\u017eut\u0117s 12000 p\u016btim\u0173 garintuvuose?<\/h4>\n<p>Fumot 12000 p\u016btim\u0173, i\u0161 viso yra 52+ skoniai.<\/p>\n<h4>K\u0105 rei\u0161kia RandM Vape?<\/h4>\n<p>RandM Fumot Vape rei\u0161kia Rick ir Morty Vape<\/p>\n<h4>Fumot Digital box 12000 p\u016btim\u0173 kaina?<\/h4>\n<p>Ma\u017emenin\u0117 kaina Europos sand\u0117lyje yra 12\u20ac-15\u20ac\/vnt<\/p>\n<h4>Fumot Digital box 12000 p\u016btim\u0173 pakuot\u0117s rodymas:<\/h4>\n<p><img decoding=\"async\" class=\"alignnone size-full wp-image-1768\" src=\"https:\/\/vapehosale.com\/wp-content\/uploads\/2023\/09\/15ce3368342a167b2c874627795f4ee.png\" alt=\"Fumot 12000 p\u016btim\u0173 garintuvo pakuot\u0117\" width=\"565\" height=\"594\" srcset=\"https:\/\/vapehosale.com\/wp-content\/uploads\/2023\/09\/15ce3368342a167b2c874627795f4ee.png 565w, https:\/\/vapehosale.com\/wp-content\/uploads\/2023\/09\/15ce3368342a167b2c874627795f4ee-285x300.png 285w\" sizes=\"(max-width: 565px) 100vw, 565px\" \/><\/p>\n<p>&nbsp;<\/p>\n<p><a href=\"https:\/\/vapehosale.com\/lt\/product-category\/randm-fumot-vape\/\">Kar\u0161to pardavimo vape Fumot Vape Didmenin\u0117 Eu sand\u0117lis<\/a><br \/>\n<a href=\"https:\/\/vapehosale.com\/lt\/product-category\/12000-puffs-disposable-vape\/\">Geriausias 12000 \u012fkv\u0117pim\u0173 vienkartinis vape kar\u0161tas pardavimas\u00a0<\/a><br \/>\nSusisiekite d\u0117l produkt\u0173 katalogo:<a href=\"https:\/\/wa.me\/8618077105750\">Pirkti dabar<\/a><\/p>\n<h4>Pristatymo detal\u0117s:<\/h4>\n<p>Gamybos laikas: 5 darbo dienos<br \/>\nPristatymo laikas: 8\u201314 darbo dien\u0173<\/p>\n<p>Visi m\u016bs\u0173 parduotuv\u0117s produktai yra 100% original\u016bs ir autenti\u0161ki, de\u0161imteriopa kompensacija u\u017e netikras prekes.<\/p>\n<p>Nor\u0117dami gauti i\u0161samesn\u0119 didmenin\u0117s prekybos kain\u0105, minimal\u0173 u\u017esakymo kiek\u012f ir preki\u0173 kod\u0105, susisiekite su m\u016bs\u0173 pardavim\u0173 vadybininke Vicky <a href=\"https:\/\/wa.me\/8618077105750\">whatsapp:+37018077105750<\/a><\/p>\n<p><img decoding=\"async\" class=\"alignnone size-full wp-image-2638\" src=\"https:\/\/vapehosale.com\/wp-content\/uploads\/2023\/09\/885301ea6f5e0b91f5ab2b1c85e665c.png\" alt=\"RandM gamykla\" width=\"670\" height=\"658\" srcset=\"https:\/\/vapehosale.com\/wp-content\/uploads\/2023\/09\/885301ea6f5e0b91f5ab2b1c85e665c.png 670w, https:\/\/vapehosale.com\/wp-content\/uploads\/2023\/09\/885301ea6f5e0b91f5ab2b1c85e665c-300x295.png 300w, https:\/\/vapehosale.com\/wp-content\/uploads\/2023\/09\/885301ea6f5e0b91f5ab2b1c85e665c-600x589.png 600w\" sizes=\"(max-width: 670px) 100vw, 670px\" \/><\/p>","protected":false},"excerpt":{"rendered":"<p>RandM Fumot 12000 Puffs yra vienkartinis garintuvas su baterijos ir skys\u010dio ekranu. Naudodamiesi baterijos ekranu galite lengvai su\u017einoti, kada reikia \u012fkrauti \u012frengin\u012f. Galimi 52 skoniai.<span style=\"color: #ff0000\">Svetain\u0117je nurodyta kaina ne\u012fskai\u010diuoja pristatymo i\u0161laid\u0173<\/span><\/p>\n<p>Kvie\u010diame susisiekti su vicky per whatsapp d\u0117l didmenin\u0117s prekybos fumot digital box 12000 puffs, minimalus u\u017esakymas tik 50 vnt!<\/p>\n<p><img decoding=\"async\" class=\"alignnone size-medium wp-image-5650\" src=\"https:\/\/vapehosale.com\/wp-content\/uploads\/2025\/10\/8a420713276bf7cf308193b71e051aa3-300x274.jpg\" alt=\"Vicky\" width=\"300\" height=\"274\" srcset=\"https:\/\/vapehosale.com\/wp-content\/uploads\/2025\/10\/8a420713276bf7cf308193b71e051aa3-300x274.jpg 300w, https:\/\/vapehosale.com\/wp-content\/uploads\/2025\/10\/8a420713276bf7cf308193b71e051aa3-1024x937.jpg 1024w, https:\/\/vapehosale.com\/wp-content\/uploads\/2025\/10\/8a420713276bf7cf308193b71e051aa3-768x703.jpg 768w, https:\/\/vapehosale.com\/wp-content\/uploads\/2025\/10\/8a420713276bf7cf308193b71e051aa3-13x12.jpg 13w, https:\/\/vapehosale.com\/wp-content\/uploads\/2025\/10\/8a420713276bf7cf308193b71e051aa3-600x549.jpg 600w, https:\/\/vapehosale.com\/wp-content\/uploads\/2025\/10\/8a420713276bf7cf308193b71e051aa3.jpg 1080w\" sizes=\"(max-width: 300px) 100vw, 300px\" \/><\/p>\n<p>&nbsp;<\/p>\n<p>&nbsp;<\/p>","protected":false},"featured_media":1497,"comment_status":"open","ping_status":"closed","template":"","meta":{"_uag_custom_page_level_css":"","_lmt_disableupdate":"no","_lmt_disable":"","site-sidebar-layout":"default","site-content-layout":"","ast-site-content-layout":"default","site-content-style":"default","site-sidebar-style":"default","ast-global-header-display":"","ast-banner-title-visibility":"","ast-main-header-display":"","ast-hfb-above-header-display":"","ast-hfb-below-header-display":"","ast-hfb-mobile-header-display":"","site-post-title":"","ast-breadcrumbs-content":"","ast-featured-img":"","footer-sml-layout":"","theme-transparent-header-meta":"default","adv-header-id-meta":"","stick-header-meta":"","header-above-stick-meta":"","header-main-stick-meta":"","header-below-stick-meta":"","astra-migrate-meta-layouts":"set","_joinchat":[]},"product_cat":[15,83,41,55,89],"product_tag":[43,72,46,52,36,114,63,31,35,33,59],"class_list":["post-1490","product","type-product","status-publish","has-post-thumbnail","hentry","product_cat-vape-shop-wholesale","product_cat-12000-puffs-disposable-vape","product_cat-europe-hot-sale-vape","product_cat-minimum-order-quantity-50pcs","product_cat-randm-fumot-vape","product_tag-12000-puffs-vape-12k-vape","product_tag-2-nicotine-vape","product_tag-double-mesh-coil-vape","product_tag-fumot-12000-puffs","product_tag-fumot-digital-box-12000-puffs","product_tag-fumot-vape","product_tag-led-screen-disposable-vape","product_tag-randm-tornado-vape","product_tag-rechargeable-disposable-device","product_tag-rgb-light-disposable-vape","product_tag-smart-screen-disposable-vape","desktop-align-left","tablet-align-left","mobile-align-left"],"yoast_head":"<!-- This site is optimized with the Yoast SEO plugin v21.1 - https:\/\/yoast.com\/wordpress\/plugins\/seo\/ -->\n<title>Wholesale RandM Fumot Digital Box 12000 Puffs Vape - Vape Wholesale<\/title>\n<meta name=\"description\" content=\"Wholesale RandM Fumot Digital Box 12000 Puffs is a rechargeable disposable device that contains 20ml of e-liquid and an 600mah rechargeable battery.\" \/>\n<meta name=\"robots\" content=\"index, follow, max-snippet:-1, max-image-preview:large, max-video-preview:-1\" \/>\n<link rel=\"canonical\" href=\"https:\/\/vapehosale.com\/lt\/product\/fumot-digital-box-12000-puffs\/\" \/>\n<meta property=\"og:locale\" content=\"lt_LT\" \/>\n<meta property=\"og:type\" content=\"article\" \/>\n<meta property=\"og:title\" content=\"Wholesale RandM Fumot Digital Box 12000 Puffs Vape - Vape Wholesale\" \/>\n<meta property=\"og:description\" content=\"Wholesale RandM Fumot Digital Box 12000 Puffs is a rechargeable disposable device that contains 20ml of e-liquid and an 600mah rechargeable battery.\" \/>\n<meta property=\"og:url\" content=\"https:\/\/vapehosale.com\/lt\/product\/fumot-digital-box-12000-puffs\/\" \/>\n<meta property=\"og:site_name\" content=\"Vape Wholesale\" \/>\n<meta property=\"article:modified_time\" content=\"2025-11-28T09:11:35+00:00\" \/>\n<meta property=\"og:image\" content=\"https:\/\/vapehosale.com\/wp-content\/uploads\/2023\/09\/Fumot-Digital-Box-12000-Digital-Box.jpg\" \/>\n\t<meta property=\"og:image:width\" content=\"474\" \/>\n\t<meta property=\"og:image:height\" content=\"600\" \/>\n\t<meta property=\"og:image:type\" content=\"image\/jpeg\" \/>\n<meta name=\"twitter:card\" content=\"summary_large_image\" \/>\n<meta name=\"twitter:label1\" content=\"Est. reading time\" \/>\n\t<meta name=\"twitter:data1\" content=\"4 minut\u0117s\" \/>\n<script type=\"application\/ld+json\" class=\"yoast-schema-graph\">{\"@context\":\"https:\/\/schema.org\",\"@graph\":[{\"@type\":\"WebPage\",\"@id\":\"https:\/\/vapehosale.com\/product\/fumot-digital-box-12000-puffs\/\",\"url\":\"https:\/\/vapehosale.com\/product\/fumot-digital-box-12000-puffs\/\",\"name\":\"Wholesale RandM Fumot Digital Box 12000 Puffs Vape - Vape Wholesale\",\"isPartOf\":{\"@id\":\"https:\/\/vapehosale.com\/#website\"},\"datePublished\":\"2023-09-21T02:02:20+00:00\",\"dateModified\":\"2025-11-28T09:11:35+00:00\",\"description\":\"Wholesale RandM Fumot Digital Box 12000 Puffs is a rechargeable disposable device that contains 20ml of e-liquid and an 600mah rechargeable battery.\",\"breadcrumb\":{\"@id\":\"https:\/\/vapehosale.com\/product\/fumot-digital-box-12000-puffs\/#breadcrumb\"},\"inLanguage\":\"lt-LT\",\"potentialAction\":[{\"@type\":\"ReadAction\",\"target\":[\"https:\/\/vapehosale.com\/product\/fumot-digital-box-12000-puffs\/\"]}]},{\"@type\":\"BreadcrumbList\",\"@id\":\"https:\/\/vapehosale.com\/product\/fumot-digital-box-12000-puffs\/#breadcrumb\",\"itemListElement\":[{\"@type\":\"ListItem\",\"position\":1,\"name\":\"Home\",\"item\":\"https:\/\/vapehosale.com\/\"},{\"@type\":\"ListItem\",\"position\":2,\"name\":\"Best Sell Vapes\",\"item\":\"https:\/\/vapehosale.com\/vape-shop\/\"},{\"@type\":\"ListItem\",\"position\":3,\"name\":\"Wholesale RandM Fumot Digital Box 12000 Puffs Vape\"}]},{\"@type\":\"WebSite\",\"@id\":\"https:\/\/vapehosale.com\/#website\",\"url\":\"https:\/\/vapehosale.com\/\",\"name\":\"Vape Wholesale\",\"description\":\"Buy Vape Wholesale Price Near you\",\"potentialAction\":[{\"@type\":\"SearchAction\",\"target\":{\"@type\":\"EntryPoint\",\"urlTemplate\":\"https:\/\/vapehosale.com\/?s={search_term_string}\"},\"query-input\":\"required name=search_term_string\"}],\"inLanguage\":\"lt-LT\"}]}<\/script>\n<!-- \/ Yoast SEO plugin. -->","yoast_head_json":{"title":"Wholesale RandM Fumot Digital Box 12000 Puffs Vape - Vape Wholesale","description":"Wholesale RandM Fumot Digital Box 12000 Puffs is a rechargeable disposable device that contains 20ml of e-liquid and an 600mah rechargeable battery.","robots":{"index":"index","follow":"follow","max-snippet":"max-snippet:-1","max-image-preview":"max-image-preview:large","max-video-preview":"max-video-preview:-1"},"canonical":"https:\/\/vapehosale.com\/lt\/product\/fumot-digital-box-12000-puffs\/","og_locale":"lt_LT","og_type":"article","og_title":"Wholesale RandM Fumot Digital Box 12000 Puffs Vape - Vape Wholesale","og_description":"Wholesale RandM Fumot Digital Box 12000 Puffs is a rechargeable disposable device that contains 20ml of e-liquid and an 600mah rechargeable battery.","og_url":"https:\/\/vapehosale.com\/lt\/product\/fumot-digital-box-12000-puffs\/","og_site_name":"Vape Wholesale","article_modified_time":"2025-11-28T09:11:35+00:00","og_image":[{"width":474,"height":600,"url":"https:\/\/vapehosale.com\/wp-content\/uploads\/2023\/09\/Fumot-Digital-Box-12000-Digital-Box.jpg","type":"image\/jpeg"}],"twitter_card":"summary_large_image","twitter_misc":{"Est. reading time":"4 minut\u0117s"},"schema":{"@context":"https:\/\/schema.org","@graph":[{"@type":"WebPage","@id":"https:\/\/vapehosale.com\/product\/fumot-digital-box-12000-puffs\/","url":"https:\/\/vapehosale.com\/product\/fumot-digital-box-12000-puffs\/","name":"Wholesale RandM Fumot Digital Box 12000 Puffs Vape - Vape Wholesale","isPartOf":{"@id":"https:\/\/vapehosale.com\/#website"},"datePublished":"2023-09-21T02:02:20+00:00","dateModified":"2025-11-28T09:11:35+00:00","description":"Wholesale RandM Fumot Digital Box 12000 Puffs is a rechargeable disposable device that contains 20ml of e-liquid and an 600mah rechargeable battery.","breadcrumb":{"@id":"https:\/\/vapehosale.com\/product\/fumot-digital-box-12000-puffs\/#breadcrumb"},"inLanguage":"lt-LT","potentialAction":[{"@type":"ReadAction","target":["https:\/\/vapehosale.com\/product\/fumot-digital-box-12000-puffs\/"]}]},{"@type":"BreadcrumbList","@id":"https:\/\/vapehosale.com\/product\/fumot-digital-box-12000-puffs\/#breadcrumb","itemListElement":[{"@type":"ListItem","position":1,"name":"Home","item":"https:\/\/vapehosale.com\/"},{"@type":"ListItem","position":2,"name":"Best Sell Vapes","item":"https:\/\/vapehosale.com\/vape-shop\/"},{"@type":"ListItem","position":3,"name":"Wholesale RandM Fumot Digital Box 12000 Puffs Vape"}]},{"@type":"WebSite","@id":"https:\/\/vapehosale.com\/#website","url":"https:\/\/vapehosale.com\/","name":"Vape Wholesale","description":"Buy Vape Wholesale Price Near you","potentialAction":[{"@type":"SearchAction","target":{"@type":"EntryPoint","urlTemplate":"https:\/\/vapehosale.com\/?s={search_term_string}"},"query-input":"required name=search_term_string"}],"inLanguage":"lt-LT"}]}},"uagb_featured_image_src":{"full":["https:\/\/vapehosale.com\/wp-content\/uploads\/2023\/09\/Fumot-Digital-Box-12000-Digital-Box.jpg",474,600,false],"thumbnail":["https:\/\/vapehosale.com\/wp-content\/uploads\/2023\/09\/Fumot-Digital-Box-12000-Digital-Box-150x150.jpg",150,150,true],"medium":["https:\/\/vapehosale.com\/wp-content\/uploads\/2023\/09\/Fumot-Digital-Box-12000-Digital-Box-237x300.jpg",237,300,true],"medium_large":["https:\/\/vapehosale.com\/wp-content\/uploads\/2023\/09\/Fumot-Digital-Box-12000-Digital-Box.jpg",474,600,false],"large":["https:\/\/vapehosale.com\/wp-content\/uploads\/2023\/09\/Fumot-Digital-Box-12000-Digital-Box.jpg",474,600,false],"1536x1536":["https:\/\/vapehosale.com\/wp-content\/uploads\/2023\/09\/Fumot-Digital-Box-12000-Digital-Box.jpg",474,600,false],"2048x2048":["https:\/\/vapehosale.com\/wp-content\/uploads\/2023\/09\/Fumot-Digital-Box-12000-Digital-Box.jpg",474,600,false],"trp-custom-language-flag":["https:\/\/vapehosale.com\/wp-content\/uploads\/2023\/09\/Fumot-Digital-Box-12000-Digital-Box.jpg",9,12,false],"woocommerce_thumbnail":["https:\/\/vapehosale.com\/wp-content\/uploads\/2023\/09\/Fumot-Digital-Box-12000-Digital-Box-300x300.jpg",300,300,true],"woocommerce_single":["https:\/\/vapehosale.com\/wp-content\/uploads\/2023\/09\/Fumot-Digital-Box-12000-Digital-Box.jpg",474,600,false],"woocommerce_gallery_thumbnail":["https:\/\/vapehosale.com\/wp-content\/uploads\/2023\/09\/Fumot-Digital-Box-12000-Digital-Box-100x100.jpg",100,100,true],"wcpr-photo-reviews":["https:\/\/vapehosale.com\/wp-content\/uploads\/2023\/09\/Fumot-Digital-Box-12000-Digital-Box.jpg",395,500,false]},"uagb_author_info":{"display_name":"Vicky hosale","author_link":"https:\/\/vapehosale.com\/lt\/author\/"},"uagb_comment_info":38,"uagb_excerpt":"RandM Fumot 12000 Puffs is a disposable vape with a battery and oil display, you can easy to know when your need recharge your device though the battery display screen,there is 52\u00a0 flavor available.The website price does not include shipping costs Welcome to add vicky whatsapp for wholesale fumot digital box 12000 puffs, min order&hellip;","_links":{"self":[{"href":"https:\/\/vapehosale.com\/lt\/wp-json\/wp\/v2\/product\/1490","targetHints":{"allow":["GET"]}}],"collection":[{"href":"https:\/\/vapehosale.com\/lt\/wp-json\/wp\/v2\/product"}],"about":[{"href":"https:\/\/vapehosale.com\/lt\/wp-json\/wp\/v2\/types\/product"}],"replies":[{"embeddable":true,"href":"https:\/\/vapehosale.com\/lt\/wp-json\/wp\/v2\/comments?post=1490"}],"wp:featuredmedia":[{"embeddable":true,"href":"https:\/\/vapehosale.com\/lt\/wp-json\/wp\/v2\/media\/1497"}],"wp:attachment":[{"href":"https:\/\/vapehosale.com\/lt\/wp-json\/wp\/v2\/media?parent=1490"}],"wp:term":[{"taxonomy":"product_cat","embeddable":true,"href":"https:\/\/vapehosale.com\/lt\/wp-json\/wp\/v2\/product_cat?post=1490"},{"taxonomy":"product_tag","embeddable":true,"href":"https:\/\/vapehosale.com\/lt\/wp-json\/wp\/v2\/product_tag?post=1490"}],"curies":[{"name":"wp","href":"https:\/\/api.w.org\/{rel}","templated":true}]}}