{"id":1453,"date":"2023-09-19T10:02:58","date_gmt":"2023-09-19T10:02:58","guid":{"rendered":"https:\/\/vapehosale.com\/?post_type=product&#038;p=1453"},"modified":"2025-08-29T08:33:33","modified_gmt":"2025-08-29T08:33:33","slug":"randm-tornado-7000-puffs-disposable-vape","status":"publish","type":"product","link":"https:\/\/vapehosale.com\/lt\/product\/randm-tornado-7000-puffs-disposable-vape\/","title":{"rendered":"Didmenin\u0117 prekyba RandM Tornado 7000 Puffs vienkartiniais veipais"},"content":{"rendered":"<h1 style=\"text-align: center\">Didmenin\u0117 prekyba RandM Tornado 7000 Puffs vienkartiniais veipais?<\/h1>\n<p>RandM Tornado 7000 \u012fkv\u0117pim\u0173 yra vienkartinis vape, kuris gali reguliuoti oro sraut\u0105, reikalinga tik <span style=\"font-size: 16px\">\u0161velniai pasukti apatin\u012f oro srauto reguliavimo mygtuk\u0105, kad gautum\u0117te jums tinkam\u0105 \u012fkv\u0117pim\u0173 dyd\u012f, o Tornado 7000 yra vienas i\u0161 geriausiai parduodam\u0173 vienkartini\u0173 vape Tornado serijoje. <span class=\"___SText_anxqe-ko_\" data-ui-name=\"Link.Text\">randm vapes 7k su <\/span>unikal\u0173 dizainu, naudojant vizual\u0173 aliejaus puodelio dizain\u0105 ir RGB \u0161viesos jungikl\u012f, kurie skiriasi nuo vis\u0173 vienkartini\u0173 vape.<\/span><\/p>\n<p><img decoding=\"async\" class=\"alignnone size-full wp-image-3105\" src=\"https:\/\/vapehosale.com\/wp-content\/uploads\/2023\/09\/RandM-Tornado-7000-Puffs-Rechargeable-Disposable-Vape.jpg\" alt=\"RandM Tornado 7000 \u012fkv\u0117pim\u0173 \u012fkraunamas vienkartinis vape\" width=\"1920\" height=\"1100\" srcset=\"https:\/\/vapehosale.com\/wp-content\/uploads\/2023\/09\/RandM-Tornado-7000-Puffs-Rechargeable-Disposable-Vape.jpg 1920w, https:\/\/vapehosale.com\/wp-content\/uploads\/2023\/09\/RandM-Tornado-7000-Puffs-Rechargeable-Disposable-Vape-300x172.jpg 300w, https:\/\/vapehosale.com\/wp-content\/uploads\/2023\/09\/RandM-Tornado-7000-Puffs-Rechargeable-Disposable-Vape-1024x587.jpg 1024w, https:\/\/vapehosale.com\/wp-content\/uploads\/2023\/09\/RandM-Tornado-7000-Puffs-Rechargeable-Disposable-Vape-768x440.jpg 768w, https:\/\/vapehosale.com\/wp-content\/uploads\/2023\/09\/RandM-Tornado-7000-Puffs-Rechargeable-Disposable-Vape-1536x880.jpg 1536w, https:\/\/vapehosale.com\/wp-content\/uploads\/2023\/09\/RandM-Tornado-7000-Puffs-Rechargeable-Disposable-Vape-600x344.jpg 600w\" sizes=\"(max-width: 1920px) 100vw, 1920px\" \/><\/p>\n<p>&nbsp;<\/p>\n<h2>Rick ir Morty Vape 7k (RandM) vienkartin\u0117s specifikacijos:<\/h2>\n<p>1. 850mAh Type-c \u012fkraunama baterija<br \/>\n2. 14ml i\u0161 anksto pripildyto e-skys\u010dio<br \/>\n3. 2% ir 5% nikotino<br \/>\n4. Patenkina beveik 7000 \u012fkv\u0117pim\u0173<br \/>\nReguliuojamas oro srautas<br \/>\nRGB lemput\u0117<\/p>\n<h2>RandM Tornado 7000 skoni\u0173 s\u0105ra\u0161as:<\/h2>\n<p>1. \u0160ALTA M\u0116TA<br \/>\nLUSH ICE<br \/>\nTANGERINE ICE<br \/>\n4. BRA\u0160K\u0116S KREKAS<br \/>\n5. GUMI\u0172 ME\u0160KAS<br \/>\n6. M\u0116LYNA UPE<br \/>\n7. MANGO UPE<br \/>\n8. PERSIK\u0172 UPE<br \/>\n9. BANAN\u0172 UPE<br \/>\n10 VY\u0160NI\u0172 LED\u0172<br \/>\n11 RO\u017dIN\u0116 LIMONADE<br \/>\n12 PINA COLADA RUMAS<br \/>\n13 MI\u0160RI UOGOS<br \/>\n14 BANAN\u0172 MILKSHAKE<br \/>\n15 BRA\u0160KIN\u0116 VANDEN\u0116LIS<br \/>\n16 RAUDONAS OBOLYS CITRINA<br \/>\n17 ANANAS\u0172 LEDAS<br \/>\n18 MEDUS KANDIS<br \/>\n19 BRA\u0160KIN\u0116 BANANAI<br \/>\n20 BRA\u0160KIN\u0116 LEDAS<br \/>\n21 BRA\u0160KIN\u0116 KIVI<br \/>\n22 RAUDONA ENERGIJA LEDAS<br \/>\n23 M\u0116LYNA RAZIN\u0172 LIMONADE<br \/>\n24. RAUDONAS OBUOLYS SU LEDU<br \/>\n25 UOG\u0172 LIMONADE<br \/>\n26 M\u0116LYNA M\u0116TIN\u0116 GUMY\u010cIAI<br \/>\n27 M\u0116LYNA SPANGUOL\u0116 RASPBERRI<br \/>\n28 DRAUGAS M\u0116LYNAS<br \/>\n29 OBOLYS PAVASARIS KRIAU\u0160\u0116<br \/>\n30 M\u0116LYNA GRANATIN\u0116S SULTYS<br \/>\n31.VIMTO<br \/>\n32.KIWI PASIJAUS FRUIT GUAVA<br \/>\n33.COLAICE<br \/>\n34.R\u016aG\u0160TUS O\u017dKALIS<br \/>\n35.JAUSMINTAS JUODASIS SERBENTRAS<br \/>\n36.TIGRO KRAUJAS<br \/>\n37.PERSIK\u0172 M\u0116TINUKAS AVIE\u010cI\u0172<br \/>\n38.PERSIKAS MANGAS<br \/>\n39.VA\u0160KASIS BRA\u0160KAS RAUDONASIS BULIS<br \/>\n40.JAUSMINTAS JUODASIS SERBENTRAS LEDAS<br \/>\n41.\u0160ERBETAS VANDUO MELIONAS<br \/>\n42.VI\u0160NIS<br \/>\n43.M\u0116LYNI\u0172 UOG\u0172 VY\u0160NI\u0172 SKONIS<br \/>\n44.SKITTLES<br \/>\n45.M\u0116LYNASIS AVIE\u010cIUS IR AVIE\u010cIUS<br \/>\n46. BRA\u0160KI\u0172 VYNOG\u0116S<br \/>\n47. M\u0116LYNI\u0172 VY\u0160NI\u0172 SPANGUOLI\u0172<br \/>\n48.AU\u0160INIS UOG\u0172 \u0160OKAS<br \/>\n49.VI\u0160NI\u0172 COLA<br \/>\n50.CITRIN\u0172 IR LAIM\u0172<br \/>\n51.RO\u017dINIS SPROGIMAS<br \/>\n52.PACIFIKOS V\u0116SINYS<br \/>\n53.LEDUO POPSAS<br \/>\n54.BINGO SUSKILIMAS<br \/>\n55.VIMTO SUSKILIMAS<br \/>\n56.TABAKAS<\/p>\n<h3>Kaip naudoti Randm Tornado 7000 Vape?<\/h3>\n<p>1 \u017eingsnis: Atsidarykite u\u017eklijuot\u0105 mai\u0161el\u012f<br \/>\n2 veiksmas: Nulupkite lipduk\u0105<br \/>\nPaskutinis \u017eingsnis: i\u0161traukite silikonin\u012f kam\u0161t\u012f ir palikite 3 minutes, tada galite naudoti<\/p>\n<p>Atid\u017eiai perskaitykite RandM Tornado 7000 Puffs naudojimo instrukcijas, kad i\u0161vengtum\u0117te produkto problem\u0173 d\u0117l netinkamo naudojimo.<\/p>\n<h3>Randm Tornado Vapes 7000 \u012fkrovimo instrukcijos:<\/h3>\n<p>1. Fumot RandM vape 7k negali b\u016bti \u012fkrautas greituoju \u012fkrovimu, standartin\u0117 saugi galia vienkartiniams vapes yra 5V 1A, jei naudojate greito \u012fkrovimo \u012fkrovikl\u012f, jis tiesiogiai sugadins baterij\u0105.<\/p>\n<p>2. Kai baterija beveik i\u0161sikrauna, apatin\u0117je rinkinio dalyje prad\u0117s mirks\u0117ti \u0161viesa, jei manote, kad d\u016bmo kiekis n\u0117ra didelis, tai taip pat d\u0117l nepakankamos baterijos galios, ir j\u0105 b\u016btina \u012fkrauti laiku, kol Fumot vape Tornados 7000 energija nebus i\u0161naudota, kitaip tai sukels baterijos pa\u017eeidim\u0105, d\u0117l kurio elektronin\u0117 cigaret\u0117 nebegal\u0117s r\u016bkyti.<\/p>\n<h3>Fumot Vape Tornado 7000 Puffs pagrindin\u0117s savyb\u0117s ir privalumai<\/h3>\n<ol>\n<li><strong>Tinklelio rit\u0117s technologija \u2013 daugiau garo, geresnis skonis<\/strong>: RandM vapes 7000 Puffs naudoja pa\u017eangi\u0105 tinklelio rit\u0117s technologij\u0105, teikian\u010di\u0105 tankesn\u012f gar\u0105 ir turtingesn\u012f skon\u012f. Tinklelio rit\u0117s \u0161ildo tolygiau nei tradicin\u0117s rit\u0117s, u\u017etikrinant, kad kiekvienas \u012fkv\u0117pimas b\u016bt\u0173 \u0161velnus ir pilnas skonio.<\/li>\n<li><strong>Nesikraujuantis dizainas su alyvos rit\u0117s atskyrimu<\/strong>: D\u0117l novatori\u0161ko alyvos rit\u0117s atskyrimo dizaino \u0161is vape yra labai atsparus pratek\u0117jimui, o atskirta strukt\u016bra pagerina \u012frenginio stabilum\u0105, u\u017etikrinant \u0161vari\u0105 ir nuosekli\u0105 r\u016bkymo patirt\u012f.<\/li>\n<li><strong>8 sekund\u017ei\u0173 automatinis u\u017eraktas, kad b\u016bt\u0173 i\u0161vengta sudegusi\u0173 ritini\u0173<\/strong>Su \u012fmontuota 8 sekund\u017ei\u0173 automatinio u\u017erakto funkcija, \u201eRandM Tornado\u201c neleid\u017eia spiralei perdegti, automati\u0161kai nustodamas veikti po 8 sekund\u017ei\u0173 nepertraukiamo \u012fkv\u0117pimo. \u0160i funkcija padidina \u012frenginio ilgaam\u017ei\u0161kum\u0105 ir u\u017etikrina saug\u0173 naudojim\u0105.<\/li>\n<li><strong>Reguliuojamas oro srautas<\/strong>galite lengvai reguliuoti oro sraut\u0105, kad pritaikytum\u0117te garinimo patirt\u012f. Nesvarbu, ar labiau m\u0117gstate grie\u017etesn\u012f ar laisvesn\u012f \u012ftraukim\u0105, \u0161i funkcija leid\u017eia kontroliuoti gar\u0173 tank\u012f ir \u012fkv\u0117pimo pasiprie\u0161inim\u0105, kad patirtis b\u016bt\u0173 individualizuota.<\/li>\n<li><strong>RGB \u0161viesos, kai r\u016bkomate<\/strong>: Kiekvienas \u012fkv\u0117pimas aktyvuoja dinami\u0161kas RGB \u0161viesas, suteikdamas smag\u0173 ir stiling\u0105 vizualin\u012f efekt\u0105. Puikiai tinka vartotojams, kurie nori, kad j\u0173 vape i\u0161siskirt\u0173 moderniu, spalvingu akcentu.<\/li>\n<\/ol>\n<p>Su \u0161iomis savyb\u0117mis Vape <strong>RandM Tornado 7k \u012fkv\u0117pim\u0173 \u012fkraunamas<\/strong>\u00a0i\u0161siskiria kaip auk\u0161tos kokyb\u0117s \u012frenginys, si\u016blantis puik\u0173 skon\u012f, reguliuojam\u0105 oro sraut\u0105, nesikraujuojant\u012f dizain\u0105 ir patraukl\u0173 RGB ap\u0161vietim\u0105. Idealiai tinka r\u016bkantiesiems, ie\u0161kantiems patogumo, stiliaus ir auk\u0161\u010diausios funkcionalumo.<\/p>\n<p><strong>Prid\u0117kite pardavim\u0173 vadybinink\u0119 Vicky WhatsApp +8618077105750, gaukite daugiau nuolaid\u0173!<\/strong><\/p>\n<p><img decoding=\"async\" class=\"alignnone size-full wp-image-2638\" src=\"https:\/\/vapehosale.com\/wp-content\/uploads\/2023\/09\/885301ea6f5e0b91f5ab2b1c85e665c.png\" alt=\"RandM gamykla\" width=\"670\" height=\"658\" srcset=\"https:\/\/vapehosale.com\/wp-content\/uploads\/2023\/09\/885301ea6f5e0b91f5ab2b1c85e665c.png 670w, https:\/\/vapehosale.com\/wp-content\/uploads\/2023\/09\/885301ea6f5e0b91f5ab2b1c85e665c-300x295.png 300w, https:\/\/vapehosale.com\/wp-content\/uploads\/2023\/09\/885301ea6f5e0b91f5ab2b1c85e665c-600x589.png 600w\" sizes=\"(max-width: 670px) 100vw, 670px\" \/><\/p>\n<p>Daugiau populiari\u0173 vape, kuri\u0173 jums gali prireikti<\/p>\n<div class=\"sm-table-layout__cell sm-table-layout__cell_align_left sm-table-layout__cell_fixed-cell_phrase\" role=\"cell\" data-testid=\"table-cell-keyword\">\n<div class=\"sm-cell-phrase\">\n<p><a href=\"https:\/\/vapehosale.com\/lt\/product-category\/9000-vape\/\">Didmenin\u0117 RandM vienkartini\u0173 vape prekyba \u010dia<span class=\"x19la9d6 x1fc57z9 x6ikm8r x10wlt62 x19co3pv x1g5zs5t xfibh0p xiy17q3 x1xsqp64 x1lkfr7t xexx8yu xyri2b x18d9i69 x1c1uobl\"><span class=\"xrtxmta x1bhl96m\">\ud83d\udc48<\/span><\/span><\/a><\/p>\n<div class=\"sm-cell-phrase__addons-container\"><a href=\"https:\/\/vapehosale.com\/lt\/product\/randm-fumot-tornado-30k-music-disposable-vape\/\">Fumot Vape RandM Vape <\/a><span class=\"___SText_anxqe-kmt_\" data-ui-name=\"Link.Text\">Tornadas 30 t\u016bkst. Muzika<br \/>\n<a href=\"https:\/\/vapehosale.com\/lt\/product-category\/7000-puffs-disposable-vape\/\">7000 P\u016btim\u0173 Vienkartinis Vape Kar\u0161tas I\u0161pardavimas Dabar!<\/a><\/span><\/div>\n<\/div>\n<\/div>\n<p>Susisiekite d\u0117l produkt\u0173 katalogo:<a href=\"https:\/\/wa.me\/8618077105750\">Pirkti dabar<\/a><\/p>","protected":false},"excerpt":{"rendered":"<p>Randm tornados 7k \u012fkraunamas vienkartinis vape, kuris turi 14 ml e-skys\u010dio ir 850mAh \u012fkraunam\u0105 baterij\u0105, kiekvienas fumot 7k vape gali suteikti 7000 \u012fkv\u0117pim\u0173, daugiau nei 40 skoni\u0173 sand\u0117lyje, laukia j\u016bs\u0173 pasirinkimo \u0161iandien!<span style=\"color: #ff0000\">(svetain\u0117s kaina ne\u012fskai\u010diuoja pristatymo mokes\u010dio)<\/span><br \/>\n<span style=\"color: #000000\">Susisiekite su Vikcy d\u0117l daugiau nuolaid\u0173, RandM vape didmenin\u0117 minimali u\u017esakymo suma tik 50 vnt!<\/span><\/p>\n<p><img decoding=\"async\" class=\"alignnone size-medium wp-image-2638\" src=\"https:\/\/vapehosale.com\/wp-content\/uploads\/2023\/09\/885301ea6f5e0b91f5ab2b1c85e665c-300x295.png\" alt=\"RandM gamykla\" width=\"300\" height=\"295\" srcset=\"https:\/\/vapehosale.com\/wp-content\/uploads\/2023\/09\/885301ea6f5e0b91f5ab2b1c85e665c-300x295.png 300w, https:\/\/vapehosale.com\/wp-content\/uploads\/2023\/09\/885301ea6f5e0b91f5ab2b1c85e665c-600x589.png 600w, https:\/\/vapehosale.com\/wp-content\/uploads\/2023\/09\/885301ea6f5e0b91f5ab2b1c85e665c.png 670w\" sizes=\"(max-width: 300px) 100vw, 300px\" \/><\/p>\n<p><span style=\"color: #ff0000\">Pastaba: Svetain\u0117s kaina ne\u012ftraukia siuntimo i\u0161laid\u0173. Pra\u0161ome pateikti savo pa\u0161to kod\u0105, kad patikrintum\u0117te siuntimo i\u0161laidas.<\/span><\/p>","protected":false},"featured_media":3104,"comment_status":"closed","ping_status":"closed","template":"","meta":{"_uag_custom_page_level_css":"","_lmt_disableupdate":"no","_lmt_disable":"","site-sidebar-layout":"default","site-content-layout":"","ast-site-content-layout":"default","site-content-style":"default","site-sidebar-style":"default","ast-global-header-display":"","ast-banner-title-visibility":"","ast-main-header-display":"","ast-hfb-above-header-display":"","ast-hfb-below-header-display":"","ast-hfb-mobile-header-display":"","site-post-title":"","ast-breadcrumbs-content":"","ast-featured-img":"","footer-sml-layout":"","theme-transparent-header-meta":"default","adv-header-id-meta":"","stick-header-meta":"","header-above-stick-meta":"","header-main-stick-meta":"","header-below-stick-meta":"","astra-migrate-meta-layouts":"set","_joinchat":[]},"product_cat":[15,41,55,89,91],"product_tag":[32,114,31,33],"class_list":["post-1453","product","type-product","status-publish","has-post-thumbnail","hentry","product_cat-vape-shop-wholesale","product_cat-europe-hot-sale-vape","product_cat-minimum-order-quantity-50pcs","product_cat-randm-fumot-vape","product_cat-7000-puffs-disposable-vape","product_tag-7000-puffs-disposable-vape","product_tag-fumot-vape","product_tag-randm-tornado-vape","product_tag-rgb-light-disposable-vape","desktop-align-left","tablet-align-left","mobile-align-left"],"yoast_head":"<!-- This site is optimized with the Yoast SEO plugin v21.1 - https:\/\/yoast.com\/wordpress\/plugins\/seo\/ -->\n<title>Wholesale RandM Tornado 7000 Puffs Disposable Vape - Vape Wholesale<\/title>\n<meta name=\"description\" content=\"RandM Tornado 7000 Puffs Rechargeable Vape with mesh coil, leak-proof design, RGB lights, and adjustable airflow for the ultimate vaping experience\" \/>\n<meta name=\"robots\" content=\"index, follow, max-snippet:-1, max-image-preview:large, max-video-preview:-1\" \/>\n<link rel=\"canonical\" href=\"https:\/\/vapehosale.com\/lt\/product\/randm-tornado-7000-puffs-disposable-vape\/\" \/>\n<meta property=\"og:locale\" content=\"lt_LT\" \/>\n<meta property=\"og:type\" content=\"article\" \/>\n<meta property=\"og:title\" content=\"Wholesale RandM Tornado 7000 Puffs Disposable Vape - Vape Wholesale\" \/>\n<meta property=\"og:description\" content=\"RandM Tornado 7000 Puffs Rechargeable Vape with mesh coil, leak-proof design, RGB lights, and adjustable airflow for the ultimate vaping experience\" \/>\n<meta property=\"og:url\" content=\"https:\/\/vapehosale.com\/lt\/product\/randm-tornado-7000-puffs-disposable-vape\/\" \/>\n<meta property=\"og:site_name\" content=\"Vape Wholesale\" \/>\n<meta property=\"article:modified_time\" content=\"2025-08-29T08:33:33+00:00\" \/>\n<meta property=\"og:image\" content=\"https:\/\/vapehosale.com\/wp-content\/uploads\/2023\/09\/RandM-Factory-Direct-7000-Puffs-RGB-Vape.jpg\" \/>\n\t<meta property=\"og:image:width\" content=\"1440\" \/>\n\t<meta property=\"og:image:height\" content=\"1800\" \/>\n\t<meta property=\"og:image:type\" content=\"image\/jpeg\" \/>\n<meta name=\"twitter:card\" content=\"summary_large_image\" \/>\n<meta name=\"twitter:label1\" content=\"Est. reading time\" \/>\n\t<meta name=\"twitter:data1\" content=\"4 minut\u0117s\" \/>\n<script type=\"application\/ld+json\" class=\"yoast-schema-graph\">{\"@context\":\"https:\/\/schema.org\",\"@graph\":[{\"@type\":\"WebPage\",\"@id\":\"https:\/\/vapehosale.com\/product\/randm-tornado-7000-puffs-disposable-vape\/\",\"url\":\"https:\/\/vapehosale.com\/product\/randm-tornado-7000-puffs-disposable-vape\/\",\"name\":\"Wholesale RandM Tornado 7000 Puffs Disposable Vape - Vape Wholesale\",\"isPartOf\":{\"@id\":\"https:\/\/vapehosale.com\/#website\"},\"datePublished\":\"2023-09-19T10:02:58+00:00\",\"dateModified\":\"2025-08-29T08:33:33+00:00\",\"description\":\"RandM Tornado 7000 Puffs Rechargeable Vape with mesh coil, leak-proof design, RGB lights, and adjustable airflow for the ultimate vaping experience\",\"breadcrumb\":{\"@id\":\"https:\/\/vapehosale.com\/product\/randm-tornado-7000-puffs-disposable-vape\/#breadcrumb\"},\"inLanguage\":\"lt-LT\",\"potentialAction\":[{\"@type\":\"ReadAction\",\"target\":[\"https:\/\/vapehosale.com\/product\/randm-tornado-7000-puffs-disposable-vape\/\"]}]},{\"@type\":\"BreadcrumbList\",\"@id\":\"https:\/\/vapehosale.com\/product\/randm-tornado-7000-puffs-disposable-vape\/#breadcrumb\",\"itemListElement\":[{\"@type\":\"ListItem\",\"position\":1,\"name\":\"Home\",\"item\":\"https:\/\/vapehosale.com\/\"},{\"@type\":\"ListItem\",\"position\":2,\"name\":\"Best Sell Vapes\",\"item\":\"https:\/\/vapehosale.com\/vape-shop\/\"},{\"@type\":\"ListItem\",\"position\":3,\"name\":\"Wholesale RandM Tornado 7000 Puffs Disposable Vape\"}]},{\"@type\":\"WebSite\",\"@id\":\"https:\/\/vapehosale.com\/#website\",\"url\":\"https:\/\/vapehosale.com\/\",\"name\":\"Vape Wholesale\",\"description\":\"Buy Vape Wholesale Price Near you\",\"potentialAction\":[{\"@type\":\"SearchAction\",\"target\":{\"@type\":\"EntryPoint\",\"urlTemplate\":\"https:\/\/vapehosale.com\/?s={search_term_string}\"},\"query-input\":\"required name=search_term_string\"}],\"inLanguage\":\"lt-LT\"}]}<\/script>\n<!-- \/ Yoast SEO plugin. -->","yoast_head_json":{"title":"Wholesale RandM Tornado 7000 Puffs Disposable Vape - Vape Wholesale","description":"RandM Tornado 7000 Puffs Rechargeable Vape with mesh coil, leak-proof design, RGB lights, and adjustable airflow for the ultimate vaping experience","robots":{"index":"index","follow":"follow","max-snippet":"max-snippet:-1","max-image-preview":"max-image-preview:large","max-video-preview":"max-video-preview:-1"},"canonical":"https:\/\/vapehosale.com\/lt\/product\/randm-tornado-7000-puffs-disposable-vape\/","og_locale":"lt_LT","og_type":"article","og_title":"Wholesale RandM Tornado 7000 Puffs Disposable Vape - Vape Wholesale","og_description":"RandM Tornado 7000 Puffs Rechargeable Vape with mesh coil, leak-proof design, RGB lights, and adjustable airflow for the ultimate vaping experience","og_url":"https:\/\/vapehosale.com\/lt\/product\/randm-tornado-7000-puffs-disposable-vape\/","og_site_name":"Vape Wholesale","article_modified_time":"2025-08-29T08:33:33+00:00","og_image":[{"width":1440,"height":1800,"url":"https:\/\/vapehosale.com\/wp-content\/uploads\/2023\/09\/RandM-Factory-Direct-7000-Puffs-RGB-Vape.jpg","type":"image\/jpeg"}],"twitter_card":"summary_large_image","twitter_misc":{"Est. reading time":"4 minut\u0117s"},"schema":{"@context":"https:\/\/schema.org","@graph":[{"@type":"WebPage","@id":"https:\/\/vapehosale.com\/product\/randm-tornado-7000-puffs-disposable-vape\/","url":"https:\/\/vapehosale.com\/product\/randm-tornado-7000-puffs-disposable-vape\/","name":"Wholesale RandM Tornado 7000 Puffs Disposable Vape - Vape Wholesale","isPartOf":{"@id":"https:\/\/vapehosale.com\/#website"},"datePublished":"2023-09-19T10:02:58+00:00","dateModified":"2025-08-29T08:33:33+00:00","description":"RandM Tornado 7000 Puffs Rechargeable Vape with mesh coil, leak-proof design, RGB lights, and adjustable airflow for the ultimate vaping experience","breadcrumb":{"@id":"https:\/\/vapehosale.com\/product\/randm-tornado-7000-puffs-disposable-vape\/#breadcrumb"},"inLanguage":"lt-LT","potentialAction":[{"@type":"ReadAction","target":["https:\/\/vapehosale.com\/product\/randm-tornado-7000-puffs-disposable-vape\/"]}]},{"@type":"BreadcrumbList","@id":"https:\/\/vapehosale.com\/product\/randm-tornado-7000-puffs-disposable-vape\/#breadcrumb","itemListElement":[{"@type":"ListItem","position":1,"name":"Home","item":"https:\/\/vapehosale.com\/"},{"@type":"ListItem","position":2,"name":"Best Sell Vapes","item":"https:\/\/vapehosale.com\/vape-shop\/"},{"@type":"ListItem","position":3,"name":"Wholesale RandM Tornado 7000 Puffs Disposable Vape"}]},{"@type":"WebSite","@id":"https:\/\/vapehosale.com\/#website","url":"https:\/\/vapehosale.com\/","name":"Vape Wholesale","description":"Buy Vape Wholesale Price Near you","potentialAction":[{"@type":"SearchAction","target":{"@type":"EntryPoint","urlTemplate":"https:\/\/vapehosale.com\/?s={search_term_string}"},"query-input":"required name=search_term_string"}],"inLanguage":"lt-LT"}]}},"uagb_featured_image_src":{"full":["https:\/\/vapehosale.com\/wp-content\/uploads\/2023\/09\/RandM-Factory-Direct-7000-Puffs-RGB-Vape.jpg",1440,1800,false],"thumbnail":["https:\/\/vapehosale.com\/wp-content\/uploads\/2023\/09\/RandM-Factory-Direct-7000-Puffs-RGB-Vape-150x150.jpg",150,150,true],"medium":["https:\/\/vapehosale.com\/wp-content\/uploads\/2023\/09\/RandM-Factory-Direct-7000-Puffs-RGB-Vape-240x300.jpg",240,300,true],"medium_large":["https:\/\/vapehosale.com\/wp-content\/uploads\/2023\/09\/RandM-Factory-Direct-7000-Puffs-RGB-Vape-768x960.jpg",768,960,true],"large":["https:\/\/vapehosale.com\/wp-content\/uploads\/2023\/09\/RandM-Factory-Direct-7000-Puffs-RGB-Vape-819x1024.jpg",819,1024,true],"1536x1536":["https:\/\/vapehosale.com\/wp-content\/uploads\/2023\/09\/RandM-Factory-Direct-7000-Puffs-RGB-Vape-1229x1536.jpg",1229,1536,true],"2048x2048":["https:\/\/vapehosale.com\/wp-content\/uploads\/2023\/09\/RandM-Factory-Direct-7000-Puffs-RGB-Vape.jpg",1440,1800,false],"trp-custom-language-flag":["https:\/\/vapehosale.com\/wp-content\/uploads\/2023\/09\/RandM-Factory-Direct-7000-Puffs-RGB-Vape.jpg",10,12,false],"woocommerce_thumbnail":["https:\/\/vapehosale.com\/wp-content\/uploads\/2023\/09\/RandM-Factory-Direct-7000-Puffs-RGB-Vape-300x300.jpg",300,300,true],"woocommerce_single":["https:\/\/vapehosale.com\/wp-content\/uploads\/2023\/09\/RandM-Factory-Direct-7000-Puffs-RGB-Vape-600x750.jpg",600,750,true],"woocommerce_gallery_thumbnail":["https:\/\/vapehosale.com\/wp-content\/uploads\/2023\/09\/RandM-Factory-Direct-7000-Puffs-RGB-Vape-100x100.jpg",100,100,true],"wcpr-photo-reviews":["https:\/\/vapehosale.com\/wp-content\/uploads\/2023\/09\/RandM-Factory-Direct-7000-Puffs-RGB-Vape.jpg",400,500,false]},"uagb_author_info":{"display_name":"Vicky hosale","author_link":"https:\/\/vapehosale.com\/lt\/author\/"},"uagb_comment_info":8,"uagb_excerpt":"Randm tornados 7k rechargeable disposable vape that contains 14ml of e-liquid and an 850mah rechargeable battery,\u00a0 each fumot 7k vapes can provide 7000 puffs, 40+ flavor instock, waittinig for you to choose today!(website price not include shipping cost) Contact vikcy for more disscount,RandM vape wholesale min order only need 50pcs! NOTE: The website price does&hellip;","_links":{"self":[{"href":"https:\/\/vapehosale.com\/lt\/wp-json\/wp\/v2\/product\/1453","targetHints":{"allow":["GET"]}}],"collection":[{"href":"https:\/\/vapehosale.com\/lt\/wp-json\/wp\/v2\/product"}],"about":[{"href":"https:\/\/vapehosale.com\/lt\/wp-json\/wp\/v2\/types\/product"}],"replies":[{"embeddable":true,"href":"https:\/\/vapehosale.com\/lt\/wp-json\/wp\/v2\/comments?post=1453"}],"wp:featuredmedia":[{"embeddable":true,"href":"https:\/\/vapehosale.com\/lt\/wp-json\/wp\/v2\/media\/3104"}],"wp:attachment":[{"href":"https:\/\/vapehosale.com\/lt\/wp-json\/wp\/v2\/media?parent=1453"}],"wp:term":[{"taxonomy":"product_cat","embeddable":true,"href":"https:\/\/vapehosale.com\/lt\/wp-json\/wp\/v2\/product_cat?post=1453"},{"taxonomy":"product_tag","embeddable":true,"href":"https:\/\/vapehosale.com\/lt\/wp-json\/wp\/v2\/product_tag?post=1453"}],"curies":[{"name":"wp","href":"https:\/\/api.w.org\/{rel}","templated":true}]}}