{"id":3069,"date":"2024-10-19T08:19:55","date_gmt":"2024-10-19T08:19:55","guid":{"rendered":"https:\/\/vapehosale.com\/?post_type=product&#038;p=3069"},"modified":"2025-08-29T09:16:23","modified_gmt":"2025-08-29T09:16:23","slug":"randm-fumot-tornado-30k-music-disposable-vape","status":"publish","type":"product","link":"https:\/\/vapehosale.com\/it\/product\/randm-fumot-tornado-30k-music-disposable-vape\/","title":{"rendered":"Vaporizzatore usa e getta Fumot Tornado 30000 Puffs all'ingrosso"},"content":{"rendered":"<h2 style=\"text-align: center\">Fumot Tornado 30K Svapo Monouso Musicale<\/h2>\n<p>Il vaporizzatore usa e getta Fumot Tornado 30K Music offre un'esperienza di svapo impressionante di 30000 tiri con un sapore ricco e prestazioni potenti. Dotato di 30 opzioni di sapore, una batteria ricaricabile da 600 mAh e ricarica rapida di tipo C, garantisce una soddisfazione duratura. L'avanzata bobina a mesh da 1,0\u03a9 migliora il vapore e il gusto, mentre le luci dinamiche si sincronizzano con la musica per un tocco moderno. Progettato per i mercati dell'UE, il RandM Tornado 30000 Puffs \u00e8 una scelta intelligente per i giovani che apprezzano lo stile e la resistenza.<\/p>\n<p><img decoding=\"async\" class=\"alignnone size-full wp-image-3073\" src=\"https:\/\/vapehosale.com\/wp-content\/uploads\/2024\/10\/Discount-Fumot-Tornado-Vape-Products-in-Bulk.png\" alt=\"Prodotti Vape Fumot Tornado scontati all&#039;ingrosso\" width=\"900\" height=\"387\" srcset=\"https:\/\/vapehosale.com\/wp-content\/uploads\/2024\/10\/Discount-Fumot-Tornado-Vape-Products-in-Bulk.png 900w, https:\/\/vapehosale.com\/wp-content\/uploads\/2024\/10\/Discount-Fumot-Tornado-Vape-Products-in-Bulk-300x129.png 300w, https:\/\/vapehosale.com\/wp-content\/uploads\/2024\/10\/Discount-Fumot-Tornado-Vape-Products-in-Bulk-768x330.png 768w, https:\/\/vapehosale.com\/wp-content\/uploads\/2024\/10\/Discount-Fumot-Tornado-Vape-Products-in-Bulk-600x258.png 600w\" sizes=\"(max-width: 900px) 100vw, 900px\" \/><\/p>\n<p>&nbsp;<\/p>\n<h2>Elenco dei gusti di Fumot Tornado 30000 Puffs:<\/h2>\n<p><img decoding=\"async\" class=\"alignnone size-full wp-image-3072\" src=\"https:\/\/vapehosale.com\/wp-content\/uploads\/2024\/10\/Buy-Fumot-Tornado-30K-Music-Disposable-Vape.png\" alt=\"Acquista il vape usa e getta Fumot Tornado 30K Music\" width=\"900\" height=\"437\" srcset=\"https:\/\/vapehosale.com\/wp-content\/uploads\/2024\/10\/Buy-Fumot-Tornado-30K-Music-Disposable-Vape.png 900w, https:\/\/vapehosale.com\/wp-content\/uploads\/2024\/10\/Buy-Fumot-Tornado-30K-Music-Disposable-Vape-300x146.png 300w, https:\/\/vapehosale.com\/wp-content\/uploads\/2024\/10\/Buy-Fumot-Tornado-30K-Music-Disposable-Vape-768x373.png 768w, https:\/\/vapehosale.com\/wp-content\/uploads\/2024\/10\/Buy-Fumot-Tornado-30K-Music-Disposable-Vape-600x291.png 600w\" sizes=\"(max-width: 900px) 100vw, 900px\" \/><\/p>\n<p>1. Banana Ghiaccio<br \/>\n2. Ghiaccio Nero<br \/>\n3. Ghiaccio al Lampone Blu<br \/>\n4. Mirtillo su Ghiaccio<br \/>\n5. Lampone ai Mirtilli<br \/>\n6. Lampone Acido ai Mirtilli<br \/>\n7. Ghiaccio alla Ciliegia<br \/>\n8. Cola alla Ciliegia<br \/>\n9. Ghiaccio alla Cola<br \/>\n10. Menta Fresca<br \/>\n11. Mela Doppia<br \/>\n12. Dr. Blue<br \/>\n13. Ghiaccio all'Uva<br \/>\n14. Ghiacciolo<br \/>\n15. Kiwi, frutto della passione, guava<br \/>\n16. Amore 66<br \/>\n17. Ghiaccio Rigoglioso<br \/>\n18. Frutti di Bosco Misti<br \/>\n19. Pesca e Frutti di Bosco<br \/>\n20. Ghiaccio alla pesca<br \/>\n21. Pesca Mango Ananas<br \/>\n22. Ghiaccio all'ananas<br \/>\n23. Limonata rosa<br \/>\n24. Skittles<br \/>\n25. Banana alla fragola<br \/>\n26. Uva alla fragola<br \/>\n27. Ghiaccio alla fragola<br \/>\n28. Anguria alla fragola<br \/>\n29. Mango triplo<br \/>\n30. Vimto<\/p>\n<h2>Caratteristiche di Fumot Tornado 30000 Puffs:<\/h2>\n<ol>\n<li><strong>30000 Soffi<\/strong>: Goditi un impressionante <strong>30000 soffi<\/strong> con il <strong>Fumot Vape<\/strong>, rendendolo perfetto per chi desidera un'esperienza di svapo prolungata senza ricariche frequenti.<\/li>\n<li><strong>Batteria ricaricabile<\/strong>: La <strong>batteria ricaricabile da 600 mAh<\/strong> con <strong>Type-C<\/strong> la ricarica ti assicura di poter alimentare rapidamente e comodamente il tuo vape, anche durante le lunghe sessioni.<\/li>\n<li><strong>Tecnologia a bobina a rete (Mesh Coil)<\/strong>: La <strong>Bobina a rete da 1.0\u03a9<\/strong> migliora la produzione di vapore e l'intensit\u00e0 del sapore, offrendo un colpo morbido e coerente ogni volta.<\/li>\n<li><strong>Musica<\/strong>: Questo <strong>Vaporizzatore usa e getta Fumot<\/strong> si sincronizza con la musica e le sue luci cambiano a ritmo, aggiungendo un'eccitante dimensione sensoriale alle tue sessioni di svapo.<\/li>\n<li><strong>Forza della nicotina<\/strong>: Disponibile in <strong>opzioni di nicotina al 2% o al 5%<\/strong>, soddisfacendo sia le preferenze moderate che quelle ad alto contenuto di nicotina.<\/li>\n<li><strong>30 gusti<\/strong>: Con <strong>30 gusti<\/strong> disponibili, che vanno dal fruttato al mentolato, il <strong>Vaporizzatore Fumot Tornado<\/strong> offre una variet\u00e0 di opzioni per soddisfare ogni gusto, assicurandoti di trovare il tuo preferito tra i <strong>migliori 30K gusti di vaporizzatori RandM<\/strong>.<\/li>\n<\/ol>\n<p><img decoding=\"async\" class=\"alignnone size-full wp-image-3075\" src=\"https:\/\/vapehosale.com\/wp-content\/uploads\/2024\/10\/Fumot-Tornado-30K-Music-Vape-for-Sale.png\" alt=\"\" width=\"900\" height=\"439\" srcset=\"https:\/\/vapehosale.com\/wp-content\/uploads\/2024\/10\/Fumot-Tornado-30K-Music-Vape-for-Sale.png 900w, https:\/\/vapehosale.com\/wp-content\/uploads\/2024\/10\/Fumot-Tornado-30K-Music-Vape-for-Sale-300x146.png 300w, https:\/\/vapehosale.com\/wp-content\/uploads\/2024\/10\/Fumot-Tornado-30K-Music-Vape-for-Sale-768x375.png 768w, https:\/\/vapehosale.com\/wp-content\/uploads\/2024\/10\/Fumot-Tornado-30K-Music-Vape-for-Sale-600x293.png 600w\" sizes=\"(max-width: 900px) 100vw, 900px\" \/><\/p>\n<p><img decoding=\"async\" class=\"alignnone size-full wp-image-3071\" src=\"https:\/\/vapehosale.com\/wp-content\/uploads\/2024\/10\/Bulk-Fumot-Tornado-30K-Disposable-Vape-Music-Edition.png\" alt=\"\" width=\"900\" height=\"392\" srcset=\"https:\/\/vapehosale.com\/wp-content\/uploads\/2024\/10\/Bulk-Fumot-Tornado-30K-Disposable-Vape-Music-Edition.png 900w, https:\/\/vapehosale.com\/wp-content\/uploads\/2024\/10\/Bulk-Fumot-Tornado-30K-Disposable-Vape-Music-Edition-300x131.png 300w, https:\/\/vapehosale.com\/wp-content\/uploads\/2024\/10\/Bulk-Fumot-Tornado-30K-Disposable-Vape-Music-Edition-768x335.png 768w, https:\/\/vapehosale.com\/wp-content\/uploads\/2024\/10\/Bulk-Fumot-Tornado-30K-Disposable-Vape-Music-Edition-600x261.png 600w\" sizes=\"(max-width: 900px) 100vw, 900px\" \/><\/p>\n<p><img decoding=\"async\" class=\"alignnone size-full wp-image-3070\" src=\"https:\/\/vapehosale.com\/wp-content\/uploads\/2024\/10\/30000-Puffs-Fumot-Tornado-Disposable-Vape-Wholesale.png\" alt=\"Vendita all&#039;ingrosso di vape usa e getta Fumot Tornado da 30000 puffs\" width=\"900\" height=\"393\" srcset=\"https:\/\/vapehosale.com\/wp-content\/uploads\/2024\/10\/30000-Puffs-Fumot-Tornado-Disposable-Vape-Wholesale.png 900w, https:\/\/vapehosale.com\/wp-content\/uploads\/2024\/10\/30000-Puffs-Fumot-Tornado-Disposable-Vape-Wholesale-300x131.png 300w, https:\/\/vapehosale.com\/wp-content\/uploads\/2024\/10\/30000-Puffs-Fumot-Tornado-Disposable-Vape-Wholesale-768x335.png 768w, https:\/\/vapehosale.com\/wp-content\/uploads\/2024\/10\/30000-Puffs-Fumot-Tornado-Disposable-Vape-Wholesale-600x262.png 600w\" sizes=\"(max-width: 900px) 100vw, 900px\" \/><\/p>\n<h3>Perch\u00e9 scegliere il vape Fumot Tornado 30000 Puffs?<\/h3>\n<ol>\n<li><strong>Fumot Vape 30000 Puffs Vicino a Me<\/strong>: Se stai cercando il vape usa e getta pi\u00f9 affidabile con un'ampia capacit\u00e0 di puff, questo prodotto \u00e8 l'opzione migliore disponibile nella tua zona.<\/li>\n<li><strong>Fumot 30K all'ingrosso<\/strong>: Per i rivenditori, acquistare <strong>Fumot 30K all'ingrosso<\/strong> vape \u00e8 una grande opportunit\u00e0 per offrire ai tuoi clienti un prodotto di tendenza e molto richiesto.<\/li>\n<li><strong>Fumot Vape 30000<\/strong>: Progettato pensando alla portabilit\u00e0, il <strong>Fumot Box Vape<\/strong> \u00e8 facile da trasportare, con un fattore di forma compatto che non sacrifica le prestazioni.<\/li>\n<li><strong>Fumot Vape RandM Tornado 30000<\/strong>: Combinando la qualit\u00e0 di <strong>Vape RandM<\/strong> con le caratteristiche di <strong>Fumot<\/strong>, questo vape garantisce un'esperienza soddisfacente e fluida ad ogni puff.<\/li>\n<\/ol>\n<h3>Perch\u00e9 Fumot Tornado 30k Puffs \u00e8 il miglior vape usa e getta?<\/h3>\n<ol>\n<li><strong>I migliori gusti di Fumot RandM Vape 30K<\/strong>: Dai freschi gusti fruttati ai mentoli rinfrescanti, troverai il <strong>migliori 30K gusti di vaporizzatori RandM<\/strong> in questo dispositivo, offrendoti un'ampia variet\u00e0 da esplorare.<\/li>\n<li><strong>Acquista Fumot Tornado 30K Vape<\/strong>: Che tu stia cercando di <strong>acquistare il vape RandM Tornado 30K<\/strong> per uso personale o per venderlo ai clienti, \u00e8 un prodotto di alta qualit\u00e0 che offre qualit\u00e0 e quantit\u00e0 in egual misura.<\/li>\n<li><strong>Vape usa e getta Fumot 30000 puffs<\/strong>: Come opzione usa e getta, il <strong>vape RandM 30K<\/strong> offre la comodit\u00e0 di non dover ricaricare, nessuna manutenzione e nessun disordine. Basta svapare e goderti!<\/li>\n<\/ol>\n<h3>Cosa significa RandM Fumot Tornado 30k music?<\/h3>\n<p>La luce RGB pu\u00f2 lampeggiare con il ritmo della musica.<\/p>\n<p><img decoding=\"async\" class=\"alignnone size-full wp-image-3076\" src=\"https:\/\/vapehosale.com\/wp-content\/uploads\/2024\/10\/Fumot-Tornado-Vape-30000-Puffs-Wholesale-Store.png\" alt=\"Negozio all&#039;ingrosso di vape Fumot Tornado 30000 Puffs\" width=\"900\" height=\"416\" srcset=\"https:\/\/vapehosale.com\/wp-content\/uploads\/2024\/10\/Fumot-Tornado-Vape-30000-Puffs-Wholesale-Store.png 900w, https:\/\/vapehosale.com\/wp-content\/uploads\/2024\/10\/Fumot-Tornado-Vape-30000-Puffs-Wholesale-Store-300x139.png 300w, https:\/\/vapehosale.com\/wp-content\/uploads\/2024\/10\/Fumot-Tornado-Vape-30000-Puffs-Wholesale-Store-768x355.png 768w, https:\/\/vapehosale.com\/wp-content\/uploads\/2024\/10\/Fumot-Tornado-Vape-30000-Puffs-Wholesale-Store-600x277.png 600w\" sizes=\"(max-width: 900px) 100vw, 900px\" \/><\/p>\n<h3><strong>Contenuto della confezione:<\/strong><\/h3>\n<p>1 x vape usa e getta Tornado 30k Fumot vape<\/p>\n<p>\u2705Fabbrica originale all'ingrosso Whatsapp:<a href=\"https:\/\/wa.me\/8618077105750\">+8618077105750<\/a><\/p>\n<p>\u2705 Grossisti e rivenditori sono i benvenuti per personalizzare gli ordini<br \/>\n\u2705 Forniamo prodotti di altissima qualit\u00e0 e i servizi pi\u00f9 professionali.<\/p>\n<p><img decoding=\"async\" class=\"alignnone size-full wp-image-2638\" src=\"https:\/\/vapehosale.com\/wp-content\/uploads\/2023\/09\/885301ea6f5e0b91f5ab2b1c85e665c.png\" alt=\"Fabbrica RandM\" width=\"670\" height=\"658\" srcset=\"https:\/\/vapehosale.com\/wp-content\/uploads\/2023\/09\/885301ea6f5e0b91f5ab2b1c85e665c.png 670w, https:\/\/vapehosale.com\/wp-content\/uploads\/2023\/09\/885301ea6f5e0b91f5ab2b1c85e665c-300x295.png 300w, https:\/\/vapehosale.com\/wp-content\/uploads\/2023\/09\/885301ea6f5e0b91f5ab2b1c85e665c-600x589.png 600w\" sizes=\"(max-width: 670px) 100vw, 670px\" \/><\/p>\n<p><a href=\"https:\/\/vapehosale.com\/it\/product\/randm-tornado-7000-puffs-disposable-vape\/\">Svapo in voga<\/a><br \/>\n<a href=\"https:\/\/vapehosale.com\/it\/product-category\/randm-fumot-vape\/\">Catalogo Vape usa e getta Fumot<span class=\"x19la9d6 x1fc57z9 x6ikm8r x10wlt62 x19co3pv x1g5zs5t xfibh0p xiy17q3 x1xsqp64 x1lkfr7t xexx8yu xyri2b x18d9i69 x1c1uobl\"><span class=\"xrtxmta x1bhl96m\">\ud83d\udc48<\/span><\/span><\/a><br \/>\n<a href=\"https:\/\/vapehosale.com\/it\/product-category\/puff-30k-disposable-vape\/\">Vendita all'ingrosso di vape usa e getta da 30000 puffs<\/a><\/p>\n<p>Contatto per il catalogo prodotti:<a href=\"https:\/\/wa.me\/8618077105750\">acquista ora<\/a><\/p>\n<p>Modello di vaporizzatore a forma speciale:<a href=\"https:\/\/vapehosale.com\/it\/product\/bulk-buy-bang-king-12000\/\">a forma di bottiglia<\/a>\/Lattina di Coca-Cola\/<a href=\"https:\/\/vapehosale.com\/it\/product\/sidia-12000-puffs-disposable-device\/\">Luce RGB<\/a>\/Cristallo<\/p>\n<h4>Dettagli di spedizione:<\/h4>\n<p>Tempo di produzione: 5 giorni lavorativi<br \/>\nTempo di spedizione: 8-14 giorni lavorativi<\/p>\n<h4>Dettagli di pagamento:<\/h4>\n<p>Supportiamo il pagamento tramite bonifico bancario o Western Union, siamo una fabbrica di vaporizzatori dalla Cina, <span style=\"color: #ff0000\">non supportiamo il pagamento alla consegna.<\/span><\/p>\n<p>Tutti i prodotti nel nostro negozio sono originali e autentici al 100%, quindi il risarcimento dieci volte superiore per merce contraffatta \u00e8 la politica del nostro negozio.<\/p>\n<h3>Servizio post-vendita:<\/h3>\n<p><span style=\"color: #ff0000\">Avviso: nessun rimborso o cambio per problemi non legati alla qualit\u00e0<br \/>\n<span style=\"color: #000000\">I prodotti sono realizzati al momento in base alle esigenze del cliente, non verranno forniti rimborsi se non ci sono problemi di qualit\u00e0 dopo che il cliente ha ricevuto la merce.<\/span><\/span><\/p>\n<p>1. Ai minori di 21+ \u00e8 vietato l'acquisto di dispositivi e accessori usa e getta.<\/p>\n<p>2. Alcune piccole aree insulari nei paesi europei richiedono costi aggiuntivi a distanza, si prega di consultarci prima dell'acquisto.<\/p>\n<p>3. I prezzi sul nostro sito web non includono i costi di spedizione. Si prega di contattare il responsabile commerciale Vicky per chiedere informazioni sui costi di spedizione prima di effettuare un ordine.<\/p>","protected":false},"excerpt":{"rendered":"<p>Il vaporizzatore usa e getta Fumot Tornado 30000 Puffs offre 30000 tiri, 30 gusti, una batteria ricaricabile da 600 mAh e luci che si sincronizzano con la musica. Goditi uno svapo duraturo e saporito!<span style=\"color: #ff0000\">Il prezzo del sito web non include il costo di spedizione<\/span><\/p>\n<p><span style=\"color: #ff0000\">contattami per ordine minimo di 50 pezzi! non vendiamo sotto i 50 pezzi, <\/span>Solo all'ingrosso!<\/p>\n<p><img decoding=\"async\" class=\"alignnone size-medium wp-image-2638\" src=\"https:\/\/vapehosale.com\/wp-content\/uploads\/2023\/09\/885301ea6f5e0b91f5ab2b1c85e665c-300x295.png\" alt=\"Fabbrica RandM\" width=\"300\" height=\"295\" srcset=\"https:\/\/vapehosale.com\/wp-content\/uploads\/2023\/09\/885301ea6f5e0b91f5ab2b1c85e665c-300x295.png 300w, https:\/\/vapehosale.com\/wp-content\/uploads\/2023\/09\/885301ea6f5e0b91f5ab2b1c85e665c-600x589.png 600w, https:\/\/vapehosale.com\/wp-content\/uploads\/2023\/09\/885301ea6f5e0b91f5ab2b1c85e665c.png 670w\" sizes=\"(max-width: 300px) 100vw, 300px\" \/><\/p>\n<p>&nbsp;<\/p>","protected":false},"featured_media":3078,"comment_status":"open","ping_status":"closed","template":"","meta":{"_uag_custom_page_level_css":"","_lmt_disableupdate":"no","_lmt_disable":"","site-sidebar-layout":"default","site-content-layout":"","ast-site-content-layout":"default","site-content-style":"default","site-sidebar-style":"default","ast-global-header-display":"","ast-banner-title-visibility":"","ast-main-header-display":"","ast-hfb-above-header-display":"","ast-hfb-below-header-display":"","ast-hfb-mobile-header-display":"","site-post-title":"","ast-breadcrumbs-content":"","ast-featured-img":"","footer-sml-layout":"","theme-transparent-header-meta":"default","adv-header-id-meta":"","stick-header-meta":"","header-above-stick-meta":"","header-main-stick-meta":"","header-below-stick-meta":"","astra-migrate-meta-layouts":"set","_joinchat":[]},"product_cat":[41,55,87,89,15],"product_tag":[76,114,35,33],"class_list":["post-3069","product","type-product","status-publish","has-post-thumbnail","hentry","product_cat-europe-hot-sale-vape","product_cat-minimum-order-quantity-50pcs","product_cat-puff-30k-disposable-vape","product_cat-randm-fumot-vape","product_cat-vape-shop-wholesale","product_tag-airflow-control-vape","product_tag-fumot-vape","product_tag-rechargeable-disposable-device","product_tag-rgb-light-disposable-vape","desktop-align-left","tablet-align-left","mobile-align-left"],"yoast_head":"<!-- This site is optimized with the Yoast SEO plugin v21.1 - https:\/\/yoast.com\/wordpress\/plugins\/seo\/ -->\n<title>Wholesale Fumot Tornado 30000 Puffs Disposable Vape - Vape Wholesale<\/title>\n<meta name=\"description\" content=\"Wholesale Fumot Vape Tornado 30K Puffs Music Disposable Vape. Rechargeable, 30 flavors, lights sync with music. Buy now for ultimate vaping!\" \/>\n<meta name=\"robots\" content=\"index, follow, max-snippet:-1, max-image-preview:large, max-video-preview:-1\" \/>\n<link rel=\"canonical\" href=\"https:\/\/vapehosale.com\/it\/product\/randm-fumot-tornado-30k-music-disposable-vape\/\" \/>\n<meta property=\"og:locale\" content=\"it_IT\" \/>\n<meta property=\"og:type\" content=\"article\" \/>\n<meta property=\"og:title\" content=\"Wholesale Fumot Tornado 30000 Puffs Disposable Vape - Vape Wholesale\" \/>\n<meta property=\"og:description\" content=\"Wholesale Fumot Vape Tornado 30K Puffs Music Disposable Vape. Rechargeable, 30 flavors, lights sync with music. Buy now for ultimate vaping!\" \/>\n<meta property=\"og:url\" content=\"https:\/\/vapehosale.com\/it\/product\/randm-fumot-tornado-30k-music-disposable-vape\/\" \/>\n<meta property=\"og:site_name\" content=\"Vape Wholesale\" \/>\n<meta property=\"article:modified_time\" content=\"2025-08-29T09:16:23+00:00\" \/>\n<meta property=\"og:image\" content=\"https:\/\/vapehosale.com\/wp-content\/uploads\/2024\/10\/Fumot-Vape-Wholesale-Store-Best-Prices.jpg\" \/>\n\t<meta property=\"og:image:width\" content=\"900\" \/>\n\t<meta property=\"og:image:height\" content=\"900\" \/>\n\t<meta property=\"og:image:type\" content=\"image\/jpeg\" \/>\n<meta name=\"twitter:card\" content=\"summary_large_image\" \/>\n<meta name=\"twitter:label1\" content=\"Tempo di lettura stimato\" \/>\n\t<meta name=\"twitter:data1\" content=\"5 minuti\" \/>\n<script type=\"application\/ld+json\" class=\"yoast-schema-graph\">{\"@context\":\"https:\/\/schema.org\",\"@graph\":[{\"@type\":\"WebPage\",\"@id\":\"https:\/\/vapehosale.com\/product\/randm-fumot-tornado-30k-music-disposable-vape\/\",\"url\":\"https:\/\/vapehosale.com\/product\/randm-fumot-tornado-30k-music-disposable-vape\/\",\"name\":\"Wholesale Fumot Tornado 30000 Puffs Disposable Vape - Vape Wholesale\",\"isPartOf\":{\"@id\":\"https:\/\/vapehosale.com\/#website\"},\"datePublished\":\"2024-10-19T08:19:55+00:00\",\"dateModified\":\"2025-08-29T09:16:23+00:00\",\"description\":\"Wholesale Fumot Vape Tornado 30K Puffs Music Disposable Vape. Rechargeable, 30 flavors, lights sync with music. Buy now for ultimate vaping!\",\"breadcrumb\":{\"@id\":\"https:\/\/vapehosale.com\/product\/randm-fumot-tornado-30k-music-disposable-vape\/#breadcrumb\"},\"inLanguage\":\"it-IT\",\"potentialAction\":[{\"@type\":\"ReadAction\",\"target\":[\"https:\/\/vapehosale.com\/product\/randm-fumot-tornado-30k-music-disposable-vape\/\"]}]},{\"@type\":\"BreadcrumbList\",\"@id\":\"https:\/\/vapehosale.com\/product\/randm-fumot-tornado-30k-music-disposable-vape\/#breadcrumb\",\"itemListElement\":[{\"@type\":\"ListItem\",\"position\":1,\"name\":\"Home\",\"item\":\"https:\/\/vapehosale.com\/\"},{\"@type\":\"ListItem\",\"position\":2,\"name\":\"Best Sell Vapes\",\"item\":\"https:\/\/vapehosale.com\/vape-shop\/\"},{\"@type\":\"ListItem\",\"position\":3,\"name\":\"Wholesale Fumot Tornado 30000 Puffs Disposable Vape\"}]},{\"@type\":\"WebSite\",\"@id\":\"https:\/\/vapehosale.com\/#website\",\"url\":\"https:\/\/vapehosale.com\/\",\"name\":\"Vape Wholesale\",\"description\":\"Buy Vape Wholesale Price Near you\",\"potentialAction\":[{\"@type\":\"SearchAction\",\"target\":{\"@type\":\"EntryPoint\",\"urlTemplate\":\"https:\/\/vapehosale.com\/?s={search_term_string}\"},\"query-input\":\"required name=search_term_string\"}],\"inLanguage\":\"it-IT\"}]}<\/script>\n<!-- \/ Yoast SEO plugin. -->","yoast_head_json":{"title":"Wholesale Fumot Tornado 30000 Puffs Disposable Vape - Vape Wholesale","description":"Wholesale Fumot Vape Tornado 30K Puffs Music Disposable Vape. Rechargeable, 30 flavors, lights sync with music. Buy now for ultimate vaping!","robots":{"index":"index","follow":"follow","max-snippet":"max-snippet:-1","max-image-preview":"max-image-preview:large","max-video-preview":"max-video-preview:-1"},"canonical":"https:\/\/vapehosale.com\/it\/product\/randm-fumot-tornado-30k-music-disposable-vape\/","og_locale":"it_IT","og_type":"article","og_title":"Wholesale Fumot Tornado 30000 Puffs Disposable Vape - Vape Wholesale","og_description":"Wholesale Fumot Vape Tornado 30K Puffs Music Disposable Vape. Rechargeable, 30 flavors, lights sync with music. Buy now for ultimate vaping!","og_url":"https:\/\/vapehosale.com\/it\/product\/randm-fumot-tornado-30k-music-disposable-vape\/","og_site_name":"Vape Wholesale","article_modified_time":"2025-08-29T09:16:23+00:00","og_image":[{"width":900,"height":900,"url":"https:\/\/vapehosale.com\/wp-content\/uploads\/2024\/10\/Fumot-Vape-Wholesale-Store-Best-Prices.jpg","type":"image\/jpeg"}],"twitter_card":"summary_large_image","twitter_misc":{"Tempo di lettura stimato":"5 minuti"},"schema":{"@context":"https:\/\/schema.org","@graph":[{"@type":"WebPage","@id":"https:\/\/vapehosale.com\/product\/randm-fumot-tornado-30k-music-disposable-vape\/","url":"https:\/\/vapehosale.com\/product\/randm-fumot-tornado-30k-music-disposable-vape\/","name":"Wholesale Fumot Tornado 30000 Puffs Disposable Vape - Vape Wholesale","isPartOf":{"@id":"https:\/\/vapehosale.com\/#website"},"datePublished":"2024-10-19T08:19:55+00:00","dateModified":"2025-08-29T09:16:23+00:00","description":"Wholesale Fumot Vape Tornado 30K Puffs Music Disposable Vape. Rechargeable, 30 flavors, lights sync with music. Buy now for ultimate vaping!","breadcrumb":{"@id":"https:\/\/vapehosale.com\/product\/randm-fumot-tornado-30k-music-disposable-vape\/#breadcrumb"},"inLanguage":"it-IT","potentialAction":[{"@type":"ReadAction","target":["https:\/\/vapehosale.com\/product\/randm-fumot-tornado-30k-music-disposable-vape\/"]}]},{"@type":"BreadcrumbList","@id":"https:\/\/vapehosale.com\/product\/randm-fumot-tornado-30k-music-disposable-vape\/#breadcrumb","itemListElement":[{"@type":"ListItem","position":1,"name":"Home","item":"https:\/\/vapehosale.com\/"},{"@type":"ListItem","position":2,"name":"Best Sell Vapes","item":"https:\/\/vapehosale.com\/vape-shop\/"},{"@type":"ListItem","position":3,"name":"Wholesale Fumot Tornado 30000 Puffs Disposable Vape"}]},{"@type":"WebSite","@id":"https:\/\/vapehosale.com\/#website","url":"https:\/\/vapehosale.com\/","name":"Vape Wholesale","description":"Buy Vape Wholesale Price Near you","potentialAction":[{"@type":"SearchAction","target":{"@type":"EntryPoint","urlTemplate":"https:\/\/vapehosale.com\/?s={search_term_string}"},"query-input":"required name=search_term_string"}],"inLanguage":"it-IT"}]}},"uagb_featured_image_src":{"full":["https:\/\/vapehosale.com\/wp-content\/uploads\/2024\/10\/Fumot-Vape-Wholesale-Store-Best-Prices.jpg",900,900,false],"thumbnail":["https:\/\/vapehosale.com\/wp-content\/uploads\/2024\/10\/Fumot-Vape-Wholesale-Store-Best-Prices-150x150.jpg",150,150,true],"medium":["https:\/\/vapehosale.com\/wp-content\/uploads\/2024\/10\/Fumot-Vape-Wholesale-Store-Best-Prices-300x300.jpg",300,300,true],"medium_large":["https:\/\/vapehosale.com\/wp-content\/uploads\/2024\/10\/Fumot-Vape-Wholesale-Store-Best-Prices-768x768.jpg",768,768,true],"large":["https:\/\/vapehosale.com\/wp-content\/uploads\/2024\/10\/Fumot-Vape-Wholesale-Store-Best-Prices.jpg",900,900,false],"1536x1536":["https:\/\/vapehosale.com\/wp-content\/uploads\/2024\/10\/Fumot-Vape-Wholesale-Store-Best-Prices.jpg",900,900,false],"2048x2048":["https:\/\/vapehosale.com\/wp-content\/uploads\/2024\/10\/Fumot-Vape-Wholesale-Store-Best-Prices.jpg",900,900,false],"trp-custom-language-flag":["https:\/\/vapehosale.com\/wp-content\/uploads\/2024\/10\/Fumot-Vape-Wholesale-Store-Best-Prices.jpg",12,12,false],"woocommerce_thumbnail":["https:\/\/vapehosale.com\/wp-content\/uploads\/2024\/10\/Fumot-Vape-Wholesale-Store-Best-Prices-300x300.jpg",300,300,true],"woocommerce_single":["https:\/\/vapehosale.com\/wp-content\/uploads\/2024\/10\/Fumot-Vape-Wholesale-Store-Best-Prices-600x600.jpg",600,600,true],"woocommerce_gallery_thumbnail":["https:\/\/vapehosale.com\/wp-content\/uploads\/2024\/10\/Fumot-Vape-Wholesale-Store-Best-Prices-100x100.jpg",100,100,true],"wcpr-photo-reviews":["https:\/\/vapehosale.com\/wp-content\/uploads\/2024\/10\/Fumot-Vape-Wholesale-Store-Best-Prices.jpg",500,500,false]},"uagb_author_info":{"display_name":"Vicky hosale","author_link":"https:\/\/vapehosale.com\/it\/author\/"},"uagb_comment_info":0,"uagb_excerpt":"Fumot Tornado 30000 Puffs Disposable Vape offers 30000 puffs, 30 flavors, a rechargeable 600mAh battery, and lights that sync with music. Enjoy long-lasting, flavorful vaping!(website price not include shipping cost) contact me for min order only 50 pcs! not sale under 50pcs, Wholesale only! &nbsp;","_links":{"self":[{"href":"https:\/\/vapehosale.com\/it\/wp-json\/wp\/v2\/product\/3069","targetHints":{"allow":["GET"]}}],"collection":[{"href":"https:\/\/vapehosale.com\/it\/wp-json\/wp\/v2\/product"}],"about":[{"href":"https:\/\/vapehosale.com\/it\/wp-json\/wp\/v2\/types\/product"}],"replies":[{"embeddable":true,"href":"https:\/\/vapehosale.com\/it\/wp-json\/wp\/v2\/comments?post=3069"}],"wp:featuredmedia":[{"embeddable":true,"href":"https:\/\/vapehosale.com\/it\/wp-json\/wp\/v2\/media\/3078"}],"wp:attachment":[{"href":"https:\/\/vapehosale.com\/it\/wp-json\/wp\/v2\/media?parent=3069"}],"wp:term":[{"taxonomy":"product_cat","embeddable":true,"href":"https:\/\/vapehosale.com\/it\/wp-json\/wp\/v2\/product_cat?post=3069"},{"taxonomy":"product_tag","embeddable":true,"href":"https:\/\/vapehosale.com\/it\/wp-json\/wp\/v2\/product_tag?post=3069"}],"curies":[{"name":"wp","href":"https:\/\/api.w.org\/{rel}","templated":true}]}}