{"id":2716,"date":"2024-08-28T09:28:35","date_gmt":"2024-08-28T09:28:35","guid":{"rendered":"https:\/\/vapehosale.com\/?post_type=product&#038;p=2716"},"modified":"2025-08-11T09:01:06","modified_gmt":"2025-08-11T09:01:06","slug":"uzy-tornado-20000-puffs-disposable-vape","status":"publish","type":"product","link":"https:\/\/vapehosale.com\/it\/product\/uzy-tornado-20000-puffs-disposable-vape\/","title":{"rendered":"UZY Tornado 20000 Puffs Vape usa e getta"},"content":{"rendered":"<h1 style=\"text-align: center\">UZY Tornado 20000 Puffs Sigaretta Elettronica Usa e Getta con Display Digitale<\/h1>\n<p>UZY Tornado 20000 Puffs \u00e8 dotato di un indicatore di alimentazione intelligente e di un indicatore digitale dell'olio, che ti consentono di monitorare i livelli della batteria e del liquido elettronico in ogni momento, prevenendo perdite di alimentazione impreviste e tiri a secco. Il display a schermo intero offre un'interfaccia chiara e intuitiva, mentre il flusso d'aria regolabile ti consente di personalizzare la tua esperienza di svapo per ottenere la sensazione di vapore perfetta.<\/p>\n<p>UZY Tornado 20k Prezzo di vendita suggerito: 13-14\u20ac\/pz<\/p>\n<p><img decoding=\"async\" class=\"alignnone size-full wp-image-2719\" src=\"https:\/\/vapehosale.com\/wp-content\/uploads\/2024\/08\/Digital-box-20000-Puffs-Tornado-Vape-UZY.jpg\" alt=\"Scatola digitale 20000 Soffi Tornado Vape UZY\" width=\"1000\" height=\"1000\" srcset=\"https:\/\/vapehosale.com\/wp-content\/uploads\/2024\/08\/Digital-box-20000-Puffs-Tornado-Vape-UZY.jpg 1000w, https:\/\/vapehosale.com\/wp-content\/uploads\/2024\/08\/Digital-box-20000-Puffs-Tornado-Vape-UZY-300x300.jpg 300w, https:\/\/vapehosale.com\/wp-content\/uploads\/2024\/08\/Digital-box-20000-Puffs-Tornado-Vape-UZY-150x150.jpg 150w, https:\/\/vapehosale.com\/wp-content\/uploads\/2024\/08\/Digital-box-20000-Puffs-Tornado-Vape-UZY-768x768.jpg 768w, https:\/\/vapehosale.com\/wp-content\/uploads\/2024\/08\/Digital-box-20000-Puffs-Tornado-Vape-UZY-600x600.jpg 600w, https:\/\/vapehosale.com\/wp-content\/uploads\/2024\/08\/Digital-box-20000-Puffs-Tornado-Vape-UZY-100x100.jpg 100w\" sizes=\"(max-width: 1000px) 100vw, 1000px\" \/><\/p>\n<h2>UZY Tornado 20000 Puffs Gusti Disponibili:<\/h2>\n<p>1.Mirtillo Lampone<br \/>\n2.Fragola Anguria<br \/>\n3. Peach Ice<br \/>\n4.Fragola Kiwi<br \/>\n5. Mango Freeze<br \/>\n6. Pesca Mango Ananas<br \/>\n7. Frutti di bosco misti<br \/>\n8. Strawberry Red Bull<br \/>\n9.Ghiaccio all'anguria<br \/>\n10.Limonata al lampone blu<br \/>\n11. Grape ice<br \/>\n12. Kiwi passion fruit guava<\/p>\n<h2>Caratteristiche UZY Tornado 20k Puffs:<\/h2>\n<p>1. Puffs: 20000 puffs<br \/>\n2. Liquido: 28 ml di liquido elettronico<br \/>\n3. Nicotina: 2% 5%<br \/>\n4. Batteria: 850mAh<br \/>\n5. Ricarica di tipo C<br \/>\n6. Display digitale<\/p>\n<h3><strong>Contenuto della confezione:<\/strong><\/h3>\n<p>1 x UZY Tornado 20k Dispositivo usa e getta<\/p>\n<h3>Come regolare il flusso d'aria delle sigarette elettroniche usa e getta UZY Tornado 20k?<\/h3>\n<p><strong>Anello di regolazione del flusso d'aria:<\/strong> Alcune sigarette elettroniche usa e getta sono dotate<span style=\"font-size: 16px\">\u00a0di un anello di regolazione del flusso d'aria, solitamente posizionato sul fondo del dispositivo o vicino al boccaglio. \u00c8 possibile ruotare questo anello per regolare la dimensione dell'ingresso dell'aria, controllando cos\u00ec l'intensit\u00e0 del flusso d'aria. La rotazione in senso orario di solito riduce il flusso d'aria e aumenta la resistenza all'aspirazione; la rotazione in senso antiorario aumenta il flusso d'aria e diminuisce la resistenza all'aspirazione.<\/span><\/p>\n<p><a style=\"font-size: 16px;font-style: normal;font-weight: 400;color: #3a3a3a\" href=\"https:\/\/vapehosale.com\/it\/product\/randm-tornado-7000-puffs-disposable-vape\/\"><img decoding=\"async\" class=\"alignnone wp-image-2727\" src=\"https:\/\/vapehosale.com\/wp-content\/uploads\/2024\/08\/731282b881ddc1082a4d20c8e1ad1e2.png\" alt=\"Come regolare il flusso d&#039;aria delle sigarette elettroniche usa e getta?\" width=\"359\" height=\"280\" srcset=\"https:\/\/vapehosale.com\/wp-content\/uploads\/2024\/08\/731282b881ddc1082a4d20c8e1ad1e2.png 505w, https:\/\/vapehosale.com\/wp-content\/uploads\/2024\/08\/731282b881ddc1082a4d20c8e1ad1e2-300x234.png 300w\" sizes=\"(max-width: 359px) 100vw, 359px\" \/><\/a><\/p>\n<p>&nbsp;<\/p>\n<p><a href=\"https:\/\/vapehosale.com\/it\/product\/randm-tornado-7000-puffs-disposable-vape\/\">Sigaretta elettronica di successo<br \/>\n<\/a><a href=\"https:\/\/vapehosale.com\/it\/product\/al-fahker-evappe-crown-bar-18000-puffs-pro-max\/\">Al Fahker 18000 Puffs all'ingrosso<\/a><br \/>\n<a href=\"https:\/\/vapehosale.com\/it\/product\/original-shisha-hookah-15000-puffs-jnr-disposable-vape\/\">Shisha Hookah 15000 Puff<\/a><br \/>\n<a href=\"https:\/\/vapehosale.com\/it\/product\/wga-crystal-plus-20k-disposable-vapes\/\">WGA CryStal Plus 20k Scatola usa e getta<\/a><br \/>\n<a href=\"https:\/\/vapehosale.com\/it\/product\/original-crystal-bar-600-puffs-disposable-vape\/\">Crystal Bar 600 Puff Bar usa e getta<\/a><br \/>\nContatto per il catalogo prodotti:<a href=\"https:\/\/wa.me\/8618077105750\">acquista ora<\/a><\/p>\n<p>Modello di vaporizzatore a forma speciale:<a href=\"https:\/\/vapehosale.com\/it\/product\/bulk-buy-bang-king-12000\/\">a forma di bottiglia<\/a>\/Lattina di Coca-Cola\/<a href=\"https:\/\/vapehosale.com\/it\/product\/sidia-12000-puffs-disposable-device\/\">Luce RGB<\/a>\/Cristallo<\/p>\n<h4>Dettagli di spedizione:<br \/>\nsiamo una fabbrica di sigarette elettroniche dalla Cina, non supportiamo il pagamento alla consegna.<\/h4>\n<p><img decoding=\"async\" class=\"alignnone size-full wp-image-2636\" src=\"https:\/\/vapehosale.com\/wp-content\/uploads\/2024\/08\/08cd586e84373c021e8ec9b990d8dae.png\" alt=\"Vape usa e getta spedizione veloce\" width=\"726\" height=\"265\" srcset=\"https:\/\/vapehosale.com\/wp-content\/uploads\/2024\/08\/08cd586e84373c021e8ec9b990d8dae.png 726w, https:\/\/vapehosale.com\/wp-content\/uploads\/2024\/08\/08cd586e84373c021e8ec9b990d8dae-300x110.png 300w, https:\/\/vapehosale.com\/wp-content\/uploads\/2024\/08\/08cd586e84373c021e8ec9b990d8dae-600x219.png 600w\" sizes=\"(max-width: 726px) 100vw, 726px\" \/><\/p>\n<h4>Dettagli di pagamento:<\/h4>\n<p>Supportiamo il pagamento tramite bonifico bancario o Western Union, siamo una fabbrica di vaporizzatori dalla Cina, <span style=\"color: #ff0000\">non supportiamo il pagamento alla consegna.<\/span><\/p>\n<p>Tutti i prodotti nel nostro negozio sono originali e autentici al 100%, quindi il risarcimento dieci volte superiore per merce contraffatta \u00e8 la politica del nostro negozio.<\/p>\n<h3>Servizio post-vendita:<\/h3>\n<p><span style=\"color: #ff0000\">Avviso: nessun rimborso o cambio per problemi non legati alla qualit\u00e0<br \/>\n<\/span><\/p>\n<h4>Contattami subito per l'ingrosso!<\/h4>\n<p>\u2705Fabbrica originale all'ingrosso Whatsapp:<a href=\"https:\/\/wa.me\/8618077105750\">+8618077105750<\/a><\/p>\n<p>\u2705 Grossisti e rivenditori sono i benvenuti per personalizzare gli ordini<br \/>\n\u2705 Forniamo prodotti di altissima qualit\u00e0 e i servizi pi\u00f9 professionali.<\/p>\n<p><img decoding=\"async\" class=\"alignnone size-full wp-image-2638\" src=\"https:\/\/vapehosale.com\/wp-content\/uploads\/2023\/09\/885301ea6f5e0b91f5ab2b1c85e665c.png\" alt=\"Fabbrica RandM\" width=\"670\" height=\"658\" srcset=\"https:\/\/vapehosale.com\/wp-content\/uploads\/2023\/09\/885301ea6f5e0b91f5ab2b1c85e665c.png 670w, https:\/\/vapehosale.com\/wp-content\/uploads\/2023\/09\/885301ea6f5e0b91f5ab2b1c85e665c-300x295.png 300w, https:\/\/vapehosale.com\/wp-content\/uploads\/2023\/09\/885301ea6f5e0b91f5ab2b1c85e665c-600x589.png 600w\" sizes=\"(max-width: 670px) 100vw, 670px\" \/><\/p>\n<p>&nbsp;<\/p>","protected":false},"excerpt":{"rendered":"<p>UZY 20000 Puffs attraverso la funzione di flusso d'aria regolabile, puoi regolare la concentrazione e il gusto del fumo in base alle tue preferenze per creare l'esperienza di fumo pi\u00f9 adatta. Che tu sia un principiante o un utente esperto, UZY 20000 Puffs pu\u00f2 fornire un'esperienza d'uso fluida e personalizzata, rendendolo la scelta migliore per migliorare la tua esperienza di svapo.<span style=\"color: #ff0000\">Il prezzo del sito web non include il costo di spedizione<\/span><\/p>\n<p><span style=\"color: #ff0000\">contattami per un ordine minimo di soli 100 pezzi! non vendo sotto i 100 pezzi, <\/span>Solo all'ingrosso!<\/p>\n<p><img decoding=\"async\" class=\"alignnone size-medium wp-image-2638\" src=\"https:\/\/vapehosale.com\/wp-content\/uploads\/2023\/09\/885301ea6f5e0b91f5ab2b1c85e665c-300x295.png\" alt=\"Fabbrica RandM\" width=\"300\" height=\"295\" srcset=\"https:\/\/vapehosale.com\/wp-content\/uploads\/2023\/09\/885301ea6f5e0b91f5ab2b1c85e665c-300x295.png 300w, https:\/\/vapehosale.com\/wp-content\/uploads\/2023\/09\/885301ea6f5e0b91f5ab2b1c85e665c-600x589.png 600w, https:\/\/vapehosale.com\/wp-content\/uploads\/2023\/09\/885301ea6f5e0b91f5ab2b1c85e665c.png 670w\" sizes=\"(max-width: 300px) 100vw, 300px\" \/><\/p>\n<p>&nbsp;<\/p>","protected":false},"featured_media":2717,"comment_status":"open","ping_status":"closed","template":"","meta":{"_uag_custom_page_level_css":"","_lmt_disableupdate":"no","_lmt_disable":"","site-sidebar-layout":"default","site-content-layout":"","ast-site-content-layout":"default","site-content-style":"default","site-sidebar-style":"default","ast-global-header-display":"","ast-banner-title-visibility":"","ast-main-header-display":"","ast-hfb-above-header-display":"","ast-hfb-below-header-display":"","ast-hfb-mobile-header-display":"","site-post-title":"","ast-breadcrumbs-content":"","ast-featured-img":"","footer-sml-layout":"","theme-transparent-header-meta":"default","adv-header-id-meta":"","stick-header-meta":"","header-above-stick-meta":"","header-main-stick-meta":"","header-below-stick-meta":"","astra-migrate-meta-layouts":"set","_joinchat":[]},"product_cat":[90,41,55,150,15],"product_tag":[76,35,33],"class_list":["post-2716","product","type-product","status-publish","has-post-thumbnail","hentry","product_cat-20k-vape","product_cat-europe-hot-sale-vape","product_cat-minimum-order-quantity-50pcs","product_cat-uzy-vape","product_cat-vape-shop-wholesale","product_tag-airflow-control-vape","product_tag-rechargeable-disposable-device","product_tag-rgb-light-disposable-vape","desktop-align-left","tablet-align-left","mobile-align-left"],"yoast_head":"<!-- This site is optimized with the Yoast SEO plugin v21.1 - https:\/\/yoast.com\/wordpress\/plugins\/seo\/ -->\n<title>UZY Tornado 20000 Puffs Disposable Vape - Vape Wholesale<\/title>\n<meta name=\"description\" content=\"Wholesale UZY Tornado 20000 Puffs Disposable Vape wholesale with a wide selection and competitive pricing, Fast shipping available\u2014check our stock now!\" \/>\n<meta name=\"robots\" content=\"index, follow, max-snippet:-1, max-image-preview:large, max-video-preview:-1\" \/>\n<link rel=\"canonical\" href=\"https:\/\/vapehosale.com\/it\/product\/uzy-tornado-20000-puffs-disposable-vape\/\" \/>\n<meta property=\"og:locale\" content=\"it_IT\" \/>\n<meta property=\"og:type\" content=\"article\" \/>\n<meta property=\"og:title\" content=\"UZY Tornado 20000 Puffs Disposable Vape - Vape Wholesale\" \/>\n<meta property=\"og:description\" content=\"Wholesale UZY Tornado 20000 Puffs Disposable Vape wholesale with a wide selection and competitive pricing, Fast shipping available\u2014check our stock now!\" \/>\n<meta property=\"og:url\" content=\"https:\/\/vapehosale.com\/it\/product\/uzy-tornado-20000-puffs-disposable-vape\/\" \/>\n<meta property=\"og:site_name\" content=\"Vape Wholesale\" \/>\n<meta property=\"article:modified_time\" content=\"2025-08-11T09:01:06+00:00\" \/>\n<meta property=\"og:image\" content=\"https:\/\/vapehosale.com\/wp-content\/uploads\/2024\/08\/20k-vape-UZY-tornado-Vape-wholesale-price.jpg\" \/>\n\t<meta property=\"og:image:width\" content=\"1000\" \/>\n\t<meta property=\"og:image:height\" content=\"1000\" \/>\n\t<meta property=\"og:image:type\" content=\"image\/jpeg\" \/>\n<meta name=\"twitter:card\" content=\"summary_large_image\" \/>\n<meta name=\"twitter:label1\" content=\"Tempo di lettura stimato\" \/>\n\t<meta name=\"twitter:data1\" content=\"3 minuti\" \/>\n<script type=\"application\/ld+json\" class=\"yoast-schema-graph\">{\"@context\":\"https:\/\/schema.org\",\"@graph\":[{\"@type\":\"WebPage\",\"@id\":\"https:\/\/vapehosale.com\/product\/uzy-tornado-20000-puffs-disposable-vape\/\",\"url\":\"https:\/\/vapehosale.com\/product\/uzy-tornado-20000-puffs-disposable-vape\/\",\"name\":\"UZY Tornado 20000 Puffs Disposable Vape - Vape Wholesale\",\"isPartOf\":{\"@id\":\"https:\/\/vapehosale.com\/#website\"},\"datePublished\":\"2024-08-28T09:28:35+00:00\",\"dateModified\":\"2025-08-11T09:01:06+00:00\",\"description\":\"Wholesale UZY Tornado 20000 Puffs Disposable Vape wholesale with a wide selection and competitive pricing, Fast shipping available\u2014check our stock now!\",\"breadcrumb\":{\"@id\":\"https:\/\/vapehosale.com\/product\/uzy-tornado-20000-puffs-disposable-vape\/#breadcrumb\"},\"inLanguage\":\"it-IT\",\"potentialAction\":[{\"@type\":\"ReadAction\",\"target\":[\"https:\/\/vapehosale.com\/product\/uzy-tornado-20000-puffs-disposable-vape\/\"]}]},{\"@type\":\"BreadcrumbList\",\"@id\":\"https:\/\/vapehosale.com\/product\/uzy-tornado-20000-puffs-disposable-vape\/#breadcrumb\",\"itemListElement\":[{\"@type\":\"ListItem\",\"position\":1,\"name\":\"Home\",\"item\":\"https:\/\/vapehosale.com\/\"},{\"@type\":\"ListItem\",\"position\":2,\"name\":\"Best Sell Vapes\",\"item\":\"https:\/\/vapehosale.com\/vape-shop\/\"},{\"@type\":\"ListItem\",\"position\":3,\"name\":\"UZY Tornado 20000 Puffs Disposable Vape\"}]},{\"@type\":\"WebSite\",\"@id\":\"https:\/\/vapehosale.com\/#website\",\"url\":\"https:\/\/vapehosale.com\/\",\"name\":\"Vape Wholesale\",\"description\":\"Buy Vape Wholesale Price Near you\",\"potentialAction\":[{\"@type\":\"SearchAction\",\"target\":{\"@type\":\"EntryPoint\",\"urlTemplate\":\"https:\/\/vapehosale.com\/?s={search_term_string}\"},\"query-input\":\"required name=search_term_string\"}],\"inLanguage\":\"it-IT\"}]}<\/script>\n<!-- \/ Yoast SEO plugin. -->","yoast_head_json":{"title":"UZY Tornado 20000 Puffs Disposable Vape - Vape Wholesale","description":"Wholesale UZY Tornado 20000 Puffs Disposable Vape wholesale with a wide selection and competitive pricing, Fast shipping available\u2014check our stock now!","robots":{"index":"index","follow":"follow","max-snippet":"max-snippet:-1","max-image-preview":"max-image-preview:large","max-video-preview":"max-video-preview:-1"},"canonical":"https:\/\/vapehosale.com\/it\/product\/uzy-tornado-20000-puffs-disposable-vape\/","og_locale":"it_IT","og_type":"article","og_title":"UZY Tornado 20000 Puffs Disposable Vape - Vape Wholesale","og_description":"Wholesale UZY Tornado 20000 Puffs Disposable Vape wholesale with a wide selection and competitive pricing, Fast shipping available\u2014check our stock now!","og_url":"https:\/\/vapehosale.com\/it\/product\/uzy-tornado-20000-puffs-disposable-vape\/","og_site_name":"Vape Wholesale","article_modified_time":"2025-08-11T09:01:06+00:00","og_image":[{"width":1000,"height":1000,"url":"https:\/\/vapehosale.com\/wp-content\/uploads\/2024\/08\/20k-vape-UZY-tornado-Vape-wholesale-price.jpg","type":"image\/jpeg"}],"twitter_card":"summary_large_image","twitter_misc":{"Tempo di lettura stimato":"3 minuti"},"schema":{"@context":"https:\/\/schema.org","@graph":[{"@type":"WebPage","@id":"https:\/\/vapehosale.com\/product\/uzy-tornado-20000-puffs-disposable-vape\/","url":"https:\/\/vapehosale.com\/product\/uzy-tornado-20000-puffs-disposable-vape\/","name":"UZY Tornado 20000 Puffs Disposable Vape - Vape Wholesale","isPartOf":{"@id":"https:\/\/vapehosale.com\/#website"},"datePublished":"2024-08-28T09:28:35+00:00","dateModified":"2025-08-11T09:01:06+00:00","description":"Wholesale UZY Tornado 20000 Puffs Disposable Vape wholesale with a wide selection and competitive pricing, Fast shipping available\u2014check our stock now!","breadcrumb":{"@id":"https:\/\/vapehosale.com\/product\/uzy-tornado-20000-puffs-disposable-vape\/#breadcrumb"},"inLanguage":"it-IT","potentialAction":[{"@type":"ReadAction","target":["https:\/\/vapehosale.com\/product\/uzy-tornado-20000-puffs-disposable-vape\/"]}]},{"@type":"BreadcrumbList","@id":"https:\/\/vapehosale.com\/product\/uzy-tornado-20000-puffs-disposable-vape\/#breadcrumb","itemListElement":[{"@type":"ListItem","position":1,"name":"Home","item":"https:\/\/vapehosale.com\/"},{"@type":"ListItem","position":2,"name":"Best Sell Vapes","item":"https:\/\/vapehosale.com\/vape-shop\/"},{"@type":"ListItem","position":3,"name":"UZY Tornado 20000 Puffs Disposable Vape"}]},{"@type":"WebSite","@id":"https:\/\/vapehosale.com\/#website","url":"https:\/\/vapehosale.com\/","name":"Vape Wholesale","description":"Buy Vape Wholesale Price Near you","potentialAction":[{"@type":"SearchAction","target":{"@type":"EntryPoint","urlTemplate":"https:\/\/vapehosale.com\/?s={search_term_string}"},"query-input":"required name=search_term_string"}],"inLanguage":"it-IT"}]}},"uagb_featured_image_src":{"full":["https:\/\/vapehosale.com\/wp-content\/uploads\/2024\/08\/20k-vape-UZY-tornado-Vape-wholesale-price.jpg",1000,1000,false],"thumbnail":["https:\/\/vapehosale.com\/wp-content\/uploads\/2024\/08\/20k-vape-UZY-tornado-Vape-wholesale-price-150x150.jpg",150,150,true],"medium":["https:\/\/vapehosale.com\/wp-content\/uploads\/2024\/08\/20k-vape-UZY-tornado-Vape-wholesale-price-300x300.jpg",300,300,true],"medium_large":["https:\/\/vapehosale.com\/wp-content\/uploads\/2024\/08\/20k-vape-UZY-tornado-Vape-wholesale-price-768x768.jpg",768,768,true],"large":["https:\/\/vapehosale.com\/wp-content\/uploads\/2024\/08\/20k-vape-UZY-tornado-Vape-wholesale-price.jpg",1000,1000,false],"1536x1536":["https:\/\/vapehosale.com\/wp-content\/uploads\/2024\/08\/20k-vape-UZY-tornado-Vape-wholesale-price.jpg",1000,1000,false],"2048x2048":["https:\/\/vapehosale.com\/wp-content\/uploads\/2024\/08\/20k-vape-UZY-tornado-Vape-wholesale-price.jpg",1000,1000,false],"trp-custom-language-flag":["https:\/\/vapehosale.com\/wp-content\/uploads\/2024\/08\/20k-vape-UZY-tornado-Vape-wholesale-price.jpg",12,12,false],"woocommerce_thumbnail":["https:\/\/vapehosale.com\/wp-content\/uploads\/2024\/08\/20k-vape-UZY-tornado-Vape-wholesale-price-300x300.jpg",300,300,true],"woocommerce_single":["https:\/\/vapehosale.com\/wp-content\/uploads\/2024\/08\/20k-vape-UZY-tornado-Vape-wholesale-price-600x600.jpg",600,600,true],"woocommerce_gallery_thumbnail":["https:\/\/vapehosale.com\/wp-content\/uploads\/2024\/08\/20k-vape-UZY-tornado-Vape-wholesale-price-100x100.jpg",100,100,true],"wcpr-photo-reviews":["https:\/\/vapehosale.com\/wp-content\/uploads\/2024\/08\/20k-vape-UZY-tornado-Vape-wholesale-price.jpg",500,500,false]},"uagb_author_info":{"display_name":"Vicky hosale","author_link":"https:\/\/vapehosale.com\/it\/author\/"},"uagb_comment_info":0,"uagb_excerpt":"UZY 20000 Puffs through the adjustable airflow function, you can adjust the concentration and taste of the smoke according to your preferences to create the most suitable smoking experience. Whether you are a novice or an experienced user, UZY 20000 Puffs can provide a smooth and personalized use experience, making it the best choice to&hellip;","_links":{"self":[{"href":"https:\/\/vapehosale.com\/it\/wp-json\/wp\/v2\/product\/2716","targetHints":{"allow":["GET"]}}],"collection":[{"href":"https:\/\/vapehosale.com\/it\/wp-json\/wp\/v2\/product"}],"about":[{"href":"https:\/\/vapehosale.com\/it\/wp-json\/wp\/v2\/types\/product"}],"replies":[{"embeddable":true,"href":"https:\/\/vapehosale.com\/it\/wp-json\/wp\/v2\/comments?post=2716"}],"wp:featuredmedia":[{"embeddable":true,"href":"https:\/\/vapehosale.com\/it\/wp-json\/wp\/v2\/media\/2717"}],"wp:attachment":[{"href":"https:\/\/vapehosale.com\/it\/wp-json\/wp\/v2\/media?parent=2716"}],"wp:term":[{"taxonomy":"product_cat","embeddable":true,"href":"https:\/\/vapehosale.com\/it\/wp-json\/wp\/v2\/product_cat?post=2716"},{"taxonomy":"product_tag","embeddable":true,"href":"https:\/\/vapehosale.com\/it\/wp-json\/wp\/v2\/product_tag?post=2716"}],"curies":[{"name":"wp","href":"https:\/\/api.w.org\/{rel}","templated":true}]}}