{"id":6725,"date":"2026-05-11T03:55:42","date_gmt":"2026-05-11T03:55:42","guid":{"rendered":"https:\/\/vapehosale.com\/?post_type=product&#038;p=6725"},"modified":"2026-05-11T09:36:42","modified_gmt":"2026-05-11T09:36:42","slug":"vapme-digital-box-50000-puffs-disposable-vape","status":"publish","type":"product","link":"https:\/\/vapehosale.com\/hu\/product\/vapme-digital-box-50000-puffs-disposable-vape\/","title":{"rendered":"Vapme Digital Box 50K Puffs Eldobhat\u00f3 Vape"},"content":{"rendered":"<h2>T\u00f6rj a hat\u00e1rokon t\u00fal: Ak\u00e1r 50000 p\u00f6ffen\u00e9s p\u00e1ratlan teljes\u00edtm\u00e9nnyel<\/h2>\n<p data-start=\"117\" data-end=\"386\">A Vapme Digit\u00e1lis Doboz 50K P\u00f6ffen\u00e9s t\u00f6bb, mint egy eldobhat\u00f3 vape. Egy \u00faj m\u00e9rc\u00e9t \u00e1ll\u00edt az ultra-hossz\u00fa \u00e9lettartam\u00fa vapel\u00e9s teljes\u00edtm\u00e9ny\u00e9ben. Fejlett e-folyad\u00e9k szab\u00e1lyoz\u00f3 rendszerrel felszerelve, ez a nagy kapacit\u00e1s\u00fa k\u00e9sz\u00fcl\u00e9k ak\u00e1r 50 000 sima \u00e9s \u00edzes p\u00f6ffen\u00e9st ny\u00fajt.<\/p>\n<p data-start=\"388\" data-end=\"584\">Ak\u00e1r utazol, ing\u00e1zol, vagy eg\u00e9sz nap haszn\u00e1lod a Vapme Digit\u00e1lis Doboz 50K Vape-et, a Vapme Digit\u00e1lis Doboz 50K \u00fagy lett tervezve, hogy hetekig vagy ak\u00e1r h\u00f3napokig is kitartson, megsz\u00fcntetve a gyakori cser\u00e9k sz\u00fcks\u00e9gess\u00e9g\u00e9t.<br \/>\n<img decoding=\"async\" class=\"alignnone size-full wp-image-6723\" src=\"https:\/\/vapehosale.com\/wp-content\/uploads\/2026\/05\/Best-Vapme-Digital-Box-50k-flavors-list.webp\" alt=\"A legjobb Vapme Digital Box 50k \u00edzek list\u00e1ja\" width=\"1000\" height=\"666\" srcset=\"https:\/\/vapehosale.com\/wp-content\/uploads\/2026\/05\/Best-Vapme-Digital-Box-50k-flavors-list.webp 1000w, https:\/\/vapehosale.com\/wp-content\/uploads\/2026\/05\/Best-Vapme-Digital-Box-50k-flavors-list-300x200.webp 300w, https:\/\/vapehosale.com\/wp-content\/uploads\/2026\/05\/Best-Vapme-Digital-Box-50k-flavors-list-768x511.webp 768w, https:\/\/vapehosale.com\/wp-content\/uploads\/2026\/05\/Best-Vapme-Digital-Box-50k-flavors-list-18x12.webp 18w, https:\/\/vapehosale.com\/wp-content\/uploads\/2026\/05\/Best-Vapme-Digital-Box-50k-flavors-list-600x400.webp 600w\" sizes=\"(max-width: 1000px) 100vw, 1000px\" \/><\/p>\n<h3 data-start=\"388\" data-end=\"584\">vapme digit\u00e1lis doboz 50k M\u0171szaki Adatok<\/h3>\n<table>\n<thead>\n<tr>\n<th>Specifik\u00e1ci\u00f3<\/th>\n<th>R\u00e9szletek<\/th>\n<\/tr>\n<\/thead>\n<tbody>\n<tr>\n<td>M\u00e1rka<\/td>\n<td>Vapme<\/td>\n<\/tr>\n<tr>\n<td>Modell<\/td>\n<td>Digit\u00e1lis Doboz 50000<\/td>\n<\/tr>\n<tr>\n<td>Puffsz\u00e1m<\/td>\n<td>Ak\u00e1r 50 000 slukk<\/td>\n<\/tr>\n<tr>\n<td>Nikotiner\u0151ss\u00e9g<\/td>\n<td>\u00a02%, 5% nikotins\u00f3<\/td>\n<\/tr>\n<tr>\n<td>E-liquid kapacit\u00e1s<\/td>\n<td>Nagy el\u0151re felt\u00f6lt\u00f6tt e-folyad\u00e9k tart\u00e1ly<\/td>\n<\/tr>\n<tr>\n<td>Akkumul\u00e1tor kapacit\u00e1sa<\/td>\n<td>650mAh tiszta kobalt \u00fajrat\u00f6lthet\u0151 akkumul\u00e1tor<\/td>\n<\/tr>\n<tr>\n<td>T\u00f6lt\u0151port<\/td>\n<td>USB Type-C gyorst\u00f6lt\u00e9s<\/td>\n<\/tr>\n<tr>\n<td>Tekercs t\u00edpusa<\/td>\n<td>Az 1,0\u03a9-os kett\u0151s h\u00e1l\u00f3s tekercs<\/td>\n<\/tr>\n<tr>\n<td>Kijelz\u0151<\/td>\n<td>LED digit\u00e1lis k\u00e9perny\u0151<\/td>\n<\/tr>\n<tr>\n<td>Vapel\u00e9si St\u00edlus<\/td>\n<td>MTL (Sz\u00e1jb\u00f3l a t\u00fcd\u0151re)<\/td>\n<\/tr>\n<\/tbody>\n<\/table>\n<h3>Vapme Digit\u00e1lis Doboz 50K P\u00f6ffen\u00e9s \u00cdzlista<\/h3>\n<p>1. \u00c1fonya M\u00e1lna J\u00e9g<br \/>\n2. Meggy J\u00e9g<br \/>\n3. Kiwi Maracuja Guava<br \/>\n4. Eper J\u00e9g<br \/>\n5. Eper Kiwi<br \/>\n6. Eper Red Bull<br \/>\n7. Eper G\u00f6r\u00f6gdinnye<br \/>\n8.G\u00f6r\u00f6gdinnye J\u00e9g<br \/>\n9. L\u00e9d\u00fas \u0150szibarack J\u00e9g<br \/>\n10. Szerelem 66<br \/>\n11. \u0150szibarack mang\u00f3 anan\u00e1sz<br \/>\n12. K\u00e9k razz limon\u00e1d\u00e9<br \/>\n13.Cseresznye k\u00f3la<br \/>\n14. Tr\u00f3pusi Gy\u00fcm\u00f6lcs Punch<br \/>\n15. Triple Melon j\u00e9g<br \/>\n16. Eper ban\u00e1n tejshake<br \/>\n17. Mr blue<br \/>\n18.Eper m\u00e1lna cukorka<br \/>\n19. G\u00f6r\u00f6gdinnye kiwi j\u00e9g<br \/>\n20. \u00c1fonya, v\u00f6r\u00f6s\u00e1fonya, cseresznye<\/p>\n<h3><a href=\"https:\/\/vapehosale.com\/hu\/product-category\/vapme-vape\/\"><strong class=\"Yjhzub\" data-sfc-root=\"c\" data-sfc-cb=\"\" data-complete=\"true\">Vapme egyszer haszn\u00e1latos vape nagykereskedelem <\/strong><\/a>Nagykeresked\u0151 kapcsolat<\/h3>\n<p>\u2709\ufe0f E-mail: vicky@essenvape.com<br \/>\n\ud83d\udcde Whatsapp\/Telefon sz\u00e1m: <a href=\"https:\/\/wa.me\/8618077105750\">+8618077105750<\/a><br \/>\n\ud83d\udd58 Nyitvatart\u00e1si id\u0151: 9:00 \u2013 18:00<br \/>\n\ud83d\udccd Helysz\u00edn: Shenzhen<\/p>\n<p>\u2705Nagykeresked\u0151ket \u00e9s keresked\u0151ket egyar\u00e1nt sz\u00edvesen l\u00e1tunk, egyedi megrendel\u00e9sekre is van lehet\u0151s\u00e9g<br \/>\n\u2705A legmagasabb min\u0151s\u00e9g\u0171 term\u00e9keket \u00e9s a legprofesszion\u00e1lisabb szolg\u00e1ltat\u00e1sokat k\u00edn\u00e1ljuk.<\/p>\n<p><img decoding=\"async\" class=\"alignnone size-full wp-image-2638\" src=\"https:\/\/vapehosale.com\/wp-content\/uploads\/2023\/09\/885301ea6f5e0b91f5ab2b1c85e665c.png\" alt=\"RandM Gy\u00e1r\" width=\"670\" height=\"658\" srcset=\"https:\/\/vapehosale.com\/wp-content\/uploads\/2023\/09\/885301ea6f5e0b91f5ab2b1c85e665c.png 670w, https:\/\/vapehosale.com\/wp-content\/uploads\/2023\/09\/885301ea6f5e0b91f5ab2b1c85e665c-300x295.png 300w, https:\/\/vapehosale.com\/wp-content\/uploads\/2023\/09\/885301ea6f5e0b91f5ab2b1c85e665c-600x589.png 600w\" sizes=\"(max-width: 670px) 100vw, 670px\" \/><\/p>\n<h2 data-start=\"2346\" data-end=\"2384\">Mi\u00e9rt v\u00e1lassza a Vapme 50K okos kijelz\u0151s vape-et?<\/h2>\n<ol data-start=\"2386\" data-end=\"2653\">\n<li data-start=\"2386\" data-end=\"2423\">Ak\u00e1r 50 000 sz\u00edv\u00e1s hosszabb haszn\u00e1latra<\/li>\n<li data-start=\"2424\" data-end=\"2478\">Okos LED kijelz\u0151 az akkumul\u00e1tor \u00e9s az e-liquid monitoroz\u00e1s\u00e1hoz<\/li>\n<li data-start=\"2479\" data-end=\"2524\">Du\u00e1l h\u00e1l\u00f3s tekercs a kiv\u00e1l\u00f3 \u00edz\u00e1tad\u00e1s\u00e9rt<\/li>\n<li data-start=\"2525\" data-end=\"2575\">\u00dajrat\u00f6lthet\u0151 650mAh akkumul\u00e1tor Type-C t\u00f6lt\u00e9ssel<\/li>\n<li data-start=\"2576\" data-end=\"2612\">T\u00f6bb nikotinszint opci\u00f3<\/li>\n<li data-start=\"2613\" data-end=\"2653\">Kompakt kialak\u00edt\u00e1s pr\u00e9mium ergon\u00f3mi\u00e1val<\/li>\n<\/ol>\n<h3><strong>Csomag tartalma:<\/strong><\/h3>\n<p>1 x Solaris 30k szippant\u00e1s eldobhat\u00f3 vape Don Leon 1942<\/p>\n<h2 data-start=\"591\" data-end=\"649\">Okos Digit\u00e1lis Kijelz\u0151: Val\u00f3s idej\u0171 monitoroz\u00e1s egy pillant\u00e1ssal<\/h2>\n<p data-start=\"651\" data-end=\"762\">Vapme Doboz St\u00edlus\u00fa 50000 Sz\u00edv\u00e1s integr\u00e1lt nagyfelbont\u00e1s\u00fa digit\u00e1lis kijelz\u0151vel, amely teljes ir\u00e1ny\u00edt\u00e1st ad a vaping \u00e9lm\u00e9ny felett azzal, hogy megjelen\u00edti:<\/p>\n<ol data-start=\"764\" data-end=\"818\">\n<li data-start=\"764\" data-end=\"791\">E-liquid szint sz\u00e1zal\u00e9kos \u00e9rt\u00e9ke<\/li>\n<li data-start=\"792\" data-end=\"818\">Akkumul\u00e1tor szint sz\u00e1zal\u00e9kos \u00e9rt\u00e9ke<\/li>\n<\/ol>\n<p data-start=\"820\" data-end=\"916\">Pontos val\u00f3s idej\u0171 adatokkal mindig tudja, mikor kell \u00fajrat\u00f6lteni vagy cser\u00e9lni az eszk\u00f6zt.<\/p>\n<h2 data-start=\"923\" data-end=\"980\">Du\u00e1l h\u00e1l\u00f3s tekercstechnol\u00f3gia: fokozott \u00edz\u00e1lland\u00f3s\u00e1g<\/h2>\n<p data-start=\"982\" data-end=\"1086\">Vapme Dual Mesh 50000 Puffs Vape egy 1.0\u03a9-os du\u00e1l h\u00e1l\u00f3s tekercsrendszert alkalmaz, amely gyors \u00e9s egyenletes hev\u00edt\u00e9st biztos\u00edt.<\/p>\n<p data-start=\"1088\" data-end=\"1219\">Hagyom\u00e1nyos egyszem\u00e9lyes tekercshez k\u00e9pest a du\u00e1l h\u00e1l\u00f3s szerkezet n\u00f6veli az atomiz\u00e1ci\u00f3 hat\u00e9konys\u00e1g\u00e1t ak\u00e1r 50%-ig, ami eredm\u00e9nyezi:<\/p>\n<ol data-start=\"1221\" data-end=\"1358\">\n<li data-start=\"1221\" data-end=\"1248\">Er\u0151sebb \u00edzintenzit\u00e1s<\/li>\n<li data-start=\"1249\" data-end=\"1276\">Sim\u00e1bb g\u0151zk\u00e9pz\u00e9s<\/li>\n<li data-start=\"1277\" data-end=\"1306\">Kiegyens\u00falyozottabb teljes\u00edtm\u00e9ny<\/li>\n<li data-start=\"1307\" data-end=\"1358\">Fejlesztett \u00edzmeg\u0151rz\u00e9s az els\u0151 sz\u00edv\u00e1st\u00f3l az utols\u00f3ig<\/li>\n<\/ol>\n<p data-start=\"1360\" data-end=\"1448\">\u00c9des gy\u00fcm\u00f6lcskever\u00e9kekt\u0151l a jeges mentolos profilokig minden bel\u00e9gz\u00e9s gazdag \u00e9s kiegyens\u00falyozott marad.<\/p>\n<h2 data-start=\"1455\" data-end=\"1491\">Ergonomikus \u00e9s hordozhat\u00f3 doboz kialak\u00edt\u00e1s<\/h2>\n<p data-start=\"1493\" data-end=\"1598\">Massz\u00edv puff-kapacit\u00e1sa ellen\u00e9re a Vapme Box Style 50000 Puffs kompakt \u00e9s k\u00e9nyelmes form\u00e1t tart fenn.<\/p>\n<p data-start=\"1600\" data-end=\"1628\">A f\u0151 tervez\u00e9si el\u0151ny\u00f6k k\u00f6z\u00e9 tartozik:<\/p>\n<ul data-start=\"1630\" data-end=\"1759\">\n<li data-start=\"1630\" data-end=\"1658\">Cs\u00fasz\u00e1smentes textur\u00e1lt k\u00fcls\u0151<\/li>\n<li data-start=\"1659\" data-end=\"1688\">K\u00e9nyelmes lapos sz\u00e1jr\u00e9sz<\/li>\n<li data-start=\"1689\" data-end=\"1716\">Zsebbar\u00e1t doboz forma<\/li>\n<li data-start=\"1717\" data-end=\"1759\">Optimaliz\u00e1lt sz\u00e1j- \u00e9s t\u00fcd\u0151 (MTL) sz\u00edv\u00e1sra<\/li>\n<\/ul>\n<p data-start=\"1761\" data-end=\"1833\">A Vapme Smart Display egyszer haszn\u00e1latos vape k\u00e9nyelmes \u00e9s biztons\u00e1gos fog\u00e1st biztos\u00edt hosszabb haszn\u00e1lat sor\u00e1n.<\/p>\n<p>Term\u00e9kkatal\u00f3gus\u00e9rt l\u00e9pjen kapcsolatba:<a href=\"https:\/\/wa.me\/8618077105750\">V\u00e1s\u00e1roljon most, n\u00e9zze meg a nagykereskedelmi \u00e1rakat<\/a><br \/>\nM\u00e1s n\u00e9pszer\u0171 vape term\u00e9kek, amelyekre sz\u00fcks\u00e9ge lehet<\/p>\n<p><a href=\"https:\/\/vapehosale.com\/hu\/product-category\/vapme-vape\/\">Vapme Vape a k\u00f6zelemben\ud83d\udc48\ud83c\udffb<\/a><br \/>\n<a href=\"https:\/\/vapehosale.com\/hu\/product-category\/wholesale-50k-puffs-disposable-vape\/\"><strong class=\"Yjhzub\" data-sfc-root=\"c\" data-sfc-cb=\"\" data-complete=\"true\">Eldobhat\u00f3 Vape 50000 slukk<\/strong><\/a><\/p>\n<p><a href=\"https:\/\/vapehosale.com\/hu\/product-category\/disposable-vape-in-european-warehouse\/\">K\u00e9rje az EU rakt\u00e1ron l\u00e9v\u0151 eldobhat\u00f3 vape katal\u00f3gusunkat itt\ud83d\udc48\ud83c\udffb<\/a><\/p>\n<h4>Sz\u00e1ll\u00edt\u00e1si id\u0151:<\/h4>\n<p>K\u00ednai rakt\u00e1rb\u00f3l sz\u00e1ll\u00edtva<\/p>\n<p>1. Gy\u00e1rt\u00e1si id\u0151: 5 munkanapon bel\u00fcl elk\u00fcldj\u00fck (a fizet\u00e9s be\u00e9rkez\u00e9se ut\u00e1n)<\/p>\n<p>2. Sz\u00e1ll\u00edt\u00e1si id\u0151: 10-14 nap (\u00fcnnepek \u00e9s v\u00e1mvizsg\u00e1lat eset\u00e9n a sz\u00e1ll\u00edt\u00e1si id\u0151 k\u00e9shet)<\/p>\n<h4>Fizet\u00e9si m\u00f3dok:<\/h4>\n<p>1. banki \u00e1tutal\u00e1s\/western union\/wise\/revolut\/postepay \u2705<span style=\"color: #ff0000\"><span class=\"x1rg5ohu x16dsc37 x19la9d6 x1fc57z9 x6ikm8r x10wlt62 x19co3pv x11tp94h xw4jnvo x1qx5ct2 xfibh0p xiy17q3 x1xsqp64 x1lkfr7t xexx8yu xyri2b x18d9i69 x1c1uobl\"><span class=\"xrtxmta x1bhl96m\"><br \/>\n<\/span><\/span><\/span><span class=\"x1rg5ohu x16dsc37 x19la9d6 x1fc57z9 x6ikm8r x10wlt62 x19co3pv x11tp94h xw4jnvo x1qx5ct2 xfibh0p xiy17q3 x1xsqp64 x1lkfr7t xexx8yu xyri2b x18d9i69 x1c1uobl\"><span class=\"xrtxmta x1bhl96m\">2.<\/span><\/span><span class=\"x1rg5ohu x16dsc37 x19la9d6 x1fc57z9 x6ikm8r x10wlt62 x19co3pv x11tp94h xw4jnvo x1qx5ct2 xfibh0p xiy17q3 x1xsqp64 x1lkfr7t xexx8yu xyri2b x18d9i69 x1c1uobl\"><span class=\"xrtxmta x1bhl96m\">sz\u00e1mla ki\u00e1ll\u00edtva<br \/>\nproforma sz\u00e1mla\u27a1\ufe0fc\u00e9g banksz\u00e1mla\u27a1\ufe0fsz\u00e1ml\u00e1z\u00e1si adatok<br \/>\n3. nem t\u00e1mogatott <span style=\"color: #ff0000\">ut\u00e1nv\u00e9tes fizet\u00e9s<\/span> m\u00e9g\u274c<br \/>\n<\/span><\/span><\/p>\n<p>\u00dczlet\u00fcnkben minden term\u00e9k 100% eredeti \u00e9s hiteles, \u00edgy a hamis term\u00e9kek\u00e9rt t\u00edzszeres k\u00e1rt\u00e9r\u00edt\u00e9s j\u00e1r.<\/p>\n<h5><span style=\"color: #ff0000\">Minim\u00e1lis rendel\u00e9s 50 db<\/span><\/h5>","protected":false},"excerpt":{"rendered":"<p data-start=\"2414\" data-end=\"2672\">A Vapme Digit\u00e1lis Doboz 50000 P\u00f6ffen\u00e9s egy nagy kapacit\u00e1s\u00fa eldobhat\u00f3 vape, amelyet azoknak a felhaszn\u00e1l\u00f3knak terveztek, akik maxim\u00e1lis tart\u00f3ss\u00e1got \u00e9s pr\u00e9mium teljes\u00edtm\u00e9nyt szeretn\u00e9nek. Okos LED kijelz\u0151vel rendelkezik, amely val\u00f3s id\u0151ben mutatja az akkumul\u00e1tor \u00e9s az e-folyad\u00e9k szintj\u00e9t, 1,0\u03a9 kett\u0151s mesh tekerccsel az \u00edz \u00e1lland\u00f3s\u00e1g\u00e1nak fokoz\u00e1s\u00e1ra, valamint 650mAh \u00fajrat\u00f6lthet\u0151 akkumul\u00e1torral \u00e9s Type-C gyors t\u00f6lt\u00e9ssel. El\u00e9rhet\u0151 2% \u00e9s 5% nikotiner\u0151ss\u00e9gben, ez a k\u00e9sz\u00fcl\u00e9k ak\u00e1r 50 000 p\u00f6ffen\u00e9st is biztos\u00edt kompakt \u00e9s ergonomikus doboz kialak\u00edt\u00e1sban.<br \/>\n<span style=\"color: #ff0000\">(az \u00e1r nem tartalmazza a sz\u00e1ll\u00edt\u00e1si k\u00f6lts\u00e9get)<\/span><\/p>\n<p><span style=\"color: #ff0000\">MOQ: 50 db, vedd fel Vickyt a Vozol nagykereskedelmi katal\u00f3gus\u00e9rt most<\/span><\/p>\n<p><img decoding=\"async\" class=\"alignnone size-medium wp-image-2638\" src=\"https:\/\/vapehosale.com\/wp-content\/uploads\/2023\/09\/885301ea6f5e0b91f5ab2b1c85e665c-300x295.png\" alt=\"RandM Gy\u00e1r\" width=\"300\" height=\"295\" srcset=\"https:\/\/vapehosale.com\/wp-content\/uploads\/2023\/09\/885301ea6f5e0b91f5ab2b1c85e665c-300x295.png 300w, https:\/\/vapehosale.com\/wp-content\/uploads\/2023\/09\/885301ea6f5e0b91f5ab2b1c85e665c-600x589.png 600w, https:\/\/vapehosale.com\/wp-content\/uploads\/2023\/09\/885301ea6f5e0b91f5ab2b1c85e665c.png 670w\" sizes=\"(max-width: 300px) 100vw, 300px\" \/><\/p>\n<p>&nbsp;<\/p>","protected":false},"featured_media":6719,"comment_status":"open","ping_status":"closed","template":"","meta":{"_uag_custom_page_level_css":"","_lmt_disableupdate":"no","_lmt_disable":"","site-sidebar-layout":"default","site-content-layout":"","ast-site-content-layout":"default","site-content-style":"default","site-sidebar-style":"default","ast-global-header-display":"","ast-banner-title-visibility":"","ast-main-header-display":"","ast-hfb-above-header-display":"","ast-hfb-below-header-display":"","ast-hfb-mobile-header-display":"","site-post-title":"","ast-breadcrumbs-content":"","ast-featured-img":"","footer-sml-layout":"","theme-transparent-header-meta":"default","adv-header-id-meta":"","stick-header-meta":"","header-above-stick-meta":"","header-main-stick-meta":"","header-below-stick-meta":"","astra-migrate-meta-layouts":"set","_joinchat":[]},"product_cat":[98,41,55,15,137],"product_tag":[35,53],"class_list":["post-6725","product","type-product","status-publish","has-post-thumbnail","hentry","product_cat-wholesale-50k-puffs-disposable-vape","product_cat-europe-hot-sale-vape","product_cat-minimum-order-quantity-50pcs","product_cat-vape-shop-wholesale","product_cat-vapme-vape","product_tag-rechargeable-disposable-device","product_tag-vapme-vape","desktop-align-left","tablet-align-left","mobile-align-left"],"yoast_head":"<!-- This site is optimized with the Yoast SEO plugin v21.1 - https:\/\/yoast.com\/wordpress\/plugins\/seo\/ -->\n<title>Vapme Digital Box 50K Puffs Disposable Vape - Vape Wholesale<\/title>\n<meta name=\"description\" content=\"Buy Vapme Digital Box 50000 Puffs with a smart LED display, dual mesh coil, 650mAh rechargeable battery, and Type-C charging for long-lasting flavor.\" \/>\n<meta name=\"robots\" content=\"index, follow, max-snippet:-1, max-image-preview:large, max-video-preview:-1\" \/>\n<link rel=\"canonical\" href=\"https:\/\/vapehosale.com\/hu\/product\/vapme-digital-box-50000-puffs-disposable-vape\/\" \/>\n<meta property=\"og:locale\" content=\"hu_HU\" \/>\n<meta property=\"og:type\" content=\"article\" \/>\n<meta property=\"og:title\" content=\"Vapme Digital Box 50K Puffs Disposable Vape - Vape Wholesale\" \/>\n<meta property=\"og:description\" content=\"Buy Vapme Digital Box 50000 Puffs with a smart LED display, dual mesh coil, 650mAh rechargeable battery, and Type-C charging for long-lasting flavor.\" \/>\n<meta property=\"og:url\" content=\"https:\/\/vapehosale.com\/hu\/product\/vapme-digital-box-50000-puffs-disposable-vape\/\" \/>\n<meta property=\"og:site_name\" content=\"Vape Wholesale\" \/>\n<meta property=\"article:modified_time\" content=\"2026-05-11T09:36:42+00:00\" \/>\n<meta property=\"og:image\" content=\"https:\/\/vapehosale.com\/wp-content\/uploads\/2026\/05\/Vapme-Digital-Box-50k-bulk-buy-discounts.webp\" \/>\n\t<meta property=\"og:image:width\" content=\"1000\" \/>\n\t<meta property=\"og:image:height\" content=\"1000\" \/>\n\t<meta property=\"og:image:type\" content=\"image\/webp\" \/>\n<meta name=\"twitter:card\" content=\"summary_large_image\" \/>\n<meta name=\"twitter:label1\" content=\"Becs\u00fclt olvas\u00e1si id\u0151\" \/>\n\t<meta name=\"twitter:data1\" content=\"3 perc\" \/>\n<script type=\"application\/ld+json\" class=\"yoast-schema-graph\">{\"@context\":\"https:\/\/schema.org\",\"@graph\":[{\"@type\":\"WebPage\",\"@id\":\"https:\/\/vapehosale.com\/product\/vapme-digital-box-50000-puffs-disposable-vape\/\",\"url\":\"https:\/\/vapehosale.com\/product\/vapme-digital-box-50000-puffs-disposable-vape\/\",\"name\":\"Vapme Digital Box 50K Puffs Disposable Vape - Vape Wholesale\",\"isPartOf\":{\"@id\":\"https:\/\/vapehosale.com\/#website\"},\"datePublished\":\"2026-05-11T03:55:42+00:00\",\"dateModified\":\"2026-05-11T09:36:42+00:00\",\"description\":\"Buy Vapme Digital Box 50000 Puffs with a smart LED display, dual mesh coil, 650mAh rechargeable battery, and Type-C charging for long-lasting flavor.\",\"breadcrumb\":{\"@id\":\"https:\/\/vapehosale.com\/product\/vapme-digital-box-50000-puffs-disposable-vape\/#breadcrumb\"},\"inLanguage\":\"hu\",\"potentialAction\":[{\"@type\":\"ReadAction\",\"target\":[\"https:\/\/vapehosale.com\/product\/vapme-digital-box-50000-puffs-disposable-vape\/\"]}]},{\"@type\":\"BreadcrumbList\",\"@id\":\"https:\/\/vapehosale.com\/product\/vapme-digital-box-50000-puffs-disposable-vape\/#breadcrumb\",\"itemListElement\":[{\"@type\":\"ListItem\",\"position\":1,\"name\":\"Home\",\"item\":\"https:\/\/vapehosale.com\/\"},{\"@type\":\"ListItem\",\"position\":2,\"name\":\"Best Sell Vapes\",\"item\":\"https:\/\/vapehosale.com\/vape-shop\/\"},{\"@type\":\"ListItem\",\"position\":3,\"name\":\"Vapme Digital Box 50K Puffs Disposable Vape\"}]},{\"@type\":\"WebSite\",\"@id\":\"https:\/\/vapehosale.com\/#website\",\"url\":\"https:\/\/vapehosale.com\/\",\"name\":\"Vape Wholesale\",\"description\":\"Buy Vape Wholesale Price Near you\",\"potentialAction\":[{\"@type\":\"SearchAction\",\"target\":{\"@type\":\"EntryPoint\",\"urlTemplate\":\"https:\/\/vapehosale.com\/?s={search_term_string}\"},\"query-input\":\"required name=search_term_string\"}],\"inLanguage\":\"hu\"}]}<\/script>\n<!-- \/ Yoast SEO plugin. -->","yoast_head_json":{"title":"Vapme Digital Box 50K Puffs Disposable Vape - Vape Wholesale","description":"Buy Vapme Digital Box 50000 Puffs with a smart LED display, dual mesh coil, 650mAh rechargeable battery, and Type-C charging for long-lasting flavor.","robots":{"index":"index","follow":"follow","max-snippet":"max-snippet:-1","max-image-preview":"max-image-preview:large","max-video-preview":"max-video-preview:-1"},"canonical":"https:\/\/vapehosale.com\/hu\/product\/vapme-digital-box-50000-puffs-disposable-vape\/","og_locale":"hu_HU","og_type":"article","og_title":"Vapme Digital Box 50K Puffs Disposable Vape - Vape Wholesale","og_description":"Buy Vapme Digital Box 50000 Puffs with a smart LED display, dual mesh coil, 650mAh rechargeable battery, and Type-C charging for long-lasting flavor.","og_url":"https:\/\/vapehosale.com\/hu\/product\/vapme-digital-box-50000-puffs-disposable-vape\/","og_site_name":"Vape Wholesale","article_modified_time":"2026-05-11T09:36:42+00:00","og_image":[{"width":1000,"height":1000,"url":"https:\/\/vapehosale.com\/wp-content\/uploads\/2026\/05\/Vapme-Digital-Box-50k-bulk-buy-discounts.webp","type":"image\/webp"}],"twitter_card":"summary_large_image","twitter_misc":{"Becs\u00fclt olvas\u00e1si id\u0151":"3 perc"},"schema":{"@context":"https:\/\/schema.org","@graph":[{"@type":"WebPage","@id":"https:\/\/vapehosale.com\/product\/vapme-digital-box-50000-puffs-disposable-vape\/","url":"https:\/\/vapehosale.com\/product\/vapme-digital-box-50000-puffs-disposable-vape\/","name":"Vapme Digital Box 50K Puffs Disposable Vape - Vape Wholesale","isPartOf":{"@id":"https:\/\/vapehosale.com\/#website"},"datePublished":"2026-05-11T03:55:42+00:00","dateModified":"2026-05-11T09:36:42+00:00","description":"Buy Vapme Digital Box 50000 Puffs with a smart LED display, dual mesh coil, 650mAh rechargeable battery, and Type-C charging for long-lasting flavor.","breadcrumb":{"@id":"https:\/\/vapehosale.com\/product\/vapme-digital-box-50000-puffs-disposable-vape\/#breadcrumb"},"inLanguage":"hu","potentialAction":[{"@type":"ReadAction","target":["https:\/\/vapehosale.com\/product\/vapme-digital-box-50000-puffs-disposable-vape\/"]}]},{"@type":"BreadcrumbList","@id":"https:\/\/vapehosale.com\/product\/vapme-digital-box-50000-puffs-disposable-vape\/#breadcrumb","itemListElement":[{"@type":"ListItem","position":1,"name":"Home","item":"https:\/\/vapehosale.com\/"},{"@type":"ListItem","position":2,"name":"Best Sell Vapes","item":"https:\/\/vapehosale.com\/vape-shop\/"},{"@type":"ListItem","position":3,"name":"Vapme Digital Box 50K Puffs Disposable Vape"}]},{"@type":"WebSite","@id":"https:\/\/vapehosale.com\/#website","url":"https:\/\/vapehosale.com\/","name":"Vape Wholesale","description":"Buy Vape Wholesale Price Near you","potentialAction":[{"@type":"SearchAction","target":{"@type":"EntryPoint","urlTemplate":"https:\/\/vapehosale.com\/?s={search_term_string}"},"query-input":"required name=search_term_string"}],"inLanguage":"hu"}]}},"uagb_featured_image_src":{"full":["https:\/\/vapehosale.com\/wp-content\/uploads\/2026\/05\/Vapme-Digital-Box-50k-bulk-buy-discounts.webp",1000,1000,false],"thumbnail":["https:\/\/vapehosale.com\/wp-content\/uploads\/2026\/05\/Vapme-Digital-Box-50k-bulk-buy-discounts-150x150.webp",150,150,true],"medium":["https:\/\/vapehosale.com\/wp-content\/uploads\/2026\/05\/Vapme-Digital-Box-50k-bulk-buy-discounts-300x300.webp",300,300,true],"medium_large":["https:\/\/vapehosale.com\/wp-content\/uploads\/2026\/05\/Vapme-Digital-Box-50k-bulk-buy-discounts-768x768.webp",768,768,true],"large":["https:\/\/vapehosale.com\/wp-content\/uploads\/2026\/05\/Vapme-Digital-Box-50k-bulk-buy-discounts.webp",1000,1000,false],"1536x1536":["https:\/\/vapehosale.com\/wp-content\/uploads\/2026\/05\/Vapme-Digital-Box-50k-bulk-buy-discounts.webp",1000,1000,false],"2048x2048":["https:\/\/vapehosale.com\/wp-content\/uploads\/2026\/05\/Vapme-Digital-Box-50k-bulk-buy-discounts.webp",1000,1000,false],"trp-custom-language-flag":["https:\/\/vapehosale.com\/wp-content\/uploads\/2026\/05\/Vapme-Digital-Box-50k-bulk-buy-discounts-12x12.webp",12,12,true],"woocommerce_thumbnail":["https:\/\/vapehosale.com\/wp-content\/uploads\/2026\/05\/Vapme-Digital-Box-50k-bulk-buy-discounts-300x300.webp",300,300,true],"woocommerce_single":["https:\/\/vapehosale.com\/wp-content\/uploads\/2026\/05\/Vapme-Digital-Box-50k-bulk-buy-discounts-600x600.webp",600,600,true],"woocommerce_gallery_thumbnail":["https:\/\/vapehosale.com\/wp-content\/uploads\/2026\/05\/Vapme-Digital-Box-50k-bulk-buy-discounts-100x100.webp",100,100,true],"wcpr-photo-reviews":["https:\/\/vapehosale.com\/wp-content\/uploads\/2026\/05\/Vapme-Digital-Box-50k-bulk-buy-discounts.webp",500,500,false]},"uagb_author_info":{"display_name":"Vicky hosale","author_link":"https:\/\/vapehosale.com\/hu\/author\/"},"uagb_comment_info":0,"uagb_excerpt":"Vapme Digital Box 50000 Puffs is a high-capacity disposable vape designed for users who want maximum longevity and premium performance. It features a smart LED display that shows battery and e-liquid levels in real time, a 1.0\u03a9 dual mesh coil for enhanced flavor consistency, and a 650mAh rechargeable battery with Type-C fast charging. Available in\u00a0&hellip;","_links":{"self":[{"href":"https:\/\/vapehosale.com\/hu\/wp-json\/wp\/v2\/product\/6725","targetHints":{"allow":["GET"]}}],"collection":[{"href":"https:\/\/vapehosale.com\/hu\/wp-json\/wp\/v2\/product"}],"about":[{"href":"https:\/\/vapehosale.com\/hu\/wp-json\/wp\/v2\/types\/product"}],"replies":[{"embeddable":true,"href":"https:\/\/vapehosale.com\/hu\/wp-json\/wp\/v2\/comments?post=6725"}],"wp:featuredmedia":[{"embeddable":true,"href":"https:\/\/vapehosale.com\/hu\/wp-json\/wp\/v2\/media\/6719"}],"wp:attachment":[{"href":"https:\/\/vapehosale.com\/hu\/wp-json\/wp\/v2\/media?parent=6725"}],"wp:term":[{"taxonomy":"product_cat","embeddable":true,"href":"https:\/\/vapehosale.com\/hu\/wp-json\/wp\/v2\/product_cat?post=6725"},{"taxonomy":"product_tag","embeddable":true,"href":"https:\/\/vapehosale.com\/hu\/wp-json\/wp\/v2\/product_tag?post=6725"}],"curies":[{"name":"wp","href":"https:\/\/api.w.org\/{rel}","templated":true}]}}