{"id":1490,"date":"2023-09-21T02:02:20","date_gmt":"2023-09-21T02:02:20","guid":{"rendered":"https:\/\/vapehosale.com\/?post_type=product&#038;p=1490"},"modified":"2025-11-28T09:11:35","modified_gmt":"2025-11-28T09:11:35","slug":"fumot-digital-box-12000-puffs","status":"publish","type":"product","link":"https:\/\/vapehosale.com\/hu\/product\/fumot-digital-box-12000-puffs\/","title":{"rendered":"Nagykereskedelmi RandM Fumot Digital Box 12000 Puffs Vape"},"content":{"rendered":"<h1 style=\"text-align: center\">Nagykereskedelmi Fumot Digit\u00e1lis Doboz 12000 Puffs \u00dajrat\u00f6lthet\u0151 Vape<\/h1>\n<p>A Fumot Digital Box 12000 Puffs k\u00e9sz\u00fcl\u00e9k kiv\u00e9teles \u00e9lettartam\u00fa, \u00fajrat\u00f6lthet\u0151 vape, amely meger\u0151s\u00edtett 12 000 slukkot biztos\u00edt, nagym\u00e9ret\u0171, 20 ml-es el\u0151ret\u00f6lt\u00f6tt e-liquiddel \u00e9s 850 mAh-s integr\u00e1lt akkumul\u00e1torral, jelent\u0151sen cs\u00f6kkentve az \u00e1lland\u00f3 t\u00f6lt\u00e9s vagy ut\u00e1nt\u00f6lt\u00e9s sz\u00fcks\u00e9gess\u00e9g\u00e9t. A fejlett Mesh Coil biztos\u00edtja az e-liquid hat\u00e9kony p\u00e1rologtat\u00e1s\u00e1t a gazdagabb \u00edz \u00e9s a s\u0171r\u0171bb g\u0151zfelh\u0151k \u00e9rdek\u00e9ben. K\u00f6vesse nyomon a haszn\u00e1latot a digit\u00e1lis kijelz\u0151n, amely mutatja az akkumul\u00e1tor t\u00f6lt\u00f6tts\u00e9g\u00e9t \u00e9s az e-liquid szintet. V\u00e1lassza ki a k\u00edv\u00e1nt nikotiner\u0151ss\u00e9get: 2% (20mg\/ml) vagy 5% (50mg\/ml). A Fumot 12000 slukkos k\u00e9sz\u00fcl\u00e9k 52 k\u00fcl\u00f6nb\u00f6z\u0151 \u00edzben kaphat\u00f3, fedezze fel a t\u00f6k\u00e9letes, eg\u00e9sz napos vape t\u00e1rs\u00e1t, amelyet tart\u00f3s teljes\u00edtm\u00e9nyre terveztek.<\/p>\n<p><img decoding=\"async\" class=\"alignnone size-full wp-image-1498\" src=\"https:\/\/vapehosale.com\/wp-content\/uploads\/2023\/09\/Fumot-Digital-Box-12000-puffs-Disposable-Vape-Wholesale.jpg\" alt=\"Fumot Digital Box 12000 slukkos Eldobhat\u00f3 Vape Nagykereskedelem\" width=\"842\" height=\"540\" srcset=\"https:\/\/vapehosale.com\/wp-content\/uploads\/2023\/09\/Fumot-Digital-Box-12000-puffs-Disposable-Vape-Wholesale.jpg 842w, https:\/\/vapehosale.com\/wp-content\/uploads\/2023\/09\/Fumot-Digital-Box-12000-puffs-Disposable-Vape-Wholesale-300x192.jpg 300w, https:\/\/vapehosale.com\/wp-content\/uploads\/2023\/09\/Fumot-Digital-Box-12000-puffs-Disposable-Vape-Wholesale-768x493.jpg 768w, https:\/\/vapehosale.com\/wp-content\/uploads\/2023\/09\/Fumot-Digital-Box-12000-puffs-Disposable-Vape-Wholesale-600x385.jpg 600w\" sizes=\"(max-width: 842px) 100vw, 842px\" \/><\/p>\n<h3>Hol tudok Fumot 12000 slukkos nagykereskedelmi \u00e1ron (t\u00f6meges v\u00e1s\u00e1rl\u00e1si \u00e1r) v\u00e1s\u00e1rolni?<\/h3>\n<h4>Fumot 12000 \u00e1r: 18\u20ac-20\u20ac<\/h4>\n<p><a href=\"https:\/\/wa.me\/8618077105750\">Tov\u00e1bbi inform\u00e1ci\u00f3\u00e9rt k\u00e9rj\u00fck, vegye fel a kapcsolatot Vicky \u00e9rt\u00e9kes\u00edt\u00e9si vezet\u0151vel, aki seg\u00edt megoldani a megrendel\u00e9s\u00e9vel kapcsolatos \u00f6sszes probl\u00e9m\u00e1t.<\/a><br \/>\n<img decoding=\"async\" class=\"alignnone size-medium wp-image-5650\" src=\"https:\/\/vapehosale.com\/wp-content\/uploads\/2025\/10\/8a420713276bf7cf308193b71e051aa3-300x274.jpg\" alt=\"Vicky\" width=\"300\" height=\"274\" srcset=\"https:\/\/vapehosale.com\/wp-content\/uploads\/2025\/10\/8a420713276bf7cf308193b71e051aa3-300x274.jpg 300w, https:\/\/vapehosale.com\/wp-content\/uploads\/2025\/10\/8a420713276bf7cf308193b71e051aa3-1024x937.jpg 1024w, https:\/\/vapehosale.com\/wp-content\/uploads\/2025\/10\/8a420713276bf7cf308193b71e051aa3-768x703.jpg 768w, https:\/\/vapehosale.com\/wp-content\/uploads\/2025\/10\/8a420713276bf7cf308193b71e051aa3-13x12.jpg 13w, https:\/\/vapehosale.com\/wp-content\/uploads\/2025\/10\/8a420713276bf7cf308193b71e051aa3-600x549.jpg 600w, https:\/\/vapehosale.com\/wp-content\/uploads\/2025\/10\/8a420713276bf7cf308193b71e051aa3.jpg 1080w\" sizes=\"(max-width: 300px) 100vw, 300px\" \/><\/p>\n<h2>Fumot Digital Box 12000 Jellemz\u0151k:<\/h2>\n<p>M\u00e1rka: Fumot RandM<br \/>\nNikotin: 2% 5%<br \/>\nSlukkok: 12000<br \/>\nKapacit\u00e1s: 20ml<br \/>\n52 \u00edzben kaphat\u00f3<br \/>\n850mah \u00dajrat\u00f6lthet\u0151<br \/>\nH\u00e1l\u00f3s Tekercs<br \/>\ndigit\u00e1lis kijelz\u0151<br \/>\ns\u00faly: 90g\/db<br \/>\n200 db\/karton<\/p>\n<h2>RandM Fumot 12000 Puffs \u00cdzlista:<\/h2>\n<p>1 H\u0171s Mentol<br \/>\n2 G\u00f6r\u00f6gdinnye J\u00e9g<br \/>\n3 Sz\u0151l\u0151 J\u00e9g<br \/>\n4 \u00c1fonya M\u00e1lna<br \/>\n5 Eper G\u00f6r\u00f6gdinnye<br \/>\n6 Eper Ban\u00e1n<br \/>\n7 Zsenge J\u00e9g<br \/>\n8 Cseresznye<br \/>\n9 Eper J\u00e9g<br \/>\n10 J\u00e9gnyal\u00f3ka<br \/>\n11 Pink Limon\u00e1d\u00e9<br \/>\n12 Mang\u00f3 J\u00e9gen<br \/>\n13 Vegyes bogy\u00f3s gy\u00fcm\u00f6lcs\u00f6k<br \/>\n14 Eper f\u00e1nk<br \/>\n15 Eper sz\u0151l\u0151<br \/>\n16 Cseresznye k\u00f3la<br \/>\n17 Dr K\u00e9k<br \/>\n18 \u00c1fonya j\u00e9ggel<br \/>\n19 Kivi Szenved\u00e9ly Gy\u00fcm\u00f6lcs Guava<br \/>\n20 Eper kiwi<br \/>\n21 \u0150szibarack mang\u00f3<br \/>\n22 \u0150szibarack j\u00e9ggel<br \/>\n23 V\u00f6r\u00f6s alma j\u00e9ggel<br \/>\n24 \u00c1fonya r\u00e1g\u00f3gumi<br \/>\n25 Bogy\u00f3s limon\u00e1d\u00e9<br \/>\n26 K\u00e9k m\u00e1lna limon\u00e1d\u00e9<br \/>\n27 K\u00e9k savany\u00fa m\u00e1lna<br \/>\n28 Eper Red Bull<br \/>\n29 Alma bogy\u00f3s robban\u00e1s<br \/>\n30 G\u00f6r\u00f6gdinnye r\u00e1g\u00f3gumi<br \/>\n31 M\u00e1lna g\u00f6r\u00f6gdinnye<br \/>\n32 Fekete j\u00e9g<br \/>\n33 \u00c1fonya cseresznye v\u00f6r\u00f6s\u00e1fonya<br \/>\n34 Eper gr\u00e1n\u00e1talma<br \/>\n35 Vimto<br \/>\n36 Csereszny\u00e9s bogy\u00f3s<br \/>\n37 Citrom<br \/>\n38 Bing\u00f3 z\u00faz\u00e1s<br \/>\n39 \u00c1fonya kivi<br \/>\n41 Ban\u00e1n j\u00e9g<br \/>\n42 S\u00e1rk\u00e1nygy\u00fcm\u00f6lcs j\u00e9g<br \/>\n43 Gy\u00fcm\u00f6lcs\u00f6s f\u00fazi\u00f3<br \/>\n44 Sz\u0151l\u0151 menta<br \/>\n45 Szerelem 66<br \/>\n46 Anan\u00e1sz j\u00e9g<br \/>\n47 V\u00f6r\u00f6s energia j\u00e9g<br \/>\n48 K\u00e9t alma<br \/>\n50 k\u00f3la j\u00e9g<br \/>\n51 Jeges tea citrom j\u00e9g<br \/>\n52 Jeges tea barack j\u00e9g<\/p>\n<h2>GYIK a v\u00e1s\u00e1rl\u00e1sr\u00f3l <span class=\"___SText_anxqe-ko_\" data-ui-name=\"Link.Text\">Fumot Vape 12000 slukkos \u00fajrat\u00f6lthet\u0151 vape<\/span><\/h2>\n<h4>Hogyan lehet tudni, hogy a Fumot 12000 slukkos \u00fajrat\u00f6lthet\u0151 vape-nek lemer\u00fclt az akkumul\u00e1tora?<\/h4>\n<p>Amikor a Fumot 12k vape lemer\u00fcl, \u00e1ltal\u00e1ban kevesebb f\u00fcst\u00f6t, gyeng\u00e9bb \u00edzt vagy egy\u00e1ltal\u00e1n nem ad ki f\u00fcst\u00f6t. A digit\u00e1lis 12k k\u00e9szlet akkumul\u00e1torjelz\u0151vel van felszerelve, amely seg\u00edt figyelemmel k\u00eds\u00e9rni a t\u00f6lt\u00f6tts\u00e9gi szintet.<\/p>\n<h4>Hol v\u00e1s\u00e1rolhatok nagykereskedelmi mennyis\u00e9gben Fumot digital box 12000 \u00fajrat\u00f6lthet\u0151 eldobhat\u00f3 vape-t?<\/h4>\n<p>A Fumot vape 12k digital box fizikai \u00e9s online \u00e1ruh\u00e1zakban is megv\u00e1s\u00e1rolhat\u00f3, k\u00fcl\u00f6n\u00f6sen a nagykereskedelmi platformokon, mint p\u00e9ld\u00e1ul a vapehosale.com, ahol a felhaszn\u00e1l\u00f3k nagysz\u00e1m\u00fa k\u00fcl\u00f6nb\u00f6z\u0151 m\u00e1rk\u00e1j\u00fa \u00e9s modell\u0171 vape-t tal\u00e1lnak, \u00e9s \u00e9lvezhetik a t\u00f6meges v\u00e1s\u00e1rl\u00e1si kedvezm\u00e9nyeket.<\/p>\n<h4>H\u00e1nyf\u00e9le \u00edzben kaphat\u00f3 a Fumot Vape digital box 12000 slukkos vape?<\/h4>\n<p>A Fumot 12000 slukkos vape \u00f6sszesen 52+ \u00edzben kaphat\u00f3.<\/p>\n<h4>Mit jelent a RandM Vape?<\/h4>\n<p>A RandM Fumot Vape a Rick and Morty Vape-t jelenti.<\/p>\n<h4>Mennyibe ker\u00fcl a Fumot Digital box 12000 slukkos vape?<\/h4>\n<p>A kiskereskedelmi \u00e1r a magyar rakt\u00e1rban 12\u20ac-15\u20ac\/db<\/p>\n<h4>Fumot Digital box 12000 slukkos csomag kijelz\u0151je:<\/h4>\n<p><img decoding=\"async\" class=\"alignnone size-full wp-image-1768\" src=\"https:\/\/vapehosale.com\/wp-content\/uploads\/2023\/09\/15ce3368342a167b2c874627795f4ee.png\" alt=\"Fumot 12000 slukkos vape csomag\" width=\"565\" height=\"594\" srcset=\"https:\/\/vapehosale.com\/wp-content\/uploads\/2023\/09\/15ce3368342a167b2c874627795f4ee.png 565w, https:\/\/vapehosale.com\/wp-content\/uploads\/2023\/09\/15ce3368342a167b2c874627795f4ee-285x300.png 285w\" sizes=\"(max-width: 565px) 100vw, 565px\" \/><\/p>\n<p>&nbsp;<\/p>\n<p><a href=\"https:\/\/vapehosale.com\/hu\/product-category\/randm-fumot-vape\/\">Nagykereskedelmi Fumot Vape forr\u00f3 elad\u00e1s az EU rakt\u00e1rb\u00f3l<\/a><br \/>\n<a href=\"https:\/\/vapehosale.com\/hu\/product-category\/12000-puffs-disposable-vape\/\">Legjobb 12000 Puffs egyszer haszn\u00e1latos vape forr\u00f3 elad\u00e1s\u00a0<\/a><br \/>\nTerm\u00e9kkatal\u00f3gus\u00e9rt l\u00e9pjen kapcsolatba:<a href=\"https:\/\/wa.me\/8618077105750\">v\u00e1s\u00e1rl\u00e1s most<\/a><\/p>\n<h4>Sz\u00e1ll\u00edt\u00e1si adatok:<\/h4>\n<p>Gy\u00e1rt\u00e1si id\u0151: 5 munkanap<br \/>\nSz\u00e1ll\u00edt\u00e1si id\u0151: 8-14 munkanap<\/p>\n<p>\u00dczlet\u00fcnkben minden term\u00e9k 100% eredeti \u00e9s hiteles, t\u00edzszeres k\u00e1rt\u00e9r\u00edt\u00e9s hamis \u00e1ru eset\u00e9n.<\/p>\n<p>R\u00e9szletesebb nagykereskedelmi \u00e1r\u00e9rt, MOQ \u00e9s SKU-\u00e9rt, k\u00e9rj\u00fck, l\u00e9pjen kapcsolatba \u00e9rt\u00e9kes\u00edt\u00e9si menedzser\u00fcnkkel, Vicky-vel <a href=\"https:\/\/wa.me\/8618077105750\">whatsapp:+8618077105750<\/a><\/p>\n<p><img decoding=\"async\" class=\"alignnone size-full wp-image-2638\" src=\"https:\/\/vapehosale.com\/wp-content\/uploads\/2023\/09\/885301ea6f5e0b91f5ab2b1c85e665c.png\" alt=\"RandM Gy\u00e1r\" width=\"670\" height=\"658\" srcset=\"https:\/\/vapehosale.com\/wp-content\/uploads\/2023\/09\/885301ea6f5e0b91f5ab2b1c85e665c.png 670w, https:\/\/vapehosale.com\/wp-content\/uploads\/2023\/09\/885301ea6f5e0b91f5ab2b1c85e665c-300x295.png 300w, https:\/\/vapehosale.com\/wp-content\/uploads\/2023\/09\/885301ea6f5e0b91f5ab2b1c85e665c-600x589.png 600w\" sizes=\"(max-width: 670px) 100vw, 670px\" \/><\/p>","protected":false},"excerpt":{"rendered":"<p>A RandM Fumot 12000 Puffs egy eldobhat\u00f3 vape akkumul\u00e1tor- \u00e9s olajkijelz\u0151vel, az akkumul\u00e1tor kijelz\u0151n k\u00f6nnyen l\u00e1thatod, mikor kell \u00fajrat\u00f6lteni a k\u00e9sz\u00fcl\u00e9ket, 52 \u00edz \u00e1ll rendelkez\u00e9sre.<span style=\"color: #ff0000\">A weboldalon felt\u00fcntetett \u00e1r nem tartalmazza a sz\u00e1ll\u00edt\u00e1si k\u00f6lts\u00e9get.<\/span><\/p>\n<p>Sz\u00edvesen hozz\u00e1adod Vicky WhatsApp-j\u00e1t a nagykereskedelmi Fumot Digital Box 12000 Puffs-hoz, minim\u00e1lis rendel\u00e9s csak 50 db!<\/p>\n<p><img decoding=\"async\" class=\"alignnone size-medium wp-image-5650\" src=\"https:\/\/vapehosale.com\/wp-content\/uploads\/2025\/10\/8a420713276bf7cf308193b71e051aa3-300x274.jpg\" alt=\"Vicky\" width=\"300\" height=\"274\" srcset=\"https:\/\/vapehosale.com\/wp-content\/uploads\/2025\/10\/8a420713276bf7cf308193b71e051aa3-300x274.jpg 300w, https:\/\/vapehosale.com\/wp-content\/uploads\/2025\/10\/8a420713276bf7cf308193b71e051aa3-1024x937.jpg 1024w, https:\/\/vapehosale.com\/wp-content\/uploads\/2025\/10\/8a420713276bf7cf308193b71e051aa3-768x703.jpg 768w, https:\/\/vapehosale.com\/wp-content\/uploads\/2025\/10\/8a420713276bf7cf308193b71e051aa3-13x12.jpg 13w, https:\/\/vapehosale.com\/wp-content\/uploads\/2025\/10\/8a420713276bf7cf308193b71e051aa3-600x549.jpg 600w, https:\/\/vapehosale.com\/wp-content\/uploads\/2025\/10\/8a420713276bf7cf308193b71e051aa3.jpg 1080w\" sizes=\"(max-width: 300px) 100vw, 300px\" \/><\/p>\n<p>&nbsp;<\/p>\n<p>&nbsp;<\/p>","protected":false},"featured_media":1497,"comment_status":"open","ping_status":"closed","template":"","meta":{"_uag_custom_page_level_css":"","_lmt_disableupdate":"no","_lmt_disable":"","site-sidebar-layout":"default","site-content-layout":"","ast-site-content-layout":"default","site-content-style":"default","site-sidebar-style":"default","ast-global-header-display":"","ast-banner-title-visibility":"","ast-main-header-display":"","ast-hfb-above-header-display":"","ast-hfb-below-header-display":"","ast-hfb-mobile-header-display":"","site-post-title":"","ast-breadcrumbs-content":"","ast-featured-img":"","footer-sml-layout":"","theme-transparent-header-meta":"default","adv-header-id-meta":"","stick-header-meta":"","header-above-stick-meta":"","header-main-stick-meta":"","header-below-stick-meta":"","astra-migrate-meta-layouts":"set","_joinchat":[]},"product_cat":[15,83,41,55,89],"product_tag":[43,72,46,52,36,114,63,31,35,33,59],"class_list":["post-1490","product","type-product","status-publish","has-post-thumbnail","hentry","product_cat-vape-shop-wholesale","product_cat-12000-puffs-disposable-vape","product_cat-europe-hot-sale-vape","product_cat-minimum-order-quantity-50pcs","product_cat-randm-fumot-vape","product_tag-12000-puffs-vape-12k-vape","product_tag-2-nicotine-vape","product_tag-double-mesh-coil-vape","product_tag-fumot-12000-puffs","product_tag-fumot-digital-box-12000-puffs","product_tag-fumot-vape","product_tag-led-screen-disposable-vape","product_tag-randm-tornado-vape","product_tag-rechargeable-disposable-device","product_tag-rgb-light-disposable-vape","product_tag-smart-screen-disposable-vape","desktop-align-left","tablet-align-left","mobile-align-left"],"yoast_head":"<!-- This site is optimized with the Yoast SEO plugin v21.1 - https:\/\/yoast.com\/wordpress\/plugins\/seo\/ -->\n<title>Wholesale RandM Fumot Digital Box 12000 Puffs Vape - Vape Wholesale<\/title>\n<meta name=\"description\" content=\"Wholesale RandM Fumot Digital Box 12000 Puffs is a rechargeable disposable device that contains 20ml of e-liquid and an 600mah rechargeable battery.\" \/>\n<meta name=\"robots\" content=\"index, follow, max-snippet:-1, max-image-preview:large, max-video-preview:-1\" \/>\n<link rel=\"canonical\" href=\"https:\/\/vapehosale.com\/hu\/product\/fumot-digital-box-12000-puffs\/\" \/>\n<meta property=\"og:locale\" content=\"hu_HU\" \/>\n<meta property=\"og:type\" content=\"article\" \/>\n<meta property=\"og:title\" content=\"Wholesale RandM Fumot Digital Box 12000 Puffs Vape - Vape Wholesale\" \/>\n<meta property=\"og:description\" content=\"Wholesale RandM Fumot Digital Box 12000 Puffs is a rechargeable disposable device that contains 20ml of e-liquid and an 600mah rechargeable battery.\" \/>\n<meta property=\"og:url\" content=\"https:\/\/vapehosale.com\/hu\/product\/fumot-digital-box-12000-puffs\/\" \/>\n<meta property=\"og:site_name\" content=\"Vape Wholesale\" \/>\n<meta property=\"article:modified_time\" content=\"2025-11-28T09:11:35+00:00\" \/>\n<meta property=\"og:image\" content=\"https:\/\/vapehosale.com\/wp-content\/uploads\/2023\/09\/Fumot-Digital-Box-12000-Digital-Box.jpg\" \/>\n\t<meta property=\"og:image:width\" content=\"474\" \/>\n\t<meta property=\"og:image:height\" content=\"600\" \/>\n\t<meta property=\"og:image:type\" content=\"image\/jpeg\" \/>\n<meta name=\"twitter:card\" content=\"summary_large_image\" \/>\n<meta name=\"twitter:label1\" content=\"Becs\u00fclt olvas\u00e1si id\u0151\" \/>\n\t<meta name=\"twitter:data1\" content=\"4 perc\" \/>\n<script type=\"application\/ld+json\" class=\"yoast-schema-graph\">{\"@context\":\"https:\/\/schema.org\",\"@graph\":[{\"@type\":\"WebPage\",\"@id\":\"https:\/\/vapehosale.com\/product\/fumot-digital-box-12000-puffs\/\",\"url\":\"https:\/\/vapehosale.com\/product\/fumot-digital-box-12000-puffs\/\",\"name\":\"Wholesale RandM Fumot Digital Box 12000 Puffs Vape - Vape Wholesale\",\"isPartOf\":{\"@id\":\"https:\/\/vapehosale.com\/#website\"},\"datePublished\":\"2023-09-21T02:02:20+00:00\",\"dateModified\":\"2025-11-28T09:11:35+00:00\",\"description\":\"Wholesale RandM Fumot Digital Box 12000 Puffs is a rechargeable disposable device that contains 20ml of e-liquid and an 600mah rechargeable battery.\",\"breadcrumb\":{\"@id\":\"https:\/\/vapehosale.com\/product\/fumot-digital-box-12000-puffs\/#breadcrumb\"},\"inLanguage\":\"hu\",\"potentialAction\":[{\"@type\":\"ReadAction\",\"target\":[\"https:\/\/vapehosale.com\/product\/fumot-digital-box-12000-puffs\/\"]}]},{\"@type\":\"BreadcrumbList\",\"@id\":\"https:\/\/vapehosale.com\/product\/fumot-digital-box-12000-puffs\/#breadcrumb\",\"itemListElement\":[{\"@type\":\"ListItem\",\"position\":1,\"name\":\"Home\",\"item\":\"https:\/\/vapehosale.com\/\"},{\"@type\":\"ListItem\",\"position\":2,\"name\":\"Best Sell Vapes\",\"item\":\"https:\/\/vapehosale.com\/vape-shop\/\"},{\"@type\":\"ListItem\",\"position\":3,\"name\":\"Wholesale RandM Fumot Digital Box 12000 Puffs Vape\"}]},{\"@type\":\"WebSite\",\"@id\":\"https:\/\/vapehosale.com\/#website\",\"url\":\"https:\/\/vapehosale.com\/\",\"name\":\"Vape Wholesale\",\"description\":\"Buy Vape Wholesale Price Near you\",\"potentialAction\":[{\"@type\":\"SearchAction\",\"target\":{\"@type\":\"EntryPoint\",\"urlTemplate\":\"https:\/\/vapehosale.com\/?s={search_term_string}\"},\"query-input\":\"required name=search_term_string\"}],\"inLanguage\":\"hu\"}]}<\/script>\n<!-- \/ Yoast SEO plugin. -->","yoast_head_json":{"title":"Wholesale RandM Fumot Digital Box 12000 Puffs Vape - Vape Wholesale","description":"Wholesale RandM Fumot Digital Box 12000 Puffs is a rechargeable disposable device that contains 20ml of e-liquid and an 600mah rechargeable battery.","robots":{"index":"index","follow":"follow","max-snippet":"max-snippet:-1","max-image-preview":"max-image-preview:large","max-video-preview":"max-video-preview:-1"},"canonical":"https:\/\/vapehosale.com\/hu\/product\/fumot-digital-box-12000-puffs\/","og_locale":"hu_HU","og_type":"article","og_title":"Wholesale RandM Fumot Digital Box 12000 Puffs Vape - Vape Wholesale","og_description":"Wholesale RandM Fumot Digital Box 12000 Puffs is a rechargeable disposable device that contains 20ml of e-liquid and an 600mah rechargeable battery.","og_url":"https:\/\/vapehosale.com\/hu\/product\/fumot-digital-box-12000-puffs\/","og_site_name":"Vape Wholesale","article_modified_time":"2025-11-28T09:11:35+00:00","og_image":[{"width":474,"height":600,"url":"https:\/\/vapehosale.com\/wp-content\/uploads\/2023\/09\/Fumot-Digital-Box-12000-Digital-Box.jpg","type":"image\/jpeg"}],"twitter_card":"summary_large_image","twitter_misc":{"Becs\u00fclt olvas\u00e1si id\u0151":"4 perc"},"schema":{"@context":"https:\/\/schema.org","@graph":[{"@type":"WebPage","@id":"https:\/\/vapehosale.com\/product\/fumot-digital-box-12000-puffs\/","url":"https:\/\/vapehosale.com\/product\/fumot-digital-box-12000-puffs\/","name":"Wholesale RandM Fumot Digital Box 12000 Puffs Vape - Vape Wholesale","isPartOf":{"@id":"https:\/\/vapehosale.com\/#website"},"datePublished":"2023-09-21T02:02:20+00:00","dateModified":"2025-11-28T09:11:35+00:00","description":"Wholesale RandM Fumot Digital Box 12000 Puffs is a rechargeable disposable device that contains 20ml of e-liquid and an 600mah rechargeable battery.","breadcrumb":{"@id":"https:\/\/vapehosale.com\/product\/fumot-digital-box-12000-puffs\/#breadcrumb"},"inLanguage":"hu","potentialAction":[{"@type":"ReadAction","target":["https:\/\/vapehosale.com\/product\/fumot-digital-box-12000-puffs\/"]}]},{"@type":"BreadcrumbList","@id":"https:\/\/vapehosale.com\/product\/fumot-digital-box-12000-puffs\/#breadcrumb","itemListElement":[{"@type":"ListItem","position":1,"name":"Home","item":"https:\/\/vapehosale.com\/"},{"@type":"ListItem","position":2,"name":"Best Sell Vapes","item":"https:\/\/vapehosale.com\/vape-shop\/"},{"@type":"ListItem","position":3,"name":"Wholesale RandM Fumot Digital Box 12000 Puffs Vape"}]},{"@type":"WebSite","@id":"https:\/\/vapehosale.com\/#website","url":"https:\/\/vapehosale.com\/","name":"Vape Wholesale","description":"Buy Vape Wholesale Price Near you","potentialAction":[{"@type":"SearchAction","target":{"@type":"EntryPoint","urlTemplate":"https:\/\/vapehosale.com\/?s={search_term_string}"},"query-input":"required name=search_term_string"}],"inLanguage":"hu"}]}},"uagb_featured_image_src":{"full":["https:\/\/vapehosale.com\/wp-content\/uploads\/2023\/09\/Fumot-Digital-Box-12000-Digital-Box.jpg",474,600,false],"thumbnail":["https:\/\/vapehosale.com\/wp-content\/uploads\/2023\/09\/Fumot-Digital-Box-12000-Digital-Box-150x150.jpg",150,150,true],"medium":["https:\/\/vapehosale.com\/wp-content\/uploads\/2023\/09\/Fumot-Digital-Box-12000-Digital-Box-237x300.jpg",237,300,true],"medium_large":["https:\/\/vapehosale.com\/wp-content\/uploads\/2023\/09\/Fumot-Digital-Box-12000-Digital-Box.jpg",474,600,false],"large":["https:\/\/vapehosale.com\/wp-content\/uploads\/2023\/09\/Fumot-Digital-Box-12000-Digital-Box.jpg",474,600,false],"1536x1536":["https:\/\/vapehosale.com\/wp-content\/uploads\/2023\/09\/Fumot-Digital-Box-12000-Digital-Box.jpg",474,600,false],"2048x2048":["https:\/\/vapehosale.com\/wp-content\/uploads\/2023\/09\/Fumot-Digital-Box-12000-Digital-Box.jpg",474,600,false],"trp-custom-language-flag":["https:\/\/vapehosale.com\/wp-content\/uploads\/2023\/09\/Fumot-Digital-Box-12000-Digital-Box.jpg",9,12,false],"woocommerce_thumbnail":["https:\/\/vapehosale.com\/wp-content\/uploads\/2023\/09\/Fumot-Digital-Box-12000-Digital-Box-300x300.jpg",300,300,true],"woocommerce_single":["https:\/\/vapehosale.com\/wp-content\/uploads\/2023\/09\/Fumot-Digital-Box-12000-Digital-Box.jpg",474,600,false],"woocommerce_gallery_thumbnail":["https:\/\/vapehosale.com\/wp-content\/uploads\/2023\/09\/Fumot-Digital-Box-12000-Digital-Box-100x100.jpg",100,100,true],"wcpr-photo-reviews":["https:\/\/vapehosale.com\/wp-content\/uploads\/2023\/09\/Fumot-Digital-Box-12000-Digital-Box.jpg",395,500,false]},"uagb_author_info":{"display_name":"Vicky hosale","author_link":"https:\/\/vapehosale.com\/hu\/author\/"},"uagb_comment_info":38,"uagb_excerpt":"RandM Fumot 12000 Puffs is a disposable vape with a battery and oil display, you can easy to know when your need recharge your device though the battery display screen,there is 52\u00a0 flavor available.The website price does not include shipping costs Welcome to add vicky whatsapp for wholesale fumot digital box 12000 puffs, min order&hellip;","_links":{"self":[{"href":"https:\/\/vapehosale.com\/hu\/wp-json\/wp\/v2\/product\/1490","targetHints":{"allow":["GET"]}}],"collection":[{"href":"https:\/\/vapehosale.com\/hu\/wp-json\/wp\/v2\/product"}],"about":[{"href":"https:\/\/vapehosale.com\/hu\/wp-json\/wp\/v2\/types\/product"}],"replies":[{"embeddable":true,"href":"https:\/\/vapehosale.com\/hu\/wp-json\/wp\/v2\/comments?post=1490"}],"wp:featuredmedia":[{"embeddable":true,"href":"https:\/\/vapehosale.com\/hu\/wp-json\/wp\/v2\/media\/1497"}],"wp:attachment":[{"href":"https:\/\/vapehosale.com\/hu\/wp-json\/wp\/v2\/media?parent=1490"}],"wp:term":[{"taxonomy":"product_cat","embeddable":true,"href":"https:\/\/vapehosale.com\/hu\/wp-json\/wp\/v2\/product_cat?post=1490"},{"taxonomy":"product_tag","embeddable":true,"href":"https:\/\/vapehosale.com\/hu\/wp-json\/wp\/v2\/product_tag?post=1490"}],"curies":[{"name":"wp","href":"https:\/\/api.w.org\/{rel}","templated":true}]}}