{"id":1453,"date":"2023-09-19T10:02:58","date_gmt":"2023-09-19T10:02:58","guid":{"rendered":"https:\/\/vapehosale.com\/?post_type=product&#038;p=1453"},"modified":"2025-08-29T08:33:33","modified_gmt":"2025-08-29T08:33:33","slug":"randm-tornado-7000-puffs-disposable-vape","status":"publish","type":"product","link":"https:\/\/vapehosale.com\/hu\/product\/randm-tornado-7000-puffs-disposable-vape\/","title":{"rendered":"RandM Tornado 7000 Puffs Eldobhat\u00f3 Vape nagykeresked\u00e9s"},"content":{"rendered":"<h1 style=\"text-align: center\">Nagykereskedelmi RandM Tornado 7000 Puffs Eldobhat\u00f3 Vape ?<\/h1>\n<p>A RandM Tornado 7000 puffs egy eldobhat\u00f3 vape, amelynek \u00e1ll\u00edthat\u00f3 a l\u00e9g\u00e1raml\u00e1sa, ehhez csak... <span style=\"font-size: 16px\">\u00d3vatosan forgassa el az als\u00f3 l\u00e9g\u00e1raml\u00e1s be\u00e1ll\u00edt\u00f3 gombot, hogy megtal\u00e1lja az \u00d6nnek megfelel\u0151 szippant\u00e1sm\u00e9retet, \u00e9s a Tornado 7000 az egyik legn\u00e9pszer\u0171bb eldobhat\u00f3 vape a Tornado sorozatban. <span class=\"___SText_anxqe-ko_\" data-ui-name=\"Link.Text\">randm vapes 7k-val <\/span>Egyedi diz\u00e1jn, az RGB f\u00e9nyjelz\u00e9sek \u00e9s a l\u00e1tv\u00e1nyos olajtart\u00e1ly kialak\u00edt\u00e1sa k\u00fcl\u00f6nb\u00f6zteti meg az \u00f6sszes eldobhat\u00f3 vape-t\u0151l.<\/span><\/p>\n<p><img decoding=\"async\" class=\"alignnone size-full wp-image-3105\" src=\"https:\/\/vapehosale.com\/wp-content\/uploads\/2023\/09\/RandM-Tornado-7000-Puffs-Rechargeable-Disposable-Vape.jpg\" alt=\"RandM Tornado 7000 slukkos \u00dajrat\u00f6lthet\u0151 Eldobhat\u00f3 Vape\" width=\"1920\" height=\"1100\" srcset=\"https:\/\/vapehosale.com\/wp-content\/uploads\/2023\/09\/RandM-Tornado-7000-Puffs-Rechargeable-Disposable-Vape.jpg 1920w, https:\/\/vapehosale.com\/wp-content\/uploads\/2023\/09\/RandM-Tornado-7000-Puffs-Rechargeable-Disposable-Vape-300x172.jpg 300w, https:\/\/vapehosale.com\/wp-content\/uploads\/2023\/09\/RandM-Tornado-7000-Puffs-Rechargeable-Disposable-Vape-1024x587.jpg 1024w, https:\/\/vapehosale.com\/wp-content\/uploads\/2023\/09\/RandM-Tornado-7000-Puffs-Rechargeable-Disposable-Vape-768x440.jpg 768w, https:\/\/vapehosale.com\/wp-content\/uploads\/2023\/09\/RandM-Tornado-7000-Puffs-Rechargeable-Disposable-Vape-1536x880.jpg 1536w, https:\/\/vapehosale.com\/wp-content\/uploads\/2023\/09\/RandM-Tornado-7000-Puffs-Rechargeable-Disposable-Vape-600x344.jpg 600w\" sizes=\"(max-width: 1920px) 100vw, 1920px\" \/><\/p>\n<p>&nbsp;<\/p>\n<h2>Rick and Morty Vape 7k (RandM) Eldobhat\u00f3 specifik\u00e1ci\u00f3k:<\/h2>\n<p>1. 850mAh t\u00edpus-cserehet\u0151 akkumul\u00e1tor<br \/>\n2.14ml El\u0151re t\u00f6lt\u00f6tt E-liquid<br \/>\n3% \u00e9s 5% nikotin<br \/>\n4.K\u00f6zel 7000 slukkot el\u00e9g\u00edt ki<br \/>\n5. \u00c1ll\u00edthat\u00f3 l\u00e9g\u00e1raml\u00e1s<br \/>\nRGB vil\u00e1g\u00edt\u00e1s<\/p>\n<h2>RandM Tornado 7000 \u00cdzlista:<\/h2>\n<p>1. H\u0170S\u00cdT\u0150 MENTA<br \/>\n2. ZS\u00c1KOS J\u00c9G<br \/>\n3. MANDARIN J\u00c9G<br \/>\n4. EPERES DONUT<br \/>\n5. GUMI MEDVE<br \/>\n6. \u00c1FONYA J\u00c9GEN<br \/>\n7.MANG\u00d3 J\u00c9GEN<br \/>\n8. PEACH J\u00c9G<br \/>\n9. BAN\u00c1N J\u00c9G<br \/>\n10 SZ\u0150L\u0150 J\u00c9G<br \/>\n11 R\u00d3ZSASZ\u00cdN LIMON\u00c1D\u00c9<br \/>\n12 PINA COLADA RUM<br \/>\n13 KEVERT B\u00c1RSONYOK<br \/>\n14 BAN\u00c1N MILKSHAKE<br \/>\n15 EPERES D\u00c9LUT\u00c1N<br \/>\n16 V\u00d6R\u00d6S ALMA CITROM<br \/>\n17 ANAN\u00c1SZ J\u00c9G<br \/>\n18 P\u00c1RK\u00c1JA<br \/>\n19 EPERES BAN\u00c1N<br \/>\n20 EPER J\u00c9G<br \/>\n21 EPER-KIWI<br \/>\n22.V\u00d6R\u00d6S ENERGIA J\u00c9G<br \/>\n23.K\u00c9K R\u00c1ZSA LIMON\u00c1D\u00c9<br \/>\n24.V\u00d6R\u00d6S ALMA J\u00c9G<br \/>\n25.M\u00c1LNA-CITROMOS LIMON\u00c1D\u00c9<br \/>\n\u00c1FONY\u00c1S R\u00c1G\u00d3GUMI<br \/>\n27.K\u00c9K SZILV\u00c1S M\u00c1LNA<br \/>\n28.DR K\u00c9K<br \/>\n29.ALMA PEZSG\u0150 BARACK PEAR<br \/>\n30.K\u00c9K\u00c1BEL POMERGRAN\u00c1T<br \/>\n31.VIMTO<br \/>\n32.KIWI PASSI\u00d3 FRUIT GUAVA<br \/>\n33.KOLAICE<br \/>\n34.SAVAS ALMA<br \/>\n35.FEKET\u00c9RF\u00dcGE MENTOL<br \/>\n36.TIGER V\u00c9R<br \/>\n37.P\u00c9CS K\u00c9K\u00c1BEL CUKOR<br \/>\n38.P\u00c9CS MANG\u00d3<br \/>\n39.EGRES V\u00d6R\u00d6S BULL<br \/>\n40.FEKET\u00c9RF\u00dcGE J\u00c9G<br \/>\n41.EGRES V\u00cdZIT\u00d3L\u00c9<br \/>\n42.CSERESZNYE<br \/>\nK\u00c9K M\u00c1LNA CSERESZNYE<br \/>\nSKITTLES<br \/>\n45.K\u00c9K\u00c1RPA M\u00c1LNA<br \/>\n46.EGRES SZILVA<br \/>\n47.K\u00c9K\u00c1RPA CSERESZNYE \u00c1FONY\u00c1VAL<br \/>\n48.ALMA B\u00c1RSONY ROBBAN\u00c1S<br \/>\n49.CSERESZNYE KOLA<br \/>\n50.LEMON &amp; LIMON<br \/>\n51.PINK ROBBAN\u00c1S<br \/>\n52.PACIFIKUS H\u0170S\u00cdT\u0150<br \/>\n53.J\u00c9G JEL<br \/>\n54.BING\u00d3 NYOM\u00c1S<br \/>\n55.VIMTO NYOM\u00c1S<br \/>\n56.TABAK<\/p>\n<h3>Hogyan kell haszn\u00e1lni a Randm Tornado 7000 Vape-t?<\/h3>\n<p>1. l\u00e9p\u00e9s: Nyissa fel a lez\u00e1rt tasakot<br \/>\n2. l\u00e9p\u00e9s: T\u00e1vol\u00edtsa el a matric\u00e1t<br \/>\nUtols\u00f3 l\u00e9p\u00e9s: H\u00fazza ki a szilikon dug\u00f3t, \u00e9s hagyja \u00e1llni 3 percig, majd haszn\u00e1lhatja<\/p>\n<p>K\u00e9rj\u00fck, alaposan olvassa el a RandM Tornado 7000 Puffs haszn\u00e1lati utas\u00edt\u00e1s\u00e1t, hogy elker\u00fclje a nem megfelel\u0151 m\u0171k\u00f6d\u00e9sb\u0151l ered\u0151 term\u00e9kprobl\u00e9m\u00e1kat.<\/p>\n<h3>A Randm Tornado Vape 7000 t\u00f6lt\u00e9si utas\u00edt\u00e1sai:<\/h3>\n<p>1. A Fumot RandM vape 7k nem t\u00f6lthet\u0151 gyors t\u00f6lt\u0151vel, az egyszer haszn\u00e1lhat\u00f3 vape-ek biztons\u00e1gos norm\u00e1l teljes\u00edtm\u00e9nye 5V 1A, ha gyors t\u00f6lt\u0151t haszn\u00e1l, az k\u00f6zvetlen\u00fcl k\u00e1ros\u00edtja az akkumul\u00e1tort.<\/p>\n<p>2. Amikor az akkumul\u00e1tor majdnem lemer\u00fclt, a k\u00e9szlet alj\u00e1n villog\u00f3 f\u00e9ny lesz, ha \u00fagy \u00e9rzi, hogy a f\u00fcst mennyis\u00e9ge nem nagy, az is az akkumul\u00e1tor nem megfelel\u0151 t\u00f6lt\u00f6tts\u00e9ge miatt van, \u00e9s id\u0151ben t\u00f6ltse fel, miel\u0151tt a Fumot vape Tornados 7000 teljesen lemer\u00fclne, k\u00fcl\u00f6nben k\u00e1rosodhat az akkumul\u00e1tor, ami miatt az elektromos cigaretta nem fog f\u00fcst\u00f6lni.<\/p>\n<h3>A Fumot Vape Tornado 7000 Puffs kulcsfontoss\u00e1g\u00fa jellemz\u0151i \u00e9s el\u0151nyei<\/h3>\n<ol>\n<li><strong>H\u00e1l\u00f3s Tekercstechnol\u00f3gia \u2013 T\u00f6bb g\u0151z, jobb \u00edz<\/strong>: A RandM vapes 7000 Puffs fejlett h\u00e1l\u00f3s tekercstechnol\u00f3gi\u00e1t haszn\u00e1l, s\u0171r\u0171bb vaport \u00e9s gazdagabb \u00edzt biztos\u00edt. A h\u00e1l\u00f3s tekercsek egyenletesebben melegszenek, mint a hagyom\u00e1nyos tekercsek, \u00edgy minden sz\u00edv\u00e1s sima \u00e9s \u00edzletes.<\/li>\n<li><strong>Sziv\u00e1rg\u00e1smentes kialak\u00edt\u00e1s olajtekercs elv\u00e1laszt\u00e1ssal<\/strong>Az innovat\u00edv olaj-tekercs sz\u00e9tv\u00e1laszt\u00f3 kialak\u00edt\u00e1snak k\u00f6sz\u00f6nhet\u0151en ez a vape nagym\u00e9rt\u00e9kben sziv\u00e1rg\u00e1s\u00e1ll\u00f3, a szepar\u00e1lt szerkezet pedig n\u00f6veli a k\u00e9sz\u00fcl\u00e9k stabilit\u00e1s\u00e1t, tiszta \u00e9s egyenletes g\u0151z\u00f6l\u00e9si \u00e9lm\u00e9nyt biztos\u00edtva.<\/li>\n<li><strong>8 m\u00e1sodperces automatikus z\u00e1rol\u00e1s a le\u00e9g\u00e9s megel\u0151z\u00e9se \u00e9rdek\u00e9ben<\/strong>: Be\u00e9p\u00edtett 8 m\u00e1sodperces automatikus z\u00e1rol\u00e1si funkci\u00f3val a RandM Tornado megakad\u00e1lyozza, hogy a tekercs le\u00e9gjen, automatikusan le\u00e1ll\u00edtva 8 m\u00e1sodperc folyamatos sz\u00edv\u00e1s ut\u00e1n. Ez a funkci\u00f3 n\u00f6veli a k\u00e9sz\u00fcl\u00e9k \u00e9lettartam\u00e1t \u00e9s biztons\u00e1gos haszn\u00e1latot biztos\u00edt.<\/li>\n<li><strong>\u00c1ll\u00edthat\u00f3 L\u00e9g\u00e1raml\u00e1s-szab\u00e1lyoz\u00e1s<\/strong>: k\u00f6nnyen \u00e1ll\u00edthat\u00f3 l\u00e9g\u00e1raml\u00e1s, hogy szem\u00e9lyre szabott vaping \u00e9lm\u00e9nyt ny\u00fajtson. Ak\u00e1r szorosabb, ak\u00e1r laz\u00e1bb sz\u00edv\u00e1sokat prefer\u00e1l, ez a funkci\u00f3 lehet\u0151v\u00e9 teszi a vapor s\u0171r\u0171s\u00e9g\u00e9nek \u00e9s a bel\u00e9legz\u00e9si ellen\u00e1ll\u00e1snak a szab\u00e1lyoz\u00e1s\u00e1t egy\u00e9ni \u00e9lm\u00e9ny\u00e9rt.<\/li>\n<li><strong>RGB vil\u00e1g\u00edt\u00e1s sz\u00edv\u00e1s k\u00f6zben<\/strong>: Minden sz\u00edv\u00e1s aktiv\u00e1lja a dinamikus RGB vil\u00e1g\u00edt\u00e1st, ami sz\u00f3rakoztat\u00f3 \u00e9s st\u00edlusos vizu\u00e1lis hat\u00e1st k\u00f6lcs\u00f6n\u00f6z. T\u00f6k\u00e9letes azok sz\u00e1m\u00e1ra, akik szeretn\u00e9k, hogy vapelj\u00fck modern, sz\u00ednes megjelen\u00e9st k\u00f6lcs\u00f6n\u00f6zz\u00f6n.<\/li>\n<\/ol>\n<p>Ezekkel a funkci\u00f3kkal a Vape <strong>RandM Tornado 7k Puffs \u00fajrat\u00f6lthet\u0151<\/strong>\u00a0kiemelked\u0151 magas teljes\u00edtm\u00e9ny\u0171 k\u00e9sz\u00fcl\u00e9k, amely kiv\u00e1l\u00f3 \u00edzt, szem\u00e9lyre szabhat\u00f3 l\u00e9g\u00e1raml\u00e1st, sziv\u00e1rg\u00e1smentes kialak\u00edt\u00e1st \u00e9s figyelemfelkelt\u0151 RGB vil\u00e1g\u00edt\u00e1st k\u00edn\u00e1l. Ide\u00e1lis azok sz\u00e1m\u00e1ra, akik k\u00e9nyelmet, st\u00edlust \u00e9s kiv\u00e1l\u00f3 funkcionalit\u00e1st keresnek.<\/p>\n<p><strong>Add hozz\u00e1 vicky \u00e9rt\u00e9kes\u00edt\u00e9si menedzser whatsapp +8618077105750 a nagyobb kedvezm\u00e9ny\u00e9rt!<\/strong><\/p>\n<p><img decoding=\"async\" class=\"alignnone size-full wp-image-2638\" src=\"https:\/\/vapehosale.com\/wp-content\/uploads\/2023\/09\/885301ea6f5e0b91f5ab2b1c85e665c.png\" alt=\"RandM Gy\u00e1r\" width=\"670\" height=\"658\" srcset=\"https:\/\/vapehosale.com\/wp-content\/uploads\/2023\/09\/885301ea6f5e0b91f5ab2b1c85e665c.png 670w, https:\/\/vapehosale.com\/wp-content\/uploads\/2023\/09\/885301ea6f5e0b91f5ab2b1c85e665c-300x295.png 300w, https:\/\/vapehosale.com\/wp-content\/uploads\/2023\/09\/885301ea6f5e0b91f5ab2b1c85e665c-600x589.png 600w\" sizes=\"(max-width: 670px) 100vw, 670px\" \/><\/p>\n<p>T\u00f6bb forr\u00f3 elad\u00e1s\u00fa vape, amire lehet sz\u00fcks\u00e9ge<\/p>\n<div class=\"sm-table-layout__cell sm-table-layout__cell_align_left sm-table-layout__cell_fixed-cell_phrase\" role=\"cell\" data-testid=\"table-cell-keyword\">\n<div class=\"sm-cell-phrase\">\n<p><a href=\"https:\/\/vapehosale.com\/hu\/product-category\/9000-vape\/\">Nagykereskedelmi RandM eldobhat\u00f3 vape itt<span class=\"x19la9d6 x1fc57z9 x6ikm8r x10wlt62 x19co3pv x1g5zs5t xfibh0p xiy17q3 x1xsqp64 x1lkfr7t xexx8yu xyri2b x18d9i69 x1c1uobl\"><span class=\"xrtxmta x1bhl96m\">\ud83d\udc48<\/span><\/span><\/a><\/p>\n<div class=\"sm-cell-phrase__addons-container\"><a href=\"https:\/\/vapehosale.com\/hu\/product\/randm-fumot-tornado-30k-music-disposable-vape\/\">Fumot Vape RandM Vape <\/a><span class=\"___SText_anxqe-kmt_\" data-ui-name=\"Link.Text\">tornado 30k Zene<br \/>\n<a href=\"https:\/\/vapehosale.com\/hu\/product-category\/7000-puffs-disposable-vape\/\">7000 slukkos Eldobhat\u00f3 Vape Akci\u00f3!<\/a><\/span><\/div>\n<\/div>\n<\/div>\n<p>Term\u00e9kkatal\u00f3gus\u00e9rt l\u00e9pjen kapcsolatba:<a href=\"https:\/\/wa.me\/8618077105750\">v\u00e1s\u00e1rl\u00e1s most<\/a><\/p>","protected":false},"excerpt":{"rendered":"<p>A Randm torn\u00e1d\u00f3k 7k \u00fajrat\u00f6lthet\u0151 eldobhat\u00f3 vape, amely 14 ml e-levet \u00e9s 850 mAh \u00fajrat\u00f6lthet\u0151 akkumul\u00e1tort tartalmaz, minden fumot 7k vape 7000 szippant\u00e1st biztos\u00edt, t\u00f6bb mint 40 \u00edz rakt\u00e1ron, v\u00e1rjuk, hogy ma kiv\u00e1laszthassa!<span style=\"color: #ff0000\">(az \u00e1r nem tartalmazza a sz\u00e1ll\u00edt\u00e1si k\u00f6lts\u00e9get)<\/span><br \/>\n<span style=\"color: #000000\">Kapcsolat vikcyvel tov\u00e1bbi kedvezm\u00e9nyek\u00e9rt, RandM vape nagykereskedelmi minimum rendel\u00e9s csak 50 db!<\/span><\/p>\n<p><img decoding=\"async\" class=\"alignnone size-medium wp-image-2638\" src=\"https:\/\/vapehosale.com\/wp-content\/uploads\/2023\/09\/885301ea6f5e0b91f5ab2b1c85e665c-300x295.png\" alt=\"RandM Gy\u00e1r\" width=\"300\" height=\"295\" srcset=\"https:\/\/vapehosale.com\/wp-content\/uploads\/2023\/09\/885301ea6f5e0b91f5ab2b1c85e665c-300x295.png 300w, https:\/\/vapehosale.com\/wp-content\/uploads\/2023\/09\/885301ea6f5e0b91f5ab2b1c85e665c-600x589.png 600w, https:\/\/vapehosale.com\/wp-content\/uploads\/2023\/09\/885301ea6f5e0b91f5ab2b1c85e665c.png 670w\" sizes=\"(max-width: 300px) 100vw, 300px\" \/><\/p>\n<p><span style=\"color: #ff0000\">MEGJEGYZ\u00c9S: A weboldal \u00e1r nem tartalmazza a sz\u00e1ll\u00edt\u00e1si k\u00f6lts\u00e9geket. K\u00e9rj\u00fck, adja meg ir\u00e1ny\u00edt\u00f3sz\u00e1m\u00e1t a sz\u00e1ll\u00edt\u00e1si k\u00f6lts\u00e9gek ellen\u0151rz\u00e9s\u00e9hez.<\/span><\/p>","protected":false},"featured_media":3104,"comment_status":"closed","ping_status":"closed","template":"","meta":{"_uag_custom_page_level_css":"","_lmt_disableupdate":"no","_lmt_disable":"","site-sidebar-layout":"default","site-content-layout":"","ast-site-content-layout":"default","site-content-style":"default","site-sidebar-style":"default","ast-global-header-display":"","ast-banner-title-visibility":"","ast-main-header-display":"","ast-hfb-above-header-display":"","ast-hfb-below-header-display":"","ast-hfb-mobile-header-display":"","site-post-title":"","ast-breadcrumbs-content":"","ast-featured-img":"","footer-sml-layout":"","theme-transparent-header-meta":"default","adv-header-id-meta":"","stick-header-meta":"","header-above-stick-meta":"","header-main-stick-meta":"","header-below-stick-meta":"","astra-migrate-meta-layouts":"set","_joinchat":[]},"product_cat":[15,41,55,89,91],"product_tag":[32,114,31,33],"class_list":["post-1453","product","type-product","status-publish","has-post-thumbnail","hentry","product_cat-vape-shop-wholesale","product_cat-europe-hot-sale-vape","product_cat-minimum-order-quantity-50pcs","product_cat-randm-fumot-vape","product_cat-7000-puffs-disposable-vape","product_tag-7000-puffs-disposable-vape","product_tag-fumot-vape","product_tag-randm-tornado-vape","product_tag-rgb-light-disposable-vape","desktop-align-left","tablet-align-left","mobile-align-left"],"yoast_head":"<!-- This site is optimized with the Yoast SEO plugin v21.1 - https:\/\/yoast.com\/wordpress\/plugins\/seo\/ -->\n<title>Wholesale RandM Tornado 7000 Puffs Disposable Vape - Vape Wholesale<\/title>\n<meta name=\"description\" content=\"RandM Tornado 7000 Puffs Rechargeable Vape with mesh coil, leak-proof design, RGB lights, and adjustable airflow for the ultimate vaping experience\" \/>\n<meta name=\"robots\" content=\"index, follow, max-snippet:-1, max-image-preview:large, max-video-preview:-1\" \/>\n<link rel=\"canonical\" href=\"https:\/\/vapehosale.com\/hu\/product\/randm-tornado-7000-puffs-disposable-vape\/\" \/>\n<meta property=\"og:locale\" content=\"hu_HU\" \/>\n<meta property=\"og:type\" content=\"article\" \/>\n<meta property=\"og:title\" content=\"Wholesale RandM Tornado 7000 Puffs Disposable Vape - Vape Wholesale\" \/>\n<meta property=\"og:description\" content=\"RandM Tornado 7000 Puffs Rechargeable Vape with mesh coil, leak-proof design, RGB lights, and adjustable airflow for the ultimate vaping experience\" \/>\n<meta property=\"og:url\" content=\"https:\/\/vapehosale.com\/hu\/product\/randm-tornado-7000-puffs-disposable-vape\/\" \/>\n<meta property=\"og:site_name\" content=\"Vape Wholesale\" \/>\n<meta property=\"article:modified_time\" content=\"2025-08-29T08:33:33+00:00\" \/>\n<meta property=\"og:image\" content=\"https:\/\/vapehosale.com\/wp-content\/uploads\/2023\/09\/RandM-Factory-Direct-7000-Puffs-RGB-Vape.jpg\" \/>\n\t<meta property=\"og:image:width\" content=\"1440\" \/>\n\t<meta property=\"og:image:height\" content=\"1800\" \/>\n\t<meta property=\"og:image:type\" content=\"image\/jpeg\" \/>\n<meta name=\"twitter:card\" content=\"summary_large_image\" \/>\n<meta name=\"twitter:label1\" content=\"Becs\u00fclt olvas\u00e1si id\u0151\" \/>\n\t<meta name=\"twitter:data1\" content=\"4 perc\" \/>\n<script type=\"application\/ld+json\" class=\"yoast-schema-graph\">{\"@context\":\"https:\/\/schema.org\",\"@graph\":[{\"@type\":\"WebPage\",\"@id\":\"https:\/\/vapehosale.com\/product\/randm-tornado-7000-puffs-disposable-vape\/\",\"url\":\"https:\/\/vapehosale.com\/product\/randm-tornado-7000-puffs-disposable-vape\/\",\"name\":\"Wholesale RandM Tornado 7000 Puffs Disposable Vape - Vape Wholesale\",\"isPartOf\":{\"@id\":\"https:\/\/vapehosale.com\/#website\"},\"datePublished\":\"2023-09-19T10:02:58+00:00\",\"dateModified\":\"2025-08-29T08:33:33+00:00\",\"description\":\"RandM Tornado 7000 Puffs Rechargeable Vape with mesh coil, leak-proof design, RGB lights, and adjustable airflow for the ultimate vaping experience\",\"breadcrumb\":{\"@id\":\"https:\/\/vapehosale.com\/product\/randm-tornado-7000-puffs-disposable-vape\/#breadcrumb\"},\"inLanguage\":\"hu\",\"potentialAction\":[{\"@type\":\"ReadAction\",\"target\":[\"https:\/\/vapehosale.com\/product\/randm-tornado-7000-puffs-disposable-vape\/\"]}]},{\"@type\":\"BreadcrumbList\",\"@id\":\"https:\/\/vapehosale.com\/product\/randm-tornado-7000-puffs-disposable-vape\/#breadcrumb\",\"itemListElement\":[{\"@type\":\"ListItem\",\"position\":1,\"name\":\"Home\",\"item\":\"https:\/\/vapehosale.com\/\"},{\"@type\":\"ListItem\",\"position\":2,\"name\":\"Best Sell Vapes\",\"item\":\"https:\/\/vapehosale.com\/vape-shop\/\"},{\"@type\":\"ListItem\",\"position\":3,\"name\":\"Wholesale RandM Tornado 7000 Puffs Disposable Vape\"}]},{\"@type\":\"WebSite\",\"@id\":\"https:\/\/vapehosale.com\/#website\",\"url\":\"https:\/\/vapehosale.com\/\",\"name\":\"Vape Wholesale\",\"description\":\"Buy Vape Wholesale Price Near you\",\"potentialAction\":[{\"@type\":\"SearchAction\",\"target\":{\"@type\":\"EntryPoint\",\"urlTemplate\":\"https:\/\/vapehosale.com\/?s={search_term_string}\"},\"query-input\":\"required name=search_term_string\"}],\"inLanguage\":\"hu\"}]}<\/script>\n<!-- \/ Yoast SEO plugin. -->","yoast_head_json":{"title":"Wholesale RandM Tornado 7000 Puffs Disposable Vape - Vape Wholesale","description":"RandM Tornado 7000 Puffs Rechargeable Vape with mesh coil, leak-proof design, RGB lights, and adjustable airflow for the ultimate vaping experience","robots":{"index":"index","follow":"follow","max-snippet":"max-snippet:-1","max-image-preview":"max-image-preview:large","max-video-preview":"max-video-preview:-1"},"canonical":"https:\/\/vapehosale.com\/hu\/product\/randm-tornado-7000-puffs-disposable-vape\/","og_locale":"hu_HU","og_type":"article","og_title":"Wholesale RandM Tornado 7000 Puffs Disposable Vape - Vape Wholesale","og_description":"RandM Tornado 7000 Puffs Rechargeable Vape with mesh coil, leak-proof design, RGB lights, and adjustable airflow for the ultimate vaping experience","og_url":"https:\/\/vapehosale.com\/hu\/product\/randm-tornado-7000-puffs-disposable-vape\/","og_site_name":"Vape Wholesale","article_modified_time":"2025-08-29T08:33:33+00:00","og_image":[{"width":1440,"height":1800,"url":"https:\/\/vapehosale.com\/wp-content\/uploads\/2023\/09\/RandM-Factory-Direct-7000-Puffs-RGB-Vape.jpg","type":"image\/jpeg"}],"twitter_card":"summary_large_image","twitter_misc":{"Becs\u00fclt olvas\u00e1si id\u0151":"4 perc"},"schema":{"@context":"https:\/\/schema.org","@graph":[{"@type":"WebPage","@id":"https:\/\/vapehosale.com\/product\/randm-tornado-7000-puffs-disposable-vape\/","url":"https:\/\/vapehosale.com\/product\/randm-tornado-7000-puffs-disposable-vape\/","name":"Wholesale RandM Tornado 7000 Puffs Disposable Vape - Vape Wholesale","isPartOf":{"@id":"https:\/\/vapehosale.com\/#website"},"datePublished":"2023-09-19T10:02:58+00:00","dateModified":"2025-08-29T08:33:33+00:00","description":"RandM Tornado 7000 Puffs Rechargeable Vape with mesh coil, leak-proof design, RGB lights, and adjustable airflow for the ultimate vaping experience","breadcrumb":{"@id":"https:\/\/vapehosale.com\/product\/randm-tornado-7000-puffs-disposable-vape\/#breadcrumb"},"inLanguage":"hu","potentialAction":[{"@type":"ReadAction","target":["https:\/\/vapehosale.com\/product\/randm-tornado-7000-puffs-disposable-vape\/"]}]},{"@type":"BreadcrumbList","@id":"https:\/\/vapehosale.com\/product\/randm-tornado-7000-puffs-disposable-vape\/#breadcrumb","itemListElement":[{"@type":"ListItem","position":1,"name":"Home","item":"https:\/\/vapehosale.com\/"},{"@type":"ListItem","position":2,"name":"Best Sell Vapes","item":"https:\/\/vapehosale.com\/vape-shop\/"},{"@type":"ListItem","position":3,"name":"Wholesale RandM Tornado 7000 Puffs Disposable Vape"}]},{"@type":"WebSite","@id":"https:\/\/vapehosale.com\/#website","url":"https:\/\/vapehosale.com\/","name":"Vape Wholesale","description":"Buy Vape Wholesale Price Near you","potentialAction":[{"@type":"SearchAction","target":{"@type":"EntryPoint","urlTemplate":"https:\/\/vapehosale.com\/?s={search_term_string}"},"query-input":"required name=search_term_string"}],"inLanguage":"hu"}]}},"uagb_featured_image_src":{"full":["https:\/\/vapehosale.com\/wp-content\/uploads\/2023\/09\/RandM-Factory-Direct-7000-Puffs-RGB-Vape.jpg",1440,1800,false],"thumbnail":["https:\/\/vapehosale.com\/wp-content\/uploads\/2023\/09\/RandM-Factory-Direct-7000-Puffs-RGB-Vape-150x150.jpg",150,150,true],"medium":["https:\/\/vapehosale.com\/wp-content\/uploads\/2023\/09\/RandM-Factory-Direct-7000-Puffs-RGB-Vape-240x300.jpg",240,300,true],"medium_large":["https:\/\/vapehosale.com\/wp-content\/uploads\/2023\/09\/RandM-Factory-Direct-7000-Puffs-RGB-Vape-768x960.jpg",768,960,true],"large":["https:\/\/vapehosale.com\/wp-content\/uploads\/2023\/09\/RandM-Factory-Direct-7000-Puffs-RGB-Vape-819x1024.jpg",819,1024,true],"1536x1536":["https:\/\/vapehosale.com\/wp-content\/uploads\/2023\/09\/RandM-Factory-Direct-7000-Puffs-RGB-Vape-1229x1536.jpg",1229,1536,true],"2048x2048":["https:\/\/vapehosale.com\/wp-content\/uploads\/2023\/09\/RandM-Factory-Direct-7000-Puffs-RGB-Vape.jpg",1440,1800,false],"trp-custom-language-flag":["https:\/\/vapehosale.com\/wp-content\/uploads\/2023\/09\/RandM-Factory-Direct-7000-Puffs-RGB-Vape.jpg",10,12,false],"woocommerce_thumbnail":["https:\/\/vapehosale.com\/wp-content\/uploads\/2023\/09\/RandM-Factory-Direct-7000-Puffs-RGB-Vape-300x300.jpg",300,300,true],"woocommerce_single":["https:\/\/vapehosale.com\/wp-content\/uploads\/2023\/09\/RandM-Factory-Direct-7000-Puffs-RGB-Vape-600x750.jpg",600,750,true],"woocommerce_gallery_thumbnail":["https:\/\/vapehosale.com\/wp-content\/uploads\/2023\/09\/RandM-Factory-Direct-7000-Puffs-RGB-Vape-100x100.jpg",100,100,true],"wcpr-photo-reviews":["https:\/\/vapehosale.com\/wp-content\/uploads\/2023\/09\/RandM-Factory-Direct-7000-Puffs-RGB-Vape.jpg",400,500,false]},"uagb_author_info":{"display_name":"Vicky hosale","author_link":"https:\/\/vapehosale.com\/hu\/author\/"},"uagb_comment_info":8,"uagb_excerpt":"Randm tornados 7k rechargeable disposable vape that contains 14ml of e-liquid and an 850mah rechargeable battery,\u00a0 each fumot 7k vapes can provide 7000 puffs, 40+ flavor instock, waittinig for you to choose today!(website price not include shipping cost) Contact vikcy for more disscount,RandM vape wholesale min order only need 50pcs! NOTE: The website price does&hellip;","_links":{"self":[{"href":"https:\/\/vapehosale.com\/hu\/wp-json\/wp\/v2\/product\/1453","targetHints":{"allow":["GET"]}}],"collection":[{"href":"https:\/\/vapehosale.com\/hu\/wp-json\/wp\/v2\/product"}],"about":[{"href":"https:\/\/vapehosale.com\/hu\/wp-json\/wp\/v2\/types\/product"}],"replies":[{"embeddable":true,"href":"https:\/\/vapehosale.com\/hu\/wp-json\/wp\/v2\/comments?post=1453"}],"wp:featuredmedia":[{"embeddable":true,"href":"https:\/\/vapehosale.com\/hu\/wp-json\/wp\/v2\/media\/3104"}],"wp:attachment":[{"href":"https:\/\/vapehosale.com\/hu\/wp-json\/wp\/v2\/media?parent=1453"}],"wp:term":[{"taxonomy":"product_cat","embeddable":true,"href":"https:\/\/vapehosale.com\/hu\/wp-json\/wp\/v2\/product_cat?post=1453"},{"taxonomy":"product_tag","embeddable":true,"href":"https:\/\/vapehosale.com\/hu\/wp-json\/wp\/v2\/product_tag?post=1453"}],"curies":[{"name":"wp","href":"https:\/\/api.w.org\/{rel}","templated":true}]}}