{"id":6725,"date":"2026-05-11T03:55:42","date_gmt":"2026-05-11T03:55:42","guid":{"rendered":"https:\/\/vapehosale.com\/?post_type=product&#038;p=6725"},"modified":"2026-05-11T09:36:42","modified_gmt":"2026-05-11T09:36:42","slug":"vapme-digital-box-50000-puffs-disposable-vape","status":"publish","type":"product","link":"https:\/\/vapehosale.com\/hr\/product\/vapme-digital-box-50000-puffs-disposable-vape\/","title":{"rendered":"Vapme Digital Box 50K Puffs jednokratni vape"},"content":{"rendered":"<h2>Pomaknite granice: do 50000 povla\u010denja neusporedive izvedbe<\/h2>\n<p data-start=\"117\" data-end=\"386\">Vapme Digital Box 50K Puffs je vi\u0161e od obi\u010dnog jednokratnog vapea. Predstavlja novu granicu u ultra-dugotrajnoj izvedbi vapinga. Opremljen naprednim sustavom za kontrolu e-teku\u0107ine, ovaj ure\u0111aj visokog kapaciteta omogu\u0107uje do 50.000 glatkih i ukusnih povla\u010denja.<\/p>\n<p data-start=\"388\" data-end=\"584\">Bilo da putujete, putujete na posao ili koristite Vapme Digital Box 50K Vape tijekom cijelog dana, Vapme Digital Box 50K je dizajniran da traje tjednima ili \u010dak mjesecima, eliminiraju\u0107i potrebu za \u010destim zamjenama.<br \/>\n<img decoding=\"async\" class=\"alignnone size-full wp-image-6723\" src=\"https:\/\/vapehosale.com\/wp-content\/uploads\/2026\/05\/Best-Vapme-Digital-Box-50k-flavors-list.webp\" alt=\"Popis najboljih okusa Vapme Digital Box 50k\" width=\"1000\" height=\"666\" srcset=\"https:\/\/vapehosale.com\/wp-content\/uploads\/2026\/05\/Best-Vapme-Digital-Box-50k-flavors-list.webp 1000w, https:\/\/vapehosale.com\/wp-content\/uploads\/2026\/05\/Best-Vapme-Digital-Box-50k-flavors-list-300x200.webp 300w, https:\/\/vapehosale.com\/wp-content\/uploads\/2026\/05\/Best-Vapme-Digital-Box-50k-flavors-list-768x511.webp 768w, https:\/\/vapehosale.com\/wp-content\/uploads\/2026\/05\/Best-Vapme-Digital-Box-50k-flavors-list-18x12.webp 18w, https:\/\/vapehosale.com\/wp-content\/uploads\/2026\/05\/Best-Vapme-Digital-Box-50k-flavors-list-600x400.webp 600w\" sizes=\"(max-width: 1000px) 100vw, 1000px\" \/><\/p>\n<h3 data-start=\"388\" data-end=\"584\">vapme digital box 50k Tehni\u010dke specifikacije<\/h3>\n<table>\n<thead>\n<tr>\n<th>Specifikacija<\/th>\n<th>Detalji<\/th>\n<\/tr>\n<\/thead>\n<tbody>\n<tr>\n<td>Brend<\/td>\n<td>Vapme<\/td>\n<\/tr>\n<tr>\n<td>Model<\/td>\n<td>Digital Box 50000<\/td>\n<\/tr>\n<tr>\n<td>Broj udisaja<\/td>\n<td>Do 50.000 povla\u010denja<\/td>\n<\/tr>\n<tr>\n<td>Ja\u010dina nikotina<\/td>\n<td>\u00a02%, 5% nikotinska sol<\/td>\n<\/tr>\n<tr>\n<td>Kapacitet e-teku\u0107ine<\/td>\n<td>Veliki spremnik unaprijed napunjene e-teku\u0107ine<\/td>\n<\/tr>\n<tr>\n<td>Kapacitet baterije<\/td>\n<td>650mAh punjiva baterija od \u010distog kobalta<\/td>\n<\/tr>\n<tr>\n<td>Priklju\u010dak za punjenje<\/td>\n<td>USB Type-C brzo punjenje<\/td>\n<\/tr>\n<tr>\n<td>Tip zavojnice<\/td>\n<td>1.0\u03a9 dvostruka mre\u017easta zavojnica<\/td>\n<\/tr>\n<tr>\n<td>Zaslon<\/td>\n<td>LED digitalni ekran<\/td>\n<\/tr>\n<tr>\n<td>Stil vapeanja<\/td>\n<td>MTL (usta u plu\u0107a)<\/td>\n<\/tr>\n<\/tbody>\n<\/table>\n<h3>Vapme Digital Box 50K Puffs Popis okusa<\/h3>\n<p>1. Borovnica Malina Led<br \/>\n2. Tre\u0161nja Led<br \/>\n3.Kivi Marakuja Guava<br \/>\n4. Jagoda Led<br \/>\n5.Jagoda Kivi<br \/>\n6.Jagoda Red Bull<br \/>\n7.Jagoda Lubenica<br \/>\n8. Lubenica led<br \/>\n9. So\u010dna breskva Led<br \/>\n10.Love 66<br \/>\n11.Breskva mango ananas<br \/>\n12.Plavi razz limunada<br \/>\n13. Cola od tre\u0161nje<br \/>\n14.Tropski vo\u0107ni pun\u010d<br \/>\n15.Trostruka lubenica led<br \/>\n16.Milk\u0161ejk od jagode i banane<br \/>\n17.Gospodin plavi<br \/>\n18. Bombon od jagode i maline<br \/>\n19.Lubenica kivi led<br \/>\n20.Borovnica brusnica tre\u0161nja<\/p>\n<h3><a href=\"https:\/\/vapehosale.com\/hr\/product-category\/vapme-vape\/\"><strong class=\"Yjhzub\" data-sfc-root=\"c\" data-sfc-cb=\"\" data-complete=\"true\">Vapme jednokratni vape veleprodaja <\/strong><\/a>Kontakt veletrgovca<\/h3>\n<p>\u2709\ufe0f E-mail: vicky@essenvape.com<br \/>\n\ud83d\udcde WhatsApp\/Telefon: <a href=\"https:\/\/wa.me\/8618077105750\">+8618077105750<\/a><br \/>\n\ud83d\udd58 Radno vrijeme: 9:00 \u2013 18:00<br \/>\n\ud83d\udccd Lokacija: Zagreb<\/p>\n<p>\u2705 Veletrgovci i distributeri dobrodo\u0161li su prilagoditi narud\u017ebe<br \/>\n\u2705Pru\u017eamo najkvalitetnije proizvode i najprofesionalnije usluge.<\/p>\n<p><img decoding=\"async\" class=\"alignnone size-full wp-image-2638\" src=\"https:\/\/vapehosale.com\/wp-content\/uploads\/2023\/09\/885301ea6f5e0b91f5ab2b1c85e665c.png\" alt=\"Tvornica RandM\" width=\"670\" height=\"658\" srcset=\"https:\/\/vapehosale.com\/wp-content\/uploads\/2023\/09\/885301ea6f5e0b91f5ab2b1c85e665c.png 670w, https:\/\/vapehosale.com\/wp-content\/uploads\/2023\/09\/885301ea6f5e0b91f5ab2b1c85e665c-300x295.png 300w, https:\/\/vapehosale.com\/wp-content\/uploads\/2023\/09\/885301ea6f5e0b91f5ab2b1c85e665c-600x589.png 600w\" sizes=\"(max-width: 670px) 100vw, 670px\" \/><\/p>\n<h2 data-start=\"2346\" data-end=\"2384\">Za\u0161to odabrati Vapme 50K pametni zaslon vape?<\/h2>\n<ol data-start=\"2386\" data-end=\"2653\">\n<li data-start=\"2386\" data-end=\"2423\">Do 50.000 povla\u010denja za produ\u017eenu upotrebu<\/li>\n<li data-start=\"2424\" data-end=\"2478\">Pametni LED zaslon za pra\u0107enje baterije i e-teku\u0107ine<\/li>\n<li data-start=\"2479\" data-end=\"2524\">Dvostruka mesh grija\u010da za vrhunsku isporuku okusa<\/li>\n<li data-start=\"2525\" data-end=\"2575\">Punjiva baterija od 650mAh s Type-C punjenjem<\/li>\n<li data-start=\"2576\" data-end=\"2612\">Vi\u0161e opcija ja\u010dine nikotina<\/li>\n<li data-start=\"2613\" data-end=\"2653\">Kompaktan dizajn s vrhunskom ergonomijom<\/li>\n<\/ol>\n<h3><strong>Sadr\u017eaj pakiranja:<\/strong><\/h3>\n<p>1 x Solaris 30k udisaja jednokratni vape Don Leon 1942<\/p>\n<h2 data-start=\"591\" data-end=\"649\">Pametni digitalni zaslon: Pra\u0107enje u stvarnom vremenu na prvi pogled<\/h2>\n<p data-start=\"651\" data-end=\"762\">Vapme Box Style 50000 Puffsa integrirani visokodefinicijski digitalni zaslon daje vam potpunu kontrolu nad va\u0161im iskustvom parenja prikazuju\u0107i:<\/p>\n<ol data-start=\"764\" data-end=\"818\">\n<li data-start=\"764\" data-end=\"791\">Postotak razine e-teku\u0107ine<\/li>\n<li data-start=\"792\" data-end=\"818\">Postotak razine baterije<\/li>\n<\/ol>\n<p data-start=\"820\" data-end=\"916\">Uz precizne podatke u stvarnom vremenu, uvijek znate kada je vrijeme za punjenje ili zamjenu ure\u0111aja.<\/p>\n<h2 data-start=\"923\" data-end=\"980\">Tehnologija dvostruke mesh zavojnice: Pobolj\u0161ana konzistentnost okusa<\/h2>\n<p data-start=\"982\" data-end=\"1086\">Vapme Dual Mesh 50000 Puffs Vape ima sustav dvostruke mesh zavojnice od 1,0\u03a9 dizajniran za brzo i ravnomjerno zagrijavanje.<\/p>\n<p data-start=\"1088\" data-end=\"1219\">U usporedbi s tradicionalnim dizajnom s jednom zavojnicom, dvostruka mesh struktura pove\u0107ava u\u010dinkovitost atomizacije do 50%, \u0161to rezultira:<\/p>\n<ol data-start=\"1221\" data-end=\"1358\">\n<li data-start=\"1221\" data-end=\"1248\">Intenzivnijim okusom<\/li>\n<li data-start=\"1249\" data-end=\"1276\">Glatkijom proizvodnjom pare<\/li>\n<li data-start=\"1277\" data-end=\"1306\">Konzistentnijim performansama<\/li>\n<li data-start=\"1307\" data-end=\"1358\">Pobolj\u0161anim zadr\u017eavanjem okusa od prvog do zadnjeg povla\u010denja<\/li>\n<\/ol>\n<p data-start=\"1360\" data-end=\"1448\">Od slatkih vo\u0107nih mje\u0161avina do ledenih mentol profila, svaki udah ostaje bogat i uravnote\u017een.<\/p>\n<h2 data-start=\"1455\" data-end=\"1491\">Ergonomski i prijenosni dizajn kutije<\/h2>\n<p data-start=\"1493\" data-end=\"1598\">Unato\u010d velikom kapacitetu povla\u010denja, Vapme Box Style 50000 Puffs zadr\u017eava kompaktan i udoban oblik.<\/p>\n<p data-start=\"1600\" data-end=\"1628\">Klju\u010dne prednosti dizajna uklju\u010duju:<\/p>\n<ul data-start=\"1630\" data-end=\"1759\">\n<li data-start=\"1630\" data-end=\"1658\">Protuklizna teksturirana vanj\u0161tina<\/li>\n<li data-start=\"1659\" data-end=\"1688\">Udoban ravan usnik<\/li>\n<li data-start=\"1689\" data-end=\"1716\">Oblik kutije koji stane u d\u017eep<\/li>\n<li data-start=\"1717\" data-end=\"1759\">Optimizirano za Mouth-to-Lung (MTL) vaping<\/li>\n<\/ul>\n<p data-start=\"1761\" data-end=\"1833\">Vapme Smart Display jednokratni vape sigurno le\u017ei u ruci i udoban je za dugotrajnu upotrebu.<\/p>\n<p>Kontakt za katalog proizvoda:<a href=\"https:\/\/wa.me\/8618077105750\">kupite sada provjerite sve veleprodajne cijene<\/a><br \/>\nOstali top prodajni vape koji vam mogu zatrebati<\/p>\n<p><a href=\"https:\/\/vapehosale.com\/hr\/product-category\/vapme-vape\/\">Vapme Vape u mojoj blizini\ud83d\udc48\ud83c\udffb<\/a><br \/>\n<a href=\"https:\/\/vapehosale.com\/hr\/product-category\/wholesale-50k-puffs-disposable-vape\/\"><strong class=\"Yjhzub\" data-sfc-root=\"c\" data-sfc-cb=\"\" data-complete=\"true\">Jednokratna vape s 50000 povla\u010denja<\/strong><\/a><\/p>\n<p><a href=\"https:\/\/vapehosale.com\/hr\/product-category\/disposable-vape-in-european-warehouse\/\">preuzmite katalog jednokratnih vape proizvoda iz skladi\u0161ta u Hrvatskoj ovdje\ud83d\udc48\ud83c\udffb<\/a><\/p>\n<h4>vrijeme dostave:<\/h4>\n<p>dostava iz skladi\u0161ta u Kini<\/p>\n<p>1. Vrijeme proizvodnje: \u0161aljemo unutar 5 radnih dana (nakon primitka uplate)<\/p>\n<p>2. Vrijeme dostave: 10-14 dana (U slu\u010daju praznika i carinske kontrole, vrijeme dostave mo\u017ee biti produ\u017eeno.)<\/p>\n<h4>Na\u010dini pla\u0107anja:<\/h4>\n<p>1. bankovni transfer\/western union\/wise\/revolut\/postepay \u2705<span style=\"color: #ff0000\"><span class=\"x1rg5ohu x16dsc37 x19la9d6 x1fc57z9 x6ikm8r x10wlt62 x19co3pv x11tp94h xw4jnvo x1qx5ct2 xfibh0p xiy17q3 x1xsqp64 x1lkfr7t xexx8yu xyri2b x18d9i69 x1c1uobl\"><span class=\"xrtxmta x1bhl96m\"><br \/>\n<\/span><\/span><\/span><span class=\"x1rg5ohu x16dsc37 x19la9d6 x1fc57z9 x6ikm8r x10wlt62 x19co3pv x11tp94h xw4jnvo x1qx5ct2 xfibh0p xiy17q3 x1xsqp64 x1lkfr7t xexx8yu xyri2b x18d9i69 x1c1uobl\"><span class=\"xrtxmta x1bhl96m\">2.<\/span><\/span><span class=\"x1rg5ohu x16dsc37 x19la9d6 x1fc57z9 x6ikm8r x10wlt62 x19co3pv x11tp94h xw4jnvo x1qx5ct2 xfibh0p xiy17q3 x1xsqp64 x1lkfr7t xexx8yu xyri2b x18d9i69 x1c1uobl\"><span class=\"xrtxmta x1bhl96m\">izdana faktura<br \/>\nproforma faktura\u27a1\ufe0fra\u010dun tvrtke\u27a1\ufe0fpodatci za naplatu<br \/>\n3. ne podr\u017eava <span style=\"color: #ff0000\">pla\u0107anje pouze\u0107em<\/span> jo\u0161\u274c<br \/>\n<\/span><\/span><\/p>\n<p>Svi proizvodi u na\u0161oj trgovini su 100% originalni i autenti\u010dni, stoga je deseterostruka naknada za krivotvorenu robu politika na\u0161e trgovine.<\/p>\n<h5><span style=\"color: #ff0000\">Min narud\u017eba 50 kom<\/span><\/h5>","protected":false},"excerpt":{"rendered":"<p data-start=\"2414\" data-end=\"2672\">Vapme Digital Box 50000 Puffs je jednokratni vape visokog kapaciteta dizajniran za korisnike koji \u017eele maksimalnu dugotrajnost i vrhunsku izvedbu. Ima pametni LED zaslon koji prikazuje razinu baterije i e-teku\u0107ine u stvarnom vremenu, dvostruku mesh zavojnicu od 1,0\u03a9 za pobolj\u0161anu konzistentnost okusa te punjivu bateriju od 650mAh s Type-C brzim punjenjem. Dostupan u ja\u010dinama nikotina 2% i 5%, ovaj ure\u0111aj pru\u017ea do 50.000 povla\u010denja u kompaktnom i ergonomskom box dizajnu.<br \/>\n<span style=\"color: #ff0000\">(cijena na web stranici ne uklju\u010duje tro\u0161kove dostave)<\/span><\/p>\n<p><span style=\"color: #ff0000\">MOQ:50 komada, kontaktirajte Vicky za veleprodajni katalog Vozol sada<\/span><\/p>\n<p><img decoding=\"async\" class=\"alignnone size-medium wp-image-2638\" src=\"https:\/\/vapehosale.com\/wp-content\/uploads\/2023\/09\/885301ea6f5e0b91f5ab2b1c85e665c-300x295.png\" alt=\"Tvornica RandM\" width=\"300\" height=\"295\" srcset=\"https:\/\/vapehosale.com\/wp-content\/uploads\/2023\/09\/885301ea6f5e0b91f5ab2b1c85e665c-300x295.png 300w, https:\/\/vapehosale.com\/wp-content\/uploads\/2023\/09\/885301ea6f5e0b91f5ab2b1c85e665c-600x589.png 600w, https:\/\/vapehosale.com\/wp-content\/uploads\/2023\/09\/885301ea6f5e0b91f5ab2b1c85e665c.png 670w\" sizes=\"(max-width: 300px) 100vw, 300px\" \/><\/p>\n<p>&nbsp;<\/p>","protected":false},"featured_media":6719,"comment_status":"open","ping_status":"closed","template":"","meta":{"_uag_custom_page_level_css":"","_lmt_disableupdate":"no","_lmt_disable":"","site-sidebar-layout":"default","site-content-layout":"","ast-site-content-layout":"default","site-content-style":"default","site-sidebar-style":"default","ast-global-header-display":"","ast-banner-title-visibility":"","ast-main-header-display":"","ast-hfb-above-header-display":"","ast-hfb-below-header-display":"","ast-hfb-mobile-header-display":"","site-post-title":"","ast-breadcrumbs-content":"","ast-featured-img":"","footer-sml-layout":"","theme-transparent-header-meta":"default","adv-header-id-meta":"","stick-header-meta":"","header-above-stick-meta":"","header-main-stick-meta":"","header-below-stick-meta":"","astra-migrate-meta-layouts":"set","_joinchat":[]},"product_cat":[98,41,55,15,137],"product_tag":[35,53],"class_list":["post-6725","product","type-product","status-publish","has-post-thumbnail","hentry","product_cat-wholesale-50k-puffs-disposable-vape","product_cat-europe-hot-sale-vape","product_cat-minimum-order-quantity-50pcs","product_cat-vape-shop-wholesale","product_cat-vapme-vape","product_tag-rechargeable-disposable-device","product_tag-vapme-vape","desktop-align-left","tablet-align-left","mobile-align-left"],"yoast_head":"<!-- This site is optimized with the Yoast SEO plugin v21.1 - https:\/\/yoast.com\/wordpress\/plugins\/seo\/ -->\n<title>Vapme Digital Box 50K Puffs Disposable Vape - Vape Wholesale<\/title>\n<meta name=\"description\" content=\"Buy Vapme Digital Box 50000 Puffs with a smart LED display, dual mesh coil, 650mAh rechargeable battery, and Type-C charging for long-lasting flavor.\" \/>\n<meta name=\"robots\" content=\"index, follow, max-snippet:-1, max-image-preview:large, max-video-preview:-1\" \/>\n<link rel=\"canonical\" href=\"https:\/\/vapehosale.com\/hr\/product\/vapme-digital-box-50000-puffs-disposable-vape\/\" \/>\n<meta property=\"og:locale\" content=\"hr_HR\" \/>\n<meta property=\"og:type\" content=\"article\" \/>\n<meta property=\"og:title\" content=\"Vapme Digital Box 50K Puffs Disposable Vape - Vape Wholesale\" \/>\n<meta property=\"og:description\" content=\"Buy Vapme Digital Box 50000 Puffs with a smart LED display, dual mesh coil, 650mAh rechargeable battery, and Type-C charging for long-lasting flavor.\" \/>\n<meta property=\"og:url\" content=\"https:\/\/vapehosale.com\/hr\/product\/vapme-digital-box-50000-puffs-disposable-vape\/\" \/>\n<meta property=\"og:site_name\" content=\"Vape Wholesale\" \/>\n<meta property=\"article:modified_time\" content=\"2026-05-11T09:36:42+00:00\" \/>\n<meta property=\"og:image\" content=\"https:\/\/vapehosale.com\/wp-content\/uploads\/2026\/05\/Vapme-Digital-Box-50k-bulk-buy-discounts.webp\" \/>\n\t<meta property=\"og:image:width\" content=\"1000\" \/>\n\t<meta property=\"og:image:height\" content=\"1000\" \/>\n\t<meta property=\"og:image:type\" content=\"image\/webp\" \/>\n<meta name=\"twitter:card\" content=\"summary_large_image\" \/>\n<meta name=\"twitter:label1\" content=\"Procijenjeno vrijeme \u010ditanja\" \/>\n\t<meta name=\"twitter:data1\" content=\"3 minute\" \/>\n<script type=\"application\/ld+json\" class=\"yoast-schema-graph\">{\"@context\":\"https:\/\/schema.org\",\"@graph\":[{\"@type\":\"WebPage\",\"@id\":\"https:\/\/vapehosale.com\/product\/vapme-digital-box-50000-puffs-disposable-vape\/\",\"url\":\"https:\/\/vapehosale.com\/product\/vapme-digital-box-50000-puffs-disposable-vape\/\",\"name\":\"Vapme Digital Box 50K Puffs Disposable Vape - Vape Wholesale\",\"isPartOf\":{\"@id\":\"https:\/\/vapehosale.com\/#website\"},\"datePublished\":\"2026-05-11T03:55:42+00:00\",\"dateModified\":\"2026-05-11T09:36:42+00:00\",\"description\":\"Buy Vapme Digital Box 50000 Puffs with a smart LED display, dual mesh coil, 650mAh rechargeable battery, and Type-C charging for long-lasting flavor.\",\"breadcrumb\":{\"@id\":\"https:\/\/vapehosale.com\/product\/vapme-digital-box-50000-puffs-disposable-vape\/#breadcrumb\"},\"inLanguage\":\"hr\",\"potentialAction\":[{\"@type\":\"ReadAction\",\"target\":[\"https:\/\/vapehosale.com\/product\/vapme-digital-box-50000-puffs-disposable-vape\/\"]}]},{\"@type\":\"BreadcrumbList\",\"@id\":\"https:\/\/vapehosale.com\/product\/vapme-digital-box-50000-puffs-disposable-vape\/#breadcrumb\",\"itemListElement\":[{\"@type\":\"ListItem\",\"position\":1,\"name\":\"Home\",\"item\":\"https:\/\/vapehosale.com\/\"},{\"@type\":\"ListItem\",\"position\":2,\"name\":\"Best Sell Vapes\",\"item\":\"https:\/\/vapehosale.com\/vape-shop\/\"},{\"@type\":\"ListItem\",\"position\":3,\"name\":\"Vapme Digital Box 50K Puffs Disposable Vape\"}]},{\"@type\":\"WebSite\",\"@id\":\"https:\/\/vapehosale.com\/#website\",\"url\":\"https:\/\/vapehosale.com\/\",\"name\":\"Vape Wholesale\",\"description\":\"Buy Vape Wholesale Price Near you\",\"potentialAction\":[{\"@type\":\"SearchAction\",\"target\":{\"@type\":\"EntryPoint\",\"urlTemplate\":\"https:\/\/vapehosale.com\/?s={search_term_string}\"},\"query-input\":\"required name=search_term_string\"}],\"inLanguage\":\"hr\"}]}<\/script>\n<!-- \/ Yoast SEO plugin. -->","yoast_head_json":{"title":"Vapme Digital Box 50K Puffs Disposable Vape - Vape Wholesale","description":"Buy Vapme Digital Box 50000 Puffs with a smart LED display, dual mesh coil, 650mAh rechargeable battery, and Type-C charging for long-lasting flavor.","robots":{"index":"index","follow":"follow","max-snippet":"max-snippet:-1","max-image-preview":"max-image-preview:large","max-video-preview":"max-video-preview:-1"},"canonical":"https:\/\/vapehosale.com\/hr\/product\/vapme-digital-box-50000-puffs-disposable-vape\/","og_locale":"hr_HR","og_type":"article","og_title":"Vapme Digital Box 50K Puffs Disposable Vape - Vape Wholesale","og_description":"Buy Vapme Digital Box 50000 Puffs with a smart LED display, dual mesh coil, 650mAh rechargeable battery, and Type-C charging for long-lasting flavor.","og_url":"https:\/\/vapehosale.com\/hr\/product\/vapme-digital-box-50000-puffs-disposable-vape\/","og_site_name":"Vape Wholesale","article_modified_time":"2026-05-11T09:36:42+00:00","og_image":[{"width":1000,"height":1000,"url":"https:\/\/vapehosale.com\/wp-content\/uploads\/2026\/05\/Vapme-Digital-Box-50k-bulk-buy-discounts.webp","type":"image\/webp"}],"twitter_card":"summary_large_image","twitter_misc":{"Procijenjeno vrijeme \u010ditanja":"3 minute"},"schema":{"@context":"https:\/\/schema.org","@graph":[{"@type":"WebPage","@id":"https:\/\/vapehosale.com\/product\/vapme-digital-box-50000-puffs-disposable-vape\/","url":"https:\/\/vapehosale.com\/product\/vapme-digital-box-50000-puffs-disposable-vape\/","name":"Vapme Digital Box 50K Puffs Disposable Vape - Vape Wholesale","isPartOf":{"@id":"https:\/\/vapehosale.com\/#website"},"datePublished":"2026-05-11T03:55:42+00:00","dateModified":"2026-05-11T09:36:42+00:00","description":"Buy Vapme Digital Box 50000 Puffs with a smart LED display, dual mesh coil, 650mAh rechargeable battery, and Type-C charging for long-lasting flavor.","breadcrumb":{"@id":"https:\/\/vapehosale.com\/product\/vapme-digital-box-50000-puffs-disposable-vape\/#breadcrumb"},"inLanguage":"hr","potentialAction":[{"@type":"ReadAction","target":["https:\/\/vapehosale.com\/product\/vapme-digital-box-50000-puffs-disposable-vape\/"]}]},{"@type":"BreadcrumbList","@id":"https:\/\/vapehosale.com\/product\/vapme-digital-box-50000-puffs-disposable-vape\/#breadcrumb","itemListElement":[{"@type":"ListItem","position":1,"name":"Home","item":"https:\/\/vapehosale.com\/"},{"@type":"ListItem","position":2,"name":"Best Sell Vapes","item":"https:\/\/vapehosale.com\/vape-shop\/"},{"@type":"ListItem","position":3,"name":"Vapme Digital Box 50K Puffs Disposable Vape"}]},{"@type":"WebSite","@id":"https:\/\/vapehosale.com\/#website","url":"https:\/\/vapehosale.com\/","name":"Vape Wholesale","description":"Buy Vape Wholesale Price Near you","potentialAction":[{"@type":"SearchAction","target":{"@type":"EntryPoint","urlTemplate":"https:\/\/vapehosale.com\/?s={search_term_string}"},"query-input":"required name=search_term_string"}],"inLanguage":"hr"}]}},"uagb_featured_image_src":{"full":["https:\/\/vapehosale.com\/wp-content\/uploads\/2026\/05\/Vapme-Digital-Box-50k-bulk-buy-discounts.webp",1000,1000,false],"thumbnail":["https:\/\/vapehosale.com\/wp-content\/uploads\/2026\/05\/Vapme-Digital-Box-50k-bulk-buy-discounts-150x150.webp",150,150,true],"medium":["https:\/\/vapehosale.com\/wp-content\/uploads\/2026\/05\/Vapme-Digital-Box-50k-bulk-buy-discounts-300x300.webp",300,300,true],"medium_large":["https:\/\/vapehosale.com\/wp-content\/uploads\/2026\/05\/Vapme-Digital-Box-50k-bulk-buy-discounts-768x768.webp",768,768,true],"large":["https:\/\/vapehosale.com\/wp-content\/uploads\/2026\/05\/Vapme-Digital-Box-50k-bulk-buy-discounts.webp",1000,1000,false],"1536x1536":["https:\/\/vapehosale.com\/wp-content\/uploads\/2026\/05\/Vapme-Digital-Box-50k-bulk-buy-discounts.webp",1000,1000,false],"2048x2048":["https:\/\/vapehosale.com\/wp-content\/uploads\/2026\/05\/Vapme-Digital-Box-50k-bulk-buy-discounts.webp",1000,1000,false],"trp-custom-language-flag":["https:\/\/vapehosale.com\/wp-content\/uploads\/2026\/05\/Vapme-Digital-Box-50k-bulk-buy-discounts-12x12.webp",12,12,true],"woocommerce_thumbnail":["https:\/\/vapehosale.com\/wp-content\/uploads\/2026\/05\/Vapme-Digital-Box-50k-bulk-buy-discounts-300x300.webp",300,300,true],"woocommerce_single":["https:\/\/vapehosale.com\/wp-content\/uploads\/2026\/05\/Vapme-Digital-Box-50k-bulk-buy-discounts-600x600.webp",600,600,true],"woocommerce_gallery_thumbnail":["https:\/\/vapehosale.com\/wp-content\/uploads\/2026\/05\/Vapme-Digital-Box-50k-bulk-buy-discounts-100x100.webp",100,100,true],"wcpr-photo-reviews":["https:\/\/vapehosale.com\/wp-content\/uploads\/2026\/05\/Vapme-Digital-Box-50k-bulk-buy-discounts.webp",500,500,false]},"uagb_author_info":{"display_name":"Vicky hosale","author_link":"https:\/\/vapehosale.com\/hr\/author\/"},"uagb_comment_info":0,"uagb_excerpt":"Vapme Digital Box 50000 Puffs is a high-capacity disposable vape designed for users who want maximum longevity and premium performance. It features a smart LED display that shows battery and e-liquid levels in real time, a 1.0\u03a9 dual mesh coil for enhanced flavor consistency, and a 650mAh rechargeable battery with Type-C fast charging. Available in\u00a0&hellip;","_links":{"self":[{"href":"https:\/\/vapehosale.com\/hr\/wp-json\/wp\/v2\/product\/6725","targetHints":{"allow":["GET"]}}],"collection":[{"href":"https:\/\/vapehosale.com\/hr\/wp-json\/wp\/v2\/product"}],"about":[{"href":"https:\/\/vapehosale.com\/hr\/wp-json\/wp\/v2\/types\/product"}],"replies":[{"embeddable":true,"href":"https:\/\/vapehosale.com\/hr\/wp-json\/wp\/v2\/comments?post=6725"}],"wp:featuredmedia":[{"embeddable":true,"href":"https:\/\/vapehosale.com\/hr\/wp-json\/wp\/v2\/media\/6719"}],"wp:attachment":[{"href":"https:\/\/vapehosale.com\/hr\/wp-json\/wp\/v2\/media?parent=6725"}],"wp:term":[{"taxonomy":"product_cat","embeddable":true,"href":"https:\/\/vapehosale.com\/hr\/wp-json\/wp\/v2\/product_cat?post=6725"},{"taxonomy":"product_tag","embeddable":true,"href":"https:\/\/vapehosale.com\/hr\/wp-json\/wp\/v2\/product_tag?post=6725"}],"curies":[{"name":"wp","href":"https:\/\/api.w.org\/{rel}","templated":true}]}}