{"id":3069,"date":"2024-10-19T08:19:55","date_gmt":"2024-10-19T08:19:55","guid":{"rendered":"https:\/\/vapehosale.com\/?post_type=product&#038;p=3069"},"modified":"2025-08-29T09:16:23","modified_gmt":"2025-08-29T09:16:23","slug":"randm-fumot-tornado-30k-music-disposable-vape","status":"publish","type":"product","link":"https:\/\/vapehosale.com\/hr\/product\/randm-fumot-tornado-30k-music-disposable-vape\/","title":{"rendered":"Veleprodaja Fumot Tornado 30000 Puffs Jednokratni vape"},"content":{"rendered":"<h2 style=\"text-align: center\">Fumot Tornado 30K Music jednokratni Vape<\/h2>\n<p>Fumot Tornado 30K Music jednokratni vape pru\u017ea impresivno iskustvo s 30000 udisaja, bogatim okusom i sna\u017enim performansama. S 30 opcija okusa, punjivom baterijom od 600 mAh i brzim Type-C punjenjem, osigurava dugotrajno zadovoljstvo. Napredna mre\u017easta zavojnica od 1.0\u03a9 pobolj\u0161ava paru i okus, dok se dinami\u010dna svjetla sinkroniziraju s glazbom za moderan dodir. Dizajniran za tr\u017ei\u0161ta diljem Europe, RandM Tornado 30000 Puffs pametan je izbor za mlade mu\u0161karce koji cijene stil i izdr\u017eljivost.<\/p>\n<p><img decoding=\"async\" class=\"alignnone size-full wp-image-3073\" src=\"https:\/\/vapehosale.com\/wp-content\/uploads\/2024\/10\/Discount-Fumot-Tornado-Vape-Products-in-Bulk.png\" alt=\"Popust na Fumot Tornado Vape proizvode na veliko\" width=\"900\" height=\"387\" srcset=\"https:\/\/vapehosale.com\/wp-content\/uploads\/2024\/10\/Discount-Fumot-Tornado-Vape-Products-in-Bulk.png 900w, https:\/\/vapehosale.com\/wp-content\/uploads\/2024\/10\/Discount-Fumot-Tornado-Vape-Products-in-Bulk-300x129.png 300w, https:\/\/vapehosale.com\/wp-content\/uploads\/2024\/10\/Discount-Fumot-Tornado-Vape-Products-in-Bulk-768x330.png 768w, https:\/\/vapehosale.com\/wp-content\/uploads\/2024\/10\/Discount-Fumot-Tornado-Vape-Products-in-Bulk-600x258.png 600w\" sizes=\"(max-width: 900px) 100vw, 900px\" \/><\/p>\n<p>&nbsp;<\/p>\n<h2>Popis okusa Fumot Tornado 30000 Puffs:<\/h2>\n<p><img decoding=\"async\" class=\"alignnone size-full wp-image-3072\" src=\"https:\/\/vapehosale.com\/wp-content\/uploads\/2024\/10\/Buy-Fumot-Tornado-30K-Music-Disposable-Vape.png\" alt=\"Kupi Fumot Tornado 30K Music jednokratni Vape\" width=\"900\" height=\"437\" srcset=\"https:\/\/vapehosale.com\/wp-content\/uploads\/2024\/10\/Buy-Fumot-Tornado-30K-Music-Disposable-Vape.png 900w, https:\/\/vapehosale.com\/wp-content\/uploads\/2024\/10\/Buy-Fumot-Tornado-30K-Music-Disposable-Vape-300x146.png 300w, https:\/\/vapehosale.com\/wp-content\/uploads\/2024\/10\/Buy-Fumot-Tornado-30K-Music-Disposable-Vape-768x373.png 768w, https:\/\/vapehosale.com\/wp-content\/uploads\/2024\/10\/Buy-Fumot-Tornado-30K-Music-Disposable-Vape-600x291.png 600w\" sizes=\"(max-width: 900px) 100vw, 900px\" \/><\/p>\n<p>1. Banana Led<br \/>\n2. Crni led<br \/>\n3. Plava malina led<br \/>\n4. Borovnica na ledu<br \/>\n5. Borovnica malina<br \/>\n6. Borovnica kisela malina<br \/>\n7. Tre\u0161nja led<br \/>\n8. Tre\u0161nja kola<br \/>\n9. Kola led<br \/>\n10. Hladna metvica<br \/>\n11. Dvostruka jabuka<br \/>\n12. Dr. Plavi<br \/>\n13. Gro\u017e\u0111e led<br \/>\n14. Ledeni pop<br \/>\n15. Kivi marakuja guava<br \/>\n16. Ljubav 66<br \/>\n17. Bujni led<br \/>\n18. Mje\u0161ovito bobi\u010dasto vo\u0107e<br \/>\n19. Breskva bobi\u010dasto vo\u0107e<br \/>\n20. Led od breskve<br \/>\n21. Breskva, mango, ananas<br \/>\n22. Led od ananasa<br \/>\n23. Ru\u017ei\u010dasta limunada<br \/>\n24. Skittles<br \/>\n25. Jagoda, banana<br \/>\n26. Jagoda, gro\u017e\u0111e<br \/>\n27. Led od jagode<br \/>\n28. Jagoda, lubenica<br \/>\n29. Trostruki mango<br \/>\n30. Vimto<\/p>\n<h2>Zna\u010dajke Fumot Tornado 30000 Puffs:<\/h2>\n<ol>\n<li><strong>30000 Udisaja<\/strong>: U\u017eivajte u impresivnih <strong>30000 puhanja<\/strong> s ovim ure\u0111ajem, <strong>Fumot Vejp<\/strong>\u0161to ga \u010dini savr\u0161enim za one koji \u017eele dulje iskustvo vapinga bez \u010destog punjenja.<\/li>\n<li><strong>Punjiva baterija<\/strong>: <strong>600mAh punjivom baterijom<\/strong> s <strong>Tip-C<\/strong> punjenje osigurava da mo\u017eete brzo i prakti\u010dno napuniti svoj vape, \u010dak i tijekom dugih sesija.<\/li>\n<li><strong>Mesh Coil tehnologija<\/strong>: <strong>1.0\u03a9 mre\u017easta zavojnica<\/strong> pobolj\u0161ava proizvodnju pare i intenzitet okusa, pru\u017eaju\u0107i gladak i dosljedan hit svaki put.<\/li>\n<li><strong>Glazba<\/strong>: Ovo <strong>Fumot jednokratna vape<\/strong> sinkronizira se s glazbom, a svjetla se mijenjaju u ritmu, dodaju\u0107i uzbudljivu senzornu dimenziju va\u0161im vape sesijama.<\/li>\n<li><strong>Ja\u010dina nikotina<\/strong>: Dostupno u <strong>2% ili 5% nikotina<\/strong>, zadovoljavaju\u0107i i umjerene i visoke preferencije nikotina.<\/li>\n<li><strong>30 okusa<\/strong>: S <strong>30 okusa<\/strong> dostupnih, u rasponu od vo\u0107nih do mentolnih, <strong>Fumot Tornado Vape<\/strong> nudi razne opcije za svaki ukus, osiguravaju\u0107i da \u0107ete prona\u0107i svog favorita me\u0111u <strong>najboljim okusima RandM vape 30K<\/strong>.<\/li>\n<\/ol>\n<p><img decoding=\"async\" class=\"alignnone size-full wp-image-3075\" src=\"https:\/\/vapehosale.com\/wp-content\/uploads\/2024\/10\/Fumot-Tornado-30K-Music-Vape-for-Sale.png\" alt=\"\" width=\"900\" height=\"439\" srcset=\"https:\/\/vapehosale.com\/wp-content\/uploads\/2024\/10\/Fumot-Tornado-30K-Music-Vape-for-Sale.png 900w, https:\/\/vapehosale.com\/wp-content\/uploads\/2024\/10\/Fumot-Tornado-30K-Music-Vape-for-Sale-300x146.png 300w, https:\/\/vapehosale.com\/wp-content\/uploads\/2024\/10\/Fumot-Tornado-30K-Music-Vape-for-Sale-768x375.png 768w, https:\/\/vapehosale.com\/wp-content\/uploads\/2024\/10\/Fumot-Tornado-30K-Music-Vape-for-Sale-600x293.png 600w\" sizes=\"(max-width: 900px) 100vw, 900px\" \/><\/p>\n<p><img decoding=\"async\" class=\"alignnone size-full wp-image-3071\" src=\"https:\/\/vapehosale.com\/wp-content\/uploads\/2024\/10\/Bulk-Fumot-Tornado-30K-Disposable-Vape-Music-Edition.png\" alt=\"\" width=\"900\" height=\"392\" srcset=\"https:\/\/vapehosale.com\/wp-content\/uploads\/2024\/10\/Bulk-Fumot-Tornado-30K-Disposable-Vape-Music-Edition.png 900w, https:\/\/vapehosale.com\/wp-content\/uploads\/2024\/10\/Bulk-Fumot-Tornado-30K-Disposable-Vape-Music-Edition-300x131.png 300w, https:\/\/vapehosale.com\/wp-content\/uploads\/2024\/10\/Bulk-Fumot-Tornado-30K-Disposable-Vape-Music-Edition-768x335.png 768w, https:\/\/vapehosale.com\/wp-content\/uploads\/2024\/10\/Bulk-Fumot-Tornado-30K-Disposable-Vape-Music-Edition-600x261.png 600w\" sizes=\"(max-width: 900px) 100vw, 900px\" \/><\/p>\n<p><img decoding=\"async\" class=\"alignnone size-full wp-image-3070\" src=\"https:\/\/vapehosale.com\/wp-content\/uploads\/2024\/10\/30000-Puffs-Fumot-Tornado-Disposable-Vape-Wholesale.png\" alt=\"Veleprodaja Fumot Tornado jednokratnih Vapeova od 30000 udisaja\" width=\"900\" height=\"393\" srcset=\"https:\/\/vapehosale.com\/wp-content\/uploads\/2024\/10\/30000-Puffs-Fumot-Tornado-Disposable-Vape-Wholesale.png 900w, https:\/\/vapehosale.com\/wp-content\/uploads\/2024\/10\/30000-Puffs-Fumot-Tornado-Disposable-Vape-Wholesale-300x131.png 300w, https:\/\/vapehosale.com\/wp-content\/uploads\/2024\/10\/30000-Puffs-Fumot-Tornado-Disposable-Vape-Wholesale-768x335.png 768w, https:\/\/vapehosale.com\/wp-content\/uploads\/2024\/10\/30000-Puffs-Fumot-Tornado-Disposable-Vape-Wholesale-600x262.png 600w\" sizes=\"(max-width: 900px) 100vw, 900px\" \/><\/p>\n<h3>Za\u0161to odabrati Fumot Tornado 30000 Puffs vape?<\/h3>\n<ol>\n<li><strong>Fumot Vape 30000 Puffs blizu mene<\/strong>: Ako tra\u017eite najpouzdaniji jednokratni vape s velikim kapacitetom puhanja, ovaj je proizvod najbolja opcija dostupna u va\u0161em lokalnom podru\u010dju.<\/li>\n<li><strong>Veleprodaja Fumot 30K<\/strong>: Za trgovce, kupnja <strong>Veleprodaja Fumot 30K<\/strong> vape je izvrsna prilika da svojim kupcima ponudite proizvod koji je u trendu i za kojim postoji velika potra\u017enja.<\/li>\n<li><strong>Fumot Vape 30000<\/strong>: Dizajniran s prijenosno\u0161\u0107u na umu, <strong>Fumot Box Vape<\/strong> lako se nosi, s kompaktnim oblikom koji ne \u017ertvuje performanse.<\/li>\n<li><strong>Fumot Vape RandM Tornado 30000<\/strong>: Kombiniraju\u0107i kvalitetu <strong>RandM vape<\/strong> sa zna\u010dajkama <strong>Fumot<\/strong>, ovaj vape osigurava zadovoljavaju\u0107e i glatko iskustvo sa svakim puhanjem.<\/li>\n<\/ol>\n<h3>Za\u0161to je Fumot Tornado 30k Puffs najbolji jednokratni vape?<\/h3>\n<ol>\n<li><strong>Najbolji okusi Fumot RandM Vape 30K<\/strong>: Od svje\u017eih vo\u0107nih okusa do osvje\u017eavaju\u0107ih mentola, prona\u0107i \u0107ete <strong>najboljim okusima RandM vape 30K<\/strong> u ovom ure\u0111aju, nude\u0107i vam \u0161irok izbor za istra\u017eivanje.<\/li>\n<li><strong>Kupi Fumot Tornado 30K Vape<\/strong>: Bilo da \u017eelite <strong>kupiti RandM Tornado 30K vape<\/strong> za osobnu upotrebu ili za prodaju kupcima, to je vrhunski proizvod koji pru\u017ea kvalitetu i koli\u010dinu u jednakoj mjeri.<\/li>\n<li><strong>Jednokratni Vape Fumot 30000 udisaja<\/strong>: Kao jednokratna opcija, <strong>RandM 30K vape<\/strong> nudi prakti\u010dnost bez punjenja, bez odr\u017eavanja i bez nereda. Samo vapajte i u\u017eivajte!<\/li>\n<\/ol>\n<h3>\u0160to zna\u010di RandM Fumot Tornado 30k glazba?<\/h3>\n<p>RGB svjetlo mo\u017ee treperiti u ritmu glazbe.<\/p>\n<p><img decoding=\"async\" class=\"alignnone size-full wp-image-3076\" src=\"https:\/\/vapehosale.com\/wp-content\/uploads\/2024\/10\/Fumot-Tornado-Vape-30000-Puffs-Wholesale-Store.png\" alt=\"Fumot Tornado Vape 30000 Puffs Veleprodaja\" width=\"900\" height=\"416\" srcset=\"https:\/\/vapehosale.com\/wp-content\/uploads\/2024\/10\/Fumot-Tornado-Vape-30000-Puffs-Wholesale-Store.png 900w, https:\/\/vapehosale.com\/wp-content\/uploads\/2024\/10\/Fumot-Tornado-Vape-30000-Puffs-Wholesale-Store-300x139.png 300w, https:\/\/vapehosale.com\/wp-content\/uploads\/2024\/10\/Fumot-Tornado-Vape-30000-Puffs-Wholesale-Store-768x355.png 768w, https:\/\/vapehosale.com\/wp-content\/uploads\/2024\/10\/Fumot-Tornado-Vape-30000-Puffs-Wholesale-Store-600x277.png 600w\" sizes=\"(max-width: 900px) 100vw, 900px\" \/><\/p>\n<h3><strong>Sadr\u017eaj pakiranja:<\/strong><\/h3>\n<p>1 x jednokratni vape Tornado 30k Fumot vape<\/p>\n<p>\u2705Veleprodaja iz originalne tvornice Whatsapp:<a href=\"https:\/\/wa.me\/8618077105750\">+8618077105750<\/a><\/p>\n<p>\u2705 Veletrgovci i distributeri dobrodo\u0161li su prilagoditi narud\u017ebe<br \/>\n\u2705Pru\u017eamo najkvalitetnije proizvode i najprofesionalnije usluge.<\/p>\n<p><img decoding=\"async\" class=\"alignnone size-full wp-image-2638\" src=\"https:\/\/vapehosale.com\/wp-content\/uploads\/2023\/09\/885301ea6f5e0b91f5ab2b1c85e665c.png\" alt=\"Tvornica RandM\" width=\"670\" height=\"658\" srcset=\"https:\/\/vapehosale.com\/wp-content\/uploads\/2023\/09\/885301ea6f5e0b91f5ab2b1c85e665c.png 670w, https:\/\/vapehosale.com\/wp-content\/uploads\/2023\/09\/885301ea6f5e0b91f5ab2b1c85e665c-300x295.png 300w, https:\/\/vapehosale.com\/wp-content\/uploads\/2023\/09\/885301ea6f5e0b91f5ab2b1c85e665c-600x589.png 600w\" sizes=\"(max-width: 670px) 100vw, 670px\" \/><\/p>\n<p><a href=\"https:\/\/vapehosale.com\/hr\/product\/randm-tornado-7000-puffs-disposable-vape\/\">Vape na akciji<\/a><br \/>\n<a href=\"https:\/\/vapehosale.com\/hr\/product-category\/randm-fumot-vape\/\">Katalog jednokratnih Vapeova Fumot<span class=\"x19la9d6 x1fc57z9 x6ikm8r x10wlt62 x19co3pv x1g5zs5t xfibh0p xiy17q3 x1xsqp64 x1lkfr7t xexx8yu xyri2b x18d9i69 x1c1uobl\"><span class=\"xrtxmta x1bhl96m\">\ud83d\udc48<\/span><\/span><\/a><br \/>\n<a href=\"https:\/\/vapehosale.com\/hr\/product-category\/puff-30k-disposable-vape\/\">Veleprodaja jednokratnih Vapeova od 30000 udisaja<\/a><\/p>\n<p>Kontakt za katalog proizvoda:<a href=\"https:\/\/wa.me\/8618077105750\">Kupite sada<\/a><\/p>\n<p>Vape model posebnog oblika:<a href=\"https:\/\/vapehosale.com\/hr\/product\/bulk-buy-bang-king-12000\/\">oblik boce<\/a>\/Limenka Cole\/<a href=\"https:\/\/vapehosale.com\/hr\/product\/sidia-12000-puffs-disposable-device\/\">RGB svjetlo<\/a>\/Kristal<\/p>\n<h4>Detalji dostave:<\/h4>\n<p>Vrijeme proizvodnje: 5 radnih dana<br \/>\nVrijeme isporuke: 8-14 radnih dana<\/p>\n<h4>Detalji pla\u0107anja:<\/h4>\n<p>Podr\u017eavamo pla\u0107anje bankovnom doznakom ili Western Unionom, mi smo tvornica vape iz Kine, <span style=\"color: #ff0000\">ne podr\u017eavamo pla\u0107anje pouze\u0107em.<\/span><\/p>\n<p>Svi proizvodi u na\u0161oj trgovini su 100% originalni i autenti\u010dni, stoga je deseterostruka naknada za krivotvorenu robu politika na\u0161e trgovine.<\/p>\n<h3>Postprodajna usluga:<\/h3>\n<p><span style=\"color: #ff0000\">Napomena: Nema povrata novca niti zamjene za probleme koji nisu vezani uz kvalitetu<br \/>\n<span style=\"color: #000000\">Products are made fresh according to the customer\u2019s requirements, no refunds will be provided if there are no quality problems after the customer receives the goods.<\/span><\/span><\/p>\n<p>1. Maloljetnici mla\u0111i od 21+ godina zabranjeno je kupovati jednokratne ure\u0111aje i dodatke.<\/p>\n<p>2. Neka podru\u010dja malih otoka u Hrvatskoj zahtijevaju dodatne udaljene naknade, molimo konzultirajte se s nama prije kupnje.<\/p>\n<p>3. Cijene na na\u0161oj web stranici ne uklju\u010duju tro\u0161kove dostave. Molimo kontaktirajte prodajnog menad\u017eera Vicky za upit o tro\u0161kovima dostave prije narud\u017ebe.<\/p>","protected":false},"excerpt":{"rendered":"<p>Fumot Tornado 30000 Puffs jednokratni vape nudi 30000 dimova, 30 okusa, punjivu bateriju od 600 mAh i svjetla koja se sinkroniziraju s glazbom. U\u017eivajte u dugotrajnom, aromati\u010dnom vapingu!<span style=\"color: #ff0000\">(cijena na web stranici ne uklju\u010duje tro\u0161kove dostave)<\/span><\/p>\n<p><span style=\"color: #ff0000\">kontaktirajte me za minimalnu narud\u017ebu od samo 50 komada! ne prodaje se ispod 50 komada, <\/span>Samo veleprodaja!<\/p>\n<p><img decoding=\"async\" class=\"alignnone size-medium wp-image-2638\" src=\"https:\/\/vapehosale.com\/wp-content\/uploads\/2023\/09\/885301ea6f5e0b91f5ab2b1c85e665c-300x295.png\" alt=\"Tvornica RandM\" width=\"300\" height=\"295\" srcset=\"https:\/\/vapehosale.com\/wp-content\/uploads\/2023\/09\/885301ea6f5e0b91f5ab2b1c85e665c-300x295.png 300w, https:\/\/vapehosale.com\/wp-content\/uploads\/2023\/09\/885301ea6f5e0b91f5ab2b1c85e665c-600x589.png 600w, https:\/\/vapehosale.com\/wp-content\/uploads\/2023\/09\/885301ea6f5e0b91f5ab2b1c85e665c.png 670w\" sizes=\"(max-width: 300px) 100vw, 300px\" \/><\/p>\n<p>&nbsp;<\/p>","protected":false},"featured_media":3078,"comment_status":"open","ping_status":"closed","template":"","meta":{"_uag_custom_page_level_css":"","_lmt_disableupdate":"no","_lmt_disable":"","site-sidebar-layout":"default","site-content-layout":"","ast-site-content-layout":"default","site-content-style":"default","site-sidebar-style":"default","ast-global-header-display":"","ast-banner-title-visibility":"","ast-main-header-display":"","ast-hfb-above-header-display":"","ast-hfb-below-header-display":"","ast-hfb-mobile-header-display":"","site-post-title":"","ast-breadcrumbs-content":"","ast-featured-img":"","footer-sml-layout":"","theme-transparent-header-meta":"default","adv-header-id-meta":"","stick-header-meta":"","header-above-stick-meta":"","header-main-stick-meta":"","header-below-stick-meta":"","astra-migrate-meta-layouts":"set","_joinchat":[]},"product_cat":[41,55,87,89,15],"product_tag":[76,114,35,33],"class_list":["post-3069","product","type-product","status-publish","has-post-thumbnail","hentry","product_cat-europe-hot-sale-vape","product_cat-minimum-order-quantity-50pcs","product_cat-puff-30k-disposable-vape","product_cat-randm-fumot-vape","product_cat-vape-shop-wholesale","product_tag-airflow-control-vape","product_tag-fumot-vape","product_tag-rechargeable-disposable-device","product_tag-rgb-light-disposable-vape","desktop-align-left","tablet-align-left","mobile-align-left"],"yoast_head":"<!-- This site is optimized with the Yoast SEO plugin v21.1 - https:\/\/yoast.com\/wordpress\/plugins\/seo\/ -->\n<title>Wholesale Fumot Tornado 30000 Puffs Disposable Vape - Vape Wholesale<\/title>\n<meta name=\"description\" content=\"Wholesale Fumot Vape Tornado 30K Puffs Music Disposable Vape. Rechargeable, 30 flavors, lights sync with music. Buy now for ultimate vaping!\" \/>\n<meta name=\"robots\" content=\"index, follow, max-snippet:-1, max-image-preview:large, max-video-preview:-1\" \/>\n<link rel=\"canonical\" href=\"https:\/\/vapehosale.com\/hr\/product\/randm-fumot-tornado-30k-music-disposable-vape\/\" \/>\n<meta property=\"og:locale\" content=\"hr_HR\" \/>\n<meta property=\"og:type\" content=\"article\" \/>\n<meta property=\"og:title\" content=\"Wholesale Fumot Tornado 30000 Puffs Disposable Vape - Vape Wholesale\" \/>\n<meta property=\"og:description\" content=\"Wholesale Fumot Vape Tornado 30K Puffs Music Disposable Vape. Rechargeable, 30 flavors, lights sync with music. Buy now for ultimate vaping!\" \/>\n<meta property=\"og:url\" content=\"https:\/\/vapehosale.com\/hr\/product\/randm-fumot-tornado-30k-music-disposable-vape\/\" \/>\n<meta property=\"og:site_name\" content=\"Vape Wholesale\" \/>\n<meta property=\"article:modified_time\" content=\"2025-08-29T09:16:23+00:00\" \/>\n<meta property=\"og:image\" content=\"https:\/\/vapehosale.com\/wp-content\/uploads\/2024\/10\/Fumot-Vape-Wholesale-Store-Best-Prices.jpg\" \/>\n\t<meta property=\"og:image:width\" content=\"900\" \/>\n\t<meta property=\"og:image:height\" content=\"900\" \/>\n\t<meta property=\"og:image:type\" content=\"image\/jpeg\" \/>\n<meta name=\"twitter:card\" content=\"summary_large_image\" \/>\n<meta name=\"twitter:label1\" content=\"Procijenjeno vrijeme \u010ditanja\" \/>\n\t<meta name=\"twitter:data1\" content=\"5 minuta\" \/>\n<script type=\"application\/ld+json\" class=\"yoast-schema-graph\">{\"@context\":\"https:\/\/schema.org\",\"@graph\":[{\"@type\":\"WebPage\",\"@id\":\"https:\/\/vapehosale.com\/product\/randm-fumot-tornado-30k-music-disposable-vape\/\",\"url\":\"https:\/\/vapehosale.com\/product\/randm-fumot-tornado-30k-music-disposable-vape\/\",\"name\":\"Wholesale Fumot Tornado 30000 Puffs Disposable Vape - Vape Wholesale\",\"isPartOf\":{\"@id\":\"https:\/\/vapehosale.com\/#website\"},\"datePublished\":\"2024-10-19T08:19:55+00:00\",\"dateModified\":\"2025-08-29T09:16:23+00:00\",\"description\":\"Wholesale Fumot Vape Tornado 30K Puffs Music Disposable Vape. Rechargeable, 30 flavors, lights sync with music. Buy now for ultimate vaping!\",\"breadcrumb\":{\"@id\":\"https:\/\/vapehosale.com\/product\/randm-fumot-tornado-30k-music-disposable-vape\/#breadcrumb\"},\"inLanguage\":\"hr\",\"potentialAction\":[{\"@type\":\"ReadAction\",\"target\":[\"https:\/\/vapehosale.com\/product\/randm-fumot-tornado-30k-music-disposable-vape\/\"]}]},{\"@type\":\"BreadcrumbList\",\"@id\":\"https:\/\/vapehosale.com\/product\/randm-fumot-tornado-30k-music-disposable-vape\/#breadcrumb\",\"itemListElement\":[{\"@type\":\"ListItem\",\"position\":1,\"name\":\"Home\",\"item\":\"https:\/\/vapehosale.com\/\"},{\"@type\":\"ListItem\",\"position\":2,\"name\":\"Best Sell Vapes\",\"item\":\"https:\/\/vapehosale.com\/vape-shop\/\"},{\"@type\":\"ListItem\",\"position\":3,\"name\":\"Wholesale Fumot Tornado 30000 Puffs Disposable Vape\"}]},{\"@type\":\"WebSite\",\"@id\":\"https:\/\/vapehosale.com\/#website\",\"url\":\"https:\/\/vapehosale.com\/\",\"name\":\"Vape Wholesale\",\"description\":\"Buy Vape Wholesale Price Near you\",\"potentialAction\":[{\"@type\":\"SearchAction\",\"target\":{\"@type\":\"EntryPoint\",\"urlTemplate\":\"https:\/\/vapehosale.com\/?s={search_term_string}\"},\"query-input\":\"required name=search_term_string\"}],\"inLanguage\":\"hr\"}]}<\/script>\n<!-- \/ Yoast SEO plugin. -->","yoast_head_json":{"title":"Wholesale Fumot Tornado 30000 Puffs Disposable Vape - Vape Wholesale","description":"Wholesale Fumot Vape Tornado 30K Puffs Music Disposable Vape. Rechargeable, 30 flavors, lights sync with music. Buy now for ultimate vaping!","robots":{"index":"index","follow":"follow","max-snippet":"max-snippet:-1","max-image-preview":"max-image-preview:large","max-video-preview":"max-video-preview:-1"},"canonical":"https:\/\/vapehosale.com\/hr\/product\/randm-fumot-tornado-30k-music-disposable-vape\/","og_locale":"hr_HR","og_type":"article","og_title":"Wholesale Fumot Tornado 30000 Puffs Disposable Vape - Vape Wholesale","og_description":"Wholesale Fumot Vape Tornado 30K Puffs Music Disposable Vape. Rechargeable, 30 flavors, lights sync with music. Buy now for ultimate vaping!","og_url":"https:\/\/vapehosale.com\/hr\/product\/randm-fumot-tornado-30k-music-disposable-vape\/","og_site_name":"Vape Wholesale","article_modified_time":"2025-08-29T09:16:23+00:00","og_image":[{"width":900,"height":900,"url":"https:\/\/vapehosale.com\/wp-content\/uploads\/2024\/10\/Fumot-Vape-Wholesale-Store-Best-Prices.jpg","type":"image\/jpeg"}],"twitter_card":"summary_large_image","twitter_misc":{"Procijenjeno vrijeme \u010ditanja":"5 minuta"},"schema":{"@context":"https:\/\/schema.org","@graph":[{"@type":"WebPage","@id":"https:\/\/vapehosale.com\/product\/randm-fumot-tornado-30k-music-disposable-vape\/","url":"https:\/\/vapehosale.com\/product\/randm-fumot-tornado-30k-music-disposable-vape\/","name":"Wholesale Fumot Tornado 30000 Puffs Disposable Vape - Vape Wholesale","isPartOf":{"@id":"https:\/\/vapehosale.com\/#website"},"datePublished":"2024-10-19T08:19:55+00:00","dateModified":"2025-08-29T09:16:23+00:00","description":"Wholesale Fumot Vape Tornado 30K Puffs Music Disposable Vape. Rechargeable, 30 flavors, lights sync with music. Buy now for ultimate vaping!","breadcrumb":{"@id":"https:\/\/vapehosale.com\/product\/randm-fumot-tornado-30k-music-disposable-vape\/#breadcrumb"},"inLanguage":"hr","potentialAction":[{"@type":"ReadAction","target":["https:\/\/vapehosale.com\/product\/randm-fumot-tornado-30k-music-disposable-vape\/"]}]},{"@type":"BreadcrumbList","@id":"https:\/\/vapehosale.com\/product\/randm-fumot-tornado-30k-music-disposable-vape\/#breadcrumb","itemListElement":[{"@type":"ListItem","position":1,"name":"Home","item":"https:\/\/vapehosale.com\/"},{"@type":"ListItem","position":2,"name":"Best Sell Vapes","item":"https:\/\/vapehosale.com\/vape-shop\/"},{"@type":"ListItem","position":3,"name":"Wholesale Fumot Tornado 30000 Puffs Disposable Vape"}]},{"@type":"WebSite","@id":"https:\/\/vapehosale.com\/#website","url":"https:\/\/vapehosale.com\/","name":"Vape Wholesale","description":"Buy Vape Wholesale Price Near you","potentialAction":[{"@type":"SearchAction","target":{"@type":"EntryPoint","urlTemplate":"https:\/\/vapehosale.com\/?s={search_term_string}"},"query-input":"required name=search_term_string"}],"inLanguage":"hr"}]}},"uagb_featured_image_src":{"full":["https:\/\/vapehosale.com\/wp-content\/uploads\/2024\/10\/Fumot-Vape-Wholesale-Store-Best-Prices.jpg",900,900,false],"thumbnail":["https:\/\/vapehosale.com\/wp-content\/uploads\/2024\/10\/Fumot-Vape-Wholesale-Store-Best-Prices-150x150.jpg",150,150,true],"medium":["https:\/\/vapehosale.com\/wp-content\/uploads\/2024\/10\/Fumot-Vape-Wholesale-Store-Best-Prices-300x300.jpg",300,300,true],"medium_large":["https:\/\/vapehosale.com\/wp-content\/uploads\/2024\/10\/Fumot-Vape-Wholesale-Store-Best-Prices-768x768.jpg",768,768,true],"large":["https:\/\/vapehosale.com\/wp-content\/uploads\/2024\/10\/Fumot-Vape-Wholesale-Store-Best-Prices.jpg",900,900,false],"1536x1536":["https:\/\/vapehosale.com\/wp-content\/uploads\/2024\/10\/Fumot-Vape-Wholesale-Store-Best-Prices.jpg",900,900,false],"2048x2048":["https:\/\/vapehosale.com\/wp-content\/uploads\/2024\/10\/Fumot-Vape-Wholesale-Store-Best-Prices.jpg",900,900,false],"trp-custom-language-flag":["https:\/\/vapehosale.com\/wp-content\/uploads\/2024\/10\/Fumot-Vape-Wholesale-Store-Best-Prices.jpg",12,12,false],"woocommerce_thumbnail":["https:\/\/vapehosale.com\/wp-content\/uploads\/2024\/10\/Fumot-Vape-Wholesale-Store-Best-Prices-300x300.jpg",300,300,true],"woocommerce_single":["https:\/\/vapehosale.com\/wp-content\/uploads\/2024\/10\/Fumot-Vape-Wholesale-Store-Best-Prices-600x600.jpg",600,600,true],"woocommerce_gallery_thumbnail":["https:\/\/vapehosale.com\/wp-content\/uploads\/2024\/10\/Fumot-Vape-Wholesale-Store-Best-Prices-100x100.jpg",100,100,true],"wcpr-photo-reviews":["https:\/\/vapehosale.com\/wp-content\/uploads\/2024\/10\/Fumot-Vape-Wholesale-Store-Best-Prices.jpg",500,500,false]},"uagb_author_info":{"display_name":"Vicky hosale","author_link":"https:\/\/vapehosale.com\/hr\/author\/"},"uagb_comment_info":0,"uagb_excerpt":"Fumot Tornado 30000 Puffs Disposable Vape offers 30000 puffs, 30 flavors, a rechargeable 600mAh battery, and lights that sync with music. Enjoy long-lasting, flavorful vaping!(website price not include shipping cost) contact me for min order only 50 pcs! not sale under 50pcs, Wholesale only! &nbsp;","_links":{"self":[{"href":"https:\/\/vapehosale.com\/hr\/wp-json\/wp\/v2\/product\/3069","targetHints":{"allow":["GET"]}}],"collection":[{"href":"https:\/\/vapehosale.com\/hr\/wp-json\/wp\/v2\/product"}],"about":[{"href":"https:\/\/vapehosale.com\/hr\/wp-json\/wp\/v2\/types\/product"}],"replies":[{"embeddable":true,"href":"https:\/\/vapehosale.com\/hr\/wp-json\/wp\/v2\/comments?post=3069"}],"wp:featuredmedia":[{"embeddable":true,"href":"https:\/\/vapehosale.com\/hr\/wp-json\/wp\/v2\/media\/3078"}],"wp:attachment":[{"href":"https:\/\/vapehosale.com\/hr\/wp-json\/wp\/v2\/media?parent=3069"}],"wp:term":[{"taxonomy":"product_cat","embeddable":true,"href":"https:\/\/vapehosale.com\/hr\/wp-json\/wp\/v2\/product_cat?post=3069"},{"taxonomy":"product_tag","embeddable":true,"href":"https:\/\/vapehosale.com\/hr\/wp-json\/wp\/v2\/product_tag?post=3069"}],"curies":[{"name":"wp","href":"https:\/\/api.w.org\/{rel}","templated":true}]}}