{"id":1490,"date":"2023-09-21T02:02:20","date_gmt":"2023-09-21T02:02:20","guid":{"rendered":"https:\/\/vapehosale.com\/?post_type=product&#038;p=1490"},"modified":"2025-11-28T09:11:35","modified_gmt":"2025-11-28T09:11:35","slug":"fumot-digital-box-12000-puffs","status":"publish","type":"product","link":"https:\/\/vapehosale.com\/hr\/product\/fumot-digital-box-12000-puffs\/","title":{"rendered":"Veleprodaja RandM Fumot Digital Box 12000 Puffs Vape"},"content":{"rendered":"<h1 style=\"text-align: center\">Veleprodaja Fumot Digital Box 12000 Pufova Punjiva Vape<\/h1>\n<p>Fumot Digital Box 12000 Puffs ure\u0111aj iznimne dugotrajnosti, punjiva vape, isporu\u010duje potvr\u0111enih 12.000 udisaja pokretanih zna\u010dajnim kapacitetom od 20 ml prednapunjene teku\u0107ine i integriranom baterijom od 850 mAh, zna\u010dajno smanjuju\u0107i potrebu za stalnim punjenjem ili nadopunjavanjem. Napredni Mesh Coil osigurava u\u010dinkovito isparavanje teku\u0107ine za bogatiji okus i gu\u0161\u0107e oblake. Jasno pratite svoju upotrebu pomo\u0107u integriranog digitalnog zaslona koji prikazuje razinu baterije i teku\u0107ine. Odaberite \u017eeljenu ja\u010dinu nikotina: 2% (20mg\/ml) ili 5% (50mg\/ml). fumot 12000 udisaja, dostupno je 52 razli\u010dita okusa, otkrijte svog savr\u0161enog suputnika za cjelodnevno kori\u0161tenje, dizajniranog za dugotrajne performanse.<\/p>\n<p><img decoding=\"async\" class=\"alignnone size-full wp-image-1498\" src=\"https:\/\/vapehosale.com\/wp-content\/uploads\/2023\/09\/Fumot-Digital-Box-12000-puffs-Disposable-Vape-Wholesale.jpg\" alt=\"Fumot Digital Box 12000 puffs jednokratni vape veleprodaja\" width=\"842\" height=\"540\" srcset=\"https:\/\/vapehosale.com\/wp-content\/uploads\/2023\/09\/Fumot-Digital-Box-12000-puffs-Disposable-Vape-Wholesale.jpg 842w, https:\/\/vapehosale.com\/wp-content\/uploads\/2023\/09\/Fumot-Digital-Box-12000-puffs-Disposable-Vape-Wholesale-300x192.jpg 300w, https:\/\/vapehosale.com\/wp-content\/uploads\/2023\/09\/Fumot-Digital-Box-12000-puffs-Disposable-Vape-Wholesale-768x493.jpg 768w, https:\/\/vapehosale.com\/wp-content\/uploads\/2023\/09\/Fumot-Digital-Box-12000-puffs-Disposable-Vape-Wholesale-600x385.jpg 600w\" sizes=\"(max-width: 842px) 100vw, 842px\" \/><\/p>\n<h3>Gdje mogu kupiti fumot 12000 udisaja po veleprodajnoj cijeni (cijeni za kupnju na veliko)?<\/h3>\n<h4>Fumot 12000 cijena:18\u20ac-20\u20ac<\/h4>\n<p><a href=\"https:\/\/wa.me\/8618077105750\">Za vi\u0161e informacija obratite se voditeljici prodaje Vicky, voditeljica prodaje \u0107e vam pomo\u0107i rije\u0161iti sve probleme s va\u0161om narud\u017ebom.<\/a><br \/>\n<img decoding=\"async\" class=\"alignnone size-medium wp-image-5650\" src=\"https:\/\/vapehosale.com\/wp-content\/uploads\/2025\/10\/8a420713276bf7cf308193b71e051aa3-300x274.jpg\" alt=\"Vicky\" width=\"300\" height=\"274\" srcset=\"https:\/\/vapehosale.com\/wp-content\/uploads\/2025\/10\/8a420713276bf7cf308193b71e051aa3-300x274.jpg 300w, https:\/\/vapehosale.com\/wp-content\/uploads\/2025\/10\/8a420713276bf7cf308193b71e051aa3-1024x937.jpg 1024w, https:\/\/vapehosale.com\/wp-content\/uploads\/2025\/10\/8a420713276bf7cf308193b71e051aa3-768x703.jpg 768w, https:\/\/vapehosale.com\/wp-content\/uploads\/2025\/10\/8a420713276bf7cf308193b71e051aa3-13x12.jpg 13w, https:\/\/vapehosale.com\/wp-content\/uploads\/2025\/10\/8a420713276bf7cf308193b71e051aa3-600x549.jpg 600w, https:\/\/vapehosale.com\/wp-content\/uploads\/2025\/10\/8a420713276bf7cf308193b71e051aa3.jpg 1080w\" sizes=\"(max-width: 300px) 100vw, 300px\" \/><\/p>\n<h2>Zna\u010dajke Fumot Digital Box 12000:<\/h2>\n<p>Marka:Fumot RandM<br \/>\nNikotin:2% 5%<br \/>\nUdisaji:12000<br \/>\nKapacitet:20ml<br \/>\nDostupno 52 okusa<br \/>\n850mah punjivo<br \/>\nMre\u017easti grija\u010d<br \/>\ndigitalni zaslon<br \/>\nte\u017eina:90g\/kom<br \/>\n200 komada po kutiji<\/p>\n<h2>Popis okusa RandM Fumot 12000 Pufova:<\/h2>\n<p>1 Hladna metvica<br \/>\n2 Lubenica Led<br \/>\n3 Gro\u017e\u0111e led<br \/>\n4 Borovnica malina<br \/>\n5 Jagoda lubenica<br \/>\n6 Jagoda banana<br \/>\n7 So\u010dni led<br \/>\n8 Tre\u0161nja<br \/>\n9 Jagoda Led<br \/>\n10 Ledeni liz<br \/>\n11 Ru\u017ei\u010dasta limunada<br \/>\n12 Mango na ledu<br \/>\n13 Mije\u0161ane bobi\u010daste<br \/>\n14 Jagoda krafna<br \/>\n15 Jagoda gro\u017e\u0111e<br \/>\n16 Tre\u0161nja kola<br \/>\n17 Dr. Plavi<br \/>\n18 Borovnica na ledu<br \/>\n19 Kivi passion fruit guava<br \/>\n20 Jagoda kivi<br \/>\n21 Breskva mango<br \/>\n22 Breskva na ledu<br \/>\n23 Crvena jabuka na ledu<br \/>\n24 Borovnica \u017evaka\u0107a<br \/>\n25 Bobi\u010dasta limunada<br \/>\n26 Plava malina limunada<br \/>\n27 Plava kiselkasta malina<br \/>\n28 Jagoda Red Bull<br \/>\n29 Jabuka bobi\u010dasti prasak<br \/>\n30 Lubenica Bubble Gum<br \/>\n31 Malina Lubenica<br \/>\n32 Crni Led<br \/>\n33 Borovnica Tre\u0161nja Brusnica<br \/>\n34 Jagoda Pomp (Nar)<br \/>\n35 Vimto<br \/>\n36 Tre\u0161nja Bobica<br \/>\n37 Limun<br \/>\n38 Bingo Sru\u0161avanje<br \/>\n39 Borovnica Kivi<br \/>\n41 Ledena banana<br \/>\n42 Zmajsko vo\u0107e led<br \/>\n43 Vo\u0107na fuzija<br \/>\n44 Nana i gro\u017e\u0111e<br \/>\n45 Ljubav 66<br \/>\n46 Ananas led<br \/>\n47 Crveni energetski led<br \/>\n48 Dvije jabuke<br \/>\n50 Cola led<br \/>\n51 Ledeni \u010daj s limunom<br \/>\n52 Ledeni \u010daj s breskvom<\/p>\n<h2>\u010cesta pitanja o kupnji <span class=\"___SText_anxqe-ko_\" data-ui-name=\"Link.Text\">Fumot Vape 12000 Puffs Vapes za ponovno punjenje<\/span><\/h2>\n<h4>Kako znati da je fumot vape 12000 puffs za ponovno punjenje ostao bez struje?<\/h4>\n<p>Kad Fumot vape 12k ostane bez struje, obi\u010dno se pokazuje kao manje dima, slabiji okus ili uop\u0107e nema dima. Digitalni 12k komplet dolazi s indikatorom baterije koji vam poma\u017ee u pra\u0107enju razine napajanja.<\/p>\n<h4>Gdje mogu kupiti na veliko Fumot digital box 12000 punjivi vape za jednokratnu upotrebu?<\/h4>\n<p>Fumot vape 12k digitalni box mo\u017ee se kupiti u fizi\u010dkim trgovinama i online trgovinama, posebno na veleprodajnim platformama kao \u0161to je vapehosale.com, gdje korisnici mogu prona\u0107i velik broj razli\u010ditih marki i modela vapeova i u\u017eivati u popustima za skupnu kupnju.<\/p>\n<h4>Koliko je okusa dostupno za Fumot Vape digital box 12000 puffs Vape?<\/h4>\n<p>Fumot 12000 puffs ukupno 52+ okusa dostupno.<\/p>\n<h4>\u0160to zna\u010di RandM Vape?<\/h4>\n<p>RandM Fumot Vape zna\u010di Rick and Morty Vape<\/p>\n<h4>Fumot Digital box 12000 puffs cijena?<\/h4>\n<p>maloprodajna cijena u europskom skladi\u0161tu je 12\u20ac-15\u20ac\/kom<\/p>\n<h4>Fumot Digital box 12000 puffs Prikaz paketa:<\/h4>\n<p><img decoding=\"async\" class=\"alignnone size-full wp-image-1768\" src=\"https:\/\/vapehosale.com\/wp-content\/uploads\/2023\/09\/15ce3368342a167b2c874627795f4ee.png\" alt=\"Fumot 12000 puffs vape pakiranje\" width=\"565\" height=\"594\" srcset=\"https:\/\/vapehosale.com\/wp-content\/uploads\/2023\/09\/15ce3368342a167b2c874627795f4ee.png 565w, https:\/\/vapehosale.com\/wp-content\/uploads\/2023\/09\/15ce3368342a167b2c874627795f4ee-285x300.png 285w\" sizes=\"(max-width: 565px) 100vw, 565px\" \/><\/p>\n<p>&nbsp;<\/p>\n<p><a href=\"https:\/\/vapehosale.com\/hr\/product-category\/randm-fumot-vape\/\">Vru\u0107a prodaja vape Fumot Vape na veleprodaji skladi\u0161ta u Hrvatskoj<\/a><br \/>\n<a href=\"https:\/\/vapehosale.com\/hr\/product-category\/12000-puffs-disposable-vape\/\">Najbolja 12000 Pufova Jednokratna Vape Vru\u0107a prodaja\u00a0<\/a><br \/>\nKontakt za katalog proizvoda:<a href=\"https:\/\/wa.me\/8618077105750\">Kupite sada<\/a><\/p>\n<h4>Detalji dostave:<\/h4>\n<p>Vrijeme proizvodnje: 5 radnih dana<br \/>\nVrijeme dostave: 8-14 radnih dana<\/p>\n<p>Sve proizvode u na\u0161oj trgovini su 100% originalni i autenti\u010dni, deset puta nadoknada za la\u017ene proizvode.<\/p>\n<p>Za detaljnije informacije o veleprodajnim cijenama, MOQ i SKU, kontaktirajte na\u0161eg prodajnog menad\u017eera Vicky <a href=\"https:\/\/wa.me\/8618077105750\">whatsapp:+3851807710570<\/a><\/p>\n<p><img decoding=\"async\" class=\"alignnone size-full wp-image-2638\" src=\"https:\/\/vapehosale.com\/wp-content\/uploads\/2023\/09\/885301ea6f5e0b91f5ab2b1c85e665c.png\" alt=\"Tvornica RandM\" width=\"670\" height=\"658\" srcset=\"https:\/\/vapehosale.com\/wp-content\/uploads\/2023\/09\/885301ea6f5e0b91f5ab2b1c85e665c.png 670w, https:\/\/vapehosale.com\/wp-content\/uploads\/2023\/09\/885301ea6f5e0b91f5ab2b1c85e665c-300x295.png 300w, https:\/\/vapehosale.com\/wp-content\/uploads\/2023\/09\/885301ea6f5e0b91f5ab2b1c85e665c-600x589.png 600w\" sizes=\"(max-width: 670px) 100vw, 670px\" \/><\/p>","protected":false},"excerpt":{"rendered":"<p>RandM Fumot 12000 Puffs je jednokratna vape s prikazom baterije i ulja, lako mo\u017eete znati kada trebate napuniti svoj ure\u0111aj putem zaslona baterije, dostupno je 52 okusa.<span style=\"color: #ff0000\">Cijena na web stranici ne uklju\u010duje tro\u0161kove dostave<\/span><\/p>\n<p>Dobrodo\u0161li na dodavanje vicky whatsapp za veleprodaju fumot digital box 12000 Puffs, minimalna narud\u017eba treba samo 50 komada!<\/p>\n<p><img decoding=\"async\" class=\"alignnone size-medium wp-image-5650\" src=\"https:\/\/vapehosale.com\/wp-content\/uploads\/2025\/10\/8a420713276bf7cf308193b71e051aa3-300x274.jpg\" alt=\"Vicky\" width=\"300\" height=\"274\" srcset=\"https:\/\/vapehosale.com\/wp-content\/uploads\/2025\/10\/8a420713276bf7cf308193b71e051aa3-300x274.jpg 300w, https:\/\/vapehosale.com\/wp-content\/uploads\/2025\/10\/8a420713276bf7cf308193b71e051aa3-1024x937.jpg 1024w, https:\/\/vapehosale.com\/wp-content\/uploads\/2025\/10\/8a420713276bf7cf308193b71e051aa3-768x703.jpg 768w, https:\/\/vapehosale.com\/wp-content\/uploads\/2025\/10\/8a420713276bf7cf308193b71e051aa3-13x12.jpg 13w, https:\/\/vapehosale.com\/wp-content\/uploads\/2025\/10\/8a420713276bf7cf308193b71e051aa3-600x549.jpg 600w, https:\/\/vapehosale.com\/wp-content\/uploads\/2025\/10\/8a420713276bf7cf308193b71e051aa3.jpg 1080w\" sizes=\"(max-width: 300px) 100vw, 300px\" \/><\/p>\n<p>&nbsp;<\/p>\n<p>&nbsp;<\/p>","protected":false},"featured_media":1497,"comment_status":"open","ping_status":"closed","template":"","meta":{"_uag_custom_page_level_css":"","_lmt_disableupdate":"no","_lmt_disable":"","site-sidebar-layout":"default","site-content-layout":"","ast-site-content-layout":"default","site-content-style":"default","site-sidebar-style":"default","ast-global-header-display":"","ast-banner-title-visibility":"","ast-main-header-display":"","ast-hfb-above-header-display":"","ast-hfb-below-header-display":"","ast-hfb-mobile-header-display":"","site-post-title":"","ast-breadcrumbs-content":"","ast-featured-img":"","footer-sml-layout":"","theme-transparent-header-meta":"default","adv-header-id-meta":"","stick-header-meta":"","header-above-stick-meta":"","header-main-stick-meta":"","header-below-stick-meta":"","astra-migrate-meta-layouts":"set","_joinchat":[]},"product_cat":[15,83,41,55,89],"product_tag":[43,72,46,52,36,114,63,31,35,33,59],"class_list":["post-1490","product","type-product","status-publish","has-post-thumbnail","hentry","product_cat-vape-shop-wholesale","product_cat-12000-puffs-disposable-vape","product_cat-europe-hot-sale-vape","product_cat-minimum-order-quantity-50pcs","product_cat-randm-fumot-vape","product_tag-12000-puffs-vape-12k-vape","product_tag-2-nicotine-vape","product_tag-double-mesh-coil-vape","product_tag-fumot-12000-puffs","product_tag-fumot-digital-box-12000-puffs","product_tag-fumot-vape","product_tag-led-screen-disposable-vape","product_tag-randm-tornado-vape","product_tag-rechargeable-disposable-device","product_tag-rgb-light-disposable-vape","product_tag-smart-screen-disposable-vape","desktop-align-left","tablet-align-left","mobile-align-left"],"yoast_head":"<!-- This site is optimized with the Yoast SEO plugin v21.1 - https:\/\/yoast.com\/wordpress\/plugins\/seo\/ -->\n<title>Wholesale RandM Fumot Digital Box 12000 Puffs Vape - Vape Wholesale<\/title>\n<meta name=\"description\" content=\"Wholesale RandM Fumot Digital Box 12000 Puffs is a rechargeable disposable device that contains 20ml of e-liquid and an 600mah rechargeable battery.\" \/>\n<meta name=\"robots\" content=\"index, follow, max-snippet:-1, max-image-preview:large, max-video-preview:-1\" \/>\n<link rel=\"canonical\" href=\"https:\/\/vapehosale.com\/hr\/product\/fumot-digital-box-12000-puffs\/\" \/>\n<meta property=\"og:locale\" content=\"hr_HR\" \/>\n<meta property=\"og:type\" content=\"article\" \/>\n<meta property=\"og:title\" content=\"Wholesale RandM Fumot Digital Box 12000 Puffs Vape - Vape Wholesale\" \/>\n<meta property=\"og:description\" content=\"Wholesale RandM Fumot Digital Box 12000 Puffs is a rechargeable disposable device that contains 20ml of e-liquid and an 600mah rechargeable battery.\" \/>\n<meta property=\"og:url\" content=\"https:\/\/vapehosale.com\/hr\/product\/fumot-digital-box-12000-puffs\/\" \/>\n<meta property=\"og:site_name\" content=\"Vape Wholesale\" \/>\n<meta property=\"article:modified_time\" content=\"2025-11-28T09:11:35+00:00\" \/>\n<meta property=\"og:image\" content=\"https:\/\/vapehosale.com\/wp-content\/uploads\/2023\/09\/Fumot-Digital-Box-12000-Digital-Box.jpg\" \/>\n\t<meta property=\"og:image:width\" content=\"474\" \/>\n\t<meta property=\"og:image:height\" content=\"600\" \/>\n\t<meta property=\"og:image:type\" content=\"image\/jpeg\" \/>\n<meta name=\"twitter:card\" content=\"summary_large_image\" \/>\n<meta name=\"twitter:label1\" content=\"Procijenjeno vrijeme \u010ditanja\" \/>\n\t<meta name=\"twitter:data1\" content=\"4 minute\" \/>\n<script type=\"application\/ld+json\" class=\"yoast-schema-graph\">{\"@context\":\"https:\/\/schema.org\",\"@graph\":[{\"@type\":\"WebPage\",\"@id\":\"https:\/\/vapehosale.com\/product\/fumot-digital-box-12000-puffs\/\",\"url\":\"https:\/\/vapehosale.com\/product\/fumot-digital-box-12000-puffs\/\",\"name\":\"Wholesale RandM Fumot Digital Box 12000 Puffs Vape - Vape Wholesale\",\"isPartOf\":{\"@id\":\"https:\/\/vapehosale.com\/#website\"},\"datePublished\":\"2023-09-21T02:02:20+00:00\",\"dateModified\":\"2025-11-28T09:11:35+00:00\",\"description\":\"Wholesale RandM Fumot Digital Box 12000 Puffs is a rechargeable disposable device that contains 20ml of e-liquid and an 600mah rechargeable battery.\",\"breadcrumb\":{\"@id\":\"https:\/\/vapehosale.com\/product\/fumot-digital-box-12000-puffs\/#breadcrumb\"},\"inLanguage\":\"hr\",\"potentialAction\":[{\"@type\":\"ReadAction\",\"target\":[\"https:\/\/vapehosale.com\/product\/fumot-digital-box-12000-puffs\/\"]}]},{\"@type\":\"BreadcrumbList\",\"@id\":\"https:\/\/vapehosale.com\/product\/fumot-digital-box-12000-puffs\/#breadcrumb\",\"itemListElement\":[{\"@type\":\"ListItem\",\"position\":1,\"name\":\"Home\",\"item\":\"https:\/\/vapehosale.com\/\"},{\"@type\":\"ListItem\",\"position\":2,\"name\":\"Best Sell Vapes\",\"item\":\"https:\/\/vapehosale.com\/vape-shop\/\"},{\"@type\":\"ListItem\",\"position\":3,\"name\":\"Wholesale RandM Fumot Digital Box 12000 Puffs Vape\"}]},{\"@type\":\"WebSite\",\"@id\":\"https:\/\/vapehosale.com\/#website\",\"url\":\"https:\/\/vapehosale.com\/\",\"name\":\"Vape Wholesale\",\"description\":\"Buy Vape Wholesale Price Near you\",\"potentialAction\":[{\"@type\":\"SearchAction\",\"target\":{\"@type\":\"EntryPoint\",\"urlTemplate\":\"https:\/\/vapehosale.com\/?s={search_term_string}\"},\"query-input\":\"required name=search_term_string\"}],\"inLanguage\":\"hr\"}]}<\/script>\n<!-- \/ Yoast SEO plugin. -->","yoast_head_json":{"title":"Wholesale RandM Fumot Digital Box 12000 Puffs Vape - Vape Wholesale","description":"Wholesale RandM Fumot Digital Box 12000 Puffs is a rechargeable disposable device that contains 20ml of e-liquid and an 600mah rechargeable battery.","robots":{"index":"index","follow":"follow","max-snippet":"max-snippet:-1","max-image-preview":"max-image-preview:large","max-video-preview":"max-video-preview:-1"},"canonical":"https:\/\/vapehosale.com\/hr\/product\/fumot-digital-box-12000-puffs\/","og_locale":"hr_HR","og_type":"article","og_title":"Wholesale RandM Fumot Digital Box 12000 Puffs Vape - Vape Wholesale","og_description":"Wholesale RandM Fumot Digital Box 12000 Puffs is a rechargeable disposable device that contains 20ml of e-liquid and an 600mah rechargeable battery.","og_url":"https:\/\/vapehosale.com\/hr\/product\/fumot-digital-box-12000-puffs\/","og_site_name":"Vape Wholesale","article_modified_time":"2025-11-28T09:11:35+00:00","og_image":[{"width":474,"height":600,"url":"https:\/\/vapehosale.com\/wp-content\/uploads\/2023\/09\/Fumot-Digital-Box-12000-Digital-Box.jpg","type":"image\/jpeg"}],"twitter_card":"summary_large_image","twitter_misc":{"Procijenjeno vrijeme \u010ditanja":"4 minute"},"schema":{"@context":"https:\/\/schema.org","@graph":[{"@type":"WebPage","@id":"https:\/\/vapehosale.com\/product\/fumot-digital-box-12000-puffs\/","url":"https:\/\/vapehosale.com\/product\/fumot-digital-box-12000-puffs\/","name":"Wholesale RandM Fumot Digital Box 12000 Puffs Vape - Vape Wholesale","isPartOf":{"@id":"https:\/\/vapehosale.com\/#website"},"datePublished":"2023-09-21T02:02:20+00:00","dateModified":"2025-11-28T09:11:35+00:00","description":"Wholesale RandM Fumot Digital Box 12000 Puffs is a rechargeable disposable device that contains 20ml of e-liquid and an 600mah rechargeable battery.","breadcrumb":{"@id":"https:\/\/vapehosale.com\/product\/fumot-digital-box-12000-puffs\/#breadcrumb"},"inLanguage":"hr","potentialAction":[{"@type":"ReadAction","target":["https:\/\/vapehosale.com\/product\/fumot-digital-box-12000-puffs\/"]}]},{"@type":"BreadcrumbList","@id":"https:\/\/vapehosale.com\/product\/fumot-digital-box-12000-puffs\/#breadcrumb","itemListElement":[{"@type":"ListItem","position":1,"name":"Home","item":"https:\/\/vapehosale.com\/"},{"@type":"ListItem","position":2,"name":"Best Sell Vapes","item":"https:\/\/vapehosale.com\/vape-shop\/"},{"@type":"ListItem","position":3,"name":"Wholesale RandM Fumot Digital Box 12000 Puffs Vape"}]},{"@type":"WebSite","@id":"https:\/\/vapehosale.com\/#website","url":"https:\/\/vapehosale.com\/","name":"Vape Wholesale","description":"Buy Vape Wholesale Price Near you","potentialAction":[{"@type":"SearchAction","target":{"@type":"EntryPoint","urlTemplate":"https:\/\/vapehosale.com\/?s={search_term_string}"},"query-input":"required name=search_term_string"}],"inLanguage":"hr"}]}},"uagb_featured_image_src":{"full":["https:\/\/vapehosale.com\/wp-content\/uploads\/2023\/09\/Fumot-Digital-Box-12000-Digital-Box.jpg",474,600,false],"thumbnail":["https:\/\/vapehosale.com\/wp-content\/uploads\/2023\/09\/Fumot-Digital-Box-12000-Digital-Box-150x150.jpg",150,150,true],"medium":["https:\/\/vapehosale.com\/wp-content\/uploads\/2023\/09\/Fumot-Digital-Box-12000-Digital-Box-237x300.jpg",237,300,true],"medium_large":["https:\/\/vapehosale.com\/wp-content\/uploads\/2023\/09\/Fumot-Digital-Box-12000-Digital-Box.jpg",474,600,false],"large":["https:\/\/vapehosale.com\/wp-content\/uploads\/2023\/09\/Fumot-Digital-Box-12000-Digital-Box.jpg",474,600,false],"1536x1536":["https:\/\/vapehosale.com\/wp-content\/uploads\/2023\/09\/Fumot-Digital-Box-12000-Digital-Box.jpg",474,600,false],"2048x2048":["https:\/\/vapehosale.com\/wp-content\/uploads\/2023\/09\/Fumot-Digital-Box-12000-Digital-Box.jpg",474,600,false],"trp-custom-language-flag":["https:\/\/vapehosale.com\/wp-content\/uploads\/2023\/09\/Fumot-Digital-Box-12000-Digital-Box.jpg",9,12,false],"woocommerce_thumbnail":["https:\/\/vapehosale.com\/wp-content\/uploads\/2023\/09\/Fumot-Digital-Box-12000-Digital-Box-300x300.jpg",300,300,true],"woocommerce_single":["https:\/\/vapehosale.com\/wp-content\/uploads\/2023\/09\/Fumot-Digital-Box-12000-Digital-Box.jpg",474,600,false],"woocommerce_gallery_thumbnail":["https:\/\/vapehosale.com\/wp-content\/uploads\/2023\/09\/Fumot-Digital-Box-12000-Digital-Box-100x100.jpg",100,100,true],"wcpr-photo-reviews":["https:\/\/vapehosale.com\/wp-content\/uploads\/2023\/09\/Fumot-Digital-Box-12000-Digital-Box.jpg",395,500,false]},"uagb_author_info":{"display_name":"Vicky hosale","author_link":"https:\/\/vapehosale.com\/hr\/author\/"},"uagb_comment_info":38,"uagb_excerpt":"RandM Fumot 12000 Puffs is a disposable vape with a battery and oil display, you can easy to know when your need recharge your device though the battery display screen,there is 52\u00a0 flavor available.The website price does not include shipping costs Welcome to add vicky whatsapp for wholesale fumot digital box 12000 puffs, min order&hellip;","_links":{"self":[{"href":"https:\/\/vapehosale.com\/hr\/wp-json\/wp\/v2\/product\/1490","targetHints":{"allow":["GET"]}}],"collection":[{"href":"https:\/\/vapehosale.com\/hr\/wp-json\/wp\/v2\/product"}],"about":[{"href":"https:\/\/vapehosale.com\/hr\/wp-json\/wp\/v2\/types\/product"}],"replies":[{"embeddable":true,"href":"https:\/\/vapehosale.com\/hr\/wp-json\/wp\/v2\/comments?post=1490"}],"wp:featuredmedia":[{"embeddable":true,"href":"https:\/\/vapehosale.com\/hr\/wp-json\/wp\/v2\/media\/1497"}],"wp:attachment":[{"href":"https:\/\/vapehosale.com\/hr\/wp-json\/wp\/v2\/media?parent=1490"}],"wp:term":[{"taxonomy":"product_cat","embeddable":true,"href":"https:\/\/vapehosale.com\/hr\/wp-json\/wp\/v2\/product_cat?post=1490"},{"taxonomy":"product_tag","embeddable":true,"href":"https:\/\/vapehosale.com\/hr\/wp-json\/wp\/v2\/product_tag?post=1490"}],"curies":[{"name":"wp","href":"https:\/\/api.w.org\/{rel}","templated":true}]}}