{"id":6725,"date":"2026-05-11T03:55:42","date_gmt":"2026-05-11T03:55:42","guid":{"rendered":"https:\/\/vapehosale.com\/?post_type=product&#038;p=6725"},"modified":"2026-05-11T09:36:42","modified_gmt":"2026-05-11T09:36:42","slug":"vapme-digital-box-50000-puffs-disposable-vape","status":"publish","type":"product","link":"https:\/\/vapehosale.com\/fr\/product\/vapme-digital-box-50000-puffs-disposable-vape\/","title":{"rendered":"Vapme Digital Box 50K Puffs Vape Jetable"},"content":{"rendered":"<h2>Repoussez les limites : jusqu\u2019\u00e0 50 000 bouff\u00e9es de performance in\u00e9gal\u00e9e<\/h2>\n<p data-start=\"117\" data-end=\"386\">La Vapme Digital Box 50K Puffs est bien plus qu\u2019une simple cigarette \u00e9lectronique jetable. Elle repr\u00e9sente une nouvelle r\u00e9f\u00e9rence en mati\u00e8re de performance de vapotage ultra longue dur\u00e9e. Dot\u00e9 d\u2019un syst\u00e8me avanc\u00e9 de contr\u00f4le du e-liquide, cet appareil \u00e0 grande capacit\u00e9 d\u00e9livre jusqu\u2019\u00e0 50 000 bouff\u00e9es douces et savoureuses.<\/p>\n<p data-start=\"388\" data-end=\"584\">Que vous voyagiez, soyez en d\u00e9placement ou utilisiez la Vapme Digital Box 50K Vape tout au long de la journ\u00e9e, la Vapme Digital Box 50K est con\u00e7ue pour durer des semaines, voire des mois, \u00e9liminant ainsi le besoin de remplacements fr\u00e9quents.<br \/>\n<img decoding=\"async\" class=\"alignnone size-full wp-image-6723\" src=\"https:\/\/vapehosale.com\/wp-content\/uploads\/2026\/05\/Best-Vapme-Digital-Box-50k-flavors-list.webp\" alt=\"Meilleure liste des saveurs Vapme Digital Box 50k\" width=\"1000\" height=\"666\" srcset=\"https:\/\/vapehosale.com\/wp-content\/uploads\/2026\/05\/Best-Vapme-Digital-Box-50k-flavors-list.webp 1000w, https:\/\/vapehosale.com\/wp-content\/uploads\/2026\/05\/Best-Vapme-Digital-Box-50k-flavors-list-300x200.webp 300w, https:\/\/vapehosale.com\/wp-content\/uploads\/2026\/05\/Best-Vapme-Digital-Box-50k-flavors-list-768x511.webp 768w, https:\/\/vapehosale.com\/wp-content\/uploads\/2026\/05\/Best-Vapme-Digital-Box-50k-flavors-list-18x12.webp 18w, https:\/\/vapehosale.com\/wp-content\/uploads\/2026\/05\/Best-Vapme-Digital-Box-50k-flavors-list-600x400.webp 600w\" sizes=\"(max-width: 1000px) 100vw, 1000px\" \/><\/p>\n<h3 data-start=\"388\" data-end=\"584\">Sp\u00e9cifications techniques de la Vapme Digital Box 50K<\/h3>\n<table>\n<thead>\n<tr>\n<th>Sp\u00e9cification<\/th>\n<th>D\u00e9tails<\/th>\n<\/tr>\n<\/thead>\n<tbody>\n<tr>\n<td>Marque<\/td>\n<td>Vapme<\/td>\n<\/tr>\n<tr>\n<td>Mod\u00e8le<\/td>\n<td>Digital Box 50000<\/td>\n<\/tr>\n<tr>\n<td>Nombre de bouff\u00e9es<\/td>\n<td>Jusqu\u2019\u00e0 50 000 bouff\u00e9es<\/td>\n<\/tr>\n<tr>\n<td>Force de Nicotine<\/td>\n<td>\u00a0Sel de nicotine 2%, 5%<\/td>\n<\/tr>\n<tr>\n<td>Capacit\u00e9 d'e-liquide<\/td>\n<td>Grand r\u00e9servoir de e-liquide pr\u00e9-rempli<\/td>\n<\/tr>\n<tr>\n<td>Capacit\u00e9 de la batterie<\/td>\n<td>Batterie rechargeable 650mAh pur cobalt<\/td>\n<\/tr>\n<tr>\n<td>Port de charge<\/td>\n<td>Recharge rapide USB Type-C<\/td>\n<\/tr>\n<tr>\n<td>Type de r\u00e9sistance<\/td>\n<td>La bobine \u00e0 double maille de 1,0 \u03a9<\/td>\n<\/tr>\n<tr>\n<td>\u00c9cran<\/td>\n<td>\u00c9cran num\u00e9rique LED<\/td>\n<\/tr>\n<tr>\n<td>Style de vapotage<\/td>\n<td>MTL (Bouche-\u00e0-Poumon)<\/td>\n<\/tr>\n<\/tbody>\n<\/table>\n<h3>Liste des saveurs Vapme Digital Box 50K Puffs<\/h3>\n<p>1. Myrtille Framboise Glac\u00e9e<br \/>\n2. Cerise Glac\u00e9e<br \/>\n3. Kiwi Fruit de la Passion Goyave<br \/>\n4. Fraise Glac\u00e9e<br \/>\n5. Fraise Kiwi<br \/>\n6. Fraise Red Bull<br \/>\n7.Fraise Past\u00e8que<br \/>\n8. Past\u00e8que Glac\u00e9e<br \/>\n9. P\u00eache Juteuse Glac\u00e9e<br \/>\n10. Love 66<br \/>\n11. Mangue p\u00eache ananas<br \/>\n12. Limonade bleu razz<br \/>\n13. Cola cerise<br \/>\n14. Punch aux fruits tropicaux<br \/>\n15. Triple melon glac\u00e9<br \/>\n16. Milkshake fraise banane<br \/>\n17. Monsieur bleu<br \/>\n18. Bonbon Fraise Framboise<br \/>\n19. Past\u00e8que kiwi glac\u00e9<br \/>\n20. Myrtille canneberge cerise<\/p>\n<h3><a href=\"https:\/\/vapehosale.com\/fr\/product-category\/vapme-vape\/\"><strong class=\"Yjhzub\" data-sfc-root=\"c\" data-sfc-cb=\"\" data-complete=\"true\">Vapme Vape jetable en gros <\/strong><\/a>Contact grossiste<\/h3>\n<p>\u2709\ufe0f E-mail : vicky@essenvape.com<br \/>\n\ud83d\udcde Num\u00e9ro WhatsApp\/T\u00e9l\u00e9phone : <a href=\"https:\/\/wa.me\/8618077105750\">+8618077105750<\/a><br \/>\n\ud83d\udd58 Horaires de travail : 9h00 \u2013 18h00<br \/>\n\ud83d\udccd Emplacement : Shenzhen<\/p>\n<p>\u2705 Grossistes et revendeurs sont les bienvenus pour personnaliser les commandes<br \/>\n\u2705 Fournir des produits de la plus haute qualit\u00e9 et les services les plus professionnels.<\/p>\n<p><img decoding=\"async\" class=\"alignnone size-full wp-image-2638\" src=\"https:\/\/vapehosale.com\/wp-content\/uploads\/2023\/09\/885301ea6f5e0b91f5ab2b1c85e665c.png\" alt=\"Usine RandM\" width=\"670\" height=\"658\" srcset=\"https:\/\/vapehosale.com\/wp-content\/uploads\/2023\/09\/885301ea6f5e0b91f5ab2b1c85e665c.png 670w, https:\/\/vapehosale.com\/wp-content\/uploads\/2023\/09\/885301ea6f5e0b91f5ab2b1c85e665c-300x295.png 300w, https:\/\/vapehosale.com\/wp-content\/uploads\/2023\/09\/885301ea6f5e0b91f5ab2b1c85e665c-600x589.png 600w\" sizes=\"(max-width: 670px) 100vw, 670px\" \/><\/p>\n<h2 data-start=\"2346\" data-end=\"2384\">Pourquoi choisir la Vapme 50K avec \u00e9cran intelligent ?<\/h2>\n<ol data-start=\"2386\" data-end=\"2653\">\n<li data-start=\"2386\" data-end=\"2423\">Jusqu'\u00e0 50 000 bouff\u00e9es pour une utilisation prolong\u00e9e<\/li>\n<li data-start=\"2424\" data-end=\"2478\">\u00c9cran LED intelligent pour surveiller la batterie et le e-liquide<\/li>\n<li data-start=\"2479\" data-end=\"2524\">Double r\u00e9sistance mesh pour une restitution sup\u00e9rieure des saveurs<\/li>\n<li data-start=\"2525\" data-end=\"2575\">Batterie rechargeable 650mAh avec charge Type-C<\/li>\n<li data-start=\"2576\" data-end=\"2612\">Plusieurs options de taux de nicotine<\/li>\n<li data-start=\"2613\" data-end=\"2653\">Design compact avec ergonomie haut de gamme<\/li>\n<\/ol>\n<h3><strong>Contenu de l'emballage :<\/strong><\/h3>\n<p>1 x Vapoteuse jetable Solaris 30k bouff\u00e9es Don Leon 1942<\/p>\n<h2 data-start=\"591\" data-end=\"649\">Affichage num\u00e9rique intelligent : surveillance en temps r\u00e9el d\u2019un seul coup d\u2019\u0153il<\/h2>\n<p data-start=\"651\" data-end=\"762\">La Vapme Box Style 50000 Puffs avec \u00e9cran num\u00e9rique haute d\u00e9finition int\u00e9gr\u00e9 vous donne un contr\u00f4le total sur votre exp\u00e9rience de vape en affichant :<\/p>\n<ol data-start=\"764\" data-end=\"818\">\n<li data-start=\"764\" data-end=\"791\">Pourcentage du niveau d\u2019e-liquide<\/li>\n<li data-start=\"792\" data-end=\"818\">Pourcentage du niveau de batterie<\/li>\n<\/ol>\n<p data-start=\"820\" data-end=\"916\">Gr\u00e2ce \u00e0 des donn\u00e9es pr\u00e9cises en temps r\u00e9el, vous savez toujours quand il est temps de recharger ou de remplacer votre appareil.<\/p>\n<h2 data-start=\"923\" data-end=\"980\">Technologie Double R\u00e9sistance Mesh : Coh\u00e9rence de la saveur am\u00e9lior\u00e9e<\/h2>\n<p data-start=\"982\" data-end=\"1086\">La Vapme Dual Mesh 50000 Puffs Vape dispose d\u2019un syst\u00e8me de double r\u00e9sistance mesh 1,0\u03a9 con\u00e7u pour un chauffage rapide et uniforme.<\/p>\n<p data-start=\"1088\" data-end=\"1219\">Compar\u00e9 aux conceptions traditionnelles \u00e0 simple r\u00e9sistance, la structure double mesh augmente l\u2019efficacit\u00e9 d\u2019atomisation jusqu\u2019\u00e0 50 %, ce qui entra\u00eene :<\/p>\n<ol data-start=\"1221\" data-end=\"1358\">\n<li data-start=\"1221\" data-end=\"1248\">Intensit\u00e9 de saveur renforc\u00e9e<\/li>\n<li data-start=\"1249\" data-end=\"1276\">Production de vapeur plus douce<\/li>\n<li data-start=\"1277\" data-end=\"1306\">Performance plus constante<\/li>\n<li data-start=\"1307\" data-end=\"1358\">R\u00e9tention de saveur am\u00e9lior\u00e9e du premier au dernier puff<\/li>\n<\/ol>\n<p data-start=\"1360\" data-end=\"1448\">Des m\u00e9langes fruit\u00e9s sucr\u00e9s aux profils menthol\u00e9s glac\u00e9s, chaque inhalation reste riche et \u00e9quilibr\u00e9e.<\/p>\n<h2 data-start=\"1455\" data-end=\"1491\">Design ergonomique et portable en forme de bo\u00eete<\/h2>\n<p data-start=\"1493\" data-end=\"1598\">Malgr\u00e9 sa capacit\u00e9 massive de puffs, la Vapme Box Style 50000 Puffs conserve un format compact et confortable.<\/p>\n<p data-start=\"1600\" data-end=\"1628\">Les principaux avantages du design incluent :<\/p>\n<ul data-start=\"1630\" data-end=\"1759\">\n<li data-start=\"1630\" data-end=\"1658\">Ext\u00e9rieur textur\u00e9 antid\u00e9rapant<\/li>\n<li data-start=\"1659\" data-end=\"1688\">Embout plat confortable<\/li>\n<li data-start=\"1689\" data-end=\"1716\">Forme de bo\u00eete adapt\u00e9e \u00e0 la poche<\/li>\n<li data-start=\"1717\" data-end=\"1759\">Optimis\u00e9 pour le vapotage bouche-\u00e0-poumon (MTL)<\/li>\n<\/ul>\n<p data-start=\"1761\" data-end=\"1833\">La Vapme Smart Display Disposable Vape offre une prise en main s\u00e9curis\u00e9e et un confort lors d\u2019une utilisation prolong\u00e9e.<\/p>\n<p>Contact pour le catalogue produits :<a href=\"https:\/\/wa.me\/8618077105750\">achetez maintenant consultez tous les prix de gros<\/a><br \/>\nAutres vapes les plus vendues dont vous pourriez avoir besoin<\/p>\n<p><a href=\"https:\/\/vapehosale.com\/fr\/product-category\/vapme-vape\/\">Vapme Vape pr\u00e8s de chez moi\ud83d\udc48\ud83c\udffb<\/a><br \/>\n<a href=\"https:\/\/vapehosale.com\/fr\/product-category\/wholesale-50k-puffs-disposable-vape\/\"><strong class=\"Yjhzub\" data-sfc-root=\"c\" data-sfc-cb=\"\" data-complete=\"true\">Cigarette \u00e9lectronique jetable 50000 bouff\u00e9es<\/strong><\/a><\/p>\n<p><a href=\"https:\/\/vapehosale.com\/fr\/product-category\/disposable-vape-in-european-warehouse\/\">Obtenez le catalogue de vapes jetables de l'entrep\u00f4t europ\u00e9en ici\ud83d\udc48\ud83c\udffb<\/a><\/p>\n<h4>d\u00e9lai de livraison :<\/h4>\n<p>exp\u00e9dition depuis l\u2019entrep\u00f4t en Chine<\/p>\n<p>1. D\u00e9lai de production : envoi sous 5 jours ouvr\u00e9s (apr\u00e8s r\u00e9ception du paiement)<\/p>\n<p>2. D\u00e9lai de livraison : 10-14 jours (En cas de jours f\u00e9ri\u00e9s ou de contr\u00f4le douanier, le d\u00e9lai de livraison sera retard\u00e9.)<\/p>\n<h4>M\u00e9thodes de paiement :<\/h4>\n<p>1. virement bancaire\/western union\/wise\/revolut\/postepay \u2705<span style=\"color: #ff0000\"><span class=\"x1rg5ohu x16dsc37 x19la9d6 x1fc57z9 x6ikm8r x10wlt62 x19co3pv x11tp94h xw4jnvo x1qx5ct2 xfibh0p xiy17q3 x1xsqp64 x1lkfr7t xexx8yu xyri2b x18d9i69 x1c1uobl\"><span class=\"xrtxmta x1bhl96m\"><br \/>\n<\/span><\/span><\/span><span class=\"x1rg5ohu x16dsc37 x19la9d6 x1fc57z9 x6ikm8r x10wlt62 x19co3pv x11tp94h xw4jnvo x1qx5ct2 xfibh0p xiy17q3 x1xsqp64 x1lkfr7t xexx8yu xyri2b x18d9i69 x1c1uobl\"><span class=\"xrtxmta x1bhl96m\">2.<\/span><\/span><span class=\"x1rg5ohu x16dsc37 x19la9d6 x1fc57z9 x6ikm8r x10wlt62 x19co3pv x11tp94h xw4jnvo x1qx5ct2 xfibh0p xiy17q3 x1xsqp64 x1lkfr7t xexx8yu xyri2b x18d9i69 x1c1uobl\"><span class=\"xrtxmta x1bhl96m\">facture fournie<br \/>\nfacture proforma\u27a1\ufe0fcompte bancaire de l'entreprise\u27a1\ufe0finformations de facturation<br \/>\n3. ne supporte pas <span style=\"color: #ff0000\">paiement \u00e0 la livraison<\/span> pourtant\u274c<br \/>\n<\/span><\/span><\/p>\n<p>Tous les produits de notre boutique sont 100% originaux et authentiques, la politique de notre magasin est donc de rembourser dix fois la valeur en cas de contrefa\u00e7on.<\/p>\n<h5><span style=\"color: #ff0000\">Commande minimum 50 pi\u00e8ces<\/span><\/h5>","protected":false},"excerpt":{"rendered":"<p data-start=\"2414\" data-end=\"2672\">La Vapme Digital Box 50000 Puffs est une cigarette \u00e9lectronique jetable \u00e0 grande capacit\u00e9 con\u00e7ue pour les utilisateurs recherchant une long\u00e9vit\u00e9 maximale et des performances haut de gamme. Elle dispose d\u2019un \u00e9cran LED intelligent affichant en temps r\u00e9el le niveau de batterie et de e-liquide, d\u2019une double r\u00e9sistance mesh 1,0\u03a9 pour une saveur constante am\u00e9lior\u00e9e, et d\u2019une batterie rechargeable de 650mAh avec charge rapide Type-C. Disponible en taux de nicotine 2% et 5%, cet appareil offre jusqu\u2019\u00e0 50 000 bouff\u00e9es dans un format compact et ergonomique.<br \/>\n<span style=\"color: #ff0000\">(le prix du site web n'inclut pas les frais d'exp\u00e9dition)<\/span><\/p>\n<p><span style=\"color: #ff0000\">MOQ : 50 pi\u00e8ces, contactez Vicky pour le catalogue de gros Vozol d\u00e8s maintenant<\/span><\/p>\n<p><img decoding=\"async\" class=\"alignnone size-medium wp-image-2638\" src=\"https:\/\/vapehosale.com\/wp-content\/uploads\/2023\/09\/885301ea6f5e0b91f5ab2b1c85e665c-300x295.png\" alt=\"Usine RandM\" width=\"300\" height=\"295\" srcset=\"https:\/\/vapehosale.com\/wp-content\/uploads\/2023\/09\/885301ea6f5e0b91f5ab2b1c85e665c-300x295.png 300w, https:\/\/vapehosale.com\/wp-content\/uploads\/2023\/09\/885301ea6f5e0b91f5ab2b1c85e665c-600x589.png 600w, https:\/\/vapehosale.com\/wp-content\/uploads\/2023\/09\/885301ea6f5e0b91f5ab2b1c85e665c.png 670w\" sizes=\"(max-width: 300px) 100vw, 300px\" \/><\/p>\n<p>&nbsp;<\/p>","protected":false},"featured_media":6719,"comment_status":"open","ping_status":"closed","template":"","meta":{"_uag_custom_page_level_css":"","_lmt_disableupdate":"no","_lmt_disable":"","site-sidebar-layout":"default","site-content-layout":"","ast-site-content-layout":"default","site-content-style":"default","site-sidebar-style":"default","ast-global-header-display":"","ast-banner-title-visibility":"","ast-main-header-display":"","ast-hfb-above-header-display":"","ast-hfb-below-header-display":"","ast-hfb-mobile-header-display":"","site-post-title":"","ast-breadcrumbs-content":"","ast-featured-img":"","footer-sml-layout":"","theme-transparent-header-meta":"default","adv-header-id-meta":"","stick-header-meta":"","header-above-stick-meta":"","header-main-stick-meta":"","header-below-stick-meta":"","astra-migrate-meta-layouts":"set","_joinchat":[]},"product_cat":[98,41,55,15,137],"product_tag":[35,53],"class_list":["post-6725","product","type-product","status-publish","has-post-thumbnail","hentry","product_cat-wholesale-50k-puffs-disposable-vape","product_cat-europe-hot-sale-vape","product_cat-minimum-order-quantity-50pcs","product_cat-vape-shop-wholesale","product_cat-vapme-vape","product_tag-rechargeable-disposable-device","product_tag-vapme-vape","desktop-align-left","tablet-align-left","mobile-align-left"],"yoast_head":"<!-- This site is optimized with the Yoast SEO plugin v21.1 - https:\/\/yoast.com\/wordpress\/plugins\/seo\/ -->\n<title>Vapme Digital Box 50K Puffs Disposable Vape - Vape Wholesale<\/title>\n<meta name=\"description\" content=\"Buy Vapme Digital Box 50000 Puffs with a smart LED display, dual mesh coil, 650mAh rechargeable battery, and Type-C charging for long-lasting flavor.\" \/>\n<meta name=\"robots\" content=\"index, follow, max-snippet:-1, max-image-preview:large, max-video-preview:-1\" \/>\n<link rel=\"canonical\" href=\"https:\/\/vapehosale.com\/fr\/product\/vapme-digital-box-50000-puffs-disposable-vape\/\" \/>\n<meta property=\"og:locale\" content=\"fr_FR\" \/>\n<meta property=\"og:type\" content=\"article\" \/>\n<meta property=\"og:title\" content=\"Vapme Digital Box 50K Puffs Disposable Vape - Vape Wholesale\" \/>\n<meta property=\"og:description\" content=\"Buy Vapme Digital Box 50000 Puffs with a smart LED display, dual mesh coil, 650mAh rechargeable battery, and Type-C charging for long-lasting flavor.\" \/>\n<meta property=\"og:url\" content=\"https:\/\/vapehosale.com\/fr\/product\/vapme-digital-box-50000-puffs-disposable-vape\/\" \/>\n<meta property=\"og:site_name\" content=\"Vape Wholesale\" \/>\n<meta property=\"article:modified_time\" content=\"2026-05-11T09:36:42+00:00\" \/>\n<meta property=\"og:image\" content=\"https:\/\/vapehosale.com\/wp-content\/uploads\/2026\/05\/Vapme-Digital-Box-50k-bulk-buy-discounts.webp\" \/>\n\t<meta property=\"og:image:width\" content=\"1000\" \/>\n\t<meta property=\"og:image:height\" content=\"1000\" \/>\n\t<meta property=\"og:image:type\" content=\"image\/webp\" \/>\n<meta name=\"twitter:card\" content=\"summary_large_image\" \/>\n<meta name=\"twitter:label1\" content=\"Dur\u00e9e de lecture estim\u00e9e\" \/>\n\t<meta name=\"twitter:data1\" content=\"3 minutes\" \/>\n<script type=\"application\/ld+json\" class=\"yoast-schema-graph\">{\"@context\":\"https:\/\/schema.org\",\"@graph\":[{\"@type\":\"WebPage\",\"@id\":\"https:\/\/vapehosale.com\/product\/vapme-digital-box-50000-puffs-disposable-vape\/\",\"url\":\"https:\/\/vapehosale.com\/product\/vapme-digital-box-50000-puffs-disposable-vape\/\",\"name\":\"Vapme Digital Box 50K Puffs Disposable Vape - Vape Wholesale\",\"isPartOf\":{\"@id\":\"https:\/\/vapehosale.com\/#website\"},\"datePublished\":\"2026-05-11T03:55:42+00:00\",\"dateModified\":\"2026-05-11T09:36:42+00:00\",\"description\":\"Buy Vapme Digital Box 50000 Puffs with a smart LED display, dual mesh coil, 650mAh rechargeable battery, and Type-C charging for long-lasting flavor.\",\"breadcrumb\":{\"@id\":\"https:\/\/vapehosale.com\/product\/vapme-digital-box-50000-puffs-disposable-vape\/#breadcrumb\"},\"inLanguage\":\"fr-FR\",\"potentialAction\":[{\"@type\":\"ReadAction\",\"target\":[\"https:\/\/vapehosale.com\/product\/vapme-digital-box-50000-puffs-disposable-vape\/\"]}]},{\"@type\":\"BreadcrumbList\",\"@id\":\"https:\/\/vapehosale.com\/product\/vapme-digital-box-50000-puffs-disposable-vape\/#breadcrumb\",\"itemListElement\":[{\"@type\":\"ListItem\",\"position\":1,\"name\":\"Home\",\"item\":\"https:\/\/vapehosale.com\/\"},{\"@type\":\"ListItem\",\"position\":2,\"name\":\"Best Sell Vapes\",\"item\":\"https:\/\/vapehosale.com\/vape-shop\/\"},{\"@type\":\"ListItem\",\"position\":3,\"name\":\"Vapme Digital Box 50K Puffs Disposable Vape\"}]},{\"@type\":\"WebSite\",\"@id\":\"https:\/\/vapehosale.com\/#website\",\"url\":\"https:\/\/vapehosale.com\/\",\"name\":\"Vape Wholesale\",\"description\":\"Buy Vape Wholesale Price Near you\",\"potentialAction\":[{\"@type\":\"SearchAction\",\"target\":{\"@type\":\"EntryPoint\",\"urlTemplate\":\"https:\/\/vapehosale.com\/?s={search_term_string}\"},\"query-input\":\"required name=search_term_string\"}],\"inLanguage\":\"fr-FR\"}]}<\/script>\n<!-- \/ Yoast SEO plugin. -->","yoast_head_json":{"title":"Vapme Digital Box 50K Puffs Disposable Vape - Vape Wholesale","description":"Buy Vapme Digital Box 50000 Puffs with a smart LED display, dual mesh coil, 650mAh rechargeable battery, and Type-C charging for long-lasting flavor.","robots":{"index":"index","follow":"follow","max-snippet":"max-snippet:-1","max-image-preview":"max-image-preview:large","max-video-preview":"max-video-preview:-1"},"canonical":"https:\/\/vapehosale.com\/fr\/product\/vapme-digital-box-50000-puffs-disposable-vape\/","og_locale":"fr_FR","og_type":"article","og_title":"Vapme Digital Box 50K Puffs Disposable Vape - Vape Wholesale","og_description":"Buy Vapme Digital Box 50000 Puffs with a smart LED display, dual mesh coil, 650mAh rechargeable battery, and Type-C charging for long-lasting flavor.","og_url":"https:\/\/vapehosale.com\/fr\/product\/vapme-digital-box-50000-puffs-disposable-vape\/","og_site_name":"Vape Wholesale","article_modified_time":"2026-05-11T09:36:42+00:00","og_image":[{"width":1000,"height":1000,"url":"https:\/\/vapehosale.com\/wp-content\/uploads\/2026\/05\/Vapme-Digital-Box-50k-bulk-buy-discounts.webp","type":"image\/webp"}],"twitter_card":"summary_large_image","twitter_misc":{"Dur\u00e9e de lecture estim\u00e9e":"3 minutes"},"schema":{"@context":"https:\/\/schema.org","@graph":[{"@type":"WebPage","@id":"https:\/\/vapehosale.com\/product\/vapme-digital-box-50000-puffs-disposable-vape\/","url":"https:\/\/vapehosale.com\/product\/vapme-digital-box-50000-puffs-disposable-vape\/","name":"Vapme Digital Box 50K Puffs Disposable Vape - Vape Wholesale","isPartOf":{"@id":"https:\/\/vapehosale.com\/#website"},"datePublished":"2026-05-11T03:55:42+00:00","dateModified":"2026-05-11T09:36:42+00:00","description":"Buy Vapme Digital Box 50000 Puffs with a smart LED display, dual mesh coil, 650mAh rechargeable battery, and Type-C charging for long-lasting flavor.","breadcrumb":{"@id":"https:\/\/vapehosale.com\/product\/vapme-digital-box-50000-puffs-disposable-vape\/#breadcrumb"},"inLanguage":"fr-FR","potentialAction":[{"@type":"ReadAction","target":["https:\/\/vapehosale.com\/product\/vapme-digital-box-50000-puffs-disposable-vape\/"]}]},{"@type":"BreadcrumbList","@id":"https:\/\/vapehosale.com\/product\/vapme-digital-box-50000-puffs-disposable-vape\/#breadcrumb","itemListElement":[{"@type":"ListItem","position":1,"name":"Home","item":"https:\/\/vapehosale.com\/"},{"@type":"ListItem","position":2,"name":"Best Sell Vapes","item":"https:\/\/vapehosale.com\/vape-shop\/"},{"@type":"ListItem","position":3,"name":"Vapme Digital Box 50K Puffs Disposable Vape"}]},{"@type":"WebSite","@id":"https:\/\/vapehosale.com\/#website","url":"https:\/\/vapehosale.com\/","name":"Vape Wholesale","description":"Buy Vape Wholesale Price Near you","potentialAction":[{"@type":"SearchAction","target":{"@type":"EntryPoint","urlTemplate":"https:\/\/vapehosale.com\/?s={search_term_string}"},"query-input":"required name=search_term_string"}],"inLanguage":"fr-FR"}]}},"uagb_featured_image_src":{"full":["https:\/\/vapehosale.com\/wp-content\/uploads\/2026\/05\/Vapme-Digital-Box-50k-bulk-buy-discounts.webp",1000,1000,false],"thumbnail":["https:\/\/vapehosale.com\/wp-content\/uploads\/2026\/05\/Vapme-Digital-Box-50k-bulk-buy-discounts-150x150.webp",150,150,true],"medium":["https:\/\/vapehosale.com\/wp-content\/uploads\/2026\/05\/Vapme-Digital-Box-50k-bulk-buy-discounts-300x300.webp",300,300,true],"medium_large":["https:\/\/vapehosale.com\/wp-content\/uploads\/2026\/05\/Vapme-Digital-Box-50k-bulk-buy-discounts-768x768.webp",768,768,true],"large":["https:\/\/vapehosale.com\/wp-content\/uploads\/2026\/05\/Vapme-Digital-Box-50k-bulk-buy-discounts.webp",1000,1000,false],"1536x1536":["https:\/\/vapehosale.com\/wp-content\/uploads\/2026\/05\/Vapme-Digital-Box-50k-bulk-buy-discounts.webp",1000,1000,false],"2048x2048":["https:\/\/vapehosale.com\/wp-content\/uploads\/2026\/05\/Vapme-Digital-Box-50k-bulk-buy-discounts.webp",1000,1000,false],"trp-custom-language-flag":["https:\/\/vapehosale.com\/wp-content\/uploads\/2026\/05\/Vapme-Digital-Box-50k-bulk-buy-discounts-12x12.webp",12,12,true],"woocommerce_thumbnail":["https:\/\/vapehosale.com\/wp-content\/uploads\/2026\/05\/Vapme-Digital-Box-50k-bulk-buy-discounts-300x300.webp",300,300,true],"woocommerce_single":["https:\/\/vapehosale.com\/wp-content\/uploads\/2026\/05\/Vapme-Digital-Box-50k-bulk-buy-discounts-600x600.webp",600,600,true],"woocommerce_gallery_thumbnail":["https:\/\/vapehosale.com\/wp-content\/uploads\/2026\/05\/Vapme-Digital-Box-50k-bulk-buy-discounts-100x100.webp",100,100,true],"wcpr-photo-reviews":["https:\/\/vapehosale.com\/wp-content\/uploads\/2026\/05\/Vapme-Digital-Box-50k-bulk-buy-discounts.webp",500,500,false]},"uagb_author_info":{"display_name":"Vicky hosale","author_link":"https:\/\/vapehosale.com\/fr\/author\/"},"uagb_comment_info":0,"uagb_excerpt":"Vapme Digital Box 50000 Puffs is a high-capacity disposable vape designed for users who want maximum longevity and premium performance. It features a smart LED display that shows battery and e-liquid levels in real time, a 1.0\u03a9 dual mesh coil for enhanced flavor consistency, and a 650mAh rechargeable battery with Type-C fast charging. Available in\u00a0\u2026","_links":{"self":[{"href":"https:\/\/vapehosale.com\/fr\/wp-json\/wp\/v2\/product\/6725","targetHints":{"allow":["GET"]}}],"collection":[{"href":"https:\/\/vapehosale.com\/fr\/wp-json\/wp\/v2\/product"}],"about":[{"href":"https:\/\/vapehosale.com\/fr\/wp-json\/wp\/v2\/types\/product"}],"replies":[{"embeddable":true,"href":"https:\/\/vapehosale.com\/fr\/wp-json\/wp\/v2\/comments?post=6725"}],"wp:featuredmedia":[{"embeddable":true,"href":"https:\/\/vapehosale.com\/fr\/wp-json\/wp\/v2\/media\/6719"}],"wp:attachment":[{"href":"https:\/\/vapehosale.com\/fr\/wp-json\/wp\/v2\/media?parent=6725"}],"wp:term":[{"taxonomy":"product_cat","embeddable":true,"href":"https:\/\/vapehosale.com\/fr\/wp-json\/wp\/v2\/product_cat?post=6725"},{"taxonomy":"product_tag","embeddable":true,"href":"https:\/\/vapehosale.com\/fr\/wp-json\/wp\/v2\/product_tag?post=6725"}],"curies":[{"name":"wp","href":"https:\/\/api.w.org\/{rel}","templated":true}]}}