{"id":3082,"date":"2024-10-19T08:59:57","date_gmt":"2024-10-19T08:59:57","guid":{"rendered":"https:\/\/vapehosale.com\/?post_type=product&#038;p=3082"},"modified":"2025-09-03T09:56:09","modified_gmt":"2025-09-03T09:56:09","slug":"fumot-tornado-25000-disposable-smart-vape","status":"publish","type":"product","link":"https:\/\/vapehosale.com\/fr\/product\/fumot-tornado-25000-disposable-smart-vape\/","title":{"rendered":"Fumot Tornado 25000 Puffs Vape Jetable Tactile"},"content":{"rendered":"<h1 style=\"text-align: center\">Vente en gros de Fumot Tornado 25000 Vape Jetable Intelligente<\/h1>\n<p>Fumot Tornado 25000 Bouff\u00e9es Vape Jetable Disponible en nicotine 2% et 5%, elle offre 25 000 bouff\u00e9es \u00e0 travers 26 saveurs intenses. Une batterie rechargeable Type-C de 700mAh, des bobines en mesh doubles et un \u00e9cran tactile TFT de 1,77\u2033 assurent des nuages constants, un go\u00fbt pr\u00e9cis et une LED musicale compacte.<\/p>\n<p><img decoding=\"async\" class=\"alignnone size-full wp-image-3088\" src=\"https:\/\/vapehosale.com\/wp-content\/uploads\/2024\/10\/Fumot-Disposable-Vape-25K.png\" alt=\"Fumot jetable 25K\" width=\"900\" height=\"348\" srcset=\"https:\/\/vapehosale.com\/wp-content\/uploads\/2024\/10\/Fumot-Disposable-Vape-25K.png 900w, https:\/\/vapehosale.com\/wp-content\/uploads\/2024\/10\/Fumot-Disposable-Vape-25K-300x116.png 300w, https:\/\/vapehosale.com\/wp-content\/uploads\/2024\/10\/Fumot-Disposable-Vape-25K-768x297.png 768w, https:\/\/vapehosale.com\/wp-content\/uploads\/2024\/10\/Fumot-Disposable-Vape-25K-600x232.png 600w\" sizes=\"(max-width: 900px) 100vw, 900px\" \/><\/p>\n<p><img decoding=\"async\" class=\"alignnone size-full wp-image-3090\" src=\"https:\/\/vapehosale.com\/wp-content\/uploads\/2024\/10\/Fumot-Vape-RandM-Tornado-25K.png\" alt=\"Vape Fumot RandM Tornado 25K\" width=\"900\" height=\"582\" srcset=\"https:\/\/vapehosale.com\/wp-content\/uploads\/2024\/10\/Fumot-Vape-RandM-Tornado-25K.png 900w, https:\/\/vapehosale.com\/wp-content\/uploads\/2024\/10\/Fumot-Vape-RandM-Tornado-25K-300x194.png 300w, https:\/\/vapehosale.com\/wp-content\/uploads\/2024\/10\/Fumot-Vape-RandM-Tornado-25K-768x497.png 768w, https:\/\/vapehosale.com\/wp-content\/uploads\/2024\/10\/Fumot-Vape-RandM-Tornado-25K-600x388.png 600w\" sizes=\"(max-width: 900px) 100vw, 900px\" \/><\/p>\n<h2>Saveurs Fumot Tornado 25000 Disponibles :<\/h2>\n<p><img decoding=\"async\" class=\"alignnone size-full wp-image-3083\" src=\"https:\/\/vapehosale.com\/wp-content\/uploads\/2024\/10\/Best-Fumot-Disposable-Vape-25K.png\" alt=\"Meilleure cigarette \u00e9lectronique jetable Fumot 25K\" width=\"900\" height=\"400\" srcset=\"https:\/\/vapehosale.com\/wp-content\/uploads\/2024\/10\/Best-Fumot-Disposable-Vape-25K.png 900w, https:\/\/vapehosale.com\/wp-content\/uploads\/2024\/10\/Best-Fumot-Disposable-Vape-25K-300x133.png 300w, https:\/\/vapehosale.com\/wp-content\/uploads\/2024\/10\/Best-Fumot-Disposable-Vape-25K-768x341.png 768w, https:\/\/vapehosale.com\/wp-content\/uploads\/2024\/10\/Best-Fumot-Disposable-Vape-25K-600x267.png 600w\" sizes=\"(max-width: 900px) 100vw, 900px\" \/><\/p>\n<p>1. Banane Glac\u00e9e<br \/>\n2. Fraise Past\u00e8que<br \/>\n3. Miami Menthe<br \/>\n4. Myrtille Framboise<br \/>\n5. Glace Noire<br \/>\n6. Gomme Blanche Glac\u00e9e<br \/>\n7. Past\u00e8que Glac\u00e9e<br \/>\n8. P\u00eache Juteuse Glac\u00e9e<br \/>\n9. Limonade Rose<br \/>\n10. Fraise Mangue<br \/>\n11. P\u00eache Mangue Past\u00e8que<br \/>\n12. Raisin Citron<br \/>\n13. Explosion Arc-en-ciel Tropicale<br \/>\n14. Bombe Cerise<br \/>\nBonbon \u00e0 la fraise et \u00e0 la menthe<br \/>\nDouble Pomme<br \/>\n17. Myrtille Sur Glace<br \/>\n18. Fraise Glac\u00e9e<br \/>\n19. Glace Luxuriante<br \/>\n20. Ananas Glac\u00e9<br \/>\n21. Raisin Glac\u00e9<br \/>\n22. Dr Bleu<br \/>\n23. Kiwi Fruit de la Passion Goyave<br \/>\n24. Cola Cerise<\/p>\n<h2>Caract\u00e9ristiques cl\u00e9s RandM Fumot 25000<\/h2>\n<p>Nicotine 2%5%<br \/>\nBouff\u00e9es : 25000<br \/>\n26 saveurs disponibles<br \/>\nRechargeable 700mAh<br \/>\nDouble coil en mesh<br \/>\nType-C 1,77 TFT<br \/>\nInterrupteur Tactile<\/p>\n<h3>Pourquoi choisir Fumot Tornado 25000 Smart Vape ?<\/h3>\n<h4>1.Fumot 25000 Bouff\u00e9es Mode Jeux Amusants<\/h4>\n<p>Tornado 25000 est dot\u00e9 de fonctionnalit\u00e9s de jeu int\u00e9ressantes. Autrefois, nous retournions la pi\u00e8ce. Et maintenant, nous lan\u00e7ons le d\u00e9 cybern\u00e9tique. Montrez votre chance et amusez-vous davantage avec des amis.<\/p>\n<p><img decoding=\"async\" class=\"alignnone size-full wp-image-3091\" src=\"https:\/\/vapehosale.com\/wp-content\/uploads\/2024\/10\/Fumot-Vapes-25000-Puffs-Near-Me.png\" alt=\"Vapes Fumot 25000 bouff\u00e9es pr\u00e8s de chez moi\" width=\"900\" height=\"354\" srcset=\"https:\/\/vapehosale.com\/wp-content\/uploads\/2024\/10\/Fumot-Vapes-25000-Puffs-Near-Me.png 900w, https:\/\/vapehosale.com\/wp-content\/uploads\/2024\/10\/Fumot-Vapes-25000-Puffs-Near-Me-300x118.png 300w, https:\/\/vapehosale.com\/wp-content\/uploads\/2024\/10\/Fumot-Vapes-25000-Puffs-Near-Me-768x302.png 768w, https:\/\/vapehosale.com\/wp-content\/uploads\/2024\/10\/Fumot-Vapes-25000-Puffs-Near-Me-600x236.png 600w\" sizes=\"(max-width: 900px) 100vw, 900px\" \/><\/p>\n<h4>2.RandM Fumot 25000 Bouff\u00e9es Interrupteur Tactile<\/h4>\n<p>Double-cliquez pour r\u00e9veiller l'\u00e9cran<br \/>\nTriple-cliquez pour changer la puissance<br \/>\nQuatre-cliques pour entrer en mode jeu et cliquez une fois pour commencer le jeu<\/p>\n<p><img decoding=\"async\" class=\"alignnone size-full wp-image-3093\" src=\"https:\/\/vapehosale.com\/wp-content\/uploads\/2024\/10\/Wholesale-Fumot-Vape-25K.png\" alt=\"Vente en gros Fumot Vape 25K\" width=\"900\" height=\"336\" srcset=\"https:\/\/vapehosale.com\/wp-content\/uploads\/2024\/10\/Wholesale-Fumot-Vape-25K.png 900w, https:\/\/vapehosale.com\/wp-content\/uploads\/2024\/10\/Wholesale-Fumot-Vape-25K-300x112.png 300w, https:\/\/vapehosale.com\/wp-content\/uploads\/2024\/10\/Wholesale-Fumot-Vape-25K-768x287.png 768w, https:\/\/vapehosale.com\/wp-content\/uploads\/2024\/10\/Wholesale-Fumot-Vape-25K-600x224.png 600w\" sizes=\"(max-width: 900px) 100vw, 900px\" \/><\/p>\n<h4>3.Tornado Fumot 25000k Double r\u00e9sistance mesh<\/h4>\n<p>La vape Double Mesh utilise un \u00e9l\u00e9ment chauffant avec deux couches de mat\u00e9riau mesh, cr\u00e9ant une plus grande surface de contact pour le e-liquide et chauffant uniform\u00e9ment. Cela se traduit par un go\u00fbt plus doux et plus satisfaisant, ainsi qu'une saveur plus stable tout au long de la dur\u00e9e de vie de la vape.<\/p>\n<p><img decoding=\"async\" class=\"alignnone size-full wp-image-3092\" src=\"https:\/\/vapehosale.com\/wp-content\/uploads\/2024\/10\/RandM-Vape-Tornado-25K.png\" alt=\"Vape RandM Tornado 25K\" width=\"900\" height=\"331\" srcset=\"https:\/\/vapehosale.com\/wp-content\/uploads\/2024\/10\/RandM-Vape-Tornado-25K.png 900w, https:\/\/vapehosale.com\/wp-content\/uploads\/2024\/10\/RandM-Vape-Tornado-25K-300x110.png 300w, https:\/\/vapehosale.com\/wp-content\/uploads\/2024\/10\/RandM-Vape-Tornado-25K-768x282.png 768w, https:\/\/vapehosale.com\/wp-content\/uploads\/2024\/10\/RandM-Vape-Tornado-25K-600x221.png 600w\" sizes=\"(max-width: 900px) 100vw, 900px\" \/><\/p>\n<h4>4.Meilleure cigarette \u00e9lectronique jetable Fumot 25000 bouff\u00e9es charge rapide<\/h4>\n<p>L'USB-C ou l'USB Type-C est la derni\u00e8re norme universelle pour les connexions filaires aux appareils intelligents, et le Tornado 25000 a opt\u00e9 pour le Type-C afin que vous puissiez le charger rapidement.<\/p>\n<p><img decoding=\"async\" class=\"alignnone size-full wp-image-3089\" src=\"https:\/\/vapehosale.com\/wp-content\/uploads\/2024\/10\/Fumot-Vape-25000-Puffs.png\" alt=\"Fumot Vape 25000 bouff\u00e9es\" width=\"900\" height=\"425\" srcset=\"https:\/\/vapehosale.com\/wp-content\/uploads\/2024\/10\/Fumot-Vape-25000-Puffs.png 900w, https:\/\/vapehosale.com\/wp-content\/uploads\/2024\/10\/Fumot-Vape-25000-Puffs-300x142.png 300w, https:\/\/vapehosale.com\/wp-content\/uploads\/2024\/10\/Fumot-Vape-25000-Puffs-768x363.png 768w, https:\/\/vapehosale.com\/wp-content\/uploads\/2024\/10\/Fumot-Vape-25000-Puffs-600x283.png 600w\" sizes=\"(max-width: 900px) 100vw, 900px\" \/><\/p>\n<h4><strong>Contenu de l'emballage :<\/strong><\/h4>\n<p>1 x cigarette \u00e9lectronique jetable Fumot Tornado 25000 bouff\u00e9es avec \u00e9cran tactile TFT<\/p>\n<p>\u2705Vente en gros sortie d'usine Whatsapp :<a href=\"https:\/\/wa.me\/8618077105750\">+8618077105750<\/a><\/p>\n<p>\u2705 Grossistes et revendeurs sont les bienvenus pour personnaliser les commandes<br \/>\n\u2705 Fournir des produits de la plus haute qualit\u00e9 et les services les plus professionnels.<\/p>\n<p><img decoding=\"async\" class=\"alignnone size-full wp-image-2638\" src=\"https:\/\/vapehosale.com\/wp-content\/uploads\/2023\/09\/885301ea6f5e0b91f5ab2b1c85e665c.png\" alt=\"Usine RandM\" width=\"670\" height=\"658\" srcset=\"https:\/\/vapehosale.com\/wp-content\/uploads\/2023\/09\/885301ea6f5e0b91f5ab2b1c85e665c.png 670w, https:\/\/vapehosale.com\/wp-content\/uploads\/2023\/09\/885301ea6f5e0b91f5ab2b1c85e665c-300x295.png 300w, https:\/\/vapehosale.com\/wp-content\/uploads\/2023\/09\/885301ea6f5e0b91f5ab2b1c85e665c-600x589.png 600w\" sizes=\"(max-width: 670px) 100vw, 670px\" \/><\/p>\n<p><a href=\"https:\/\/vapehosale.com\/fr\/product\/randm-tornado-7000-puffs-disposable-vape\/\">Vape en vente chaude<\/a><br \/>\n<a href=\"https:\/\/vapehosale.com\/fr\/product-category\/randm-fumot-vape\/\">Plus de cigarettes \u00e9lectroniques jetables Fumot en cliquant ici<span class=\"x19la9d6 x1fc57z9 x6ikm8r x10wlt62 x19co3pv x1g5zs5t xfibh0p xiy17q3 x1xsqp64 x1lkfr7t xexx8yu xyri2b x18d9i69 x1c1uobl\"><span class=\"xrtxmta x1bhl96m\">\ud83d\udc48<\/span><\/span><\/a><br \/>\n<a href=\"https:\/\/vapehosale.com\/fr\/product-category\/25k-vape\/\">Catalogue de cigarettes \u00e9lectroniques jetables 25000 bouff\u00e9es<\/a><a href=\"https:\/\/vapehosale.com\/fr\/product-category\/randm-fumot-vape\/\"><span class=\"x19la9d6 x1fc57z9 x6ikm8r x10wlt62 x19co3pv x1g5zs5t xfibh0p xiy17q3 x1xsqp64 x1lkfr7t xexx8yu xyri2b x18d9i69 x1c1uobl\"><span class=\"xrtxmta x1bhl96m\">\ud83d\udc48<\/span><\/span><\/a><br \/>\nContact pour le catalogue produits :<a href=\"https:\/\/wa.me\/8618077105750\">Acheter maintenant<\/a><\/p>\n<p>Mod\u00e8le de vape de forme sp\u00e9ciale :<a href=\"https:\/\/vapehosale.com\/fr\/product\/bulk-buy-bang-king-12000\/\">forme de bouteille<\/a>\/canette de Coca\/<a href=\"https:\/\/vapehosale.com\/fr\/product\/sidia-12000-puffs-disposable-device\/\">lumi\u00e8re RVB<\/a>\/Cristal<\/p>\n<h4>D\u00e9tails de l'exp\u00e9dition :<\/h4>\n<p>*D\u00e9lai de production* : exp\u00e9dition sous 5 jours ouvrables (apr\u00e8s r\u00e9ception du paiement)<\/p>\n<p>*D\u00e9lai de livraison* : 10-14 jours (En cas de jours f\u00e9ri\u00e9s et de contr\u00f4le douanier, le d\u00e9lai de livraison sera retard\u00e9.)<\/p>\n<h4>D\u00e9tails de paiement :<\/h4>\n<p>Nous acceptons les paiements par virement bancaire ou Western Union<\/p>\n<p>Tous les produits de notre boutique sont 100% originaux et authentiques, la politique de notre magasin est donc de rembourser dix fois la valeur en cas de contrefa\u00e7on.<\/p>\n<h3>Service apr\u00e8s-vente :<\/h3>\n<p><span style=\"color: #ff0000\">Remarque : Pas de retours ni d'\u00e9changes pour les probl\u00e8mes non li\u00e9s \u00e0 la qualit\u00e9<br \/>\n<span style=\"color: #000000\">Les produits sont fabriqu\u00e9s \u00e0 la demande du client. Aucun remboursement ne sera accord\u00e9 s'il n'y a pas de probl\u00e8me de qualit\u00e9 apr\u00e8s la r\u00e9ception des marchandises par le client.<\/span><\/span><\/p>\n<p>1. Il est interdit aux mineurs de moins de 21 ans d'acheter des appareils et accessoires \u00e0 usage unique.<\/p>\n<p>2. Certaines petites \u00eeles des pays europ\u00e9ens peuvent exiger des frais suppl\u00e9mentaires pour les zones \u00e9loign\u00e9es, veuillez nous consulter avant d'acheter.<\/p>\n<p>3. Les prix sur notre site Web n'incluent pas les frais d'exp\u00e9dition. Veuillez contacter la responsable des ventes Vicky pour vous renseigner sur les frais d'exp\u00e9dition avant de passer une commande.<\/p>","protected":false},"excerpt":{"rendered":"<p><strong>Fumot Tornado 25000 Bouff\u00e9es Vape Intelligente Jetable<\/strong> pr\u00e9sente une impressionnante <strong>25 000 bouff\u00e9es<\/strong>, 26 saveurs d\u00e9licieuses, et une <strong>\u00e9cran tactile TFT de 1,77 pouces<\/strong> pour une commande facile. Avec une <strong>batterie rechargeable de 700mAh<\/strong> et une double bobine en mesh pour une saveur am\u00e9lior\u00e9e, cette vape intelligente inclut \u00e9galement un mode jeu amusant, ce qui en fait le choix parfait pour les vapoteurs recherchant innovation et plaisir.<span style=\"color: #ff0000\">(le prix du site web n'inclut pas les frais d'exp\u00e9dition)<\/span><\/p>\n<p><span style=\"color: #ff0000\">contactez-moi pour une commande minimum de seulement 50 pi\u00e8ces ! pas de vente en dessous de 50 pi\u00e8ces, <\/span>Vente en gros uniquement !<\/p>\n<p><img decoding=\"async\" class=\"alignnone size-medium wp-image-2638\" src=\"https:\/\/vapehosale.com\/wp-content\/uploads\/2023\/09\/885301ea6f5e0b91f5ab2b1c85e665c-300x295.png\" alt=\"Usine RandM\" width=\"300\" height=\"295\" srcset=\"https:\/\/vapehosale.com\/wp-content\/uploads\/2023\/09\/885301ea6f5e0b91f5ab2b1c85e665c-300x295.png 300w, https:\/\/vapehosale.com\/wp-content\/uploads\/2023\/09\/885301ea6f5e0b91f5ab2b1c85e665c-600x589.png 600w, https:\/\/vapehosale.com\/wp-content\/uploads\/2023\/09\/885301ea6f5e0b91f5ab2b1c85e665c.png 670w\" sizes=\"(max-width: 300px) 100vw, 300px\" \/><\/p>\n<p>&nbsp;<\/p>","protected":false},"featured_media":3085,"comment_status":"open","ping_status":"closed","template":"","meta":{"_uag_custom_page_level_css":"","_lmt_disableupdate":"no","_lmt_disable":"","site-sidebar-layout":"default","site-content-layout":"","ast-site-content-layout":"default","site-content-style":"default","site-sidebar-style":"default","ast-global-header-display":"","ast-banner-title-visibility":"","ast-main-header-display":"","ast-hfb-above-header-display":"","ast-hfb-below-header-display":"","ast-hfb-mobile-header-display":"","site-post-title":"","ast-breadcrumbs-content":"","ast-featured-img":"","footer-sml-layout":"","theme-transparent-header-meta":"default","adv-header-id-meta":"","stick-header-meta":"","header-above-stick-meta":"","header-main-stick-meta":"","header-below-stick-meta":"","astra-migrate-meta-layouts":"set","_joinchat":[]},"product_cat":[88,41,55,89,15],"product_tag":[76,114,35,33],"class_list":["post-3082","product","type-product","status-publish","has-post-thumbnail","hentry","product_cat-25k-vape","product_cat-europe-hot-sale-vape","product_cat-minimum-order-quantity-50pcs","product_cat-randm-fumot-vape","product_cat-vape-shop-wholesale","product_tag-airflow-control-vape","product_tag-fumot-vape","product_tag-rechargeable-disposable-device","product_tag-rgb-light-disposable-vape","desktop-align-left","tablet-align-left","mobile-align-left"],"yoast_head":"<!-- This site is optimized with the Yoast SEO plugin v21.1 - https:\/\/yoast.com\/wordpress\/plugins\/seo\/ -->\n<title>Fumot Tornado 25000 Puffs Touch Disposable Vape - Vape Wholesale<\/title>\n<meta name=\"description\" content=\"Wholesale Fumot Tornado 25000 Puffs: 25,000 puffs, 26 flavors, TFT touch screen, and game mode. Elevate your vaping experience today!\" \/>\n<meta name=\"robots\" content=\"index, follow, max-snippet:-1, max-image-preview:large, max-video-preview:-1\" \/>\n<link rel=\"canonical\" href=\"https:\/\/vapehosale.com\/fr\/product\/fumot-tornado-25000-disposable-smart-vape\/\" \/>\n<meta property=\"og:locale\" content=\"fr_FR\" \/>\n<meta property=\"og:type\" content=\"article\" \/>\n<meta property=\"og:title\" content=\"Fumot Tornado 25000 Puffs Touch Disposable Vape - Vape Wholesale\" \/>\n<meta property=\"og:description\" content=\"Wholesale Fumot Tornado 25000 Puffs: 25,000 puffs, 26 flavors, TFT touch screen, and game mode. Elevate your vaping experience today!\" \/>\n<meta property=\"og:url\" content=\"https:\/\/vapehosale.com\/fr\/product\/fumot-tornado-25000-disposable-smart-vape\/\" \/>\n<meta property=\"og:site_name\" content=\"Vape Wholesale\" \/>\n<meta property=\"article:modified_time\" content=\"2025-09-03T09:56:09+00:00\" \/>\n<meta property=\"og:image\" content=\"https:\/\/vapehosale.com\/wp-content\/uploads\/2024\/10\/Buy-RandM-Tornado-25K-Vape.png\" \/>\n\t<meta property=\"og:image:width\" content=\"900\" \/>\n\t<meta property=\"og:image:height\" content=\"604\" \/>\n\t<meta property=\"og:image:type\" content=\"image\/png\" \/>\n<meta name=\"twitter:card\" content=\"summary_large_image\" \/>\n<meta name=\"twitter:label1\" content=\"Dur\u00e9e de lecture estim\u00e9e\" \/>\n\t<meta name=\"twitter:data1\" content=\"4 minutes\" \/>\n<script type=\"application\/ld+json\" class=\"yoast-schema-graph\">{\"@context\":\"https:\/\/schema.org\",\"@graph\":[{\"@type\":\"WebPage\",\"@id\":\"https:\/\/vapehosale.com\/product\/fumot-tornado-25000-disposable-smart-vape\/\",\"url\":\"https:\/\/vapehosale.com\/product\/fumot-tornado-25000-disposable-smart-vape\/\",\"name\":\"Fumot Tornado 25000 Puffs Touch Disposable Vape - Vape Wholesale\",\"isPartOf\":{\"@id\":\"https:\/\/vapehosale.com\/#website\"},\"datePublished\":\"2024-10-19T08:59:57+00:00\",\"dateModified\":\"2025-09-03T09:56:09+00:00\",\"description\":\"Wholesale Fumot Tornado 25000 Puffs: 25,000 puffs, 26 flavors, TFT touch screen, and game mode. Elevate your vaping experience today!\",\"breadcrumb\":{\"@id\":\"https:\/\/vapehosale.com\/product\/fumot-tornado-25000-disposable-smart-vape\/#breadcrumb\"},\"inLanguage\":\"fr-FR\",\"potentialAction\":[{\"@type\":\"ReadAction\",\"target\":[\"https:\/\/vapehosale.com\/product\/fumot-tornado-25000-disposable-smart-vape\/\"]}]},{\"@type\":\"BreadcrumbList\",\"@id\":\"https:\/\/vapehosale.com\/product\/fumot-tornado-25000-disposable-smart-vape\/#breadcrumb\",\"itemListElement\":[{\"@type\":\"ListItem\",\"position\":1,\"name\":\"Home\",\"item\":\"https:\/\/vapehosale.com\/\"},{\"@type\":\"ListItem\",\"position\":2,\"name\":\"Best Sell Vapes\",\"item\":\"https:\/\/vapehosale.com\/vape-shop\/\"},{\"@type\":\"ListItem\",\"position\":3,\"name\":\"Fumot Tornado 25000 Puffs Touch Disposable Vape\"}]},{\"@type\":\"WebSite\",\"@id\":\"https:\/\/vapehosale.com\/#website\",\"url\":\"https:\/\/vapehosale.com\/\",\"name\":\"Vape Wholesale\",\"description\":\"Buy Vape Wholesale Price Near you\",\"potentialAction\":[{\"@type\":\"SearchAction\",\"target\":{\"@type\":\"EntryPoint\",\"urlTemplate\":\"https:\/\/vapehosale.com\/?s={search_term_string}\"},\"query-input\":\"required name=search_term_string\"}],\"inLanguage\":\"fr-FR\"}]}<\/script>\n<!-- \/ Yoast SEO plugin. -->","yoast_head_json":{"title":"Fumot Tornado 25000 Puffs Touch Disposable Vape - Vape Wholesale","description":"Wholesale Fumot Tornado 25000 Puffs: 25,000 puffs, 26 flavors, TFT touch screen, and game mode. Elevate your vaping experience today!","robots":{"index":"index","follow":"follow","max-snippet":"max-snippet:-1","max-image-preview":"max-image-preview:large","max-video-preview":"max-video-preview:-1"},"canonical":"https:\/\/vapehosale.com\/fr\/product\/fumot-tornado-25000-disposable-smart-vape\/","og_locale":"fr_FR","og_type":"article","og_title":"Fumot Tornado 25000 Puffs Touch Disposable Vape - Vape Wholesale","og_description":"Wholesale Fumot Tornado 25000 Puffs: 25,000 puffs, 26 flavors, TFT touch screen, and game mode. Elevate your vaping experience today!","og_url":"https:\/\/vapehosale.com\/fr\/product\/fumot-tornado-25000-disposable-smart-vape\/","og_site_name":"Vape Wholesale","article_modified_time":"2025-09-03T09:56:09+00:00","og_image":[{"width":900,"height":604,"url":"https:\/\/vapehosale.com\/wp-content\/uploads\/2024\/10\/Buy-RandM-Tornado-25K-Vape.png","type":"image\/png"}],"twitter_card":"summary_large_image","twitter_misc":{"Dur\u00e9e de lecture estim\u00e9e":"4 minutes"},"schema":{"@context":"https:\/\/schema.org","@graph":[{"@type":"WebPage","@id":"https:\/\/vapehosale.com\/product\/fumot-tornado-25000-disposable-smart-vape\/","url":"https:\/\/vapehosale.com\/product\/fumot-tornado-25000-disposable-smart-vape\/","name":"Fumot Tornado 25000 Puffs Touch Disposable Vape - Vape Wholesale","isPartOf":{"@id":"https:\/\/vapehosale.com\/#website"},"datePublished":"2024-10-19T08:59:57+00:00","dateModified":"2025-09-03T09:56:09+00:00","description":"Wholesale Fumot Tornado 25000 Puffs: 25,000 puffs, 26 flavors, TFT touch screen, and game mode. Elevate your vaping experience today!","breadcrumb":{"@id":"https:\/\/vapehosale.com\/product\/fumot-tornado-25000-disposable-smart-vape\/#breadcrumb"},"inLanguage":"fr-FR","potentialAction":[{"@type":"ReadAction","target":["https:\/\/vapehosale.com\/product\/fumot-tornado-25000-disposable-smart-vape\/"]}]},{"@type":"BreadcrumbList","@id":"https:\/\/vapehosale.com\/product\/fumot-tornado-25000-disposable-smart-vape\/#breadcrumb","itemListElement":[{"@type":"ListItem","position":1,"name":"Home","item":"https:\/\/vapehosale.com\/"},{"@type":"ListItem","position":2,"name":"Best Sell Vapes","item":"https:\/\/vapehosale.com\/vape-shop\/"},{"@type":"ListItem","position":3,"name":"Fumot Tornado 25000 Puffs Touch Disposable Vape"}]},{"@type":"WebSite","@id":"https:\/\/vapehosale.com\/#website","url":"https:\/\/vapehosale.com\/","name":"Vape Wholesale","description":"Buy Vape Wholesale Price Near you","potentialAction":[{"@type":"SearchAction","target":{"@type":"EntryPoint","urlTemplate":"https:\/\/vapehosale.com\/?s={search_term_string}"},"query-input":"required name=search_term_string"}],"inLanguage":"fr-FR"}]}},"uagb_featured_image_src":{"full":["https:\/\/vapehosale.com\/wp-content\/uploads\/2024\/10\/Buy-RandM-Tornado-25K-Vape.png",900,604,false],"thumbnail":["https:\/\/vapehosale.com\/wp-content\/uploads\/2024\/10\/Buy-RandM-Tornado-25K-Vape-150x150.png",150,150,true],"medium":["https:\/\/vapehosale.com\/wp-content\/uploads\/2024\/10\/Buy-RandM-Tornado-25K-Vape-300x201.png",300,201,true],"medium_large":["https:\/\/vapehosale.com\/wp-content\/uploads\/2024\/10\/Buy-RandM-Tornado-25K-Vape-768x515.png",768,515,true],"large":["https:\/\/vapehosale.com\/wp-content\/uploads\/2024\/10\/Buy-RandM-Tornado-25K-Vape.png",900,604,false],"1536x1536":["https:\/\/vapehosale.com\/wp-content\/uploads\/2024\/10\/Buy-RandM-Tornado-25K-Vape.png",900,604,false],"2048x2048":["https:\/\/vapehosale.com\/wp-content\/uploads\/2024\/10\/Buy-RandM-Tornado-25K-Vape.png",900,604,false],"trp-custom-language-flag":["https:\/\/vapehosale.com\/wp-content\/uploads\/2024\/10\/Buy-RandM-Tornado-25K-Vape.png",18,12,false],"woocommerce_thumbnail":["https:\/\/vapehosale.com\/wp-content\/uploads\/2024\/10\/Buy-RandM-Tornado-25K-Vape-300x300.png",300,300,true],"woocommerce_single":["https:\/\/vapehosale.com\/wp-content\/uploads\/2024\/10\/Buy-RandM-Tornado-25K-Vape-600x403.png",600,403,true],"woocommerce_gallery_thumbnail":["https:\/\/vapehosale.com\/wp-content\/uploads\/2024\/10\/Buy-RandM-Tornado-25K-Vape-100x100.png",100,100,true],"wcpr-photo-reviews":["https:\/\/vapehosale.com\/wp-content\/uploads\/2024\/10\/Buy-RandM-Tornado-25K-Vape.png",500,336,false]},"uagb_author_info":{"display_name":"Vicky hosale","author_link":"https:\/\/vapehosale.com\/fr\/author\/"},"uagb_comment_info":1,"uagb_excerpt":"Fumot Tornado 25000 Puffs Disposable Smart Vape features an impressive 25,000 puffs, 26 delicious flavors, and a 1.77-inch TFT touch screen for easy control. With a 700mAh rechargeable battery and dual mesh coil for enhanced flavor, this smart vape also includes a fun game mode, making it the perfect choice for vapers seeking innovation and\u2026","_links":{"self":[{"href":"https:\/\/vapehosale.com\/fr\/wp-json\/wp\/v2\/product\/3082","targetHints":{"allow":["GET"]}}],"collection":[{"href":"https:\/\/vapehosale.com\/fr\/wp-json\/wp\/v2\/product"}],"about":[{"href":"https:\/\/vapehosale.com\/fr\/wp-json\/wp\/v2\/types\/product"}],"replies":[{"embeddable":true,"href":"https:\/\/vapehosale.com\/fr\/wp-json\/wp\/v2\/comments?post=3082"}],"wp:featuredmedia":[{"embeddable":true,"href":"https:\/\/vapehosale.com\/fr\/wp-json\/wp\/v2\/media\/3085"}],"wp:attachment":[{"href":"https:\/\/vapehosale.com\/fr\/wp-json\/wp\/v2\/media?parent=3082"}],"wp:term":[{"taxonomy":"product_cat","embeddable":true,"href":"https:\/\/vapehosale.com\/fr\/wp-json\/wp\/v2\/product_cat?post=3082"},{"taxonomy":"product_tag","embeddable":true,"href":"https:\/\/vapehosale.com\/fr\/wp-json\/wp\/v2\/product_tag?post=3082"}],"curies":[{"name":"wp","href":"https:\/\/api.w.org\/{rel}","templated":true}]}}