{"id":3069,"date":"2024-10-19T08:19:55","date_gmt":"2024-10-19T08:19:55","guid":{"rendered":"https:\/\/vapehosale.com\/?post_type=product&#038;p=3069"},"modified":"2025-08-29T09:16:23","modified_gmt":"2025-08-29T09:16:23","slug":"randm-fumot-tornado-30k-music-disposable-vape","status":"publish","type":"product","link":"https:\/\/vapehosale.com\/fr\/product\/randm-fumot-tornado-30k-music-disposable-vape\/","title":{"rendered":"Vente en gros de vapoteuse jetable Fumot Tornado 30000 Puffs"},"content":{"rendered":"<h2 style=\"text-align: center\">Fumot Tornado 30K Vape Jetable Musique<\/h2>\n<p>Fumot Tornado 30K Vape Jetable Musique offre une exp\u00e9rience impressionnante de 30000 bouff\u00e9es avec une saveur riche et des performances puissantes. Avec 30 options de saveurs, une batterie rechargeable de 600mAh, et une charge rapide Type-C, elle garantit une satisfaction durable. La r\u00e9sistance en mesh 1.0\u03a9 avanc\u00e9e am\u00e9liore la vapeur et le go\u00fbt, tandis que les lumi\u00e8res dynamiques synchronis\u00e9es avec la musique apportent une touche moderne. Con\u00e7ue pour le march\u00e9 europ\u00e9en, la RandM Tornado 30000 Bouff\u00e9es est un choix intelligent pour les jeunes hommes qui appr\u00e9cient le style et l'endurance.<\/p>\n<p><img decoding=\"async\" class=\"alignnone size-full wp-image-3073\" src=\"https:\/\/vapehosale.com\/wp-content\/uploads\/2024\/10\/Discount-Fumot-Tornado-Vape-Products-in-Bulk.png\" alt=\"Produits Fumot Tornado Vape en gros avec r\u00e9duction\" width=\"900\" height=\"387\" srcset=\"https:\/\/vapehosale.com\/wp-content\/uploads\/2024\/10\/Discount-Fumot-Tornado-Vape-Products-in-Bulk.png 900w, https:\/\/vapehosale.com\/wp-content\/uploads\/2024\/10\/Discount-Fumot-Tornado-Vape-Products-in-Bulk-300x129.png 300w, https:\/\/vapehosale.com\/wp-content\/uploads\/2024\/10\/Discount-Fumot-Tornado-Vape-Products-in-Bulk-768x330.png 768w, https:\/\/vapehosale.com\/wp-content\/uploads\/2024\/10\/Discount-Fumot-Tornado-Vape-Products-in-Bulk-600x258.png 600w\" sizes=\"(max-width: 900px) 100vw, 900px\" \/><\/p>\n<p>&nbsp;<\/p>\n<h2>Liste des saveurs de Fumot Tornado 30000 Bouff\u00e9es :<\/h2>\n<p><img decoding=\"async\" class=\"alignnone size-full wp-image-3072\" src=\"https:\/\/vapehosale.com\/wp-content\/uploads\/2024\/10\/Buy-Fumot-Tornado-30K-Music-Disposable-Vape.png\" alt=\"Acheter Fumot Tornado 30K Vape Jetable Musique\" width=\"900\" height=\"437\" srcset=\"https:\/\/vapehosale.com\/wp-content\/uploads\/2024\/10\/Buy-Fumot-Tornado-30K-Music-Disposable-Vape.png 900w, https:\/\/vapehosale.com\/wp-content\/uploads\/2024\/10\/Buy-Fumot-Tornado-30K-Music-Disposable-Vape-300x146.png 300w, https:\/\/vapehosale.com\/wp-content\/uploads\/2024\/10\/Buy-Fumot-Tornado-30K-Music-Disposable-Vape-768x373.png 768w, https:\/\/vapehosale.com\/wp-content\/uploads\/2024\/10\/Buy-Fumot-Tornado-30K-Music-Disposable-Vape-600x291.png 600w\" sizes=\"(max-width: 900px) 100vw, 900px\" \/><\/p>\n<p>1. Banane Glac\u00e9e<br \/>\n2. Glace Noire<br \/>\n3. Razz Bleu Glac\u00e9<br \/>\n4. Myrtille Sur Glace<br \/>\n5. M\u00fbre Framboise<br \/>\n6. M\u00fbre Framboise Acidul\u00e9e<br \/>\n7. Cerise Glac\u00e9e<br \/>\n8. Cola Cerise<br \/>\n9. Cola Glac\u00e9<br \/>\n10. Menthe Fra\u00eeche<br \/>\n11. Double Pomme<br \/>\n12. Dr Blue<br \/>\n13. Raisin Glac\u00e9<br \/>\n14. Glace \u00e0 l'Ice Pop<br \/>\n15. Kiwi Fruit de la Passion Goyave<br \/>\n16. Amour 66<br \/>\n17. Glace Luxuriante<br \/>\n18. Baies Mixtes<br \/>\n19. P\u00eache Baie<br \/>\n20. Glace \u00e0 la P\u00eache<br \/>\n21. Mangue Ananas P\u00eache<br \/>\nAnanas Glac\u00e9<br \/>\nLimonade Rose<br \/>\n24. Skittles<br \/>\nFraise Banane<br \/>\nFraise raisin<br \/>\n27. Fraise Glac\u00e9e<br \/>\n28. Fraise Past\u00e8que<br \/>\n29. Triple Mangue<br \/>\n30. Vimto<\/p>\n<h2>Caract\u00e9ristiques du Fumot Tornado 30000 Puffs :<\/h2>\n<ol>\n<li><strong>30000 Bouff\u00e9es<\/strong>: Profitez d'une impressionnante <strong>30000 bouff\u00e9es<\/strong> avec le <strong>Fumot Vape<\/strong>, ce qui le rend parfait pour ceux qui souhaitent une exp\u00e9rience de vapotage prolong\u00e9e sans recharges fr\u00e9quentes.<\/li>\n<li><strong>Batterie Rechargeable<\/strong>: Le <strong>Batterie rechargeable de 600mAh<\/strong> avec <strong>Type-C<\/strong> la charge vous permet de recharger votre vapoteuse rapidement et facilement, m\u00eame lors de longues sessions.<\/li>\n<li><strong>Technologie de r\u00e9sistance maill\u00e9e<\/strong>: Le <strong>R\u00e9sistance en mesh 1.0\u03a9<\/strong> am\u00e9liore la production de vapeur et l'intensit\u00e9 des saveurs, offrant une inhalation douce et constante \u00e0 chaque fois.<\/li>\n<li><strong>Spectacle Musical &amp; Lumineux<\/strong>: Ceci <strong>Fumot Vape Jetable<\/strong> se synchronise avec la musique, et ses lumi\u00e8res changent en rythme, ajoutant une dimension sensorielle excitante \u00e0 vos sessions de vapotage.<\/li>\n<li><strong>Force de Nicotine<\/strong>: Disponible en <strong>2% ou 5% de nicotine<\/strong>, qui r\u00e9pondent \u00e0 la fois aux pr\u00e9f\u00e9rences de nicotine mod\u00e9r\u00e9es et \u00e9lev\u00e9es.<\/li>\n<li><strong>30 Saveurs<\/strong>Avec <strong>30 saveurs<\/strong> disponible, allant du fruit\u00e9 au menthol, le <strong>Fumot Tornado Vape<\/strong> qui offre une vari\u00e9t\u00e9 d'options pour tous les go\u00fbts, vous garantissant de trouver votre pr\u00e9f\u00e9r\u00e9e parmi <strong>meilleur vape RandM 30K saveurs<\/strong>.<\/li>\n<\/ol>\n<p><img decoding=\"async\" class=\"alignnone size-full wp-image-3075\" src=\"https:\/\/vapehosale.com\/wp-content\/uploads\/2024\/10\/Fumot-Tornado-30K-Music-Vape-for-Sale.png\" alt=\"\" width=\"900\" height=\"439\" srcset=\"https:\/\/vapehosale.com\/wp-content\/uploads\/2024\/10\/Fumot-Tornado-30K-Music-Vape-for-Sale.png 900w, https:\/\/vapehosale.com\/wp-content\/uploads\/2024\/10\/Fumot-Tornado-30K-Music-Vape-for-Sale-300x146.png 300w, https:\/\/vapehosale.com\/wp-content\/uploads\/2024\/10\/Fumot-Tornado-30K-Music-Vape-for-Sale-768x375.png 768w, https:\/\/vapehosale.com\/wp-content\/uploads\/2024\/10\/Fumot-Tornado-30K-Music-Vape-for-Sale-600x293.png 600w\" sizes=\"(max-width: 900px) 100vw, 900px\" \/><\/p>\n<p><img decoding=\"async\" class=\"alignnone size-full wp-image-3071\" src=\"https:\/\/vapehosale.com\/wp-content\/uploads\/2024\/10\/Bulk-Fumot-Tornado-30K-Disposable-Vape-Music-Edition.png\" alt=\"\" width=\"900\" height=\"392\" srcset=\"https:\/\/vapehosale.com\/wp-content\/uploads\/2024\/10\/Bulk-Fumot-Tornado-30K-Disposable-Vape-Music-Edition.png 900w, https:\/\/vapehosale.com\/wp-content\/uploads\/2024\/10\/Bulk-Fumot-Tornado-30K-Disposable-Vape-Music-Edition-300x131.png 300w, https:\/\/vapehosale.com\/wp-content\/uploads\/2024\/10\/Bulk-Fumot-Tornado-30K-Disposable-Vape-Music-Edition-768x335.png 768w, https:\/\/vapehosale.com\/wp-content\/uploads\/2024\/10\/Bulk-Fumot-Tornado-30K-Disposable-Vape-Music-Edition-600x261.png 600w\" sizes=\"(max-width: 900px) 100vw, 900px\" \/><\/p>\n<p><img decoding=\"async\" class=\"alignnone size-full wp-image-3070\" src=\"https:\/\/vapehosale.com\/wp-content\/uploads\/2024\/10\/30000-Puffs-Fumot-Tornado-Disposable-Vape-Wholesale.png\" alt=\"30000 Bouff\u00e9es Fumot Tornado Vape Jetable Vente en Gros\" width=\"900\" height=\"393\" srcset=\"https:\/\/vapehosale.com\/wp-content\/uploads\/2024\/10\/30000-Puffs-Fumot-Tornado-Disposable-Vape-Wholesale.png 900w, https:\/\/vapehosale.com\/wp-content\/uploads\/2024\/10\/30000-Puffs-Fumot-Tornado-Disposable-Vape-Wholesale-300x131.png 300w, https:\/\/vapehosale.com\/wp-content\/uploads\/2024\/10\/30000-Puffs-Fumot-Tornado-Disposable-Vape-Wholesale-768x335.png 768w, https:\/\/vapehosale.com\/wp-content\/uploads\/2024\/10\/30000-Puffs-Fumot-Tornado-Disposable-Vape-Wholesale-600x262.png 600w\" sizes=\"(max-width: 900px) 100vw, 900px\" \/><\/p>\n<h3>Pourquoi choisir Fumot Tornado 30000 Bouff\u00e9es vape ?<\/h3>\n<ol>\n<li><strong>Fumot Vape 30000 Bouff\u00e9es pr\u00e8s de chez moi<\/strong>: Si vous recherchez la cigarette \u00e9lectronique jetable la plus fiable avec une capacit\u00e9 de bouff\u00e9es \u00e9tendue, ce produit est la meilleure option disponible dans votre r\u00e9gion.<\/li>\n<li><strong>Vente en gros Fumot 30K<\/strong>: Pour les d\u00e9taillants, acheter <strong>Vente en gros Fumot 30K<\/strong> vapes est une excellente opportunit\u00e9 d'offrir \u00e0 vos clients un produit tendance et tr\u00e8s demand\u00e9.<\/li>\n<li><strong>Fumot Vape 30000<\/strong>: Con\u00e7u pour la portabilit\u00e9, le <strong>Fumot Box Vape<\/strong> est facile \u00e0 transporter, avec un format compact qui ne sacrifie pas la performance.<\/li>\n<li><strong>Fumot Vape RandM Tornado 30000<\/strong>: Combinant la qualit\u00e9 de <strong>RandM vape<\/strong> avec les fonctionnalit\u00e9s de <strong>Fumot<\/strong>, cette vape garantit une exp\u00e9rience satisfaisante et douce \u00e0 chaque bouff\u00e9e.<\/li>\n<\/ol>\n<h3>Pourquoi Fumot Tornado 30k Bouff\u00e9es est la meilleure cigarette \u00e9lectronique jetable ?<\/h3>\n<ol>\n<li><strong>Meilleur Fumot RandM Vape 30K Saveurs<\/strong>Des saveurs fruit\u00e9es et fra\u00eeches aux menthols rafra\u00eechissants, vous trouverez le <strong>meilleur vape RandM 30K saveurs<\/strong> dans cet appareil, vous offrant une grande vari\u00e9t\u00e9 \u00e0 explorer.<\/li>\n<li><strong>Acheter la cigarette \u00e9lectronique Fumot Tornado 30K<\/strong>Que vous cherchiez \u00e0 <strong>acheter la cigarette \u00e9lectronique RandM Tornado 30K<\/strong> pour usage personnel ou pour vendre aux clients, c\u2019est un produit de premier ordre qui offre qualit\u00e9 et quantit\u00e9 \u00e0 parts \u00e9gales.<\/li>\n<li><strong>Cigarette \u00e9lectronique jetable Fumot 30000 bouff\u00e9es<\/strong>: En tant qu\u2019option jetable, le <strong>vape RandM 30K<\/strong> offre la commodit\u00e9 de pas de recharges, pas d\u2019entretien, et pas de d\u00e9sordre. Juste vapoter et profiter !<\/li>\n<\/ol>\n<h3>Que signifie la musique RandM Fumot Tornado 30k ?<\/h3>\n<p>La lumi\u00e8re RGB peut clignoter au rythme de la musique.<\/p>\n<p><img decoding=\"async\" class=\"alignnone size-full wp-image-3076\" src=\"https:\/\/vapehosale.com\/wp-content\/uploads\/2024\/10\/Fumot-Tornado-Vape-30000-Puffs-Wholesale-Store.png\" alt=\"Magasin de gros Fumot Tornado Vape 30000 bouff\u00e9es\" width=\"900\" height=\"416\" srcset=\"https:\/\/vapehosale.com\/wp-content\/uploads\/2024\/10\/Fumot-Tornado-Vape-30000-Puffs-Wholesale-Store.png 900w, https:\/\/vapehosale.com\/wp-content\/uploads\/2024\/10\/Fumot-Tornado-Vape-30000-Puffs-Wholesale-Store-300x139.png 300w, https:\/\/vapehosale.com\/wp-content\/uploads\/2024\/10\/Fumot-Tornado-Vape-30000-Puffs-Wholesale-Store-768x355.png 768w, https:\/\/vapehosale.com\/wp-content\/uploads\/2024\/10\/Fumot-Tornado-Vape-30000-Puffs-Wholesale-Store-600x277.png 600w\" sizes=\"(max-width: 900px) 100vw, 900px\" \/><\/p>\n<h3><strong>Contenu de l'emballage :<\/strong><\/h3>\n<p>1 x cigarette \u00e9lectronique jetable Tornado 30k Fumot<\/p>\n<p>\u2705Vente en gros sortie d'usine Whatsapp :<a href=\"https:\/\/wa.me\/8618077105750\">+8618077105750<\/a><\/p>\n<p>\u2705 Grossistes et revendeurs sont les bienvenus pour personnaliser les commandes<br \/>\n\u2705 Fournir des produits de la plus haute qualit\u00e9 et les services les plus professionnels.<\/p>\n<p><img decoding=\"async\" class=\"alignnone size-full wp-image-2638\" src=\"https:\/\/vapehosale.com\/wp-content\/uploads\/2023\/09\/885301ea6f5e0b91f5ab2b1c85e665c.png\" alt=\"Usine RandM\" width=\"670\" height=\"658\" srcset=\"https:\/\/vapehosale.com\/wp-content\/uploads\/2023\/09\/885301ea6f5e0b91f5ab2b1c85e665c.png 670w, https:\/\/vapehosale.com\/wp-content\/uploads\/2023\/09\/885301ea6f5e0b91f5ab2b1c85e665c-300x295.png 300w, https:\/\/vapehosale.com\/wp-content\/uploads\/2023\/09\/885301ea6f5e0b91f5ab2b1c85e665c-600x589.png 600w\" sizes=\"(max-width: 670px) 100vw, 670px\" \/><\/p>\n<p><a href=\"https:\/\/vapehosale.com\/fr\/product\/randm-tornado-7000-puffs-disposable-vape\/\">Vape en vente chaude<\/a><br \/>\n<a href=\"https:\/\/vapehosale.com\/fr\/product-category\/randm-fumot-vape\/\">Catalogue de cigarettes \u00e9lectroniques jetables Fumot<span class=\"x19la9d6 x1fc57z9 x6ikm8r x10wlt62 x19co3pv x1g5zs5t xfibh0p xiy17q3 x1xsqp64 x1lkfr7t xexx8yu xyri2b x18d9i69 x1c1uobl\"><span class=\"xrtxmta x1bhl96m\">\ud83d\udc48<\/span><\/span><\/a><br \/>\n<a href=\"https:\/\/vapehosale.com\/fr\/product-category\/puff-30k-disposable-vape\/\">Vape jetable en gros 30000 bouff\u00e9es<\/a><\/p>\n<p>Contact pour le catalogue produits :<a href=\"https:\/\/wa.me\/8618077105750\">Acheter maintenant<\/a><\/p>\n<p>Mod\u00e8le de vape de forme sp\u00e9ciale :<a href=\"https:\/\/vapehosale.com\/fr\/product\/bulk-buy-bang-king-12000\/\">forme de bouteille<\/a>\/canette de Coca\/<a href=\"https:\/\/vapehosale.com\/fr\/product\/sidia-12000-puffs-disposable-device\/\">lumi\u00e8re RVB<\/a>\/Cristal<\/p>\n<h4>D\u00e9tails de l'exp\u00e9dition :<\/h4>\n<p>Temps de production : 5 jours ouvrables<br \/>\nD\u00e9lai de livraison : 8-14 jours ouvrables<\/p>\n<h4>D\u00e9tails de paiement :<\/h4>\n<p>Nous acceptons les paiements par virement bancaire ou Western Union, nous sommes une usine de vapes de Chine, <span style=\"color: #ff0000\">ne prenons pas en charge le paiement \u00e0 la livraison.<\/span><\/p>\n<p>Tous les produits de notre boutique sont 100% originaux et authentiques, la politique de notre magasin est donc de rembourser dix fois la valeur en cas de contrefa\u00e7on.<\/p>\n<h3>Service apr\u00e8s-vente :<\/h3>\n<p><span style=\"color: #ff0000\">Remarque : Pas de retours ni d'\u00e9changes pour les probl\u00e8mes non li\u00e9s \u00e0 la qualit\u00e9<br \/>\n<span style=\"color: #000000\">Les produits sont fabriqu\u00e9s \u00e0 la demande du client. Aucun remboursement ne sera accord\u00e9 s'il n'y a pas de probl\u00e8me de qualit\u00e9 apr\u00e8s la r\u00e9ception des marchandises par le client.<\/span><\/span><\/p>\n<p>1. Il est interdit aux mineurs de moins de 21 ans d'acheter des appareils et accessoires \u00e0 usage unique.<\/p>\n<p>2. Certaines petites \u00eeles des pays europ\u00e9ens peuvent exiger des frais suppl\u00e9mentaires pour les zones \u00e9loign\u00e9es, veuillez nous consulter avant d'acheter.<\/p>\n<p>3. Les prix sur notre site Web n'incluent pas les frais d'exp\u00e9dition. Veuillez contacter la responsable des ventes Vicky pour vous renseigner sur les frais d'exp\u00e9dition avant de passer une commande.<\/p>","protected":false},"excerpt":{"rendered":"<p>Fumot Tornado 30000 Bouff\u00e9es Vape Jetable offre 30000 bouff\u00e9es, 30 saveurs, une batterie rechargeable de 600mAh, et des lumi\u00e8res synchronis\u00e9es avec la musique. Profitez d'une vape longue dur\u00e9e et savoureuse !<span style=\"color: #ff0000\">(le prix du site web n'inclut pas les frais d'exp\u00e9dition)<\/span><\/p>\n<p><span style=\"color: #ff0000\">contactez-moi pour une commande minimum de seulement 50 pi\u00e8ces ! pas de vente en dessous de 50 pi\u00e8ces, <\/span>Vente en gros uniquement !<\/p>\n<p><img decoding=\"async\" class=\"alignnone size-medium wp-image-2638\" src=\"https:\/\/vapehosale.com\/wp-content\/uploads\/2023\/09\/885301ea6f5e0b91f5ab2b1c85e665c-300x295.png\" alt=\"Usine RandM\" width=\"300\" height=\"295\" srcset=\"https:\/\/vapehosale.com\/wp-content\/uploads\/2023\/09\/885301ea6f5e0b91f5ab2b1c85e665c-300x295.png 300w, https:\/\/vapehosale.com\/wp-content\/uploads\/2023\/09\/885301ea6f5e0b91f5ab2b1c85e665c-600x589.png 600w, https:\/\/vapehosale.com\/wp-content\/uploads\/2023\/09\/885301ea6f5e0b91f5ab2b1c85e665c.png 670w\" sizes=\"(max-width: 300px) 100vw, 300px\" \/><\/p>\n<p>&nbsp;<\/p>","protected":false},"featured_media":3078,"comment_status":"open","ping_status":"closed","template":"","meta":{"_uag_custom_page_level_css":"","_lmt_disableupdate":"no","_lmt_disable":"","site-sidebar-layout":"default","site-content-layout":"","ast-site-content-layout":"default","site-content-style":"default","site-sidebar-style":"default","ast-global-header-display":"","ast-banner-title-visibility":"","ast-main-header-display":"","ast-hfb-above-header-display":"","ast-hfb-below-header-display":"","ast-hfb-mobile-header-display":"","site-post-title":"","ast-breadcrumbs-content":"","ast-featured-img":"","footer-sml-layout":"","theme-transparent-header-meta":"default","adv-header-id-meta":"","stick-header-meta":"","header-above-stick-meta":"","header-main-stick-meta":"","header-below-stick-meta":"","astra-migrate-meta-layouts":"set","_joinchat":[]},"product_cat":[41,55,87,89,15],"product_tag":[76,114,35,33],"class_list":["post-3069","product","type-product","status-publish","has-post-thumbnail","hentry","product_cat-europe-hot-sale-vape","product_cat-minimum-order-quantity-50pcs","product_cat-puff-30k-disposable-vape","product_cat-randm-fumot-vape","product_cat-vape-shop-wholesale","product_tag-airflow-control-vape","product_tag-fumot-vape","product_tag-rechargeable-disposable-device","product_tag-rgb-light-disposable-vape","desktop-align-left","tablet-align-left","mobile-align-left"],"yoast_head":"<!-- This site is optimized with the Yoast SEO plugin v21.1 - https:\/\/yoast.com\/wordpress\/plugins\/seo\/ -->\n<title>Wholesale Fumot Tornado 30000 Puffs Disposable Vape - Vape Wholesale<\/title>\n<meta name=\"description\" content=\"Wholesale Fumot Vape Tornado 30K Puffs Music Disposable Vape. Rechargeable, 30 flavors, lights sync with music. Buy now for ultimate vaping!\" \/>\n<meta name=\"robots\" content=\"index, follow, max-snippet:-1, max-image-preview:large, max-video-preview:-1\" \/>\n<link rel=\"canonical\" href=\"https:\/\/vapehosale.com\/fr\/product\/randm-fumot-tornado-30k-music-disposable-vape\/\" \/>\n<meta property=\"og:locale\" content=\"fr_FR\" \/>\n<meta property=\"og:type\" content=\"article\" \/>\n<meta property=\"og:title\" content=\"Wholesale Fumot Tornado 30000 Puffs Disposable Vape - Vape Wholesale\" \/>\n<meta property=\"og:description\" content=\"Wholesale Fumot Vape Tornado 30K Puffs Music Disposable Vape. Rechargeable, 30 flavors, lights sync with music. Buy now for ultimate vaping!\" \/>\n<meta property=\"og:url\" content=\"https:\/\/vapehosale.com\/fr\/product\/randm-fumot-tornado-30k-music-disposable-vape\/\" \/>\n<meta property=\"og:site_name\" content=\"Vape Wholesale\" \/>\n<meta property=\"article:modified_time\" content=\"2025-08-29T09:16:23+00:00\" \/>\n<meta property=\"og:image\" content=\"https:\/\/vapehosale.com\/wp-content\/uploads\/2024\/10\/Fumot-Vape-Wholesale-Store-Best-Prices.jpg\" \/>\n\t<meta property=\"og:image:width\" content=\"900\" \/>\n\t<meta property=\"og:image:height\" content=\"900\" \/>\n\t<meta property=\"og:image:type\" content=\"image\/jpeg\" \/>\n<meta name=\"twitter:card\" content=\"summary_large_image\" \/>\n<meta name=\"twitter:label1\" content=\"Dur\u00e9e de lecture estim\u00e9e\" \/>\n\t<meta name=\"twitter:data1\" content=\"5 minutes\" \/>\n<script type=\"application\/ld+json\" class=\"yoast-schema-graph\">{\"@context\":\"https:\/\/schema.org\",\"@graph\":[{\"@type\":\"WebPage\",\"@id\":\"https:\/\/vapehosale.com\/product\/randm-fumot-tornado-30k-music-disposable-vape\/\",\"url\":\"https:\/\/vapehosale.com\/product\/randm-fumot-tornado-30k-music-disposable-vape\/\",\"name\":\"Wholesale Fumot Tornado 30000 Puffs Disposable Vape - Vape Wholesale\",\"isPartOf\":{\"@id\":\"https:\/\/vapehosale.com\/#website\"},\"datePublished\":\"2024-10-19T08:19:55+00:00\",\"dateModified\":\"2025-08-29T09:16:23+00:00\",\"description\":\"Wholesale Fumot Vape Tornado 30K Puffs Music Disposable Vape. Rechargeable, 30 flavors, lights sync with music. Buy now for ultimate vaping!\",\"breadcrumb\":{\"@id\":\"https:\/\/vapehosale.com\/product\/randm-fumot-tornado-30k-music-disposable-vape\/#breadcrumb\"},\"inLanguage\":\"fr-FR\",\"potentialAction\":[{\"@type\":\"ReadAction\",\"target\":[\"https:\/\/vapehosale.com\/product\/randm-fumot-tornado-30k-music-disposable-vape\/\"]}]},{\"@type\":\"BreadcrumbList\",\"@id\":\"https:\/\/vapehosale.com\/product\/randm-fumot-tornado-30k-music-disposable-vape\/#breadcrumb\",\"itemListElement\":[{\"@type\":\"ListItem\",\"position\":1,\"name\":\"Home\",\"item\":\"https:\/\/vapehosale.com\/\"},{\"@type\":\"ListItem\",\"position\":2,\"name\":\"Best Sell Vapes\",\"item\":\"https:\/\/vapehosale.com\/vape-shop\/\"},{\"@type\":\"ListItem\",\"position\":3,\"name\":\"Wholesale Fumot Tornado 30000 Puffs Disposable Vape\"}]},{\"@type\":\"WebSite\",\"@id\":\"https:\/\/vapehosale.com\/#website\",\"url\":\"https:\/\/vapehosale.com\/\",\"name\":\"Vape Wholesale\",\"description\":\"Buy Vape Wholesale Price Near you\",\"potentialAction\":[{\"@type\":\"SearchAction\",\"target\":{\"@type\":\"EntryPoint\",\"urlTemplate\":\"https:\/\/vapehosale.com\/?s={search_term_string}\"},\"query-input\":\"required name=search_term_string\"}],\"inLanguage\":\"fr-FR\"}]}<\/script>\n<!-- \/ Yoast SEO plugin. -->","yoast_head_json":{"title":"Wholesale Fumot Tornado 30000 Puffs Disposable Vape - Vape Wholesale","description":"Wholesale Fumot Vape Tornado 30K Puffs Music Disposable Vape. Rechargeable, 30 flavors, lights sync with music. Buy now for ultimate vaping!","robots":{"index":"index","follow":"follow","max-snippet":"max-snippet:-1","max-image-preview":"max-image-preview:large","max-video-preview":"max-video-preview:-1"},"canonical":"https:\/\/vapehosale.com\/fr\/product\/randm-fumot-tornado-30k-music-disposable-vape\/","og_locale":"fr_FR","og_type":"article","og_title":"Wholesale Fumot Tornado 30000 Puffs Disposable Vape - Vape Wholesale","og_description":"Wholesale Fumot Vape Tornado 30K Puffs Music Disposable Vape. Rechargeable, 30 flavors, lights sync with music. Buy now for ultimate vaping!","og_url":"https:\/\/vapehosale.com\/fr\/product\/randm-fumot-tornado-30k-music-disposable-vape\/","og_site_name":"Vape Wholesale","article_modified_time":"2025-08-29T09:16:23+00:00","og_image":[{"width":900,"height":900,"url":"https:\/\/vapehosale.com\/wp-content\/uploads\/2024\/10\/Fumot-Vape-Wholesale-Store-Best-Prices.jpg","type":"image\/jpeg"}],"twitter_card":"summary_large_image","twitter_misc":{"Dur\u00e9e de lecture estim\u00e9e":"5 minutes"},"schema":{"@context":"https:\/\/schema.org","@graph":[{"@type":"WebPage","@id":"https:\/\/vapehosale.com\/product\/randm-fumot-tornado-30k-music-disposable-vape\/","url":"https:\/\/vapehosale.com\/product\/randm-fumot-tornado-30k-music-disposable-vape\/","name":"Wholesale Fumot Tornado 30000 Puffs Disposable Vape - Vape Wholesale","isPartOf":{"@id":"https:\/\/vapehosale.com\/#website"},"datePublished":"2024-10-19T08:19:55+00:00","dateModified":"2025-08-29T09:16:23+00:00","description":"Wholesale Fumot Vape Tornado 30K Puffs Music Disposable Vape. Rechargeable, 30 flavors, lights sync with music. Buy now for ultimate vaping!","breadcrumb":{"@id":"https:\/\/vapehosale.com\/product\/randm-fumot-tornado-30k-music-disposable-vape\/#breadcrumb"},"inLanguage":"fr-FR","potentialAction":[{"@type":"ReadAction","target":["https:\/\/vapehosale.com\/product\/randm-fumot-tornado-30k-music-disposable-vape\/"]}]},{"@type":"BreadcrumbList","@id":"https:\/\/vapehosale.com\/product\/randm-fumot-tornado-30k-music-disposable-vape\/#breadcrumb","itemListElement":[{"@type":"ListItem","position":1,"name":"Home","item":"https:\/\/vapehosale.com\/"},{"@type":"ListItem","position":2,"name":"Best Sell Vapes","item":"https:\/\/vapehosale.com\/vape-shop\/"},{"@type":"ListItem","position":3,"name":"Wholesale Fumot Tornado 30000 Puffs Disposable Vape"}]},{"@type":"WebSite","@id":"https:\/\/vapehosale.com\/#website","url":"https:\/\/vapehosale.com\/","name":"Vape Wholesale","description":"Buy Vape Wholesale Price Near you","potentialAction":[{"@type":"SearchAction","target":{"@type":"EntryPoint","urlTemplate":"https:\/\/vapehosale.com\/?s={search_term_string}"},"query-input":"required name=search_term_string"}],"inLanguage":"fr-FR"}]}},"uagb_featured_image_src":{"full":["https:\/\/vapehosale.com\/wp-content\/uploads\/2024\/10\/Fumot-Vape-Wholesale-Store-Best-Prices.jpg",900,900,false],"thumbnail":["https:\/\/vapehosale.com\/wp-content\/uploads\/2024\/10\/Fumot-Vape-Wholesale-Store-Best-Prices-150x150.jpg",150,150,true],"medium":["https:\/\/vapehosale.com\/wp-content\/uploads\/2024\/10\/Fumot-Vape-Wholesale-Store-Best-Prices-300x300.jpg",300,300,true],"medium_large":["https:\/\/vapehosale.com\/wp-content\/uploads\/2024\/10\/Fumot-Vape-Wholesale-Store-Best-Prices-768x768.jpg",768,768,true],"large":["https:\/\/vapehosale.com\/wp-content\/uploads\/2024\/10\/Fumot-Vape-Wholesale-Store-Best-Prices.jpg",900,900,false],"1536x1536":["https:\/\/vapehosale.com\/wp-content\/uploads\/2024\/10\/Fumot-Vape-Wholesale-Store-Best-Prices.jpg",900,900,false],"2048x2048":["https:\/\/vapehosale.com\/wp-content\/uploads\/2024\/10\/Fumot-Vape-Wholesale-Store-Best-Prices.jpg",900,900,false],"trp-custom-language-flag":["https:\/\/vapehosale.com\/wp-content\/uploads\/2024\/10\/Fumot-Vape-Wholesale-Store-Best-Prices.jpg",12,12,false],"woocommerce_thumbnail":["https:\/\/vapehosale.com\/wp-content\/uploads\/2024\/10\/Fumot-Vape-Wholesale-Store-Best-Prices-300x300.jpg",300,300,true],"woocommerce_single":["https:\/\/vapehosale.com\/wp-content\/uploads\/2024\/10\/Fumot-Vape-Wholesale-Store-Best-Prices-600x600.jpg",600,600,true],"woocommerce_gallery_thumbnail":["https:\/\/vapehosale.com\/wp-content\/uploads\/2024\/10\/Fumot-Vape-Wholesale-Store-Best-Prices-100x100.jpg",100,100,true],"wcpr-photo-reviews":["https:\/\/vapehosale.com\/wp-content\/uploads\/2024\/10\/Fumot-Vape-Wholesale-Store-Best-Prices.jpg",500,500,false]},"uagb_author_info":{"display_name":"Vicky hosale","author_link":"https:\/\/vapehosale.com\/fr\/author\/"},"uagb_comment_info":0,"uagb_excerpt":"Fumot Tornado 30000 Puffs Disposable Vape offers 30000 puffs, 30 flavors, a rechargeable 600mAh battery, and lights that sync with music. Enjoy long-lasting, flavorful vaping!(website price not include shipping cost) contact me for min order only 50 pcs! not sale under 50pcs, Wholesale only! &nbsp;","_links":{"self":[{"href":"https:\/\/vapehosale.com\/fr\/wp-json\/wp\/v2\/product\/3069","targetHints":{"allow":["GET"]}}],"collection":[{"href":"https:\/\/vapehosale.com\/fr\/wp-json\/wp\/v2\/product"}],"about":[{"href":"https:\/\/vapehosale.com\/fr\/wp-json\/wp\/v2\/types\/product"}],"replies":[{"embeddable":true,"href":"https:\/\/vapehosale.com\/fr\/wp-json\/wp\/v2\/comments?post=3069"}],"wp:featuredmedia":[{"embeddable":true,"href":"https:\/\/vapehosale.com\/fr\/wp-json\/wp\/v2\/media\/3078"}],"wp:attachment":[{"href":"https:\/\/vapehosale.com\/fr\/wp-json\/wp\/v2\/media?parent=3069"}],"wp:term":[{"taxonomy":"product_cat","embeddable":true,"href":"https:\/\/vapehosale.com\/fr\/wp-json\/wp\/v2\/product_cat?post=3069"},{"taxonomy":"product_tag","embeddable":true,"href":"https:\/\/vapehosale.com\/fr\/wp-json\/wp\/v2\/product_tag?post=3069"}],"curies":[{"name":"wp","href":"https:\/\/api.w.org\/{rel}","templated":true}]}}