{"id":1490,"date":"2023-09-21T02:02:20","date_gmt":"2023-09-21T02:02:20","guid":{"rendered":"https:\/\/vapehosale.com\/?post_type=product&#038;p=1490"},"modified":"2025-11-28T09:11:35","modified_gmt":"2025-11-28T09:11:35","slug":"fumot-digital-box-12000-puffs","status":"publish","type":"product","link":"https:\/\/vapehosale.com\/fr\/product\/fumot-digital-box-12000-puffs\/","title":{"rendered":"Vente en gros RandM Fumot Digital Box 12000 bouff\u00e9es Vape"},"content":{"rendered":"<h1 style=\"text-align: center\">Bo\u00eete num\u00e9rique Fumot en gros 12000 bouff\u00e9es Vape rechargeable<\/h1>\n<p>Le dispositif Fumot Digital Box 12000 Puffs exceptionnel de longue dur\u00e9e de vie rechargeable vape offre un 12,000 bouff\u00e9es confirm\u00e9 aliment\u00e9 par sa capacit\u00e9 substantielle de 20ml de e-liquide pr\u00e9-rempli et sa batterie int\u00e9gr\u00e9e de 850mAh, r\u00e9duisant significativement le besoin de recharges ou de remplissages constants. La bobine Mesh avanc\u00e9e assure une vaporisation efficace du e-liquide pour une saveur plus riche et des nuages plus denses. Surveillez clairement votre utilisation gr\u00e2ce \u00e0 l'affichage num\u00e9rique int\u00e9gr\u00e9, montrant la dur\u00e9e de vie de la batterie et les niveaux de e-liquide. Choisissez votre force de nicotine pr\u00e9f\u00e9r\u00e9e : 2% (20mg\/ml) ou 5% (50mg\/ml). fumot 12000 puffs 52 saveurs distinctes disponibles, d\u00e9couvrez votre compagnon de vape parfait pour toute la journ\u00e9e con\u00e7u pour des performances durables.<\/p>\n<p><img decoding=\"async\" class=\"alignnone size-full wp-image-1498\" src=\"https:\/\/vapehosale.com\/wp-content\/uploads\/2023\/09\/Fumot-Digital-Box-12000-puffs-Disposable-Vape-Wholesale.jpg\" alt=\"Fumot Bo\u00eete Num\u00e9rique 12000 bouff\u00e9es Vape Jetable Vente en Gros\" width=\"842\" height=\"540\" srcset=\"https:\/\/vapehosale.com\/wp-content\/uploads\/2023\/09\/Fumot-Digital-Box-12000-puffs-Disposable-Vape-Wholesale.jpg 842w, https:\/\/vapehosale.com\/wp-content\/uploads\/2023\/09\/Fumot-Digital-Box-12000-puffs-Disposable-Vape-Wholesale-300x192.jpg 300w, https:\/\/vapehosale.com\/wp-content\/uploads\/2023\/09\/Fumot-Digital-Box-12000-puffs-Disposable-Vape-Wholesale-768x493.jpg 768w, https:\/\/vapehosale.com\/wp-content\/uploads\/2023\/09\/Fumot-Digital-Box-12000-puffs-Disposable-Vape-Wholesale-600x385.jpg 600w\" sizes=\"(max-width: 842px) 100vw, 842px\" \/><\/p>\n<h3>O\u00f9 puis-je acheter fumot 12000 puffs prix de gros (prix d'achat en vrac)?<\/h3>\n<h4>Prix Fumot 12000 : 18\u20ac-20\u20ac<\/h4>\n<p><a href=\"https:\/\/wa.me\/8618077105750\">Veuillez contacter la responsable des ventes Vicky pour plus d'informations. La responsable des ventes vous aidera \u00e0 r\u00e9soudre tous les probl\u00e8mes li\u00e9s \u00e0 votre commande.<\/a><br \/>\n<img decoding=\"async\" class=\"alignnone size-medium wp-image-5650\" src=\"https:\/\/vapehosale.com\/wp-content\/uploads\/2025\/10\/8a420713276bf7cf308193b71e051aa3-300x274.jpg\" alt=\"Vicky\" width=\"300\" height=\"274\" srcset=\"https:\/\/vapehosale.com\/wp-content\/uploads\/2025\/10\/8a420713276bf7cf308193b71e051aa3-300x274.jpg 300w, https:\/\/vapehosale.com\/wp-content\/uploads\/2025\/10\/8a420713276bf7cf308193b71e051aa3-1024x937.jpg 1024w, https:\/\/vapehosale.com\/wp-content\/uploads\/2025\/10\/8a420713276bf7cf308193b71e051aa3-768x703.jpg 768w, https:\/\/vapehosale.com\/wp-content\/uploads\/2025\/10\/8a420713276bf7cf308193b71e051aa3-13x12.jpg 13w, https:\/\/vapehosale.com\/wp-content\/uploads\/2025\/10\/8a420713276bf7cf308193b71e051aa3-600x549.jpg 600w, https:\/\/vapehosale.com\/wp-content\/uploads\/2025\/10\/8a420713276bf7cf308193b71e051aa3.jpg 1080w\" sizes=\"(max-width: 300px) 100vw, 300px\" \/><\/p>\n<h2>Fumot Digital Box 12000 Caract\u00e9ristiques:<\/h2>\n<p>Marque:Fumot RandM<br \/>\nNicotine:2% 5%<br \/>\nBouff\u00e9es:12000<br \/>\nCapacit\u00e9:20ml<br \/>\n52 saveurs disponibles<br \/>\nRechargeable 850mAh<br \/>\nR\u00e9sistance Mesh<br \/>\naffichage de la bo\u00eete num\u00e9rique<br \/>\npoids:90g\/pcs<br \/>\n200 pcs par carton<\/p>\n<h2>Liste des saveurs RandM Fumot 12000 bouff\u00e9es :<\/h2>\n<p>1 Menthe Fra\u00eeche<br \/>\n2 Glace \u00e0 la Past\u00e8que<br \/>\n3 Raisin Glac\u00e9<br \/>\n4 Myrtille Framboise<br \/>\n5 Fraise Past\u00e8que<br \/>\n6 Fraise Banane<br \/>\n7 Lush Ice<br \/>\n8 Cerise<br \/>\n9 Fraise Glac\u00e9e<br \/>\n10 Sucette Glac\u00e9e<br \/>\n11 Limonade Rose<br \/>\n12 Mangue Glac\u00e9e<br \/>\n13 Baies Sauvages<br \/>\n14 Donut Fraise<br \/>\n15 Fraise Raisin<br \/>\n16 Cola Cerise<br \/>\n17 Dr Blue<br \/>\n18 Myrtille Glac\u00e9e<br \/>\n19 Kiwi Fruit de la Passion Goyave<br \/>\n20 Fraise Kiwi<br \/>\n21 P\u00eache Mangue<br \/>\n22 P\u00eache Glac\u00e9e<br \/>\n23 Pomme Rouge Glac\u00e9e<br \/>\n24 Chewing-gum Myrtille<br \/>\n25 Limonade aux Baies<br \/>\n26 Limonade aux Framboises Bleues<br \/>\n27 Framboise Bleue<br \/>\n28 Fraise Red Bull<br \/>\n29 Pomme Baies Explosives<br \/>\n30 Past\u00e8que Bubble Gum<br \/>\n31 Framboise Past\u00e8que<br \/>\n32 Glace Noire<br \/>\n33 Myrtille Cerise Canneberge<br \/>\n34 Pomp Fraise (Grenade)<br \/>\n35 Vimto<br \/>\n36 Cerise Baie<br \/>\n37 Citron<br \/>\n38 \u00c9crasement de Bingo<br \/>\n39 Myrtille Kiwi<br \/>\n41 Banane Glac\u00e9e<br \/>\n42 Fruit du Dragon Glac\u00e9<br \/>\n43 Fusion Fruit\u00e9e<br \/>\n44 Menthe Raisin<br \/>\n45 Amour 66<br \/>\n46 Ananas Glac\u00e9<br \/>\n47 Glace \u00c9nergie Rouge<br \/>\n48 Deux Pommes<br \/>\n50 cola glac\u00e9<br \/>\n51 Th\u00e9 glac\u00e9 citron glac\u00e9<br \/>\n52 Th\u00e9 glac\u00e9 p\u00eache glac\u00e9<\/p>\n<h2>FAQ sur l'achat <span class=\"___SText_anxqe-ko_\" data-ui-name=\"Link.Text\">Vapes rechargeables Fumot Vape 12000 bouff\u00e9es<\/span><\/h2>\n<h4>Comment savoir si la vape rechargeable Fumot 12000 bouff\u00e9es est d\u00e9charg\u00e9e ?<\/h4>\n<p>Lorsque le Fumot vape 12k n'a plus de batterie, il se manifeste g\u00e9n\u00e9ralement par moins de fum\u00e9e, une saveur plus faible, ou pas de fum\u00e9e du tout. Le kit num\u00e9rique 12k est livr\u00e9 avec un indicateur de batterie pour vous aider \u00e0 surveiller le niveau de puissance.<\/p>\n<h4>O\u00f9 puis-je acheter en gros la vape jetable rechargeable Fumot digital box 12000 ?<\/h4>\n<p>La bo\u00eete num\u00e9rique Fumot vape 12k peut \u00eatre achet\u00e9e dans des magasins physiques et en ligne, notamment sur des plateformes de vente en gros telles que vapehosale.com, o\u00f9 les utilisateurs peuvent trouver un grand nombre de marques et de mod\u00e8les de vapes diff\u00e9rents et b\u00e9n\u00e9ficier de r\u00e9ductions sur les achats en vrac.<\/p>\n<h4>Combien de saveurs sont disponibles pour la box num\u00e9rique Fumot Vape 12000 bouff\u00e9es ?<\/h4>\n<p>Fumot 12000 bouff\u00e9es, un total de 52+ saveurs disponibles.<\/p>\n<h4>Que signifie RandM Vape ?<\/h4>\n<p>RandM Fumot Vape signifie Rick and Morty Vape<\/p>\n<h4>Prix de la box num\u00e9rique Fumot 12000 bouff\u00e9es ?<\/h4>\n<p>Le prix de d\u00e9tail dans l'entrep\u00f4t en Europe est de 12\u20ac-15\u20ac\/pi\u00e8ce<\/p>\n<h4>Affichage du paquet de la box num\u00e9rique Fumot 12000 bouff\u00e9es :<\/h4>\n<p><img decoding=\"async\" class=\"alignnone size-full wp-image-1768\" src=\"https:\/\/vapehosale.com\/wp-content\/uploads\/2023\/09\/15ce3368342a167b2c874627795f4ee.png\" alt=\"Paquet de vape Fumot 12000 bouff\u00e9es\" width=\"565\" height=\"594\" srcset=\"https:\/\/vapehosale.com\/wp-content\/uploads\/2023\/09\/15ce3368342a167b2c874627795f4ee.png 565w, https:\/\/vapehosale.com\/wp-content\/uploads\/2023\/09\/15ce3368342a167b2c874627795f4ee-285x300.png 285w\" sizes=\"(max-width: 565px) 100vw, 565px\" \/><\/p>\n<p>&nbsp;<\/p>\n<p><a href=\"https:\/\/vapehosale.com\/fr\/product-category\/randm-fumot-vape\/\">Vape en gros Fumot Vape vente chaude entrep\u00f4t en France<\/a><br \/>\n<a href=\"https:\/\/vapehosale.com\/fr\/product-category\/12000-puffs-disposable-vape\/\">Meilleure vente de vape jetable 12000 bouff\u00e9es en promotion\u00a0<\/a><br \/>\nContact pour le catalogue produits :<a href=\"https:\/\/wa.me\/8618077105750\">Acheter maintenant<\/a><\/p>\n<h4>D\u00e9tails de l'exp\u00e9dition :<\/h4>\n<p>Temps de production : 5 jours ouvrables<br \/>\nD\u00e9lai de livraison : 8 \u00e0 14 jours ouvrables<\/p>\n<p>Tous les produits de notre magasin sont 100% originaux et authentiques, dix fois la compensation pour les faux produits.<\/p>\n<p>Pour plus de d\u00e9tails sur les prix de gros, les quantit\u00e9s minimales de commande et les r\u00e9f\u00e9rences, veuillez contacter notre responsable des ventes, Vicky. <a href=\"https:\/\/wa.me\/8618077105750\">whatsapp:+33618075150<\/a><\/p>\n<p><img decoding=\"async\" class=\"alignnone size-full wp-image-2638\" src=\"https:\/\/vapehosale.com\/wp-content\/uploads\/2023\/09\/885301ea6f5e0b91f5ab2b1c85e665c.png\" alt=\"Usine RandM\" width=\"670\" height=\"658\" srcset=\"https:\/\/vapehosale.com\/wp-content\/uploads\/2023\/09\/885301ea6f5e0b91f5ab2b1c85e665c.png 670w, https:\/\/vapehosale.com\/wp-content\/uploads\/2023\/09\/885301ea6f5e0b91f5ab2b1c85e665c-300x295.png 300w, https:\/\/vapehosale.com\/wp-content\/uploads\/2023\/09\/885301ea6f5e0b91f5ab2b1c85e665c-600x589.png 600w\" sizes=\"(max-width: 670px) 100vw, 670px\" \/><\/p>","protected":false},"excerpt":{"rendered":"<p>La RandM Fumot 12000 Puffs est une cigarette \u00e9lectronique jetable avec un affichage de la batterie et de l'huile, vous pouvez facilement savoir quand vous avez besoin de recharger votre appareil gr\u00e2ce \u00e0 l'\u00e9cran d'affichage de la batterie, il y a 52 saveurs disponibles.<span style=\"color: #ff0000\">Le prix affich\u00e9 sur le site n'inclut pas les frais de port<\/span><\/p>\n<p>Bienvenue \u00e0 ajouter vicky whatsapp pour la vente en gros fumot digital box 12000 puffs, commande min seulement besoin de 50pcs!<\/p>\n<p><img decoding=\"async\" class=\"alignnone size-medium wp-image-5650\" src=\"https:\/\/vapehosale.com\/wp-content\/uploads\/2025\/10\/8a420713276bf7cf308193b71e051aa3-300x274.jpg\" alt=\"Vicky\" width=\"300\" height=\"274\" srcset=\"https:\/\/vapehosale.com\/wp-content\/uploads\/2025\/10\/8a420713276bf7cf308193b71e051aa3-300x274.jpg 300w, https:\/\/vapehosale.com\/wp-content\/uploads\/2025\/10\/8a420713276bf7cf308193b71e051aa3-1024x937.jpg 1024w, https:\/\/vapehosale.com\/wp-content\/uploads\/2025\/10\/8a420713276bf7cf308193b71e051aa3-768x703.jpg 768w, https:\/\/vapehosale.com\/wp-content\/uploads\/2025\/10\/8a420713276bf7cf308193b71e051aa3-13x12.jpg 13w, https:\/\/vapehosale.com\/wp-content\/uploads\/2025\/10\/8a420713276bf7cf308193b71e051aa3-600x549.jpg 600w, https:\/\/vapehosale.com\/wp-content\/uploads\/2025\/10\/8a420713276bf7cf308193b71e051aa3.jpg 1080w\" sizes=\"(max-width: 300px) 100vw, 300px\" \/><\/p>\n<p>&nbsp;<\/p>\n<p>&nbsp;<\/p>","protected":false},"featured_media":1497,"comment_status":"open","ping_status":"closed","template":"","meta":{"_uag_custom_page_level_css":"","_lmt_disableupdate":"no","_lmt_disable":"","site-sidebar-layout":"default","site-content-layout":"","ast-site-content-layout":"default","site-content-style":"default","site-sidebar-style":"default","ast-global-header-display":"","ast-banner-title-visibility":"","ast-main-header-display":"","ast-hfb-above-header-display":"","ast-hfb-below-header-display":"","ast-hfb-mobile-header-display":"","site-post-title":"","ast-breadcrumbs-content":"","ast-featured-img":"","footer-sml-layout":"","theme-transparent-header-meta":"default","adv-header-id-meta":"","stick-header-meta":"","header-above-stick-meta":"","header-main-stick-meta":"","header-below-stick-meta":"","astra-migrate-meta-layouts":"set","_joinchat":[]},"product_cat":[15,83,41,55,89],"product_tag":[43,72,46,52,36,114,63,31,35,33,59],"class_list":["post-1490","product","type-product","status-publish","has-post-thumbnail","hentry","product_cat-vape-shop-wholesale","product_cat-12000-puffs-disposable-vape","product_cat-europe-hot-sale-vape","product_cat-minimum-order-quantity-50pcs","product_cat-randm-fumot-vape","product_tag-12000-puffs-vape-12k-vape","product_tag-2-nicotine-vape","product_tag-double-mesh-coil-vape","product_tag-fumot-12000-puffs","product_tag-fumot-digital-box-12000-puffs","product_tag-fumot-vape","product_tag-led-screen-disposable-vape","product_tag-randm-tornado-vape","product_tag-rechargeable-disposable-device","product_tag-rgb-light-disposable-vape","product_tag-smart-screen-disposable-vape","desktop-align-left","tablet-align-left","mobile-align-left"],"yoast_head":"<!-- This site is optimized with the Yoast SEO plugin v21.1 - https:\/\/yoast.com\/wordpress\/plugins\/seo\/ -->\n<title>Wholesale RandM Fumot Digital Box 12000 Puffs Vape - Vape Wholesale<\/title>\n<meta name=\"description\" content=\"Wholesale RandM Fumot Digital Box 12000 Puffs is a rechargeable disposable device that contains 20ml of e-liquid and an 600mah rechargeable battery.\" \/>\n<meta name=\"robots\" content=\"index, follow, max-snippet:-1, max-image-preview:large, max-video-preview:-1\" \/>\n<link rel=\"canonical\" href=\"https:\/\/vapehosale.com\/fr\/product\/fumot-digital-box-12000-puffs\/\" \/>\n<meta property=\"og:locale\" content=\"fr_FR\" \/>\n<meta property=\"og:type\" content=\"article\" \/>\n<meta property=\"og:title\" content=\"Wholesale RandM Fumot Digital Box 12000 Puffs Vape - Vape Wholesale\" \/>\n<meta property=\"og:description\" content=\"Wholesale RandM Fumot Digital Box 12000 Puffs is a rechargeable disposable device that contains 20ml of e-liquid and an 600mah rechargeable battery.\" \/>\n<meta property=\"og:url\" content=\"https:\/\/vapehosale.com\/fr\/product\/fumot-digital-box-12000-puffs\/\" \/>\n<meta property=\"og:site_name\" content=\"Vape Wholesale\" \/>\n<meta property=\"article:modified_time\" content=\"2025-11-28T09:11:35+00:00\" \/>\n<meta property=\"og:image\" content=\"https:\/\/vapehosale.com\/wp-content\/uploads\/2023\/09\/Fumot-Digital-Box-12000-Digital-Box.jpg\" \/>\n\t<meta property=\"og:image:width\" content=\"474\" \/>\n\t<meta property=\"og:image:height\" content=\"600\" \/>\n\t<meta property=\"og:image:type\" content=\"image\/jpeg\" \/>\n<meta name=\"twitter:card\" content=\"summary_large_image\" \/>\n<meta name=\"twitter:label1\" content=\"Dur\u00e9e de lecture estim\u00e9e\" \/>\n\t<meta name=\"twitter:data1\" content=\"4 minutes\" \/>\n<script type=\"application\/ld+json\" class=\"yoast-schema-graph\">{\"@context\":\"https:\/\/schema.org\",\"@graph\":[{\"@type\":\"WebPage\",\"@id\":\"https:\/\/vapehosale.com\/product\/fumot-digital-box-12000-puffs\/\",\"url\":\"https:\/\/vapehosale.com\/product\/fumot-digital-box-12000-puffs\/\",\"name\":\"Wholesale RandM Fumot Digital Box 12000 Puffs Vape - Vape Wholesale\",\"isPartOf\":{\"@id\":\"https:\/\/vapehosale.com\/#website\"},\"datePublished\":\"2023-09-21T02:02:20+00:00\",\"dateModified\":\"2025-11-28T09:11:35+00:00\",\"description\":\"Wholesale RandM Fumot Digital Box 12000 Puffs is a rechargeable disposable device that contains 20ml of e-liquid and an 600mah rechargeable battery.\",\"breadcrumb\":{\"@id\":\"https:\/\/vapehosale.com\/product\/fumot-digital-box-12000-puffs\/#breadcrumb\"},\"inLanguage\":\"fr-FR\",\"potentialAction\":[{\"@type\":\"ReadAction\",\"target\":[\"https:\/\/vapehosale.com\/product\/fumot-digital-box-12000-puffs\/\"]}]},{\"@type\":\"BreadcrumbList\",\"@id\":\"https:\/\/vapehosale.com\/product\/fumot-digital-box-12000-puffs\/#breadcrumb\",\"itemListElement\":[{\"@type\":\"ListItem\",\"position\":1,\"name\":\"Home\",\"item\":\"https:\/\/vapehosale.com\/\"},{\"@type\":\"ListItem\",\"position\":2,\"name\":\"Best Sell Vapes\",\"item\":\"https:\/\/vapehosale.com\/vape-shop\/\"},{\"@type\":\"ListItem\",\"position\":3,\"name\":\"Wholesale RandM Fumot Digital Box 12000 Puffs Vape\"}]},{\"@type\":\"WebSite\",\"@id\":\"https:\/\/vapehosale.com\/#website\",\"url\":\"https:\/\/vapehosale.com\/\",\"name\":\"Vape Wholesale\",\"description\":\"Buy Vape Wholesale Price Near you\",\"potentialAction\":[{\"@type\":\"SearchAction\",\"target\":{\"@type\":\"EntryPoint\",\"urlTemplate\":\"https:\/\/vapehosale.com\/?s={search_term_string}\"},\"query-input\":\"required name=search_term_string\"}],\"inLanguage\":\"fr-FR\"}]}<\/script>\n<!-- \/ Yoast SEO plugin. -->","yoast_head_json":{"title":"Wholesale RandM Fumot Digital Box 12000 Puffs Vape - Vape Wholesale","description":"Wholesale RandM Fumot Digital Box 12000 Puffs is a rechargeable disposable device that contains 20ml of e-liquid and an 600mah rechargeable battery.","robots":{"index":"index","follow":"follow","max-snippet":"max-snippet:-1","max-image-preview":"max-image-preview:large","max-video-preview":"max-video-preview:-1"},"canonical":"https:\/\/vapehosale.com\/fr\/product\/fumot-digital-box-12000-puffs\/","og_locale":"fr_FR","og_type":"article","og_title":"Wholesale RandM Fumot Digital Box 12000 Puffs Vape - Vape Wholesale","og_description":"Wholesale RandM Fumot Digital Box 12000 Puffs is a rechargeable disposable device that contains 20ml of e-liquid and an 600mah rechargeable battery.","og_url":"https:\/\/vapehosale.com\/fr\/product\/fumot-digital-box-12000-puffs\/","og_site_name":"Vape Wholesale","article_modified_time":"2025-11-28T09:11:35+00:00","og_image":[{"width":474,"height":600,"url":"https:\/\/vapehosale.com\/wp-content\/uploads\/2023\/09\/Fumot-Digital-Box-12000-Digital-Box.jpg","type":"image\/jpeg"}],"twitter_card":"summary_large_image","twitter_misc":{"Dur\u00e9e de lecture estim\u00e9e":"4 minutes"},"schema":{"@context":"https:\/\/schema.org","@graph":[{"@type":"WebPage","@id":"https:\/\/vapehosale.com\/product\/fumot-digital-box-12000-puffs\/","url":"https:\/\/vapehosale.com\/product\/fumot-digital-box-12000-puffs\/","name":"Wholesale RandM Fumot Digital Box 12000 Puffs Vape - Vape Wholesale","isPartOf":{"@id":"https:\/\/vapehosale.com\/#website"},"datePublished":"2023-09-21T02:02:20+00:00","dateModified":"2025-11-28T09:11:35+00:00","description":"Wholesale RandM Fumot Digital Box 12000 Puffs is a rechargeable disposable device that contains 20ml of e-liquid and an 600mah rechargeable battery.","breadcrumb":{"@id":"https:\/\/vapehosale.com\/product\/fumot-digital-box-12000-puffs\/#breadcrumb"},"inLanguage":"fr-FR","potentialAction":[{"@type":"ReadAction","target":["https:\/\/vapehosale.com\/product\/fumot-digital-box-12000-puffs\/"]}]},{"@type":"BreadcrumbList","@id":"https:\/\/vapehosale.com\/product\/fumot-digital-box-12000-puffs\/#breadcrumb","itemListElement":[{"@type":"ListItem","position":1,"name":"Home","item":"https:\/\/vapehosale.com\/"},{"@type":"ListItem","position":2,"name":"Best Sell Vapes","item":"https:\/\/vapehosale.com\/vape-shop\/"},{"@type":"ListItem","position":3,"name":"Wholesale RandM Fumot Digital Box 12000 Puffs Vape"}]},{"@type":"WebSite","@id":"https:\/\/vapehosale.com\/#website","url":"https:\/\/vapehosale.com\/","name":"Vape Wholesale","description":"Buy Vape Wholesale Price Near you","potentialAction":[{"@type":"SearchAction","target":{"@type":"EntryPoint","urlTemplate":"https:\/\/vapehosale.com\/?s={search_term_string}"},"query-input":"required name=search_term_string"}],"inLanguage":"fr-FR"}]}},"uagb_featured_image_src":{"full":["https:\/\/vapehosale.com\/wp-content\/uploads\/2023\/09\/Fumot-Digital-Box-12000-Digital-Box.jpg",474,600,false],"thumbnail":["https:\/\/vapehosale.com\/wp-content\/uploads\/2023\/09\/Fumot-Digital-Box-12000-Digital-Box-150x150.jpg",150,150,true],"medium":["https:\/\/vapehosale.com\/wp-content\/uploads\/2023\/09\/Fumot-Digital-Box-12000-Digital-Box-237x300.jpg",237,300,true],"medium_large":["https:\/\/vapehosale.com\/wp-content\/uploads\/2023\/09\/Fumot-Digital-Box-12000-Digital-Box.jpg",474,600,false],"large":["https:\/\/vapehosale.com\/wp-content\/uploads\/2023\/09\/Fumot-Digital-Box-12000-Digital-Box.jpg",474,600,false],"1536x1536":["https:\/\/vapehosale.com\/wp-content\/uploads\/2023\/09\/Fumot-Digital-Box-12000-Digital-Box.jpg",474,600,false],"2048x2048":["https:\/\/vapehosale.com\/wp-content\/uploads\/2023\/09\/Fumot-Digital-Box-12000-Digital-Box.jpg",474,600,false],"trp-custom-language-flag":["https:\/\/vapehosale.com\/wp-content\/uploads\/2023\/09\/Fumot-Digital-Box-12000-Digital-Box.jpg",9,12,false],"woocommerce_thumbnail":["https:\/\/vapehosale.com\/wp-content\/uploads\/2023\/09\/Fumot-Digital-Box-12000-Digital-Box-300x300.jpg",300,300,true],"woocommerce_single":["https:\/\/vapehosale.com\/wp-content\/uploads\/2023\/09\/Fumot-Digital-Box-12000-Digital-Box.jpg",474,600,false],"woocommerce_gallery_thumbnail":["https:\/\/vapehosale.com\/wp-content\/uploads\/2023\/09\/Fumot-Digital-Box-12000-Digital-Box-100x100.jpg",100,100,true],"wcpr-photo-reviews":["https:\/\/vapehosale.com\/wp-content\/uploads\/2023\/09\/Fumot-Digital-Box-12000-Digital-Box.jpg",395,500,false]},"uagb_author_info":{"display_name":"Vicky hosale","author_link":"https:\/\/vapehosale.com\/fr\/author\/"},"uagb_comment_info":38,"uagb_excerpt":"RandM Fumot 12000 Puffs is a disposable vape with a battery and oil display, you can easy to know when your need recharge your device though the battery display screen,there is 52\u00a0 flavor available.The website price does not include shipping costs Welcome to add vicky whatsapp for wholesale fumot digital box 12000 puffs, min order\u2026","_links":{"self":[{"href":"https:\/\/vapehosale.com\/fr\/wp-json\/wp\/v2\/product\/1490","targetHints":{"allow":["GET"]}}],"collection":[{"href":"https:\/\/vapehosale.com\/fr\/wp-json\/wp\/v2\/product"}],"about":[{"href":"https:\/\/vapehosale.com\/fr\/wp-json\/wp\/v2\/types\/product"}],"replies":[{"embeddable":true,"href":"https:\/\/vapehosale.com\/fr\/wp-json\/wp\/v2\/comments?post=1490"}],"wp:featuredmedia":[{"embeddable":true,"href":"https:\/\/vapehosale.com\/fr\/wp-json\/wp\/v2\/media\/1497"}],"wp:attachment":[{"href":"https:\/\/vapehosale.com\/fr\/wp-json\/wp\/v2\/media?parent=1490"}],"wp:term":[{"taxonomy":"product_cat","embeddable":true,"href":"https:\/\/vapehosale.com\/fr\/wp-json\/wp\/v2\/product_cat?post=1490"},{"taxonomy":"product_tag","embeddable":true,"href":"https:\/\/vapehosale.com\/fr\/wp-json\/wp\/v2\/product_tag?post=1490"}],"curies":[{"name":"wp","href":"https:\/\/api.w.org\/{rel}","templated":true}]}}