{"id":6725,"date":"2026-05-11T03:55:42","date_gmt":"2026-05-11T03:55:42","guid":{"rendered":"https:\/\/vapehosale.com\/?post_type=product&#038;p=6725"},"modified":"2026-05-11T09:36:42","modified_gmt":"2026-05-11T09:36:42","slug":"vapme-digital-box-50000-puffs-disposable-vape","status":"publish","type":"product","link":"https:\/\/vapehosale.com\/et\/product\/vapme-digital-box-50000-puffs-disposable-vape\/","title":{"rendered":"Vapme Digital Box 50K t\u00f5mmetega \u00fchekordne e-sigaret"},"content":{"rendered":"<h2>\u00dcleta piire: kuni 50000 mahvi v\u00f5rreldamatut j\u00f5udlust<\/h2>\n<p data-start=\"117\" data-end=\"386\">Vapme Digital Box 50K Puffs on rohkem kui lihtsalt \u00fchekordne e-sigaret. See esindab uut verstaposti \u00fclisuure kestvusega aurustamise j\u00f5udluses. Varustatud t\u00e4iustatud e-vedeliku juhtimiss\u00fcsteemiga, pakub see suure mahutavusega seade kuni 50 000 sujuvat ja maitsek\u00fcllast mahvi.<\/p>\n<p data-start=\"388\" data-end=\"584\">Olenemata sellest, kas reisid, liigud t\u00f6\u00f6le v\u00f5i kasutad Vapme Digital Box 50K Vape\u2019i kogu p\u00e4eva jooksul, on Vapme Digital Box 50K loodud kestma n\u00e4dalaid v\u00f5i isegi kuid, k\u00f5rvaldades vajaduse sagedaste vahetuste j\u00e4rele.<br \/>\n<img decoding=\"async\" class=\"alignnone size-full wp-image-6723\" src=\"https:\/\/vapehosale.com\/wp-content\/uploads\/2026\/05\/Best-Vapme-Digital-Box-50k-flavors-list.webp\" alt=\"Parimate Vapme Digital Box 50k maitsete nimekiri\" width=\"1000\" height=\"666\" srcset=\"https:\/\/vapehosale.com\/wp-content\/uploads\/2026\/05\/Best-Vapme-Digital-Box-50k-flavors-list.webp 1000w, https:\/\/vapehosale.com\/wp-content\/uploads\/2026\/05\/Best-Vapme-Digital-Box-50k-flavors-list-300x200.webp 300w, https:\/\/vapehosale.com\/wp-content\/uploads\/2026\/05\/Best-Vapme-Digital-Box-50k-flavors-list-768x511.webp 768w, https:\/\/vapehosale.com\/wp-content\/uploads\/2026\/05\/Best-Vapme-Digital-Box-50k-flavors-list-18x12.webp 18w, https:\/\/vapehosale.com\/wp-content\/uploads\/2026\/05\/Best-Vapme-Digital-Box-50k-flavors-list-600x400.webp 600w\" sizes=\"(max-width: 1000px) 100vw, 1000px\" \/><\/p>\n<h3 data-start=\"388\" data-end=\"584\">vapme digital box 50k Tehnilised andmed<\/h3>\n<table>\n<thead>\n<tr>\n<th>Spetsifikatsioon<\/th>\n<th>Detailid<\/th>\n<\/tr>\n<\/thead>\n<tbody>\n<tr>\n<td>Br\u00e4nd<\/td>\n<td>Vapme<\/td>\n<\/tr>\n<tr>\n<td>Mudel<\/td>\n<td>Digital Box 50000<\/td>\n<\/tr>\n<tr>\n<td>Pahvide arv<\/td>\n<td>Kuni 50 000 t\u00f5mmet<\/td>\n<\/tr>\n<tr>\n<td>Nikotiini tugevus<\/td>\n<td>\u00a02%, 5% nikotiinisool<\/td>\n<\/tr>\n<tr>\n<td>E-vedeliku maht<\/td>\n<td>Suur eelnevalt t\u00e4idetud e-vedeliku reservuaar<\/td>\n<\/tr>\n<tr>\n<td>Aku mahtuvus<\/td>\n<td>650mAh puhas koobalti taaslaetav aku<\/td>\n<\/tr>\n<tr>\n<td>Laadimisport<\/td>\n<td>USB Type-C kiirlaadimine<\/td>\n<\/tr>\n<tr>\n<td>K\u00fcttekeha t\u00fc\u00fcp<\/td>\n<td>1.0\u03a9 topeltv\u00f5rgusilmaga spiraal<\/td>\n<\/tr>\n<tr>\n<td>Ekraan<\/td>\n<td>LED digitaalne ekraan<\/td>\n<\/tr>\n<tr>\n<td>Vape'imise stiil<\/td>\n<td>MTL (suust kopsu)<\/td>\n<\/tr>\n<\/tbody>\n<\/table>\n<h3>Vapme Digital Box 50K Puffs maitsete nimekiri<\/h3>\n<p>1. Mustika-vaarika j\u00e4\u00e4<br \/>\n2. Kirsi j\u00e4\u00e4<br \/>\n3.Kiivi Passionfruit Guava<br \/>\n4. Maasika j\u00e4\u00e4<br \/>\n5.Maasika Kiivi<br \/>\n6.Maasika Red Bull<br \/>\n7.Maasika arbuus<br \/>\n8.Arbuusij\u00e4\u00e4<br \/>\n9. Mahlane virsiku j\u00e4\u00e4<br \/>\n10. Armastus 66<br \/>\n11. Virsik-mango-ananas<br \/>\n12. Sinine vaarika limonaad<br \/>\n13.Kirsi-kola<br \/>\n14. Troopiliste puuviljade pun\u0161<br \/>\n15. Kolmekordne arbuusij\u00e4\u00e4<br \/>\n16. Maasika-banaani piimakokteil<br \/>\n17. H\u00e4rra sinine<br \/>\n18.Maasika-vaarikakompvek<br \/>\n19. Arbuusi-kiivi j\u00e4\u00e4<br \/>\n20. Mustika-j\u00f5hvika-kirsi<\/p>\n<h3><a href=\"https:\/\/vapehosale.com\/et\/product-category\/vapme-vape\/\"><strong class=\"Yjhzub\" data-sfc-root=\"c\" data-sfc-cb=\"\" data-complete=\"true\">Vapme \u00fchekordsed e-sigaretid hulgim\u00fc\u00fck <\/strong><\/a>Hulgim\u00fc\u00fcja kontakt<\/h3>\n<p>\u2709\ufe0f E-post: vicky@essenvape.com<br \/>\n\ud83d\udcde Whatsapp\/Telefoninumber: <a href=\"https:\/\/wa.me\/8618077105750\">+8618077105750<\/a><br \/>\n\ud83d\udd58 T\u00f6\u00f6aeg: 9:00 \u2013 18:00<br \/>\n\ud83d\udccd Asukoht: Tallinn<\/p>\n<p>\u2705 Hulgim\u00fc\u00fcjad ja edasim\u00fc\u00fcjad on teretulnud tellimusi kohandama<br \/>\n\u2705Pakume k\u00f5rgeima kvaliteediga tooteid ja professionaalseid teenuseid.<\/p>\n<p><img decoding=\"async\" class=\"alignnone size-full wp-image-2638\" src=\"https:\/\/vapehosale.com\/wp-content\/uploads\/2023\/09\/885301ea6f5e0b91f5ab2b1c85e665c.png\" alt=\"RandM Tehas\" width=\"670\" height=\"658\" srcset=\"https:\/\/vapehosale.com\/wp-content\/uploads\/2023\/09\/885301ea6f5e0b91f5ab2b1c85e665c.png 670w, https:\/\/vapehosale.com\/wp-content\/uploads\/2023\/09\/885301ea6f5e0b91f5ab2b1c85e665c-300x295.png 300w, https:\/\/vapehosale.com\/wp-content\/uploads\/2023\/09\/885301ea6f5e0b91f5ab2b1c85e665c-600x589.png 600w\" sizes=\"(max-width: 670px) 100vw, 670px\" \/><\/p>\n<h2 data-start=\"2346\" data-end=\"2384\">Miks valida Vapme 50K nutiekraaniga e-sigaret?<\/h2>\n<ol data-start=\"2386\" data-end=\"2653\">\n<li data-start=\"2386\" data-end=\"2423\">Kuni 50 000 mahvi pikemaks kasutuseks<\/li>\n<li data-start=\"2424\" data-end=\"2478\">Nutikas LED-ekraan aku ja e-vedeliku j\u00e4lgimiseks<\/li>\n<li data-start=\"2479\" data-end=\"2524\">Topeltv\u00f5rguga k\u00fcttekeha parima maitseelamuse jaoks<\/li>\n<li data-start=\"2525\" data-end=\"2575\">Laetav 650mAh aku Type-C laadimisega<\/li>\n<li data-start=\"2576\" data-end=\"2612\">Mitmed nikotiinitugevuse valikud<\/li>\n<li data-start=\"2613\" data-end=\"2653\">Kompaktne disain ja esmaklassiline ergonoomika<\/li>\n<\/ol>\n<h3><strong>Pakendi sisu:<\/strong><\/h3>\n<p>1 x Solaris 30k suitsu \u00fchekordne vape Don Leon 1942<\/p>\n<h2 data-start=\"591\" data-end=\"649\">Nutikas digitaalne ekraan: reaalajas j\u00e4lgimine \u00fche pilguga<\/h2>\n<p data-start=\"651\" data-end=\"762\">Vapme Box Style 50000 mahvi integreeritud k\u00f5rglahutusega digitaalekraan annab sulle t\u00e4ieliku kontrolli oma aurustamiskogemuse \u00fcle, kuvades:<\/p>\n<ol data-start=\"764\" data-end=\"818\">\n<li data-start=\"764\" data-end=\"791\">E-vedeliku taseme protsent<\/li>\n<li data-start=\"792\" data-end=\"818\">Aku taseme protsent<\/li>\n<\/ol>\n<p data-start=\"820\" data-end=\"916\">T\u00e4nu t\u00e4psele reaalajas andmetele tead alati, millal on aeg oma seadet laadida v\u00f5i v\u00e4lja vahetada.<\/p>\n<h2 data-start=\"923\" data-end=\"980\">Topeltv\u00f5rgu k\u00fcttekeha tehnoloogia: Tugevdatud maitse \u00fchtlus<\/h2>\n<p data-start=\"982\" data-end=\"1086\">Vapme Dual Mesh 50000 Puffs Vape sisaldab 1,0\u03a9 topeltv\u00f5rgu k\u00fcttekeha s\u00fcsteemi, mis on loodud kiireks ja \u00fchtlaseks kuumenemiseks.<\/p>\n<p data-start=\"1088\" data-end=\"1219\">V\u00f5rreldes traditsiooniliste \u00fchepoolsete k\u00fcttekehadega suurendab topeltv\u00f5rgu struktuur auru efektiivsust kuni 50%, mille tulemuseks on:<\/p>\n<ol data-start=\"1221\" data-end=\"1358\">\n<li data-start=\"1221\" data-end=\"1248\">Tugevam maitseintensiivsus<\/li>\n<li data-start=\"1249\" data-end=\"1276\">Siledam auru tootmine<\/li>\n<li data-start=\"1277\" data-end=\"1306\">\u00dchtlasem j\u00f5udlus<\/li>\n<li data-start=\"1307\" data-end=\"1358\">Paranenud maitse s\u00e4ilimine esimesest mahvist viimaseni<\/li>\n<\/ol>\n<p data-start=\"1360\" data-end=\"1448\">Alates magusatest puuviljasegudest kuni j\u00e4\u00e4k\u00fclmade mentooliprofiilideni j\u00e4\u00e4b iga mahv rikkalikuks ja tasakaalustatuks.<\/p>\n<h2 data-start=\"1455\" data-end=\"1491\">Ergonoomiline ja kaasaskantav karbikujundus<\/h2>\n<p data-start=\"1493\" data-end=\"1598\">Vaatamata suurele mahvide arvule s\u00e4ilitab Vapme Box Style 50000 Puffs kompaktse ja mugava vormi.<\/p>\n<p data-start=\"1600\" data-end=\"1628\">Peamised disainieelised h\u00f5lmavad:<\/p>\n<ul data-start=\"1630\" data-end=\"1759\">\n<li data-start=\"1630\" data-end=\"1658\">Libisemiskindel tekstuuriga v\u00e4lispind<\/li>\n<li data-start=\"1659\" data-end=\"1688\">Mugav lame huulik<\/li>\n<li data-start=\"1689\" data-end=\"1716\">Taskus\u00f5bralik karbikujuline disain<\/li>\n<li data-start=\"1717\" data-end=\"1759\">Optimeeritud suust-kopsu (MTL) aurustamiseks<\/li>\n<\/ul>\n<p data-start=\"1761\" data-end=\"1833\">Vapme Smart Display \u00fchekordne vape tundub k\u00e4es turvaline ja mugav ka pikema kasutuse ajal.<\/p>\n<p>Tootekataloogi saamiseks v\u00f5tke \u00fchendust:<a href=\"https:\/\/wa.me\/8618077105750\">Osta kohe, vaata k\u00f5iki hulgihindasid<\/a><br \/>\nMuud enimm\u00fc\u00fcdud aurustid, mida sa v\u00f5id vajada<\/p>\n<p><a href=\"https:\/\/vapehosale.com\/et\/product-category\/vapme-vape\/\">Vapme Vape minu l\u00e4hedal\ud83d\udc48\ud83c\udffb<\/a><br \/>\n<a href=\"https:\/\/vapehosale.com\/et\/product-category\/wholesale-50k-puffs-disposable-vape\/\"><strong class=\"Yjhzub\" data-sfc-root=\"c\" data-sfc-cb=\"\" data-complete=\"true\">\u00dchekordne vape 50000 mahvi<\/strong><\/a><\/p>\n<p><a href=\"https:\/\/vapehosale.com\/et\/product-category\/disposable-vape-in-european-warehouse\/\">Hankige Eesti lao \u00fchekordselt kasutatavate aurustite kataloog siit\ud83d\udc48\ud83c\udffb<\/a><\/p>\n<h4>tarneaeg:<\/h4>\n<p>saadetakse Hiina laost<\/p>\n<p>1.Tootmisaeg: saadetakse v\u00e4lja 5 t\u00f6\u00f6p\u00e4eva jooksul (p\u00e4rast makse laekumist)<\/p>\n<p>2.Tarne aeg: 10-14 p\u00e4eva (p\u00fchade ja tollikontrolli korral v\u00f5ib tarneaeg pikeneda.)<\/p>\n<h4>Maksmisviisid:<\/h4>\n<p>1.panga\u00fclekanne\/western union\/wise\/revolut\/postepay \u2705<span style=\"color: #ff0000\"><span class=\"x1rg5ohu x16dsc37 x19la9d6 x1fc57z9 x6ikm8r x10wlt62 x19co3pv x11tp94h xw4jnvo x1qx5ct2 xfibh0p xiy17q3 x1xsqp64 x1lkfr7t xexx8yu xyri2b x18d9i69 x1c1uobl\"><span class=\"xrtxmta x1bhl96m\"><br \/>\n<\/span><\/span><\/span><span class=\"x1rg5ohu x16dsc37 x19la9d6 x1fc57z9 x6ikm8r x10wlt62 x19co3pv x11tp94h xw4jnvo x1qx5ct2 xfibh0p xiy17q3 x1xsqp64 x1lkfr7t xexx8yu xyri2b x18d9i69 x1c1uobl\"><span class=\"xrtxmta x1bhl96m\">2.<\/span><\/span><span class=\"x1rg5ohu x16dsc37 x19la9d6 x1fc57z9 x6ikm8r x10wlt62 x19co3pv x11tp94h xw4jnvo x1qx5ct2 xfibh0p xiy17q3 x1xsqp64 x1lkfr7t xexx8yu xyri2b x18d9i69 x1c1uobl\"><span class=\"xrtxmta x1bhl96m\">arve esitatud<br \/>\nproforma arve\u27a1\ufe0fettev\u00f5tte panga konto\u27a1\ufe0farveldusandmed<br \/>\n3.ei toeta <span style=\"color: #ff0000\">k\u00e4ibemaksuga makse<\/span> veel\u274c<br \/>\n<\/span><\/span><\/p>\n<p>K\u00f5ik meie poe tooted on 100% originaalsed ja autentsed, seega on meie poe poliitika v\u00f5ltskaupade eest k\u00fcmnekordne h\u00fcvitis.<\/p>\n<h5><span style=\"color: #ff0000\">Minimaalne tellimus 50 tk<\/span><\/h5>","protected":false},"excerpt":{"rendered":"<p data-start=\"2414\" data-end=\"2672\">Vapme Digital Box 50000 Puffs on suure mahutavusega \u00fchekordne e-sigaret, mis on m\u00f5eldud kasutajatele, kes soovivad maksimaalset kestvust ja esmaklassilist j\u00f5udlust. Sellel on nutikas LED-ekraan, mis n\u00e4itab aku ja e-vedeliku taset reaalajas, 1,0\u03a9 topeltv\u00f5rgustusega k\u00fcttekeha parema maitse \u00fchtluse tagamiseks ning 650mAh taaslaetav aku Type-C kiirlaadimisega. Saadaval 2% ja 5% nikotiinitugevustega, see seade pakub kuni 50 000 mahvi kompaktses ja ergonoomilises karbikujunduses.<br \/>\n<span style=\"color: #ff0000\">(veebisaidi hind ei sisalda saatmiskulusid)<\/span><\/p>\n<p><span style=\"color: #ff0000\">MOQ:50tk, v\u00f5tke \u00fchendust Vickyga, et saada vozol hulgikaubandus kataloog n\u00fc\u00fcd<\/span><\/p>\n<p><img decoding=\"async\" class=\"alignnone size-medium wp-image-2638\" src=\"https:\/\/vapehosale.com\/wp-content\/uploads\/2023\/09\/885301ea6f5e0b91f5ab2b1c85e665c-300x295.png\" alt=\"RandM Tehas\" width=\"300\" height=\"295\" srcset=\"https:\/\/vapehosale.com\/wp-content\/uploads\/2023\/09\/885301ea6f5e0b91f5ab2b1c85e665c-300x295.png 300w, https:\/\/vapehosale.com\/wp-content\/uploads\/2023\/09\/885301ea6f5e0b91f5ab2b1c85e665c-600x589.png 600w, https:\/\/vapehosale.com\/wp-content\/uploads\/2023\/09\/885301ea6f5e0b91f5ab2b1c85e665c.png 670w\" sizes=\"(max-width: 300px) 100vw, 300px\" \/><\/p>\n<p>&nbsp;<\/p>","protected":false},"featured_media":6719,"comment_status":"open","ping_status":"closed","template":"","meta":{"_uag_custom_page_level_css":"","_lmt_disableupdate":"no","_lmt_disable":"","site-sidebar-layout":"default","site-content-layout":"","ast-site-content-layout":"default","site-content-style":"default","site-sidebar-style":"default","ast-global-header-display":"","ast-banner-title-visibility":"","ast-main-header-display":"","ast-hfb-above-header-display":"","ast-hfb-below-header-display":"","ast-hfb-mobile-header-display":"","site-post-title":"","ast-breadcrumbs-content":"","ast-featured-img":"","footer-sml-layout":"","theme-transparent-header-meta":"default","adv-header-id-meta":"","stick-header-meta":"","header-above-stick-meta":"","header-main-stick-meta":"","header-below-stick-meta":"","astra-migrate-meta-layouts":"set","_joinchat":[]},"product_cat":[98,41,55,15,137],"product_tag":[35,53],"class_list":["post-6725","product","type-product","status-publish","has-post-thumbnail","hentry","product_cat-wholesale-50k-puffs-disposable-vape","product_cat-europe-hot-sale-vape","product_cat-minimum-order-quantity-50pcs","product_cat-vape-shop-wholesale","product_cat-vapme-vape","product_tag-rechargeable-disposable-device","product_tag-vapme-vape","desktop-align-left","tablet-align-left","mobile-align-left"],"yoast_head":"<!-- This site is optimized with the Yoast SEO plugin v21.1 - https:\/\/yoast.com\/wordpress\/plugins\/seo\/ -->\n<title>Vapme Digital Box 50K Puffs Disposable Vape - Vape Wholesale<\/title>\n<meta name=\"description\" content=\"Buy Vapme Digital Box 50000 Puffs with a smart LED display, dual mesh coil, 650mAh rechargeable battery, and Type-C charging for long-lasting flavor.\" \/>\n<meta name=\"robots\" content=\"index, follow, max-snippet:-1, max-image-preview:large, max-video-preview:-1\" \/>\n<link rel=\"canonical\" href=\"https:\/\/vapehosale.com\/et\/product\/vapme-digital-box-50000-puffs-disposable-vape\/\" \/>\n<meta property=\"og:locale\" content=\"et_EE\" \/>\n<meta property=\"og:type\" content=\"article\" \/>\n<meta property=\"og:title\" content=\"Vapme Digital Box 50K Puffs Disposable Vape - Vape Wholesale\" \/>\n<meta property=\"og:description\" content=\"Buy Vapme Digital Box 50000 Puffs with a smart LED display, dual mesh coil, 650mAh rechargeable battery, and Type-C charging for long-lasting flavor.\" \/>\n<meta property=\"og:url\" content=\"https:\/\/vapehosale.com\/et\/product\/vapme-digital-box-50000-puffs-disposable-vape\/\" \/>\n<meta property=\"og:site_name\" content=\"Vape Wholesale\" \/>\n<meta property=\"article:modified_time\" content=\"2026-05-11T09:36:42+00:00\" \/>\n<meta property=\"og:image\" content=\"https:\/\/vapehosale.com\/wp-content\/uploads\/2026\/05\/Vapme-Digital-Box-50k-bulk-buy-discounts.webp\" \/>\n\t<meta property=\"og:image:width\" content=\"1000\" \/>\n\t<meta property=\"og:image:height\" content=\"1000\" \/>\n\t<meta property=\"og:image:type\" content=\"image\/webp\" \/>\n<meta name=\"twitter:card\" content=\"summary_large_image\" \/>\n<meta name=\"twitter:label1\" content=\"Est. reading time\" \/>\n\t<meta name=\"twitter:data1\" content=\"3 minutit\" \/>\n<script type=\"application\/ld+json\" class=\"yoast-schema-graph\">{\"@context\":\"https:\/\/schema.org\",\"@graph\":[{\"@type\":\"WebPage\",\"@id\":\"https:\/\/vapehosale.com\/product\/vapme-digital-box-50000-puffs-disposable-vape\/\",\"url\":\"https:\/\/vapehosale.com\/product\/vapme-digital-box-50000-puffs-disposable-vape\/\",\"name\":\"Vapme Digital Box 50K Puffs Disposable Vape - Vape Wholesale\",\"isPartOf\":{\"@id\":\"https:\/\/vapehosale.com\/#website\"},\"datePublished\":\"2026-05-11T03:55:42+00:00\",\"dateModified\":\"2026-05-11T09:36:42+00:00\",\"description\":\"Buy Vapme Digital Box 50000 Puffs with a smart LED display, dual mesh coil, 650mAh rechargeable battery, and Type-C charging for long-lasting flavor.\",\"breadcrumb\":{\"@id\":\"https:\/\/vapehosale.com\/product\/vapme-digital-box-50000-puffs-disposable-vape\/#breadcrumb\"},\"inLanguage\":\"et\",\"potentialAction\":[{\"@type\":\"ReadAction\",\"target\":[\"https:\/\/vapehosale.com\/product\/vapme-digital-box-50000-puffs-disposable-vape\/\"]}]},{\"@type\":\"BreadcrumbList\",\"@id\":\"https:\/\/vapehosale.com\/product\/vapme-digital-box-50000-puffs-disposable-vape\/#breadcrumb\",\"itemListElement\":[{\"@type\":\"ListItem\",\"position\":1,\"name\":\"Home\",\"item\":\"https:\/\/vapehosale.com\/\"},{\"@type\":\"ListItem\",\"position\":2,\"name\":\"Best Sell Vapes\",\"item\":\"https:\/\/vapehosale.com\/vape-shop\/\"},{\"@type\":\"ListItem\",\"position\":3,\"name\":\"Vapme Digital Box 50K Puffs Disposable Vape\"}]},{\"@type\":\"WebSite\",\"@id\":\"https:\/\/vapehosale.com\/#website\",\"url\":\"https:\/\/vapehosale.com\/\",\"name\":\"Vape Wholesale\",\"description\":\"Buy Vape Wholesale Price Near you\",\"potentialAction\":[{\"@type\":\"SearchAction\",\"target\":{\"@type\":\"EntryPoint\",\"urlTemplate\":\"https:\/\/vapehosale.com\/?s={search_term_string}\"},\"query-input\":\"required name=search_term_string\"}],\"inLanguage\":\"et\"}]}<\/script>\n<!-- \/ Yoast SEO plugin. -->","yoast_head_json":{"title":"Vapme Digital Box 50K Puffs Disposable Vape - Vape Wholesale","description":"Buy Vapme Digital Box 50000 Puffs with a smart LED display, dual mesh coil, 650mAh rechargeable battery, and Type-C charging for long-lasting flavor.","robots":{"index":"index","follow":"follow","max-snippet":"max-snippet:-1","max-image-preview":"max-image-preview:large","max-video-preview":"max-video-preview:-1"},"canonical":"https:\/\/vapehosale.com\/et\/product\/vapme-digital-box-50000-puffs-disposable-vape\/","og_locale":"et_EE","og_type":"article","og_title":"Vapme Digital Box 50K Puffs Disposable Vape - Vape Wholesale","og_description":"Buy Vapme Digital Box 50000 Puffs with a smart LED display, dual mesh coil, 650mAh rechargeable battery, and Type-C charging for long-lasting flavor.","og_url":"https:\/\/vapehosale.com\/et\/product\/vapme-digital-box-50000-puffs-disposable-vape\/","og_site_name":"Vape Wholesale","article_modified_time":"2026-05-11T09:36:42+00:00","og_image":[{"width":1000,"height":1000,"url":"https:\/\/vapehosale.com\/wp-content\/uploads\/2026\/05\/Vapme-Digital-Box-50k-bulk-buy-discounts.webp","type":"image\/webp"}],"twitter_card":"summary_large_image","twitter_misc":{"Est. reading time":"3 minutit"},"schema":{"@context":"https:\/\/schema.org","@graph":[{"@type":"WebPage","@id":"https:\/\/vapehosale.com\/product\/vapme-digital-box-50000-puffs-disposable-vape\/","url":"https:\/\/vapehosale.com\/product\/vapme-digital-box-50000-puffs-disposable-vape\/","name":"Vapme Digital Box 50K Puffs Disposable Vape - Vape Wholesale","isPartOf":{"@id":"https:\/\/vapehosale.com\/#website"},"datePublished":"2026-05-11T03:55:42+00:00","dateModified":"2026-05-11T09:36:42+00:00","description":"Buy Vapme Digital Box 50000 Puffs with a smart LED display, dual mesh coil, 650mAh rechargeable battery, and Type-C charging for long-lasting flavor.","breadcrumb":{"@id":"https:\/\/vapehosale.com\/product\/vapme-digital-box-50000-puffs-disposable-vape\/#breadcrumb"},"inLanguage":"et","potentialAction":[{"@type":"ReadAction","target":["https:\/\/vapehosale.com\/product\/vapme-digital-box-50000-puffs-disposable-vape\/"]}]},{"@type":"BreadcrumbList","@id":"https:\/\/vapehosale.com\/product\/vapme-digital-box-50000-puffs-disposable-vape\/#breadcrumb","itemListElement":[{"@type":"ListItem","position":1,"name":"Home","item":"https:\/\/vapehosale.com\/"},{"@type":"ListItem","position":2,"name":"Best Sell Vapes","item":"https:\/\/vapehosale.com\/vape-shop\/"},{"@type":"ListItem","position":3,"name":"Vapme Digital Box 50K Puffs Disposable Vape"}]},{"@type":"WebSite","@id":"https:\/\/vapehosale.com\/#website","url":"https:\/\/vapehosale.com\/","name":"Vape Wholesale","description":"Buy Vape Wholesale Price Near you","potentialAction":[{"@type":"SearchAction","target":{"@type":"EntryPoint","urlTemplate":"https:\/\/vapehosale.com\/?s={search_term_string}"},"query-input":"required name=search_term_string"}],"inLanguage":"et"}]}},"uagb_featured_image_src":{"full":["https:\/\/vapehosale.com\/wp-content\/uploads\/2026\/05\/Vapme-Digital-Box-50k-bulk-buy-discounts.webp",1000,1000,false],"thumbnail":["https:\/\/vapehosale.com\/wp-content\/uploads\/2026\/05\/Vapme-Digital-Box-50k-bulk-buy-discounts-150x150.webp",150,150,true],"medium":["https:\/\/vapehosale.com\/wp-content\/uploads\/2026\/05\/Vapme-Digital-Box-50k-bulk-buy-discounts-300x300.webp",300,300,true],"medium_large":["https:\/\/vapehosale.com\/wp-content\/uploads\/2026\/05\/Vapme-Digital-Box-50k-bulk-buy-discounts-768x768.webp",768,768,true],"large":["https:\/\/vapehosale.com\/wp-content\/uploads\/2026\/05\/Vapme-Digital-Box-50k-bulk-buy-discounts.webp",1000,1000,false],"1536x1536":["https:\/\/vapehosale.com\/wp-content\/uploads\/2026\/05\/Vapme-Digital-Box-50k-bulk-buy-discounts.webp",1000,1000,false],"2048x2048":["https:\/\/vapehosale.com\/wp-content\/uploads\/2026\/05\/Vapme-Digital-Box-50k-bulk-buy-discounts.webp",1000,1000,false],"trp-custom-language-flag":["https:\/\/vapehosale.com\/wp-content\/uploads\/2026\/05\/Vapme-Digital-Box-50k-bulk-buy-discounts-12x12.webp",12,12,true],"woocommerce_thumbnail":["https:\/\/vapehosale.com\/wp-content\/uploads\/2026\/05\/Vapme-Digital-Box-50k-bulk-buy-discounts-300x300.webp",300,300,true],"woocommerce_single":["https:\/\/vapehosale.com\/wp-content\/uploads\/2026\/05\/Vapme-Digital-Box-50k-bulk-buy-discounts-600x600.webp",600,600,true],"woocommerce_gallery_thumbnail":["https:\/\/vapehosale.com\/wp-content\/uploads\/2026\/05\/Vapme-Digital-Box-50k-bulk-buy-discounts-100x100.webp",100,100,true],"wcpr-photo-reviews":["https:\/\/vapehosale.com\/wp-content\/uploads\/2026\/05\/Vapme-Digital-Box-50k-bulk-buy-discounts.webp",500,500,false]},"uagb_author_info":{"display_name":"Vicky hosale","author_link":"https:\/\/vapehosale.com\/et\/author\/"},"uagb_comment_info":0,"uagb_excerpt":"Vapme Digital Box 50000 Puffs is a high-capacity disposable vape designed for users who want maximum longevity and premium performance. It features a smart LED display that shows battery and e-liquid levels in real time, a 1.0\u03a9 dual mesh coil for enhanced flavor consistency, and a 650mAh rechargeable battery with Type-C fast charging. Available in\u00a0&hellip;","_links":{"self":[{"href":"https:\/\/vapehosale.com\/et\/wp-json\/wp\/v2\/product\/6725","targetHints":{"allow":["GET"]}}],"collection":[{"href":"https:\/\/vapehosale.com\/et\/wp-json\/wp\/v2\/product"}],"about":[{"href":"https:\/\/vapehosale.com\/et\/wp-json\/wp\/v2\/types\/product"}],"replies":[{"embeddable":true,"href":"https:\/\/vapehosale.com\/et\/wp-json\/wp\/v2\/comments?post=6725"}],"wp:featuredmedia":[{"embeddable":true,"href":"https:\/\/vapehosale.com\/et\/wp-json\/wp\/v2\/media\/6719"}],"wp:attachment":[{"href":"https:\/\/vapehosale.com\/et\/wp-json\/wp\/v2\/media?parent=6725"}],"wp:term":[{"taxonomy":"product_cat","embeddable":true,"href":"https:\/\/vapehosale.com\/et\/wp-json\/wp\/v2\/product_cat?post=6725"},{"taxonomy":"product_tag","embeddable":true,"href":"https:\/\/vapehosale.com\/et\/wp-json\/wp\/v2\/product_tag?post=6725"}],"curies":[{"name":"wp","href":"https:\/\/api.w.org\/{rel}","templated":true}]}}