{"id":6610,"date":"2026-04-15T03:21:47","date_gmt":"2026-04-15T03:21:47","guid":{"rendered":"https:\/\/vapehosale.com\/?post_type=product&#038;p=6610"},"modified":"2026-04-15T03:42:27","modified_gmt":"2026-04-15T03:42:27","slug":"uzy-crystal-star-60k-puffs-rechargeable-disposable-vape","status":"publish","type":"product","link":"https:\/\/vapehosale.com\/et\/product\/uzy-crystal-star-60k-puffs-rechargeable-disposable-vape\/","title":{"rendered":"UZY Kristallt\u00e4ht 60K Puhangut Laetav \u00dchekordselt Vape"},"content":{"rendered":"<h2>Hulgim\u00fc\u00fck UZY Kristall 60K Puhangut \u00dchekordne Vape<\/h2>\n<p>UZY Kristallt\u00e4ht 60K Vape pakub t\u00e4pselt 60000 puhangu 40ml t\u00f5elise e-vedelikuga. 0,9ohm Kvad Mesh Spiraal t\u00f6\u00f6tab j\u00e4rjepidevalt 12 erineva maitsega. 650mAh aku laeb t\u00e4ielikult Type-C pordi kaudu. LED nutikraan n\u00e4itab t\u00e4pset j\u00e4relej\u00e4\u00e4nud aku protsenti ja e-vedeliku taset. Nikotiini valikud: 2%, 5%. Kristallne disain t\u00e4iustab seadet.<br \/>\n<img decoding=\"async\" class=\"alignnone size-large wp-image-6605\" src=\"https:\/\/vapehosale.com\/wp-content\/uploads\/2026\/04\/UZY-Crystal-Star-60K-Puffs-Disposable-Vape-Best-Flavor-1024x576.webp\" alt=\"UZY Kristall T\u00e4ht 60K Puhangut \u00dchekordne Vape Parim Maitse\" width=\"1024\" height=\"576\" srcset=\"https:\/\/vapehosale.com\/wp-content\/uploads\/2026\/04\/UZY-Crystal-Star-60K-Puffs-Disposable-Vape-Best-Flavor-1024x576.webp 1024w, https:\/\/vapehosale.com\/wp-content\/uploads\/2026\/04\/UZY-Crystal-Star-60K-Puffs-Disposable-Vape-Best-Flavor-300x169.webp 300w, https:\/\/vapehosale.com\/wp-content\/uploads\/2026\/04\/UZY-Crystal-Star-60K-Puffs-Disposable-Vape-Best-Flavor-768x432.webp 768w, https:\/\/vapehosale.com\/wp-content\/uploads\/2026\/04\/UZY-Crystal-Star-60K-Puffs-Disposable-Vape-Best-Flavor-1536x864.webp 1536w, https:\/\/vapehosale.com\/wp-content\/uploads\/2026\/04\/UZY-Crystal-Star-60K-Puffs-Disposable-Vape-Best-Flavor-2048x1152.webp 2048w, https:\/\/vapehosale.com\/wp-content\/uploads\/2026\/04\/UZY-Crystal-Star-60K-Puffs-Disposable-Vape-Best-Flavor-18x10.webp 18w, https:\/\/vapehosale.com\/wp-content\/uploads\/2026\/04\/UZY-Crystal-Star-60K-Puffs-Disposable-Vape-Best-Flavor-600x338.webp 600w\" sizes=\"(max-width: 1024px) 100vw, 1024px\" \/><\/p>\n<h3>UZY Kristall 60K Puhangu Spetsifikatsioon<\/h3>\n<ol>\n<li>Puhangu: 60K Puhangut<\/li>\n<li>12 Maitset<\/li>\n<li>Kvad Mesh Spiraal: 0,9ohm<\/li>\n<li>E-vedelik: T\u00f5eline 40ml<\/li>\n<li>Nikotiin: 0%\/2%\/3%\/5<\/li>\n<li>Aku: 650mah<\/li>\n<li>Laetav: C-t\u00fc\u00fcpi laadimisport<\/li>\n<li>LED-ekraan (nutiekraan)<\/li>\n<li>N\u00e4itab selgelt aku ja e-vedeliku taset<\/li>\n<li>Kristalliline Disain<\/li>\n<\/ol>\n<h3>UZY Kristallt\u00e4ht 60K Maitseloend<\/h3>\n<p>1.Mustikas Vaarikas<br \/>\n2. Kiwil Passion Fruit Guava<br \/>\n3. Kirsikola j\u00e4\u00e4<br \/>\n4. Maasika-Arbuusi<br \/>\n5. Segatud marjad<br \/>\n6.Virsiku j\u00e4\u00e4<br \/>\n7. Sidrun Laim<br \/>\n8. Viinamarja j\u00e4\u00e4<br \/>\n9.Arbuusij\u00e4\u00e4<br \/>\n10. Love66<br \/>\n11. Kaks \u00f5una<br \/>\n12.Mustika j\u00e4\u00e4<\/p>\n<h3>Hulgim\u00fc\u00fcja kontakt<\/h3>\n<p>\u2709\ufe0f E-post: vicky@essenvape.com<br \/>\n\ud83d\udcde Whatsapp\/Telefoninumber: <a href=\"https:\/\/wa.me\/8618077105750\">+8618077105750<\/a><br \/>\n\ud83d\udd58 T\u00f6\u00f6aeg: 9:00 \u2013 18:00<br \/>\n\ud83d\udccd Asukoht: Tallinn<\/p>\n<p>\u2705 Hulgim\u00fc\u00fcjad ja edasim\u00fc\u00fcjad on teretulnud tellimusi kohandama<br \/>\n\u2705Pakume k\u00f5rgeima kvaliteediga tooteid ja professionaalseid teenuseid.<\/p>\n<p><img decoding=\"async\" class=\"alignnone size-full wp-image-2638\" src=\"https:\/\/vapehosale.com\/wp-content\/uploads\/2023\/09\/885301ea6f5e0b91f5ab2b1c85e665c.png\" alt=\"RandM Tehas\" width=\"670\" height=\"658\" srcset=\"https:\/\/vapehosale.com\/wp-content\/uploads\/2023\/09\/885301ea6f5e0b91f5ab2b1c85e665c.png 670w, https:\/\/vapehosale.com\/wp-content\/uploads\/2023\/09\/885301ea6f5e0b91f5ab2b1c85e665c-300x295.png 300w, https:\/\/vapehosale.com\/wp-content\/uploads\/2023\/09\/885301ea6f5e0b91f5ab2b1c85e665c-600x589.png 600w\" sizes=\"(max-width: 670px) 100vw, 670px\" \/><\/p>\n<h4 data-start=\"2071\" data-end=\"2079\">KKK kohta <a href=\"https:\/\/vapehosale.com\/et\/product-category\/vozol-vape\/\">UZY Vape<\/a> Kristallt\u00e4ht 60k Puhangut<\/h4>\n<p class=\"ds-markdown-paragraph\">1.\ud83d\ude0d <strong>Kui palju t\u00f5mbeid tegelikult UZY Crystal Star 60K Vape pakub?<\/strong><br \/>\nT\u00e4pselt 60 000 t\u00f5mmet \u2013 ilma oletusteta. 40 ml e-vedelik tagab selle numbri.<\/p>\n<p class=\"ds-markdown-paragraph\">2.\ud83d\udd0b <strong>Kas aku on piisavalt tugev k\u00f5igi 60 000 t\u00f5mbe jaoks?<\/strong><br \/>\nJah. 650mAh aku toetab Type-C laadimist. LED-ekraan n\u00e4itab t\u00e4pset aku kestvust, nii et laadite ainult siis, kui vaja.<\/p>\n<p class=\"ds-markdown-paragraph\">3.\ud83d\udca7 <strong>Kuidas kontrollida j\u00e4relej\u00e4\u00e4nud e-vedelikku?<\/strong><br \/>\nNutikas LED-ekraan n\u00e4itab selgelt nii aku taset kui ka e-vedeliku mahtu. Sa ei j\u00e4\u00e4 kunagi ootamatult t\u00fchjaks.<\/p>\n<p class=\"ds-markdown-paragraph\">4.\ud83c\udf53 <strong>Millist maitsevalikut mul on?<\/strong><br \/>\nSa saad 12 erinevat maitset. Iga\u00fcks t\u00f6\u00f6tab ideaalselt koos 0.9ohm Quad Mesh Coiliga, tagades j\u00e4rjepideva maitse.<\/p>\n<p class=\"ds-markdown-paragraph\">5.\u26a1 <strong>Millised nikotiinitugevused on saadaval?<\/strong><br \/>\nNeli valikut: 2% ja 5%. Valige tugevus, mis sobib teie eelistustega.<\/p>\n<h3><strong>Pakendi sisu:<\/strong><\/h3>\n<p>1 x <strong> UZY Crystal 60K \u00dchekordne Vape<\/strong><\/p>\n<p>Tootekataloogi saamiseks v\u00f5tke \u00fchendust:<a href=\"https:\/\/wa.me\/8618077105750\">Osta kohe, vaata k\u00f5iki hulgihindasid<\/a><br \/>\nMuud enimm\u00fc\u00fcdud aurustid, mida sa v\u00f5id vajada<\/p>\n<p><a href=\"https:\/\/vapehosale.com\/et\/product-category\/uzy-vape\/\">UZY Vape Hulgim\u00fc\u00fck Siin \ud83d\udc48\ud83c\udffb<\/a><br \/>\n<a href=\"https:\/\/vapehosale.com\/et\/product-category\/wholesale-60k-puffs-disposable-vape\/\">60k t\u00f5mmet \u00dchekordne t\u00f5mmetelehter Hulgim\u00fc\u00fck<\/a><\/p>\n<p><a href=\"https:\/\/vapehosale.com\/et\/product-category\/disposable-vape-in-european-warehouse\/\">Hankige Eesti lao \u00fchekordselt kasutatavate aurustite kataloog siit\ud83d\udc48\ud83c\udffb<\/a><\/p>\n<h4>tarneaeg:<\/h4>\n<p>saadetakse Hiina laost<\/p>\n<p>1.Tootmisaeg: saadetakse v\u00e4lja 5 t\u00f6\u00f6p\u00e4eva jooksul (p\u00e4rast makse laekumist)<\/p>\n<p>2.Tarne aeg: 10-14 p\u00e4eva (p\u00fchade ja tollikontrolli korral v\u00f5ib tarneaeg pikeneda.)<\/p>\n<h4>Maksmisviisid:<\/h4>\n<p>1.panga\u00fclekanne\/western union\/wise\/revolut\/postepay \u2705<span style=\"color: #ff0000\"><span class=\"x1rg5ohu x16dsc37 x19la9d6 x1fc57z9 x6ikm8r x10wlt62 x19co3pv x11tp94h xw4jnvo x1qx5ct2 xfibh0p xiy17q3 x1xsqp64 x1lkfr7t xexx8yu xyri2b x18d9i69 x1c1uobl\"><span class=\"xrtxmta x1bhl96m\"><br \/>\n<\/span><\/span><\/span><span class=\"x1rg5ohu x16dsc37 x19la9d6 x1fc57z9 x6ikm8r x10wlt62 x19co3pv x11tp94h xw4jnvo x1qx5ct2 xfibh0p xiy17q3 x1xsqp64 x1lkfr7t xexx8yu xyri2b x18d9i69 x1c1uobl\"><span class=\"xrtxmta x1bhl96m\">2.<\/span><\/span><span class=\"x1rg5ohu x16dsc37 x19la9d6 x1fc57z9 x6ikm8r x10wlt62 x19co3pv x11tp94h xw4jnvo x1qx5ct2 xfibh0p xiy17q3 x1xsqp64 x1lkfr7t xexx8yu xyri2b x18d9i69 x1c1uobl\"><span class=\"xrtxmta x1bhl96m\">arve esitatud<br \/>\nproforma arve\u27a1\ufe0fettev\u00f5tte panga konto\u27a1\ufe0farveldusandmed<br \/>\n3.ei toeta <span style=\"color: #ff0000\">k\u00e4ibemaksuga makse<\/span> veel\u274c<br \/>\n<\/span><\/span><\/p>\n<p>K\u00f5ik meie poe tooted on 100% originaalsed ja autentsed, seega on meie poe poliitika v\u00f5ltskaupade eest k\u00fcmnekordne h\u00fcvitis.<\/p>\n<h5><span style=\"color: #ff0000\">Minimaalne tellimus 50 tk<\/span><\/h5>","protected":false},"excerpt":{"rendered":"<p data-start=\"2414\" data-end=\"2672\">UZY Kristallt\u00e4ht 60K Vape pakub 60 000 puhangu 40ml e-vedelikust koos 650mAh laetava akuga. Kvad Mesh Spiraal (0,9ohm) parandab maitset. LED-ekraan n\u00e4itab mahla ja v\u00f5imu. Kristallne disain. 12 maitset. Nikotiin 2% ja 5%<br \/>\n<span style=\"color: #ff0000\">(veebisaidi hind ei sisalda saatmiskulusid)<\/span><\/p>\n<p><span style=\"color: #ff0000\">MOQ:50tk, v\u00f5tke \u00fchendust Vickyga, et saada vozol hulgikaubandus kataloog n\u00fc\u00fcd<\/span><\/p>\n<p><img decoding=\"async\" class=\"alignnone size-medium wp-image-2638\" src=\"https:\/\/vapehosale.com\/wp-content\/uploads\/2023\/09\/885301ea6f5e0b91f5ab2b1c85e665c-300x295.png\" alt=\"RandM Tehas\" width=\"300\" height=\"295\" srcset=\"https:\/\/vapehosale.com\/wp-content\/uploads\/2023\/09\/885301ea6f5e0b91f5ab2b1c85e665c-300x295.png 300w, https:\/\/vapehosale.com\/wp-content\/uploads\/2023\/09\/885301ea6f5e0b91f5ab2b1c85e665c-600x589.png 600w, https:\/\/vapehosale.com\/wp-content\/uploads\/2023\/09\/885301ea6f5e0b91f5ab2b1c85e665c.png 670w\" sizes=\"(max-width: 300px) 100vw, 300px\" \/><\/p>\n<p>&nbsp;<\/p>","protected":false},"featured_media":6598,"comment_status":"open","ping_status":"closed","template":"","meta":{"_uag_custom_page_level_css":"","_lmt_disableupdate":"no","_lmt_disable":"","site-sidebar-layout":"default","site-content-layout":"","ast-site-content-layout":"default","site-content-style":"default","site-sidebar-style":"default","ast-global-header-display":"","ast-banner-title-visibility":"","ast-main-header-display":"","ast-hfb-above-header-display":"","ast-hfb-below-header-display":"","ast-hfb-mobile-header-display":"","site-post-title":"","ast-breadcrumbs-content":"","ast-featured-img":"","footer-sml-layout":"","theme-transparent-header-meta":"default","adv-header-id-meta":"","stick-header-meta":"","header-above-stick-meta":"","header-main-stick-meta":"","header-below-stick-meta":"","astra-migrate-meta-layouts":"set","_joinchat":[]},"product_cat":[100,41,55,150,15],"product_tag":[35],"class_list":["post-6610","product","type-product","status-publish","has-post-thumbnail","hentry","product_cat-wholesale-60k-puffs-disposable-vape","product_cat-europe-hot-sale-vape","product_cat-minimum-order-quantity-50pcs","product_cat-uzy-vape","product_cat-vape-shop-wholesale","product_tag-rechargeable-disposable-device","desktop-align-left","tablet-align-left","mobile-align-left"],"yoast_head":"<!-- This site is optimized with the Yoast SEO plugin v21.1 - https:\/\/yoast.com\/wordpress\/plugins\/seo\/ -->\n<title>UZY Crystal Star 60K Puffs Rechargeable Disposable Vape - Vape Wholesale<\/title>\n<meta name=\"description\" content=\"Wholesale UZY Crystal Star 60K rechargeable Vape: 60K puffs, 40ml juice, LED screen, Type-C recharge. 12 flavors. Crystal design.\" \/>\n<meta name=\"robots\" content=\"index, follow, max-snippet:-1, max-image-preview:large, max-video-preview:-1\" \/>\n<link rel=\"canonical\" href=\"https:\/\/vapehosale.com\/et\/product\/uzy-crystal-star-60k-puffs-rechargeable-disposable-vape\/\" \/>\n<meta property=\"og:locale\" content=\"et_EE\" \/>\n<meta property=\"og:type\" content=\"article\" \/>\n<meta property=\"og:title\" content=\"UZY Crystal Star 60K Puffs Rechargeable Disposable Vape - Vape Wholesale\" \/>\n<meta property=\"og:description\" content=\"Wholesale UZY Crystal Star 60K rechargeable Vape: 60K puffs, 40ml juice, LED screen, Type-C recharge. 12 flavors. Crystal design.\" \/>\n<meta property=\"og:url\" content=\"https:\/\/vapehosale.com\/et\/product\/uzy-crystal-star-60k-puffs-rechargeable-disposable-vape\/\" \/>\n<meta property=\"og:site_name\" content=\"Vape Wholesale\" \/>\n<meta property=\"article:modified_time\" content=\"2026-04-15T03:42:27+00:00\" \/>\n<meta property=\"og:image\" content=\"https:\/\/vapehosale.com\/wp-content\/uploads\/2026\/04\/UZY-Crystal-Star-60000-Puffs-Europe-Top-Sale-Disposable-Vape-scaled.webp\" \/>\n\t<meta property=\"og:image:width\" content=\"2560\" \/>\n\t<meta property=\"og:image:height\" content=\"2560\" \/>\n\t<meta property=\"og:image:type\" content=\"image\/webp\" \/>\n<meta name=\"twitter:card\" content=\"summary_large_image\" \/>\n<meta name=\"twitter:label1\" content=\"Est. reading time\" \/>\n\t<meta name=\"twitter:data1\" content=\"3 minutit\" \/>\n<script type=\"application\/ld+json\" class=\"yoast-schema-graph\">{\"@context\":\"https:\/\/schema.org\",\"@graph\":[{\"@type\":\"WebPage\",\"@id\":\"https:\/\/vapehosale.com\/product\/uzy-crystal-star-60k-puffs-rechargeable-disposable-vape\/\",\"url\":\"https:\/\/vapehosale.com\/product\/uzy-crystal-star-60k-puffs-rechargeable-disposable-vape\/\",\"name\":\"UZY Crystal Star 60K Puffs Rechargeable Disposable Vape - Vape Wholesale\",\"isPartOf\":{\"@id\":\"https:\/\/vapehosale.com\/#website\"},\"datePublished\":\"2026-04-15T03:21:47+00:00\",\"dateModified\":\"2026-04-15T03:42:27+00:00\",\"description\":\"Wholesale UZY Crystal Star 60K rechargeable Vape: 60K puffs, 40ml juice, LED screen, Type-C recharge. 12 flavors. Crystal design.\",\"breadcrumb\":{\"@id\":\"https:\/\/vapehosale.com\/product\/uzy-crystal-star-60k-puffs-rechargeable-disposable-vape\/#breadcrumb\"},\"inLanguage\":\"et\",\"potentialAction\":[{\"@type\":\"ReadAction\",\"target\":[\"https:\/\/vapehosale.com\/product\/uzy-crystal-star-60k-puffs-rechargeable-disposable-vape\/\"]}]},{\"@type\":\"BreadcrumbList\",\"@id\":\"https:\/\/vapehosale.com\/product\/uzy-crystal-star-60k-puffs-rechargeable-disposable-vape\/#breadcrumb\",\"itemListElement\":[{\"@type\":\"ListItem\",\"position\":1,\"name\":\"Home\",\"item\":\"https:\/\/vapehosale.com\/\"},{\"@type\":\"ListItem\",\"position\":2,\"name\":\"Best Sell Vapes\",\"item\":\"https:\/\/vapehosale.com\/vape-shop\/\"},{\"@type\":\"ListItem\",\"position\":3,\"name\":\"UZY Crystal Star 60K Puffs Rechargeable Disposable Vape\"}]},{\"@type\":\"WebSite\",\"@id\":\"https:\/\/vapehosale.com\/#website\",\"url\":\"https:\/\/vapehosale.com\/\",\"name\":\"Vape Wholesale\",\"description\":\"Buy Vape Wholesale Price Near you\",\"potentialAction\":[{\"@type\":\"SearchAction\",\"target\":{\"@type\":\"EntryPoint\",\"urlTemplate\":\"https:\/\/vapehosale.com\/?s={search_term_string}\"},\"query-input\":\"required name=search_term_string\"}],\"inLanguage\":\"et\"}]}<\/script>\n<!-- \/ Yoast SEO plugin. -->","yoast_head_json":{"title":"UZY Crystal Star 60K Puffs Rechargeable Disposable Vape - Vape Wholesale","description":"Wholesale UZY Crystal Star 60K rechargeable Vape: 60K puffs, 40ml juice, LED screen, Type-C recharge. 12 flavors. Crystal design.","robots":{"index":"index","follow":"follow","max-snippet":"max-snippet:-1","max-image-preview":"max-image-preview:large","max-video-preview":"max-video-preview:-1"},"canonical":"https:\/\/vapehosale.com\/et\/product\/uzy-crystal-star-60k-puffs-rechargeable-disposable-vape\/","og_locale":"et_EE","og_type":"article","og_title":"UZY Crystal Star 60K Puffs Rechargeable Disposable Vape - Vape Wholesale","og_description":"Wholesale UZY Crystal Star 60K rechargeable Vape: 60K puffs, 40ml juice, LED screen, Type-C recharge. 12 flavors. Crystal design.","og_url":"https:\/\/vapehosale.com\/et\/product\/uzy-crystal-star-60k-puffs-rechargeable-disposable-vape\/","og_site_name":"Vape Wholesale","article_modified_time":"2026-04-15T03:42:27+00:00","og_image":[{"width":2560,"height":2560,"url":"https:\/\/vapehosale.com\/wp-content\/uploads\/2026\/04\/UZY-Crystal-Star-60000-Puffs-Europe-Top-Sale-Disposable-Vape-scaled.webp","type":"image\/webp"}],"twitter_card":"summary_large_image","twitter_misc":{"Est. reading time":"3 minutit"},"schema":{"@context":"https:\/\/schema.org","@graph":[{"@type":"WebPage","@id":"https:\/\/vapehosale.com\/product\/uzy-crystal-star-60k-puffs-rechargeable-disposable-vape\/","url":"https:\/\/vapehosale.com\/product\/uzy-crystal-star-60k-puffs-rechargeable-disposable-vape\/","name":"UZY Crystal Star 60K Puffs Rechargeable Disposable Vape - Vape Wholesale","isPartOf":{"@id":"https:\/\/vapehosale.com\/#website"},"datePublished":"2026-04-15T03:21:47+00:00","dateModified":"2026-04-15T03:42:27+00:00","description":"Wholesale UZY Crystal Star 60K rechargeable Vape: 60K puffs, 40ml juice, LED screen, Type-C recharge. 12 flavors. Crystal design.","breadcrumb":{"@id":"https:\/\/vapehosale.com\/product\/uzy-crystal-star-60k-puffs-rechargeable-disposable-vape\/#breadcrumb"},"inLanguage":"et","potentialAction":[{"@type":"ReadAction","target":["https:\/\/vapehosale.com\/product\/uzy-crystal-star-60k-puffs-rechargeable-disposable-vape\/"]}]},{"@type":"BreadcrumbList","@id":"https:\/\/vapehosale.com\/product\/uzy-crystal-star-60k-puffs-rechargeable-disposable-vape\/#breadcrumb","itemListElement":[{"@type":"ListItem","position":1,"name":"Home","item":"https:\/\/vapehosale.com\/"},{"@type":"ListItem","position":2,"name":"Best Sell Vapes","item":"https:\/\/vapehosale.com\/vape-shop\/"},{"@type":"ListItem","position":3,"name":"UZY Crystal Star 60K Puffs Rechargeable Disposable Vape"}]},{"@type":"WebSite","@id":"https:\/\/vapehosale.com\/#website","url":"https:\/\/vapehosale.com\/","name":"Vape Wholesale","description":"Buy Vape Wholesale Price Near you","potentialAction":[{"@type":"SearchAction","target":{"@type":"EntryPoint","urlTemplate":"https:\/\/vapehosale.com\/?s={search_term_string}"},"query-input":"required name=search_term_string"}],"inLanguage":"et"}]}},"uagb_featured_image_src":{"full":["https:\/\/vapehosale.com\/wp-content\/uploads\/2026\/04\/UZY-Crystal-Star-60000-Puffs-Europe-Top-Sale-Disposable-Vape-scaled.webp",2560,2560,false],"thumbnail":["https:\/\/vapehosale.com\/wp-content\/uploads\/2026\/04\/UZY-Crystal-Star-60000-Puffs-Europe-Top-Sale-Disposable-Vape-150x150.webp",150,150,true],"medium":["https:\/\/vapehosale.com\/wp-content\/uploads\/2026\/04\/UZY-Crystal-Star-60000-Puffs-Europe-Top-Sale-Disposable-Vape-300x300.webp",300,300,true],"medium_large":["https:\/\/vapehosale.com\/wp-content\/uploads\/2026\/04\/UZY-Crystal-Star-60000-Puffs-Europe-Top-Sale-Disposable-Vape-768x768.webp",768,768,true],"large":["https:\/\/vapehosale.com\/wp-content\/uploads\/2026\/04\/UZY-Crystal-Star-60000-Puffs-Europe-Top-Sale-Disposable-Vape-1024x1024.webp",1024,1024,true],"1536x1536":["https:\/\/vapehosale.com\/wp-content\/uploads\/2026\/04\/UZY-Crystal-Star-60000-Puffs-Europe-Top-Sale-Disposable-Vape-1536x1536.webp",1536,1536,true],"2048x2048":["https:\/\/vapehosale.com\/wp-content\/uploads\/2026\/04\/UZY-Crystal-Star-60000-Puffs-Europe-Top-Sale-Disposable-Vape-2048x2048.webp",2048,2048,true],"trp-custom-language-flag":["https:\/\/vapehosale.com\/wp-content\/uploads\/2026\/04\/UZY-Crystal-Star-60000-Puffs-Europe-Top-Sale-Disposable-Vape-12x12.webp",12,12,true],"woocommerce_thumbnail":["https:\/\/vapehosale.com\/wp-content\/uploads\/2026\/04\/UZY-Crystal-Star-60000-Puffs-Europe-Top-Sale-Disposable-Vape-300x300.webp",300,300,true],"woocommerce_single":["https:\/\/vapehosale.com\/wp-content\/uploads\/2026\/04\/UZY-Crystal-Star-60000-Puffs-Europe-Top-Sale-Disposable-Vape-600x600.webp",600,600,true],"woocommerce_gallery_thumbnail":["https:\/\/vapehosale.com\/wp-content\/uploads\/2026\/04\/UZY-Crystal-Star-60000-Puffs-Europe-Top-Sale-Disposable-Vape-100x100.webp",100,100,true],"wcpr-photo-reviews":["https:\/\/vapehosale.com\/wp-content\/uploads\/2026\/04\/UZY-Crystal-Star-60000-Puffs-Europe-Top-Sale-Disposable-Vape-scaled.webp",500,500,false]},"uagb_author_info":{"display_name":"Vicky hosale","author_link":"https:\/\/vapehosale.com\/et\/author\/"},"uagb_comment_info":0,"uagb_excerpt":"UZY Crystal Star 60K Vape delivers 60,000 puffs from 40ml e-liquid with a 650mAh rechargeable battery. Quad Mesh Coil (0.9ohm) enhances flavor. LED screen shows juice and power. Crystal design. 12 flavors. Nicotine 2% and 5% (website price not include shipping cost) MOQ:50pcs , contact vicky for vozol wholesale catalog now &nbsp;","_links":{"self":[{"href":"https:\/\/vapehosale.com\/et\/wp-json\/wp\/v2\/product\/6610","targetHints":{"allow":["GET"]}}],"collection":[{"href":"https:\/\/vapehosale.com\/et\/wp-json\/wp\/v2\/product"}],"about":[{"href":"https:\/\/vapehosale.com\/et\/wp-json\/wp\/v2\/types\/product"}],"replies":[{"embeddable":true,"href":"https:\/\/vapehosale.com\/et\/wp-json\/wp\/v2\/comments?post=6610"}],"wp:featuredmedia":[{"embeddable":true,"href":"https:\/\/vapehosale.com\/et\/wp-json\/wp\/v2\/media\/6598"}],"wp:attachment":[{"href":"https:\/\/vapehosale.com\/et\/wp-json\/wp\/v2\/media?parent=6610"}],"wp:term":[{"taxonomy":"product_cat","embeddable":true,"href":"https:\/\/vapehosale.com\/et\/wp-json\/wp\/v2\/product_cat?post=6610"},{"taxonomy":"product_tag","embeddable":true,"href":"https:\/\/vapehosale.com\/et\/wp-json\/wp\/v2\/product_tag?post=6610"}],"curies":[{"name":"wp","href":"https:\/\/api.w.org\/{rel}","templated":true}]}}